{"id":49728,"date":"2023-11-24T13:04:35","date_gmt":"2023-11-24T12:04:35","guid":{"rendered":"https:\/\/somllavors.com\/?post_type=product&#038;p=49728"},"modified":"2025-12-17T10:51:16","modified_gmt":"2025-12-17T09:51:16","slug":"casc-cavall-crazy-safety-timbre-candau-de-regal","status":"publish","type":"product","link":"https:\/\/somllavors.com\/es\/producte\/casc-cavall-crazy-safety-timbre-candau-de-regal","title":{"rendered":"Casc Cavall &#8211; Crazy Safety"},"content":{"rendered":"<p><strong>Dissenyat per a infants<\/strong><br \/>\nCansat de recordar a les teves criatures que es posin el casc? Aix\u00f2 ja no tornar\u00e0 a ser un problema amb el casc de bici per a infants de Cavall Crazy Safety, perqu\u00e8 \u00e9s&#8230; Dif\u00edcil d&#8217;oblidar! Amb els seus originals dissenys d&#8217;animals, els cascs de seguretat de Crazy Safety s\u00f3n m\u00e9s que una simple protecci\u00f3 pel cap, s\u00f3n un personatge \u00fanic que s&#8217;uneix al viatge dels infants, permetent expressar-se alhora que protegeixen els seus caps. No els faran servir perqu\u00e8 ho hagin de fer, els faran servir perqu\u00e8 volen fer-ho!<\/p>\n<p><strong>La seguretat tamb\u00e9 pot ser divertida<\/strong><br \/>\nLa nostra missi\u00f3 \u00e9s combinar disseny i seguretat de la manera m\u00e9s original i divertida possible. Amb m\u00e9s d&#8217;1 mili\u00f3 de cascos de Crazy Safety venuts al m\u00f3n, s&#8217;han guanyat la confian\u00e7a de milers de fam\u00edlies ajudant-les a mantenir les seves petites assegurances i amb estil. Els cascs Crazy Safety estan dissenyats per ser el primer casc de bicicleta de l&#8217;infant. Aix\u00f2 \u00e9s molt important ja que els bons h\u00e0bits comencen a una edat primerenca.<\/p>\n<p><strong>Doneu-los un avantatge en seguretat amb un casc atractiu<\/strong><br \/>\nEls cascs Crazy Safety s\u00f3n adequats per a nens de 2 a 7 anys. Tots els cascs estan fabricats amb escuma EPS lleugera d&#8217;alta qualitat. Grand\u00e0ria ajustable amb el sistema d&#8217;ajust intern que canvia la mida del casc de 49cm a 55cm. La llum LED vermella de seguretat amb 3 funcions est\u00e0 incorporada al sistema d&#8217;ajust intern amb una roda girat\u00f2ria, i la pila \u00e9s f\u00e0cil de canviar. 6 grans orificis de ventilaci\u00f3 a la part davantera, superior i posterior proporcionen un bon flux daire. Tots els cascos v\u00e9nen amb una llum, un coixinet protector per a la barbeta, les corretges de color a joc i coixinets interiors extra\u00efbles i rentables. Els cascs d&#8217;animals Crazy Safety s\u00f3n ideals per anar amb bicicleta, monopat\u00ed, patinet, bici d&#8217;equilibri i patins.<\/p>\n<p><strong>La seguretat \u00e9s el primer<\/strong><br \/>\nEls cascs Crazy Safety compleixen totes les normes de seguretat. Els cascs per a animals Crazy Safety tenen un disseny \u00fanic patentat que ha superat rigoroses proves de seguretat i compleixen amb les normatives i est\u00e0ndards de seguretat EN 1078: 2012 + A1: 2012. Per a m\u00e9s seguretat, hi ha una llum LED vermella integrada a la part posterior .<\/p>\n<p><strong>Informaci\u00f3 \u00datil<\/strong><br \/>\nLa mida del cap dels infants pot variar molt. Per a un ajustament millor i m\u00e9s segur, mesura la circumfer\u00e8ncia del cap de l&#8217;infant abans de comprar-lo.<\/p>\n<p><strong>Guia per mesurar el cap de l&#8217;infant<\/strong><\/p>\n<ul>\n<li>Col\u00b7loca&#8217;l dret, amb el cap mirant cap endavant.<\/li>\n<li>Localitza la part m\u00e9s ampla del cap, just a sobre de les celles<\/li>\n<li>Col\u00b7loca una cinta m\u00e8trica al voltant del cap, mantingues-la al mateix nivell per mesurar la circumfer\u00e8ncia.<\/li>\n<li>Comprova les mides a cm. Si la mida est\u00e0 entre 49-55cm El casc us quedar\u00e0 b\u00e9!<\/li>\n<\/ul>\n<p><strong>Detalls del producte<\/strong><\/p>\n<ul>\n<li>Origen: Dissenyat i desenvolupat a Dinamarca, fabricat a la RPC i (patentat) a tot el m\u00f3n.<\/li>\n<li>Seguretat: Provat i certificat segons les normes de seguretat EN 1078: 2012 + A1: 2012<\/li>\n<li>Material: Carcassa de policarbonat emmotllat\/escuma EPS protectora<\/li>\n<li>Pes: 280-350 grams &#8211; Casc lleuger<\/li>\n<li>Ventilaci\u00f3: 6 grans orificis de ventilaci\u00f3<\/li>\n<li>Manteniment: Coixinets interiors desmuntables i rentables<\/li>\n<li>Caracter\u00edstiques addicionals: Llum LED vermella amb 3 funcions. Pila de bot\u00f3 intercanviable CR2032<\/li>\n<li>Talla: Per\u00edmetre del cap 49-55cm.<\/li>\n<\/ul>\n","protected":false},"excerpt":{"rendered":"<p>Ofereix a les teves criatures un avantatge amb el casc que mai no s&#8217;oblidaran.<\/p>\n<ul>\n<li>Per a infants de 2 a 7 anys o 49-55cm de per\u00edmetre.<\/li>\n<li>Seguretat extra amb la llum LED amb 3 modes.<\/li>\n<li>Amb certificat de seguretat homologada.<\/li>\n<\/ul>\n<p>PROMOCI\u00d3 DE BENVINGUDA! AMB LA COMPRA D&#8217;UN CASC, ET REGALEM UN TIMBRE I UN CANDAU!<\/p>\n","protected":false},"featured_media":49693,"template":"","meta":{"_acf_changed":false,"site-sidebar-layout":"default","site-content-layout":"default","ast-site-content-layout":"default","site-content-style":"default","site-sidebar-style":"default","ast-global-header-display":"","ast-banner-title-visibility":"","ast-main-header-display":"","ast-hfb-above-header-display":"","ast-hfb-below-header-display":"","ast-hfb-mobile-header-display":"","site-post-title":"","ast-breadcrumbs-content":"","ast-featured-img":"","footer-sml-layout":"","ast-disable-related-posts":"","theme-transparent-header-meta":"default","adv-header-id-meta":"","stick-header-meta":"","header-above-stick-meta":"","header-main-stick-meta":"","header-below-stick-meta":"","astra-migrate-meta-layouts":"set","ast-page-background-enabled":"default","ast-page-background-meta":{"desktop":{"background-color":"","background-image":"","background-repeat":"repeat","background-position":"center center","background-size":"auto","background-attachment":"scroll","background-type":"","background-media":"","overlay-type":"","overlay-color":"","overlay-opacity":"","overlay-gradient":""},"tablet":{"background-color":"","background-image":"","background-repeat":"repeat","background-position":"center center","background-size":"auto","background-attachment":"scroll","background-type":"","background-media":"","overlay-type":"","overlay-color":"","overlay-opacity":"","overlay-gradient":""},"mobile":{"background-color":"","background-image":"","background-repeat":"repeat","background-position":"center center","background-size":"auto","background-attachment":"scroll","background-type":"","background-media":"","overlay-type":"","overlay-color":"","overlay-opacity":"","overlay-gradient":""}},"ast-content-background-meta":{"desktop":{"background-color":"var(--ast-global-color-5)","background-image":"","background-repeat":"repeat","background-position":"center center","background-size":"auto","background-attachment":"scroll","background-type":"","background-media":"","overlay-type":"","overlay-color":"","overlay-opacity":"","overlay-gradient":""},"tablet":{"background-color":"var(--ast-global-color-5)","background-image":"","background-repeat":"repeat","background-position":"center center","background-size":"auto","background-attachment":"scroll","background-type":"","background-media":"","overlay-type":"","overlay-color":"","overlay-opacity":"","overlay-gradient":""},"mobile":{"background-color":"var(--ast-global-color-5)","background-image":"","background-repeat":"repeat","background-position":"center center","background-size":"auto","background-attachment":"scroll","background-type":"","background-media":"","overlay-type":"","overlay-color":"","overlay-opacity":"","overlay-gradient":""}}},"pwb-brand":[4487],"product_brand":[],"product_cat":[4489],"product_tag":[4495,4496,4492,4490,4494,4493,4491],"class_list":{"0":"post-49728","1":"product","2":"type-product","3":"status-publish","4":"has-post-thumbnail","6":"pwb-brand-crazy_safety","7":"product_cat-accessoris-3","8":"product_tag-casc","9":"product_tag-casco","10":"product_tag-casco-homolgado","11":"product_tag-crazy-safety","12":"product_tag-llum-led","13":"product_tag-luz-led","14":"product_tag-seguridad","15":"desktop-align-left","16":"tablet-align-left","17":"mobile-align-left","19":"first","20":"instock","21":"sale","22":"taxable","23":"shipping-taxable","24":"purchasable","25":"product-type-simple"},"acf":[],"yoast_head":"<!-- This site is optimized with the Yoast SEO Premium plugin v18.3 (Yoast SEO v27.4) - https:\/\/yoast.com\/product\/yoast-seo-premium-wordpress\/ -->\n<title>Casc Cavall - Crazy Safety &#8212; Som Llavors<\/title>\n<meta name=\"description\" content=\"Ofereix a les teves criatures un avantatge amb el casc que mai no s&#039;oblidaran.   Per a infants de 2 a 7 anys o 49-55cm de per\u00edmetre.  Seguretat extra amb la llum LED amb 3 modes.  Amb certificat de seguretat homologada.  PROMOCI\u00d3 DE BENVINGUDA! AMB LA COMPRA D&#039;UN CASC, ET REGALEM UN TIMBRE I UN CANDAU!\" \/>\n<meta name=\"robots\" content=\"index, follow, max-snippet:-1, max-image-preview:large, max-video-preview:-1\" \/>\n<link rel=\"canonical\" href=\"https:\/\/somllavors.com\/es\/producte\/casc-cavall-crazy-safety-timbre-candau-de-regal\" \/>\n<meta property=\"og:locale\" content=\"es_ES\" \/>\n<meta property=\"og:type\" content=\"article\" \/>\n<meta property=\"og:title\" content=\"Casc Cavall - Crazy Safety\" \/>\n<meta property=\"og:description\" content=\"La teva botiga d\u2019ecocrian\u00e7a i espai d\u2019acompanyament a la maternitat\" \/>\n<meta property=\"og:url\" content=\"https:\/\/somllavors.com\/es\/producte\/casc-cavall-crazy-safety-timbre-candau-de-regal\" \/>\n<meta property=\"og:site_name\" content=\"Som Llavors\" \/>\n<meta property=\"article:publisher\" content=\"https:\/\/www.facebook.com\/somllavorsvng\/?locale=ca_ES\" \/>\n<meta property=\"article:modified_time\" content=\"2025-12-17T09:51:16+00:00\" \/>\n<meta property=\"og:image\" content=\"https:\/\/somllavors.com\/wp-content\/uploads\/2023\/11\/100901-03-01_Crazy-Safety_Animal_Helmets_Purple_Pony_2.jpg\" \/>\n\t<meta property=\"og:image:width\" content=\"600\" \/>\n\t<meta property=\"og:image:height\" content=\"600\" \/>\n\t<meta property=\"og:image:type\" content=\"image\/jpeg\" \/>\n<meta name=\"twitter:card\" content=\"summary_large_image\" \/>\n<meta name=\"twitter:label1\" content=\"Precio\" \/>\n\t<meta name=\"twitter:data1\" content=\"59,95&euro; El precio original era: 59,95&euro;.49,95&euro;El precio actual es: 49,95&euro;. Iva incl\u00f2s\" \/>\n\t<meta name=\"twitter:label2\" content=\"Availability\" \/>\n\t<meta name=\"twitter:data2\" content=\"Hay existencias\" \/>\n<script type=\"application\/ld+json\" class=\"yoast-schema-graph\">{\"@context\":\"https:\\\/\\\/schema.org\",\"@graph\":[{\"@type\":\"WebPage\",\"@id\":\"https:\\\/\\\/somllavors.com\\\/es\\\/producte\\\/casc-cavall-crazy-safety-timbre-candau-de-regal\",\"url\":\"https:\\\/\\\/somllavors.com\\\/es\\\/producte\\\/casc-cavall-crazy-safety-timbre-candau-de-regal\",\"name\":\"Casc Cavall - Crazy Safety &#8212; Som Llavors\",\"isPartOf\":{\"@id\":\"https:\\\/\\\/somllavors.com\\\/es#website\"},\"primaryImageOfPage\":{\"@id\":\"https:\\\/\\\/somllavors.com\\\/es\\\/producte\\\/casc-cavall-crazy-safety-timbre-candau-de-regal#primaryimage\"},\"image\":{\"@id\":\"https:\\\/\\\/somllavors.com\\\/es\\\/producte\\\/casc-cavall-crazy-safety-timbre-candau-de-regal#primaryimage\"},\"thumbnailUrl\":\"https:\\\/\\\/somllavors.com\\\/wp-content\\\/uploads\\\/2023\\\/11\\\/100901-03-01_Crazy-Safety_Animal_Helmets_Purple_Pony_2.jpg\",\"datePublished\":\"2023-11-24T12:04:35+00:00\",\"dateModified\":\"2025-12-17T09:51:16+00:00\",\"description\":\"Ofereix a les teves criatures un avantatge amb el casc que mai no s'oblidaran. Per a infants de 2 a 7 anys o 49-55cm de per\u00edmetre. Seguretat extra amb la llum LED amb 3 modes. Amb certificat de seguretat homologada. PROMOCI\u00d3 DE BENVINGUDA! AMB LA COMPRA D'UN CASC, ET REGALEM UN TIMBRE I UN CANDAU!\",\"breadcrumb\":{\"@id\":\"https:\\\/\\\/somllavors.com\\\/es\\\/producte\\\/casc-cavall-crazy-safety-timbre-candau-de-regal#breadcrumb\"},\"inLanguage\":\"es\",\"potentialAction\":[{\"@type\":\"ReadAction\",\"target\":[\"https:\\\/\\\/somllavors.com\\\/es\\\/producte\\\/casc-cavall-crazy-safety-timbre-candau-de-regal\"]}]},{\"@type\":\"ImageObject\",\"inLanguage\":\"es\",\"@id\":\"https:\\\/\\\/somllavors.com\\\/es\\\/producte\\\/casc-cavall-crazy-safety-timbre-candau-de-regal#primaryimage\",\"url\":\"https:\\\/\\\/somllavors.com\\\/wp-content\\\/uploads\\\/2023\\\/11\\\/100901-03-01_Crazy-Safety_Animal_Helmets_Purple_Pony_2.jpg\",\"contentUrl\":\"https:\\\/\\\/somllavors.com\\\/wp-content\\\/uploads\\\/2023\\\/11\\\/100901-03-01_Crazy-Safety_Animal_Helmets_Purple_Pony_2.jpg\",\"width\":600,\"height\":600,\"caption\":\"casc crazy safety\"},{\"@type\":\"BreadcrumbList\",\"@id\":\"https:\\\/\\\/somllavors.com\\\/es\\\/producte\\\/casc-cavall-crazy-safety-timbre-candau-de-regal#breadcrumb\",\"itemListElement\":[{\"@type\":\"ListItem\",\"position\":1,\"name\":\"Inici\",\"item\":\"https:\\\/\\\/somllavors.com\\\/es\"},{\"@type\":\"ListItem\",\"position\":2,\"name\":\"Tienda\",\"item\":\"https:\\\/\\\/somllavors.com\\\/es\\\/botiga-2\"},{\"@type\":\"ListItem\",\"position\":3,\"name\":\"Casc Cavall &#8211; Crazy Safety\"}]},{\"@type\":\"WebSite\",\"@id\":\"https:\\\/\\\/somllavors.com\\\/es#website\",\"url\":\"https:\\\/\\\/somllavors.com\\\/es\",\"name\":\"Som Llavors\",\"description\":\"Botiga de crian\u00e7a natural\",\"publisher\":{\"@id\":\"https:\\\/\\\/somllavors.com\\\/es#organization\"},\"alternateName\":\"Crian\u00e7a Natural i Sostenible\",\"potentialAction\":[{\"@type\":\"SearchAction\",\"target\":{\"@type\":\"EntryPoint\",\"urlTemplate\":\"https:\\\/\\\/somllavors.com\\\/es?s={search_term_string}\"},\"query-input\":{\"@type\":\"PropertyValueSpecification\",\"valueRequired\":true,\"valueName\":\"search_term_string\"}}],\"inLanguage\":\"es\"},{\"@type\":[\"Organization\",\"Place\",\"Store\"],\"@id\":\"https:\\\/\\\/somllavors.com\\\/es#organization\",\"name\":\"Som Llavors\",\"alternateName\":\"Crian\u00e7a Natural i Sostenible\",\"url\":\"https:\\\/\\\/somllavors.com\\\/es\",\"logo\":{\"@id\":\"https:\\\/\\\/somllavors.com\\\/es\\\/producte\\\/casc-cavall-crazy-safety-timbre-candau-de-regal#local-main-organization-logo\"},\"image\":{\"@id\":\"https:\\\/\\\/somllavors.com\\\/es\\\/producte\\\/casc-cavall-crazy-safety-timbre-candau-de-regal#local-main-organization-logo\"},\"sameAs\":[\"https:\\\/\\\/www.facebook.com\\\/somllavorsvng\\\/?locale=ca_ES\",\"https:\\\/\\\/www.instagram.com\\\/somllavors_vng\\\/\",\"https:\\\/\\\/www.youtube.com\\\/@somllavors\"],\"address\":{\"@id\":\"https:\\\/\\\/somllavors.com\\\/es\\\/producte\\\/casc-cavall-crazy-safety-timbre-candau-de-regal#local-main-place-address\"},\"geo\":{\"@type\":\"GeoCoordinates\",\"latitude\":\"41.2257737\",\"longitude\":\"1.723258859\"},\"telephone\":[\"623152704\"],\"openingHoursSpecification\":[{\"@type\":\"OpeningHoursSpecification\",\"dayOfWeek\":[\"Monday\",\"Sunday\"],\"opens\":\"00:00\",\"closes\":\"00:00\"},{\"@type\":\"OpeningHoursSpecification\",\"dayOfWeek\":[\"Tuesday\",\"Wednesday\",\"Thursday\",\"Friday\"],\"opens\":\"10:00\",\"closes\":\"20:00\"},{\"@type\":\"OpeningHoursSpecification\",\"dayOfWeek\":[\"Saturday\"],\"opens\":\"10:00\",\"closes\":\"13:30\"}],\"email\":\"info@somllavors.com\"},{\"@type\":\"PostalAddress\",\"@id\":\"https:\\\/\\\/somllavors.com\\\/es\\\/producte\\\/casc-cavall-crazy-safety-timbre-candau-de-regal#local-main-place-address\",\"streetAddress\":\"Carrer de l'aigua, 6\",\"addressLocality\":\"Vilanova i la Geltr\u00fa\",\"postalCode\":\"08800\",\"addressRegion\":\"Barcelona\",\"addressCountry\":\"ES\"},{\"@type\":\"ImageObject\",\"inLanguage\":\"es\",\"@id\":\"https:\\\/\\\/somllavors.com\\\/es\\\/producte\\\/casc-cavall-crazy-safety-timbre-candau-de-regal#local-main-organization-logo\",\"url\":\"https:\\\/\\\/somllavors.com\\\/wp-content\\\/uploads\\\/Logotip-Som-Llavors.jpg\",\"contentUrl\":\"https:\\\/\\\/somllavors.com\\\/wp-content\\\/uploads\\\/Logotip-Som-Llavors.jpg\",\"width\":1444,\"height\":1323,\"caption\":\"Som Llavors\"}]}<\/script>\n<meta property=\"product:price:amount\" content=\"49.95\" \/>\n<meta property=\"product:price:currency\" content=\"EUR\" \/>\n<meta property=\"og:availability\" content=\"instock\" \/>\n<meta property=\"product:availability\" content=\"instock\" \/>\n<meta property=\"product:retailer_item_id\" content=\"100901-03\" \/>\n<meta property=\"product:condition\" content=\"new\" \/>\n<meta name=\"geo.placename\" content=\"Vilanova i la Geltr\u00fa\" \/>\n<meta name=\"geo.position\" content=\"41.2257737;1.723258859\" \/>\n<meta name=\"geo.region\" content=\"Espa\u00f1a\" \/>\n<!-- \/ Yoast SEO Premium plugin. -->","yoast_head_json":{"title":"Casc Cavall - Crazy Safety &#8212; Som Llavors","description":"Ofereix a les teves criatures un avantatge amb el casc que mai no s'oblidaran.   Per a infants de 2 a 7 anys o 49-55cm de per\u00edmetre.  Seguretat extra amb la llum LED amb 3 modes.  Amb certificat de seguretat homologada.  PROMOCI\u00d3 DE BENVINGUDA! AMB LA COMPRA D'UN CASC, ET REGALEM UN TIMBRE I UN CANDAU!","robots":{"index":"index","follow":"follow","max-snippet":"max-snippet:-1","max-image-preview":"max-image-preview:large","max-video-preview":"max-video-preview:-1"},"canonical":"https:\/\/somllavors.com\/es\/producte\/casc-cavall-crazy-safety-timbre-candau-de-regal","og_locale":"es_ES","og_type":"article","og_title":"Casc Cavall - Crazy Safety","og_description":"La teva botiga d\u2019ecocrian\u00e7a i espai d\u2019acompanyament a la maternitat","og_url":"https:\/\/somllavors.com\/es\/producte\/casc-cavall-crazy-safety-timbre-candau-de-regal","og_site_name":"Som Llavors","article_publisher":"https:\/\/www.facebook.com\/somllavorsvng\/?locale=ca_ES","article_modified_time":"2025-12-17T09:51:16+00:00","og_image":[{"width":600,"height":600,"url":"https:\/\/somllavors.com\/wp-content\/uploads\/2023\/11\/100901-03-01_Crazy-Safety_Animal_Helmets_Purple_Pony_2.jpg","type":"image\/jpeg"}],"twitter_card":"summary_large_image","twitter_misc":{"Precio":"59,95&euro; El precio original era: 59,95&euro;.49,95&euro;El precio actual es: 49,95&euro;. Iva incl\u00f2s","Availability":"Hay existencias"},"schema":{"@context":"https:\/\/schema.org","@graph":[{"@type":"WebPage","@id":"https:\/\/somllavors.com\/es\/producte\/casc-cavall-crazy-safety-timbre-candau-de-regal","url":"https:\/\/somllavors.com\/es\/producte\/casc-cavall-crazy-safety-timbre-candau-de-regal","name":"Casc Cavall - Crazy Safety &#8212; Som Llavors","isPartOf":{"@id":"https:\/\/somllavors.com\/es#website"},"primaryImageOfPage":{"@id":"https:\/\/somllavors.com\/es\/producte\/casc-cavall-crazy-safety-timbre-candau-de-regal#primaryimage"},"image":{"@id":"https:\/\/somllavors.com\/es\/producte\/casc-cavall-crazy-safety-timbre-candau-de-regal#primaryimage"},"thumbnailUrl":"https:\/\/somllavors.com\/wp-content\/uploads\/2023\/11\/100901-03-01_Crazy-Safety_Animal_Helmets_Purple_Pony_2.jpg","datePublished":"2023-11-24T12:04:35+00:00","dateModified":"2025-12-17T09:51:16+00:00","description":"Ofereix a les teves criatures un avantatge amb el casc que mai no s'oblidaran. Per a infants de 2 a 7 anys o 49-55cm de per\u00edmetre. Seguretat extra amb la llum LED amb 3 modes. Amb certificat de seguretat homologada. PROMOCI\u00d3 DE BENVINGUDA! AMB LA COMPRA D'UN CASC, ET REGALEM UN TIMBRE I UN CANDAU!","breadcrumb":{"@id":"https:\/\/somllavors.com\/es\/producte\/casc-cavall-crazy-safety-timbre-candau-de-regal#breadcrumb"},"inLanguage":"es","potentialAction":[{"@type":"ReadAction","target":["https:\/\/somllavors.com\/es\/producte\/casc-cavall-crazy-safety-timbre-candau-de-regal"]}]},{"@type":"ImageObject","inLanguage":"es","@id":"https:\/\/somllavors.com\/es\/producte\/casc-cavall-crazy-safety-timbre-candau-de-regal#primaryimage","url":"https:\/\/somllavors.com\/wp-content\/uploads\/2023\/11\/100901-03-01_Crazy-Safety_Animal_Helmets_Purple_Pony_2.jpg","contentUrl":"https:\/\/somllavors.com\/wp-content\/uploads\/2023\/11\/100901-03-01_Crazy-Safety_Animal_Helmets_Purple_Pony_2.jpg","width":600,"height":600,"caption":"casc crazy safety"},{"@type":"BreadcrumbList","@id":"https:\/\/somllavors.com\/es\/producte\/casc-cavall-crazy-safety-timbre-candau-de-regal#breadcrumb","itemListElement":[{"@type":"ListItem","position":1,"name":"Inici","item":"https:\/\/somllavors.com\/es"},{"@type":"ListItem","position":2,"name":"Tienda","item":"https:\/\/somllavors.com\/es\/botiga-2"},{"@type":"ListItem","position":3,"name":"Casc Cavall &#8211; Crazy Safety"}]},{"@type":"WebSite","@id":"https:\/\/somllavors.com\/es#website","url":"https:\/\/somllavors.com\/es","name":"Som Llavors","description":"Botiga de crian\u00e7a natural","publisher":{"@id":"https:\/\/somllavors.com\/es#organization"},"alternateName":"Crian\u00e7a Natural i Sostenible","potentialAction":[{"@type":"SearchAction","target":{"@type":"EntryPoint","urlTemplate":"https:\/\/somllavors.com\/es?s={search_term_string}"},"query-input":{"@type":"PropertyValueSpecification","valueRequired":true,"valueName":"search_term_string"}}],"inLanguage":"es"},{"@type":["Organization","Place","Store"],"@id":"https:\/\/somllavors.com\/es#organization","name":"Som Llavors","alternateName":"Crian\u00e7a Natural i Sostenible","url":"https:\/\/somllavors.com\/es","logo":{"@id":"https:\/\/somllavors.com\/es\/producte\/casc-cavall-crazy-safety-timbre-candau-de-regal#local-main-organization-logo"},"image":{"@id":"https:\/\/somllavors.com\/es\/producte\/casc-cavall-crazy-safety-timbre-candau-de-regal#local-main-organization-logo"},"sameAs":["https:\/\/www.facebook.com\/somllavorsvng\/?locale=ca_ES","https:\/\/www.instagram.com\/somllavors_vng\/","https:\/\/www.youtube.com\/@somllavors"],"address":{"@id":"https:\/\/somllavors.com\/es\/producte\/casc-cavall-crazy-safety-timbre-candau-de-regal#local-main-place-address"},"geo":{"@type":"GeoCoordinates","latitude":"41.2257737","longitude":"1.723258859"},"telephone":["623152704","623152704"],"openingHoursSpecification":[{"@type":"OpeningHoursSpecification","dayOfWeek":["Monday","Sunday"],"opens":"00:00","closes":"00:00"},{"@type":"OpeningHoursSpecification","dayOfWeek":["Tuesday","Wednesday","Thursday","Friday"],"opens":"10:00","closes":"20:00"},{"@type":"OpeningHoursSpecification","dayOfWeek":["Saturday"],"opens":"10:00","closes":"13:30"}],"email":"info@somllavors.com"},{"@type":"PostalAddress","@id":"https:\/\/somllavors.com\/es\/producte\/casc-cavall-crazy-safety-timbre-candau-de-regal#local-main-place-address","streetAddress":"Carrer de l'aigua, 6","addressLocality":"Vilanova i la Geltr\u00fa","postalCode":"08800","addressRegion":"Barcelona","addressCountry":"ES"},{"@type":"ImageObject","inLanguage":"es","@id":"https:\/\/somllavors.com\/es\/producte\/casc-cavall-crazy-safety-timbre-candau-de-regal#local-main-organization-logo","url":"https:\/\/somllavors.com\/wp-content\/uploads\/Logotip-Som-Llavors.jpg","contentUrl":"https:\/\/somllavors.com\/wp-content\/uploads\/Logotip-Som-Llavors.jpg","width":1444,"height":1323,"caption":"Som Llavors"}]},"product_price_amount":"49.95","product_price_currency":"EUR","og_availability":"instock","product_availability":"instock","product_retailer_item_id":"100901-03","product_condition":"new","geo.placename":"Vilanova i la Geltr\u00fa","geo.position":{"lat":"41.2257737","long":"1.723258859"},"geo.region":"Espa\u00f1a"},"brands":[{"id":4487,"name":"Crazy Safety","slug":"crazy_safety"}],"_links":{"self":[{"href":"https:\/\/somllavors.com\/es\/wp-json\/wp\/v2\/product\/49728","targetHints":{"allow":["GET"]}}],"collection":[{"href":"https:\/\/somllavors.com\/es\/wp-json\/wp\/v2\/product"}],"about":[{"href":"https:\/\/somllavors.com\/es\/wp-json\/wp\/v2\/types\/product"}],"wp:featuredmedia":[{"embeddable":true,"href":"https:\/\/somllavors.com\/es\/wp-json\/wp\/v2\/media\/49693"}],"wp:attachment":[{"href":"https:\/\/somllavors.com\/es\/wp-json\/wp\/v2\/media?parent=49728"}],"wp:term":[{"taxonomy":"pwb-brand","embeddable":true,"href":"https:\/\/somllavors.com\/es\/wp-json\/wp\/v2\/pwb-brand?post=49728"},{"taxonomy":"product_brand","embeddable":true,"href":"https:\/\/somllavors.com\/es\/wp-json\/wp\/v2\/product_brand?post=49728"},{"taxonomy":"product_cat","embeddable":true,"href":"https:\/\/somllavors.com\/es\/wp-json\/wp\/v2\/product_cat?post=49728"},{"taxonomy":"product_tag","embeddable":true,"href":"https:\/\/somllavors.com\/es\/wp-json\/wp\/v2\/product_tag?post=49728"}],"curies":[{"name":"wp","href":"https:\/\/api.w.org\/{rel}","templated":true}]}}