{"id":49831,"date":"2023-11-29T10:16:31","date_gmt":"2023-11-29T09:16:31","guid":{"rendered":"https:\/\/somllavors.com\/?post_type=product&#038;p=49831"},"modified":"2026-02-11T22:58:05","modified_gmt":"2026-02-11T21:58:05","slug":"banyera-flexi-bath-transparent-blue-stokke","status":"publish","type":"product","link":"https:\/\/somllavors.com\/es\/producte\/banyera-flexi-bath-transparent-blue-stokke","title":{"rendered":"Ba\u00f1era Flexi Bath\u00ae Ocean Blue &#8211; Stokke\u00ae"},"content":{"rendered":"<h2>La banyera plegable per a nad\u00f3.<\/h2>\n<p>Stokke\u00ae Flexi Bath\u00ae \u00e9s una banyera plegable de nad\u00f3 que es pot fer servir des del naixement fins als quatre anys. El seu disseny compacte facilita el desament i en permet l&#8217;\u00fas tant a casa com quan es viatja. Comparteix el moment del bany all\u00e0 on s&#8217;estengui. El suport opcional per a nadons de Stokke\u00ae Flexi Bath\u00ae proporciona confort addicional als m\u00e9s petits. Stokke sempre s&#8217;esfor\u00e7a per millorar els productes. Per aix\u00f2 us ofereix un tap de drenatge termosensible. El tap funciona canviant de color a mesura que l&#8217;aigua s&#8217;escalfa, avisant els pares visualment que la temperatura de l&#8217;aigua est\u00e0 pujant i s&#8217;ha de verificar. Tingues en compte que el tap no \u00e9s un term\u00f2metre. Comprova sempre la temperatura de l&#8217;aigua amb la m\u00e0 per assegurar-te que sigui l&#8217;adequada per a la comoditat i seguretat del nad\u00f3. Davant del dubte, utilitza un term\u00f2metre homologat per mesurar la temperatura amb m\u00e9s precisi\u00f3.<\/p>\n<p>&nbsp;<\/p>\n<ul>\n<li>Exclusiu sistema de plegat que en facilita el transport i estalvia espai.<\/li>\n<li>Lleugera.<\/li>\n<li>El premiat disseny del suport per a nadons de Stokke\u00ae Flexi Bath\u00ae brinda una ergonomia \u00f2ptima i permet utilitzar la banyera des del naixement.<\/li>\n<\/ul>\n","protected":false},"excerpt":{"rendered":"<h3>Stokke Flexi Bath, la millor banyera plegable per a nad\u00f3.<\/h3>\n<h3><\/h3>\n<ul>\n<li>Adequada per a nadons i nens de fins a quatre anys<\/li>\n<li>Una banyera infantil lleugera i port\u00e0til que es plega fins a quedar plana<\/li>\n<li>Amb base antilliscant i tap termosensible<\/li>\n<li>L&#8217;accessori opcional per a nadons, Flexi Bath\u00ae Newborn Support, proporciona al nounat un suport ergon\u00f2mic per a m\u00e9s comoditat<\/li>\n<li>Disseny guardonat<\/li>\n<\/ul>\n","protected":false},"featured_media":82928,"template":"","meta":{"_acf_changed":false,"site-sidebar-layout":"default","site-content-layout":"default","ast-site-content-layout":"default","site-content-style":"default","site-sidebar-style":"default","ast-global-header-display":"","ast-banner-title-visibility":"","ast-main-header-display":"","ast-hfb-above-header-display":"","ast-hfb-below-header-display":"","ast-hfb-mobile-header-display":"","site-post-title":"","ast-breadcrumbs-content":"","ast-featured-img":"","footer-sml-layout":"","theme-transparent-header-meta":"default","adv-header-id-meta":"","stick-header-meta":"","header-above-stick-meta":"","header-main-stick-meta":"","header-below-stick-meta":"","astra-migrate-meta-layouts":"set","ast-page-background-enabled":"default","ast-page-background-meta":{"desktop":{"background-color":"","background-image":"","background-repeat":"repeat","background-position":"center center","background-size":"auto","background-attachment":"scroll","background-type":"","background-media":"","overlay-type":"","overlay-color":"","overlay-opacity":"","overlay-gradient":""},"tablet":{"background-color":"","background-image":"","background-repeat":"repeat","background-position":"center center","background-size":"auto","background-attachment":"scroll","background-type":"","background-media":"","overlay-type":"","overlay-color":"","overlay-opacity":"","overlay-gradient":""},"mobile":{"background-color":"","background-image":"","background-repeat":"repeat","background-position":"center center","background-size":"auto","background-attachment":"scroll","background-type":"","background-media":"","overlay-type":"","overlay-color":"","overlay-opacity":"","overlay-gradient":""}},"ast-content-background-meta":{"desktop":{"background-color":"var(--ast-global-color-5)","background-image":"","background-repeat":"repeat","background-position":"center center","background-size":"auto","background-attachment":"scroll","background-type":"","background-media":"","overlay-type":"","overlay-color":"","overlay-opacity":"","overlay-gradient":""},"tablet":{"background-color":"var(--ast-global-color-5)","background-image":"","background-repeat":"repeat","background-position":"center center","background-size":"auto","background-attachment":"scroll","background-type":"","background-media":"","overlay-type":"","overlay-color":"","overlay-opacity":"","overlay-gradient":""},"mobile":{"background-color":"var(--ast-global-color-5)","background-image":"","background-repeat":"repeat","background-position":"center center","background-size":"auto","background-attachment":"scroll","background-type":"","background-media":"","overlay-type":"","overlay-color":"","overlay-opacity":"","overlay-gradient":""}}},"pwb-brand":[4501],"product_brand":[],"product_cat":[4503,132],"product_tag":[4502],"class_list":{"0":"post-49831","1":"product","2":"type-product","3":"status-publish","4":"has-post-thumbnail","6":"pwb-brand-stokke","7":"product_cat-banyeres","8":"product_cat-lhora-del-bany","9":"product_tag-stokke","10":"desktop-align-left","11":"tablet-align-left","12":"mobile-align-left","14":"first","15":"instock","16":"taxable","17":"shipping-taxable","18":"purchasable","19":"product-type-simple"},"acf":[],"yoast_head":"<!-- This site is optimized with the Yoast SEO Premium plugin v18.3 (Yoast SEO v27.4) - https:\/\/yoast.com\/product\/yoast-seo-premium-wordpress\/ -->\n<title>Ba\u00f1era Flexi Bath\u00ae Ocean Blue - Stokke\u00ae &#8212; Som Llavors<\/title>\n<meta name=\"description\" content=\"Stokke Flexi Bath, la millor banyera plegable per a nad\u00f3.    Adequada per a nadons i nens de fins a quatre anys  Una banyera infantil lleugera i port\u00e0til que es plega fins a quedar plana  Amb base antilliscant i tap termosensible  L&#039;accessori opcional per a nadons, Flexi Bath\u00ae Newborn Support, proporciona al nounat un suport ergon\u00f2mic per a m\u00e9s comoditat  Disseny guardonat\" \/>\n<meta name=\"robots\" content=\"index, follow, max-snippet:-1, max-image-preview:large, max-video-preview:-1\" \/>\n<link rel=\"canonical\" href=\"https:\/\/somllavors.com\/es\/producte\/banyera-flexi-bath-transparent-blue-stokke\" \/>\n<meta property=\"og:locale\" content=\"es_ES\" \/>\n<meta property=\"og:type\" content=\"article\" \/>\n<meta property=\"og:title\" content=\"Ba\u00f1era Flexi Bath\u00ae Ocean Blue - Stokke\u00ae\" \/>\n<meta property=\"og:description\" content=\"La teva botiga d\u2019ecocrian\u00e7a i espai d\u2019acompanyament a la maternitat\" \/>\n<meta property=\"og:url\" content=\"https:\/\/somllavors.com\/es\/producte\/banyera-flexi-bath-transparent-blue-stokke\" \/>\n<meta property=\"og:site_name\" content=\"Som Llavors\" \/>\n<meta property=\"article:publisher\" content=\"https:\/\/www.facebook.com\/somllavorsvng\/?locale=ca_ES\" \/>\n<meta property=\"article:modified_time\" content=\"2026-02-11T21:58:05+00:00\" \/>\n<meta property=\"og:image\" content=\"https:\/\/somllavors.com\/wp-content\/uploads\/2025\/09\/FlexiBath_OceanBlue_231220-3095_eCom.webp\" \/>\n\t<meta property=\"og:image:width\" content=\"938\" \/>\n\t<meta property=\"og:image:height\" content=\"1072\" \/>\n\t<meta property=\"og:image:type\" content=\"image\/webp\" \/>\n<meta name=\"twitter:card\" content=\"summary_large_image\" \/>\n<meta name=\"twitter:label1\" content=\"Precio\" \/>\n\t<meta name=\"twitter:data1\" content=\"49,00&euro; Iva incl\u00f2s\" \/>\n\t<meta name=\"twitter:label2\" content=\"Availability\" \/>\n\t<meta name=\"twitter:data2\" content=\"Hay existencias\" \/>\n<script type=\"application\/ld+json\" class=\"yoast-schema-graph\">{\"@context\":\"https:\\\/\\\/schema.org\",\"@graph\":[{\"@type\":\"WebPage\",\"@id\":\"https:\\\/\\\/somllavors.com\\\/es\\\/producte\\\/banyera-flexi-bath-transparent-blue-stokke\",\"url\":\"https:\\\/\\\/somllavors.com\\\/es\\\/producte\\\/banyera-flexi-bath-transparent-blue-stokke\",\"name\":\"Ba\u00f1era Flexi Bath\u00ae Ocean Blue - Stokke\u00ae &#8212; Som Llavors\",\"isPartOf\":{\"@id\":\"https:\\\/\\\/somllavors.com\\\/es#website\"},\"primaryImageOfPage\":{\"@id\":\"https:\\\/\\\/somllavors.com\\\/es\\\/producte\\\/banyera-flexi-bath-transparent-blue-stokke#primaryimage\"},\"image\":{\"@id\":\"https:\\\/\\\/somllavors.com\\\/es\\\/producte\\\/banyera-flexi-bath-transparent-blue-stokke#primaryimage\"},\"thumbnailUrl\":\"https:\\\/\\\/somllavors.com\\\/wp-content\\\/uploads\\\/2025\\\/09\\\/FlexiBath_OceanBlue_231220-3095_eCom.webp\",\"datePublished\":\"2023-11-29T09:16:31+00:00\",\"dateModified\":\"2026-02-11T21:58:05+00:00\",\"description\":\"Stokke Flexi Bath, la millor banyera plegable per a nad\u00f3. Adequada per a nadons i nens de fins a quatre anys Una banyera infantil lleugera i port\u00e0til que es plega fins a quedar plana Amb base antilliscant i tap termosensible L'accessori opcional per a nadons, Flexi Bath\u00ae Newborn Support, proporciona al nounat un suport ergon\u00f2mic per a m\u00e9s comoditat Disseny guardonat\",\"breadcrumb\":{\"@id\":\"https:\\\/\\\/somllavors.com\\\/es\\\/producte\\\/banyera-flexi-bath-transparent-blue-stokke#breadcrumb\"},\"inLanguage\":\"es\",\"potentialAction\":[{\"@type\":\"ReadAction\",\"target\":[\"https:\\\/\\\/somllavors.com\\\/es\\\/producte\\\/banyera-flexi-bath-transparent-blue-stokke\"]}]},{\"@type\":\"ImageObject\",\"inLanguage\":\"es\",\"@id\":\"https:\\\/\\\/somllavors.com\\\/es\\\/producte\\\/banyera-flexi-bath-transparent-blue-stokke#primaryimage\",\"url\":\"https:\\\/\\\/somllavors.com\\\/wp-content\\\/uploads\\\/2025\\\/09\\\/FlexiBath_OceanBlue_231220-3095_eCom.webp\",\"contentUrl\":\"https:\\\/\\\/somllavors.com\\\/wp-content\\\/uploads\\\/2025\\\/09\\\/FlexiBath_OceanBlue_231220-3095_eCom.webp\",\"width\":938,\"height\":1072,\"caption\":\"ba\u00f1era bebe flexibath stokke\"},{\"@type\":\"BreadcrumbList\",\"@id\":\"https:\\\/\\\/somllavors.com\\\/es\\\/producte\\\/banyera-flexi-bath-transparent-blue-stokke#breadcrumb\",\"itemListElement\":[{\"@type\":\"ListItem\",\"position\":1,\"name\":\"Inici\",\"item\":\"https:\\\/\\\/somllavors.com\\\/es\"},{\"@type\":\"ListItem\",\"position\":2,\"name\":\"Tienda\",\"item\":\"https:\\\/\\\/somllavors.com\\\/es\\\/botiga-2\"},{\"@type\":\"ListItem\",\"position\":3,\"name\":\"Ba\u00f1era Flexi Bath\u00ae Ocean Blue &#8211; Stokke\u00ae\"}]},{\"@type\":\"WebSite\",\"@id\":\"https:\\\/\\\/somllavors.com\\\/es#website\",\"url\":\"https:\\\/\\\/somllavors.com\\\/es\",\"name\":\"Som Llavors\",\"description\":\"Botiga de crian\u00e7a natural\",\"publisher\":{\"@id\":\"https:\\\/\\\/somllavors.com\\\/es#organization\"},\"alternateName\":\"Crian\u00e7a Natural i Sostenible\",\"potentialAction\":[{\"@type\":\"SearchAction\",\"target\":{\"@type\":\"EntryPoint\",\"urlTemplate\":\"https:\\\/\\\/somllavors.com\\\/es?s={search_term_string}\"},\"query-input\":{\"@type\":\"PropertyValueSpecification\",\"valueRequired\":true,\"valueName\":\"search_term_string\"}}],\"inLanguage\":\"es\"},{\"@type\":[\"Organization\",\"Place\",\"Store\"],\"@id\":\"https:\\\/\\\/somllavors.com\\\/es#organization\",\"name\":\"Som Llavors\",\"alternateName\":\"Crian\u00e7a Natural i Sostenible\",\"url\":\"https:\\\/\\\/somllavors.com\\\/es\",\"logo\":{\"@id\":\"https:\\\/\\\/somllavors.com\\\/es\\\/producte\\\/banyera-flexi-bath-transparent-blue-stokke#local-main-organization-logo\"},\"image\":{\"@id\":\"https:\\\/\\\/somllavors.com\\\/es\\\/producte\\\/banyera-flexi-bath-transparent-blue-stokke#local-main-organization-logo\"},\"sameAs\":[\"https:\\\/\\\/www.facebook.com\\\/somllavorsvng\\\/?locale=ca_ES\",\"https:\\\/\\\/www.instagram.com\\\/somllavors_vng\\\/\",\"https:\\\/\\\/www.youtube.com\\\/@somllavors\"],\"address\":{\"@id\":\"https:\\\/\\\/somllavors.com\\\/es\\\/producte\\\/banyera-flexi-bath-transparent-blue-stokke#local-main-place-address\"},\"geo\":{\"@type\":\"GeoCoordinates\",\"latitude\":\"41.2257737\",\"longitude\":\"1.723258859\"},\"telephone\":[\"623152704\"],\"openingHoursSpecification\":[{\"@type\":\"OpeningHoursSpecification\",\"dayOfWeek\":[\"Monday\",\"Sunday\"],\"opens\":\"00:00\",\"closes\":\"00:00\"},{\"@type\":\"OpeningHoursSpecification\",\"dayOfWeek\":[\"Tuesday\",\"Wednesday\",\"Thursday\",\"Friday\"],\"opens\":\"10:00\",\"closes\":\"20:00\"},{\"@type\":\"OpeningHoursSpecification\",\"dayOfWeek\":[\"Saturday\"],\"opens\":\"10:00\",\"closes\":\"13:30\"}],\"email\":\"info@somllavors.com\"},{\"@type\":\"PostalAddress\",\"@id\":\"https:\\\/\\\/somllavors.com\\\/es\\\/producte\\\/banyera-flexi-bath-transparent-blue-stokke#local-main-place-address\",\"streetAddress\":\"Carrer de l'aigua, 6\",\"addressLocality\":\"Vilanova i la Geltr\u00fa\",\"postalCode\":\"08800\",\"addressRegion\":\"Barcelona\",\"addressCountry\":\"ES\"},{\"@type\":\"ImageObject\",\"inLanguage\":\"es\",\"@id\":\"https:\\\/\\\/somllavors.com\\\/es\\\/producte\\\/banyera-flexi-bath-transparent-blue-stokke#local-main-organization-logo\",\"url\":\"https:\\\/\\\/somllavors.com\\\/wp-content\\\/uploads\\\/Logotip-Som-Llavors.jpg\",\"contentUrl\":\"https:\\\/\\\/somllavors.com\\\/wp-content\\\/uploads\\\/Logotip-Som-Llavors.jpg\",\"width\":1444,\"height\":1323,\"caption\":\"Som Llavors\"}]}<\/script>\n<meta property=\"product:price:amount\" content=\"49.00\" \/>\n<meta property=\"product:price:currency\" content=\"EUR\" \/>\n<meta property=\"og:availability\" content=\"instock\" \/>\n<meta property=\"product:availability\" content=\"instock\" \/>\n<meta property=\"product:retailer_item_id\" content=\"531913\" \/>\n<meta property=\"product:condition\" content=\"new\" \/>\n<meta name=\"geo.placename\" content=\"Vilanova i la Geltr\u00fa\" \/>\n<meta name=\"geo.position\" content=\"41.2257737;1.723258859\" \/>\n<meta name=\"geo.region\" content=\"Espa\u00f1a\" \/>\n<!-- \/ Yoast SEO Premium plugin. -->","yoast_head_json":{"title":"Ba\u00f1era Flexi Bath\u00ae Ocean Blue - Stokke\u00ae &#8212; Som Llavors","description":"Stokke Flexi Bath, la millor banyera plegable per a nad\u00f3.    Adequada per a nadons i nens de fins a quatre anys  Una banyera infantil lleugera i port\u00e0til que es plega fins a quedar plana  Amb base antilliscant i tap termosensible  L'accessori opcional per a nadons, Flexi Bath\u00ae Newborn Support, proporciona al nounat un suport ergon\u00f2mic per a m\u00e9s comoditat  Disseny guardonat","robots":{"index":"index","follow":"follow","max-snippet":"max-snippet:-1","max-image-preview":"max-image-preview:large","max-video-preview":"max-video-preview:-1"},"canonical":"https:\/\/somllavors.com\/es\/producte\/banyera-flexi-bath-transparent-blue-stokke","og_locale":"es_ES","og_type":"article","og_title":"Ba\u00f1era Flexi Bath\u00ae Ocean Blue - Stokke\u00ae","og_description":"La teva botiga d\u2019ecocrian\u00e7a i espai d\u2019acompanyament a la maternitat","og_url":"https:\/\/somllavors.com\/es\/producte\/banyera-flexi-bath-transparent-blue-stokke","og_site_name":"Som Llavors","article_publisher":"https:\/\/www.facebook.com\/somllavorsvng\/?locale=ca_ES","article_modified_time":"2026-02-11T21:58:05+00:00","og_image":[{"width":938,"height":1072,"url":"https:\/\/somllavors.com\/wp-content\/uploads\/2025\/09\/FlexiBath_OceanBlue_231220-3095_eCom.webp","type":"image\/webp"}],"twitter_card":"summary_large_image","twitter_misc":{"Precio":"49,00&euro; Iva incl\u00f2s","Availability":"Hay existencias"},"schema":{"@context":"https:\/\/schema.org","@graph":[{"@type":"WebPage","@id":"https:\/\/somllavors.com\/es\/producte\/banyera-flexi-bath-transparent-blue-stokke","url":"https:\/\/somllavors.com\/es\/producte\/banyera-flexi-bath-transparent-blue-stokke","name":"Ba\u00f1era Flexi Bath\u00ae Ocean Blue - Stokke\u00ae &#8212; Som Llavors","isPartOf":{"@id":"https:\/\/somllavors.com\/es#website"},"primaryImageOfPage":{"@id":"https:\/\/somllavors.com\/es\/producte\/banyera-flexi-bath-transparent-blue-stokke#primaryimage"},"image":{"@id":"https:\/\/somllavors.com\/es\/producte\/banyera-flexi-bath-transparent-blue-stokke#primaryimage"},"thumbnailUrl":"https:\/\/somllavors.com\/wp-content\/uploads\/2025\/09\/FlexiBath_OceanBlue_231220-3095_eCom.webp","datePublished":"2023-11-29T09:16:31+00:00","dateModified":"2026-02-11T21:58:05+00:00","description":"Stokke Flexi Bath, la millor banyera plegable per a nad\u00f3. Adequada per a nadons i nens de fins a quatre anys Una banyera infantil lleugera i port\u00e0til que es plega fins a quedar plana Amb base antilliscant i tap termosensible L'accessori opcional per a nadons, Flexi Bath\u00ae Newborn Support, proporciona al nounat un suport ergon\u00f2mic per a m\u00e9s comoditat Disseny guardonat","breadcrumb":{"@id":"https:\/\/somllavors.com\/es\/producte\/banyera-flexi-bath-transparent-blue-stokke#breadcrumb"},"inLanguage":"es","potentialAction":[{"@type":"ReadAction","target":["https:\/\/somllavors.com\/es\/producte\/banyera-flexi-bath-transparent-blue-stokke"]}]},{"@type":"ImageObject","inLanguage":"es","@id":"https:\/\/somllavors.com\/es\/producte\/banyera-flexi-bath-transparent-blue-stokke#primaryimage","url":"https:\/\/somllavors.com\/wp-content\/uploads\/2025\/09\/FlexiBath_OceanBlue_231220-3095_eCom.webp","contentUrl":"https:\/\/somllavors.com\/wp-content\/uploads\/2025\/09\/FlexiBath_OceanBlue_231220-3095_eCom.webp","width":938,"height":1072,"caption":"ba\u00f1era bebe flexibath stokke"},{"@type":"BreadcrumbList","@id":"https:\/\/somllavors.com\/es\/producte\/banyera-flexi-bath-transparent-blue-stokke#breadcrumb","itemListElement":[{"@type":"ListItem","position":1,"name":"Inici","item":"https:\/\/somllavors.com\/es"},{"@type":"ListItem","position":2,"name":"Tienda","item":"https:\/\/somllavors.com\/es\/botiga-2"},{"@type":"ListItem","position":3,"name":"Ba\u00f1era Flexi Bath\u00ae Ocean Blue &#8211; Stokke\u00ae"}]},{"@type":"WebSite","@id":"https:\/\/somllavors.com\/es#website","url":"https:\/\/somllavors.com\/es","name":"Som Llavors","description":"Botiga de crian\u00e7a natural","publisher":{"@id":"https:\/\/somllavors.com\/es#organization"},"alternateName":"Crian\u00e7a Natural i Sostenible","potentialAction":[{"@type":"SearchAction","target":{"@type":"EntryPoint","urlTemplate":"https:\/\/somllavors.com\/es?s={search_term_string}"},"query-input":{"@type":"PropertyValueSpecification","valueRequired":true,"valueName":"search_term_string"}}],"inLanguage":"es"},{"@type":["Organization","Place","Store"],"@id":"https:\/\/somllavors.com\/es#organization","name":"Som Llavors","alternateName":"Crian\u00e7a Natural i Sostenible","url":"https:\/\/somllavors.com\/es","logo":{"@id":"https:\/\/somllavors.com\/es\/producte\/banyera-flexi-bath-transparent-blue-stokke#local-main-organization-logo"},"image":{"@id":"https:\/\/somllavors.com\/es\/producte\/banyera-flexi-bath-transparent-blue-stokke#local-main-organization-logo"},"sameAs":["https:\/\/www.facebook.com\/somllavorsvng\/?locale=ca_ES","https:\/\/www.instagram.com\/somllavors_vng\/","https:\/\/www.youtube.com\/@somllavors"],"address":{"@id":"https:\/\/somllavors.com\/es\/producte\/banyera-flexi-bath-transparent-blue-stokke#local-main-place-address"},"geo":{"@type":"GeoCoordinates","latitude":"41.2257737","longitude":"1.723258859"},"telephone":["623152704","623152704"],"openingHoursSpecification":[{"@type":"OpeningHoursSpecification","dayOfWeek":["Monday","Sunday"],"opens":"00:00","closes":"00:00"},{"@type":"OpeningHoursSpecification","dayOfWeek":["Tuesday","Wednesday","Thursday","Friday"],"opens":"10:00","closes":"20:00"},{"@type":"OpeningHoursSpecification","dayOfWeek":["Saturday"],"opens":"10:00","closes":"13:30"}],"email":"info@somllavors.com"},{"@type":"PostalAddress","@id":"https:\/\/somllavors.com\/es\/producte\/banyera-flexi-bath-transparent-blue-stokke#local-main-place-address","streetAddress":"Carrer de l'aigua, 6","addressLocality":"Vilanova i la Geltr\u00fa","postalCode":"08800","addressRegion":"Barcelona","addressCountry":"ES"},{"@type":"ImageObject","inLanguage":"es","@id":"https:\/\/somllavors.com\/es\/producte\/banyera-flexi-bath-transparent-blue-stokke#local-main-organization-logo","url":"https:\/\/somllavors.com\/wp-content\/uploads\/Logotip-Som-Llavors.jpg","contentUrl":"https:\/\/somllavors.com\/wp-content\/uploads\/Logotip-Som-Llavors.jpg","width":1444,"height":1323,"caption":"Som Llavors"}]},"product_price_amount":"49.00","product_price_currency":"EUR","og_availability":"instock","product_availability":"instock","product_retailer_item_id":"531913","product_condition":"new","geo.placename":"Vilanova i la Geltr\u00fa","geo.position":{"lat":"41.2257737","long":"1.723258859"},"geo.region":"Espa\u00f1a"},"brands":[{"id":4501,"name":"Stokke","slug":"stokke"}],"_links":{"self":[{"href":"https:\/\/somllavors.com\/es\/wp-json\/wp\/v2\/product\/49831","targetHints":{"allow":["GET"]}}],"collection":[{"href":"https:\/\/somllavors.com\/es\/wp-json\/wp\/v2\/product"}],"about":[{"href":"https:\/\/somllavors.com\/es\/wp-json\/wp\/v2\/types\/product"}],"wp:featuredmedia":[{"embeddable":true,"href":"https:\/\/somllavors.com\/es\/wp-json\/wp\/v2\/media\/82928"}],"wp:attachment":[{"href":"https:\/\/somllavors.com\/es\/wp-json\/wp\/v2\/media?parent=49831"}],"wp:term":[{"taxonomy":"pwb-brand","embeddable":true,"href":"https:\/\/somllavors.com\/es\/wp-json\/wp\/v2\/pwb-brand?post=49831"},{"taxonomy":"product_brand","embeddable":true,"href":"https:\/\/somllavors.com\/es\/wp-json\/wp\/v2\/product_brand?post=49831"},{"taxonomy":"product_cat","embeddable":true,"href":"https:\/\/somllavors.com\/es\/wp-json\/wp\/v2\/product_cat?post=49831"},{"taxonomy":"product_tag","embeddable":true,"href":"https:\/\/somllavors.com\/es\/wp-json\/wp\/v2\/product_tag?post=49831"}],"curies":[{"name":"wp","href":"https:\/\/api.w.org\/{rel}","templated":true}]}}