{"id":52003,"date":"2024-01-23T18:17:06","date_gmt":"2024-01-23T17:17:06","guid":{"rendered":"https:\/\/somllavors.com\/?post_type=product&#038;p=52003"},"modified":"2025-01-02T13:25:25","modified_gmt":"2025-01-02T12:25:25","slug":"kit-maquillatge-6-colors-mon-salvatge-namaki","status":"publish","type":"product","link":"https:\/\/somllavors.com\/es\/producte\/kit-maquillatge-6-colors-mon-salvatge-namaki","title":{"rendered":"Kit maquillatge 6 colors M\u00f3n Salvatge &#8211; Namaki"},"content":{"rendered":"<ul>\n<li>Contingut del kit :\n<ul>\n<li>1 paleta de cartr\u00f3 amb 6 colors (8\u00d72,5g): Negre, Daurat, Plata, Vermell, Blau i Verd<\/li>\n<li>1 pinzell<\/li>\n<li>5 cartolines tutorials de maquillatge<\/li>\n<li>Certificat per Cosm\u00e9cert segons l&#8217;est\u00e0ndard COSMOS ORGANIC<\/li>\n<\/ul>\n<\/li>\n<li>Advertiment: No \u00e9s apte per a infants menors de 3 anys a causa de la pres\u00e8ncia de peces petites susceptibles de ser empassades. Utilitzeu-vos sota la vigil\u00e0ncia d&#8217;una persona adulta.<\/li>\n<li>La marca francesa Namaki neix de tres valors fonamentals: transpar\u00e8ncia, confian\u00e7a i respecte. La marca aposta des del principi per un enfocament responsable creant productes ecodissenyats, naturals i org\u00e0nics.\n<ul>\n<li>Fruit d&#8217;aquest comprom\u00eds neix el primer kit de maquillatge de disfressa natural i org\u00e0nica formulat amb aigua i hipoal\u00b7lerg\u00e8nic, molt f\u00e0cil d&#8217;aplicar, treure i fins i tot ofereix tutorials f\u00e0cils de fer adherits a l&#8217;empaquetatge.<\/li>\n<li>Des de la seva creaci\u00f3, han triat amb cura ingredients naturals i org\u00e0nics per a la formulaci\u00f3 dels productes. Tots estan certificats com a Org\u00e0nics per la certificadora Bureau Veritas Certification, excepte l&#8217;esmalt d&#8217;ungles, que es troba en proc\u00e9s de certificaci\u00f3.<\/li>\n<li><span style=\"font-size: 16px;\">Namaki es converteix aix\u00ed en la marca pionera en el seu sector amb aquest producte estrella.<\/span><\/li>\n<li>Tots els envasos s\u00f3n reciclables, la majoria dels quals compten amb la certificaci\u00f3 Imprim&#8217;vert.<\/li>\n<li>Cap dels seus productes ha estat provat en animals, molt abans que la llei ho prohibeixi.<\/li>\n<li>Ja podeu gaudir del maquillatge m\u00e9s divertit que respecta la pell dels infants i el medi ambient.<\/li>\n<\/ul>\n<\/li>\n<\/ul>\n","protected":false},"excerpt":{"rendered":"<p>Descobreix el ferotge m\u00f3n dels animals salvatges amb Namaki i disfressa&#8217;t en uns minuts de tigre, jaguar, zebra, girafa, dinosaure, \u00f3s, camuflatge\u2026 i molt m\u00e9s! Aquest kit de maquillatge a base d&#8217;aigua, biocertificat i hipoal\u00b7lerg\u00e8nic inclou 6 colors diferents per a la diversi\u00f3.<\/p>\n<ul>\n<li>Es poden fer fins a 30 maquillatges diferents amb una sola caixa!<\/li>\n<li>Les formulacions estan provades dermatol\u00f2gicament i s\u00f3n adequades per a la pell dels infants.<\/li>\n<\/ul>\n","protected":false},"featured_media":51981,"template":"","meta":{"_acf_changed":false,"site-sidebar-layout":"default","site-content-layout":"default","ast-site-content-layout":"default","site-content-style":"default","site-sidebar-style":"default","ast-global-header-display":"","ast-banner-title-visibility":"","ast-main-header-display":"","ast-hfb-above-header-display":"","ast-hfb-below-header-display":"","ast-hfb-mobile-header-display":"","site-post-title":"","ast-breadcrumbs-content":"","ast-featured-img":"","footer-sml-layout":"","ast-disable-related-posts":"","theme-transparent-header-meta":"default","adv-header-id-meta":"","stick-header-meta":"","header-above-stick-meta":"","header-main-stick-meta":"","header-below-stick-meta":"","astra-migrate-meta-layouts":"default","ast-page-background-enabled":"default","ast-page-background-meta":{"desktop":{"background-color":"","background-image":"","background-repeat":"repeat","background-position":"center center","background-size":"auto","background-attachment":"scroll","background-type":"","background-media":"","overlay-type":"","overlay-color":"","overlay-opacity":"","overlay-gradient":""},"tablet":{"background-color":"","background-image":"","background-repeat":"repeat","background-position":"center center","background-size":"auto","background-attachment":"scroll","background-type":"","background-media":"","overlay-type":"","overlay-color":"","overlay-opacity":"","overlay-gradient":""},"mobile":{"background-color":"","background-image":"","background-repeat":"repeat","background-position":"center center","background-size":"auto","background-attachment":"scroll","background-type":"","background-media":"","overlay-type":"","overlay-color":"","overlay-opacity":"","overlay-gradient":""}},"ast-content-background-meta":{"desktop":{"background-color":"var(--ast-global-color-5)","background-image":"","background-repeat":"repeat","background-position":"center center","background-size":"auto","background-attachment":"scroll","background-type":"","background-media":"","overlay-type":"","overlay-color":"","overlay-opacity":"","overlay-gradient":""},"tablet":{"background-color":"var(--ast-global-color-5)","background-image":"","background-repeat":"repeat","background-position":"center center","background-size":"auto","background-attachment":"scroll","background-type":"","background-media":"","overlay-type":"","overlay-color":"","overlay-opacity":"","overlay-gradient":""},"mobile":{"background-color":"var(--ast-global-color-5)","background-image":"","background-repeat":"repeat","background-position":"center center","background-size":"auto","background-attachment":"scroll","background-type":"","background-media":"","overlay-type":"","overlay-color":"","overlay-opacity":"","overlay-gradient":""}}},"pwb-brand":[4599],"product_brand":[],"product_cat":[4594],"product_tag":[],"class_list":{"0":"post-52003","1":"product","2":"type-product","3":"status-publish","4":"has-post-thumbnail","6":"pwb-brand-namaki","7":"product_cat-maquillatge-natural","8":"desktop-align-left","9":"tablet-align-left","10":"mobile-align-left","12":"first","13":"instock","14":"taxable","15":"shipping-taxable","16":"purchasable","17":"product-type-simple"},"acf":[],"yoast_head":"<!-- This site is optimized with the Yoast SEO Premium plugin v18.3 (Yoast SEO v27.4) - https:\/\/yoast.com\/product\/yoast-seo-premium-wordpress\/ -->\n<title>Kit maquillatge 6 colors M\u00f3n Salvatge - Namaki &#8212; Som Llavors<\/title>\n<meta name=\"description\" content=\"Descobreix el ferotge m\u00f3n dels animals salvatges amb Namaki i disfressa&#039;t en uns minuts de tigre, jaguar, zebra, girafa, dinosaure, \u00f3s, camuflatge\u2026 i molt m\u00e9s! Aquest kit de maquillatge a base d&#039;aigua, biocertificat i hipoal\u00b7lerg\u00e8nic inclou 6 colors diferents per a la diversi\u00f3.   Es poden fer fins a 30 maquillatges diferents amb una sola caixa!  Les formulacions estan provades dermatol\u00f2gicament i s\u00f3n adequades per a la pell dels infants.\" \/>\n<meta name=\"robots\" content=\"index, follow, max-snippet:-1, max-image-preview:large, max-video-preview:-1\" \/>\n<link rel=\"canonical\" href=\"https:\/\/somllavors.com\/es\/producte\/kit-maquillatge-6-colors-mon-salvatge-namaki\" \/>\n<meta property=\"og:locale\" content=\"es_ES\" \/>\n<meta property=\"og:type\" content=\"article\" \/>\n<meta property=\"og:title\" content=\"Kit maquillatge 6 colors M\u00f3n Salvatge - Namaki\" \/>\n<meta property=\"og:description\" content=\"La teva botiga d\u2019ecocrian\u00e7a i espai d\u2019acompanyament a la maternitat\" \/>\n<meta property=\"og:url\" content=\"https:\/\/somllavors.com\/es\/producte\/kit-maquillatge-6-colors-mon-salvatge-namaki\" \/>\n<meta property=\"og:site_name\" content=\"Som Llavors\" \/>\n<meta property=\"article:publisher\" content=\"https:\/\/www.facebook.com\/somllavorsvng\/?locale=ca_ES\" \/>\n<meta property=\"article:modified_time\" content=\"2025-01-02T12:25:25+00:00\" \/>\n<meta property=\"og:image\" content=\"https:\/\/somllavors.com\/wp-content\/uploads\/2024\/01\/Som-Llavors-Kit-Maquillaje-6-Colores-Mundo-Salvaje.jpg\" \/>\n\t<meta property=\"og:image:width\" content=\"2560\" \/>\n\t<meta property=\"og:image:height\" content=\"1703\" \/>\n\t<meta property=\"og:image:type\" content=\"image\/jpeg\" \/>\n<meta name=\"twitter:card\" content=\"summary_large_image\" \/>\n<meta name=\"twitter:label1\" content=\"Precio\" \/>\n\t<meta name=\"twitter:data1\" content=\"31,50&euro; Iva incl\u00f2s\" \/>\n\t<meta name=\"twitter:label2\" content=\"Availability\" \/>\n\t<meta name=\"twitter:data2\" content=\"Hay existencias\" \/>\n<script type=\"application\/ld+json\" class=\"yoast-schema-graph\">{\"@context\":\"https:\\\/\\\/schema.org\",\"@graph\":[{\"@type\":\"WebPage\",\"@id\":\"https:\\\/\\\/somllavors.com\\\/es\\\/producte\\\/kit-maquillatge-6-colors-mon-salvatge-namaki\",\"url\":\"https:\\\/\\\/somllavors.com\\\/es\\\/producte\\\/kit-maquillatge-6-colors-mon-salvatge-namaki\",\"name\":\"Kit maquillatge 6 colors M\u00f3n Salvatge - Namaki &#8212; Som Llavors\",\"isPartOf\":{\"@id\":\"https:\\\/\\\/somllavors.com\\\/es#website\"},\"primaryImageOfPage\":{\"@id\":\"https:\\\/\\\/somllavors.com\\\/es\\\/producte\\\/kit-maquillatge-6-colors-mon-salvatge-namaki#primaryimage\"},\"image\":{\"@id\":\"https:\\\/\\\/somllavors.com\\\/es\\\/producte\\\/kit-maquillatge-6-colors-mon-salvatge-namaki#primaryimage\"},\"thumbnailUrl\":\"https:\\\/\\\/somllavors.com\\\/wp-content\\\/uploads\\\/2024\\\/01\\\/Som-Llavors-Kit-Maquillaje-6-Colores-Mundo-Salvaje.jpg\",\"datePublished\":\"2024-01-23T17:17:06+00:00\",\"dateModified\":\"2025-01-02T12:25:25+00:00\",\"description\":\"Descobreix el ferotge m\u00f3n dels animals salvatges amb Namaki i disfressa't en uns minuts de tigre, jaguar, zebra, girafa, dinosaure, \u00f3s, camuflatge\u2026 i molt m\u00e9s! Aquest kit de maquillatge a base d'aigua, biocertificat i hipoal\u00b7lerg\u00e8nic inclou 6 colors diferents per a la diversi\u00f3. Es poden fer fins a 30 maquillatges diferents amb una sola caixa! Les formulacions estan provades dermatol\u00f2gicament i s\u00f3n adequades per a la pell dels infants.\",\"breadcrumb\":{\"@id\":\"https:\\\/\\\/somllavors.com\\\/es\\\/producte\\\/kit-maquillatge-6-colors-mon-salvatge-namaki#breadcrumb\"},\"inLanguage\":\"es\",\"potentialAction\":[{\"@type\":\"ReadAction\",\"target\":[\"https:\\\/\\\/somllavors.com\\\/es\\\/producte\\\/kit-maquillatge-6-colors-mon-salvatge-namaki\"]}]},{\"@type\":\"ImageObject\",\"inLanguage\":\"es\",\"@id\":\"https:\\\/\\\/somllavors.com\\\/es\\\/producte\\\/kit-maquillatge-6-colors-mon-salvatge-namaki#primaryimage\",\"url\":\"https:\\\/\\\/somllavors.com\\\/wp-content\\\/uploads\\\/2024\\\/01\\\/Som-Llavors-Kit-Maquillaje-6-Colores-Mundo-Salvaje.jpg\",\"contentUrl\":\"https:\\\/\\\/somllavors.com\\\/wp-content\\\/uploads\\\/2024\\\/01\\\/Som-Llavors-Kit-Maquillaje-6-Colores-Mundo-Salvaje.jpg\",\"width\":2560,\"height\":1703,\"caption\":\"kit maquillatge namaki\"},{\"@type\":\"BreadcrumbList\",\"@id\":\"https:\\\/\\\/somllavors.com\\\/es\\\/producte\\\/kit-maquillatge-6-colors-mon-salvatge-namaki#breadcrumb\",\"itemListElement\":[{\"@type\":\"ListItem\",\"position\":1,\"name\":\"Inici\",\"item\":\"https:\\\/\\\/somllavors.com\\\/es\"},{\"@type\":\"ListItem\",\"position\":2,\"name\":\"Tienda\",\"item\":\"https:\\\/\\\/somllavors.com\\\/es\\\/botiga-2\"},{\"@type\":\"ListItem\",\"position\":3,\"name\":\"Kit maquillatge 6 colors M\u00f3n Salvatge &#8211; Namaki\"}]},{\"@type\":\"WebSite\",\"@id\":\"https:\\\/\\\/somllavors.com\\\/es#website\",\"url\":\"https:\\\/\\\/somllavors.com\\\/es\",\"name\":\"Som Llavors\",\"description\":\"Botiga de crian\u00e7a natural\",\"publisher\":{\"@id\":\"https:\\\/\\\/somllavors.com\\\/es#organization\"},\"alternateName\":\"Crian\u00e7a Natural i Sostenible\",\"potentialAction\":[{\"@type\":\"SearchAction\",\"target\":{\"@type\":\"EntryPoint\",\"urlTemplate\":\"https:\\\/\\\/somllavors.com\\\/es?s={search_term_string}\"},\"query-input\":{\"@type\":\"PropertyValueSpecification\",\"valueRequired\":true,\"valueName\":\"search_term_string\"}}],\"inLanguage\":\"es\"},{\"@type\":[\"Organization\",\"Place\",\"Store\"],\"@id\":\"https:\\\/\\\/somllavors.com\\\/es#organization\",\"name\":\"Som Llavors\",\"alternateName\":\"Crian\u00e7a Natural i Sostenible\",\"url\":\"https:\\\/\\\/somllavors.com\\\/es\",\"logo\":{\"@id\":\"https:\\\/\\\/somllavors.com\\\/es\\\/producte\\\/kit-maquillatge-6-colors-mon-salvatge-namaki#local-main-organization-logo\"},\"image\":{\"@id\":\"https:\\\/\\\/somllavors.com\\\/es\\\/producte\\\/kit-maquillatge-6-colors-mon-salvatge-namaki#local-main-organization-logo\"},\"sameAs\":[\"https:\\\/\\\/www.facebook.com\\\/somllavorsvng\\\/?locale=ca_ES\",\"https:\\\/\\\/www.instagram.com\\\/somllavors_vng\\\/\",\"https:\\\/\\\/www.youtube.com\\\/@somllavors\"],\"address\":{\"@id\":\"https:\\\/\\\/somllavors.com\\\/es\\\/producte\\\/kit-maquillatge-6-colors-mon-salvatge-namaki#local-main-place-address\"},\"geo\":{\"@type\":\"GeoCoordinates\",\"latitude\":\"41.2257737\",\"longitude\":\"1.723258859\"},\"telephone\":[\"623152704\"],\"openingHoursSpecification\":[{\"@type\":\"OpeningHoursSpecification\",\"dayOfWeek\":[\"Monday\",\"Sunday\"],\"opens\":\"00:00\",\"closes\":\"00:00\"},{\"@type\":\"OpeningHoursSpecification\",\"dayOfWeek\":[\"Tuesday\",\"Wednesday\",\"Thursday\",\"Friday\"],\"opens\":\"10:00\",\"closes\":\"20:00\"},{\"@type\":\"OpeningHoursSpecification\",\"dayOfWeek\":[\"Saturday\"],\"opens\":\"10:00\",\"closes\":\"13:30\"}],\"email\":\"info@somllavors.com\"},{\"@type\":\"PostalAddress\",\"@id\":\"https:\\\/\\\/somllavors.com\\\/es\\\/producte\\\/kit-maquillatge-6-colors-mon-salvatge-namaki#local-main-place-address\",\"streetAddress\":\"Carrer de l'aigua, 6\",\"addressLocality\":\"Vilanova i la Geltr\u00fa\",\"postalCode\":\"08800\",\"addressRegion\":\"Barcelona\",\"addressCountry\":\"ES\"},{\"@type\":\"ImageObject\",\"inLanguage\":\"es\",\"@id\":\"https:\\\/\\\/somllavors.com\\\/es\\\/producte\\\/kit-maquillatge-6-colors-mon-salvatge-namaki#local-main-organization-logo\",\"url\":\"https:\\\/\\\/somllavors.com\\\/wp-content\\\/uploads\\\/Logotip-Som-Llavors.jpg\",\"contentUrl\":\"https:\\\/\\\/somllavors.com\\\/wp-content\\\/uploads\\\/Logotip-Som-Llavors.jpg\",\"width\":1444,\"height\":1323,\"caption\":\"Som Llavors\"}]}<\/script>\n<meta property=\"product:price:amount\" content=\"31.50\" \/>\n<meta property=\"product:price:currency\" content=\"EUR\" \/>\n<meta property=\"og:availability\" content=\"instock\" \/>\n<meta property=\"product:availability\" content=\"instock\" \/>\n<meta property=\"product:retailer_item_id\" content=\"NM 098\" \/>\n<meta property=\"product:condition\" content=\"new\" \/>\n<meta name=\"geo.placename\" content=\"Vilanova i la Geltr\u00fa\" \/>\n<meta name=\"geo.position\" content=\"41.2257737;1.723258859\" \/>\n<meta name=\"geo.region\" content=\"Espa\u00f1a\" \/>\n<!-- \/ Yoast SEO Premium plugin. -->","yoast_head_json":{"title":"Kit maquillatge 6 colors M\u00f3n Salvatge - Namaki &#8212; Som Llavors","description":"Descobreix el ferotge m\u00f3n dels animals salvatges amb Namaki i disfressa't en uns minuts de tigre, jaguar, zebra, girafa, dinosaure, \u00f3s, camuflatge\u2026 i molt m\u00e9s! Aquest kit de maquillatge a base d'aigua, biocertificat i hipoal\u00b7lerg\u00e8nic inclou 6 colors diferents per a la diversi\u00f3.   Es poden fer fins a 30 maquillatges diferents amb una sola caixa!  Les formulacions estan provades dermatol\u00f2gicament i s\u00f3n adequades per a la pell dels infants.","robots":{"index":"index","follow":"follow","max-snippet":"max-snippet:-1","max-image-preview":"max-image-preview:large","max-video-preview":"max-video-preview:-1"},"canonical":"https:\/\/somllavors.com\/es\/producte\/kit-maquillatge-6-colors-mon-salvatge-namaki","og_locale":"es_ES","og_type":"article","og_title":"Kit maquillatge 6 colors M\u00f3n Salvatge - Namaki","og_description":"La teva botiga d\u2019ecocrian\u00e7a i espai d\u2019acompanyament a la maternitat","og_url":"https:\/\/somllavors.com\/es\/producte\/kit-maquillatge-6-colors-mon-salvatge-namaki","og_site_name":"Som Llavors","article_publisher":"https:\/\/www.facebook.com\/somllavorsvng\/?locale=ca_ES","article_modified_time":"2025-01-02T12:25:25+00:00","og_image":[{"width":2560,"height":1703,"url":"https:\/\/somllavors.com\/wp-content\/uploads\/2024\/01\/Som-Llavors-Kit-Maquillaje-6-Colores-Mundo-Salvaje.jpg","type":"image\/jpeg"}],"twitter_card":"summary_large_image","twitter_misc":{"Precio":"31,50&euro; Iva incl\u00f2s","Availability":"Hay existencias"},"schema":{"@context":"https:\/\/schema.org","@graph":[{"@type":"WebPage","@id":"https:\/\/somllavors.com\/es\/producte\/kit-maquillatge-6-colors-mon-salvatge-namaki","url":"https:\/\/somllavors.com\/es\/producte\/kit-maquillatge-6-colors-mon-salvatge-namaki","name":"Kit maquillatge 6 colors M\u00f3n Salvatge - Namaki &#8212; Som Llavors","isPartOf":{"@id":"https:\/\/somllavors.com\/es#website"},"primaryImageOfPage":{"@id":"https:\/\/somllavors.com\/es\/producte\/kit-maquillatge-6-colors-mon-salvatge-namaki#primaryimage"},"image":{"@id":"https:\/\/somllavors.com\/es\/producte\/kit-maquillatge-6-colors-mon-salvatge-namaki#primaryimage"},"thumbnailUrl":"https:\/\/somllavors.com\/wp-content\/uploads\/2024\/01\/Som-Llavors-Kit-Maquillaje-6-Colores-Mundo-Salvaje.jpg","datePublished":"2024-01-23T17:17:06+00:00","dateModified":"2025-01-02T12:25:25+00:00","description":"Descobreix el ferotge m\u00f3n dels animals salvatges amb Namaki i disfressa't en uns minuts de tigre, jaguar, zebra, girafa, dinosaure, \u00f3s, camuflatge\u2026 i molt m\u00e9s! Aquest kit de maquillatge a base d'aigua, biocertificat i hipoal\u00b7lerg\u00e8nic inclou 6 colors diferents per a la diversi\u00f3. Es poden fer fins a 30 maquillatges diferents amb una sola caixa! Les formulacions estan provades dermatol\u00f2gicament i s\u00f3n adequades per a la pell dels infants.","breadcrumb":{"@id":"https:\/\/somllavors.com\/es\/producte\/kit-maquillatge-6-colors-mon-salvatge-namaki#breadcrumb"},"inLanguage":"es","potentialAction":[{"@type":"ReadAction","target":["https:\/\/somllavors.com\/es\/producte\/kit-maquillatge-6-colors-mon-salvatge-namaki"]}]},{"@type":"ImageObject","inLanguage":"es","@id":"https:\/\/somllavors.com\/es\/producte\/kit-maquillatge-6-colors-mon-salvatge-namaki#primaryimage","url":"https:\/\/somllavors.com\/wp-content\/uploads\/2024\/01\/Som-Llavors-Kit-Maquillaje-6-Colores-Mundo-Salvaje.jpg","contentUrl":"https:\/\/somllavors.com\/wp-content\/uploads\/2024\/01\/Som-Llavors-Kit-Maquillaje-6-Colores-Mundo-Salvaje.jpg","width":2560,"height":1703,"caption":"kit maquillatge namaki"},{"@type":"BreadcrumbList","@id":"https:\/\/somllavors.com\/es\/producte\/kit-maquillatge-6-colors-mon-salvatge-namaki#breadcrumb","itemListElement":[{"@type":"ListItem","position":1,"name":"Inici","item":"https:\/\/somllavors.com\/es"},{"@type":"ListItem","position":2,"name":"Tienda","item":"https:\/\/somllavors.com\/es\/botiga-2"},{"@type":"ListItem","position":3,"name":"Kit maquillatge 6 colors M\u00f3n Salvatge &#8211; Namaki"}]},{"@type":"WebSite","@id":"https:\/\/somllavors.com\/es#website","url":"https:\/\/somllavors.com\/es","name":"Som Llavors","description":"Botiga de crian\u00e7a natural","publisher":{"@id":"https:\/\/somllavors.com\/es#organization"},"alternateName":"Crian\u00e7a Natural i Sostenible","potentialAction":[{"@type":"SearchAction","target":{"@type":"EntryPoint","urlTemplate":"https:\/\/somllavors.com\/es?s={search_term_string}"},"query-input":{"@type":"PropertyValueSpecification","valueRequired":true,"valueName":"search_term_string"}}],"inLanguage":"es"},{"@type":["Organization","Place","Store"],"@id":"https:\/\/somllavors.com\/es#organization","name":"Som Llavors","alternateName":"Crian\u00e7a Natural i Sostenible","url":"https:\/\/somllavors.com\/es","logo":{"@id":"https:\/\/somllavors.com\/es\/producte\/kit-maquillatge-6-colors-mon-salvatge-namaki#local-main-organization-logo"},"image":{"@id":"https:\/\/somllavors.com\/es\/producte\/kit-maquillatge-6-colors-mon-salvatge-namaki#local-main-organization-logo"},"sameAs":["https:\/\/www.facebook.com\/somllavorsvng\/?locale=ca_ES","https:\/\/www.instagram.com\/somllavors_vng\/","https:\/\/www.youtube.com\/@somllavors"],"address":{"@id":"https:\/\/somllavors.com\/es\/producte\/kit-maquillatge-6-colors-mon-salvatge-namaki#local-main-place-address"},"geo":{"@type":"GeoCoordinates","latitude":"41.2257737","longitude":"1.723258859"},"telephone":["623152704","623152704"],"openingHoursSpecification":[{"@type":"OpeningHoursSpecification","dayOfWeek":["Monday","Sunday"],"opens":"00:00","closes":"00:00"},{"@type":"OpeningHoursSpecification","dayOfWeek":["Tuesday","Wednesday","Thursday","Friday"],"opens":"10:00","closes":"20:00"},{"@type":"OpeningHoursSpecification","dayOfWeek":["Saturday"],"opens":"10:00","closes":"13:30"}],"email":"info@somllavors.com"},{"@type":"PostalAddress","@id":"https:\/\/somllavors.com\/es\/producte\/kit-maquillatge-6-colors-mon-salvatge-namaki#local-main-place-address","streetAddress":"Carrer de l'aigua, 6","addressLocality":"Vilanova i la Geltr\u00fa","postalCode":"08800","addressRegion":"Barcelona","addressCountry":"ES"},{"@type":"ImageObject","inLanguage":"es","@id":"https:\/\/somllavors.com\/es\/producte\/kit-maquillatge-6-colors-mon-salvatge-namaki#local-main-organization-logo","url":"https:\/\/somllavors.com\/wp-content\/uploads\/Logotip-Som-Llavors.jpg","contentUrl":"https:\/\/somllavors.com\/wp-content\/uploads\/Logotip-Som-Llavors.jpg","width":1444,"height":1323,"caption":"Som Llavors"}]},"product_price_amount":"31.50","product_price_currency":"EUR","og_availability":"instock","product_availability":"instock","product_retailer_item_id":"NM 098","product_condition":"new","geo.placename":"Vilanova i la Geltr\u00fa","geo.position":{"lat":"41.2257737","long":"1.723258859"},"geo.region":"Espa\u00f1a"},"brands":[{"id":4599,"name":"Namaki","slug":"namaki"}],"_links":{"self":[{"href":"https:\/\/somllavors.com\/es\/wp-json\/wp\/v2\/product\/52003","targetHints":{"allow":["GET"]}}],"collection":[{"href":"https:\/\/somllavors.com\/es\/wp-json\/wp\/v2\/product"}],"about":[{"href":"https:\/\/somllavors.com\/es\/wp-json\/wp\/v2\/types\/product"}],"wp:featuredmedia":[{"embeddable":true,"href":"https:\/\/somllavors.com\/es\/wp-json\/wp\/v2\/media\/51981"}],"wp:attachment":[{"href":"https:\/\/somllavors.com\/es\/wp-json\/wp\/v2\/media?parent=52003"}],"wp:term":[{"taxonomy":"pwb-brand","embeddable":true,"href":"https:\/\/somllavors.com\/es\/wp-json\/wp\/v2\/pwb-brand?post=52003"},{"taxonomy":"product_brand","embeddable":true,"href":"https:\/\/somllavors.com\/es\/wp-json\/wp\/v2\/product_brand?post=52003"},{"taxonomy":"product_cat","embeddable":true,"href":"https:\/\/somllavors.com\/es\/wp-json\/wp\/v2\/product_cat?post=52003"},{"taxonomy":"product_tag","embeddable":true,"href":"https:\/\/somllavors.com\/es\/wp-json\/wp\/v2\/product_tag?post=52003"}],"curies":[{"name":"wp","href":"https:\/\/api.w.org\/{rel}","templated":true}]}}