{"id":53151,"date":"2024-02-27T19:35:42","date_gmt":"2024-02-27T18:35:42","guid":{"rendered":"https:\/\/somllavors.com\/?post_type=product&#038;p=53151"},"modified":"2026-02-28T12:40:48","modified_gmt":"2026-02-28T11:40:48","slug":"got-daprenentatge-neil-cup-shell-liewood","status":"publish","type":"product","link":"https:\/\/somllavors.com\/es\/producte\/got-daprenentatge-neil-cup-shell-liewood","title":{"rendered":"Got d&#8217;aprenentatge  &#8220;Neil&#8221; Shell &#8211; Liewood"},"content":{"rendered":"<ul>\n<li>Material: 100% silicona<\/li>\n<li>Lleuger i f\u00e0cil d&#8217;agafar per a mans petites<\/li>\n<li>Lliure de tots els productes qu\u00edmics nocius com els ftalats<\/li>\n<li>Irrompible<\/li>\n<li>Apte per al rentaplats<\/li>\n<li>Dimensions: Di\u00e0metre : 7 cm. Al\u00e7ada: 10,5 cm. Amplada: 12 cm.<\/li>\n<li>Capacitat: 150 ml.<\/li>\n<\/ul>\n<p>Liewood \u00e9s una marca de lifestyle Danesa. Crea productes irresistibles per a les fam\u00edlies modernes: productes t\u00e8xtils org\u00e0nics, peces de punt suaus, articles d&#8217;alimentaci\u00f3, joguines de fusta, mossegadors, etc. Tots plegats, creen un univers \u00fanic, pur i simple. Liewood t\u00e9 la seu a Copenhaguen i el nostre m\u00f3n est\u00e0 profundament arrelat en la tradici\u00f3 del disseny n\u00f2rdic. Els dissenys s\u00f3n conceptualment forts, respectant la tendresa, la innoc\u00e8ncia de la inf\u00e0ncia i l&#8217;estil de vida de les fam\u00edlies modernes, i s\u00f3n capa\u00e7os de seguir-les a tot arreu amb diferents prop\u00f2sits en ment i per a les generacions futures.<\/p>\n","protected":false},"excerpt":{"rendered":"<p>Perfecte per dominar l&#8217;habilitat de beure, t\u00e9 una tapa removible amb una petita obertura. Les nanses asseguren una subjecci\u00f3 ferma i permeten que l&#8217;infant practiqui sostenir i inclinar i preparar-se per fer servir una tassa oberta.<\/p>\n","protected":false},"featured_media":53158,"template":"","meta":{"_acf_changed":false,"site-sidebar-layout":"default","site-content-layout":"default","ast-site-content-layout":"default","site-content-style":"default","site-sidebar-style":"default","ast-global-header-display":"","ast-banner-title-visibility":"","ast-main-header-display":"","ast-hfb-above-header-display":"","ast-hfb-below-header-display":"","ast-hfb-mobile-header-display":"","site-post-title":"","ast-breadcrumbs-content":"","ast-featured-img":"","footer-sml-layout":"","theme-transparent-header-meta":"default","adv-header-id-meta":"","stick-header-meta":"","header-above-stick-meta":"","header-main-stick-meta":"","header-below-stick-meta":"","astra-migrate-meta-layouts":"default","ast-page-background-enabled":"default","ast-page-background-meta":{"desktop":{"background-color":"","background-image":"","background-repeat":"repeat","background-position":"center center","background-size":"auto","background-attachment":"scroll","background-type":"","background-media":"","overlay-type":"","overlay-color":"","overlay-opacity":"","overlay-gradient":""},"tablet":{"background-color":"","background-image":"","background-repeat":"repeat","background-position":"center center","background-size":"auto","background-attachment":"scroll","background-type":"","background-media":"","overlay-type":"","overlay-color":"","overlay-opacity":"","overlay-gradient":""},"mobile":{"background-color":"","background-image":"","background-repeat":"repeat","background-position":"center center","background-size":"auto","background-attachment":"scroll","background-type":"","background-media":"","overlay-type":"","overlay-color":"","overlay-opacity":"","overlay-gradient":""}},"ast-content-background-meta":{"desktop":{"background-color":"var(--ast-global-color-5)","background-image":"","background-repeat":"repeat","background-position":"center center","background-size":"auto","background-attachment":"scroll","background-type":"","background-media":"","overlay-type":"","overlay-color":"","overlay-opacity":"","overlay-gradient":""},"tablet":{"background-color":"var(--ast-global-color-5)","background-image":"","background-repeat":"repeat","background-position":"center center","background-size":"auto","background-attachment":"scroll","background-type":"","background-media":"","overlay-type":"","overlay-color":"","overlay-opacity":"","overlay-gradient":""},"mobile":{"background-color":"var(--ast-global-color-5)","background-image":"","background-repeat":"repeat","background-position":"center center","background-size":"auto","background-attachment":"scroll","background-type":"","background-media":"","overlay-type":"","overlay-color":"","overlay-opacity":"","overlay-gradient":""}}},"pwb-brand":[4103],"product_brand":[],"product_cat":[4500,1384,1983,2178],"product_tag":[1988,1985,1986,130,1987],"class_list":{"0":"post-53151","1":"product","2":"type-product","3":"status-publish","4":"has-post-thumbnail","6":"pwb-brand-liewood","7":"product_cat-10-20e","8":"product_cat-gots","9":"product_cat-liewood","10":"product_cat-tornada-a-lescola","11":"product_tag-boquilla-aprendizaje","12":"product_tag-liewood","13":"product_tag-neil-cup","14":"product_tag-silicona","15":"product_tag-taza","16":"desktop-align-left","17":"tablet-align-left","18":"mobile-align-left","20":"first","21":"instock","22":"taxable","23":"shipping-taxable","24":"purchasable","25":"product-type-simple"},"acf":[],"yoast_head":"<!-- This site is optimized with the Yoast SEO Premium plugin v18.3 (Yoast SEO v26.2) - https:\/\/yoast.com\/wordpress\/plugins\/seo\/ -->\n<title>Got d&#039;aprenentatge &quot;Neil&quot; Shell - Liewood &#8212; Som Llavors<\/title>\n<meta name=\"description\" content=\"Perfecte per dominar l&#039;habilitat de beure, t\u00e9 una tapa removible amb una petita obertura. Les nanses asseguren una subjecci\u00f3 ferma i permeten que l&#039;infant practiqui sostenir i inclinar i preparar-se per fer servir una tassa oberta.\" \/>\n<meta name=\"robots\" content=\"index, follow, max-snippet:-1, max-image-preview:large, max-video-preview:-1\" \/>\n<link rel=\"canonical\" href=\"https:\/\/somllavors.com\/es\/producte\/got-daprenentatge-neil-cup-shell-liewood\" \/>\n<meta property=\"og:locale\" content=\"es_ES\" \/>\n<meta property=\"og:type\" content=\"article\" \/>\n<meta property=\"og:title\" content=\"Got d&#039;aprenentatge &quot;Neil&quot; Shell - Liewood\" \/>\n<meta property=\"og:description\" content=\"La teva botiga d\u2019ecocrian\u00e7a i espai d\u2019acompanyament a la maternitat\" \/>\n<meta property=\"og:url\" content=\"https:\/\/somllavors.com\/es\/producte\/got-daprenentatge-neil-cup-shell-liewood\" \/>\n<meta property=\"og:site_name\" content=\"Som Llavors\" \/>\n<meta property=\"article:publisher\" content=\"https:\/\/www.facebook.com\/somllavorsvng\/?locale=ca_ES\" \/>\n<meta property=\"article:modified_time\" content=\"2026-02-28T11:40:48+00:00\" \/>\n<meta property=\"og:image\" content=\"https:\/\/somllavors.com\/wp-content\/uploads\/2024\/02\/Neil_Sippy_Cup_LW13060_1503_Shell_Pale_tuscany_1.jpg\" \/>\n\t<meta property=\"og:image:width\" content=\"900\" \/>\n\t<meta property=\"og:image:height\" content=\"900\" \/>\n\t<meta property=\"og:image:type\" content=\"image\/jpeg\" \/>\n<meta name=\"twitter:card\" content=\"summary_large_image\" \/>\n<meta name=\"twitter:label1\" content=\"Precio\" \/>\n\t<meta name=\"twitter:data1\" content=\"19,00&euro; Iva incl\u00f2s\" \/>\n\t<meta name=\"twitter:label2\" content=\"Availability\" \/>\n\t<meta name=\"twitter:data2\" content=\"Hay existencias\" \/>\n<script type=\"application\/ld+json\" class=\"yoast-schema-graph\">{\"@context\":\"https:\/\/schema.org\",\"@graph\":[{\"@type\":\"WebPage\",\"@id\":\"https:\/\/somllavors.com\/es\/producte\/got-daprenentatge-neil-cup-shell-liewood\",\"url\":\"https:\/\/somllavors.com\/es\/producte\/got-daprenentatge-neil-cup-shell-liewood\",\"name\":\"Got d'aprenentatge \\\"Neil\\\" Shell - Liewood &#8212; Som Llavors\",\"isPartOf\":{\"@id\":\"https:\/\/somllavors.com\/es#website\"},\"primaryImageOfPage\":{\"@id\":\"https:\/\/somllavors.com\/es\/producte\/got-daprenentatge-neil-cup-shell-liewood#primaryimage\"},\"image\":{\"@id\":\"https:\/\/somllavors.com\/es\/producte\/got-daprenentatge-neil-cup-shell-liewood#primaryimage\"},\"thumbnailUrl\":\"https:\/\/somllavors.com\/wp-content\/uploads\/2024\/02\/Neil_Sippy_Cup_LW13060_1503_Shell_Pale_tuscany_1.jpg\",\"datePublished\":\"2024-02-27T18:35:42+00:00\",\"dateModified\":\"2026-02-28T11:40:48+00:00\",\"description\":\"Perfecte per dominar l'habilitat de beure, t\u00e9 una tapa removible amb una petita obertura. Les nanses asseguren una subjecci\u00f3 ferma i permeten que l'infant practiqui sostenir i inclinar i preparar-se per fer servir una tassa oberta.\",\"breadcrumb\":{\"@id\":\"https:\/\/somllavors.com\/es\/producte\/got-daprenentatge-neil-cup-shell-liewood#breadcrumb\"},\"inLanguage\":\"es\",\"potentialAction\":[{\"@type\":\"ReadAction\",\"target\":[\"https:\/\/somllavors.com\/es\/producte\/got-daprenentatge-neil-cup-shell-liewood\"]}]},{\"@type\":\"ImageObject\",\"inLanguage\":\"es\",\"@id\":\"https:\/\/somllavors.com\/es\/producte\/got-daprenentatge-neil-cup-shell-liewood#primaryimage\",\"url\":\"https:\/\/somllavors.com\/wp-content\/uploads\/2024\/02\/Neil_Sippy_Cup_LW13060_1503_Shell_Pale_tuscany_1.jpg\",\"contentUrl\":\"https:\/\/somllavors.com\/wp-content\/uploads\/2024\/02\/Neil_Sippy_Cup_LW13060_1503_Shell_Pale_tuscany_1.jpg\",\"width\":900,\"height\":900,\"caption\":\"taza de aprendizaje\"},{\"@type\":\"BreadcrumbList\",\"@id\":\"https:\/\/somllavors.com\/es\/producte\/got-daprenentatge-neil-cup-shell-liewood#breadcrumb\",\"itemListElement\":[{\"@type\":\"ListItem\",\"position\":1,\"name\":\"Inici\",\"item\":\"https:\/\/somllavors.com\/es\"},{\"@type\":\"ListItem\",\"position\":2,\"name\":\"Tienda\",\"item\":\"https:\/\/somllavors.com\/es\/botiga-2\"},{\"@type\":\"ListItem\",\"position\":3,\"name\":\"Got d&#8217;aprenentatge &#8220;Neil&#8221; Shell &#8211; Liewood\"}]},{\"@type\":\"WebSite\",\"@id\":\"https:\/\/somllavors.com\/es#website\",\"url\":\"https:\/\/somllavors.com\/es\",\"name\":\"Som Llavors\",\"description\":\"Botiga de crian\u00e7a natural\",\"publisher\":{\"@id\":\"https:\/\/somllavors.com\/es#organization\"},\"alternateName\":\"Crian\u00e7a Natural i Sostenible\",\"potentialAction\":[{\"@type\":\"SearchAction\",\"target\":{\"@type\":\"EntryPoint\",\"urlTemplate\":\"https:\/\/somllavors.com\/es?s={search_term_string}\"},\"query-input\":{\"@type\":\"PropertyValueSpecification\",\"valueRequired\":true,\"valueName\":\"search_term_string\"}}],\"inLanguage\":\"es\"},{\"@type\":[\"Organization\",\"Place\",\"Store\"],\"@id\":\"https:\/\/somllavors.com\/es#organization\",\"name\":\"Som Llavors\",\"alternateName\":\"Crian\u00e7a Natural i Sostenible\",\"url\":\"https:\/\/somllavors.com\/es\",\"logo\":{\"@id\":\"https:\/\/somllavors.com\/es\/producte\/got-daprenentatge-neil-cup-shell-liewood#local-main-organization-logo\"},\"image\":{\"@id\":\"https:\/\/somllavors.com\/es\/producte\/got-daprenentatge-neil-cup-shell-liewood#local-main-organization-logo\"},\"sameAs\":[\"https:\/\/www.facebook.com\/somllavorsvng\/?locale=ca_ES\",\"https:\/\/www.instagram.com\/somllavors_vng\/\",\"https:\/\/www.youtube.com\/@somllavors\"],\"address\":{\"@id\":\"https:\/\/somllavors.com\/es\/producte\/got-daprenentatge-neil-cup-shell-liewood#local-main-place-address\"},\"geo\":{\"@type\":\"GeoCoordinates\",\"latitude\":\"41.2257737\",\"longitude\":\"1.723258859\"},\"telephone\":[\"623152704\"],\"openingHoursSpecification\":[{\"@type\":\"OpeningHoursSpecification\",\"dayOfWeek\":[\"Monday\",\"Sunday\"],\"opens\":\"00:00\",\"closes\":\"00:00\"},{\"@type\":\"OpeningHoursSpecification\",\"dayOfWeek\":[\"Tuesday\",\"Wednesday\",\"Thursday\",\"Friday\"],\"opens\":\"10:00\",\"closes\":\"20:00\"},{\"@type\":\"OpeningHoursSpecification\",\"dayOfWeek\":[\"Saturday\"],\"opens\":\"10:00\",\"closes\":\"13:30\"}],\"email\":\"info@somllavors.com\"},{\"@type\":\"PostalAddress\",\"@id\":\"https:\/\/somllavors.com\/es\/producte\/got-daprenentatge-neil-cup-shell-liewood#local-main-place-address\",\"streetAddress\":\"Carrer de l'aigua, 6\",\"addressLocality\":\"Vilanova i la Geltr\u00fa\",\"postalCode\":\"08800\",\"addressRegion\":\"Barcelona\",\"addressCountry\":\"ES\"},{\"@type\":\"ImageObject\",\"inLanguage\":\"es\",\"@id\":\"https:\/\/somllavors.com\/es\/producte\/got-daprenentatge-neil-cup-shell-liewood#local-main-organization-logo\",\"url\":\"https:\/\/somllavors.com\/wp-content\/uploads\/Logotip-Som-Llavors.jpg\",\"contentUrl\":\"https:\/\/somllavors.com\/wp-content\/uploads\/Logotip-Som-Llavors.jpg\",\"width\":1444,\"height\":1323,\"caption\":\"Som Llavors\"}]}<\/script>\n<meta property=\"product:price:amount\" content=\"19.00\" \/>\n<meta property=\"product:price:currency\" content=\"EUR\" \/>\n<meta property=\"og:availability\" content=\"instock\" \/>\n<meta property=\"product:availability\" content=\"instock\" \/>\n<meta property=\"product:retailer_item_id\" content=\"LW130601503\" \/>\n<meta property=\"product:condition\" content=\"new\" \/>\n<meta name=\"geo.placename\" content=\"Vilanova i la Geltr\u00fa\" \/>\n<meta name=\"geo.position\" content=\"41.2257737;1.723258859\" \/>\n<meta name=\"geo.region\" content=\"Espa\u00f1a\" \/>\n<!-- \/ Yoast SEO Premium plugin. -->","yoast_head_json":{"title":"Got d'aprenentatge \"Neil\" Shell - Liewood &#8212; Som Llavors","description":"Perfecte per dominar l'habilitat de beure, t\u00e9 una tapa removible amb una petita obertura. Les nanses asseguren una subjecci\u00f3 ferma i permeten que l'infant practiqui sostenir i inclinar i preparar-se per fer servir una tassa oberta.","robots":{"index":"index","follow":"follow","max-snippet":"max-snippet:-1","max-image-preview":"max-image-preview:large","max-video-preview":"max-video-preview:-1"},"canonical":"https:\/\/somllavors.com\/es\/producte\/got-daprenentatge-neil-cup-shell-liewood","og_locale":"es_ES","og_type":"article","og_title":"Got d'aprenentatge \"Neil\" Shell - Liewood","og_description":"La teva botiga d\u2019ecocrian\u00e7a i espai d\u2019acompanyament a la maternitat","og_url":"https:\/\/somllavors.com\/es\/producte\/got-daprenentatge-neil-cup-shell-liewood","og_site_name":"Som Llavors","article_publisher":"https:\/\/www.facebook.com\/somllavorsvng\/?locale=ca_ES","article_modified_time":"2026-02-28T11:40:48+00:00","og_image":[{"width":900,"height":900,"url":"https:\/\/somllavors.com\/wp-content\/uploads\/2024\/02\/Neil_Sippy_Cup_LW13060_1503_Shell_Pale_tuscany_1.jpg","type":"image\/jpeg"}],"twitter_card":"summary_large_image","twitter_misc":{"Precio":"19,00&euro; Iva incl\u00f2s","Availability":"Hay existencias"},"schema":{"@context":"https:\/\/schema.org","@graph":[{"@type":"WebPage","@id":"https:\/\/somllavors.com\/es\/producte\/got-daprenentatge-neil-cup-shell-liewood","url":"https:\/\/somllavors.com\/es\/producte\/got-daprenentatge-neil-cup-shell-liewood","name":"Got d'aprenentatge \"Neil\" Shell - Liewood &#8212; Som Llavors","isPartOf":{"@id":"https:\/\/somllavors.com\/es#website"},"primaryImageOfPage":{"@id":"https:\/\/somllavors.com\/es\/producte\/got-daprenentatge-neil-cup-shell-liewood#primaryimage"},"image":{"@id":"https:\/\/somllavors.com\/es\/producte\/got-daprenentatge-neil-cup-shell-liewood#primaryimage"},"thumbnailUrl":"https:\/\/somllavors.com\/wp-content\/uploads\/2024\/02\/Neil_Sippy_Cup_LW13060_1503_Shell_Pale_tuscany_1.jpg","datePublished":"2024-02-27T18:35:42+00:00","dateModified":"2026-02-28T11:40:48+00:00","description":"Perfecte per dominar l'habilitat de beure, t\u00e9 una tapa removible amb una petita obertura. Les nanses asseguren una subjecci\u00f3 ferma i permeten que l'infant practiqui sostenir i inclinar i preparar-se per fer servir una tassa oberta.","breadcrumb":{"@id":"https:\/\/somllavors.com\/es\/producte\/got-daprenentatge-neil-cup-shell-liewood#breadcrumb"},"inLanguage":"es","potentialAction":[{"@type":"ReadAction","target":["https:\/\/somllavors.com\/es\/producte\/got-daprenentatge-neil-cup-shell-liewood"]}]},{"@type":"ImageObject","inLanguage":"es","@id":"https:\/\/somllavors.com\/es\/producte\/got-daprenentatge-neil-cup-shell-liewood#primaryimage","url":"https:\/\/somllavors.com\/wp-content\/uploads\/2024\/02\/Neil_Sippy_Cup_LW13060_1503_Shell_Pale_tuscany_1.jpg","contentUrl":"https:\/\/somllavors.com\/wp-content\/uploads\/2024\/02\/Neil_Sippy_Cup_LW13060_1503_Shell_Pale_tuscany_1.jpg","width":900,"height":900,"caption":"taza de aprendizaje"},{"@type":"BreadcrumbList","@id":"https:\/\/somllavors.com\/es\/producte\/got-daprenentatge-neil-cup-shell-liewood#breadcrumb","itemListElement":[{"@type":"ListItem","position":1,"name":"Inici","item":"https:\/\/somllavors.com\/es"},{"@type":"ListItem","position":2,"name":"Tienda","item":"https:\/\/somllavors.com\/es\/botiga-2"},{"@type":"ListItem","position":3,"name":"Got d&#8217;aprenentatge &#8220;Neil&#8221; Shell &#8211; Liewood"}]},{"@type":"WebSite","@id":"https:\/\/somllavors.com\/es#website","url":"https:\/\/somllavors.com\/es","name":"Som Llavors","description":"Botiga de crian\u00e7a natural","publisher":{"@id":"https:\/\/somllavors.com\/es#organization"},"alternateName":"Crian\u00e7a Natural i Sostenible","potentialAction":[{"@type":"SearchAction","target":{"@type":"EntryPoint","urlTemplate":"https:\/\/somllavors.com\/es?s={search_term_string}"},"query-input":{"@type":"PropertyValueSpecification","valueRequired":true,"valueName":"search_term_string"}}],"inLanguage":"es"},{"@type":["Organization","Place","Store"],"@id":"https:\/\/somllavors.com\/es#organization","name":"Som Llavors","alternateName":"Crian\u00e7a Natural i Sostenible","url":"https:\/\/somllavors.com\/es","logo":{"@id":"https:\/\/somllavors.com\/es\/producte\/got-daprenentatge-neil-cup-shell-liewood#local-main-organization-logo"},"image":{"@id":"https:\/\/somllavors.com\/es\/producte\/got-daprenentatge-neil-cup-shell-liewood#local-main-organization-logo"},"sameAs":["https:\/\/www.facebook.com\/somllavorsvng\/?locale=ca_ES","https:\/\/www.instagram.com\/somllavors_vng\/","https:\/\/www.youtube.com\/@somllavors"],"address":{"@id":"https:\/\/somllavors.com\/es\/producte\/got-daprenentatge-neil-cup-shell-liewood#local-main-place-address"},"geo":{"@type":"GeoCoordinates","latitude":"41.2257737","longitude":"1.723258859"},"telephone":["623152704","623152704"],"openingHoursSpecification":[{"@type":"OpeningHoursSpecification","dayOfWeek":["Monday","Sunday"],"opens":"00:00","closes":"00:00"},{"@type":"OpeningHoursSpecification","dayOfWeek":["Tuesday","Wednesday","Thursday","Friday"],"opens":"10:00","closes":"20:00"},{"@type":"OpeningHoursSpecification","dayOfWeek":["Saturday"],"opens":"10:00","closes":"13:30"}],"email":"info@somllavors.com"},{"@type":"PostalAddress","@id":"https:\/\/somllavors.com\/es\/producte\/got-daprenentatge-neil-cup-shell-liewood#local-main-place-address","streetAddress":"Carrer de l'aigua, 6","addressLocality":"Vilanova i la Geltr\u00fa","postalCode":"08800","addressRegion":"Barcelona","addressCountry":"ES"},{"@type":"ImageObject","inLanguage":"es","@id":"https:\/\/somllavors.com\/es\/producte\/got-daprenentatge-neil-cup-shell-liewood#local-main-organization-logo","url":"https:\/\/somllavors.com\/wp-content\/uploads\/Logotip-Som-Llavors.jpg","contentUrl":"https:\/\/somllavors.com\/wp-content\/uploads\/Logotip-Som-Llavors.jpg","width":1444,"height":1323,"caption":"Som Llavors"}]},"product_price_amount":"19.00","product_price_currency":"EUR","og_availability":"instock","product_availability":"instock","product_retailer_item_id":"LW130601503","product_condition":"new","geo.placename":"Vilanova i la Geltr\u00fa","geo.position":{"lat":"41.2257737","long":"1.723258859"},"geo.region":"Espa\u00f1a"},"brands":[{"id":4103,"name":"Liewood","slug":"liewood"}],"_links":{"self":[{"href":"https:\/\/somllavors.com\/es\/wp-json\/wp\/v2\/product\/53151","targetHints":{"allow":["GET"]}}],"collection":[{"href":"https:\/\/somllavors.com\/es\/wp-json\/wp\/v2\/product"}],"about":[{"href":"https:\/\/somllavors.com\/es\/wp-json\/wp\/v2\/types\/product"}],"wp:featuredmedia":[{"embeddable":true,"href":"https:\/\/somllavors.com\/es\/wp-json\/wp\/v2\/media\/53158"}],"wp:attachment":[{"href":"https:\/\/somllavors.com\/es\/wp-json\/wp\/v2\/media?parent=53151"}],"wp:term":[{"taxonomy":"pwb-brand","embeddable":true,"href":"https:\/\/somllavors.com\/es\/wp-json\/wp\/v2\/pwb-brand?post=53151"},{"taxonomy":"product_brand","embeddable":true,"href":"https:\/\/somllavors.com\/es\/wp-json\/wp\/v2\/product_brand?post=53151"},{"taxonomy":"product_cat","embeddable":true,"href":"https:\/\/somllavors.com\/es\/wp-json\/wp\/v2\/product_cat?post=53151"},{"taxonomy":"product_tag","embeddable":true,"href":"https:\/\/somllavors.com\/es\/wp-json\/wp\/v2\/product_tag?post=53151"}],"curies":[{"name":"wp","href":"https:\/\/api.w.org\/{rel}","templated":true}]}}