{"id":53268,"date":"2024-02-29T19:37:24","date_gmt":"2024-02-29T18:37:24","guid":{"rendered":"https:\/\/somllavors.com\/?post_type=product&#038;p=53268"},"modified":"2025-06-25T10:48:08","modified_gmt":"2025-06-25T08:48:08","slug":"sandalies-encunyades-white-baby-lobitos","status":"publish","type":"product","link":"https:\/\/somllavors.com\/es\/producte\/sandalies-encunyades-white-baby-lobitos","title":{"rendered":"Sand\u00e0lies encunyades White &#8211; Baby Lobitos"},"content":{"rendered":"<ul>\n<li>La l\u00ednia de cal\u00e7at Paulitos est\u00e0 pensada per a infants que caminen.<\/li>\n<li>Aquestes sabates s\u00f3n respectuoses amb el desenvolupament natural i la postura del peu.<\/li>\n<li>Plantilla extra\u00efble microperforada.<\/li>\n<li>Tenen una sola fina de 3 mm, que \u00e9s plana i molt flexible, una plantilla que es pot extreure i sense elements anat\u00f2mics que puguin interferir en la marxa de l&#8217;infant.<\/li>\n<li>Estan fabricades sense contraforts i amb una forma recta i ampla per davant que afavoreix la llibertat dels dits i el seu creixement.<\/li>\n<li>\u00c9s un cal\u00e7at veg\u00e0, fabricat amb teixits i teles t\u00e8cniques d&#8217;alta qualitat. Es poden rentar a la rentadora.<\/li>\n<\/ul>\n<p>Del 21 al 25 &#8211; Sola plana enganxada a la banda.<\/p>\n<p>Del 26 al 29 &#8211; Sola amb puntera pujada i cosida (sense banda) T\u00e9 el mateix gruix (3mm) l&#8217;al\u00e7ada nom\u00e9s \u00e9s embellidor.<\/p>\n<p>Del 30 al 35 &#8211; Forma anat\u00f2mica amb peu dret i esquerre, sola de barca enganxada i cosida de 3,5mm. L&#8217;al\u00e7ada nom\u00e9s \u00e9s embellidor.<\/p>\n<p>&nbsp;<\/p>\n<p>Pel que fa a l\u2019elecci\u00f3 de la talla, s\u2019ha de mesurar la llargada del peu de l\u2019infant, des del tal\u00f3 fins el dit m\u00e9s llarg. D\u2019ample, per la zona dels metatarsians. Un cop obtinguts els cm que fa, escollirem el cal\u00e7at, tenint en compte que s\u2019ha d\u2019afegir un marge d\u20191 cm de llarg i de 0,3 mm d\u2019ample i escollir aquella talla que est\u00e0 m\u00e9s a la vora d\u2019aquestes mesures.<\/p>\n<p>Les mesures del cal\u00e7at s\u00f3n els seg\u00fcents:<\/p>\n<p>TALLA DEL CAL\u00c7AT (llarg x ample)<\/p>\n<ul>\n<li>21 \u2192 13,5 x 6<\/li>\n<li>22 \u2192 14 x 6<\/li>\n<li>23 \u2192 14,5 x 6<\/li>\n<li>24 \u2192 15,5 x 6,5<\/li>\n<li>25 \u2192 16 x 6,5<\/li>\n<li>26 \u2192 16,5 x 6,8<\/li>\n<li>27 \u2192 17 x 6,8<\/li>\n<li>28 \u2192 18 x 7<\/li>\n<li>29 \u2192 18,5 x 7<\/li>\n<li>30\u2192 19 x 7,5<\/li>\n<li>31 \u2192 19,5 x 7,5<\/li>\n<li>32 \u2192 20 x 8<\/li>\n<li>33 \u2192 21,5 x 8<\/li>\n<li>34 \u2192 22 x 8,5<\/li>\n<li>35 \u2192 22,5 x 8,5<\/li>\n<\/ul>\n<p>Es recomana que es medeixin els dos peus, ja que normalment n\u2019hi ha un que \u00e9s m\u00e9s gran. Ens quedarem amb el que tingui una mesura superior.<\/p>\n","protected":false},"excerpt":{"rendered":"<p>Les sand\u00e0lies encunyades de Baby Lobitos estan fetes amb un teixit veg\u00e0 d&#8217;alta resist\u00e8ncia als frecs. S\u00f3n transpirables, hidr\u00f2fugues i unisex.<\/p>\n<ul>\n<li><span style=\"font-size: 16px;\">Ideals per a usar durant l&#8217;estiu o a la tardor i primavera amb uns mitjonets.\u00a0<\/span><\/li>\n<li>Compten amb una sola fina (3mm), plana i flexible amb la plantilla extra\u00efble<\/li>\n<li>Hi ha quatre models, els tres amb una combinaci\u00f3 de colors per a aquells\/es que no volen estampats: el mostassa, el blau, el crema i el blanc.<\/li>\n<li>Velcro a l&#8217;exterior de la sabata.<\/li>\n<li>Es poden posar a la rentadora.<\/li>\n<\/ul>\n","protected":false},"featured_media":53306,"template":"","meta":{"_acf_changed":false,"site-sidebar-layout":"default","site-content-layout":"default","ast-site-content-layout":"default","site-content-style":"default","site-sidebar-style":"default","ast-global-header-display":"","ast-banner-title-visibility":"","ast-main-header-display":"","ast-hfb-above-header-display":"","ast-hfb-below-header-display":"","ast-hfb-mobile-header-display":"","site-post-title":"","ast-breadcrumbs-content":"","ast-featured-img":"","footer-sml-layout":"","ast-disable-related-posts":"","theme-transparent-header-meta":"default","adv-header-id-meta":"","stick-header-meta":"","header-above-stick-meta":"","header-main-stick-meta":"","header-below-stick-meta":"","astra-migrate-meta-layouts":"set","ast-page-background-enabled":"default","ast-page-background-meta":{"desktop":{"background-color":"","background-image":"","background-repeat":"repeat","background-position":"center center","background-size":"auto","background-attachment":"scroll","background-type":"","background-media":"","overlay-type":"","overlay-color":"","overlay-opacity":"","overlay-gradient":""},"tablet":{"background-color":"","background-image":"","background-repeat":"repeat","background-position":"center center","background-size":"auto","background-attachment":"scroll","background-type":"","background-media":"","overlay-type":"","overlay-color":"","overlay-opacity":"","overlay-gradient":""},"mobile":{"background-color":"","background-image":"","background-repeat":"repeat","background-position":"center center","background-size":"auto","background-attachment":"scroll","background-type":"","background-media":"","overlay-type":"","overlay-color":"","overlay-opacity":"","overlay-gradient":""}},"ast-content-background-meta":{"desktop":{"background-color":"var(--ast-global-color-5)","background-image":"","background-repeat":"repeat","background-position":"center center","background-size":"auto","background-attachment":"scroll","background-type":"","background-media":"","overlay-type":"","overlay-color":"","overlay-opacity":"","overlay-gradient":""},"tablet":{"background-color":"var(--ast-global-color-5)","background-image":"","background-repeat":"repeat","background-position":"center center","background-size":"auto","background-attachment":"scroll","background-type":"","background-media":"","overlay-type":"","overlay-color":"","overlay-opacity":"","overlay-gradient":""},"mobile":{"background-color":"var(--ast-global-color-5)","background-image":"","background-repeat":"repeat","background-position":"center center","background-size":"auto","background-attachment":"scroll","background-type":"","background-media":"","overlay-type":"","overlay-color":"","overlay-opacity":"","overlay-gradient":""}}},"pwb-brand":[4097],"product_brand":[],"product_cat":[212,4645,4894,4644,4893,3729],"product_tag":[285,369,640,365,520],"class_list":{"0":"post-53268","1":"product","2":"type-product","3":"status-publish","4":"has-post-thumbnail","6":"pwb-brand-baby-lobitos","7":"product_cat-baby-lobitos","8":"product_cat-talles-grans","9":"product_cat-talles-grans-25-35","10":"product_cat-talles-petites","11":"product_cat-talles-petites-18-26","12":"product_cat-troqueladas","13":"product_tag-baby-lobitos","14":"product_tag-barefoot","15":"product_tag-calzado-respetuoso","16":"product_tag-lobitos","17":"product_tag-paulitos","18":"pa_talla-280","19":"pa_talla-281","20":"pa_talla-282","21":"pa_talla-283","22":"pa_talla-284","23":"pa_talla-359","24":"pa_talla-360","25":"pa_talla-361","26":"pa_talla-362","27":"pa_talla-3083","28":"pa_talla-3084","29":"pa_talla-3085","30":"pa_talla-3086","31":"pa_talla-3087","32":"pa_talla-3088","33":"desktop-align-left","34":"tablet-align-left","35":"mobile-align-left","37":"first","38":"instock","39":"taxable","40":"shipping-taxable","41":"purchasable","42":"product-type-variable"},"acf":[],"yoast_head":"<!-- This site is optimized with the Yoast SEO Premium plugin v18.3 (Yoast SEO v27.4) - https:\/\/yoast.com\/product\/yoast-seo-premium-wordpress\/ -->\n<title>Sand\u00e0lies encunyades White - Baby Lobitos &#8212; Som Llavors<\/title>\n<meta name=\"description\" content=\"Les sand\u00e0lies encunyades de Baby Lobitos estan fetes amb un teixit veg\u00e0 d&#039;alta resist\u00e8ncia als frecs. S\u00f3n transpirables, hidr\u00f2fugues i unisex.   Ideals per a usar durant l&#039;estiu o a la tardor i primavera amb uns mitjonets.\u00a0  Compten amb una sola fina (3mm), plana i flexible amb la plantilla extra\u00efble  Hi ha quatre models, els tres amb una combinaci\u00f3 de colors per a aquells\/es que no volen estampats: el mostassa, el blau, el crema i el blanc.  Velcro a l&#039;exterior de la sabata.  Es poden posar a la rentadora.\" \/>\n<meta name=\"robots\" content=\"index, follow, max-snippet:-1, max-image-preview:large, max-video-preview:-1\" \/>\n<link rel=\"canonical\" href=\"https:\/\/somllavors.com\/es\/producte\/sandalies-encunyades-white-baby-lobitos\" \/>\n<meta property=\"og:locale\" content=\"es_ES\" \/>\n<meta property=\"og:type\" content=\"article\" \/>\n<meta property=\"og:title\" content=\"Sand\u00e0lies encunyades White - Baby Lobitos\" \/>\n<meta property=\"og:description\" content=\"La teva botiga d\u2019ecocrian\u00e7a i espai d\u2019acompanyament a la maternitat\" \/>\n<meta property=\"og:url\" content=\"https:\/\/somllavors.com\/es\/producte\/sandalies-encunyades-white-baby-lobitos\" \/>\n<meta property=\"og:site_name\" content=\"Som Llavors\" \/>\n<meta property=\"article:publisher\" content=\"https:\/\/www.facebook.com\/somllavorsvng\/?locale=ca_ES\" \/>\n<meta property=\"article:modified_time\" content=\"2025-06-25T08:48:08+00:00\" \/>\n<meta property=\"og:image\" content=\"https:\/\/somllavors.com\/wp-content\/uploads\/2024\/02\/troqueladas_blancas-4.jpg\" \/>\n\t<meta property=\"og:image:width\" content=\"760\" \/>\n\t<meta property=\"og:image:height\" content=\"760\" \/>\n\t<meta property=\"og:image:type\" content=\"image\/jpeg\" \/>\n<meta name=\"twitter:card\" content=\"summary_large_image\" \/>\n<meta name=\"twitter:label1\" content=\"Availability\" \/>\n\t<meta name=\"twitter:data1\" content=\"Hay existencias\" \/>\n<script type=\"application\/ld+json\" class=\"yoast-schema-graph\">{\"@context\":\"https:\\\/\\\/schema.org\",\"@graph\":[{\"@type\":\"WebPage\",\"@id\":\"https:\\\/\\\/somllavors.com\\\/es\\\/producte\\\/sandalies-encunyades-white-baby-lobitos\",\"url\":\"https:\\\/\\\/somllavors.com\\\/es\\\/producte\\\/sandalies-encunyades-white-baby-lobitos\",\"name\":\"Sand\u00e0lies encunyades White - Baby Lobitos &#8212; Som Llavors\",\"isPartOf\":{\"@id\":\"https:\\\/\\\/somllavors.com\\\/es#website\"},\"primaryImageOfPage\":{\"@id\":\"https:\\\/\\\/somllavors.com\\\/es\\\/producte\\\/sandalies-encunyades-white-baby-lobitos#primaryimage\"},\"image\":{\"@id\":\"https:\\\/\\\/somllavors.com\\\/es\\\/producte\\\/sandalies-encunyades-white-baby-lobitos#primaryimage\"},\"thumbnailUrl\":\"https:\\\/\\\/somllavors.com\\\/wp-content\\\/uploads\\\/2024\\\/02\\\/troqueladas_blancas-4.jpg\",\"datePublished\":\"2024-02-29T18:37:24+00:00\",\"dateModified\":\"2025-06-25T08:48:08+00:00\",\"description\":\"Les sand\u00e0lies encunyades de Baby Lobitos estan fetes amb un teixit veg\u00e0 d'alta resist\u00e8ncia als frecs. S\u00f3n transpirables, hidr\u00f2fugues i unisex. Ideals per a usar durant l'estiu o a la tardor i primavera amb uns mitjonets.\u00a0 Compten amb una sola fina (3mm), plana i flexible amb la plantilla extra\u00efble Hi ha quatre models, els tres amb una combinaci\u00f3 de colors per a aquells\\\/es que no volen estampats: el mostassa, el blau, el crema i el blanc. Velcro a l'exterior de la sabata. Es poden posar a la rentadora.\",\"breadcrumb\":{\"@id\":\"https:\\\/\\\/somllavors.com\\\/es\\\/producte\\\/sandalies-encunyades-white-baby-lobitos#breadcrumb\"},\"inLanguage\":\"es\",\"potentialAction\":[{\"@type\":\"ReadAction\",\"target\":[\"https:\\\/\\\/somllavors.com\\\/es\\\/producte\\\/sandalies-encunyades-white-baby-lobitos\"]}]},{\"@type\":\"ImageObject\",\"inLanguage\":\"es\",\"@id\":\"https:\\\/\\\/somllavors.com\\\/es\\\/producte\\\/sandalies-encunyades-white-baby-lobitos#primaryimage\",\"url\":\"https:\\\/\\\/somllavors.com\\\/wp-content\\\/uploads\\\/2024\\\/02\\\/troqueladas_blancas-4.jpg\",\"contentUrl\":\"https:\\\/\\\/somllavors.com\\\/wp-content\\\/uploads\\\/2024\\\/02\\\/troqueladas_blancas-4.jpg\",\"width\":760,\"height\":760,\"caption\":\"troqueladas blancas baby lobitos\"},{\"@type\":\"BreadcrumbList\",\"@id\":\"https:\\\/\\\/somllavors.com\\\/es\\\/producte\\\/sandalies-encunyades-white-baby-lobitos#breadcrumb\",\"itemListElement\":[{\"@type\":\"ListItem\",\"position\":1,\"name\":\"Inici\",\"item\":\"https:\\\/\\\/somllavors.com\\\/es\"},{\"@type\":\"ListItem\",\"position\":2,\"name\":\"Tienda\",\"item\":\"https:\\\/\\\/somllavors.com\\\/es\\\/botiga-2\"},{\"@type\":\"ListItem\",\"position\":3,\"name\":\"Sand\u00e0lies encunyades White &#8211; Baby Lobitos\"}]},{\"@type\":\"WebSite\",\"@id\":\"https:\\\/\\\/somllavors.com\\\/es#website\",\"url\":\"https:\\\/\\\/somllavors.com\\\/es\",\"name\":\"Som Llavors\",\"description\":\"Botiga de crian\u00e7a natural\",\"publisher\":{\"@id\":\"https:\\\/\\\/somllavors.com\\\/es#organization\"},\"alternateName\":\"Crian\u00e7a Natural i Sostenible\",\"potentialAction\":[{\"@type\":\"SearchAction\",\"target\":{\"@type\":\"EntryPoint\",\"urlTemplate\":\"https:\\\/\\\/somllavors.com\\\/es?s={search_term_string}\"},\"query-input\":{\"@type\":\"PropertyValueSpecification\",\"valueRequired\":true,\"valueName\":\"search_term_string\"}}],\"inLanguage\":\"es\"},{\"@type\":[\"Organization\",\"Place\",\"Store\"],\"@id\":\"https:\\\/\\\/somllavors.com\\\/es#organization\",\"name\":\"Som Llavors\",\"alternateName\":\"Crian\u00e7a Natural i Sostenible\",\"url\":\"https:\\\/\\\/somllavors.com\\\/es\",\"logo\":{\"@id\":\"https:\\\/\\\/somllavors.com\\\/es\\\/producte\\\/sandalies-encunyades-white-baby-lobitos#local-main-organization-logo\"},\"image\":{\"@id\":\"https:\\\/\\\/somllavors.com\\\/es\\\/producte\\\/sandalies-encunyades-white-baby-lobitos#local-main-organization-logo\"},\"sameAs\":[\"https:\\\/\\\/www.facebook.com\\\/somllavorsvng\\\/?locale=ca_ES\",\"https:\\\/\\\/www.instagram.com\\\/somllavors_vng\\\/\",\"https:\\\/\\\/www.youtube.com\\\/@somllavors\"],\"address\":{\"@id\":\"https:\\\/\\\/somllavors.com\\\/es\\\/producte\\\/sandalies-encunyades-white-baby-lobitos#local-main-place-address\"},\"geo\":{\"@type\":\"GeoCoordinates\",\"latitude\":\"41.2257737\",\"longitude\":\"1.723258859\"},\"telephone\":[\"623152704\"],\"openingHoursSpecification\":[{\"@type\":\"OpeningHoursSpecification\",\"dayOfWeek\":[\"Monday\",\"Sunday\"],\"opens\":\"00:00\",\"closes\":\"00:00\"},{\"@type\":\"OpeningHoursSpecification\",\"dayOfWeek\":[\"Tuesday\",\"Wednesday\",\"Thursday\",\"Friday\"],\"opens\":\"10:00\",\"closes\":\"20:00\"},{\"@type\":\"OpeningHoursSpecification\",\"dayOfWeek\":[\"Saturday\"],\"opens\":\"10:00\",\"closes\":\"13:30\"}],\"email\":\"info@somllavors.com\"},{\"@type\":\"PostalAddress\",\"@id\":\"https:\\\/\\\/somllavors.com\\\/es\\\/producte\\\/sandalies-encunyades-white-baby-lobitos#local-main-place-address\",\"streetAddress\":\"Carrer de l'aigua, 6\",\"addressLocality\":\"Vilanova i la Geltr\u00fa\",\"postalCode\":\"08800\",\"addressRegion\":\"Barcelona\",\"addressCountry\":\"ES\"},{\"@type\":\"ImageObject\",\"inLanguage\":\"es\",\"@id\":\"https:\\\/\\\/somllavors.com\\\/es\\\/producte\\\/sandalies-encunyades-white-baby-lobitos#local-main-organization-logo\",\"url\":\"https:\\\/\\\/somllavors.com\\\/wp-content\\\/uploads\\\/Logotip-Som-Llavors.jpg\",\"contentUrl\":\"https:\\\/\\\/somllavors.com\\\/wp-content\\\/uploads\\\/Logotip-Som-Llavors.jpg\",\"width\":1444,\"height\":1323,\"caption\":\"Som Llavors\"}]}<\/script>\n<meta property=\"og:availability\" content=\"instock\" \/>\n<meta property=\"product:availability\" content=\"instock\" \/>\n<meta property=\"product:condition\" content=\"new\" \/>\n<meta name=\"geo.placename\" content=\"Vilanova i la Geltr\u00fa\" \/>\n<meta name=\"geo.position\" content=\"41.2257737;1.723258859\" \/>\n<meta name=\"geo.region\" content=\"Espa\u00f1a\" \/>\n<!-- \/ Yoast SEO Premium plugin. -->","yoast_head_json":{"title":"Sand\u00e0lies encunyades White - Baby Lobitos &#8212; Som Llavors","description":"Les sand\u00e0lies encunyades de Baby Lobitos estan fetes amb un teixit veg\u00e0 d'alta resist\u00e8ncia als frecs. S\u00f3n transpirables, hidr\u00f2fugues i unisex.   Ideals per a usar durant l'estiu o a la tardor i primavera amb uns mitjonets.\u00a0  Compten amb una sola fina (3mm), plana i flexible amb la plantilla extra\u00efble  Hi ha quatre models, els tres amb una combinaci\u00f3 de colors per a aquells\/es que no volen estampats: el mostassa, el blau, el crema i el blanc.  Velcro a l'exterior de la sabata.  Es poden posar a la rentadora.","robots":{"index":"index","follow":"follow","max-snippet":"max-snippet:-1","max-image-preview":"max-image-preview:large","max-video-preview":"max-video-preview:-1"},"canonical":"https:\/\/somllavors.com\/es\/producte\/sandalies-encunyades-white-baby-lobitos","og_locale":"es_ES","og_type":"article","og_title":"Sand\u00e0lies encunyades White - Baby Lobitos","og_description":"La teva botiga d\u2019ecocrian\u00e7a i espai d\u2019acompanyament a la maternitat","og_url":"https:\/\/somllavors.com\/es\/producte\/sandalies-encunyades-white-baby-lobitos","og_site_name":"Som Llavors","article_publisher":"https:\/\/www.facebook.com\/somllavorsvng\/?locale=ca_ES","article_modified_time":"2025-06-25T08:48:08+00:00","og_image":[{"width":760,"height":760,"url":"https:\/\/somllavors.com\/wp-content\/uploads\/2024\/02\/troqueladas_blancas-4.jpg","type":"image\/jpeg"}],"twitter_card":"summary_large_image","twitter_misc":{"Availability":"Hay existencias"},"schema":{"@context":"https:\/\/schema.org","@graph":[{"@type":"WebPage","@id":"https:\/\/somllavors.com\/es\/producte\/sandalies-encunyades-white-baby-lobitos","url":"https:\/\/somllavors.com\/es\/producte\/sandalies-encunyades-white-baby-lobitos","name":"Sand\u00e0lies encunyades White - Baby Lobitos &#8212; Som Llavors","isPartOf":{"@id":"https:\/\/somllavors.com\/es#website"},"primaryImageOfPage":{"@id":"https:\/\/somllavors.com\/es\/producte\/sandalies-encunyades-white-baby-lobitos#primaryimage"},"image":{"@id":"https:\/\/somllavors.com\/es\/producte\/sandalies-encunyades-white-baby-lobitos#primaryimage"},"thumbnailUrl":"https:\/\/somllavors.com\/wp-content\/uploads\/2024\/02\/troqueladas_blancas-4.jpg","datePublished":"2024-02-29T18:37:24+00:00","dateModified":"2025-06-25T08:48:08+00:00","description":"Les sand\u00e0lies encunyades de Baby Lobitos estan fetes amb un teixit veg\u00e0 d'alta resist\u00e8ncia als frecs. S\u00f3n transpirables, hidr\u00f2fugues i unisex. Ideals per a usar durant l'estiu o a la tardor i primavera amb uns mitjonets.\u00a0 Compten amb una sola fina (3mm), plana i flexible amb la plantilla extra\u00efble Hi ha quatre models, els tres amb una combinaci\u00f3 de colors per a aquells\/es que no volen estampats: el mostassa, el blau, el crema i el blanc. Velcro a l'exterior de la sabata. Es poden posar a la rentadora.","breadcrumb":{"@id":"https:\/\/somllavors.com\/es\/producte\/sandalies-encunyades-white-baby-lobitos#breadcrumb"},"inLanguage":"es","potentialAction":[{"@type":"ReadAction","target":["https:\/\/somllavors.com\/es\/producte\/sandalies-encunyades-white-baby-lobitos"]}]},{"@type":"ImageObject","inLanguage":"es","@id":"https:\/\/somllavors.com\/es\/producte\/sandalies-encunyades-white-baby-lobitos#primaryimage","url":"https:\/\/somllavors.com\/wp-content\/uploads\/2024\/02\/troqueladas_blancas-4.jpg","contentUrl":"https:\/\/somllavors.com\/wp-content\/uploads\/2024\/02\/troqueladas_blancas-4.jpg","width":760,"height":760,"caption":"troqueladas blancas baby lobitos"},{"@type":"BreadcrumbList","@id":"https:\/\/somllavors.com\/es\/producte\/sandalies-encunyades-white-baby-lobitos#breadcrumb","itemListElement":[{"@type":"ListItem","position":1,"name":"Inici","item":"https:\/\/somllavors.com\/es"},{"@type":"ListItem","position":2,"name":"Tienda","item":"https:\/\/somllavors.com\/es\/botiga-2"},{"@type":"ListItem","position":3,"name":"Sand\u00e0lies encunyades White &#8211; Baby Lobitos"}]},{"@type":"WebSite","@id":"https:\/\/somllavors.com\/es#website","url":"https:\/\/somllavors.com\/es","name":"Som Llavors","description":"Botiga de crian\u00e7a natural","publisher":{"@id":"https:\/\/somllavors.com\/es#organization"},"alternateName":"Crian\u00e7a Natural i Sostenible","potentialAction":[{"@type":"SearchAction","target":{"@type":"EntryPoint","urlTemplate":"https:\/\/somllavors.com\/es?s={search_term_string}"},"query-input":{"@type":"PropertyValueSpecification","valueRequired":true,"valueName":"search_term_string"}}],"inLanguage":"es"},{"@type":["Organization","Place","Store"],"@id":"https:\/\/somllavors.com\/es#organization","name":"Som Llavors","alternateName":"Crian\u00e7a Natural i Sostenible","url":"https:\/\/somllavors.com\/es","logo":{"@id":"https:\/\/somllavors.com\/es\/producte\/sandalies-encunyades-white-baby-lobitos#local-main-organization-logo"},"image":{"@id":"https:\/\/somllavors.com\/es\/producte\/sandalies-encunyades-white-baby-lobitos#local-main-organization-logo"},"sameAs":["https:\/\/www.facebook.com\/somllavorsvng\/?locale=ca_ES","https:\/\/www.instagram.com\/somllavors_vng\/","https:\/\/www.youtube.com\/@somllavors"],"address":{"@id":"https:\/\/somllavors.com\/es\/producte\/sandalies-encunyades-white-baby-lobitos#local-main-place-address"},"geo":{"@type":"GeoCoordinates","latitude":"41.2257737","longitude":"1.723258859"},"telephone":["623152704","623152704"],"openingHoursSpecification":[{"@type":"OpeningHoursSpecification","dayOfWeek":["Monday","Sunday"],"opens":"00:00","closes":"00:00"},{"@type":"OpeningHoursSpecification","dayOfWeek":["Tuesday","Wednesday","Thursday","Friday"],"opens":"10:00","closes":"20:00"},{"@type":"OpeningHoursSpecification","dayOfWeek":["Saturday"],"opens":"10:00","closes":"13:30"}],"email":"info@somllavors.com"},{"@type":"PostalAddress","@id":"https:\/\/somllavors.com\/es\/producte\/sandalies-encunyades-white-baby-lobitos#local-main-place-address","streetAddress":"Carrer de l'aigua, 6","addressLocality":"Vilanova i la Geltr\u00fa","postalCode":"08800","addressRegion":"Barcelona","addressCountry":"ES"},{"@type":"ImageObject","inLanguage":"es","@id":"https:\/\/somllavors.com\/es\/producte\/sandalies-encunyades-white-baby-lobitos#local-main-organization-logo","url":"https:\/\/somllavors.com\/wp-content\/uploads\/Logotip-Som-Llavors.jpg","contentUrl":"https:\/\/somllavors.com\/wp-content\/uploads\/Logotip-Som-Llavors.jpg","width":1444,"height":1323,"caption":"Som Llavors"}]},"og_availability":"instock","product_availability":"instock","product_condition":"new","geo.placename":"Vilanova i la Geltr\u00fa","geo.position":{"lat":"41.2257737","long":"1.723258859"},"geo.region":"Espa\u00f1a"},"brands":[{"id":4097,"name":"Baby Lobitos","slug":"baby-lobitos"}],"_links":{"self":[{"href":"https:\/\/somllavors.com\/es\/wp-json\/wp\/v2\/product\/53268","targetHints":{"allow":["GET"]}}],"collection":[{"href":"https:\/\/somllavors.com\/es\/wp-json\/wp\/v2\/product"}],"about":[{"href":"https:\/\/somllavors.com\/es\/wp-json\/wp\/v2\/types\/product"}],"wp:featuredmedia":[{"embeddable":true,"href":"https:\/\/somllavors.com\/es\/wp-json\/wp\/v2\/media\/53306"}],"wp:attachment":[{"href":"https:\/\/somllavors.com\/es\/wp-json\/wp\/v2\/media?parent=53268"}],"wp:term":[{"taxonomy":"pwb-brand","embeddable":true,"href":"https:\/\/somllavors.com\/es\/wp-json\/wp\/v2\/pwb-brand?post=53268"},{"taxonomy":"product_brand","embeddable":true,"href":"https:\/\/somllavors.com\/es\/wp-json\/wp\/v2\/product_brand?post=53268"},{"taxonomy":"product_cat","embeddable":true,"href":"https:\/\/somllavors.com\/es\/wp-json\/wp\/v2\/product_cat?post=53268"},{"taxonomy":"product_tag","embeddable":true,"href":"https:\/\/somllavors.com\/es\/wp-json\/wp\/v2\/product_tag?post=53268"}],"curies":[{"name":"wp","href":"https:\/\/api.w.org\/{rel}","templated":true}]}}