{"id":53607,"date":"2024-03-06T14:40:29","date_gmt":"2024-03-06T13:40:29","guid":{"rendered":"https:\/\/somllavors.com\/?post_type=product&#038;p=53607"},"modified":"2026-01-30T19:42:43","modified_gmt":"2026-01-30T18:42:43","slug":"samarreta-cargols-marins-anti-uv-play-up","status":"publish","type":"product","link":"https:\/\/somllavors.com\/es\/producte\/samarreta-cargols-marins-anti-uv-play-up","title":{"rendered":"Samarreta cargols marins Anti UV &#8211; Play Up"},"content":{"rendered":"<ul>\n<li>Certificacions<br \/>\nTotes les mat\u00e8ries primeres utilitzades per confeccionar aquesta pe\u00e7a tenen certificaci\u00f3 Standard 100 by OEKO-TEX, Classe I, i han estat testades per comprovar la pres\u00e8ncia de subst\u00e0ncies nocives per a la pell dels infants. Aquesta pe\u00e7a aporta una protecci\u00f3 extra anti-UV perqu\u00e8 els infants gaudeixin del sol amb m\u00e9s seguretat. Les fibres reciclades que s&#8217;han utilitzat en aquesta pe\u00e7a disposen de certificaci\u00f3 GRS (Global Recycled Standard), cosa que n&#8217;assegura la rastrejabilitat des de l&#8217;origen de la mat\u00e8ria primera. Aquesta norma exigeix que es compleixin els rigorosos requisits socials i ambientals corresponents aix\u00ed com garanteix l&#8217;abs\u00e8ncia de productes qu\u00edmics nocius.<\/li>\n<li>Guia de circularitat<br \/>\nPer tenir cura del planeta, us suggerim que feu rentadores completes, rentar en fred, un assecat de la roba a l&#8217;aire lliure i planxar nom\u00e9s si \u00e9s necessari. Si escolliu aquesta pe\u00e7a, esperem que la gaudiu al m\u00e0xim! Quan ja us sigui \u00fatil, recomanem donar-la o reciclar-la.<\/li>\n<li>Composici\u00f3<br \/>\n50.0% Cot\u00f3 Org\u00e0nic, 50.0% Cot\u00f3 Reciclat<\/li>\n<\/ul>\n","protected":false},"excerpt":{"rendered":"<p>Aquesta samarreta est\u00e0 confeccionada amb punt de barreja de cot\u00f3 org\u00e0nic i cot\u00f3 reciclat.<\/p>\n<ul>\n<li>\u00c9s un model amb coll rod\u00f3 i m\u00e0niga curta, t\u00e9 una obertura a l&#8217;espatlla amb botons de coco, una butxaca cangur a la part frontal i un estampat preci\u00f3s de cargols marins.<\/li>\n<\/ul>\n","protected":false},"featured_media":53769,"template":"","meta":{"_acf_changed":false,"site-sidebar-layout":"default","site-content-layout":"default","ast-site-content-layout":"default","site-content-style":"default","site-sidebar-style":"default","ast-global-header-display":"","ast-banner-title-visibility":"","ast-main-header-display":"","ast-hfb-above-header-display":"","ast-hfb-below-header-display":"","ast-hfb-mobile-header-display":"","site-post-title":"","ast-breadcrumbs-content":"","ast-featured-img":"","footer-sml-layout":"","theme-transparent-header-meta":"default","adv-header-id-meta":"","stick-header-meta":"","header-above-stick-meta":"","header-main-stick-meta":"","header-below-stick-meta":"","astra-migrate-meta-layouts":"default","ast-page-background-enabled":"default","ast-page-background-meta":{"desktop":{"background-color":"","background-image":"","background-repeat":"repeat","background-position":"center center","background-size":"auto","background-attachment":"scroll","background-type":"","background-media":"","overlay-type":"","overlay-color":"","overlay-opacity":"","overlay-gradient":""},"tablet":{"background-color":"","background-image":"","background-repeat":"repeat","background-position":"center center","background-size":"auto","background-attachment":"scroll","background-type":"","background-media":"","overlay-type":"","overlay-color":"","overlay-opacity":"","overlay-gradient":""},"mobile":{"background-color":"","background-image":"","background-repeat":"repeat","background-position":"center center","background-size":"auto","background-attachment":"scroll","background-type":"","background-media":"","overlay-type":"","overlay-color":"","overlay-opacity":"","overlay-gradient":""}},"ast-content-background-meta":{"desktop":{"background-color":"var(--ast-global-color-5)","background-image":"","background-repeat":"repeat","background-position":"center center","background-size":"auto","background-attachment":"scroll","background-type":"","background-media":"","overlay-type":"","overlay-color":"","overlay-opacity":"","overlay-gradient":""},"tablet":{"background-color":"var(--ast-global-color-5)","background-image":"","background-repeat":"repeat","background-position":"center center","background-size":"auto","background-attachment":"scroll","background-type":"","background-media":"","overlay-type":"","overlay-color":"","overlay-opacity":"","overlay-gradient":""},"mobile":{"background-color":"var(--ast-global-color-5)","background-image":"","background-repeat":"repeat","background-position":"center center","background-size":"auto","background-attachment":"scroll","background-type":"","background-media":"","overlay-type":"","overlay-color":"","overlay-opacity":"","overlay-gradient":""}}},"pwb-brand":[4112],"product_brand":[],"product_cat":[4638,3956],"product_tag":[3957],"class_list":{"0":"post-53607","1":"product","2":"type-product","3":"status-publish","4":"has-post-thumbnail","6":"pwb-brand-play-up","7":"product_cat-nado","8":"product_cat-roba","9":"product_tag-play-up","10":"pa_talla-12m","11":"pa_talla-18m","12":"pa_talla-24m","13":"pa_talla-3m","14":"pa_talla-6m","15":"pa_talla-9m","16":"desktop-align-left","17":"tablet-align-left","18":"mobile-align-left","20":"first","21":"instock","22":"taxable","23":"shipping-taxable","24":"purchasable","25":"product-type-variable"},"acf":[],"yoast_head":"<!-- This site is optimized with the Yoast SEO Premium plugin v18.3 (Yoast SEO v26.2) - https:\/\/yoast.com\/wordpress\/plugins\/seo\/ -->\n<title>Samarreta cargols marins Anti UV - Play Up &#8212; Som Llavors<\/title>\n<meta name=\"description\" content=\"Aquesta samarreta est\u00e0 confeccionada amb punt de barreja de cot\u00f3 org\u00e0nic i cot\u00f3 reciclat.   \u00c9s un model amb coll rod\u00f3 i m\u00e0niga curta, t\u00e9 una obertura a l&#039;espatlla amb botons de coco, una butxaca cangur a la part frontal i un estampat preci\u00f3s de cargols marins.\" \/>\n<meta name=\"robots\" content=\"index, follow, max-snippet:-1, max-image-preview:large, max-video-preview:-1\" \/>\n<link rel=\"canonical\" href=\"https:\/\/somllavors.com\/es\/producte\/samarreta-cargols-marins-anti-uv-play-up\" \/>\n<meta property=\"og:locale\" content=\"es_ES\" \/>\n<meta property=\"og:type\" content=\"article\" \/>\n<meta property=\"og:title\" content=\"Samarreta cargols marins Anti UV - Play Up\" \/>\n<meta property=\"og:description\" content=\"La teva botiga d\u2019ecocrian\u00e7a i espai d\u2019acompanyament a la maternitat\" \/>\n<meta property=\"og:url\" content=\"https:\/\/somllavors.com\/es\/producte\/samarreta-cargols-marins-anti-uv-play-up\" \/>\n<meta property=\"og:site_name\" content=\"Som Llavors\" \/>\n<meta property=\"article:publisher\" content=\"https:\/\/www.facebook.com\/somllavorsvng\/?locale=ca_ES\" \/>\n<meta property=\"article:modified_time\" content=\"2026-01-30T18:42:43+00:00\" \/>\n<meta property=\"og:image\" content=\"https:\/\/somllavors.com\/wp-content\/uploads\/2024\/03\/Som-Llavors-CAMISETA-JERSEY-ESTAMPADA-ANTI-UV-Play-Up-.jpeg\" \/>\n\t<meta property=\"og:image:width\" content=\"1920\" \/>\n\t<meta property=\"og:image:height\" content=\"2322\" \/>\n\t<meta property=\"og:image:type\" content=\"image\/jpeg\" \/>\n<meta name=\"twitter:card\" content=\"summary_large_image\" \/>\n<meta name=\"twitter:label1\" content=\"Availability\" \/>\n\t<meta name=\"twitter:data1\" content=\"Hay existencias\" \/>\n<script type=\"application\/ld+json\" class=\"yoast-schema-graph\">{\"@context\":\"https:\/\/schema.org\",\"@graph\":[{\"@type\":\"WebPage\",\"@id\":\"https:\/\/somllavors.com\/es\/producte\/samarreta-cargols-marins-anti-uv-play-up\",\"url\":\"https:\/\/somllavors.com\/es\/producte\/samarreta-cargols-marins-anti-uv-play-up\",\"name\":\"Samarreta cargols marins Anti UV - Play Up &#8212; Som Llavors\",\"isPartOf\":{\"@id\":\"https:\/\/somllavors.com\/es#website\"},\"primaryImageOfPage\":{\"@id\":\"https:\/\/somllavors.com\/es\/producte\/samarreta-cargols-marins-anti-uv-play-up#primaryimage\"},\"image\":{\"@id\":\"https:\/\/somllavors.com\/es\/producte\/samarreta-cargols-marins-anti-uv-play-up#primaryimage\"},\"thumbnailUrl\":\"https:\/\/somllavors.com\/wp-content\/uploads\/2024\/03\/Som-Llavors-CAMISETA-JERSEY-ESTAMPADA-ANTI-UV-Play-Up-.jpeg\",\"datePublished\":\"2024-03-06T13:40:29+00:00\",\"dateModified\":\"2026-01-30T18:42:43+00:00\",\"description\":\"Aquesta samarreta est\u00e0 confeccionada amb punt de barreja de cot\u00f3 org\u00e0nic i cot\u00f3 reciclat. \u00c9s un model amb coll rod\u00f3 i m\u00e0niga curta, t\u00e9 una obertura a l'espatlla amb botons de coco, una butxaca cangur a la part frontal i un estampat preci\u00f3s de cargols marins.\",\"breadcrumb\":{\"@id\":\"https:\/\/somllavors.com\/es\/producte\/samarreta-cargols-marins-anti-uv-play-up#breadcrumb\"},\"inLanguage\":\"es\",\"potentialAction\":[{\"@type\":\"ReadAction\",\"target\":[\"https:\/\/somllavors.com\/es\/producte\/samarreta-cargols-marins-anti-uv-play-up\"]}]},{\"@type\":\"ImageObject\",\"inLanguage\":\"es\",\"@id\":\"https:\/\/somllavors.com\/es\/producte\/samarreta-cargols-marins-anti-uv-play-up#primaryimage\",\"url\":\"https:\/\/somllavors.com\/wp-content\/uploads\/2024\/03\/Som-Llavors-CAMISETA-JERSEY-ESTAMPADA-ANTI-UV-Play-Up-.jpeg\",\"contentUrl\":\"https:\/\/somllavors.com\/wp-content\/uploads\/2024\/03\/Som-Llavors-CAMISETA-JERSEY-ESTAMPADA-ANTI-UV-Play-Up-.jpeg\",\"width\":1920,\"height\":2322,\"caption\":\"samarreta play up cargols de mar\"},{\"@type\":\"BreadcrumbList\",\"@id\":\"https:\/\/somllavors.com\/es\/producte\/samarreta-cargols-marins-anti-uv-play-up#breadcrumb\",\"itemListElement\":[{\"@type\":\"ListItem\",\"position\":1,\"name\":\"Inici\",\"item\":\"https:\/\/somllavors.com\/es\"},{\"@type\":\"ListItem\",\"position\":2,\"name\":\"Tienda\",\"item\":\"https:\/\/somllavors.com\/es\/botiga-2\"},{\"@type\":\"ListItem\",\"position\":3,\"name\":\"Samarreta cargols marins Anti UV &#8211; Play Up\"}]},{\"@type\":\"WebSite\",\"@id\":\"https:\/\/somllavors.com\/es#website\",\"url\":\"https:\/\/somllavors.com\/es\",\"name\":\"Som Llavors\",\"description\":\"Botiga de crian\u00e7a natural\",\"publisher\":{\"@id\":\"https:\/\/somllavors.com\/es#organization\"},\"alternateName\":\"Crian\u00e7a Natural i Sostenible\",\"potentialAction\":[{\"@type\":\"SearchAction\",\"target\":{\"@type\":\"EntryPoint\",\"urlTemplate\":\"https:\/\/somllavors.com\/es?s={search_term_string}\"},\"query-input\":{\"@type\":\"PropertyValueSpecification\",\"valueRequired\":true,\"valueName\":\"search_term_string\"}}],\"inLanguage\":\"es\"},{\"@type\":[\"Organization\",\"Place\",\"Store\"],\"@id\":\"https:\/\/somllavors.com\/es#organization\",\"name\":\"Som Llavors\",\"alternateName\":\"Crian\u00e7a Natural i Sostenible\",\"url\":\"https:\/\/somllavors.com\/es\",\"logo\":{\"@id\":\"https:\/\/somllavors.com\/es\/producte\/samarreta-cargols-marins-anti-uv-play-up#local-main-organization-logo\"},\"image\":{\"@id\":\"https:\/\/somllavors.com\/es\/producte\/samarreta-cargols-marins-anti-uv-play-up#local-main-organization-logo\"},\"sameAs\":[\"https:\/\/www.facebook.com\/somllavorsvng\/?locale=ca_ES\",\"https:\/\/www.instagram.com\/somllavors_vng\/\",\"https:\/\/www.youtube.com\/@somllavors\"],\"address\":{\"@id\":\"https:\/\/somllavors.com\/es\/producte\/samarreta-cargols-marins-anti-uv-play-up#local-main-place-address\"},\"geo\":{\"@type\":\"GeoCoordinates\",\"latitude\":\"41.2257737\",\"longitude\":\"1.723258859\"},\"telephone\":[\"623152704\"],\"openingHoursSpecification\":[{\"@type\":\"OpeningHoursSpecification\",\"dayOfWeek\":[\"Monday\",\"Sunday\"],\"opens\":\"00:00\",\"closes\":\"00:00\"},{\"@type\":\"OpeningHoursSpecification\",\"dayOfWeek\":[\"Tuesday\",\"Wednesday\",\"Thursday\",\"Friday\"],\"opens\":\"10:00\",\"closes\":\"20:00\"},{\"@type\":\"OpeningHoursSpecification\",\"dayOfWeek\":[\"Saturday\"],\"opens\":\"10:00\",\"closes\":\"13:30\"}],\"email\":\"info@somllavors.com\"},{\"@type\":\"PostalAddress\",\"@id\":\"https:\/\/somllavors.com\/es\/producte\/samarreta-cargols-marins-anti-uv-play-up#local-main-place-address\",\"streetAddress\":\"Carrer de l'aigua, 6\",\"addressLocality\":\"Vilanova i la Geltr\u00fa\",\"postalCode\":\"08800\",\"addressRegion\":\"Barcelona\",\"addressCountry\":\"ES\"},{\"@type\":\"ImageObject\",\"inLanguage\":\"es\",\"@id\":\"https:\/\/somllavors.com\/es\/producte\/samarreta-cargols-marins-anti-uv-play-up#local-main-organization-logo\",\"url\":\"https:\/\/somllavors.com\/wp-content\/uploads\/Logotip-Som-Llavors.jpg\",\"contentUrl\":\"https:\/\/somllavors.com\/wp-content\/uploads\/Logotip-Som-Llavors.jpg\",\"width\":1444,\"height\":1323,\"caption\":\"Som Llavors\"}]}<\/script>\n<meta property=\"og:availability\" content=\"instock\" \/>\n<meta property=\"product:availability\" content=\"instock\" \/>\n<meta property=\"product:retailer_item_id\" content=\"1AO11056E611N\" \/>\n<meta property=\"product:condition\" content=\"new\" \/>\n<meta name=\"geo.placename\" content=\"Vilanova i la Geltr\u00fa\" \/>\n<meta name=\"geo.position\" content=\"41.2257737;1.723258859\" \/>\n<meta name=\"geo.region\" content=\"Espa\u00f1a\" \/>\n<!-- \/ Yoast SEO Premium plugin. -->","yoast_head_json":{"title":"Samarreta cargols marins Anti UV - Play Up &#8212; Som Llavors","description":"Aquesta samarreta est\u00e0 confeccionada amb punt de barreja de cot\u00f3 org\u00e0nic i cot\u00f3 reciclat.   \u00c9s un model amb coll rod\u00f3 i m\u00e0niga curta, t\u00e9 una obertura a l'espatlla amb botons de coco, una butxaca cangur a la part frontal i un estampat preci\u00f3s de cargols marins.","robots":{"index":"index","follow":"follow","max-snippet":"max-snippet:-1","max-image-preview":"max-image-preview:large","max-video-preview":"max-video-preview:-1"},"canonical":"https:\/\/somllavors.com\/es\/producte\/samarreta-cargols-marins-anti-uv-play-up","og_locale":"es_ES","og_type":"article","og_title":"Samarreta cargols marins Anti UV - Play Up","og_description":"La teva botiga d\u2019ecocrian\u00e7a i espai d\u2019acompanyament a la maternitat","og_url":"https:\/\/somllavors.com\/es\/producte\/samarreta-cargols-marins-anti-uv-play-up","og_site_name":"Som Llavors","article_publisher":"https:\/\/www.facebook.com\/somllavorsvng\/?locale=ca_ES","article_modified_time":"2026-01-30T18:42:43+00:00","og_image":[{"width":1920,"height":2322,"url":"https:\/\/somllavors.com\/wp-content\/uploads\/2024\/03\/Som-Llavors-CAMISETA-JERSEY-ESTAMPADA-ANTI-UV-Play-Up-.jpeg","type":"image\/jpeg"}],"twitter_card":"summary_large_image","twitter_misc":{"Availability":"Hay existencias"},"schema":{"@context":"https:\/\/schema.org","@graph":[{"@type":"WebPage","@id":"https:\/\/somllavors.com\/es\/producte\/samarreta-cargols-marins-anti-uv-play-up","url":"https:\/\/somllavors.com\/es\/producte\/samarreta-cargols-marins-anti-uv-play-up","name":"Samarreta cargols marins Anti UV - Play Up &#8212; Som Llavors","isPartOf":{"@id":"https:\/\/somllavors.com\/es#website"},"primaryImageOfPage":{"@id":"https:\/\/somllavors.com\/es\/producte\/samarreta-cargols-marins-anti-uv-play-up#primaryimage"},"image":{"@id":"https:\/\/somllavors.com\/es\/producte\/samarreta-cargols-marins-anti-uv-play-up#primaryimage"},"thumbnailUrl":"https:\/\/somllavors.com\/wp-content\/uploads\/2024\/03\/Som-Llavors-CAMISETA-JERSEY-ESTAMPADA-ANTI-UV-Play-Up-.jpeg","datePublished":"2024-03-06T13:40:29+00:00","dateModified":"2026-01-30T18:42:43+00:00","description":"Aquesta samarreta est\u00e0 confeccionada amb punt de barreja de cot\u00f3 org\u00e0nic i cot\u00f3 reciclat. \u00c9s un model amb coll rod\u00f3 i m\u00e0niga curta, t\u00e9 una obertura a l'espatlla amb botons de coco, una butxaca cangur a la part frontal i un estampat preci\u00f3s de cargols marins.","breadcrumb":{"@id":"https:\/\/somllavors.com\/es\/producte\/samarreta-cargols-marins-anti-uv-play-up#breadcrumb"},"inLanguage":"es","potentialAction":[{"@type":"ReadAction","target":["https:\/\/somllavors.com\/es\/producte\/samarreta-cargols-marins-anti-uv-play-up"]}]},{"@type":"ImageObject","inLanguage":"es","@id":"https:\/\/somllavors.com\/es\/producte\/samarreta-cargols-marins-anti-uv-play-up#primaryimage","url":"https:\/\/somllavors.com\/wp-content\/uploads\/2024\/03\/Som-Llavors-CAMISETA-JERSEY-ESTAMPADA-ANTI-UV-Play-Up-.jpeg","contentUrl":"https:\/\/somllavors.com\/wp-content\/uploads\/2024\/03\/Som-Llavors-CAMISETA-JERSEY-ESTAMPADA-ANTI-UV-Play-Up-.jpeg","width":1920,"height":2322,"caption":"samarreta play up cargols de mar"},{"@type":"BreadcrumbList","@id":"https:\/\/somllavors.com\/es\/producte\/samarreta-cargols-marins-anti-uv-play-up#breadcrumb","itemListElement":[{"@type":"ListItem","position":1,"name":"Inici","item":"https:\/\/somllavors.com\/es"},{"@type":"ListItem","position":2,"name":"Tienda","item":"https:\/\/somllavors.com\/es\/botiga-2"},{"@type":"ListItem","position":3,"name":"Samarreta cargols marins Anti UV &#8211; Play Up"}]},{"@type":"WebSite","@id":"https:\/\/somllavors.com\/es#website","url":"https:\/\/somllavors.com\/es","name":"Som Llavors","description":"Botiga de crian\u00e7a natural","publisher":{"@id":"https:\/\/somllavors.com\/es#organization"},"alternateName":"Crian\u00e7a Natural i Sostenible","potentialAction":[{"@type":"SearchAction","target":{"@type":"EntryPoint","urlTemplate":"https:\/\/somllavors.com\/es?s={search_term_string}"},"query-input":{"@type":"PropertyValueSpecification","valueRequired":true,"valueName":"search_term_string"}}],"inLanguage":"es"},{"@type":["Organization","Place","Store"],"@id":"https:\/\/somllavors.com\/es#organization","name":"Som Llavors","alternateName":"Crian\u00e7a Natural i Sostenible","url":"https:\/\/somllavors.com\/es","logo":{"@id":"https:\/\/somllavors.com\/es\/producte\/samarreta-cargols-marins-anti-uv-play-up#local-main-organization-logo"},"image":{"@id":"https:\/\/somllavors.com\/es\/producte\/samarreta-cargols-marins-anti-uv-play-up#local-main-organization-logo"},"sameAs":["https:\/\/www.facebook.com\/somllavorsvng\/?locale=ca_ES","https:\/\/www.instagram.com\/somllavors_vng\/","https:\/\/www.youtube.com\/@somllavors"],"address":{"@id":"https:\/\/somllavors.com\/es\/producte\/samarreta-cargols-marins-anti-uv-play-up#local-main-place-address"},"geo":{"@type":"GeoCoordinates","latitude":"41.2257737","longitude":"1.723258859"},"telephone":["623152704","623152704"],"openingHoursSpecification":[{"@type":"OpeningHoursSpecification","dayOfWeek":["Monday","Sunday"],"opens":"00:00","closes":"00:00"},{"@type":"OpeningHoursSpecification","dayOfWeek":["Tuesday","Wednesday","Thursday","Friday"],"opens":"10:00","closes":"20:00"},{"@type":"OpeningHoursSpecification","dayOfWeek":["Saturday"],"opens":"10:00","closes":"13:30"}],"email":"info@somllavors.com"},{"@type":"PostalAddress","@id":"https:\/\/somllavors.com\/es\/producte\/samarreta-cargols-marins-anti-uv-play-up#local-main-place-address","streetAddress":"Carrer de l'aigua, 6","addressLocality":"Vilanova i la Geltr\u00fa","postalCode":"08800","addressRegion":"Barcelona","addressCountry":"ES"},{"@type":"ImageObject","inLanguage":"es","@id":"https:\/\/somllavors.com\/es\/producte\/samarreta-cargols-marins-anti-uv-play-up#local-main-organization-logo","url":"https:\/\/somllavors.com\/wp-content\/uploads\/Logotip-Som-Llavors.jpg","contentUrl":"https:\/\/somllavors.com\/wp-content\/uploads\/Logotip-Som-Llavors.jpg","width":1444,"height":1323,"caption":"Som Llavors"}]},"og_availability":"instock","product_availability":"instock","product_retailer_item_id":"1AO11056E611N","product_condition":"new","geo.placename":"Vilanova i la Geltr\u00fa","geo.position":{"lat":"41.2257737","long":"1.723258859"},"geo.region":"Espa\u00f1a"},"brands":[{"id":4112,"name":"Play Up","slug":"play-up"}],"_links":{"self":[{"href":"https:\/\/somllavors.com\/es\/wp-json\/wp\/v2\/product\/53607","targetHints":{"allow":["GET"]}}],"collection":[{"href":"https:\/\/somllavors.com\/es\/wp-json\/wp\/v2\/product"}],"about":[{"href":"https:\/\/somllavors.com\/es\/wp-json\/wp\/v2\/types\/product"}],"wp:featuredmedia":[{"embeddable":true,"href":"https:\/\/somllavors.com\/es\/wp-json\/wp\/v2\/media\/53769"}],"wp:attachment":[{"href":"https:\/\/somllavors.com\/es\/wp-json\/wp\/v2\/media?parent=53607"}],"wp:term":[{"taxonomy":"pwb-brand","embeddable":true,"href":"https:\/\/somllavors.com\/es\/wp-json\/wp\/v2\/pwb-brand?post=53607"},{"taxonomy":"product_brand","embeddable":true,"href":"https:\/\/somllavors.com\/es\/wp-json\/wp\/v2\/product_brand?post=53607"},{"taxonomy":"product_cat","embeddable":true,"href":"https:\/\/somllavors.com\/es\/wp-json\/wp\/v2\/product_cat?post=53607"},{"taxonomy":"product_tag","embeddable":true,"href":"https:\/\/somllavors.com\/es\/wp-json\/wp\/v2\/product_tag?post=53607"}],"curies":[{"name":"wp","href":"https:\/\/api.w.org\/{rel}","templated":true}]}}