{"id":54529,"date":"2024-03-18T17:25:14","date_gmt":"2024-03-18T16:25:14","guid":{"rendered":"https:\/\/somllavors.com\/?post_type=product&#038;p=54529"},"modified":"2024-03-19T18:05:35","modified_gmt":"2024-03-19T17:05:35","slug":"funda-per-besafe-izi-twist-turn-star-i-size-fundas-bcn","status":"publish","type":"product","link":"https:\/\/somllavors.com\/es\/producte\/funda-per-besafe-izi-twist-turn-star-i-size-fundas-bcn","title":{"rendered":"Funda per BeSafe Izi Twist\/Turn Star I-Size &#8211; Fundas Bcn"},"content":{"rendered":"<div class=\"product-tabs tabs\">\n<div id=\"tab-content\" class=\"tab-content\">\n<div id=\"description\" class=\"tab-pane fade in active\" role=\"tabpanel\" aria-expanded=\"true\">\n<div class=\"product-description\">\n<h3><strong>Incluye<\/strong><\/h3>\n<p>1 funda para la silla de coche.<\/p>\n<p>1 funda para el reposacabezas.<\/p>\n<p>2 cubre arneses.<\/p>\n<h3><strong>Compatibilidad y Medidas<\/strong><\/h3>\n<p>Dise\u00f1ada espec\u00edficamente para\u00a0los siguientes modelos de Besafe \u00ae:<\/p>\n<p>Besafe Izi Twist B I-size \u00ae.<\/p>\n<p>Besafe Izi Twist I-size \u00ae.<\/p>\n<p>Besafe Izi Turn I-size \u00ae.<\/p>\n<h3><strong>Composici\u00f3n y Lavado<\/strong><\/h3>\n<p>96% algod\u00f3n, 4% elastano<\/p>\n<p>Guata 60 gr. 100% poli\u00e9ster (cubre arneses)<\/p>\n<p><strong><img loading=\"lazy\" decoding=\"async\" src=\"https:\/\/www.fundasbcn.com\/img\/cms\/3.jpg\" alt=\"\" width=\"40\" height=\"40\" \/><\/strong>Lavable a m\u00e1quina hasta 30\u00ba<\/p>\n<p><strong><img loading=\"lazy\" decoding=\"async\" src=\"https:\/\/www.fundasbcn.com\/img\/cms\/01.jpg\" alt=\"\" width=\"40\" height=\"40\" \/><\/strong>No usar lej\u00eda<\/p>\n<p><img loading=\"lazy\" decoding=\"async\" src=\"https:\/\/www.fundasbcn.com\/img\/cms\/02%20(1).jpg\" alt=\"\" width=\"40\" height=\"40\" \/>No usar secadora<\/p>\n<p><img loading=\"lazy\" decoding=\"async\" src=\"https:\/\/www.fundasbcn.com\/img\/cms\/04.jpg\" alt=\"\" width=\"40\" height=\"40\" \/>No lavar en seco<\/p>\n<p><img loading=\"lazy\" decoding=\"async\" src=\"https:\/\/www.fundasbcn.com\/img\/cms\/03.jpg\" alt=\"\" width=\"40\" height=\"40\" \/>Si se requiere planchado, aplicar temperatura suave<\/p>\n<h3><strong>Caracter\u00edsticas<\/strong><\/h3>\n<p><strong>IMPORTANTE:\u00a0<\/strong>Colocar la funda sobre el tapizado original.<\/p>\n<p>En los modelos Izi Twist I-size \u00ae y Besafe\u00a0Izi Turn I-size \u00ae\u00a0el reductor se puede colocar debajo de la funda.<\/p>\n<p>La funda para el reductor\u00a0del modelo\u00a0Izi Twist B I-size \u00ae se vende a parte (ref. F248R\/0393).<\/p>\n<p>Las fundas para silla de coche de la colecci\u00f3n Whales y Amazonas est\u00e1n confeccionadas en algod\u00f3n org\u00e1nico.<\/p>\n<p><img loading=\"lazy\" decoding=\"async\" src=\"https:\/\/www.fundasbcn.com\/img\/cms\/10.jpg\" alt=\"\" width=\"40\" height=\"40\" \/>Algod\u00f3n de alta calidad.<\/p>\n<p><img loading=\"lazy\" decoding=\"async\" src=\"https:\/\/www.fundasbcn.com\/img\/cms\/06.jpg\" alt=\"\" width=\"40\" height=\"40\" \/>Hilo certificado Oeko-Tex.<\/p>\n<p><img loading=\"lazy\" decoding=\"async\" src=\"https:\/\/www.fundasbcn.com\/img\/cms\/11.jpg\" alt=\"\" width=\"40\" height=\"40\" \/>\u00a0Dise\u00f1o exclusivo Fun*das bcn.<\/p>\n<p><img loading=\"lazy\" decoding=\"async\" src=\"https:\/\/www.fundasbcn.com\/img\/cms\/09.jpg\" alt=\"\" width=\"40\" height=\"40\" \/>\u00a00% emisiones, Km 0 de verdad.<\/p>\n<p><img loading=\"lazy\" decoding=\"async\" src=\"https:\/\/www.fundasbcn.com\/img\/cms\/05.jpg\" alt=\"\" width=\"40\" height=\"40\" \/>Producto vegano: no contiene ingredientes o productos procedentes de animales.<\/p>\n<\/div>\n<\/div>\n<\/div>\n<\/div>\n","protected":false},"excerpt":{"rendered":"<p><strong>Funda para silla de coche Besafe Izi Twist B I-size \u00ae, Izi Twist I-size \u00ae, Izi Turn I-size \u00ae.\u00a0<\/strong>Dale una segunda vida a tu silla de coche, protegi\u00e9ndola de las manchas y del desgaste cotidiano gracias al resistente tejido de nuestras exclusivas fundas. Confeccionada a mano en nuestro taller de Fun*das bcn \u00ae, hemos incluido un par de\u00a0cubre arneses\u00a0para\u00a0ofrecerle <strong>m\u00e1s confort y seguridad a tu beb\u00e9 durante le viaje<\/strong>.<\/p>\n<p>&nbsp;<\/p>\n","protected":false},"featured_media":54541,"template":"","meta":{"_acf_changed":false,"site-sidebar-layout":"default","site-content-layout":"default","ast-site-content-layout":"default","site-content-style":"default","site-sidebar-style":"default","ast-global-header-display":"","ast-banner-title-visibility":"","ast-main-header-display":"","ast-hfb-above-header-display":"","ast-hfb-below-header-display":"","ast-hfb-mobile-header-display":"","site-post-title":"","ast-breadcrumbs-content":"","ast-featured-img":"","footer-sml-layout":"","theme-transparent-header-meta":"default","adv-header-id-meta":"","stick-header-meta":"","header-above-stick-meta":"","header-main-stick-meta":"","header-below-stick-meta":"","astra-migrate-meta-layouts":"set","ast-page-background-enabled":"default","ast-page-background-meta":{"desktop":{"background-color":"","background-image":"","background-repeat":"repeat","background-position":"center center","background-size":"auto","background-attachment":"scroll","background-type":"","background-media":"","overlay-type":"","overlay-color":"","overlay-opacity":"","overlay-gradient":""},"tablet":{"background-color":"","background-image":"","background-repeat":"repeat","background-position":"center center","background-size":"auto","background-attachment":"scroll","background-type":"","background-media":"","overlay-type":"","overlay-color":"","overlay-opacity":"","overlay-gradient":""},"mobile":{"background-color":"","background-image":"","background-repeat":"repeat","background-position":"center center","background-size":"auto","background-attachment":"scroll","background-type":"","background-media":"","overlay-type":"","overlay-color":"","overlay-opacity":"","overlay-gradient":""}},"ast-content-background-meta":{"desktop":{"background-color":"var(--ast-global-color-5)","background-image":"","background-repeat":"repeat","background-position":"center center","background-size":"auto","background-attachment":"scroll","background-type":"","background-media":"","overlay-type":"","overlay-color":"","overlay-opacity":"","overlay-gradient":""},"tablet":{"background-color":"var(--ast-global-color-5)","background-image":"","background-repeat":"repeat","background-position":"center center","background-size":"auto","background-attachment":"scroll","background-type":"","background-media":"","overlay-type":"","overlay-color":"","overlay-opacity":"","overlay-gradient":""},"mobile":{"background-color":"var(--ast-global-color-5)","background-image":"","background-repeat":"repeat","background-position":"center center","background-size":"auto","background-attachment":"scroll","background-type":"","background-media":"","overlay-type":"","overlay-color":"","overlay-opacity":"","overlay-gradient":""}}},"pwb-brand":[4150],"product_brand":[],"product_cat":[3740],"product_tag":[3723,3741,4391,4392],"class_list":{"0":"post-54529","1":"product","2":"type-product","3":"status-publish","4":"has-post-thumbnail","6":"pwb-brand-fundas-bcn","7":"product_cat-accessoris-cadiretes-de-cotxe","8":"product_tag-be-safe","9":"product_tag-besafe","10":"product_tag-fundas-bcn","11":"product_tag-funda-silla-coche","12":"desktop-align-left","13":"tablet-align-left","14":"mobile-align-left","16":"first","17":"outofstock","18":"taxable","19":"shipping-taxable","20":"purchasable","21":"product-type-simple"},"acf":[],"yoast_head":"<!-- This site is optimized with the Yoast SEO Premium plugin v18.3 (Yoast SEO v26.2) - https:\/\/yoast.com\/wordpress\/plugins\/seo\/ -->\n<title>Funda per BeSafe Izi Twist\/Turn Star I-Size - Fundas Bcn &#8212; Som Llavors<\/title>\n<meta name=\"description\" content=\"Funda para silla de coche Besafe Izi Twist B I-size \u00ae, Izi Twist I-size \u00ae, Izi Turn I-size \u00ae.\u00a0Dale una segunda vida a tu silla de coche, protegi\u00e9ndola de las manchas y del desgaste cotidiano gracias al resistente tejido de nuestras exclusivas fundas. Confeccionada a mano en nuestro taller de Fun*das bcn \u00ae, hemos incluido un par de\u00a0cubre arneses\u00a0para\u00a0ofrecerle m\u00e1s confort y seguridad a tu beb\u00e9 durante le viaje.  &nbsp;\" \/>\n<meta name=\"robots\" content=\"index, follow, max-snippet:-1, max-image-preview:large, max-video-preview:-1\" \/>\n<link rel=\"canonical\" href=\"https:\/\/somllavors.com\/es\/producte\/funda-per-besafe-izi-twist-turn-star-i-size-fundas-bcn\" \/>\n<meta property=\"og:locale\" content=\"es_ES\" \/>\n<meta property=\"og:type\" content=\"article\" \/>\n<meta property=\"og:title\" content=\"Funda per BeSafe Izi Twist\/Turn Star I-Size - Fundas Bcn\" \/>\n<meta property=\"og:description\" content=\"La teva botiga d\u2019ecocrian\u00e7a i espai d\u2019acompanyament a la maternitat\" \/>\n<meta property=\"og:url\" content=\"https:\/\/somllavors.com\/es\/producte\/funda-per-besafe-izi-twist-turn-star-i-size-fundas-bcn\" \/>\n<meta property=\"og:site_name\" content=\"Som Llavors\" \/>\n<meta property=\"article:publisher\" content=\"https:\/\/www.facebook.com\/somllavorsvng\/?locale=ca_ES\" \/>\n<meta property=\"article:modified_time\" content=\"2024-03-19T17:05:35+00:00\" \/>\n<meta property=\"og:image\" content=\"https:\/\/somllavors.com\/wp-content\/uploads\/2024\/03\/Som-Llavors-funda-para-silla-de-coche-besafe-izi-twist-b-i-size-izi-twist-i-size-izi-turn-i-size-star.jpg\" \/>\n\t<meta property=\"og:image:width\" content=\"610\" \/>\n\t<meta property=\"og:image:height\" content=\"724\" \/>\n\t<meta property=\"og:image:type\" content=\"image\/jpeg\" \/>\n<meta name=\"twitter:card\" content=\"summary_large_image\" \/>\n<meta name=\"twitter:label1\" content=\"Precio\" \/>\n\t<meta name=\"twitter:data1\" content=\"65,95&euro; Iva incl\u00f2s\" \/>\n\t<meta name=\"twitter:label2\" content=\"Availability\" \/>\n\t<meta name=\"twitter:data2\" content=\"Out of stock\" \/>\n<script type=\"application\/ld+json\" class=\"yoast-schema-graph\">{\"@context\":\"https:\/\/schema.org\",\"@graph\":[{\"@type\":\"WebPage\",\"@id\":\"https:\/\/somllavors.com\/es\/producte\/funda-per-besafe-izi-twist-turn-star-i-size-fundas-bcn\",\"url\":\"https:\/\/somllavors.com\/es\/producte\/funda-per-besafe-izi-twist-turn-star-i-size-fundas-bcn\",\"name\":\"Funda per BeSafe Izi Twist\/Turn Star I-Size - Fundas Bcn &#8212; Som Llavors\",\"isPartOf\":{\"@id\":\"https:\/\/somllavors.com\/es#website\"},\"primaryImageOfPage\":{\"@id\":\"https:\/\/somllavors.com\/es\/producte\/funda-per-besafe-izi-twist-turn-star-i-size-fundas-bcn#primaryimage\"},\"image\":{\"@id\":\"https:\/\/somllavors.com\/es\/producte\/funda-per-besafe-izi-twist-turn-star-i-size-fundas-bcn#primaryimage\"},\"thumbnailUrl\":\"https:\/\/somllavors.com\/wp-content\/uploads\/2024\/03\/Som-Llavors-funda-para-silla-de-coche-besafe-izi-twist-b-i-size-izi-twist-i-size-izi-turn-i-size-star.jpg\",\"datePublished\":\"2024-03-18T16:25:14+00:00\",\"dateModified\":\"2024-03-19T17:05:35+00:00\",\"description\":\"Funda para silla de coche Besafe Izi Twist B I-size \u00ae, Izi Twist I-size \u00ae, Izi Turn I-size \u00ae.\u00a0Dale una segunda vida a tu silla de coche, protegi\u00e9ndola de las manchas y del desgaste cotidiano gracias al resistente tejido de nuestras exclusivas fundas. Confeccionada a mano en nuestro taller de Fun*das bcn \u00ae, hemos incluido un par de\u00a0cubre arneses\u00a0para\u00a0ofrecerle m\u00e1s confort y seguridad a tu beb\u00e9 durante le viaje. &nbsp;\",\"breadcrumb\":{\"@id\":\"https:\/\/somllavors.com\/es\/producte\/funda-per-besafe-izi-twist-turn-star-i-size-fundas-bcn#breadcrumb\"},\"inLanguage\":\"es\",\"potentialAction\":[{\"@type\":\"ReadAction\",\"target\":[\"https:\/\/somllavors.com\/es\/producte\/funda-per-besafe-izi-twist-turn-star-i-size-fundas-bcn\"]}]},{\"@type\":\"ImageObject\",\"inLanguage\":\"es\",\"@id\":\"https:\/\/somllavors.com\/es\/producte\/funda-per-besafe-izi-twist-turn-star-i-size-fundas-bcn#primaryimage\",\"url\":\"https:\/\/somllavors.com\/wp-content\/uploads\/2024\/03\/Som-Llavors-funda-para-silla-de-coche-besafe-izi-twist-b-i-size-izi-twist-i-size-izi-turn-i-size-star.jpg\",\"contentUrl\":\"https:\/\/somllavors.com\/wp-content\/uploads\/2024\/03\/Som-Llavors-funda-para-silla-de-coche-besafe-izi-twist-b-i-size-izi-twist-i-size-izi-turn-i-size-star.jpg\",\"width\":610,\"height\":724,\"caption\":\"fundas bcn turn be safe\"},{\"@type\":\"BreadcrumbList\",\"@id\":\"https:\/\/somllavors.com\/es\/producte\/funda-per-besafe-izi-twist-turn-star-i-size-fundas-bcn#breadcrumb\",\"itemListElement\":[{\"@type\":\"ListItem\",\"position\":1,\"name\":\"Inici\",\"item\":\"https:\/\/somllavors.com\/es\"},{\"@type\":\"ListItem\",\"position\":2,\"name\":\"Tienda\",\"item\":\"https:\/\/somllavors.com\/es\/botiga-2\"},{\"@type\":\"ListItem\",\"position\":3,\"name\":\"Funda per BeSafe Izi Twist\/Turn Star I-Size &#8211; Fundas Bcn\"}]},{\"@type\":\"WebSite\",\"@id\":\"https:\/\/somllavors.com\/es#website\",\"url\":\"https:\/\/somllavors.com\/es\",\"name\":\"Som Llavors\",\"description\":\"Botiga de crian\u00e7a natural\",\"publisher\":{\"@id\":\"https:\/\/somllavors.com\/es#organization\"},\"alternateName\":\"Crian\u00e7a Natural i Sostenible\",\"potentialAction\":[{\"@type\":\"SearchAction\",\"target\":{\"@type\":\"EntryPoint\",\"urlTemplate\":\"https:\/\/somllavors.com\/es?s={search_term_string}\"},\"query-input\":{\"@type\":\"PropertyValueSpecification\",\"valueRequired\":true,\"valueName\":\"search_term_string\"}}],\"inLanguage\":\"es\"},{\"@type\":[\"Organization\",\"Place\",\"Store\"],\"@id\":\"https:\/\/somllavors.com\/es#organization\",\"name\":\"Som Llavors\",\"alternateName\":\"Crian\u00e7a Natural i Sostenible\",\"url\":\"https:\/\/somllavors.com\/es\",\"logo\":{\"@id\":\"https:\/\/somllavors.com\/es\/producte\/funda-per-besafe-izi-twist-turn-star-i-size-fundas-bcn#local-main-organization-logo\"},\"image\":{\"@id\":\"https:\/\/somllavors.com\/es\/producte\/funda-per-besafe-izi-twist-turn-star-i-size-fundas-bcn#local-main-organization-logo\"},\"sameAs\":[\"https:\/\/www.facebook.com\/somllavorsvng\/?locale=ca_ES\",\"https:\/\/www.instagram.com\/somllavors_vng\/\",\"https:\/\/www.youtube.com\/@somllavors\"],\"address\":{\"@id\":\"https:\/\/somllavors.com\/es\/producte\/funda-per-besafe-izi-twist-turn-star-i-size-fundas-bcn#local-main-place-address\"},\"geo\":{\"@type\":\"GeoCoordinates\",\"latitude\":\"41.2257737\",\"longitude\":\"1.723258859\"},\"telephone\":[\"623152704\"],\"openingHoursSpecification\":[{\"@type\":\"OpeningHoursSpecification\",\"dayOfWeek\":[\"Monday\",\"Sunday\"],\"opens\":\"00:00\",\"closes\":\"00:00\"},{\"@type\":\"OpeningHoursSpecification\",\"dayOfWeek\":[\"Tuesday\",\"Wednesday\",\"Thursday\",\"Friday\"],\"opens\":\"10:00\",\"closes\":\"20:00\"},{\"@type\":\"OpeningHoursSpecification\",\"dayOfWeek\":[\"Saturday\"],\"opens\":\"10:00\",\"closes\":\"13:30\"}],\"email\":\"info@somllavors.com\"},{\"@type\":\"PostalAddress\",\"@id\":\"https:\/\/somllavors.com\/es\/producte\/funda-per-besafe-izi-twist-turn-star-i-size-fundas-bcn#local-main-place-address\",\"streetAddress\":\"Carrer de l'aigua, 6\",\"addressLocality\":\"Vilanova i la Geltr\u00fa\",\"postalCode\":\"08800\",\"addressRegion\":\"Barcelona\",\"addressCountry\":\"ES\"},{\"@type\":\"ImageObject\",\"inLanguage\":\"es\",\"@id\":\"https:\/\/somllavors.com\/es\/producte\/funda-per-besafe-izi-twist-turn-star-i-size-fundas-bcn#local-main-organization-logo\",\"url\":\"https:\/\/somllavors.com\/wp-content\/uploads\/Logotip-Som-Llavors.jpg\",\"contentUrl\":\"https:\/\/somllavors.com\/wp-content\/uploads\/Logotip-Som-Llavors.jpg\",\"width\":1444,\"height\":1323,\"caption\":\"Som Llavors\"}]}<\/script>\n<meta property=\"product:price:amount\" content=\"65.95\" \/>\n<meta property=\"product:price:currency\" content=\"EUR\" \/>\n<meta property=\"og:availability\" content=\"out of stock\" \/>\n<meta property=\"product:availability\" content=\"out of stock\" \/>\n<meta property=\"product:retailer_item_id\" content=\"F2489399\" \/>\n<meta property=\"product:condition\" content=\"new\" \/>\n<meta name=\"geo.placename\" content=\"Vilanova i la Geltr\u00fa\" \/>\n<meta name=\"geo.position\" content=\"41.2257737;1.723258859\" \/>\n<meta name=\"geo.region\" content=\"Espa\u00f1a\" \/>\n<!-- \/ Yoast SEO Premium plugin. -->","yoast_head_json":{"title":"Funda per BeSafe Izi Twist\/Turn Star I-Size - Fundas Bcn &#8212; Som Llavors","description":"Funda para silla de coche Besafe Izi Twist B I-size \u00ae, Izi Twist I-size \u00ae, Izi Turn I-size \u00ae.\u00a0Dale una segunda vida a tu silla de coche, protegi\u00e9ndola de las manchas y del desgaste cotidiano gracias al resistente tejido de nuestras exclusivas fundas. Confeccionada a mano en nuestro taller de Fun*das bcn \u00ae, hemos incluido un par de\u00a0cubre arneses\u00a0para\u00a0ofrecerle m\u00e1s confort y seguridad a tu beb\u00e9 durante le viaje.  &nbsp;","robots":{"index":"index","follow":"follow","max-snippet":"max-snippet:-1","max-image-preview":"max-image-preview:large","max-video-preview":"max-video-preview:-1"},"canonical":"https:\/\/somllavors.com\/es\/producte\/funda-per-besafe-izi-twist-turn-star-i-size-fundas-bcn","og_locale":"es_ES","og_type":"article","og_title":"Funda per BeSafe Izi Twist\/Turn Star I-Size - Fundas Bcn","og_description":"La teva botiga d\u2019ecocrian\u00e7a i espai d\u2019acompanyament a la maternitat","og_url":"https:\/\/somllavors.com\/es\/producte\/funda-per-besafe-izi-twist-turn-star-i-size-fundas-bcn","og_site_name":"Som Llavors","article_publisher":"https:\/\/www.facebook.com\/somllavorsvng\/?locale=ca_ES","article_modified_time":"2024-03-19T17:05:35+00:00","og_image":[{"width":610,"height":724,"url":"https:\/\/somllavors.com\/wp-content\/uploads\/2024\/03\/Som-Llavors-funda-para-silla-de-coche-besafe-izi-twist-b-i-size-izi-twist-i-size-izi-turn-i-size-star.jpg","type":"image\/jpeg"}],"twitter_card":"summary_large_image","twitter_misc":{"Precio":"65,95&euro; Iva incl\u00f2s","Availability":"Out of stock"},"schema":{"@context":"https:\/\/schema.org","@graph":[{"@type":"WebPage","@id":"https:\/\/somllavors.com\/es\/producte\/funda-per-besafe-izi-twist-turn-star-i-size-fundas-bcn","url":"https:\/\/somllavors.com\/es\/producte\/funda-per-besafe-izi-twist-turn-star-i-size-fundas-bcn","name":"Funda per BeSafe Izi Twist\/Turn Star I-Size - Fundas Bcn &#8212; Som Llavors","isPartOf":{"@id":"https:\/\/somllavors.com\/es#website"},"primaryImageOfPage":{"@id":"https:\/\/somllavors.com\/es\/producte\/funda-per-besafe-izi-twist-turn-star-i-size-fundas-bcn#primaryimage"},"image":{"@id":"https:\/\/somllavors.com\/es\/producte\/funda-per-besafe-izi-twist-turn-star-i-size-fundas-bcn#primaryimage"},"thumbnailUrl":"https:\/\/somllavors.com\/wp-content\/uploads\/2024\/03\/Som-Llavors-funda-para-silla-de-coche-besafe-izi-twist-b-i-size-izi-twist-i-size-izi-turn-i-size-star.jpg","datePublished":"2024-03-18T16:25:14+00:00","dateModified":"2024-03-19T17:05:35+00:00","description":"Funda para silla de coche Besafe Izi Twist B I-size \u00ae, Izi Twist I-size \u00ae, Izi Turn I-size \u00ae.\u00a0Dale una segunda vida a tu silla de coche, protegi\u00e9ndola de las manchas y del desgaste cotidiano gracias al resistente tejido de nuestras exclusivas fundas. Confeccionada a mano en nuestro taller de Fun*das bcn \u00ae, hemos incluido un par de\u00a0cubre arneses\u00a0para\u00a0ofrecerle m\u00e1s confort y seguridad a tu beb\u00e9 durante le viaje. &nbsp;","breadcrumb":{"@id":"https:\/\/somllavors.com\/es\/producte\/funda-per-besafe-izi-twist-turn-star-i-size-fundas-bcn#breadcrumb"},"inLanguage":"es","potentialAction":[{"@type":"ReadAction","target":["https:\/\/somllavors.com\/es\/producte\/funda-per-besafe-izi-twist-turn-star-i-size-fundas-bcn"]}]},{"@type":"ImageObject","inLanguage":"es","@id":"https:\/\/somllavors.com\/es\/producte\/funda-per-besafe-izi-twist-turn-star-i-size-fundas-bcn#primaryimage","url":"https:\/\/somllavors.com\/wp-content\/uploads\/2024\/03\/Som-Llavors-funda-para-silla-de-coche-besafe-izi-twist-b-i-size-izi-twist-i-size-izi-turn-i-size-star.jpg","contentUrl":"https:\/\/somllavors.com\/wp-content\/uploads\/2024\/03\/Som-Llavors-funda-para-silla-de-coche-besafe-izi-twist-b-i-size-izi-twist-i-size-izi-turn-i-size-star.jpg","width":610,"height":724,"caption":"fundas bcn turn be safe"},{"@type":"BreadcrumbList","@id":"https:\/\/somllavors.com\/es\/producte\/funda-per-besafe-izi-twist-turn-star-i-size-fundas-bcn#breadcrumb","itemListElement":[{"@type":"ListItem","position":1,"name":"Inici","item":"https:\/\/somllavors.com\/es"},{"@type":"ListItem","position":2,"name":"Tienda","item":"https:\/\/somllavors.com\/es\/botiga-2"},{"@type":"ListItem","position":3,"name":"Funda per BeSafe Izi Twist\/Turn Star I-Size &#8211; Fundas Bcn"}]},{"@type":"WebSite","@id":"https:\/\/somllavors.com\/es#website","url":"https:\/\/somllavors.com\/es","name":"Som Llavors","description":"Botiga de crian\u00e7a natural","publisher":{"@id":"https:\/\/somllavors.com\/es#organization"},"alternateName":"Crian\u00e7a Natural i Sostenible","potentialAction":[{"@type":"SearchAction","target":{"@type":"EntryPoint","urlTemplate":"https:\/\/somllavors.com\/es?s={search_term_string}"},"query-input":{"@type":"PropertyValueSpecification","valueRequired":true,"valueName":"search_term_string"}}],"inLanguage":"es"},{"@type":["Organization","Place","Store"],"@id":"https:\/\/somllavors.com\/es#organization","name":"Som Llavors","alternateName":"Crian\u00e7a Natural i Sostenible","url":"https:\/\/somllavors.com\/es","logo":{"@id":"https:\/\/somllavors.com\/es\/producte\/funda-per-besafe-izi-twist-turn-star-i-size-fundas-bcn#local-main-organization-logo"},"image":{"@id":"https:\/\/somllavors.com\/es\/producte\/funda-per-besafe-izi-twist-turn-star-i-size-fundas-bcn#local-main-organization-logo"},"sameAs":["https:\/\/www.facebook.com\/somllavorsvng\/?locale=ca_ES","https:\/\/www.instagram.com\/somllavors_vng\/","https:\/\/www.youtube.com\/@somllavors"],"address":{"@id":"https:\/\/somllavors.com\/es\/producte\/funda-per-besafe-izi-twist-turn-star-i-size-fundas-bcn#local-main-place-address"},"geo":{"@type":"GeoCoordinates","latitude":"41.2257737","longitude":"1.723258859"},"telephone":["623152704","623152704"],"openingHoursSpecification":[{"@type":"OpeningHoursSpecification","dayOfWeek":["Monday","Sunday"],"opens":"00:00","closes":"00:00"},{"@type":"OpeningHoursSpecification","dayOfWeek":["Tuesday","Wednesday","Thursday","Friday"],"opens":"10:00","closes":"20:00"},{"@type":"OpeningHoursSpecification","dayOfWeek":["Saturday"],"opens":"10:00","closes":"13:30"}],"email":"info@somllavors.com"},{"@type":"PostalAddress","@id":"https:\/\/somllavors.com\/es\/producte\/funda-per-besafe-izi-twist-turn-star-i-size-fundas-bcn#local-main-place-address","streetAddress":"Carrer de l'aigua, 6","addressLocality":"Vilanova i la Geltr\u00fa","postalCode":"08800","addressRegion":"Barcelona","addressCountry":"ES"},{"@type":"ImageObject","inLanguage":"es","@id":"https:\/\/somllavors.com\/es\/producte\/funda-per-besafe-izi-twist-turn-star-i-size-fundas-bcn#local-main-organization-logo","url":"https:\/\/somllavors.com\/wp-content\/uploads\/Logotip-Som-Llavors.jpg","contentUrl":"https:\/\/somllavors.com\/wp-content\/uploads\/Logotip-Som-Llavors.jpg","width":1444,"height":1323,"caption":"Som Llavors"}]},"product_price_amount":"65.95","product_price_currency":"EUR","og_availability":"out of stock","product_availability":"out of stock","product_retailer_item_id":"F2489399","product_condition":"new","geo.placename":"Vilanova i la Geltr\u00fa","geo.position":{"lat":"41.2257737","long":"1.723258859"},"geo.region":"Espa\u00f1a"},"brands":[{"id":4150,"name":"Fun*das Bcn","slug":"fundas-bcn"}],"_links":{"self":[{"href":"https:\/\/somllavors.com\/es\/wp-json\/wp\/v2\/product\/54529","targetHints":{"allow":["GET"]}}],"collection":[{"href":"https:\/\/somllavors.com\/es\/wp-json\/wp\/v2\/product"}],"about":[{"href":"https:\/\/somllavors.com\/es\/wp-json\/wp\/v2\/types\/product"}],"wp:featuredmedia":[{"embeddable":true,"href":"https:\/\/somllavors.com\/es\/wp-json\/wp\/v2\/media\/54541"}],"wp:attachment":[{"href":"https:\/\/somllavors.com\/es\/wp-json\/wp\/v2\/media?parent=54529"}],"wp:term":[{"taxonomy":"pwb-brand","embeddable":true,"href":"https:\/\/somllavors.com\/es\/wp-json\/wp\/v2\/pwb-brand?post=54529"},{"taxonomy":"product_brand","embeddable":true,"href":"https:\/\/somllavors.com\/es\/wp-json\/wp\/v2\/product_brand?post=54529"},{"taxonomy":"product_cat","embeddable":true,"href":"https:\/\/somllavors.com\/es\/wp-json\/wp\/v2\/product_cat?post=54529"},{"taxonomy":"product_tag","embeddable":true,"href":"https:\/\/somllavors.com\/es\/wp-json\/wp\/v2\/product_tag?post=54529"}],"curies":[{"name":"wp","href":"https:\/\/api.w.org\/{rel}","templated":true}]}}