{"id":56703,"date":"2024-04-09T14:29:59","date_gmt":"2024-04-09T12:29:59","guid":{"rendered":"https:\/\/somllavors.com\/producto\/chaleco-de-flotacion-rainbow-cream-btbox\/"},"modified":"2024-04-09T14:29:59","modified_gmt":"2024-04-09T12:29:59","slug":"chaleco-de-flotacion-rainbow-cream-btbox","status":"publish","type":"product","link":"https:\/\/somllavors.com\/es\/producte\/chaleco-de-flotacion-rainbow-cream-btbox","title":{"rendered":"Chaleco de flotaci\u00f3n Rainbow Cream &#8211; Btbox"},"content":{"rendered":"<ul>\n<li>Cremallera ancha extrafuerte SBS con velcro de seguridad y protegida en la parte superior para evitar rasgu\u00f1os en cuello y barbilla.<\/li>\n<li>En su interior tiene 8 compartimentos y cada uno de ellos con 3 piezas que proporcionan la flotabilidad en torno al torso y que se pueden ir sacando seg\u00fan el ni\u00f1o va cogiendo m\u00e1s confianza y seguridad en el agua.<\/li>\n<li>El chaleco dispone de una cinta con cierre de seguridad para colocar entre las piernas para que el chaleco no se salga por la cabeza en caso de echarse al agua de manera vertical o cuando simplemente flota en el agua. Esta cinta est\u00e1 protegida con neopreno para evitar ara\u00f1azos entre las piernas.<\/li>\n<li>Protege de los rayos solares por el factor de protecci\u00f3n UPF 50+.<\/li>\n<li>Fabricado para BTBOX por la marca Australiana BANZ LTD conforme a la normativa Europea EN 13138-1:2014. Incluye marcado CE.<\/li>\n<li>Despu\u00e9s de su uso aclarar con agua dulce y dejar secar al aire evitando fuentes de calor y la luz directa del sol. No usar lej\u00eda No usar secadora. No planchar.<\/li>\n<li>Tallas disponibles (para escoger la talla, tendremos en cuenta el contorno de pecho por encima de los kg que pese el ni\u00f1o):\n<ul>\n<li>XS &#8211; 11-15 kg. Contorno de pecho: 46-51 cm.<\/li>\n<li>S &#8211; 15 &#8211; 19 Kg. Contorno de pecho: 51-56 cm.<\/li>\n<\/ul>\n<\/li>\n<li>Atenci\u00f3n:\n<ul>\n<li>No protege contra ahogamientos.<\/li>\n<li>Utilizar siempre bajo la supervisi\u00f3n de una persona adulta.<\/li>\n<\/ul>\n<\/li>\n<\/ul>\n","protected":false},"excerpt":{"rendered":"<p>El chaleco de flotaci\u00f3n de BTBOX est\u00e1 fabricado en neopreno de 5mm muy agradable al tacto y con unas costuras que no molestan ni da\u00f1an la piel del ni\u00f1o.<\/p>\n","protected":false},"featured_media":56200,"template":"","meta":{"_acf_changed":false,"site-sidebar-layout":"default","site-content-layout":"default","ast-site-content-layout":"default","site-content-style":"default","site-sidebar-style":"default","ast-global-header-display":"","ast-banner-title-visibility":"","ast-main-header-display":"","ast-hfb-above-header-display":"","ast-hfb-below-header-display":"","ast-hfb-mobile-header-display":"","site-post-title":"","ast-breadcrumbs-content":"","ast-featured-img":"","footer-sml-layout":"","theme-transparent-header-meta":"default","adv-header-id-meta":"","stick-header-meta":"","header-above-stick-meta":"","header-main-stick-meta":"","header-below-stick-meta":"","astra-migrate-meta-layouts":"default","ast-page-background-enabled":"default","ast-page-background-meta":{"desktop":{"background-color":"","background-image":"","background-repeat":"repeat","background-position":"center center","background-size":"auto","background-attachment":"scroll","background-type":"","background-media":"","overlay-type":"","overlay-color":"","overlay-opacity":"","overlay-gradient":""},"tablet":{"background-color":"","background-image":"","background-repeat":"repeat","background-position":"center center","background-size":"auto","background-attachment":"scroll","background-type":"","background-media":"","overlay-type":"","overlay-color":"","overlay-opacity":"","overlay-gradient":""},"mobile":{"background-color":"","background-image":"","background-repeat":"repeat","background-position":"center center","background-size":"auto","background-attachment":"scroll","background-type":"","background-media":"","overlay-type":"","overlay-color":"","overlay-opacity":"","overlay-gradient":""}},"ast-content-background-meta":{"desktop":{"background-color":"var(--ast-global-color-5)","background-image":"","background-repeat":"repeat","background-position":"center center","background-size":"auto","background-attachment":"scroll","background-type":"","background-media":"","overlay-type":"","overlay-color":"","overlay-opacity":"","overlay-gradient":""},"tablet":{"background-color":"var(--ast-global-color-5)","background-image":"","background-repeat":"repeat","background-position":"center center","background-size":"auto","background-attachment":"scroll","background-type":"","background-media":"","overlay-type":"","overlay-color":"","overlay-opacity":"","overlay-gradient":""},"mobile":{"background-color":"var(--ast-global-color-5)","background-image":"","background-repeat":"repeat","background-position":"center center","background-size":"auto","background-attachment":"scroll","background-type":"","background-media":"","overlay-type":"","overlay-color":"","overlay-opacity":"","overlay-gradient":""}}},"pwb-brand":[4148],"product_brand":[],"product_cat":[3509,4029,3566],"product_tag":[3892,3004,4699,4700,3860],"class_list":{"0":"post-56703","1":"product","2":"type-product","3":"status-publish","4":"has-post-thumbnail","6":"pwb-brand-btbox","7":"product_cat-bienvenido-verano","8":"product_cat-chalecos-flotador","9":"product_cat-la-hora-del-bano-e-higiene","10":"product_tag-agua-es","11":"product_tag-aprendizaje-es","12":"product_tag-chaleco-es","13":"product_tag-flotacion-es","14":"product_tag-verano-es","15":"pa_talla-s-14-20-kg-es","16":"pa_talla-xs-9-14-kg-es","17":"desktop-align-left","18":"tablet-align-left","19":"mobile-align-left","21":"first","22":"instock","23":"taxable","24":"shipping-taxable","25":"purchasable","26":"product-type-variable"},"acf":[],"yoast_head":"<!-- This site is optimized with the Yoast SEO Premium plugin v18.3 (Yoast SEO v26.2) - https:\/\/yoast.com\/wordpress\/plugins\/seo\/ -->\n<title>Chaleco de flotaci\u00f3n Rainbow Cream - Btbox &#8212; Som Llavors<\/title>\n<meta name=\"description\" content=\"El chaleco de flotaci\u00f3n de BTBOX est\u00e1 fabricado en neopreno de 5mm muy agradable al tacto y con unas costuras que no molestan ni da\u00f1an la piel del ni\u00f1o.\" \/>\n<meta name=\"robots\" content=\"index, follow, max-snippet:-1, max-image-preview:large, max-video-preview:-1\" \/>\n<link rel=\"canonical\" href=\"https:\/\/somllavors.com\/es\/producte\/chaleco-de-flotacion-rainbow-cream-btbox\" \/>\n<meta property=\"og:locale\" content=\"es_ES\" \/>\n<meta property=\"og:type\" content=\"article\" \/>\n<meta property=\"og:title\" content=\"Chaleco de flotaci\u00f3n Rainbow Cream - Btbox\" \/>\n<meta property=\"og:description\" content=\"La teva botiga d\u2019ecocrian\u00e7a i espai d\u2019acompanyament a la maternitat\" \/>\n<meta property=\"og:url\" content=\"https:\/\/somllavors.com\/es\/producte\/chaleco-de-flotacion-rainbow-cream-btbox\" \/>\n<meta property=\"og:site_name\" content=\"Som Llavors\" \/>\n<meta property=\"article:publisher\" content=\"https:\/\/www.facebook.com\/somllavorsvng\/?locale=ca_ES\" \/>\n<meta property=\"og:image\" content=\"https:\/\/somllavors.com\/wp-content\/uploads\/2024\/04\/Som-Llavors-Summit-5.jpg\" \/>\n\t<meta property=\"og:image:width\" content=\"1080\" \/>\n\t<meta property=\"og:image:height\" content=\"1080\" \/>\n\t<meta property=\"og:image:type\" content=\"image\/jpeg\" \/>\n<meta name=\"twitter:card\" content=\"summary_large_image\" \/>\n<meta name=\"twitter:label1\" content=\"Availability\" \/>\n\t<meta name=\"twitter:data1\" content=\"Hay existencias\" \/>\n<script type=\"application\/ld+json\" class=\"yoast-schema-graph\">{\"@context\":\"https:\/\/schema.org\",\"@graph\":[{\"@type\":\"WebPage\",\"@id\":\"https:\/\/somllavors.com\/es\/producte\/chaleco-de-flotacion-rainbow-cream-btbox\",\"url\":\"https:\/\/somllavors.com\/es\/producte\/chaleco-de-flotacion-rainbow-cream-btbox\",\"name\":\"Chaleco de flotaci\u00f3n Rainbow Cream - Btbox &#8212; Som Llavors\",\"isPartOf\":{\"@id\":\"https:\/\/somllavors.com\/es#website\"},\"primaryImageOfPage\":{\"@id\":\"https:\/\/somllavors.com\/es\/producte\/chaleco-de-flotacion-rainbow-cream-btbox#primaryimage\"},\"image\":{\"@id\":\"https:\/\/somllavors.com\/es\/producte\/chaleco-de-flotacion-rainbow-cream-btbox#primaryimage\"},\"thumbnailUrl\":\"https:\/\/somllavors.com\/wp-content\/uploads\/2024\/04\/Som-Llavors-Summit-5.jpg\",\"datePublished\":\"2024-04-09T12:29:59+00:00\",\"description\":\"El chaleco de flotaci\u00f3n de BTBOX est\u00e1 fabricado en neopreno de 5mm muy agradable al tacto y con unas costuras que no molestan ni da\u00f1an la piel del ni\u00f1o.\",\"breadcrumb\":{\"@id\":\"https:\/\/somllavors.com\/es\/producte\/chaleco-de-flotacion-rainbow-cream-btbox#breadcrumb\"},\"inLanguage\":\"es\",\"potentialAction\":[{\"@type\":\"ReadAction\",\"target\":[\"https:\/\/somllavors.com\/es\/producte\/chaleco-de-flotacion-rainbow-cream-btbox\"]}]},{\"@type\":\"ImageObject\",\"inLanguage\":\"es\",\"@id\":\"https:\/\/somllavors.com\/es\/producte\/chaleco-de-flotacion-rainbow-cream-btbox#primaryimage\",\"url\":\"https:\/\/somllavors.com\/wp-content\/uploads\/2024\/04\/Som-Llavors-Summit-5.jpg\",\"contentUrl\":\"https:\/\/somllavors.com\/wp-content\/uploads\/2024\/04\/Som-Llavors-Summit-5.jpg\",\"width\":1080,\"height\":1080,\"caption\":\"xr:d:DAF1jByutyk:44,j:2743116500797851784,t:24040912\"},{\"@type\":\"BreadcrumbList\",\"@id\":\"https:\/\/somllavors.com\/es\/producte\/chaleco-de-flotacion-rainbow-cream-btbox#breadcrumb\",\"itemListElement\":[{\"@type\":\"ListItem\",\"position\":1,\"name\":\"Inici\",\"item\":\"https:\/\/somllavors.com\/es\"},{\"@type\":\"ListItem\",\"position\":2,\"name\":\"Tienda\",\"item\":\"https:\/\/somllavors.com\/es\/botiga-2\"},{\"@type\":\"ListItem\",\"position\":3,\"name\":\"Chaleco de flotaci\u00f3n Rainbow Cream &#8211; Btbox\"}]},{\"@type\":\"WebSite\",\"@id\":\"https:\/\/somllavors.com\/es#website\",\"url\":\"https:\/\/somllavors.com\/es\",\"name\":\"Som Llavors\",\"description\":\"Botiga de crian\u00e7a natural\",\"publisher\":{\"@id\":\"https:\/\/somllavors.com\/es#organization\"},\"alternateName\":\"Crian\u00e7a Natural i Sostenible\",\"potentialAction\":[{\"@type\":\"SearchAction\",\"target\":{\"@type\":\"EntryPoint\",\"urlTemplate\":\"https:\/\/somllavors.com\/es?s={search_term_string}\"},\"query-input\":{\"@type\":\"PropertyValueSpecification\",\"valueRequired\":true,\"valueName\":\"search_term_string\"}}],\"inLanguage\":\"es\"},{\"@type\":[\"Organization\",\"Place\",\"Store\"],\"@id\":\"https:\/\/somllavors.com\/es#organization\",\"name\":\"Som Llavors\",\"alternateName\":\"Crian\u00e7a Natural i Sostenible\",\"url\":\"https:\/\/somllavors.com\/es\",\"logo\":{\"@id\":\"https:\/\/somllavors.com\/es\/producte\/chaleco-de-flotacion-rainbow-cream-btbox#local-main-organization-logo\"},\"image\":{\"@id\":\"https:\/\/somllavors.com\/es\/producte\/chaleco-de-flotacion-rainbow-cream-btbox#local-main-organization-logo\"},\"sameAs\":[\"https:\/\/www.facebook.com\/somllavorsvng\/?locale=ca_ES\",\"https:\/\/www.instagram.com\/somllavors_vng\/\",\"https:\/\/www.youtube.com\/@somllavors\"],\"address\":{\"@id\":\"https:\/\/somllavors.com\/es\/producte\/chaleco-de-flotacion-rainbow-cream-btbox#local-main-place-address\"},\"geo\":{\"@type\":\"GeoCoordinates\",\"latitude\":\"41.2257737\",\"longitude\":\"1.723258859\"},\"telephone\":[\"623152704\"],\"openingHoursSpecification\":[{\"@type\":\"OpeningHoursSpecification\",\"dayOfWeek\":[\"Monday\",\"Sunday\"],\"opens\":\"00:00\",\"closes\":\"00:00\"},{\"@type\":\"OpeningHoursSpecification\",\"dayOfWeek\":[\"Tuesday\",\"Wednesday\",\"Thursday\",\"Friday\"],\"opens\":\"10:00\",\"closes\":\"20:00\"},{\"@type\":\"OpeningHoursSpecification\",\"dayOfWeek\":[\"Saturday\"],\"opens\":\"10:00\",\"closes\":\"13:30\"}],\"email\":\"info@somllavors.com\"},{\"@type\":\"PostalAddress\",\"@id\":\"https:\/\/somllavors.com\/es\/producte\/chaleco-de-flotacion-rainbow-cream-btbox#local-main-place-address\",\"streetAddress\":\"Carrer de l'aigua, 6\",\"addressLocality\":\"Vilanova i la Geltr\u00fa\",\"postalCode\":\"08800\",\"addressRegion\":\"Barcelona\",\"addressCountry\":\"ES\"},{\"@type\":\"ImageObject\",\"inLanguage\":\"es\",\"@id\":\"https:\/\/somllavors.com\/es\/producte\/chaleco-de-flotacion-rainbow-cream-btbox#local-main-organization-logo\",\"url\":\"https:\/\/somllavors.com\/wp-content\/uploads\/Logotip-Som-Llavors.jpg\",\"contentUrl\":\"https:\/\/somllavors.com\/wp-content\/uploads\/Logotip-Som-Llavors.jpg\",\"width\":1444,\"height\":1323,\"caption\":\"Som Llavors\"}]}<\/script>\n<meta property=\"og:availability\" content=\"instock\" \/>\n<meta property=\"product:availability\" content=\"instock\" \/>\n<meta property=\"product:condition\" content=\"new\" \/>\n<meta name=\"geo.placename\" content=\"Vilanova i la Geltr\u00fa\" \/>\n<meta name=\"geo.position\" content=\"41.2257737;1.723258859\" \/>\n<meta name=\"geo.region\" content=\"Espa\u00f1a\" \/>\n<!-- \/ Yoast SEO Premium plugin. -->","yoast_head_json":{"title":"Chaleco de flotaci\u00f3n Rainbow Cream - Btbox &#8212; Som Llavors","description":"El chaleco de flotaci\u00f3n de BTBOX est\u00e1 fabricado en neopreno de 5mm muy agradable al tacto y con unas costuras que no molestan ni da\u00f1an la piel del ni\u00f1o.","robots":{"index":"index","follow":"follow","max-snippet":"max-snippet:-1","max-image-preview":"max-image-preview:large","max-video-preview":"max-video-preview:-1"},"canonical":"https:\/\/somllavors.com\/es\/producte\/chaleco-de-flotacion-rainbow-cream-btbox","og_locale":"es_ES","og_type":"article","og_title":"Chaleco de flotaci\u00f3n Rainbow Cream - Btbox","og_description":"La teva botiga d\u2019ecocrian\u00e7a i espai d\u2019acompanyament a la maternitat","og_url":"https:\/\/somllavors.com\/es\/producte\/chaleco-de-flotacion-rainbow-cream-btbox","og_site_name":"Som Llavors","article_publisher":"https:\/\/www.facebook.com\/somllavorsvng\/?locale=ca_ES","og_image":[{"width":1080,"height":1080,"url":"https:\/\/somllavors.com\/wp-content\/uploads\/2024\/04\/Som-Llavors-Summit-5.jpg","type":"image\/jpeg"}],"twitter_card":"summary_large_image","twitter_misc":{"Availability":"Hay existencias"},"schema":{"@context":"https:\/\/schema.org","@graph":[{"@type":"WebPage","@id":"https:\/\/somllavors.com\/es\/producte\/chaleco-de-flotacion-rainbow-cream-btbox","url":"https:\/\/somllavors.com\/es\/producte\/chaleco-de-flotacion-rainbow-cream-btbox","name":"Chaleco de flotaci\u00f3n Rainbow Cream - Btbox &#8212; Som Llavors","isPartOf":{"@id":"https:\/\/somllavors.com\/es#website"},"primaryImageOfPage":{"@id":"https:\/\/somllavors.com\/es\/producte\/chaleco-de-flotacion-rainbow-cream-btbox#primaryimage"},"image":{"@id":"https:\/\/somllavors.com\/es\/producte\/chaleco-de-flotacion-rainbow-cream-btbox#primaryimage"},"thumbnailUrl":"https:\/\/somllavors.com\/wp-content\/uploads\/2024\/04\/Som-Llavors-Summit-5.jpg","datePublished":"2024-04-09T12:29:59+00:00","description":"El chaleco de flotaci\u00f3n de BTBOX est\u00e1 fabricado en neopreno de 5mm muy agradable al tacto y con unas costuras que no molestan ni da\u00f1an la piel del ni\u00f1o.","breadcrumb":{"@id":"https:\/\/somllavors.com\/es\/producte\/chaleco-de-flotacion-rainbow-cream-btbox#breadcrumb"},"inLanguage":"es","potentialAction":[{"@type":"ReadAction","target":["https:\/\/somllavors.com\/es\/producte\/chaleco-de-flotacion-rainbow-cream-btbox"]}]},{"@type":"ImageObject","inLanguage":"es","@id":"https:\/\/somllavors.com\/es\/producte\/chaleco-de-flotacion-rainbow-cream-btbox#primaryimage","url":"https:\/\/somllavors.com\/wp-content\/uploads\/2024\/04\/Som-Llavors-Summit-5.jpg","contentUrl":"https:\/\/somllavors.com\/wp-content\/uploads\/2024\/04\/Som-Llavors-Summit-5.jpg","width":1080,"height":1080,"caption":"xr:d:DAF1jByutyk:44,j:2743116500797851784,t:24040912"},{"@type":"BreadcrumbList","@id":"https:\/\/somllavors.com\/es\/producte\/chaleco-de-flotacion-rainbow-cream-btbox#breadcrumb","itemListElement":[{"@type":"ListItem","position":1,"name":"Inici","item":"https:\/\/somllavors.com\/es"},{"@type":"ListItem","position":2,"name":"Tienda","item":"https:\/\/somllavors.com\/es\/botiga-2"},{"@type":"ListItem","position":3,"name":"Chaleco de flotaci\u00f3n Rainbow Cream &#8211; Btbox"}]},{"@type":"WebSite","@id":"https:\/\/somllavors.com\/es#website","url":"https:\/\/somllavors.com\/es","name":"Som Llavors","description":"Botiga de crian\u00e7a natural","publisher":{"@id":"https:\/\/somllavors.com\/es#organization"},"alternateName":"Crian\u00e7a Natural i Sostenible","potentialAction":[{"@type":"SearchAction","target":{"@type":"EntryPoint","urlTemplate":"https:\/\/somllavors.com\/es?s={search_term_string}"},"query-input":{"@type":"PropertyValueSpecification","valueRequired":true,"valueName":"search_term_string"}}],"inLanguage":"es"},{"@type":["Organization","Place","Store"],"@id":"https:\/\/somllavors.com\/es#organization","name":"Som Llavors","alternateName":"Crian\u00e7a Natural i Sostenible","url":"https:\/\/somllavors.com\/es","logo":{"@id":"https:\/\/somllavors.com\/es\/producte\/chaleco-de-flotacion-rainbow-cream-btbox#local-main-organization-logo"},"image":{"@id":"https:\/\/somllavors.com\/es\/producte\/chaleco-de-flotacion-rainbow-cream-btbox#local-main-organization-logo"},"sameAs":["https:\/\/www.facebook.com\/somllavorsvng\/?locale=ca_ES","https:\/\/www.instagram.com\/somllavors_vng\/","https:\/\/www.youtube.com\/@somllavors"],"address":{"@id":"https:\/\/somllavors.com\/es\/producte\/chaleco-de-flotacion-rainbow-cream-btbox#local-main-place-address"},"geo":{"@type":"GeoCoordinates","latitude":"41.2257737","longitude":"1.723258859"},"telephone":["623152704","623152704"],"openingHoursSpecification":[{"@type":"OpeningHoursSpecification","dayOfWeek":["Monday","Sunday"],"opens":"00:00","closes":"00:00"},{"@type":"OpeningHoursSpecification","dayOfWeek":["Tuesday","Wednesday","Thursday","Friday"],"opens":"10:00","closes":"20:00"},{"@type":"OpeningHoursSpecification","dayOfWeek":["Saturday"],"opens":"10:00","closes":"13:30"}],"email":"info@somllavors.com"},{"@type":"PostalAddress","@id":"https:\/\/somllavors.com\/es\/producte\/chaleco-de-flotacion-rainbow-cream-btbox#local-main-place-address","streetAddress":"Carrer de l'aigua, 6","addressLocality":"Vilanova i la Geltr\u00fa","postalCode":"08800","addressRegion":"Barcelona","addressCountry":"ES"},{"@type":"ImageObject","inLanguage":"es","@id":"https:\/\/somllavors.com\/es\/producte\/chaleco-de-flotacion-rainbow-cream-btbox#local-main-organization-logo","url":"https:\/\/somllavors.com\/wp-content\/uploads\/Logotip-Som-Llavors.jpg","contentUrl":"https:\/\/somllavors.com\/wp-content\/uploads\/Logotip-Som-Llavors.jpg","width":1444,"height":1323,"caption":"Som Llavors"}]},"og_availability":"instock","product_availability":"instock","product_condition":"new","geo.placename":"Vilanova i la Geltr\u00fa","geo.position":{"lat":"41.2257737","long":"1.723258859"},"geo.region":"Espa\u00f1a"},"brands":[{"id":4148,"name":"Btbox","slug":"btbox"}],"_links":{"self":[{"href":"https:\/\/somllavors.com\/es\/wp-json\/wp\/v2\/product\/56703","targetHints":{"allow":["GET"]}}],"collection":[{"href":"https:\/\/somllavors.com\/es\/wp-json\/wp\/v2\/product"}],"about":[{"href":"https:\/\/somllavors.com\/es\/wp-json\/wp\/v2\/types\/product"}],"wp:featuredmedia":[{"embeddable":true,"href":"https:\/\/somllavors.com\/es\/wp-json\/wp\/v2\/media\/56200"}],"wp:attachment":[{"href":"https:\/\/somllavors.com\/es\/wp-json\/wp\/v2\/media?parent=56703"}],"wp:term":[{"taxonomy":"pwb-brand","embeddable":true,"href":"https:\/\/somllavors.com\/es\/wp-json\/wp\/v2\/pwb-brand?post=56703"},{"taxonomy":"product_brand","embeddable":true,"href":"https:\/\/somllavors.com\/es\/wp-json\/wp\/v2\/product_brand?post=56703"},{"taxonomy":"product_cat","embeddable":true,"href":"https:\/\/somllavors.com\/es\/wp-json\/wp\/v2\/product_cat?post=56703"},{"taxonomy":"product_tag","embeddable":true,"href":"https:\/\/somllavors.com\/es\/wp-json\/wp\/v2\/product_tag?post=56703"}],"curies":[{"name":"wp","href":"https:\/\/api.w.org\/{rel}","templated":true}]}}