{"id":57479,"date":"2024-04-17T13:27:35","date_gmt":"2024-04-17T11:27:35","guid":{"rendered":"https:\/\/somllavors.com\/?post_type=product&#038;p=57479"},"modified":"2024-04-17T13:30:32","modified_gmt":"2024-04-17T11:30:32","slug":"aixi-es-fa-un-nado","status":"publish","type":"product","link":"https:\/\/somllavors.com\/es\/producte\/aixi-es-fa-un-nado","title":{"rendered":"Aix\u00ed es fa un nad\u00f3"},"content":{"rendered":"","protected":false},"excerpt":{"rendered":"<p><b>Menstruita Mini, la nova col\u00b7lecci\u00f3 d&#8217;educaci\u00f3 sexual pels m\u00e9s petits de les autores de\u00a0<i>La regla mola<\/i><\/b><\/p>\n<p>Els nens i les nenes tenen moltes preguntes sobre com es fa un nad\u00f3: Com entra i surt de la panxa de la mama? Qu\u00e8 menja abans i despr\u00e9s de n\u00e9ixer? Una girafa pot beure llet d&#8217;elefanta? Tots els animals fan els nadons de la mateixa manera? Qui cuida la mama mentre la mama cuida el nad\u00f3?<\/p>\n<p>Descobreix-ne totes les respostes en aquest llibre imprescindible perqu\u00e8 els m\u00e9s petits coneguin l\u2019incre\u00efble i meravell\u00f3s proc\u00e9s de com es fan els \u00e9ssers humans.<\/p>\n<p>La col\u00b7lecci\u00f3 infantil Menstruita Mini, creada per la psic\u00f2loga especialitzada en educaci\u00f3 sexual Anna Salvia i per la il\u00b7lustradora i realitzadora multim\u00e8dia Cristina Torr\u00f3n, arriba despr\u00e9s del fenomen editorial\u00a0<i>La regla mola (si saps com funciona)<\/i>\u00a0per ajudar-te a parlar de sexualitat d\u2019una manera directa, senzilla i divertida.<\/p>\n<p>Inclou una guia per a fam\u00edlies i educadors!<\/p>\n","protected":false},"featured_media":57505,"template":"","meta":{"_acf_changed":false,"site-sidebar-layout":"default","site-content-layout":"","ast-site-content-layout":"default","site-content-style":"default","site-sidebar-style":"default","ast-global-header-display":"","ast-banner-title-visibility":"","ast-main-header-display":"","ast-hfb-above-header-display":"","ast-hfb-below-header-display":"","ast-hfb-mobile-header-display":"","site-post-title":"","ast-breadcrumbs-content":"","ast-featured-img":"","footer-sml-layout":"","theme-transparent-header-meta":"default","adv-header-id-meta":"","stick-header-meta":"","header-above-stick-meta":"","header-main-stick-meta":"","header-below-stick-meta":"","astra-migrate-meta-layouts":"set","ast-page-background-enabled":"default","ast-page-background-meta":{"desktop":{"background-color":"","background-image":"","background-repeat":"repeat","background-position":"center center","background-size":"auto","background-attachment":"scroll","background-type":"","background-media":"","overlay-type":"","overlay-color":"","overlay-opacity":"","overlay-gradient":""},"tablet":{"background-color":"","background-image":"","background-repeat":"repeat","background-position":"center center","background-size":"auto","background-attachment":"scroll","background-type":"","background-media":"","overlay-type":"","overlay-color":"","overlay-opacity":"","overlay-gradient":""},"mobile":{"background-color":"","background-image":"","background-repeat":"repeat","background-position":"center center","background-size":"auto","background-attachment":"scroll","background-type":"","background-media":"","overlay-type":"","overlay-color":"","overlay-opacity":"","overlay-gradient":""}},"ast-content-background-meta":{"desktop":{"background-color":"var(--ast-global-color-5)","background-image":"","background-repeat":"repeat","background-position":"center center","background-size":"auto","background-attachment":"scroll","background-type":"","background-media":"","overlay-type":"","overlay-color":"","overlay-opacity":"","overlay-gradient":""},"tablet":{"background-color":"var(--ast-global-color-5)","background-image":"","background-repeat":"repeat","background-position":"center center","background-size":"auto","background-attachment":"scroll","background-type":"","background-media":"","overlay-type":"","overlay-color":"","overlay-opacity":"","overlay-gradient":""},"mobile":{"background-color":"var(--ast-global-color-5)","background-image":"","background-repeat":"repeat","background-position":"center center","background-size":"auto","background-attachment":"scroll","background-type":"","background-media":"","overlay-type":"","overlay-color":"","overlay-opacity":"","overlay-gradient":""}}},"pwb-brand":[],"product_brand":[],"product_cat":[567],"product_tag":[1146,4708],"class_list":{"0":"post-57479","1":"product","2":"type-product","3":"status-publish","4":"has-post-thumbnail","6":"product_cat-infantils","7":"product_tag-contes-infantils","8":"product_tag-menstruita-mini","9":"desktop-align-left","10":"tablet-align-left","11":"mobile-align-left","13":"first","14":"instock","15":"taxable","16":"shipping-taxable","17":"purchasable","18":"product-type-simple"},"acf":[],"yoast_head":"<!-- This site is optimized with the Yoast SEO Premium plugin v18.3 (Yoast SEO v26.2) - https:\/\/yoast.com\/wordpress\/plugins\/seo\/ -->\n<title>Aix\u00ed es fa un nad\u00f3 &#8212; Som Llavors<\/title>\n<meta name=\"description\" content=\"Menstruita Mini, la nova col\u00b7lecci\u00f3 d&#039;educaci\u00f3 sexual pels m\u00e9s petits de les autores de\u00a0La regla mola  Els nens i les nenes tenen moltes preguntes sobre com es fa un nad\u00f3: Com entra i surt de la panxa de la mama? Qu\u00e8 menja abans i despr\u00e9s de n\u00e9ixer? Una girafa pot beure llet d&#039;elefanta? Tots els animals fan els nadons de la mateixa manera? Qui cuida la mama mentre la mama cuida el nad\u00f3?  Descobreix-ne totes les respostes en aquest llibre imprescindible perqu\u00e8 els m\u00e9s petits coneguin l\u2019incre\u00efble i meravell\u00f3s proc\u00e9s de com es fan els \u00e9ssers humans.  La col\u00b7lecci\u00f3 infantil Menstruita Mini, creada per la psic\u00f2loga especialitzada en educaci\u00f3 sexual Anna Salvia i per la il\u00b7lustradora i realitzadora multim\u00e8dia Cristina Torr\u00f3n, arriba despr\u00e9s del fenomen editorial\u00a0La regla mola (si saps com funciona)\u00a0per ajudar-te a parlar de sexualitat d\u2019una manera directa, senzilla i divertida.  Inclou una guia per a fam\u00edlies i educadors!\" \/>\n<meta name=\"robots\" content=\"index, follow, max-snippet:-1, max-image-preview:large, max-video-preview:-1\" \/>\n<link rel=\"canonical\" href=\"https:\/\/somllavors.com\/es\/producte\/aixi-es-fa-un-nado\" \/>\n<meta property=\"og:locale\" content=\"es_ES\" \/>\n<meta property=\"og:type\" content=\"article\" \/>\n<meta property=\"og:title\" content=\"Aix\u00ed es fa un nad\u00f3\" \/>\n<meta property=\"og:description\" content=\"La teva botiga d\u2019ecocrian\u00e7a i espai d\u2019acompanyament a la maternitat\" \/>\n<meta property=\"og:url\" content=\"https:\/\/somllavors.com\/es\/producte\/aixi-es-fa-un-nado\" \/>\n<meta property=\"og:site_name\" content=\"Som Llavors\" \/>\n<meta property=\"article:publisher\" content=\"https:\/\/www.facebook.com\/somllavorsvng\/?locale=ca_ES\" \/>\n<meta property=\"article:modified_time\" content=\"2024-04-17T11:30:32+00:00\" \/>\n<meta property=\"og:image\" content=\"https:\/\/somllavors.com\/wp-content\/uploads\/2024\/04\/9788419511645.jpg\" \/>\n\t<meta property=\"og:image:width\" content=\"800\" \/>\n\t<meta property=\"og:image:height\" content=\"747\" \/>\n\t<meta property=\"og:image:type\" content=\"image\/jpeg\" \/>\n<meta name=\"twitter:card\" content=\"summary_large_image\" \/>\n<meta name=\"twitter:label1\" content=\"Precio\" \/>\n\t<meta name=\"twitter:data1\" content=\"16,95&euro; Iva incl\u00f2s\" \/>\n\t<meta name=\"twitter:label2\" content=\"Availability\" \/>\n\t<meta name=\"twitter:data2\" content=\"Hay existencias\" \/>\n<script type=\"application\/ld+json\" class=\"yoast-schema-graph\">{\"@context\":\"https:\/\/schema.org\",\"@graph\":[{\"@type\":\"WebPage\",\"@id\":\"https:\/\/somllavors.com\/es\/producte\/aixi-es-fa-un-nado\",\"url\":\"https:\/\/somllavors.com\/es\/producte\/aixi-es-fa-un-nado\",\"name\":\"Aix\u00ed es fa un nad\u00f3 &#8212; Som Llavors\",\"isPartOf\":{\"@id\":\"https:\/\/somllavors.com\/es#website\"},\"primaryImageOfPage\":{\"@id\":\"https:\/\/somllavors.com\/es\/producte\/aixi-es-fa-un-nado#primaryimage\"},\"image\":{\"@id\":\"https:\/\/somllavors.com\/es\/producte\/aixi-es-fa-un-nado#primaryimage\"},\"thumbnailUrl\":\"https:\/\/somllavors.com\/wp-content\/uploads\/2024\/04\/9788419511645.jpg\",\"datePublished\":\"2024-04-17T11:27:35+00:00\",\"dateModified\":\"2024-04-17T11:30:32+00:00\",\"description\":\"Menstruita Mini, la nova col\u00b7lecci\u00f3 d'educaci\u00f3 sexual pels m\u00e9s petits de les autores de\u00a0La regla mola Els nens i les nenes tenen moltes preguntes sobre com es fa un nad\u00f3: Com entra i surt de la panxa de la mama? Qu\u00e8 menja abans i despr\u00e9s de n\u00e9ixer? Una girafa pot beure llet d'elefanta? Tots els animals fan els nadons de la mateixa manera? Qui cuida la mama mentre la mama cuida el nad\u00f3? Descobreix-ne totes les respostes en aquest llibre imprescindible perqu\u00e8 els m\u00e9s petits coneguin l\u2019incre\u00efble i meravell\u00f3s proc\u00e9s de com es fan els \u00e9ssers humans. La col\u00b7lecci\u00f3 infantil Menstruita Mini, creada per la psic\u00f2loga especialitzada en educaci\u00f3 sexual Anna Salvia i per la il\u00b7lustradora i realitzadora multim\u00e8dia Cristina Torr\u00f3n, arriba despr\u00e9s del fenomen editorial\u00a0La regla mola (si saps com funciona)\u00a0per ajudar-te a parlar de sexualitat d\u2019una manera directa, senzilla i divertida. Inclou una guia per a fam\u00edlies i educadors!\",\"breadcrumb\":{\"@id\":\"https:\/\/somllavors.com\/es\/producte\/aixi-es-fa-un-nado#breadcrumb\"},\"inLanguage\":\"es\",\"potentialAction\":[{\"@type\":\"ReadAction\",\"target\":[\"https:\/\/somllavors.com\/es\/producte\/aixi-es-fa-un-nado\"]}]},{\"@type\":\"ImageObject\",\"inLanguage\":\"es\",\"@id\":\"https:\/\/somllavors.com\/es\/producte\/aixi-es-fa-un-nado#primaryimage\",\"url\":\"https:\/\/somllavors.com\/wp-content\/uploads\/2024\/04\/9788419511645.jpg\",\"contentUrl\":\"https:\/\/somllavors.com\/wp-content\/uploads\/2024\/04\/9788419511645.jpg\",\"width\":800,\"height\":747,\"caption\":\"Aix\u00ed es fa un nad\u00f3\"},{\"@type\":\"BreadcrumbList\",\"@id\":\"https:\/\/somllavors.com\/es\/producte\/aixi-es-fa-un-nado#breadcrumb\",\"itemListElement\":[{\"@type\":\"ListItem\",\"position\":1,\"name\":\"Inici\",\"item\":\"https:\/\/somllavors.com\/es\"},{\"@type\":\"ListItem\",\"position\":2,\"name\":\"Tienda\",\"item\":\"https:\/\/somllavors.com\/es\/botiga-2\"},{\"@type\":\"ListItem\",\"position\":3,\"name\":\"Aix\u00ed es fa un nad\u00f3\"}]},{\"@type\":\"WebSite\",\"@id\":\"https:\/\/somllavors.com\/es#website\",\"url\":\"https:\/\/somllavors.com\/es\",\"name\":\"Som Llavors\",\"description\":\"Botiga de crian\u00e7a natural\",\"publisher\":{\"@id\":\"https:\/\/somllavors.com\/es#organization\"},\"alternateName\":\"Crian\u00e7a Natural i Sostenible\",\"potentialAction\":[{\"@type\":\"SearchAction\",\"target\":{\"@type\":\"EntryPoint\",\"urlTemplate\":\"https:\/\/somllavors.com\/es?s={search_term_string}\"},\"query-input\":{\"@type\":\"PropertyValueSpecification\",\"valueRequired\":true,\"valueName\":\"search_term_string\"}}],\"inLanguage\":\"es\"},{\"@type\":[\"Organization\",\"Place\",\"Store\"],\"@id\":\"https:\/\/somllavors.com\/es#organization\",\"name\":\"Som Llavors\",\"alternateName\":\"Crian\u00e7a Natural i Sostenible\",\"url\":\"https:\/\/somllavors.com\/es\",\"logo\":{\"@id\":\"https:\/\/somllavors.com\/es\/producte\/aixi-es-fa-un-nado#local-main-organization-logo\"},\"image\":{\"@id\":\"https:\/\/somllavors.com\/es\/producte\/aixi-es-fa-un-nado#local-main-organization-logo\"},\"sameAs\":[\"https:\/\/www.facebook.com\/somllavorsvng\/?locale=ca_ES\",\"https:\/\/www.instagram.com\/somllavors_vng\/\",\"https:\/\/www.youtube.com\/@somllavors\"],\"address\":{\"@id\":\"https:\/\/somllavors.com\/es\/producte\/aixi-es-fa-un-nado#local-main-place-address\"},\"geo\":{\"@type\":\"GeoCoordinates\",\"latitude\":\"41.2257737\",\"longitude\":\"1.723258859\"},\"telephone\":[\"623152704\"],\"openingHoursSpecification\":[{\"@type\":\"OpeningHoursSpecification\",\"dayOfWeek\":[\"Monday\",\"Sunday\"],\"opens\":\"00:00\",\"closes\":\"00:00\"},{\"@type\":\"OpeningHoursSpecification\",\"dayOfWeek\":[\"Tuesday\",\"Wednesday\",\"Thursday\",\"Friday\"],\"opens\":\"10:00\",\"closes\":\"20:00\"},{\"@type\":\"OpeningHoursSpecification\",\"dayOfWeek\":[\"Saturday\"],\"opens\":\"10:00\",\"closes\":\"13:30\"}],\"email\":\"info@somllavors.com\"},{\"@type\":\"PostalAddress\",\"@id\":\"https:\/\/somllavors.com\/es\/producte\/aixi-es-fa-un-nado#local-main-place-address\",\"streetAddress\":\"Carrer de l'aigua, 6\",\"addressLocality\":\"Vilanova i la Geltr\u00fa\",\"postalCode\":\"08800\",\"addressRegion\":\"Barcelona\",\"addressCountry\":\"ES\"},{\"@type\":\"ImageObject\",\"inLanguage\":\"es\",\"@id\":\"https:\/\/somllavors.com\/es\/producte\/aixi-es-fa-un-nado#local-main-organization-logo\",\"url\":\"https:\/\/somllavors.com\/wp-content\/uploads\/Logotip-Som-Llavors.jpg\",\"contentUrl\":\"https:\/\/somllavors.com\/wp-content\/uploads\/Logotip-Som-Llavors.jpg\",\"width\":1444,\"height\":1323,\"caption\":\"Som Llavors\"}]}<\/script>\n<meta property=\"product:price:amount\" content=\"16.95\" \/>\n<meta property=\"product:price:currency\" content=\"EUR\" \/>\n<meta property=\"og:availability\" content=\"instock\" \/>\n<meta property=\"product:availability\" content=\"instock\" \/>\n<meta property=\"product:retailer_item_id\" content=\"9788419511645\" \/>\n<meta property=\"product:condition\" content=\"new\" \/>\n<meta name=\"geo.placename\" content=\"Vilanova i la Geltr\u00fa\" \/>\n<meta name=\"geo.position\" content=\"41.2257737;1.723258859\" \/>\n<meta name=\"geo.region\" content=\"Espa\u00f1a\" \/>\n<!-- \/ Yoast SEO Premium plugin. -->","yoast_head_json":{"title":"Aix\u00ed es fa un nad\u00f3 &#8212; Som Llavors","description":"Menstruita Mini, la nova col\u00b7lecci\u00f3 d'educaci\u00f3 sexual pels m\u00e9s petits de les autores de\u00a0La regla mola  Els nens i les nenes tenen moltes preguntes sobre com es fa un nad\u00f3: Com entra i surt de la panxa de la mama? Qu\u00e8 menja abans i despr\u00e9s de n\u00e9ixer? Una girafa pot beure llet d'elefanta? Tots els animals fan els nadons de la mateixa manera? Qui cuida la mama mentre la mama cuida el nad\u00f3?  Descobreix-ne totes les respostes en aquest llibre imprescindible perqu\u00e8 els m\u00e9s petits coneguin l\u2019incre\u00efble i meravell\u00f3s proc\u00e9s de com es fan els \u00e9ssers humans.  La col\u00b7lecci\u00f3 infantil Menstruita Mini, creada per la psic\u00f2loga especialitzada en educaci\u00f3 sexual Anna Salvia i per la il\u00b7lustradora i realitzadora multim\u00e8dia Cristina Torr\u00f3n, arriba despr\u00e9s del fenomen editorial\u00a0La regla mola (si saps com funciona)\u00a0per ajudar-te a parlar de sexualitat d\u2019una manera directa, senzilla i divertida.  Inclou una guia per a fam\u00edlies i educadors!","robots":{"index":"index","follow":"follow","max-snippet":"max-snippet:-1","max-image-preview":"max-image-preview:large","max-video-preview":"max-video-preview:-1"},"canonical":"https:\/\/somllavors.com\/es\/producte\/aixi-es-fa-un-nado","og_locale":"es_ES","og_type":"article","og_title":"Aix\u00ed es fa un nad\u00f3","og_description":"La teva botiga d\u2019ecocrian\u00e7a i espai d\u2019acompanyament a la maternitat","og_url":"https:\/\/somllavors.com\/es\/producte\/aixi-es-fa-un-nado","og_site_name":"Som Llavors","article_publisher":"https:\/\/www.facebook.com\/somllavorsvng\/?locale=ca_ES","article_modified_time":"2024-04-17T11:30:32+00:00","og_image":[{"width":800,"height":747,"url":"https:\/\/somllavors.com\/wp-content\/uploads\/2024\/04\/9788419511645.jpg","type":"image\/jpeg"}],"twitter_card":"summary_large_image","twitter_misc":{"Precio":"16,95&euro; Iva incl\u00f2s","Availability":"Hay existencias"},"schema":{"@context":"https:\/\/schema.org","@graph":[{"@type":"WebPage","@id":"https:\/\/somllavors.com\/es\/producte\/aixi-es-fa-un-nado","url":"https:\/\/somllavors.com\/es\/producte\/aixi-es-fa-un-nado","name":"Aix\u00ed es fa un nad\u00f3 &#8212; Som Llavors","isPartOf":{"@id":"https:\/\/somllavors.com\/es#website"},"primaryImageOfPage":{"@id":"https:\/\/somllavors.com\/es\/producte\/aixi-es-fa-un-nado#primaryimage"},"image":{"@id":"https:\/\/somllavors.com\/es\/producte\/aixi-es-fa-un-nado#primaryimage"},"thumbnailUrl":"https:\/\/somllavors.com\/wp-content\/uploads\/2024\/04\/9788419511645.jpg","datePublished":"2024-04-17T11:27:35+00:00","dateModified":"2024-04-17T11:30:32+00:00","description":"Menstruita Mini, la nova col\u00b7lecci\u00f3 d'educaci\u00f3 sexual pels m\u00e9s petits de les autores de\u00a0La regla mola Els nens i les nenes tenen moltes preguntes sobre com es fa un nad\u00f3: Com entra i surt de la panxa de la mama? Qu\u00e8 menja abans i despr\u00e9s de n\u00e9ixer? Una girafa pot beure llet d'elefanta? Tots els animals fan els nadons de la mateixa manera? Qui cuida la mama mentre la mama cuida el nad\u00f3? Descobreix-ne totes les respostes en aquest llibre imprescindible perqu\u00e8 els m\u00e9s petits coneguin l\u2019incre\u00efble i meravell\u00f3s proc\u00e9s de com es fan els \u00e9ssers humans. La col\u00b7lecci\u00f3 infantil Menstruita Mini, creada per la psic\u00f2loga especialitzada en educaci\u00f3 sexual Anna Salvia i per la il\u00b7lustradora i realitzadora multim\u00e8dia Cristina Torr\u00f3n, arriba despr\u00e9s del fenomen editorial\u00a0La regla mola (si saps com funciona)\u00a0per ajudar-te a parlar de sexualitat d\u2019una manera directa, senzilla i divertida. Inclou una guia per a fam\u00edlies i educadors!","breadcrumb":{"@id":"https:\/\/somllavors.com\/es\/producte\/aixi-es-fa-un-nado#breadcrumb"},"inLanguage":"es","potentialAction":[{"@type":"ReadAction","target":["https:\/\/somllavors.com\/es\/producte\/aixi-es-fa-un-nado"]}]},{"@type":"ImageObject","inLanguage":"es","@id":"https:\/\/somllavors.com\/es\/producte\/aixi-es-fa-un-nado#primaryimage","url":"https:\/\/somllavors.com\/wp-content\/uploads\/2024\/04\/9788419511645.jpg","contentUrl":"https:\/\/somllavors.com\/wp-content\/uploads\/2024\/04\/9788419511645.jpg","width":800,"height":747,"caption":"Aix\u00ed es fa un nad\u00f3"},{"@type":"BreadcrumbList","@id":"https:\/\/somllavors.com\/es\/producte\/aixi-es-fa-un-nado#breadcrumb","itemListElement":[{"@type":"ListItem","position":1,"name":"Inici","item":"https:\/\/somllavors.com\/es"},{"@type":"ListItem","position":2,"name":"Tienda","item":"https:\/\/somllavors.com\/es\/botiga-2"},{"@type":"ListItem","position":3,"name":"Aix\u00ed es fa un nad\u00f3"}]},{"@type":"WebSite","@id":"https:\/\/somllavors.com\/es#website","url":"https:\/\/somllavors.com\/es","name":"Som Llavors","description":"Botiga de crian\u00e7a natural","publisher":{"@id":"https:\/\/somllavors.com\/es#organization"},"alternateName":"Crian\u00e7a Natural i Sostenible","potentialAction":[{"@type":"SearchAction","target":{"@type":"EntryPoint","urlTemplate":"https:\/\/somllavors.com\/es?s={search_term_string}"},"query-input":{"@type":"PropertyValueSpecification","valueRequired":true,"valueName":"search_term_string"}}],"inLanguage":"es"},{"@type":["Organization","Place","Store"],"@id":"https:\/\/somllavors.com\/es#organization","name":"Som Llavors","alternateName":"Crian\u00e7a Natural i Sostenible","url":"https:\/\/somllavors.com\/es","logo":{"@id":"https:\/\/somllavors.com\/es\/producte\/aixi-es-fa-un-nado#local-main-organization-logo"},"image":{"@id":"https:\/\/somllavors.com\/es\/producte\/aixi-es-fa-un-nado#local-main-organization-logo"},"sameAs":["https:\/\/www.facebook.com\/somllavorsvng\/?locale=ca_ES","https:\/\/www.instagram.com\/somllavors_vng\/","https:\/\/www.youtube.com\/@somllavors"],"address":{"@id":"https:\/\/somllavors.com\/es\/producte\/aixi-es-fa-un-nado#local-main-place-address"},"geo":{"@type":"GeoCoordinates","latitude":"41.2257737","longitude":"1.723258859"},"telephone":["623152704","623152704"],"openingHoursSpecification":[{"@type":"OpeningHoursSpecification","dayOfWeek":["Monday","Sunday"],"opens":"00:00","closes":"00:00"},{"@type":"OpeningHoursSpecification","dayOfWeek":["Tuesday","Wednesday","Thursday","Friday"],"opens":"10:00","closes":"20:00"},{"@type":"OpeningHoursSpecification","dayOfWeek":["Saturday"],"opens":"10:00","closes":"13:30"}],"email":"info@somllavors.com"},{"@type":"PostalAddress","@id":"https:\/\/somllavors.com\/es\/producte\/aixi-es-fa-un-nado#local-main-place-address","streetAddress":"Carrer de l'aigua, 6","addressLocality":"Vilanova i la Geltr\u00fa","postalCode":"08800","addressRegion":"Barcelona","addressCountry":"ES"},{"@type":"ImageObject","inLanguage":"es","@id":"https:\/\/somllavors.com\/es\/producte\/aixi-es-fa-un-nado#local-main-organization-logo","url":"https:\/\/somllavors.com\/wp-content\/uploads\/Logotip-Som-Llavors.jpg","contentUrl":"https:\/\/somllavors.com\/wp-content\/uploads\/Logotip-Som-Llavors.jpg","width":1444,"height":1323,"caption":"Som Llavors"}]},"product_price_amount":"16.95","product_price_currency":"EUR","og_availability":"instock","product_availability":"instock","product_retailer_item_id":"9788419511645","product_condition":"new","geo.placename":"Vilanova i la Geltr\u00fa","geo.position":{"lat":"41.2257737","long":"1.723258859"},"geo.region":"Espa\u00f1a"},"brands":[],"_links":{"self":[{"href":"https:\/\/somllavors.com\/es\/wp-json\/wp\/v2\/product\/57479","targetHints":{"allow":["GET"]}}],"collection":[{"href":"https:\/\/somllavors.com\/es\/wp-json\/wp\/v2\/product"}],"about":[{"href":"https:\/\/somllavors.com\/es\/wp-json\/wp\/v2\/types\/product"}],"wp:featuredmedia":[{"embeddable":true,"href":"https:\/\/somllavors.com\/es\/wp-json\/wp\/v2\/media\/57505"}],"wp:attachment":[{"href":"https:\/\/somllavors.com\/es\/wp-json\/wp\/v2\/media?parent=57479"}],"wp:term":[{"taxonomy":"pwb-brand","embeddable":true,"href":"https:\/\/somllavors.com\/es\/wp-json\/wp\/v2\/pwb-brand?post=57479"},{"taxonomy":"product_brand","embeddable":true,"href":"https:\/\/somllavors.com\/es\/wp-json\/wp\/v2\/product_brand?post=57479"},{"taxonomy":"product_cat","embeddable":true,"href":"https:\/\/somllavors.com\/es\/wp-json\/wp\/v2\/product_cat?post=57479"},{"taxonomy":"product_tag","embeddable":true,"href":"https:\/\/somllavors.com\/es\/wp-json\/wp\/v2\/product_tag?post=57479"}],"curies":[{"name":"wp","href":"https:\/\/api.w.org\/{rel}","templated":true}]}}