{"id":57802,"date":"2024-04-23T17:12:22","date_gmt":"2024-04-23T15:12:22","guid":{"rendered":"https:\/\/somllavors.com\/?post_type=product&#038;p=57802"},"modified":"2024-04-23T18:20:50","modified_gmt":"2024-04-23T16:20:50","slug":"tarda-de-gripau","status":"publish","type":"product","link":"https:\/\/somllavors.com\/es\/producte\/tarda-de-gripau","title":{"rendered":"Tarda de gripau"},"content":{"rendered":"","protected":false},"excerpt":{"rendered":"<p><strong>Ozzztrezzz, que avorrit que ezt\u00e0 el gripau!, va pensar el mosquit. Zi zab\u00e9z com diztreure\u2019l\u2026 Despr\u00e9s del mosquit va arribar el caragol, la formiga, l\u2019aranya, la lib\u00e8l\u00b7lula, el centpeus i finalment el saltamart\u00ed que no volia formar part d\u2019aquella nutritiva comitiva.<\/strong><\/p>\n<ul>\n<li><strong><em>Tarda de gripau<\/em>\u00a0<\/strong>\u00e9s un \u00e0lbum il\u00b7lustrat divertid\u00edssim amb un ritme narratiu creixent que condueix al lector fins a un final inesperat.<\/li>\n<li>Els seus protagonistes s\u2019expressen d\u2019una forma peculiar, utilitzant jocs f\u00f2nics i onomatopeies, recursos que ajuden la narraci\u00f3 i contribueixen a dotar-los de personalitat. Maite Mutuberria, i per tant l\u2019adaptaci\u00f3 al catal\u00e0 de Tina Vall\u00e8s, fa servir un llenguatge proper al c\u00f2mic, amb indicacions de moviment, expressions gestuals, entrepans i abundants recursos simb\u00f2lics que accentuen el car\u00e0cter humor\u00edstic de la proposta.<\/li>\n<\/ul>\n","protected":false},"featured_media":57820,"template":"","meta":{"_acf_changed":false,"site-sidebar-layout":"default","site-content-layout":"","ast-site-content-layout":"default","site-content-style":"default","site-sidebar-style":"default","ast-global-header-display":"","ast-banner-title-visibility":"","ast-main-header-display":"","ast-hfb-above-header-display":"","ast-hfb-below-header-display":"","ast-hfb-mobile-header-display":"","site-post-title":"","ast-breadcrumbs-content":"","ast-featured-img":"","footer-sml-layout":"","theme-transparent-header-meta":"default","adv-header-id-meta":"","stick-header-meta":"","header-above-stick-meta":"","header-main-stick-meta":"","header-below-stick-meta":"","astra-migrate-meta-layouts":"set","ast-page-background-enabled":"default","ast-page-background-meta":{"desktop":{"background-color":"","background-image":"","background-repeat":"repeat","background-position":"center center","background-size":"auto","background-attachment":"scroll","background-type":"","background-media":"","overlay-type":"","overlay-color":"","overlay-opacity":"","overlay-gradient":""},"tablet":{"background-color":"","background-image":"","background-repeat":"repeat","background-position":"center center","background-size":"auto","background-attachment":"scroll","background-type":"","background-media":"","overlay-type":"","overlay-color":"","overlay-opacity":"","overlay-gradient":""},"mobile":{"background-color":"","background-image":"","background-repeat":"repeat","background-position":"center center","background-size":"auto","background-attachment":"scroll","background-type":"","background-media":"","overlay-type":"","overlay-color":"","overlay-opacity":"","overlay-gradient":""}},"ast-content-background-meta":{"desktop":{"background-color":"var(--ast-global-color-5)","background-image":"","background-repeat":"repeat","background-position":"center center","background-size":"auto","background-attachment":"scroll","background-type":"","background-media":"","overlay-type":"","overlay-color":"","overlay-opacity":"","overlay-gradient":""},"tablet":{"background-color":"var(--ast-global-color-5)","background-image":"","background-repeat":"repeat","background-position":"center center","background-size":"auto","background-attachment":"scroll","background-type":"","background-media":"","overlay-type":"","overlay-color":"","overlay-opacity":"","overlay-gradient":""},"mobile":{"background-color":"var(--ast-global-color-5)","background-image":"","background-repeat":"repeat","background-position":"center center","background-size":"auto","background-attachment":"scroll","background-type":"","background-media":"","overlay-type":"","overlay-color":"","overlay-opacity":"","overlay-gradient":""}}},"pwb-brand":[],"product_brand":[],"product_cat":[567],"product_tag":[1146,4737],"class_list":{"0":"post-57802","1":"product","2":"type-product","3":"status-publish","4":"has-post-thumbnail","6":"product_cat-infantils","7":"product_tag-contes-infantils","8":"product_tag-tarda-de-gripau","9":"desktop-align-left","10":"tablet-align-left","11":"mobile-align-left","13":"first","14":"instock","15":"taxable","16":"shipping-taxable","17":"purchasable","18":"product-type-simple"},"acf":[],"yoast_head":"<!-- This site is optimized with the Yoast SEO Premium plugin v18.3 (Yoast SEO v26.2) - https:\/\/yoast.com\/wordpress\/plugins\/seo\/ -->\n<title>Tarda de gripau &#8212; Som Llavors<\/title>\n<meta name=\"description\" content=\"Ozzztrezzz, que avorrit que ezt\u00e0 el gripau!, va pensar el mosquit. Zi zab\u00e9z com diztreure\u2019l\u2026 Despr\u00e9s del mosquit va arribar el caragol, la formiga, l\u2019aranya, la lib\u00e8l\u00b7lula, el centpeus i finalment el saltamart\u00ed que no volia formar part d\u2019aquella nutritiva comitiva.   Tarda de gripau\u00a0\u00e9s un \u00e0lbum il\u00b7lustrat divertid\u00edssim amb un ritme narratiu creixent que condueix al lector fins a un final inesperat.  Els seus protagonistes s\u2019expressen d\u2019una forma peculiar, utilitzant jocs f\u00f2nics i onomatopeies, recursos que ajuden la narraci\u00f3 i contribueixen a dotar-los de personalitat. Maite Mutuberria, i per tant l\u2019adaptaci\u00f3 al catal\u00e0 de Tina Vall\u00e8s, fa servir un llenguatge proper al c\u00f2mic, amb indicacions de moviment, expressions gestuals, entrepans i abundants recursos simb\u00f2lics que accentuen el car\u00e0cter humor\u00edstic de la proposta.\" \/>\n<meta name=\"robots\" content=\"index, follow, max-snippet:-1, max-image-preview:large, max-video-preview:-1\" \/>\n<link rel=\"canonical\" href=\"https:\/\/somllavors.com\/es\/producte\/tarda-de-gripau\" \/>\n<meta property=\"og:locale\" content=\"es_ES\" \/>\n<meta property=\"og:type\" content=\"article\" \/>\n<meta property=\"og:title\" content=\"Tarda de gripau\" \/>\n<meta property=\"og:description\" content=\"La teva botiga d\u2019ecocrian\u00e7a i espai d\u2019acompanyament a la maternitat\" \/>\n<meta property=\"og:url\" content=\"https:\/\/somllavors.com\/es\/producte\/tarda-de-gripau\" \/>\n<meta property=\"og:site_name\" content=\"Som Llavors\" \/>\n<meta property=\"article:publisher\" content=\"https:\/\/www.facebook.com\/somllavorsvng\/?locale=ca_ES\" \/>\n<meta property=\"article:modified_time\" content=\"2024-04-23T16:20:50+00:00\" \/>\n<meta property=\"og:image\" content=\"https:\/\/somllavors.com\/wp-content\/uploads\/2024\/04\/9788418558894.jpg\" \/>\n\t<meta property=\"og:image:width\" content=\"800\" \/>\n\t<meta property=\"og:image:height\" content=\"800\" \/>\n\t<meta property=\"og:image:type\" content=\"image\/jpeg\" \/>\n<meta name=\"twitter:card\" content=\"summary_large_image\" \/>\n<meta name=\"twitter:label1\" content=\"Precio\" \/>\n\t<meta name=\"twitter:data1\" content=\"14,00&euro; Iva incl\u00f2s\" \/>\n\t<meta name=\"twitter:label2\" content=\"Availability\" \/>\n\t<meta name=\"twitter:data2\" content=\"Hay existencias\" \/>\n<script type=\"application\/ld+json\" class=\"yoast-schema-graph\">{\"@context\":\"https:\/\/schema.org\",\"@graph\":[{\"@type\":\"WebPage\",\"@id\":\"https:\/\/somllavors.com\/es\/producte\/tarda-de-gripau\",\"url\":\"https:\/\/somllavors.com\/es\/producte\/tarda-de-gripau\",\"name\":\"Tarda de gripau &#8212; Som Llavors\",\"isPartOf\":{\"@id\":\"https:\/\/somllavors.com\/es#website\"},\"primaryImageOfPage\":{\"@id\":\"https:\/\/somllavors.com\/es\/producte\/tarda-de-gripau#primaryimage\"},\"image\":{\"@id\":\"https:\/\/somllavors.com\/es\/producte\/tarda-de-gripau#primaryimage\"},\"thumbnailUrl\":\"https:\/\/somllavors.com\/wp-content\/uploads\/2024\/04\/9788418558894.jpg\",\"datePublished\":\"2024-04-23T15:12:22+00:00\",\"dateModified\":\"2024-04-23T16:20:50+00:00\",\"description\":\"Ozzztrezzz, que avorrit que ezt\u00e0 el gripau!, va pensar el mosquit. Zi zab\u00e9z com diztreure\u2019l\u2026 Despr\u00e9s del mosquit va arribar el caragol, la formiga, l\u2019aranya, la lib\u00e8l\u00b7lula, el centpeus i finalment el saltamart\u00ed que no volia formar part d\u2019aquella nutritiva comitiva. Tarda de gripau\u00a0\u00e9s un \u00e0lbum il\u00b7lustrat divertid\u00edssim amb un ritme narratiu creixent que condueix al lector fins a un final inesperat. Els seus protagonistes s\u2019expressen d\u2019una forma peculiar, utilitzant jocs f\u00f2nics i onomatopeies, recursos que ajuden la narraci\u00f3 i contribueixen a dotar-los de personalitat. Maite Mutuberria, i per tant l\u2019adaptaci\u00f3 al catal\u00e0 de Tina Vall\u00e8s, fa servir un llenguatge proper al c\u00f2mic, amb indicacions de moviment, expressions gestuals, entrepans i abundants recursos simb\u00f2lics que accentuen el car\u00e0cter humor\u00edstic de la proposta.\",\"breadcrumb\":{\"@id\":\"https:\/\/somllavors.com\/es\/producte\/tarda-de-gripau#breadcrumb\"},\"inLanguage\":\"es\",\"potentialAction\":[{\"@type\":\"ReadAction\",\"target\":[\"https:\/\/somllavors.com\/es\/producte\/tarda-de-gripau\"]}]},{\"@type\":\"ImageObject\",\"inLanguage\":\"es\",\"@id\":\"https:\/\/somllavors.com\/es\/producte\/tarda-de-gripau#primaryimage\",\"url\":\"https:\/\/somllavors.com\/wp-content\/uploads\/2024\/04\/9788418558894.jpg\",\"contentUrl\":\"https:\/\/somllavors.com\/wp-content\/uploads\/2024\/04\/9788418558894.jpg\",\"width\":800,\"height\":800,\"caption\":\"Tarda de gripau\"},{\"@type\":\"BreadcrumbList\",\"@id\":\"https:\/\/somllavors.com\/es\/producte\/tarda-de-gripau#breadcrumb\",\"itemListElement\":[{\"@type\":\"ListItem\",\"position\":1,\"name\":\"Inici\",\"item\":\"https:\/\/somllavors.com\/es\"},{\"@type\":\"ListItem\",\"position\":2,\"name\":\"Tienda\",\"item\":\"https:\/\/somllavors.com\/es\/botiga-2\"},{\"@type\":\"ListItem\",\"position\":3,\"name\":\"Tarda de gripau\"}]},{\"@type\":\"WebSite\",\"@id\":\"https:\/\/somllavors.com\/es#website\",\"url\":\"https:\/\/somllavors.com\/es\",\"name\":\"Som Llavors\",\"description\":\"Botiga de crian\u00e7a natural\",\"publisher\":{\"@id\":\"https:\/\/somllavors.com\/es#organization\"},\"alternateName\":\"Crian\u00e7a Natural i Sostenible\",\"potentialAction\":[{\"@type\":\"SearchAction\",\"target\":{\"@type\":\"EntryPoint\",\"urlTemplate\":\"https:\/\/somllavors.com\/es?s={search_term_string}\"},\"query-input\":{\"@type\":\"PropertyValueSpecification\",\"valueRequired\":true,\"valueName\":\"search_term_string\"}}],\"inLanguage\":\"es\"},{\"@type\":[\"Organization\",\"Place\",\"Store\"],\"@id\":\"https:\/\/somllavors.com\/es#organization\",\"name\":\"Som Llavors\",\"alternateName\":\"Crian\u00e7a Natural i Sostenible\",\"url\":\"https:\/\/somllavors.com\/es\",\"logo\":{\"@id\":\"https:\/\/somllavors.com\/es\/producte\/tarda-de-gripau#local-main-organization-logo\"},\"image\":{\"@id\":\"https:\/\/somllavors.com\/es\/producte\/tarda-de-gripau#local-main-organization-logo\"},\"sameAs\":[\"https:\/\/www.facebook.com\/somllavorsvng\/?locale=ca_ES\",\"https:\/\/www.instagram.com\/somllavors_vng\/\",\"https:\/\/www.youtube.com\/@somllavors\"],\"address\":{\"@id\":\"https:\/\/somllavors.com\/es\/producte\/tarda-de-gripau#local-main-place-address\"},\"geo\":{\"@type\":\"GeoCoordinates\",\"latitude\":\"41.2257737\",\"longitude\":\"1.723258859\"},\"telephone\":[\"623152704\"],\"openingHoursSpecification\":[{\"@type\":\"OpeningHoursSpecification\",\"dayOfWeek\":[\"Monday\",\"Sunday\"],\"opens\":\"00:00\",\"closes\":\"00:00\"},{\"@type\":\"OpeningHoursSpecification\",\"dayOfWeek\":[\"Tuesday\",\"Wednesday\",\"Thursday\",\"Friday\"],\"opens\":\"10:00\",\"closes\":\"20:00\"},{\"@type\":\"OpeningHoursSpecification\",\"dayOfWeek\":[\"Saturday\"],\"opens\":\"10:00\",\"closes\":\"13:30\"}],\"email\":\"info@somllavors.com\"},{\"@type\":\"PostalAddress\",\"@id\":\"https:\/\/somllavors.com\/es\/producte\/tarda-de-gripau#local-main-place-address\",\"streetAddress\":\"Carrer de l'aigua, 6\",\"addressLocality\":\"Vilanova i la Geltr\u00fa\",\"postalCode\":\"08800\",\"addressRegion\":\"Barcelona\",\"addressCountry\":\"ES\"},{\"@type\":\"ImageObject\",\"inLanguage\":\"es\",\"@id\":\"https:\/\/somllavors.com\/es\/producte\/tarda-de-gripau#local-main-organization-logo\",\"url\":\"https:\/\/somllavors.com\/wp-content\/uploads\/Logotip-Som-Llavors.jpg\",\"contentUrl\":\"https:\/\/somllavors.com\/wp-content\/uploads\/Logotip-Som-Llavors.jpg\",\"width\":1444,\"height\":1323,\"caption\":\"Som Llavors\"}]}<\/script>\n<meta property=\"product:price:amount\" content=\"14.00\" \/>\n<meta property=\"product:price:currency\" content=\"EUR\" \/>\n<meta property=\"og:availability\" content=\"instock\" \/>\n<meta property=\"product:availability\" content=\"instock\" \/>\n<meta property=\"product:retailer_item_id\" content=\"9788418558894\" \/>\n<meta property=\"product:condition\" content=\"new\" \/>\n<meta name=\"geo.placename\" content=\"Vilanova i la Geltr\u00fa\" \/>\n<meta name=\"geo.position\" content=\"41.2257737;1.723258859\" \/>\n<meta name=\"geo.region\" content=\"Espa\u00f1a\" \/>\n<!-- \/ Yoast SEO Premium plugin. -->","yoast_head_json":{"title":"Tarda de gripau &#8212; Som Llavors","description":"Ozzztrezzz, que avorrit que ezt\u00e0 el gripau!, va pensar el mosquit. Zi zab\u00e9z com diztreure\u2019l\u2026 Despr\u00e9s del mosquit va arribar el caragol, la formiga, l\u2019aranya, la lib\u00e8l\u00b7lula, el centpeus i finalment el saltamart\u00ed que no volia formar part d\u2019aquella nutritiva comitiva.   Tarda de gripau\u00a0\u00e9s un \u00e0lbum il\u00b7lustrat divertid\u00edssim amb un ritme narratiu creixent que condueix al lector fins a un final inesperat.  Els seus protagonistes s\u2019expressen d\u2019una forma peculiar, utilitzant jocs f\u00f2nics i onomatopeies, recursos que ajuden la narraci\u00f3 i contribueixen a dotar-los de personalitat. Maite Mutuberria, i per tant l\u2019adaptaci\u00f3 al catal\u00e0 de Tina Vall\u00e8s, fa servir un llenguatge proper al c\u00f2mic, amb indicacions de moviment, expressions gestuals, entrepans i abundants recursos simb\u00f2lics que accentuen el car\u00e0cter humor\u00edstic de la proposta.","robots":{"index":"index","follow":"follow","max-snippet":"max-snippet:-1","max-image-preview":"max-image-preview:large","max-video-preview":"max-video-preview:-1"},"canonical":"https:\/\/somllavors.com\/es\/producte\/tarda-de-gripau","og_locale":"es_ES","og_type":"article","og_title":"Tarda de gripau","og_description":"La teva botiga d\u2019ecocrian\u00e7a i espai d\u2019acompanyament a la maternitat","og_url":"https:\/\/somllavors.com\/es\/producte\/tarda-de-gripau","og_site_name":"Som Llavors","article_publisher":"https:\/\/www.facebook.com\/somllavorsvng\/?locale=ca_ES","article_modified_time":"2024-04-23T16:20:50+00:00","og_image":[{"width":800,"height":800,"url":"https:\/\/somllavors.com\/wp-content\/uploads\/2024\/04\/9788418558894.jpg","type":"image\/jpeg"}],"twitter_card":"summary_large_image","twitter_misc":{"Precio":"14,00&euro; Iva incl\u00f2s","Availability":"Hay existencias"},"schema":{"@context":"https:\/\/schema.org","@graph":[{"@type":"WebPage","@id":"https:\/\/somllavors.com\/es\/producte\/tarda-de-gripau","url":"https:\/\/somllavors.com\/es\/producte\/tarda-de-gripau","name":"Tarda de gripau &#8212; Som Llavors","isPartOf":{"@id":"https:\/\/somllavors.com\/es#website"},"primaryImageOfPage":{"@id":"https:\/\/somllavors.com\/es\/producte\/tarda-de-gripau#primaryimage"},"image":{"@id":"https:\/\/somllavors.com\/es\/producte\/tarda-de-gripau#primaryimage"},"thumbnailUrl":"https:\/\/somllavors.com\/wp-content\/uploads\/2024\/04\/9788418558894.jpg","datePublished":"2024-04-23T15:12:22+00:00","dateModified":"2024-04-23T16:20:50+00:00","description":"Ozzztrezzz, que avorrit que ezt\u00e0 el gripau!, va pensar el mosquit. Zi zab\u00e9z com diztreure\u2019l\u2026 Despr\u00e9s del mosquit va arribar el caragol, la formiga, l\u2019aranya, la lib\u00e8l\u00b7lula, el centpeus i finalment el saltamart\u00ed que no volia formar part d\u2019aquella nutritiva comitiva. Tarda de gripau\u00a0\u00e9s un \u00e0lbum il\u00b7lustrat divertid\u00edssim amb un ritme narratiu creixent que condueix al lector fins a un final inesperat. Els seus protagonistes s\u2019expressen d\u2019una forma peculiar, utilitzant jocs f\u00f2nics i onomatopeies, recursos que ajuden la narraci\u00f3 i contribueixen a dotar-los de personalitat. Maite Mutuberria, i per tant l\u2019adaptaci\u00f3 al catal\u00e0 de Tina Vall\u00e8s, fa servir un llenguatge proper al c\u00f2mic, amb indicacions de moviment, expressions gestuals, entrepans i abundants recursos simb\u00f2lics que accentuen el car\u00e0cter humor\u00edstic de la proposta.","breadcrumb":{"@id":"https:\/\/somllavors.com\/es\/producte\/tarda-de-gripau#breadcrumb"},"inLanguage":"es","potentialAction":[{"@type":"ReadAction","target":["https:\/\/somllavors.com\/es\/producte\/tarda-de-gripau"]}]},{"@type":"ImageObject","inLanguage":"es","@id":"https:\/\/somllavors.com\/es\/producte\/tarda-de-gripau#primaryimage","url":"https:\/\/somllavors.com\/wp-content\/uploads\/2024\/04\/9788418558894.jpg","contentUrl":"https:\/\/somllavors.com\/wp-content\/uploads\/2024\/04\/9788418558894.jpg","width":800,"height":800,"caption":"Tarda de gripau"},{"@type":"BreadcrumbList","@id":"https:\/\/somllavors.com\/es\/producte\/tarda-de-gripau#breadcrumb","itemListElement":[{"@type":"ListItem","position":1,"name":"Inici","item":"https:\/\/somllavors.com\/es"},{"@type":"ListItem","position":2,"name":"Tienda","item":"https:\/\/somllavors.com\/es\/botiga-2"},{"@type":"ListItem","position":3,"name":"Tarda de gripau"}]},{"@type":"WebSite","@id":"https:\/\/somllavors.com\/es#website","url":"https:\/\/somllavors.com\/es","name":"Som Llavors","description":"Botiga de crian\u00e7a natural","publisher":{"@id":"https:\/\/somllavors.com\/es#organization"},"alternateName":"Crian\u00e7a Natural i Sostenible","potentialAction":[{"@type":"SearchAction","target":{"@type":"EntryPoint","urlTemplate":"https:\/\/somllavors.com\/es?s={search_term_string}"},"query-input":{"@type":"PropertyValueSpecification","valueRequired":true,"valueName":"search_term_string"}}],"inLanguage":"es"},{"@type":["Organization","Place","Store"],"@id":"https:\/\/somllavors.com\/es#organization","name":"Som Llavors","alternateName":"Crian\u00e7a Natural i Sostenible","url":"https:\/\/somllavors.com\/es","logo":{"@id":"https:\/\/somllavors.com\/es\/producte\/tarda-de-gripau#local-main-organization-logo"},"image":{"@id":"https:\/\/somllavors.com\/es\/producte\/tarda-de-gripau#local-main-organization-logo"},"sameAs":["https:\/\/www.facebook.com\/somllavorsvng\/?locale=ca_ES","https:\/\/www.instagram.com\/somllavors_vng\/","https:\/\/www.youtube.com\/@somllavors"],"address":{"@id":"https:\/\/somllavors.com\/es\/producte\/tarda-de-gripau#local-main-place-address"},"geo":{"@type":"GeoCoordinates","latitude":"41.2257737","longitude":"1.723258859"},"telephone":["623152704","623152704"],"openingHoursSpecification":[{"@type":"OpeningHoursSpecification","dayOfWeek":["Monday","Sunday"],"opens":"00:00","closes":"00:00"},{"@type":"OpeningHoursSpecification","dayOfWeek":["Tuesday","Wednesday","Thursday","Friday"],"opens":"10:00","closes":"20:00"},{"@type":"OpeningHoursSpecification","dayOfWeek":["Saturday"],"opens":"10:00","closes":"13:30"}],"email":"info@somllavors.com"},{"@type":"PostalAddress","@id":"https:\/\/somllavors.com\/es\/producte\/tarda-de-gripau#local-main-place-address","streetAddress":"Carrer de l'aigua, 6","addressLocality":"Vilanova i la Geltr\u00fa","postalCode":"08800","addressRegion":"Barcelona","addressCountry":"ES"},{"@type":"ImageObject","inLanguage":"es","@id":"https:\/\/somllavors.com\/es\/producte\/tarda-de-gripau#local-main-organization-logo","url":"https:\/\/somllavors.com\/wp-content\/uploads\/Logotip-Som-Llavors.jpg","contentUrl":"https:\/\/somllavors.com\/wp-content\/uploads\/Logotip-Som-Llavors.jpg","width":1444,"height":1323,"caption":"Som Llavors"}]},"product_price_amount":"14.00","product_price_currency":"EUR","og_availability":"instock","product_availability":"instock","product_retailer_item_id":"9788418558894","product_condition":"new","geo.placename":"Vilanova i la Geltr\u00fa","geo.position":{"lat":"41.2257737","long":"1.723258859"},"geo.region":"Espa\u00f1a"},"brands":[],"_links":{"self":[{"href":"https:\/\/somllavors.com\/es\/wp-json\/wp\/v2\/product\/57802","targetHints":{"allow":["GET"]}}],"collection":[{"href":"https:\/\/somllavors.com\/es\/wp-json\/wp\/v2\/product"}],"about":[{"href":"https:\/\/somllavors.com\/es\/wp-json\/wp\/v2\/types\/product"}],"wp:featuredmedia":[{"embeddable":true,"href":"https:\/\/somllavors.com\/es\/wp-json\/wp\/v2\/media\/57820"}],"wp:attachment":[{"href":"https:\/\/somllavors.com\/es\/wp-json\/wp\/v2\/media?parent=57802"}],"wp:term":[{"taxonomy":"pwb-brand","embeddable":true,"href":"https:\/\/somllavors.com\/es\/wp-json\/wp\/v2\/pwb-brand?post=57802"},{"taxonomy":"product_brand","embeddable":true,"href":"https:\/\/somllavors.com\/es\/wp-json\/wp\/v2\/product_brand?post=57802"},{"taxonomy":"product_cat","embeddable":true,"href":"https:\/\/somllavors.com\/es\/wp-json\/wp\/v2\/product_cat?post=57802"},{"taxonomy":"product_tag","embeddable":true,"href":"https:\/\/somllavors.com\/es\/wp-json\/wp\/v2\/product_tag?post=57802"}],"curies":[{"name":"wp","href":"https:\/\/api.w.org\/{rel}","templated":true}]}}