{"id":58250,"date":"2024-04-26T18:48:00","date_gmt":"2024-04-26T16:48:00","guid":{"rendered":"https:\/\/somllavors.com\/?post_type=product&#038;p=58250"},"modified":"2025-04-10T18:30:05","modified_gmt":"2025-04-10T16:30:05","slug":"neuromaternal","status":"publish","type":"product","link":"https:\/\/somllavors.com\/es\/producte\/neuromaternal","title":{"rendered":"Neuromaternal"},"content":{"rendered":"<p><b>Rese\u00f1as:<\/b><br \/>\n\u00abEste libro cubre un hueco que era necesario cerrar nos brinda a las mujeres una informaci\u00f3n que nos permite comprendernos desde lo m\u00e1s profundo, como mujeres y como madres. Un libro escrito con erudici\u00f3n, rigor y cercan\u00eda, en el que Susana nos acompa\u00f1a, desde su experiencia personal y su s\u00f3lida trayectoria cient\u00edfica, en el viaje que da vida a la humanidad\u00bb.<br \/>\nNazareth Castellanos<\/p>\n<p><b>\u00abUn libro escrito con erudici\u00f3n, rigor y cercan\u00eda, en el que Susana nos acompa\u00f1a, desde su experiencia personal y su s\u00f3lida trayectoria cient\u00edfica, en el viaje que da vida a la humanidad\u00bb. Nazareth Castellanos<\/b><\/p>\n","protected":false},"excerpt":{"rendered":"<p>La neurociencia, por fin, respalda lo que las mujeres ya intu\u00edamos: la maternidad nos transforma. Gracias a estudios rigurosos que analizan im\u00e1genes cerebrales, hoy podemos demostrar que el embarazo modifica profundamente el cerebro de la mujer, facilitando as\u00ed la transici\u00f3n a la maternidad.<\/p>\n<p>Neuromaternal se nutre de la evidencia cient\u00edfica m\u00e1s puntera para describir las adaptaciones neuronales durante el embarazo y la maternidad. Las investigaciones presentadas en este libro, muchas de ellas dirigidas por la propia autora, nos muestran la dimensi\u00f3n biol\u00f3gica de la \u00abmatrescencia\u00bb, situando el proceso como uno de los periodos de mayor plasticidad cerebral en la vida adulta. El lector descubrir\u00e1 el papel crucial de las hormonas en estos cambios, su duraci\u00f3n y su impacto en la salud y en la conexi\u00f3n con el beb\u00e9. Asimismo, se mostrar\u00e1 qu\u00e9 hay de cierto en los supuestos d\u00e9ficits cognitivos atribuidos a menudo a la maternidad. En el trayecto, se evidenciar\u00e1 el sesgo de sexo en biomedicina y, en particular, en neurociencia.<\/p>\n<p>El 85 % de las mujeres experimenta un embarazo en alg\u00fan momento de su vida. Si abogamos por una visi\u00f3n integral de la salud de la mujer, es esencial visibilizar esta experiencia tan transformadora en m\u00faltiples niveles, incluyendo el cerebral.<\/p>\n<p>&nbsp;<\/p>\n","protected":false},"featured_media":58252,"template":"","meta":{"_acf_changed":false,"site-sidebar-layout":"default","site-content-layout":"","ast-site-content-layout":"default","site-content-style":"default","site-sidebar-style":"default","ast-global-header-display":"","ast-banner-title-visibility":"","ast-main-header-display":"","ast-hfb-above-header-display":"","ast-hfb-below-header-display":"","ast-hfb-mobile-header-display":"","site-post-title":"","ast-breadcrumbs-content":"","ast-featured-img":"","footer-sml-layout":"","theme-transparent-header-meta":"default","adv-header-id-meta":"","stick-header-meta":"","header-above-stick-meta":"","header-main-stick-meta":"","header-below-stick-meta":"","astra-migrate-meta-layouts":"set","ast-page-background-enabled":"default","ast-page-background-meta":{"desktop":{"background-color":"","background-image":"","background-repeat":"repeat","background-position":"center center","background-size":"auto","background-attachment":"scroll","background-type":"","background-media":"","overlay-type":"","overlay-color":"","overlay-opacity":"","overlay-gradient":""},"tablet":{"background-color":"","background-image":"","background-repeat":"repeat","background-position":"center center","background-size":"auto","background-attachment":"scroll","background-type":"","background-media":"","overlay-type":"","overlay-color":"","overlay-opacity":"","overlay-gradient":""},"mobile":{"background-color":"","background-image":"","background-repeat":"repeat","background-position":"center center","background-size":"auto","background-attachment":"scroll","background-type":"","background-media":"","overlay-type":"","overlay-color":"","overlay-opacity":"","overlay-gradient":""}},"ast-content-background-meta":{"desktop":{"background-color":"var(--ast-global-color-5)","background-image":"","background-repeat":"repeat","background-position":"center center","background-size":"auto","background-attachment":"scroll","background-type":"","background-media":"","overlay-type":"","overlay-color":"","overlay-opacity":"","overlay-gradient":""},"tablet":{"background-color":"var(--ast-global-color-5)","background-image":"","background-repeat":"repeat","background-position":"center center","background-size":"auto","background-attachment":"scroll","background-type":"","background-media":"","overlay-type":"","overlay-color":"","overlay-opacity":"","overlay-gradient":""},"mobile":{"background-color":"var(--ast-global-color-5)","background-image":"","background-repeat":"repeat","background-position":"center center","background-size":"auto","background-attachment":"scroll","background-type":"","background-media":"","overlay-type":"","overlay-color":"","overlay-opacity":"","overlay-gradient":""}}},"pwb-brand":[],"product_brand":[],"product_cat":[568],"product_tag":[4746,4747],"class_list":{"0":"post-58250","1":"product","2":"type-product","3":"status-publish","4":"has-post-thumbnail","6":"product_cat-adults","7":"product_tag-neuromaternal","8":"product_tag-susana-carmona","9":"desktop-align-left","10":"tablet-align-left","11":"mobile-align-left","13":"first","14":"outofstock","15":"taxable","16":"shipping-taxable","17":"purchasable","18":"product-type-simple"},"acf":[],"yoast_head":"<!-- This site is optimized with the Yoast SEO Premium plugin v18.3 (Yoast SEO v27.4) - https:\/\/yoast.com\/product\/yoast-seo-premium-wordpress\/ -->\n<title>Neuromaternal &#8212; Som Llavors<\/title>\n<meta name=\"description\" content=\"La neurociencia, por fin, respalda lo que las mujeres ya intu\u00edamos: la maternidad nos transforma. Gracias a estudios rigurosos que analizan im\u00e1genes cerebrales, hoy podemos demostrar que el embarazo modifica profundamente el cerebro de la mujer, facilitando as\u00ed la transici\u00f3n a la maternidad.  Neuromaternal se nutre de la evidencia cient\u00edfica m\u00e1s puntera para describir las adaptaciones neuronales durante el embarazo y la maternidad. Las investigaciones presentadas en este libro, muchas de ellas dirigidas por la propia autora, nos muestran la dimensi\u00f3n biol\u00f3gica de la \u00abmatrescencia\u00bb, situando el proceso como uno de los periodos de mayor plasticidad cerebral en la vida adulta. El lector descubrir\u00e1 el papel crucial de las hormonas en estos cambios, su duraci\u00f3n y su impacto en la salud y en la conexi\u00f3n con el beb\u00e9. Asimismo, se mostrar\u00e1 qu\u00e9 hay de cierto en los supuestos d\u00e9ficits cognitivos atribuidos a menudo a la maternidad. En el trayecto, se evidenciar\u00e1 el sesgo de sexo en biomedicina y, en particular, en neurociencia.  El 85 % de las mujeres experimenta un embarazo en alg\u00fan momento de su vida. Si abogamos por una visi\u00f3n integral de la salud de la mujer, es esencial visibilizar esta experiencia tan transformadora en m\u00faltiples niveles, incluyendo el cerebral.  &nbsp;\" \/>\n<meta name=\"robots\" content=\"index, follow, max-snippet:-1, max-image-preview:large, max-video-preview:-1\" \/>\n<link rel=\"canonical\" href=\"https:\/\/somllavors.com\/es\/producte\/neuromaternal\" \/>\n<meta property=\"og:locale\" content=\"es_ES\" \/>\n<meta property=\"og:type\" content=\"article\" \/>\n<meta property=\"og:title\" content=\"Neuromaternal\" \/>\n<meta property=\"og:description\" content=\"La teva botiga d\u2019ecocrian\u00e7a i espai d\u2019acompanyament a la maternitat\" \/>\n<meta property=\"og:url\" content=\"https:\/\/somllavors.com\/es\/producte\/neuromaternal\" \/>\n<meta property=\"og:site_name\" content=\"Som Llavors\" \/>\n<meta property=\"article:publisher\" content=\"https:\/\/www.facebook.com\/somllavorsvng\/?locale=ca_ES\" \/>\n<meta property=\"article:modified_time\" content=\"2025-04-10T16:30:05+00:00\" \/>\n<meta property=\"og:image\" content=\"https:\/\/somllavors.com\/wp-content\/uploads\/2024\/04\/9788466678087.jpg\" \/>\n\t<meta property=\"og:image:width\" content=\"800\" \/>\n\t<meta property=\"og:image:height\" content=\"1215\" \/>\n\t<meta property=\"og:image:type\" content=\"image\/jpeg\" \/>\n<meta name=\"twitter:card\" content=\"summary_large_image\" \/>\n<meta name=\"twitter:label1\" content=\"Precio\" \/>\n\t<meta name=\"twitter:data1\" content=\"20,90&euro; Iva incl\u00f2s\" \/>\n\t<meta name=\"twitter:label2\" content=\"Availability\" \/>\n\t<meta name=\"twitter:data2\" content=\"Out of stock\" \/>\n<script type=\"application\/ld+json\" class=\"yoast-schema-graph\">{\"@context\":\"https:\\\/\\\/schema.org\",\"@graph\":[{\"@type\":\"WebPage\",\"@id\":\"https:\\\/\\\/somllavors.com\\\/es\\\/producte\\\/neuromaternal\",\"url\":\"https:\\\/\\\/somllavors.com\\\/es\\\/producte\\\/neuromaternal\",\"name\":\"Neuromaternal &#8212; Som Llavors\",\"isPartOf\":{\"@id\":\"https:\\\/\\\/somllavors.com\\\/es#website\"},\"primaryImageOfPage\":{\"@id\":\"https:\\\/\\\/somllavors.com\\\/es\\\/producte\\\/neuromaternal#primaryimage\"},\"image\":{\"@id\":\"https:\\\/\\\/somllavors.com\\\/es\\\/producte\\\/neuromaternal#primaryimage\"},\"thumbnailUrl\":\"https:\\\/\\\/somllavors.com\\\/wp-content\\\/uploads\\\/2024\\\/04\\\/9788466678087.jpg\",\"datePublished\":\"2024-04-26T16:48:00+00:00\",\"dateModified\":\"2025-04-10T16:30:05+00:00\",\"description\":\"La neurociencia, por fin, respalda lo que las mujeres ya intu\u00edamos: la maternidad nos transforma. Gracias a estudios rigurosos que analizan im\u00e1genes cerebrales, hoy podemos demostrar que el embarazo modifica profundamente el cerebro de la mujer, facilitando as\u00ed la transici\u00f3n a la maternidad. Neuromaternal se nutre de la evidencia cient\u00edfica m\u00e1s puntera para describir las adaptaciones neuronales durante el embarazo y la maternidad. Las investigaciones presentadas en este libro, muchas de ellas dirigidas por la propia autora, nos muestran la dimensi\u00f3n biol\u00f3gica de la \u00abmatrescencia\u00bb, situando el proceso como uno de los periodos de mayor plasticidad cerebral en la vida adulta. El lector descubrir\u00e1 el papel crucial de las hormonas en estos cambios, su duraci\u00f3n y su impacto en la salud y en la conexi\u00f3n con el beb\u00e9. Asimismo, se mostrar\u00e1 qu\u00e9 hay de cierto en los supuestos d\u00e9ficits cognitivos atribuidos a menudo a la maternidad. En el trayecto, se evidenciar\u00e1 el sesgo de sexo en biomedicina y, en particular, en neurociencia. El 85 % de las mujeres experimenta un embarazo en alg\u00fan momento de su vida. Si abogamos por una visi\u00f3n integral de la salud de la mujer, es esencial visibilizar esta experiencia tan transformadora en m\u00faltiples niveles, incluyendo el cerebral. &nbsp;\",\"breadcrumb\":{\"@id\":\"https:\\\/\\\/somllavors.com\\\/es\\\/producte\\\/neuromaternal#breadcrumb\"},\"inLanguage\":\"es\",\"potentialAction\":[{\"@type\":\"ReadAction\",\"target\":[\"https:\\\/\\\/somllavors.com\\\/es\\\/producte\\\/neuromaternal\"]}]},{\"@type\":\"ImageObject\",\"inLanguage\":\"es\",\"@id\":\"https:\\\/\\\/somllavors.com\\\/es\\\/producte\\\/neuromaternal#primaryimage\",\"url\":\"https:\\\/\\\/somllavors.com\\\/wp-content\\\/uploads\\\/2024\\\/04\\\/9788466678087.jpg\",\"contentUrl\":\"https:\\\/\\\/somllavors.com\\\/wp-content\\\/uploads\\\/2024\\\/04\\\/9788466678087.jpg\",\"width\":800,\"height\":1215,\"caption\":\"Neuromaternal\"},{\"@type\":\"BreadcrumbList\",\"@id\":\"https:\\\/\\\/somllavors.com\\\/es\\\/producte\\\/neuromaternal#breadcrumb\",\"itemListElement\":[{\"@type\":\"ListItem\",\"position\":1,\"name\":\"Inici\",\"item\":\"https:\\\/\\\/somllavors.com\\\/es\"},{\"@type\":\"ListItem\",\"position\":2,\"name\":\"Tienda\",\"item\":\"https:\\\/\\\/somllavors.com\\\/es\\\/botiga-2\"},{\"@type\":\"ListItem\",\"position\":3,\"name\":\"Neuromaternal\"}]},{\"@type\":\"WebSite\",\"@id\":\"https:\\\/\\\/somllavors.com\\\/es#website\",\"url\":\"https:\\\/\\\/somllavors.com\\\/es\",\"name\":\"Som Llavors\",\"description\":\"Botiga de crian\u00e7a natural\",\"publisher\":{\"@id\":\"https:\\\/\\\/somllavors.com\\\/es#organization\"},\"alternateName\":\"Crian\u00e7a Natural i Sostenible\",\"potentialAction\":[{\"@type\":\"SearchAction\",\"target\":{\"@type\":\"EntryPoint\",\"urlTemplate\":\"https:\\\/\\\/somllavors.com\\\/es?s={search_term_string}\"},\"query-input\":{\"@type\":\"PropertyValueSpecification\",\"valueRequired\":true,\"valueName\":\"search_term_string\"}}],\"inLanguage\":\"es\"},{\"@type\":[\"Organization\",\"Place\",\"Store\"],\"@id\":\"https:\\\/\\\/somllavors.com\\\/es#organization\",\"name\":\"Som Llavors\",\"alternateName\":\"Crian\u00e7a Natural i Sostenible\",\"url\":\"https:\\\/\\\/somllavors.com\\\/es\",\"logo\":{\"@id\":\"https:\\\/\\\/somllavors.com\\\/es\\\/producte\\\/neuromaternal#local-main-organization-logo\"},\"image\":{\"@id\":\"https:\\\/\\\/somllavors.com\\\/es\\\/producte\\\/neuromaternal#local-main-organization-logo\"},\"sameAs\":[\"https:\\\/\\\/www.facebook.com\\\/somllavorsvng\\\/?locale=ca_ES\",\"https:\\\/\\\/www.instagram.com\\\/somllavors_vng\\\/\",\"https:\\\/\\\/www.youtube.com\\\/@somllavors\"],\"address\":{\"@id\":\"https:\\\/\\\/somllavors.com\\\/es\\\/producte\\\/neuromaternal#local-main-place-address\"},\"geo\":{\"@type\":\"GeoCoordinates\",\"latitude\":\"41.2257737\",\"longitude\":\"1.723258859\"},\"telephone\":[\"623152704\"],\"openingHoursSpecification\":[{\"@type\":\"OpeningHoursSpecification\",\"dayOfWeek\":[\"Monday\",\"Sunday\"],\"opens\":\"00:00\",\"closes\":\"00:00\"},{\"@type\":\"OpeningHoursSpecification\",\"dayOfWeek\":[\"Tuesday\",\"Wednesday\",\"Thursday\",\"Friday\"],\"opens\":\"10:00\",\"closes\":\"20:00\"},{\"@type\":\"OpeningHoursSpecification\",\"dayOfWeek\":[\"Saturday\"],\"opens\":\"10:00\",\"closes\":\"13:30\"}],\"email\":\"info@somllavors.com\"},{\"@type\":\"PostalAddress\",\"@id\":\"https:\\\/\\\/somllavors.com\\\/es\\\/producte\\\/neuromaternal#local-main-place-address\",\"streetAddress\":\"Carrer de l'aigua, 6\",\"addressLocality\":\"Vilanova i la Geltr\u00fa\",\"postalCode\":\"08800\",\"addressRegion\":\"Barcelona\",\"addressCountry\":\"ES\"},{\"@type\":\"ImageObject\",\"inLanguage\":\"es\",\"@id\":\"https:\\\/\\\/somllavors.com\\\/es\\\/producte\\\/neuromaternal#local-main-organization-logo\",\"url\":\"https:\\\/\\\/somllavors.com\\\/wp-content\\\/uploads\\\/Logotip-Som-Llavors.jpg\",\"contentUrl\":\"https:\\\/\\\/somllavors.com\\\/wp-content\\\/uploads\\\/Logotip-Som-Llavors.jpg\",\"width\":1444,\"height\":1323,\"caption\":\"Som Llavors\"}]}<\/script>\n<meta property=\"product:price:amount\" content=\"20.90\" \/>\n<meta property=\"product:price:currency\" content=\"EUR\" \/>\n<meta property=\"og:availability\" content=\"out of stock\" \/>\n<meta property=\"product:availability\" content=\"out of stock\" \/>\n<meta property=\"product:retailer_item_id\" content=\"9788466678087\" \/>\n<meta property=\"product:condition\" content=\"new\" \/>\n<meta name=\"geo.placename\" content=\"Vilanova i la Geltr\u00fa\" \/>\n<meta name=\"geo.position\" content=\"41.2257737;1.723258859\" \/>\n<meta name=\"geo.region\" content=\"Espa\u00f1a\" \/>\n<!-- \/ Yoast SEO Premium plugin. -->","yoast_head_json":{"title":"Neuromaternal &#8212; Som Llavors","description":"La neurociencia, por fin, respalda lo que las mujeres ya intu\u00edamos: la maternidad nos transforma. Gracias a estudios rigurosos que analizan im\u00e1genes cerebrales, hoy podemos demostrar que el embarazo modifica profundamente el cerebro de la mujer, facilitando as\u00ed la transici\u00f3n a la maternidad.  Neuromaternal se nutre de la evidencia cient\u00edfica m\u00e1s puntera para describir las adaptaciones neuronales durante el embarazo y la maternidad. Las investigaciones presentadas en este libro, muchas de ellas dirigidas por la propia autora, nos muestran la dimensi\u00f3n biol\u00f3gica de la \u00abmatrescencia\u00bb, situando el proceso como uno de los periodos de mayor plasticidad cerebral en la vida adulta. El lector descubrir\u00e1 el papel crucial de las hormonas en estos cambios, su duraci\u00f3n y su impacto en la salud y en la conexi\u00f3n con el beb\u00e9. Asimismo, se mostrar\u00e1 qu\u00e9 hay de cierto en los supuestos d\u00e9ficits cognitivos atribuidos a menudo a la maternidad. En el trayecto, se evidenciar\u00e1 el sesgo de sexo en biomedicina y, en particular, en neurociencia.  El 85 % de las mujeres experimenta un embarazo en alg\u00fan momento de su vida. Si abogamos por una visi\u00f3n integral de la salud de la mujer, es esencial visibilizar esta experiencia tan transformadora en m\u00faltiples niveles, incluyendo el cerebral.  &nbsp;","robots":{"index":"index","follow":"follow","max-snippet":"max-snippet:-1","max-image-preview":"max-image-preview:large","max-video-preview":"max-video-preview:-1"},"canonical":"https:\/\/somllavors.com\/es\/producte\/neuromaternal","og_locale":"es_ES","og_type":"article","og_title":"Neuromaternal","og_description":"La teva botiga d\u2019ecocrian\u00e7a i espai d\u2019acompanyament a la maternitat","og_url":"https:\/\/somllavors.com\/es\/producte\/neuromaternal","og_site_name":"Som Llavors","article_publisher":"https:\/\/www.facebook.com\/somllavorsvng\/?locale=ca_ES","article_modified_time":"2025-04-10T16:30:05+00:00","og_image":[{"width":800,"height":1215,"url":"https:\/\/somllavors.com\/wp-content\/uploads\/2024\/04\/9788466678087.jpg","type":"image\/jpeg"}],"twitter_card":"summary_large_image","twitter_misc":{"Precio":"20,90&euro; Iva incl\u00f2s","Availability":"Out of stock"},"schema":{"@context":"https:\/\/schema.org","@graph":[{"@type":"WebPage","@id":"https:\/\/somllavors.com\/es\/producte\/neuromaternal","url":"https:\/\/somllavors.com\/es\/producte\/neuromaternal","name":"Neuromaternal &#8212; Som Llavors","isPartOf":{"@id":"https:\/\/somllavors.com\/es#website"},"primaryImageOfPage":{"@id":"https:\/\/somllavors.com\/es\/producte\/neuromaternal#primaryimage"},"image":{"@id":"https:\/\/somllavors.com\/es\/producte\/neuromaternal#primaryimage"},"thumbnailUrl":"https:\/\/somllavors.com\/wp-content\/uploads\/2024\/04\/9788466678087.jpg","datePublished":"2024-04-26T16:48:00+00:00","dateModified":"2025-04-10T16:30:05+00:00","description":"La neurociencia, por fin, respalda lo que las mujeres ya intu\u00edamos: la maternidad nos transforma. Gracias a estudios rigurosos que analizan im\u00e1genes cerebrales, hoy podemos demostrar que el embarazo modifica profundamente el cerebro de la mujer, facilitando as\u00ed la transici\u00f3n a la maternidad. Neuromaternal se nutre de la evidencia cient\u00edfica m\u00e1s puntera para describir las adaptaciones neuronales durante el embarazo y la maternidad. Las investigaciones presentadas en este libro, muchas de ellas dirigidas por la propia autora, nos muestran la dimensi\u00f3n biol\u00f3gica de la \u00abmatrescencia\u00bb, situando el proceso como uno de los periodos de mayor plasticidad cerebral en la vida adulta. El lector descubrir\u00e1 el papel crucial de las hormonas en estos cambios, su duraci\u00f3n y su impacto en la salud y en la conexi\u00f3n con el beb\u00e9. Asimismo, se mostrar\u00e1 qu\u00e9 hay de cierto en los supuestos d\u00e9ficits cognitivos atribuidos a menudo a la maternidad. En el trayecto, se evidenciar\u00e1 el sesgo de sexo en biomedicina y, en particular, en neurociencia. El 85 % de las mujeres experimenta un embarazo en alg\u00fan momento de su vida. Si abogamos por una visi\u00f3n integral de la salud de la mujer, es esencial visibilizar esta experiencia tan transformadora en m\u00faltiples niveles, incluyendo el cerebral. &nbsp;","breadcrumb":{"@id":"https:\/\/somllavors.com\/es\/producte\/neuromaternal#breadcrumb"},"inLanguage":"es","potentialAction":[{"@type":"ReadAction","target":["https:\/\/somllavors.com\/es\/producte\/neuromaternal"]}]},{"@type":"ImageObject","inLanguage":"es","@id":"https:\/\/somllavors.com\/es\/producte\/neuromaternal#primaryimage","url":"https:\/\/somllavors.com\/wp-content\/uploads\/2024\/04\/9788466678087.jpg","contentUrl":"https:\/\/somllavors.com\/wp-content\/uploads\/2024\/04\/9788466678087.jpg","width":800,"height":1215,"caption":"Neuromaternal"},{"@type":"BreadcrumbList","@id":"https:\/\/somllavors.com\/es\/producte\/neuromaternal#breadcrumb","itemListElement":[{"@type":"ListItem","position":1,"name":"Inici","item":"https:\/\/somllavors.com\/es"},{"@type":"ListItem","position":2,"name":"Tienda","item":"https:\/\/somllavors.com\/es\/botiga-2"},{"@type":"ListItem","position":3,"name":"Neuromaternal"}]},{"@type":"WebSite","@id":"https:\/\/somllavors.com\/es#website","url":"https:\/\/somllavors.com\/es","name":"Som Llavors","description":"Botiga de crian\u00e7a natural","publisher":{"@id":"https:\/\/somllavors.com\/es#organization"},"alternateName":"Crian\u00e7a Natural i Sostenible","potentialAction":[{"@type":"SearchAction","target":{"@type":"EntryPoint","urlTemplate":"https:\/\/somllavors.com\/es?s={search_term_string}"},"query-input":{"@type":"PropertyValueSpecification","valueRequired":true,"valueName":"search_term_string"}}],"inLanguage":"es"},{"@type":["Organization","Place","Store"],"@id":"https:\/\/somllavors.com\/es#organization","name":"Som Llavors","alternateName":"Crian\u00e7a Natural i Sostenible","url":"https:\/\/somllavors.com\/es","logo":{"@id":"https:\/\/somllavors.com\/es\/producte\/neuromaternal#local-main-organization-logo"},"image":{"@id":"https:\/\/somllavors.com\/es\/producte\/neuromaternal#local-main-organization-logo"},"sameAs":["https:\/\/www.facebook.com\/somllavorsvng\/?locale=ca_ES","https:\/\/www.instagram.com\/somllavors_vng\/","https:\/\/www.youtube.com\/@somllavors"],"address":{"@id":"https:\/\/somllavors.com\/es\/producte\/neuromaternal#local-main-place-address"},"geo":{"@type":"GeoCoordinates","latitude":"41.2257737","longitude":"1.723258859"},"telephone":["623152704","623152704"],"openingHoursSpecification":[{"@type":"OpeningHoursSpecification","dayOfWeek":["Monday","Sunday"],"opens":"00:00","closes":"00:00"},{"@type":"OpeningHoursSpecification","dayOfWeek":["Tuesday","Wednesday","Thursday","Friday"],"opens":"10:00","closes":"20:00"},{"@type":"OpeningHoursSpecification","dayOfWeek":["Saturday"],"opens":"10:00","closes":"13:30"}],"email":"info@somllavors.com"},{"@type":"PostalAddress","@id":"https:\/\/somllavors.com\/es\/producte\/neuromaternal#local-main-place-address","streetAddress":"Carrer de l'aigua, 6","addressLocality":"Vilanova i la Geltr\u00fa","postalCode":"08800","addressRegion":"Barcelona","addressCountry":"ES"},{"@type":"ImageObject","inLanguage":"es","@id":"https:\/\/somllavors.com\/es\/producte\/neuromaternal#local-main-organization-logo","url":"https:\/\/somllavors.com\/wp-content\/uploads\/Logotip-Som-Llavors.jpg","contentUrl":"https:\/\/somllavors.com\/wp-content\/uploads\/Logotip-Som-Llavors.jpg","width":1444,"height":1323,"caption":"Som Llavors"}]},"product_price_amount":"20.90","product_price_currency":"EUR","og_availability":"out of stock","product_availability":"out of stock","product_retailer_item_id":"9788466678087","product_condition":"new","geo.placename":"Vilanova i la Geltr\u00fa","geo.position":{"lat":"41.2257737","long":"1.723258859"},"geo.region":"Espa\u00f1a"},"brands":[],"_links":{"self":[{"href":"https:\/\/somllavors.com\/es\/wp-json\/wp\/v2\/product\/58250","targetHints":{"allow":["GET"]}}],"collection":[{"href":"https:\/\/somllavors.com\/es\/wp-json\/wp\/v2\/product"}],"about":[{"href":"https:\/\/somllavors.com\/es\/wp-json\/wp\/v2\/types\/product"}],"wp:featuredmedia":[{"embeddable":true,"href":"https:\/\/somllavors.com\/es\/wp-json\/wp\/v2\/media\/58252"}],"wp:attachment":[{"href":"https:\/\/somllavors.com\/es\/wp-json\/wp\/v2\/media?parent=58250"}],"wp:term":[{"taxonomy":"pwb-brand","embeddable":true,"href":"https:\/\/somllavors.com\/es\/wp-json\/wp\/v2\/pwb-brand?post=58250"},{"taxonomy":"product_brand","embeddable":true,"href":"https:\/\/somllavors.com\/es\/wp-json\/wp\/v2\/product_brand?post=58250"},{"taxonomy":"product_cat","embeddable":true,"href":"https:\/\/somllavors.com\/es\/wp-json\/wp\/v2\/product_cat?post=58250"},{"taxonomy":"product_tag","embeddable":true,"href":"https:\/\/somllavors.com\/es\/wp-json\/wp\/v2\/product_tag?post=58250"}],"curies":[{"name":"wp","href":"https:\/\/api.w.org\/{rel}","templated":true}]}}