{"id":58737,"date":"2024-05-07T15:22:35","date_gmt":"2024-05-07T13:22:35","guid":{"rendered":"https:\/\/somllavors.com\/?post_type=product&#038;p=58737"},"modified":"2025-06-06T13:43:27","modified_gmt":"2025-06-06T11:43:27","slug":"izi-flex-fix-i-size-besafe-copy","status":"publish","type":"product","link":"https:\/\/somllavors.com\/es\/producte\/izi-flex-fix-i-size-besafe-copy","title":{"rendered":"iZi Flex FIX 2 i-Size &#8211; BeSafe (versi\u00f3n 2024)"},"content":{"rendered":"<p><iframe loading=\"lazy\" title=\"YouTube video player\" src=\"https:\/\/www.youtube.com\/embed\/Wx4sH7-Wn-E?si=a1I34JfPkGVaKEh6\" width=\"560\" height=\"315\" frameborder=\"0\" allowfullscreen=\"allowfullscreen\"><\/iframe><\/p>\n<p>&nbsp;<\/p>\n<p>Caracteristicas tecnicas<\/p>\n<p><img loading=\"lazy\" decoding=\"async\" class=\"alignnone size-full wp-image-59370\" src=\"https:\/\/somllavors.com\/wp-content\/uploads\/2024\/05\/besafe-flex-fix-2_usp-highlight-101.webp\" alt=\"Flex fix 2 Besafe nueva\" width=\"600\" height=\"600\" srcset=\"https:\/\/somllavors.com\/wp-content\/uploads\/2024\/05\/besafe-flex-fix-2_usp-highlight-101.webp 600w, https:\/\/somllavors.com\/wp-content\/uploads\/2024\/05\/besafe-flex-fix-2_usp-highlight-101-300x300.webp 300w, https:\/\/somllavors.com\/wp-content\/uploads\/2024\/05\/besafe-flex-fix-2_usp-highlight-101-150x150.webp 150w, https:\/\/somllavors.com\/wp-content\/uploads\/2024\/05\/besafe-flex-fix-2_usp-highlight-101-350x350.webp 350w, https:\/\/somllavors.com\/wp-content\/uploads\/2024\/05\/besafe-flex-fix-2_usp-highlight-101-100x100.webp 100w\" sizes=\"auto, (max-width: 600px) 100vw, 600px\" \/><\/p>\n<p>&nbsp;<\/p>\n<ol>\n<li>\n<h3><strong>3 sillas de cotxe en fila<\/strong><\/h3>\n<p>Haz sitio para hasta tres ni\u00f1os en fila con s\u00f3lo quitar las dos barras SIP de la silla central. o para viajar un adulto entre las 2 flex fix 2<\/li>\n<li>\n<h3><strong>PAD+<\/strong><\/h3>\n<p>Dise\u00f1ado para una mayor protecci\u00f3n de la barbilla y el pecho, PAD+ ofrece un acolchado suave y c\u00f3modo para el contacto con el borde del cintur\u00f3n de seguridad del asiento.<\/li>\n<li>\n<h3><strong>Guias de cintur\u00f3n<\/strong><\/h3>\n<p>La innovadora gu\u00eda de cintur\u00f3n de cadera de BeSafe se basa en nuestra probada tecnolog\u00eda de cinturones para embarazadas. La gu\u00eda para el cintur\u00f3n de cadera es f\u00e1cil de desmontar, lo que permite lavarla cuando sea necesario. Esta soluci\u00f3n inteligente evita que el cuerpo del ni\u00f1o se deslice hacia delante y por debajo del cintur\u00f3n de seguridad y garantiza siempre la correcta colocaci\u00f3n del cintur\u00f3n en la cadera. Con nuestra gu\u00eda para el cintur\u00f3n en la parte del hombro, colocar el cintur\u00f3n de seguridad es ahora a\u00fan m\u00e1s f\u00e1cil y preciso. Con nuestra gu\u00eda para el cintur\u00f3n en la parte del hombro, colocar el cintur\u00f3n de seguridad es ahora a\u00fan m\u00e1s f\u00e1cil y preciso.<\/li>\n<li>\n<h3><strong>Posici\u00f3n de reclinado<\/strong><\/h3>\n<p>La silla puede ajustarse f\u00e1cilmente en una posici\u00f3n reclinada, lo que proporciona mayor confort y protege al ni\u00f1o. Cuando tu hijo se duerme en el coche, la posici\u00f3n reclinada ayuda a que su cabeza y torso permanezcan protegidos dentro de la silla.<\/li>\n<li>\n<h3><strong>Innovador reposacabezas<\/strong><\/h3>\n<p>Fabricaci\u00f3n innovadora del reposacabezas con un efecto de protecci\u00f3n similar a una cama el\u00e1stica.<\/li>\n<\/ol>\n<h3>Sobre el producto<\/h3>\n<div class=\"htmlDrawerWrapper--j1T9Uo_\">\n<h4><strong>Seguridad:<\/strong><\/h4>\n<ul>\n<li>Fabricaci\u00f3n innovadora del reposacabezas con un efecto de protecci\u00f3n similar a una cama el\u00e1stica (Dynamic Force Absorber\u2122)<\/li>\n<li>Homologado conforme a la \u00faltima normativa UN R129<\/li>\n<li>Dise\u00f1o PAD+ para una protecci\u00f3n adicional de la barbilla y el pecho<\/li>\n<li>Protecci\u00f3n flexible contra impactos laterales<\/li>\n<li>Gu\u00edas de cintur\u00f3n para el hombro y la cadera para un posicionamiento perfecto<\/li>\n<li>SIP+ &#8211; Protecci\u00f3n contra impactos laterales+<\/li>\n<li>Reposacabezas con EPP para una mayor protecci\u00f3n<\/li>\n<li>Sin reposabrazos para evitar un uso incorrecto<\/li>\n<li>Mucho espacio y 3 sillas en la misma fila<\/li>\n<li>Perfil fino \u2013 pero con mucho espacio para tu hijo<\/li>\n<li>Los soportes SIP pueden retirarse para albergar hasta tres sillas en la misma fila<\/li>\n<\/ul>\n<p>&nbsp;<\/p>\n<h4><strong>Confort<\/strong><\/h4>\n<ul>\n<li>El reposacabezas ofrece al ni\u00f1o una buena visi\u00f3n lateral y un buen apoyo cuando duerme<\/li>\n<li>Soluci\u00f3n \u00fanica para ajustar la altura desde los laterales de la silla mientras el ni\u00f1o est\u00e1 abrochado<\/li>\n<li>Se adapta al crecimiento del ni\u00f1o<\/li>\n<li>PAD+ proporciona un acolchado c\u00f3modo y suave para el contacto con el cintur\u00f3n de seguridad del asiento<\/li>\n<li>Funci\u00f3n de reclinado \u00fanica y c\u00f3moda<\/li>\n<li>Asa integrada para facilitar el transporte<\/li>\n<li>F\u00e1cil de lavar con una funda totalmente extra\u00edble<\/li>\n<\/ul>\n<\/div>\n","protected":false},"excerpt":{"rendered":"<div class=\"dynamicFieldWrapper--kilBzsy\">\n<div class=\"htmlDrawerWrapper--j1T9Uo_\"><span style=\"font-size: 16px;\">Silla elevadora con respaldo alto mejorada partiendo de nuestra premiada y favorita iZi Flex FIX y Size. Esta silla elevadora se utiliza cuando el ni\u00f1o est\u00e1 preparado para sentarse a favor de la marcha (a partir de los 4 a\u00f1os) Combina una excelente seguridad, un confort \u00f3ptimo y un dise\u00f1o de calidad para albergar hasta tres sillas de auto en la misma fila.<\/span><\/div>\n<div><\/div>\n<\/div>\n<p>Para la m\u00e1xima seguridad de tu hijo, recomendamos que esperes el mayor tiempo posible antes de darle la vuelta para que mire hacia delante Descubre nuestras sillas de auto orientadas a contramarcha para ni\u00f1os mayores de 4 a\u00f1os.<\/p>\n<h2><\/h2>\n","protected":false},"featured_media":59379,"template":"","meta":{"_acf_changed":false,"site-sidebar-layout":"default","site-content-layout":"default","ast-site-content-layout":"default","site-content-style":"default","site-sidebar-style":"default","ast-global-header-display":"","ast-banner-title-visibility":"","ast-main-header-display":"","ast-hfb-above-header-display":"","ast-hfb-below-header-display":"","ast-hfb-mobile-header-display":"","site-post-title":"","ast-breadcrumbs-content":"","ast-featured-img":"","footer-sml-layout":"","ast-disable-related-posts":"","theme-transparent-header-meta":"default","adv-header-id-meta":"","stick-header-meta":"","header-above-stick-meta":"","header-main-stick-meta":"","header-below-stick-meta":"","astra-migrate-meta-layouts":"set","ast-page-background-enabled":"default","ast-page-background-meta":{"desktop":{"background-color":"","background-image":"","background-repeat":"repeat","background-position":"center center","background-size":"auto","background-attachment":"scroll","background-type":"","background-media":"","overlay-type":"","overlay-color":"","overlay-opacity":"","overlay-gradient":""},"tablet":{"background-color":"","background-image":"","background-repeat":"repeat","background-position":"center center","background-size":"auto","background-attachment":"scroll","background-type":"","background-media":"","overlay-type":"","overlay-color":"","overlay-opacity":"","overlay-gradient":""},"mobile":{"background-color":"","background-image":"","background-repeat":"repeat","background-position":"center center","background-size":"auto","background-attachment":"scroll","background-type":"","background-media":"","overlay-type":"","overlay-color":"","overlay-opacity":"","overlay-gradient":""}},"ast-content-background-meta":{"desktop":{"background-color":"var(--ast-global-color-5)","background-image":"","background-repeat":"repeat","background-position":"center center","background-size":"auto","background-attachment":"scroll","background-type":"","background-media":"","overlay-type":"","overlay-color":"","overlay-opacity":"","overlay-gradient":""},"tablet":{"background-color":"var(--ast-global-color-5)","background-image":"","background-repeat":"repeat","background-position":"center center","background-size":"auto","background-attachment":"scroll","background-type":"","background-media":"","overlay-type":"","overlay-color":"","overlay-opacity":"","overlay-gradient":""},"mobile":{"background-color":"var(--ast-global-color-5)","background-image":"","background-repeat":"repeat","background-position":"center center","background-size":"auto","background-attachment":"scroll","background-type":"","background-media":"","overlay-type":"","overlay-color":"","overlay-opacity":"","overlay-gradient":""}}},"pwb-brand":[4119],"product_brand":[],"product_cat":[6065,3713],"product_tag":[3797,3796],"class_list":{"0":"post-58737","1":"product","2":"type-product","3":"status-publish","4":"has-post-thumbnail","6":"pwb-brand-besafe","7":"product_cat-besafe","8":"product_cat-sillas-de-coche-a-contramarcha","9":"product_tag-besafe-es","10":"product_tag-sistemas-de-retencion-infantil-es","11":"product_shipping_class-motxilles-porteig-es","12":"desktop-align-left","13":"tablet-align-left","14":"mobile-align-left","16":"first","17":"instock","18":"sale","19":"taxable","20":"shipping-taxable","21":"purchasable","22":"product-type-variable"},"acf":[],"yoast_head":"<!-- This site is optimized with the Yoast SEO Premium plugin v18.3 (Yoast SEO v27.4) - https:\/\/yoast.com\/product\/yoast-seo-premium-wordpress\/ -->\n<title>iZi Flex FIX 2 i-Size - BeSafe (versi\u00f3n 2024) &#8212; Som Llavors<\/title>\n<meta name=\"description\" content=\"Silla elevadora con respaldo alto mejorada partiendo de nuestra premiada y favorita iZi Flex FIX y Size. Esta silla elevadora se utiliza cuando el ni\u00f1o est\u00e1 preparado para sentarse a favor de la marcha (a partir de los 4 a\u00f1os) Combina una excelente seguridad, un confort \u00f3ptimo y un dise\u00f1o de calidad para albergar hasta tres sillas de auto en la misma fila.  Para la m\u00e1xima seguridad de tu hijo, recomendamos que esperes el mayor tiempo posible antes de darle la vuelta para que mire hacia delante Descubre nuestras sillas de auto orientadas a contramarcha para ni\u00f1os mayores de 4 a\u00f1os.\" \/>\n<meta name=\"robots\" content=\"index, follow, max-snippet:-1, max-image-preview:large, max-video-preview:-1\" \/>\n<link rel=\"canonical\" href=\"https:\/\/somllavors.com\/es\/producte\/izi-flex-fix-i-size-besafe-copy\" \/>\n<meta property=\"og:locale\" content=\"es_ES\" \/>\n<meta property=\"og:type\" content=\"article\" \/>\n<meta property=\"og:title\" content=\"iZi Flex FIX 2 i-Size - BeSafe (versi\u00f3n 2024)\" \/>\n<meta property=\"og:description\" content=\"La teva botiga d\u2019ecocrian\u00e7a i espai d\u2019acompanyament a la maternitat\" \/>\n<meta property=\"og:url\" content=\"https:\/\/somllavors.com\/es\/producte\/izi-flex-fix-i-size-besafe-copy\" \/>\n<meta property=\"og:site_name\" content=\"Som Llavors\" \/>\n<meta property=\"article:publisher\" content=\"https:\/\/www.facebook.com\/somllavorsvng\/?locale=ca_ES\" \/>\n<meta property=\"article:modified_time\" content=\"2025-06-06T11:43:27+00:00\" \/>\n<meta property=\"og:image\" content=\"https:\/\/somllavors.com\/wp-content\/uploads\/2024\/05\/11037469_besafe-flex-fix-2_anthracite-mesh_right_3_adjusted-web-02.png\" \/>\n\t<meta property=\"og:image:width\" content=\"1024\" \/>\n\t<meta property=\"og:image:height\" content=\"1024\" \/>\n\t<meta property=\"og:image:type\" content=\"image\/png\" \/>\n<meta name=\"twitter:card\" content=\"summary_large_image\" \/>\n<meta name=\"twitter:label1\" content=\"Availability\" \/>\n\t<meta name=\"twitter:data1\" content=\"Hay existencias\" \/>\n<script type=\"application\/ld+json\" class=\"yoast-schema-graph\">{\"@context\":\"https:\\\/\\\/schema.org\",\"@graph\":[{\"@type\":\"WebPage\",\"@id\":\"https:\\\/\\\/somllavors.com\\\/es\\\/producte\\\/izi-flex-fix-i-size-besafe-copy\",\"url\":\"https:\\\/\\\/somllavors.com\\\/es\\\/producte\\\/izi-flex-fix-i-size-besafe-copy\",\"name\":\"iZi Flex FIX 2 i-Size - BeSafe (versi\u00f3n 2024) &#8212; Som Llavors\",\"isPartOf\":{\"@id\":\"https:\\\/\\\/somllavors.com\\\/es#website\"},\"primaryImageOfPage\":{\"@id\":\"https:\\\/\\\/somllavors.com\\\/es\\\/producte\\\/izi-flex-fix-i-size-besafe-copy#primaryimage\"},\"image\":{\"@id\":\"https:\\\/\\\/somllavors.com\\\/es\\\/producte\\\/izi-flex-fix-i-size-besafe-copy#primaryimage\"},\"thumbnailUrl\":\"https:\\\/\\\/somllavors.com\\\/wp-content\\\/uploads\\\/2024\\\/05\\\/11037469_besafe-flex-fix-2_anthracite-mesh_right_3_adjusted-web-02.png\",\"datePublished\":\"2024-05-07T13:22:35+00:00\",\"dateModified\":\"2025-06-06T11:43:27+00:00\",\"description\":\"Silla elevadora con respaldo alto mejorada partiendo de nuestra premiada y favorita iZi Flex FIX y Size. Esta silla elevadora se utiliza cuando el ni\u00f1o est\u00e1 preparado para sentarse a favor de la marcha (a partir de los 4 a\u00f1os) Combina una excelente seguridad, un confort \u00f3ptimo y un dise\u00f1o de calidad para albergar hasta tres sillas de auto en la misma fila. Para la m\u00e1xima seguridad de tu hijo, recomendamos que esperes el mayor tiempo posible antes de darle la vuelta para que mire hacia delante Descubre nuestras sillas de auto orientadas a contramarcha para ni\u00f1os mayores de 4 a\u00f1os.\",\"breadcrumb\":{\"@id\":\"https:\\\/\\\/somllavors.com\\\/es\\\/producte\\\/izi-flex-fix-i-size-besafe-copy#breadcrumb\"},\"inLanguage\":\"es\",\"potentialAction\":[{\"@type\":\"ReadAction\",\"target\":[\"https:\\\/\\\/somllavors.com\\\/es\\\/producte\\\/izi-flex-fix-i-size-besafe-copy\"]}]},{\"@type\":\"ImageObject\",\"inLanguage\":\"es\",\"@id\":\"https:\\\/\\\/somllavors.com\\\/es\\\/producte\\\/izi-flex-fix-i-size-besafe-copy#primaryimage\",\"url\":\"https:\\\/\\\/somllavors.com\\\/wp-content\\\/uploads\\\/2024\\\/05\\\/11037469_besafe-flex-fix-2_anthracite-mesh_right_3_adjusted-web-02.png\",\"contentUrl\":\"https:\\\/\\\/somllavors.com\\\/wp-content\\\/uploads\\\/2024\\\/05\\\/11037469_besafe-flex-fix-2_anthracite-mesh_right_3_adjusted-web-02.png\",\"width\":1024,\"height\":1024,\"caption\":\"Flex fix 2 Besafe nueva\"},{\"@type\":\"BreadcrumbList\",\"@id\":\"https:\\\/\\\/somllavors.com\\\/es\\\/producte\\\/izi-flex-fix-i-size-besafe-copy#breadcrumb\",\"itemListElement\":[{\"@type\":\"ListItem\",\"position\":1,\"name\":\"Inici\",\"item\":\"https:\\\/\\\/somllavors.com\\\/es\"},{\"@type\":\"ListItem\",\"position\":2,\"name\":\"Tienda\",\"item\":\"https:\\\/\\\/somllavors.com\\\/es\\\/botiga-2\"},{\"@type\":\"ListItem\",\"position\":3,\"name\":\"iZi Flex FIX 2 i-Size &#8211; BeSafe (versi\u00f3n 2024)\"}]},{\"@type\":\"WebSite\",\"@id\":\"https:\\\/\\\/somllavors.com\\\/es#website\",\"url\":\"https:\\\/\\\/somllavors.com\\\/es\",\"name\":\"Som Llavors\",\"description\":\"Botiga de crian\u00e7a natural\",\"publisher\":{\"@id\":\"https:\\\/\\\/somllavors.com\\\/es#organization\"},\"alternateName\":\"Crian\u00e7a Natural i Sostenible\",\"potentialAction\":[{\"@type\":\"SearchAction\",\"target\":{\"@type\":\"EntryPoint\",\"urlTemplate\":\"https:\\\/\\\/somllavors.com\\\/es?s={search_term_string}\"},\"query-input\":{\"@type\":\"PropertyValueSpecification\",\"valueRequired\":true,\"valueName\":\"search_term_string\"}}],\"inLanguage\":\"es\"},{\"@type\":[\"Organization\",\"Place\",\"Store\"],\"@id\":\"https:\\\/\\\/somllavors.com\\\/es#organization\",\"name\":\"Som Llavors\",\"alternateName\":\"Crian\u00e7a Natural i Sostenible\",\"url\":\"https:\\\/\\\/somllavors.com\\\/es\",\"logo\":{\"@id\":\"https:\\\/\\\/somllavors.com\\\/es\\\/producte\\\/izi-flex-fix-i-size-besafe-copy#local-main-organization-logo\"},\"image\":{\"@id\":\"https:\\\/\\\/somllavors.com\\\/es\\\/producte\\\/izi-flex-fix-i-size-besafe-copy#local-main-organization-logo\"},\"sameAs\":[\"https:\\\/\\\/www.facebook.com\\\/somllavorsvng\\\/?locale=ca_ES\",\"https:\\\/\\\/www.instagram.com\\\/somllavors_vng\\\/\",\"https:\\\/\\\/www.youtube.com\\\/@somllavors\"],\"address\":{\"@id\":\"https:\\\/\\\/somllavors.com\\\/es\\\/producte\\\/izi-flex-fix-i-size-besafe-copy#local-main-place-address\"},\"geo\":{\"@type\":\"GeoCoordinates\",\"latitude\":\"41.2257737\",\"longitude\":\"1.723258859\"},\"telephone\":[\"623152704\"],\"openingHoursSpecification\":[{\"@type\":\"OpeningHoursSpecification\",\"dayOfWeek\":[\"Monday\",\"Sunday\"],\"opens\":\"00:00\",\"closes\":\"00:00\"},{\"@type\":\"OpeningHoursSpecification\",\"dayOfWeek\":[\"Tuesday\",\"Wednesday\",\"Thursday\",\"Friday\"],\"opens\":\"10:00\",\"closes\":\"20:00\"},{\"@type\":\"OpeningHoursSpecification\",\"dayOfWeek\":[\"Saturday\"],\"opens\":\"10:00\",\"closes\":\"13:30\"}],\"email\":\"info@somllavors.com\"},{\"@type\":\"PostalAddress\",\"@id\":\"https:\\\/\\\/somllavors.com\\\/es\\\/producte\\\/izi-flex-fix-i-size-besafe-copy#local-main-place-address\",\"streetAddress\":\"Carrer de l'aigua, 6\",\"addressLocality\":\"Vilanova i la Geltr\u00fa\",\"postalCode\":\"08800\",\"addressRegion\":\"Barcelona\",\"addressCountry\":\"ES\"},{\"@type\":\"ImageObject\",\"inLanguage\":\"es\",\"@id\":\"https:\\\/\\\/somllavors.com\\\/es\\\/producte\\\/izi-flex-fix-i-size-besafe-copy#local-main-organization-logo\",\"url\":\"https:\\\/\\\/somllavors.com\\\/wp-content\\\/uploads\\\/Logotip-Som-Llavors.jpg\",\"contentUrl\":\"https:\\\/\\\/somllavors.com\\\/wp-content\\\/uploads\\\/Logotip-Som-Llavors.jpg\",\"width\":1444,\"height\":1323,\"caption\":\"Som Llavors\"}]}<\/script>\n<meta property=\"og:availability\" content=\"instock\" \/>\n<meta property=\"product:availability\" content=\"instock\" \/>\n<meta property=\"product:retailer_item_id\" content=\"BS001-1\" \/>\n<meta property=\"product:condition\" content=\"new\" \/>\n<meta name=\"geo.placename\" content=\"Vilanova i la Geltr\u00fa\" \/>\n<meta name=\"geo.position\" content=\"41.2257737;1.723258859\" \/>\n<meta name=\"geo.region\" content=\"Espa\u00f1a\" \/>\n<!-- \/ Yoast SEO Premium plugin. -->","yoast_head_json":{"title":"iZi Flex FIX 2 i-Size - BeSafe (versi\u00f3n 2024) &#8212; Som Llavors","description":"Silla elevadora con respaldo alto mejorada partiendo de nuestra premiada y favorita iZi Flex FIX y Size. Esta silla elevadora se utiliza cuando el ni\u00f1o est\u00e1 preparado para sentarse a favor de la marcha (a partir de los 4 a\u00f1os) Combina una excelente seguridad, un confort \u00f3ptimo y un dise\u00f1o de calidad para albergar hasta tres sillas de auto en la misma fila.  Para la m\u00e1xima seguridad de tu hijo, recomendamos que esperes el mayor tiempo posible antes de darle la vuelta para que mire hacia delante Descubre nuestras sillas de auto orientadas a contramarcha para ni\u00f1os mayores de 4 a\u00f1os.","robots":{"index":"index","follow":"follow","max-snippet":"max-snippet:-1","max-image-preview":"max-image-preview:large","max-video-preview":"max-video-preview:-1"},"canonical":"https:\/\/somllavors.com\/es\/producte\/izi-flex-fix-i-size-besafe-copy","og_locale":"es_ES","og_type":"article","og_title":"iZi Flex FIX 2 i-Size - BeSafe (versi\u00f3n 2024)","og_description":"La teva botiga d\u2019ecocrian\u00e7a i espai d\u2019acompanyament a la maternitat","og_url":"https:\/\/somllavors.com\/es\/producte\/izi-flex-fix-i-size-besafe-copy","og_site_name":"Som Llavors","article_publisher":"https:\/\/www.facebook.com\/somllavorsvng\/?locale=ca_ES","article_modified_time":"2025-06-06T11:43:27+00:00","og_image":[{"width":1024,"height":1024,"url":"https:\/\/somllavors.com\/wp-content\/uploads\/2024\/05\/11037469_besafe-flex-fix-2_anthracite-mesh_right_3_adjusted-web-02.png","type":"image\/png"}],"twitter_card":"summary_large_image","twitter_misc":{"Availability":"Hay existencias"},"schema":{"@context":"https:\/\/schema.org","@graph":[{"@type":"WebPage","@id":"https:\/\/somllavors.com\/es\/producte\/izi-flex-fix-i-size-besafe-copy","url":"https:\/\/somllavors.com\/es\/producte\/izi-flex-fix-i-size-besafe-copy","name":"iZi Flex FIX 2 i-Size - BeSafe (versi\u00f3n 2024) &#8212; Som Llavors","isPartOf":{"@id":"https:\/\/somllavors.com\/es#website"},"primaryImageOfPage":{"@id":"https:\/\/somllavors.com\/es\/producte\/izi-flex-fix-i-size-besafe-copy#primaryimage"},"image":{"@id":"https:\/\/somllavors.com\/es\/producte\/izi-flex-fix-i-size-besafe-copy#primaryimage"},"thumbnailUrl":"https:\/\/somllavors.com\/wp-content\/uploads\/2024\/05\/11037469_besafe-flex-fix-2_anthracite-mesh_right_3_adjusted-web-02.png","datePublished":"2024-05-07T13:22:35+00:00","dateModified":"2025-06-06T11:43:27+00:00","description":"Silla elevadora con respaldo alto mejorada partiendo de nuestra premiada y favorita iZi Flex FIX y Size. Esta silla elevadora se utiliza cuando el ni\u00f1o est\u00e1 preparado para sentarse a favor de la marcha (a partir de los 4 a\u00f1os) Combina una excelente seguridad, un confort \u00f3ptimo y un dise\u00f1o de calidad para albergar hasta tres sillas de auto en la misma fila. Para la m\u00e1xima seguridad de tu hijo, recomendamos que esperes el mayor tiempo posible antes de darle la vuelta para que mire hacia delante Descubre nuestras sillas de auto orientadas a contramarcha para ni\u00f1os mayores de 4 a\u00f1os.","breadcrumb":{"@id":"https:\/\/somllavors.com\/es\/producte\/izi-flex-fix-i-size-besafe-copy#breadcrumb"},"inLanguage":"es","potentialAction":[{"@type":"ReadAction","target":["https:\/\/somllavors.com\/es\/producte\/izi-flex-fix-i-size-besafe-copy"]}]},{"@type":"ImageObject","inLanguage":"es","@id":"https:\/\/somllavors.com\/es\/producte\/izi-flex-fix-i-size-besafe-copy#primaryimage","url":"https:\/\/somllavors.com\/wp-content\/uploads\/2024\/05\/11037469_besafe-flex-fix-2_anthracite-mesh_right_3_adjusted-web-02.png","contentUrl":"https:\/\/somllavors.com\/wp-content\/uploads\/2024\/05\/11037469_besafe-flex-fix-2_anthracite-mesh_right_3_adjusted-web-02.png","width":1024,"height":1024,"caption":"Flex fix 2 Besafe nueva"},{"@type":"BreadcrumbList","@id":"https:\/\/somllavors.com\/es\/producte\/izi-flex-fix-i-size-besafe-copy#breadcrumb","itemListElement":[{"@type":"ListItem","position":1,"name":"Inici","item":"https:\/\/somllavors.com\/es"},{"@type":"ListItem","position":2,"name":"Tienda","item":"https:\/\/somllavors.com\/es\/botiga-2"},{"@type":"ListItem","position":3,"name":"iZi Flex FIX 2 i-Size &#8211; BeSafe (versi\u00f3n 2024)"}]},{"@type":"WebSite","@id":"https:\/\/somllavors.com\/es#website","url":"https:\/\/somllavors.com\/es","name":"Som Llavors","description":"Botiga de crian\u00e7a natural","publisher":{"@id":"https:\/\/somllavors.com\/es#organization"},"alternateName":"Crian\u00e7a Natural i Sostenible","potentialAction":[{"@type":"SearchAction","target":{"@type":"EntryPoint","urlTemplate":"https:\/\/somllavors.com\/es?s={search_term_string}"},"query-input":{"@type":"PropertyValueSpecification","valueRequired":true,"valueName":"search_term_string"}}],"inLanguage":"es"},{"@type":["Organization","Place","Store"],"@id":"https:\/\/somllavors.com\/es#organization","name":"Som Llavors","alternateName":"Crian\u00e7a Natural i Sostenible","url":"https:\/\/somllavors.com\/es","logo":{"@id":"https:\/\/somllavors.com\/es\/producte\/izi-flex-fix-i-size-besafe-copy#local-main-organization-logo"},"image":{"@id":"https:\/\/somllavors.com\/es\/producte\/izi-flex-fix-i-size-besafe-copy#local-main-organization-logo"},"sameAs":["https:\/\/www.facebook.com\/somllavorsvng\/?locale=ca_ES","https:\/\/www.instagram.com\/somllavors_vng\/","https:\/\/www.youtube.com\/@somllavors"],"address":{"@id":"https:\/\/somllavors.com\/es\/producte\/izi-flex-fix-i-size-besafe-copy#local-main-place-address"},"geo":{"@type":"GeoCoordinates","latitude":"41.2257737","longitude":"1.723258859"},"telephone":["623152704","623152704"],"openingHoursSpecification":[{"@type":"OpeningHoursSpecification","dayOfWeek":["Monday","Sunday"],"opens":"00:00","closes":"00:00"},{"@type":"OpeningHoursSpecification","dayOfWeek":["Tuesday","Wednesday","Thursday","Friday"],"opens":"10:00","closes":"20:00"},{"@type":"OpeningHoursSpecification","dayOfWeek":["Saturday"],"opens":"10:00","closes":"13:30"}],"email":"info@somllavors.com"},{"@type":"PostalAddress","@id":"https:\/\/somllavors.com\/es\/producte\/izi-flex-fix-i-size-besafe-copy#local-main-place-address","streetAddress":"Carrer de l'aigua, 6","addressLocality":"Vilanova i la Geltr\u00fa","postalCode":"08800","addressRegion":"Barcelona","addressCountry":"ES"},{"@type":"ImageObject","inLanguage":"es","@id":"https:\/\/somllavors.com\/es\/producte\/izi-flex-fix-i-size-besafe-copy#local-main-organization-logo","url":"https:\/\/somllavors.com\/wp-content\/uploads\/Logotip-Som-Llavors.jpg","contentUrl":"https:\/\/somllavors.com\/wp-content\/uploads\/Logotip-Som-Llavors.jpg","width":1444,"height":1323,"caption":"Som Llavors"}]},"og_availability":"instock","product_availability":"instock","product_retailer_item_id":"BS001-1","product_condition":"new","geo.placename":"Vilanova i la Geltr\u00fa","geo.position":{"lat":"41.2257737","long":"1.723258859"},"geo.region":"Espa\u00f1a"},"brands":[{"id":4119,"name":"BeSafe","slug":"besafe"}],"_links":{"self":[{"href":"https:\/\/somllavors.com\/es\/wp-json\/wp\/v2\/product\/58737","targetHints":{"allow":["GET"]}}],"collection":[{"href":"https:\/\/somllavors.com\/es\/wp-json\/wp\/v2\/product"}],"about":[{"href":"https:\/\/somllavors.com\/es\/wp-json\/wp\/v2\/types\/product"}],"wp:featuredmedia":[{"embeddable":true,"href":"https:\/\/somllavors.com\/es\/wp-json\/wp\/v2\/media\/59379"}],"wp:attachment":[{"href":"https:\/\/somllavors.com\/es\/wp-json\/wp\/v2\/media?parent=58737"}],"wp:term":[{"taxonomy":"pwb-brand","embeddable":true,"href":"https:\/\/somllavors.com\/es\/wp-json\/wp\/v2\/pwb-brand?post=58737"},{"taxonomy":"product_brand","embeddable":true,"href":"https:\/\/somllavors.com\/es\/wp-json\/wp\/v2\/product_brand?post=58737"},{"taxonomy":"product_cat","embeddable":true,"href":"https:\/\/somllavors.com\/es\/wp-json\/wp\/v2\/product_cat?post=58737"},{"taxonomy":"product_tag","embeddable":true,"href":"https:\/\/somllavors.com\/es\/wp-json\/wp\/v2\/product_tag?post=58737"}],"curies":[{"name":"wp","href":"https:\/\/api.w.org\/{rel}","templated":true}]}}