{"id":59153,"date":"2024-05-14T19:30:15","date_gmt":"2024-05-14T17:30:15","guid":{"rendered":"https:\/\/somllavors.com\/?post_type=product&#038;p=59153"},"modified":"2026-04-01T19:40:54","modified_gmt":"2026-04-01T17:40:54","slug":"camiso-de-maternitat-i-lactancia-negre-carriwell","status":"publish","type":"product","link":"https:\/\/somllavors.com\/es\/producte\/camiso-de-maternitat-i-lactancia-negre-carriwell","title":{"rendered":"Camisa de dormir de maternitat i lact\u00e0ncia negre &#8211; Carriwell"},"content":{"rendered":"<ul>\n<li>Gaudiu de la comoditat i la tranquil\u00b7litat amb la nostra camisa de dormir de maternitat i lact\u00e0ncia: dissenyat tenint en compte les necessitats de les futures mares i de les noves mares, la camisa de dormir de maternitat i lact\u00e0ncia \u00e9s l&#8217;ep\u00edtom de la comoditat, la practicitat i l&#8217;estil. Confeccionat amb teixit Modal ultrasuau i sostenible, aquesta camisa de dormir promet comoditat i facilitat incomparables per a totes les etapes de l&#8217;embar\u00e0s i m\u00e9s enll\u00e0 de la lact\u00e0ncia.<\/li>\n<li>Adequat per a l&#8217;embar\u00e0s i la lact\u00e0ncia: aquesta camisa de dormir s&#8217;adapta amb gr\u00e0cia al seu cos canviant, oferint un ajustament perfecte durant tot l&#8217;embar\u00e0s i la lact\u00e0ncia. El disseny acurat garanteix que puguis passar f\u00e0cilment de la roba de maternitat a la de lact\u00e0ncia, la qual cosa la converteix en un producte vers\u00e0til.<\/li>\n<li>Transpirable i c\u00f2mode: experimenta l&#8217;abra\u00e7ada relaxant de la nostra camisa de dormir, dissenyat per mantenir-te fresca i c\u00f2moda durant tota la nit. La naturalesa transpirable del teixit Modal garanteix una eficient evacuaci\u00f3 de la humitat, mantenint-te sec i c\u00f2mode, assegurant un bon son.<\/li>\n<li>Dissenyat per a la lact\u00e0ncia nocturna: les preses nocturnes es realitzen sense esfor\u00e7 gr\u00e0cies al disseny de f\u00e0cil acc\u00e9s de la nostra camisa de dormir. La practicitat incorporada en aquesta pe\u00e7a garanteix una interrupci\u00f3 m\u00ednima tant per la mare com per al nad\u00f3.<\/li>\n<li>Teixit modal el\u00e0stic suau: la camisa de dormir de maternitat i lact\u00e0ncia, confeccionat amb un lux\u00f3s teixit modal, ofereix una regulaci\u00f3 de temperatura inigualable, mantenint-te c\u00f2moda i fresca o abrigada segons sigui necessari, sense sobreescalfament. Tot i la seva rica suavitat, aquest teixit garanteix que romangui sec i c\u00f2mode, perfecte per a les preses nocturnes.<\/li>\n<\/ul>\n","protected":false},"excerpt":{"rendered":"<p>Camis\u00f3 de maternitat i lact\u00e0ncia, amb teixit modal ultra suau, \u00e9s c\u00f2mode d&#8217;usar durant l&#8217;embar\u00e0s i la lact\u00e0ncia. Dissenyat especialment per a la lact\u00e0ncia nocturna.<\/p>\n","protected":false},"featured_media":59195,"template":"","meta":{"_acf_changed":false,"site-sidebar-layout":"default","site-content-layout":"","ast-site-content-layout":"default","site-content-style":"default","site-sidebar-style":"default","ast-global-header-display":"","ast-banner-title-visibility":"","ast-main-header-display":"","ast-hfb-above-header-display":"","ast-hfb-below-header-display":"","ast-hfb-mobile-header-display":"","site-post-title":"","ast-breadcrumbs-content":"","ast-featured-img":"","footer-sml-layout":"","theme-transparent-header-meta":"default","adv-header-id-meta":"","stick-header-meta":"","header-above-stick-meta":"","header-main-stick-meta":"","header-below-stick-meta":"","astra-migrate-meta-layouts":"set","ast-page-background-enabled":"default","ast-page-background-meta":{"desktop":{"background-color":"","background-image":"","background-repeat":"repeat","background-position":"center center","background-size":"auto","background-attachment":"scroll","background-type":"","background-media":"","overlay-type":"","overlay-color":"","overlay-opacity":"","overlay-gradient":""},"tablet":{"background-color":"","background-image":"","background-repeat":"repeat","background-position":"center center","background-size":"auto","background-attachment":"scroll","background-type":"","background-media":"","overlay-type":"","overlay-color":"","overlay-opacity":"","overlay-gradient":""},"mobile":{"background-color":"","background-image":"","background-repeat":"repeat","background-position":"center center","background-size":"auto","background-attachment":"scroll","background-type":"","background-media":"","overlay-type":"","overlay-color":"","overlay-opacity":"","overlay-gradient":""}},"ast-content-background-meta":{"desktop":{"background-color":"var(--ast-global-color-5)","background-image":"","background-repeat":"repeat","background-position":"center center","background-size":"auto","background-attachment":"scroll","background-type":"","background-media":"","overlay-type":"","overlay-color":"","overlay-opacity":"","overlay-gradient":""},"tablet":{"background-color":"var(--ast-global-color-5)","background-image":"","background-repeat":"repeat","background-position":"center center","background-size":"auto","background-attachment":"scroll","background-type":"","background-media":"","overlay-type":"","overlay-color":"","overlay-opacity":"","overlay-gradient":""},"mobile":{"background-color":"var(--ast-global-color-5)","background-image":"","background-repeat":"repeat","background-position":"center center","background-size":"auto","background-attachment":"scroll","background-type":"","background-media":"","overlay-type":"","overlay-color":"","overlay-opacity":"","overlay-gradient":""}}},"pwb-brand":[4104],"product_brand":[],"product_cat":[182,301,3956],"product_tag":[4767,4766,2033],"class_list":{"0":"post-59153","1":"product","2":"type-product","3":"status-publish","4":"has-post-thumbnail","6":"pwb-brand-carriwell","7":"product_cat-per-dormir","8":"product_cat-per-la-dona","9":"product_cat-roba","10":"product_tag-camisa-de-dormir","11":"product_tag-camison-carriwell","12":"product_tag-carriwell","13":"pa_talla-l","14":"pa_talla-m","15":"pa_talla-s","16":"pa_talla-xl","17":"desktop-align-left","18":"tablet-align-left","19":"mobile-align-left","21":"first","22":"instock","23":"taxable","24":"shipping-taxable","25":"purchasable","26":"product-type-variable"},"acf":[],"yoast_head":"<!-- This site is optimized with the Yoast SEO Premium plugin v18.3 (Yoast SEO v26.2) - https:\/\/yoast.com\/wordpress\/plugins\/seo\/ -->\n<title>Camisa de dormir de maternitat i lact\u00e0ncia negre - Carriwell &#8212; Som Llavors<\/title>\n<meta name=\"description\" content=\"Camis\u00f3 de maternitat i lact\u00e0ncia, amb teixit modal ultra suau, \u00e9s c\u00f2mode d&#039;usar durant l&#039;embar\u00e0s i la lact\u00e0ncia. Dissenyat especialment per a la lact\u00e0ncia nocturna.\" \/>\n<meta name=\"robots\" content=\"index, follow, max-snippet:-1, max-image-preview:large, max-video-preview:-1\" \/>\n<link rel=\"canonical\" href=\"https:\/\/somllavors.com\/es\/producte\/camiso-de-maternitat-i-lactancia-negre-carriwell\" \/>\n<meta property=\"og:locale\" content=\"es_ES\" \/>\n<meta property=\"og:type\" content=\"article\" \/>\n<meta property=\"og:title\" content=\"Camisa de dormir de maternitat i lact\u00e0ncia negre - Carriwell\" \/>\n<meta property=\"og:description\" content=\"La teva botiga d\u2019ecocrian\u00e7a i espai d\u2019acompanyament a la maternitat\" \/>\n<meta property=\"og:url\" content=\"https:\/\/somllavors.com\/es\/producte\/camiso-de-maternitat-i-lactancia-negre-carriwell\" \/>\n<meta property=\"og:site_name\" content=\"Som Llavors\" \/>\n<meta property=\"article:publisher\" content=\"https:\/\/www.facebook.com\/somllavorsvng\/?locale=ca_ES\" \/>\n<meta property=\"article:modified_time\" content=\"2026-04-01T17:40:54+00:00\" \/>\n<meta property=\"og:image\" content=\"https:\/\/somllavors.com\/wp-content\/uploads\/2024\/05\/Som-Llavors-Product_MaternityAndNursing_Nightie_6000_Black_Front-4.webp\" \/>\n\t<meta property=\"og:image:width\" content=\"920\" \/>\n\t<meta property=\"og:image:height\" content=\"1020\" \/>\n\t<meta property=\"og:image:type\" content=\"image\/webp\" \/>\n<meta name=\"twitter:card\" content=\"summary_large_image\" \/>\n<meta name=\"twitter:label1\" content=\"Availability\" \/>\n\t<meta name=\"twitter:data1\" content=\"Hay existencias\" \/>\n<script type=\"application\/ld+json\" class=\"yoast-schema-graph\">{\"@context\":\"https:\/\/schema.org\",\"@graph\":[{\"@type\":\"WebPage\",\"@id\":\"https:\/\/somllavors.com\/es\/producte\/camiso-de-maternitat-i-lactancia-negre-carriwell\",\"url\":\"https:\/\/somllavors.com\/es\/producte\/camiso-de-maternitat-i-lactancia-negre-carriwell\",\"name\":\"Camisa de dormir de maternitat i lact\u00e0ncia negre - Carriwell &#8212; Som Llavors\",\"isPartOf\":{\"@id\":\"https:\/\/somllavors.com\/es#website\"},\"primaryImageOfPage\":{\"@id\":\"https:\/\/somllavors.com\/es\/producte\/camiso-de-maternitat-i-lactancia-negre-carriwell#primaryimage\"},\"image\":{\"@id\":\"https:\/\/somllavors.com\/es\/producte\/camiso-de-maternitat-i-lactancia-negre-carriwell#primaryimage\"},\"thumbnailUrl\":\"https:\/\/somllavors.com\/wp-content\/uploads\/2024\/05\/Som-Llavors-Product_MaternityAndNursing_Nightie_6000_Black_Front-4.webp\",\"datePublished\":\"2024-05-14T17:30:15+00:00\",\"dateModified\":\"2026-04-01T17:40:54+00:00\",\"description\":\"Camis\u00f3 de maternitat i lact\u00e0ncia, amb teixit modal ultra suau, \u00e9s c\u00f2mode d'usar durant l'embar\u00e0s i la lact\u00e0ncia. Dissenyat especialment per a la lact\u00e0ncia nocturna.\",\"breadcrumb\":{\"@id\":\"https:\/\/somllavors.com\/es\/producte\/camiso-de-maternitat-i-lactancia-negre-carriwell#breadcrumb\"},\"inLanguage\":\"es\",\"potentialAction\":[{\"@type\":\"ReadAction\",\"target\":[\"https:\/\/somllavors.com\/es\/producte\/camiso-de-maternitat-i-lactancia-negre-carriwell\"]}]},{\"@type\":\"ImageObject\",\"inLanguage\":\"es\",\"@id\":\"https:\/\/somllavors.com\/es\/producte\/camiso-de-maternitat-i-lactancia-negre-carriwell#primaryimage\",\"url\":\"https:\/\/somllavors.com\/wp-content\/uploads\/2024\/05\/Som-Llavors-Product_MaternityAndNursing_Nightie_6000_Black_Front-4.webp\",\"contentUrl\":\"https:\/\/somllavors.com\/wp-content\/uploads\/2024\/05\/Som-Llavors-Product_MaternityAndNursing_Nightie_6000_Black_Front-4.webp\",\"width\":920,\"height\":1020,\"caption\":\"camis\u00f3n carriwell\"},{\"@type\":\"BreadcrumbList\",\"@id\":\"https:\/\/somllavors.com\/es\/producte\/camiso-de-maternitat-i-lactancia-negre-carriwell#breadcrumb\",\"itemListElement\":[{\"@type\":\"ListItem\",\"position\":1,\"name\":\"Inici\",\"item\":\"https:\/\/somllavors.com\/es\"},{\"@type\":\"ListItem\",\"position\":2,\"name\":\"Tienda\",\"item\":\"https:\/\/somllavors.com\/es\/botiga-2\"},{\"@type\":\"ListItem\",\"position\":3,\"name\":\"Camisa de dormir de maternitat i lact\u00e0ncia negre &#8211; Carriwell\"}]},{\"@type\":\"WebSite\",\"@id\":\"https:\/\/somllavors.com\/es#website\",\"url\":\"https:\/\/somllavors.com\/es\",\"name\":\"Som Llavors\",\"description\":\"Botiga de crian\u00e7a natural\",\"publisher\":{\"@id\":\"https:\/\/somllavors.com\/es#organization\"},\"alternateName\":\"Crian\u00e7a Natural i Sostenible\",\"potentialAction\":[{\"@type\":\"SearchAction\",\"target\":{\"@type\":\"EntryPoint\",\"urlTemplate\":\"https:\/\/somllavors.com\/es?s={search_term_string}\"},\"query-input\":{\"@type\":\"PropertyValueSpecification\",\"valueRequired\":true,\"valueName\":\"search_term_string\"}}],\"inLanguage\":\"es\"},{\"@type\":[\"Organization\",\"Place\",\"Store\"],\"@id\":\"https:\/\/somllavors.com\/es#organization\",\"name\":\"Som Llavors\",\"alternateName\":\"Crian\u00e7a Natural i Sostenible\",\"url\":\"https:\/\/somllavors.com\/es\",\"logo\":{\"@id\":\"https:\/\/somllavors.com\/es\/producte\/camiso-de-maternitat-i-lactancia-negre-carriwell#local-main-organization-logo\"},\"image\":{\"@id\":\"https:\/\/somllavors.com\/es\/producte\/camiso-de-maternitat-i-lactancia-negre-carriwell#local-main-organization-logo\"},\"sameAs\":[\"https:\/\/www.facebook.com\/somllavorsvng\/?locale=ca_ES\",\"https:\/\/www.instagram.com\/somllavors_vng\/\",\"https:\/\/www.youtube.com\/@somllavors\"],\"address\":{\"@id\":\"https:\/\/somllavors.com\/es\/producte\/camiso-de-maternitat-i-lactancia-negre-carriwell#local-main-place-address\"},\"geo\":{\"@type\":\"GeoCoordinates\",\"latitude\":\"41.2257737\",\"longitude\":\"1.723258859\"},\"telephone\":[\"623152704\"],\"openingHoursSpecification\":[{\"@type\":\"OpeningHoursSpecification\",\"dayOfWeek\":[\"Monday\",\"Sunday\"],\"opens\":\"00:00\",\"closes\":\"00:00\"},{\"@type\":\"OpeningHoursSpecification\",\"dayOfWeek\":[\"Tuesday\",\"Wednesday\",\"Thursday\",\"Friday\"],\"opens\":\"10:00\",\"closes\":\"20:00\"},{\"@type\":\"OpeningHoursSpecification\",\"dayOfWeek\":[\"Saturday\"],\"opens\":\"10:00\",\"closes\":\"13:30\"}],\"email\":\"info@somllavors.com\"},{\"@type\":\"PostalAddress\",\"@id\":\"https:\/\/somllavors.com\/es\/producte\/camiso-de-maternitat-i-lactancia-negre-carriwell#local-main-place-address\",\"streetAddress\":\"Carrer de l'aigua, 6\",\"addressLocality\":\"Vilanova i la Geltr\u00fa\",\"postalCode\":\"08800\",\"addressRegion\":\"Barcelona\",\"addressCountry\":\"ES\"},{\"@type\":\"ImageObject\",\"inLanguage\":\"es\",\"@id\":\"https:\/\/somllavors.com\/es\/producte\/camiso-de-maternitat-i-lactancia-negre-carriwell#local-main-organization-logo\",\"url\":\"https:\/\/somllavors.com\/wp-content\/uploads\/Logotip-Som-Llavors.jpg\",\"contentUrl\":\"https:\/\/somllavors.com\/wp-content\/uploads\/Logotip-Som-Llavors.jpg\",\"width\":1444,\"height\":1323,\"caption\":\"Som Llavors\"}]}<\/script>\n<meta property=\"og:availability\" content=\"instock\" \/>\n<meta property=\"product:availability\" content=\"instock\" \/>\n<meta property=\"product:condition\" content=\"new\" \/>\n<meta name=\"geo.placename\" content=\"Vilanova i la Geltr\u00fa\" \/>\n<meta name=\"geo.position\" content=\"41.2257737;1.723258859\" \/>\n<meta name=\"geo.region\" content=\"Espa\u00f1a\" \/>\n<!-- \/ Yoast SEO Premium plugin. -->","yoast_head_json":{"title":"Camisa de dormir de maternitat i lact\u00e0ncia negre - Carriwell &#8212; Som Llavors","description":"Camis\u00f3 de maternitat i lact\u00e0ncia, amb teixit modal ultra suau, \u00e9s c\u00f2mode d'usar durant l'embar\u00e0s i la lact\u00e0ncia. Dissenyat especialment per a la lact\u00e0ncia nocturna.","robots":{"index":"index","follow":"follow","max-snippet":"max-snippet:-1","max-image-preview":"max-image-preview:large","max-video-preview":"max-video-preview:-1"},"canonical":"https:\/\/somllavors.com\/es\/producte\/camiso-de-maternitat-i-lactancia-negre-carriwell","og_locale":"es_ES","og_type":"article","og_title":"Camisa de dormir de maternitat i lact\u00e0ncia negre - Carriwell","og_description":"La teva botiga d\u2019ecocrian\u00e7a i espai d\u2019acompanyament a la maternitat","og_url":"https:\/\/somllavors.com\/es\/producte\/camiso-de-maternitat-i-lactancia-negre-carriwell","og_site_name":"Som Llavors","article_publisher":"https:\/\/www.facebook.com\/somllavorsvng\/?locale=ca_ES","article_modified_time":"2026-04-01T17:40:54+00:00","og_image":[{"width":920,"height":1020,"url":"https:\/\/somllavors.com\/wp-content\/uploads\/2024\/05\/Som-Llavors-Product_MaternityAndNursing_Nightie_6000_Black_Front-4.webp","type":"image\/webp"}],"twitter_card":"summary_large_image","twitter_misc":{"Availability":"Hay existencias"},"schema":{"@context":"https:\/\/schema.org","@graph":[{"@type":"WebPage","@id":"https:\/\/somllavors.com\/es\/producte\/camiso-de-maternitat-i-lactancia-negre-carriwell","url":"https:\/\/somllavors.com\/es\/producte\/camiso-de-maternitat-i-lactancia-negre-carriwell","name":"Camisa de dormir de maternitat i lact\u00e0ncia negre - Carriwell &#8212; Som Llavors","isPartOf":{"@id":"https:\/\/somllavors.com\/es#website"},"primaryImageOfPage":{"@id":"https:\/\/somllavors.com\/es\/producte\/camiso-de-maternitat-i-lactancia-negre-carriwell#primaryimage"},"image":{"@id":"https:\/\/somllavors.com\/es\/producte\/camiso-de-maternitat-i-lactancia-negre-carriwell#primaryimage"},"thumbnailUrl":"https:\/\/somllavors.com\/wp-content\/uploads\/2024\/05\/Som-Llavors-Product_MaternityAndNursing_Nightie_6000_Black_Front-4.webp","datePublished":"2024-05-14T17:30:15+00:00","dateModified":"2026-04-01T17:40:54+00:00","description":"Camis\u00f3 de maternitat i lact\u00e0ncia, amb teixit modal ultra suau, \u00e9s c\u00f2mode d'usar durant l'embar\u00e0s i la lact\u00e0ncia. Dissenyat especialment per a la lact\u00e0ncia nocturna.","breadcrumb":{"@id":"https:\/\/somllavors.com\/es\/producte\/camiso-de-maternitat-i-lactancia-negre-carriwell#breadcrumb"},"inLanguage":"es","potentialAction":[{"@type":"ReadAction","target":["https:\/\/somllavors.com\/es\/producte\/camiso-de-maternitat-i-lactancia-negre-carriwell"]}]},{"@type":"ImageObject","inLanguage":"es","@id":"https:\/\/somllavors.com\/es\/producte\/camiso-de-maternitat-i-lactancia-negre-carriwell#primaryimage","url":"https:\/\/somllavors.com\/wp-content\/uploads\/2024\/05\/Som-Llavors-Product_MaternityAndNursing_Nightie_6000_Black_Front-4.webp","contentUrl":"https:\/\/somllavors.com\/wp-content\/uploads\/2024\/05\/Som-Llavors-Product_MaternityAndNursing_Nightie_6000_Black_Front-4.webp","width":920,"height":1020,"caption":"camis\u00f3n carriwell"},{"@type":"BreadcrumbList","@id":"https:\/\/somllavors.com\/es\/producte\/camiso-de-maternitat-i-lactancia-negre-carriwell#breadcrumb","itemListElement":[{"@type":"ListItem","position":1,"name":"Inici","item":"https:\/\/somllavors.com\/es"},{"@type":"ListItem","position":2,"name":"Tienda","item":"https:\/\/somllavors.com\/es\/botiga-2"},{"@type":"ListItem","position":3,"name":"Camisa de dormir de maternitat i lact\u00e0ncia negre &#8211; Carriwell"}]},{"@type":"WebSite","@id":"https:\/\/somllavors.com\/es#website","url":"https:\/\/somllavors.com\/es","name":"Som Llavors","description":"Botiga de crian\u00e7a natural","publisher":{"@id":"https:\/\/somllavors.com\/es#organization"},"alternateName":"Crian\u00e7a Natural i Sostenible","potentialAction":[{"@type":"SearchAction","target":{"@type":"EntryPoint","urlTemplate":"https:\/\/somllavors.com\/es?s={search_term_string}"},"query-input":{"@type":"PropertyValueSpecification","valueRequired":true,"valueName":"search_term_string"}}],"inLanguage":"es"},{"@type":["Organization","Place","Store"],"@id":"https:\/\/somllavors.com\/es#organization","name":"Som Llavors","alternateName":"Crian\u00e7a Natural i Sostenible","url":"https:\/\/somllavors.com\/es","logo":{"@id":"https:\/\/somllavors.com\/es\/producte\/camiso-de-maternitat-i-lactancia-negre-carriwell#local-main-organization-logo"},"image":{"@id":"https:\/\/somllavors.com\/es\/producte\/camiso-de-maternitat-i-lactancia-negre-carriwell#local-main-organization-logo"},"sameAs":["https:\/\/www.facebook.com\/somllavorsvng\/?locale=ca_ES","https:\/\/www.instagram.com\/somllavors_vng\/","https:\/\/www.youtube.com\/@somllavors"],"address":{"@id":"https:\/\/somllavors.com\/es\/producte\/camiso-de-maternitat-i-lactancia-negre-carriwell#local-main-place-address"},"geo":{"@type":"GeoCoordinates","latitude":"41.2257737","longitude":"1.723258859"},"telephone":["623152704","623152704"],"openingHoursSpecification":[{"@type":"OpeningHoursSpecification","dayOfWeek":["Monday","Sunday"],"opens":"00:00","closes":"00:00"},{"@type":"OpeningHoursSpecification","dayOfWeek":["Tuesday","Wednesday","Thursday","Friday"],"opens":"10:00","closes":"20:00"},{"@type":"OpeningHoursSpecification","dayOfWeek":["Saturday"],"opens":"10:00","closes":"13:30"}],"email":"info@somllavors.com"},{"@type":"PostalAddress","@id":"https:\/\/somllavors.com\/es\/producte\/camiso-de-maternitat-i-lactancia-negre-carriwell#local-main-place-address","streetAddress":"Carrer de l'aigua, 6","addressLocality":"Vilanova i la Geltr\u00fa","postalCode":"08800","addressRegion":"Barcelona","addressCountry":"ES"},{"@type":"ImageObject","inLanguage":"es","@id":"https:\/\/somllavors.com\/es\/producte\/camiso-de-maternitat-i-lactancia-negre-carriwell#local-main-organization-logo","url":"https:\/\/somllavors.com\/wp-content\/uploads\/Logotip-Som-Llavors.jpg","contentUrl":"https:\/\/somllavors.com\/wp-content\/uploads\/Logotip-Som-Llavors.jpg","width":1444,"height":1323,"caption":"Som Llavors"}]},"og_availability":"instock","product_availability":"instock","product_condition":"new","geo.placename":"Vilanova i la Geltr\u00fa","geo.position":{"lat":"41.2257737","long":"1.723258859"},"geo.region":"Espa\u00f1a"},"brands":[{"id":4104,"name":"Carriwell","slug":"carriwell"}],"_links":{"self":[{"href":"https:\/\/somllavors.com\/es\/wp-json\/wp\/v2\/product\/59153","targetHints":{"allow":["GET"]}}],"collection":[{"href":"https:\/\/somllavors.com\/es\/wp-json\/wp\/v2\/product"}],"about":[{"href":"https:\/\/somllavors.com\/es\/wp-json\/wp\/v2\/types\/product"}],"wp:featuredmedia":[{"embeddable":true,"href":"https:\/\/somllavors.com\/es\/wp-json\/wp\/v2\/media\/59195"}],"wp:attachment":[{"href":"https:\/\/somllavors.com\/es\/wp-json\/wp\/v2\/media?parent=59153"}],"wp:term":[{"taxonomy":"pwb-brand","embeddable":true,"href":"https:\/\/somllavors.com\/es\/wp-json\/wp\/v2\/pwb-brand?post=59153"},{"taxonomy":"product_brand","embeddable":true,"href":"https:\/\/somllavors.com\/es\/wp-json\/wp\/v2\/product_brand?post=59153"},{"taxonomy":"product_cat","embeddable":true,"href":"https:\/\/somllavors.com\/es\/wp-json\/wp\/v2\/product_cat?post=59153"},{"taxonomy":"product_tag","embeddable":true,"href":"https:\/\/somllavors.com\/es\/wp-json\/wp\/v2\/product_tag?post=59153"}],"curies":[{"name":"wp","href":"https:\/\/api.w.org\/{rel}","templated":true}]}}