{"id":59413,"date":"2024-05-21T12:54:56","date_gmt":"2024-05-21T10:54:56","guid":{"rendered":"https:\/\/somllavors.com\/?post_type=product&#038;p=59413"},"modified":"2025-04-09T18:12:26","modified_gmt":"2025-04-09T16:12:26","slug":"si-es-si-no-es-no-y-siempre-lo-decido-yo","status":"publish","type":"product","link":"https:\/\/somllavors.com\/es\/producte\/si-es-si-no-es-no-y-siempre-lo-decido-yo","title":{"rendered":"S\u00cd es S\u00cd, NO es NO, y siempre lo decido yo"},"content":{"rendered":"<ul>\n<li>Un libro para explorar el <b>consentimiento positivo<\/b> con un enfoque centrado en la criatura.<\/li>\n<li>Texto <b style=\"font-style: inherit;\">sencillo, claro e interactivo.<\/b><\/li>\n<li>Incluye <b style=\"font-style: inherit;\">anexo con ideas adicionales para continuar la conversaci\u00f3n<\/b><span style=\"font-size: 16px;\"> con los ni\u00f1os y las ni\u00f1as.<\/span><\/li>\n<li>Imprescindible en el desarrollo de cualquier criatura nos ayudar\u00e1 a identificar cu\u00e1les son nuestros <b style=\"font-style: inherit;\">l\u00edmites\u00a0<\/b><span style=\"font-size: 16px;\">y c\u00f3mo establecerlos.<\/span><\/li>\n<li>Un inicio de conversaci\u00f3n sobre nuestros cuerpos y sus fronteras, y tambi\u00e9n sobre c\u00f3mo <b style=\"font-style: inherit;\">respetarnos a nosotros mismos y a los dem\u00e1s<\/b><span style=\"font-size: 16px;\">\u00a0y, en definitiva,\u00a0<\/span><b style=\"font-style: inherit;\">aprender a cuidarnos mejor.<\/b><\/li>\n<\/ul>\n","protected":false},"excerpt":{"rendered":"<p><b>Un enfoque reflexivo e inclusivo para hablar sobre el consentimiento.<\/b><\/p>\n<p>\u00bfTe has sentido alguna vez inseguro o inc\u00f3modo? \u00bfQu\u00e9 podemos hacer si alguien nos hace sentir as\u00ed? \u00bfC\u00f3mo podemos crear relaciones respetuosas? \u00bfY establecer l\u00edmites?<\/p>\n<p>Desarrollado por expertas en la materia, este libro nos ayuda a cuidar mejor nuestro cuerpo y a respetarnos a nosotros mismos y a los dem\u00e1s.<\/p>\n<p>Porque&#8230; \u00a1el consentimiento lo decidimos nosotros!<\/p>\n","protected":false},"featured_media":59442,"template":"","meta":{"_acf_changed":false,"site-sidebar-layout":"default","site-content-layout":"","ast-site-content-layout":"default","site-content-style":"default","site-sidebar-style":"default","ast-global-header-display":"","ast-banner-title-visibility":"","ast-main-header-display":"","ast-hfb-above-header-display":"","ast-hfb-below-header-display":"","ast-hfb-mobile-header-display":"","site-post-title":"","ast-breadcrumbs-content":"","ast-featured-img":"","footer-sml-layout":"","theme-transparent-header-meta":"default","adv-header-id-meta":"","stick-header-meta":"","header-above-stick-meta":"","header-main-stick-meta":"","header-below-stick-meta":"","astra-migrate-meta-layouts":"set","ast-page-background-enabled":"default","ast-page-background-meta":{"desktop":{"background-color":"","background-image":"","background-repeat":"repeat","background-position":"center center","background-size":"auto","background-attachment":"scroll","background-type":"","background-media":"","overlay-type":"","overlay-color":"","overlay-opacity":"","overlay-gradient":""},"tablet":{"background-color":"","background-image":"","background-repeat":"repeat","background-position":"center center","background-size":"auto","background-attachment":"scroll","background-type":"","background-media":"","overlay-type":"","overlay-color":"","overlay-opacity":"","overlay-gradient":""},"mobile":{"background-color":"","background-image":"","background-repeat":"repeat","background-position":"center center","background-size":"auto","background-attachment":"scroll","background-type":"","background-media":"","overlay-type":"","overlay-color":"","overlay-opacity":"","overlay-gradient":""}},"ast-content-background-meta":{"desktop":{"background-color":"var(--ast-global-color-5)","background-image":"","background-repeat":"repeat","background-position":"center center","background-size":"auto","background-attachment":"scroll","background-type":"","background-media":"","overlay-type":"","overlay-color":"","overlay-opacity":"","overlay-gradient":""},"tablet":{"background-color":"var(--ast-global-color-5)","background-image":"","background-repeat":"repeat","background-position":"center center","background-size":"auto","background-attachment":"scroll","background-type":"","background-media":"","overlay-type":"","overlay-color":"","overlay-opacity":"","overlay-gradient":""},"mobile":{"background-color":"var(--ast-global-color-5)","background-image":"","background-repeat":"repeat","background-position":"center center","background-size":"auto","background-attachment":"scroll","background-type":"","background-media":"","overlay-type":"","overlay-color":"","overlay-opacity":"","overlay-gradient":""}}},"pwb-brand":[],"product_brand":[],"product_cat":[567],"product_tag":[4782,1816,4781,4783],"class_list":{"0":"post-59413","1":"product","2":"type-product","3":"status-publish","4":"has-post-thumbnail","6":"product_cat-infantils","7":"product_tag-no-es-no","8":"product_tag-penguin-kids","9":"product_tag-si-es-si","10":"product_tag-y-siempre-lo-decido-yo","11":"desktop-align-left","12":"tablet-align-left","13":"mobile-align-left","15":"first","16":"instock","17":"taxable","18":"shipping-taxable","19":"purchasable","20":"product-type-simple"},"acf":[],"yoast_head":"<!-- This site is optimized with the Yoast SEO Premium plugin v18.3 (Yoast SEO v26.2) - https:\/\/yoast.com\/wordpress\/plugins\/seo\/ -->\n<title>S\u00cd es S\u00cd, NO es NO, y siempre lo decido yo &#8212; Som Llavors<\/title>\n<meta name=\"description\" content=\"Un enfoque reflexivo e inclusivo para hablar sobre el consentimiento.  \u00bfTe has sentido alguna vez inseguro o inc\u00f3modo? \u00bfQu\u00e9 podemos hacer si alguien nos hace sentir as\u00ed? \u00bfC\u00f3mo podemos crear relaciones respetuosas? \u00bfY establecer l\u00edmites?  Desarrollado por expertas en la materia, este libro nos ayuda a cuidar mejor nuestro cuerpo y a respetarnos a nosotros mismos y a los dem\u00e1s.  Porque... \u00a1el consentimiento lo decidimos nosotros!\" \/>\n<meta name=\"robots\" content=\"index, follow, max-snippet:-1, max-image-preview:large, max-video-preview:-1\" \/>\n<link rel=\"canonical\" href=\"https:\/\/somllavors.com\/es\/producte\/si-es-si-no-es-no-y-siempre-lo-decido-yo\" \/>\n<meta property=\"og:locale\" content=\"es_ES\" \/>\n<meta property=\"og:type\" content=\"article\" \/>\n<meta property=\"og:title\" content=\"S\u00cd es S\u00cd, NO es NO, y siempre lo decido yo\" \/>\n<meta property=\"og:description\" content=\"La teva botiga d\u2019ecocrian\u00e7a i espai d\u2019acompanyament a la maternitat\" \/>\n<meta property=\"og:url\" content=\"https:\/\/somllavors.com\/es\/producte\/si-es-si-no-es-no-y-siempre-lo-decido-yo\" \/>\n<meta property=\"og:site_name\" content=\"Som Llavors\" \/>\n<meta property=\"article:publisher\" content=\"https:\/\/www.facebook.com\/somllavorsvng\/?locale=ca_ES\" \/>\n<meta property=\"article:modified_time\" content=\"2025-04-09T16:12:26+00:00\" \/>\n<meta property=\"og:image\" content=\"https:\/\/somllavors.com\/wp-content\/uploads\/2024\/05\/9788419511799.jpg\" \/>\n\t<meta property=\"og:image:width\" content=\"800\" \/>\n\t<meta property=\"og:image:height\" content=\"883\" \/>\n\t<meta property=\"og:image:type\" content=\"image\/jpeg\" \/>\n<meta name=\"twitter:card\" content=\"summary_large_image\" \/>\n<meta name=\"twitter:label1\" content=\"Precio\" \/>\n\t<meta name=\"twitter:data1\" content=\"16,95&euro; Iva incl\u00f2s\" \/>\n\t<meta name=\"twitter:label2\" content=\"Availability\" \/>\n\t<meta name=\"twitter:data2\" content=\"Hay existencias\" \/>\n<script type=\"application\/ld+json\" class=\"yoast-schema-graph\">{\"@context\":\"https:\/\/schema.org\",\"@graph\":[{\"@type\":\"WebPage\",\"@id\":\"https:\/\/somllavors.com\/es\/producte\/si-es-si-no-es-no-y-siempre-lo-decido-yo\",\"url\":\"https:\/\/somllavors.com\/es\/producte\/si-es-si-no-es-no-y-siempre-lo-decido-yo\",\"name\":\"S\u00cd es S\u00cd, NO es NO, y siempre lo decido yo &#8212; Som Llavors\",\"isPartOf\":{\"@id\":\"https:\/\/somllavors.com\/es#website\"},\"primaryImageOfPage\":{\"@id\":\"https:\/\/somllavors.com\/es\/producte\/si-es-si-no-es-no-y-siempre-lo-decido-yo#primaryimage\"},\"image\":{\"@id\":\"https:\/\/somllavors.com\/es\/producte\/si-es-si-no-es-no-y-siempre-lo-decido-yo#primaryimage\"},\"thumbnailUrl\":\"https:\/\/somllavors.com\/wp-content\/uploads\/2024\/05\/9788419511799.jpg\",\"datePublished\":\"2024-05-21T10:54:56+00:00\",\"dateModified\":\"2025-04-09T16:12:26+00:00\",\"description\":\"Un enfoque reflexivo e inclusivo para hablar sobre el consentimiento. \u00bfTe has sentido alguna vez inseguro o inc\u00f3modo? \u00bfQu\u00e9 podemos hacer si alguien nos hace sentir as\u00ed? \u00bfC\u00f3mo podemos crear relaciones respetuosas? \u00bfY establecer l\u00edmites? Desarrollado por expertas en la materia, este libro nos ayuda a cuidar mejor nuestro cuerpo y a respetarnos a nosotros mismos y a los dem\u00e1s. Porque... \u00a1el consentimiento lo decidimos nosotros!\",\"breadcrumb\":{\"@id\":\"https:\/\/somllavors.com\/es\/producte\/si-es-si-no-es-no-y-siempre-lo-decido-yo#breadcrumb\"},\"inLanguage\":\"es\",\"potentialAction\":[{\"@type\":\"ReadAction\",\"target\":[\"https:\/\/somllavors.com\/es\/producte\/si-es-si-no-es-no-y-siempre-lo-decido-yo\"]}]},{\"@type\":\"ImageObject\",\"inLanguage\":\"es\",\"@id\":\"https:\/\/somllavors.com\/es\/producte\/si-es-si-no-es-no-y-siempre-lo-decido-yo#primaryimage\",\"url\":\"https:\/\/somllavors.com\/wp-content\/uploads\/2024\/05\/9788419511799.jpg\",\"contentUrl\":\"https:\/\/somllavors.com\/wp-content\/uploads\/2024\/05\/9788419511799.jpg\",\"width\":800,\"height\":883,\"caption\":\"S\u00cd es S\u00cd, NO es NO, y siempre lo decido yo\"},{\"@type\":\"BreadcrumbList\",\"@id\":\"https:\/\/somllavors.com\/es\/producte\/si-es-si-no-es-no-y-siempre-lo-decido-yo#breadcrumb\",\"itemListElement\":[{\"@type\":\"ListItem\",\"position\":1,\"name\":\"Inici\",\"item\":\"https:\/\/somllavors.com\/es\"},{\"@type\":\"ListItem\",\"position\":2,\"name\":\"Tienda\",\"item\":\"https:\/\/somllavors.com\/es\/botiga-2\"},{\"@type\":\"ListItem\",\"position\":3,\"name\":\"S\u00cd es S\u00cd, NO es NO, y siempre lo decido yo\"}]},{\"@type\":\"WebSite\",\"@id\":\"https:\/\/somllavors.com\/es#website\",\"url\":\"https:\/\/somllavors.com\/es\",\"name\":\"Som Llavors\",\"description\":\"Botiga de crian\u00e7a natural\",\"publisher\":{\"@id\":\"https:\/\/somllavors.com\/es#organization\"},\"alternateName\":\"Crian\u00e7a Natural i Sostenible\",\"potentialAction\":[{\"@type\":\"SearchAction\",\"target\":{\"@type\":\"EntryPoint\",\"urlTemplate\":\"https:\/\/somllavors.com\/es?s={search_term_string}\"},\"query-input\":{\"@type\":\"PropertyValueSpecification\",\"valueRequired\":true,\"valueName\":\"search_term_string\"}}],\"inLanguage\":\"es\"},{\"@type\":[\"Organization\",\"Place\",\"Store\"],\"@id\":\"https:\/\/somllavors.com\/es#organization\",\"name\":\"Som Llavors\",\"alternateName\":\"Crian\u00e7a Natural i Sostenible\",\"url\":\"https:\/\/somllavors.com\/es\",\"logo\":{\"@id\":\"https:\/\/somllavors.com\/es\/producte\/si-es-si-no-es-no-y-siempre-lo-decido-yo#local-main-organization-logo\"},\"image\":{\"@id\":\"https:\/\/somllavors.com\/es\/producte\/si-es-si-no-es-no-y-siempre-lo-decido-yo#local-main-organization-logo\"},\"sameAs\":[\"https:\/\/www.facebook.com\/somllavorsvng\/?locale=ca_ES\",\"https:\/\/www.instagram.com\/somllavors_vng\/\",\"https:\/\/www.youtube.com\/@somllavors\"],\"address\":{\"@id\":\"https:\/\/somllavors.com\/es\/producte\/si-es-si-no-es-no-y-siempre-lo-decido-yo#local-main-place-address\"},\"geo\":{\"@type\":\"GeoCoordinates\",\"latitude\":\"41.2257737\",\"longitude\":\"1.723258859\"},\"telephone\":[\"623152704\"],\"openingHoursSpecification\":[{\"@type\":\"OpeningHoursSpecification\",\"dayOfWeek\":[\"Monday\",\"Sunday\"],\"opens\":\"00:00\",\"closes\":\"00:00\"},{\"@type\":\"OpeningHoursSpecification\",\"dayOfWeek\":[\"Tuesday\",\"Wednesday\",\"Thursday\",\"Friday\"],\"opens\":\"10:00\",\"closes\":\"20:00\"},{\"@type\":\"OpeningHoursSpecification\",\"dayOfWeek\":[\"Saturday\"],\"opens\":\"10:00\",\"closes\":\"13:30\"}],\"email\":\"info@somllavors.com\"},{\"@type\":\"PostalAddress\",\"@id\":\"https:\/\/somllavors.com\/es\/producte\/si-es-si-no-es-no-y-siempre-lo-decido-yo#local-main-place-address\",\"streetAddress\":\"Carrer de l'aigua, 6\",\"addressLocality\":\"Vilanova i la Geltr\u00fa\",\"postalCode\":\"08800\",\"addressRegion\":\"Barcelona\",\"addressCountry\":\"ES\"},{\"@type\":\"ImageObject\",\"inLanguage\":\"es\",\"@id\":\"https:\/\/somllavors.com\/es\/producte\/si-es-si-no-es-no-y-siempre-lo-decido-yo#local-main-organization-logo\",\"url\":\"https:\/\/somllavors.com\/wp-content\/uploads\/Logotip-Som-Llavors.jpg\",\"contentUrl\":\"https:\/\/somllavors.com\/wp-content\/uploads\/Logotip-Som-Llavors.jpg\",\"width\":1444,\"height\":1323,\"caption\":\"Som Llavors\"}]}<\/script>\n<meta property=\"product:price:amount\" content=\"16.95\" \/>\n<meta property=\"product:price:currency\" content=\"EUR\" \/>\n<meta property=\"og:availability\" content=\"instock\" \/>\n<meta property=\"product:availability\" content=\"instock\" \/>\n<meta property=\"product:retailer_item_id\" content=\"9788419511799\" \/>\n<meta property=\"product:condition\" content=\"new\" \/>\n<meta name=\"geo.placename\" content=\"Vilanova i la Geltr\u00fa\" \/>\n<meta name=\"geo.position\" content=\"41.2257737;1.723258859\" \/>\n<meta name=\"geo.region\" content=\"Espa\u00f1a\" \/>\n<!-- \/ Yoast SEO Premium plugin. -->","yoast_head_json":{"title":"S\u00cd es S\u00cd, NO es NO, y siempre lo decido yo &#8212; Som Llavors","description":"Un enfoque reflexivo e inclusivo para hablar sobre el consentimiento.  \u00bfTe has sentido alguna vez inseguro o inc\u00f3modo? \u00bfQu\u00e9 podemos hacer si alguien nos hace sentir as\u00ed? \u00bfC\u00f3mo podemos crear relaciones respetuosas? \u00bfY establecer l\u00edmites?  Desarrollado por expertas en la materia, este libro nos ayuda a cuidar mejor nuestro cuerpo y a respetarnos a nosotros mismos y a los dem\u00e1s.  Porque... \u00a1el consentimiento lo decidimos nosotros!","robots":{"index":"index","follow":"follow","max-snippet":"max-snippet:-1","max-image-preview":"max-image-preview:large","max-video-preview":"max-video-preview:-1"},"canonical":"https:\/\/somllavors.com\/es\/producte\/si-es-si-no-es-no-y-siempre-lo-decido-yo","og_locale":"es_ES","og_type":"article","og_title":"S\u00cd es S\u00cd, NO es NO, y siempre lo decido yo","og_description":"La teva botiga d\u2019ecocrian\u00e7a i espai d\u2019acompanyament a la maternitat","og_url":"https:\/\/somllavors.com\/es\/producte\/si-es-si-no-es-no-y-siempre-lo-decido-yo","og_site_name":"Som Llavors","article_publisher":"https:\/\/www.facebook.com\/somllavorsvng\/?locale=ca_ES","article_modified_time":"2025-04-09T16:12:26+00:00","og_image":[{"width":800,"height":883,"url":"https:\/\/somllavors.com\/wp-content\/uploads\/2024\/05\/9788419511799.jpg","type":"image\/jpeg"}],"twitter_card":"summary_large_image","twitter_misc":{"Precio":"16,95&euro; Iva incl\u00f2s","Availability":"Hay existencias"},"schema":{"@context":"https:\/\/schema.org","@graph":[{"@type":"WebPage","@id":"https:\/\/somllavors.com\/es\/producte\/si-es-si-no-es-no-y-siempre-lo-decido-yo","url":"https:\/\/somllavors.com\/es\/producte\/si-es-si-no-es-no-y-siempre-lo-decido-yo","name":"S\u00cd es S\u00cd, NO es NO, y siempre lo decido yo &#8212; Som Llavors","isPartOf":{"@id":"https:\/\/somllavors.com\/es#website"},"primaryImageOfPage":{"@id":"https:\/\/somllavors.com\/es\/producte\/si-es-si-no-es-no-y-siempre-lo-decido-yo#primaryimage"},"image":{"@id":"https:\/\/somllavors.com\/es\/producte\/si-es-si-no-es-no-y-siempre-lo-decido-yo#primaryimage"},"thumbnailUrl":"https:\/\/somllavors.com\/wp-content\/uploads\/2024\/05\/9788419511799.jpg","datePublished":"2024-05-21T10:54:56+00:00","dateModified":"2025-04-09T16:12:26+00:00","description":"Un enfoque reflexivo e inclusivo para hablar sobre el consentimiento. \u00bfTe has sentido alguna vez inseguro o inc\u00f3modo? \u00bfQu\u00e9 podemos hacer si alguien nos hace sentir as\u00ed? \u00bfC\u00f3mo podemos crear relaciones respetuosas? \u00bfY establecer l\u00edmites? Desarrollado por expertas en la materia, este libro nos ayuda a cuidar mejor nuestro cuerpo y a respetarnos a nosotros mismos y a los dem\u00e1s. Porque... \u00a1el consentimiento lo decidimos nosotros!","breadcrumb":{"@id":"https:\/\/somllavors.com\/es\/producte\/si-es-si-no-es-no-y-siempre-lo-decido-yo#breadcrumb"},"inLanguage":"es","potentialAction":[{"@type":"ReadAction","target":["https:\/\/somllavors.com\/es\/producte\/si-es-si-no-es-no-y-siempre-lo-decido-yo"]}]},{"@type":"ImageObject","inLanguage":"es","@id":"https:\/\/somllavors.com\/es\/producte\/si-es-si-no-es-no-y-siempre-lo-decido-yo#primaryimage","url":"https:\/\/somllavors.com\/wp-content\/uploads\/2024\/05\/9788419511799.jpg","contentUrl":"https:\/\/somllavors.com\/wp-content\/uploads\/2024\/05\/9788419511799.jpg","width":800,"height":883,"caption":"S\u00cd es S\u00cd, NO es NO, y siempre lo decido yo"},{"@type":"BreadcrumbList","@id":"https:\/\/somllavors.com\/es\/producte\/si-es-si-no-es-no-y-siempre-lo-decido-yo#breadcrumb","itemListElement":[{"@type":"ListItem","position":1,"name":"Inici","item":"https:\/\/somllavors.com\/es"},{"@type":"ListItem","position":2,"name":"Tienda","item":"https:\/\/somllavors.com\/es\/botiga-2"},{"@type":"ListItem","position":3,"name":"S\u00cd es S\u00cd, NO es NO, y siempre lo decido yo"}]},{"@type":"WebSite","@id":"https:\/\/somllavors.com\/es#website","url":"https:\/\/somllavors.com\/es","name":"Som Llavors","description":"Botiga de crian\u00e7a natural","publisher":{"@id":"https:\/\/somllavors.com\/es#organization"},"alternateName":"Crian\u00e7a Natural i Sostenible","potentialAction":[{"@type":"SearchAction","target":{"@type":"EntryPoint","urlTemplate":"https:\/\/somllavors.com\/es?s={search_term_string}"},"query-input":{"@type":"PropertyValueSpecification","valueRequired":true,"valueName":"search_term_string"}}],"inLanguage":"es"},{"@type":["Organization","Place","Store"],"@id":"https:\/\/somllavors.com\/es#organization","name":"Som Llavors","alternateName":"Crian\u00e7a Natural i Sostenible","url":"https:\/\/somllavors.com\/es","logo":{"@id":"https:\/\/somllavors.com\/es\/producte\/si-es-si-no-es-no-y-siempre-lo-decido-yo#local-main-organization-logo"},"image":{"@id":"https:\/\/somllavors.com\/es\/producte\/si-es-si-no-es-no-y-siempre-lo-decido-yo#local-main-organization-logo"},"sameAs":["https:\/\/www.facebook.com\/somllavorsvng\/?locale=ca_ES","https:\/\/www.instagram.com\/somllavors_vng\/","https:\/\/www.youtube.com\/@somllavors"],"address":{"@id":"https:\/\/somllavors.com\/es\/producte\/si-es-si-no-es-no-y-siempre-lo-decido-yo#local-main-place-address"},"geo":{"@type":"GeoCoordinates","latitude":"41.2257737","longitude":"1.723258859"},"telephone":["623152704","623152704"],"openingHoursSpecification":[{"@type":"OpeningHoursSpecification","dayOfWeek":["Monday","Sunday"],"opens":"00:00","closes":"00:00"},{"@type":"OpeningHoursSpecification","dayOfWeek":["Tuesday","Wednesday","Thursday","Friday"],"opens":"10:00","closes":"20:00"},{"@type":"OpeningHoursSpecification","dayOfWeek":["Saturday"],"opens":"10:00","closes":"13:30"}],"email":"info@somllavors.com"},{"@type":"PostalAddress","@id":"https:\/\/somllavors.com\/es\/producte\/si-es-si-no-es-no-y-siempre-lo-decido-yo#local-main-place-address","streetAddress":"Carrer de l'aigua, 6","addressLocality":"Vilanova i la Geltr\u00fa","postalCode":"08800","addressRegion":"Barcelona","addressCountry":"ES"},{"@type":"ImageObject","inLanguage":"es","@id":"https:\/\/somllavors.com\/es\/producte\/si-es-si-no-es-no-y-siempre-lo-decido-yo#local-main-organization-logo","url":"https:\/\/somllavors.com\/wp-content\/uploads\/Logotip-Som-Llavors.jpg","contentUrl":"https:\/\/somllavors.com\/wp-content\/uploads\/Logotip-Som-Llavors.jpg","width":1444,"height":1323,"caption":"Som Llavors"}]},"product_price_amount":"16.95","product_price_currency":"EUR","og_availability":"instock","product_availability":"instock","product_retailer_item_id":"9788419511799","product_condition":"new","geo.placename":"Vilanova i la Geltr\u00fa","geo.position":{"lat":"41.2257737","long":"1.723258859"},"geo.region":"Espa\u00f1a"},"brands":[],"_links":{"self":[{"href":"https:\/\/somllavors.com\/es\/wp-json\/wp\/v2\/product\/59413","targetHints":{"allow":["GET"]}}],"collection":[{"href":"https:\/\/somllavors.com\/es\/wp-json\/wp\/v2\/product"}],"about":[{"href":"https:\/\/somllavors.com\/es\/wp-json\/wp\/v2\/types\/product"}],"wp:featuredmedia":[{"embeddable":true,"href":"https:\/\/somllavors.com\/es\/wp-json\/wp\/v2\/media\/59442"}],"wp:attachment":[{"href":"https:\/\/somllavors.com\/es\/wp-json\/wp\/v2\/media?parent=59413"}],"wp:term":[{"taxonomy":"pwb-brand","embeddable":true,"href":"https:\/\/somllavors.com\/es\/wp-json\/wp\/v2\/pwb-brand?post=59413"},{"taxonomy":"product_brand","embeddable":true,"href":"https:\/\/somllavors.com\/es\/wp-json\/wp\/v2\/product_brand?post=59413"},{"taxonomy":"product_cat","embeddable":true,"href":"https:\/\/somllavors.com\/es\/wp-json\/wp\/v2\/product_cat?post=59413"},{"taxonomy":"product_tag","embeddable":true,"href":"https:\/\/somllavors.com\/es\/wp-json\/wp\/v2\/product_tag?post=59413"}],"curies":[{"name":"wp","href":"https:\/\/api.w.org\/{rel}","templated":true}]}}