{"id":59854,"date":"2024-05-28T17:32:33","date_gmt":"2024-05-28T15:32:33","guid":{"rendered":"https:\/\/somllavors.com\/?post_type=product&#038;p=59854"},"modified":"2024-05-30T18:07:29","modified_gmt":"2024-05-30T16:07:29","slug":"joc-de-7-gots-apilables-de-silicona-malvas-tiny-twinkle","status":"publish","type":"product","link":"https:\/\/somllavors.com\/es\/producte\/joc-de-7-gots-apilables-de-silicona-malvas-tiny-twinkle","title":{"rendered":"Joc de 7 gots apilables de silicona Malvas &#8211; Tiny Twinkle"},"content":{"rendered":"<ul>\n<li>Sense productes qu\u00edmics nocius!<\/li>\n<li>F\u00e0cil de netejar a m\u00e0 amb sab\u00f3 suau o al rentaplats.<\/li>\n<\/ul>\n","protected":false},"excerpt":{"rendered":"<p>Ideals per apilar, organitzar i aprendre a comptar, aquests gots apilables de silicona s\u00f3n la joguina educativa perfecta per als infants m\u00e9s petits.<\/p>\n<ul>\n<li>Fabricat amb silicona de qualitat aliment\u00e0ria que no cont\u00e9 BPA, BPS, PVC, plom ni ftalats.<\/li>\n<li>Perforacions a la base per poder utilitzar com un joc a l&#8217;aigua.<\/li>\n<\/ul>\n","protected":false},"featured_media":59870,"template":"","meta":{"_acf_changed":false,"site-sidebar-layout":"default","site-content-layout":"","ast-site-content-layout":"default","site-content-style":"default","site-sidebar-style":"default","ast-global-header-display":"","ast-banner-title-visibility":"","ast-main-header-display":"","ast-hfb-above-header-display":"","ast-hfb-below-header-display":"","ast-hfb-mobile-header-display":"","site-post-title":"","ast-breadcrumbs-content":"","ast-featured-img":"","footer-sml-layout":"","theme-transparent-header-meta":"default","adv-header-id-meta":"","stick-header-meta":"","header-above-stick-meta":"","header-main-stick-meta":"","header-below-stick-meta":"","astra-migrate-meta-layouts":"set","ast-page-background-enabled":"default","ast-page-background-meta":{"desktop":{"background-color":"","background-image":"","background-repeat":"repeat","background-position":"center center","background-size":"auto","background-attachment":"scroll","background-type":"","background-media":"","overlay-type":"","overlay-color":"","overlay-opacity":"","overlay-gradient":""},"tablet":{"background-color":"","background-image":"","background-repeat":"repeat","background-position":"center center","background-size":"auto","background-attachment":"scroll","background-type":"","background-media":"","overlay-type":"","overlay-color":"","overlay-opacity":"","overlay-gradient":""},"mobile":{"background-color":"","background-image":"","background-repeat":"repeat","background-position":"center center","background-size":"auto","background-attachment":"scroll","background-type":"","background-media":"","overlay-type":"","overlay-color":"","overlay-opacity":"","overlay-gradient":""}},"ast-content-background-meta":{"desktop":{"background-color":"var(--ast-global-color-5)","background-image":"","background-repeat":"repeat","background-position":"center center","background-size":"auto","background-attachment":"scroll","background-type":"","background-media":"","overlay-type":"","overlay-color":"","overlay-opacity":"","overlay-gradient":""},"tablet":{"background-color":"var(--ast-global-color-5)","background-image":"","background-repeat":"repeat","background-position":"center center","background-size":"auto","background-attachment":"scroll","background-type":"","background-media":"","overlay-type":"","overlay-color":"","overlay-opacity":"","overlay-gradient":""},"mobile":{"background-color":"var(--ast-global-color-5)","background-image":"","background-repeat":"repeat","background-position":"center center","background-size":"auto","background-attachment":"scroll","background-type":"","background-media":"","overlay-type":"","overlay-color":"","overlay-opacity":"","overlay-gradient":""}}},"pwb-brand":[],"product_brand":[],"product_cat":[4500,1677,629,132],"product_tag":[],"class_list":{"0":"post-59854","1":"product","2":"type-product","3":"status-publish","4":"has-post-thumbnail","6":"product_cat-10-20e","7":"product_cat-benvingut-estiu","8":"product_cat-encaixables-apilables-equilibri-i-construccions","9":"product_cat-lhora-del-bany","10":"desktop-align-left","11":"tablet-align-left","12":"mobile-align-left","14":"first","15":"outofstock","16":"taxable","17":"shipping-taxable","18":"purchasable","19":"product-type-simple"},"acf":[],"yoast_head":"<!-- This site is optimized with the Yoast SEO Premium plugin v18.3 (Yoast SEO v26.2) - https:\/\/yoast.com\/wordpress\/plugins\/seo\/ -->\n<title>Joc de 7 gots apilables de silicona Malvas - Tiny Twinkle &#8212; Som Llavors<\/title>\n<meta name=\"description\" content=\"Ideals per apilar, organitzar i aprendre a comptar, aquests gots apilables de silicona s\u00f3n la joguina educativa perfecta per als infants m\u00e9s petits.   Fabricat amb silicona de qualitat aliment\u00e0ria que no cont\u00e9 BPA, BPS, PVC, plom ni ftalats.  Perforacions a la base per poder utilitzar com un joc a l&#039;aigua.\" \/>\n<meta name=\"robots\" content=\"index, follow, max-snippet:-1, max-image-preview:large, max-video-preview:-1\" \/>\n<link rel=\"canonical\" href=\"https:\/\/somllavors.com\/es\/producte\/joc-de-7-gots-apilables-de-silicona-malvas-tiny-twinkle\" \/>\n<meta property=\"og:locale\" content=\"es_ES\" \/>\n<meta property=\"og:type\" content=\"article\" \/>\n<meta property=\"og:title\" content=\"Joc de 7 gots apilables de silicona Malvas - Tiny Twinkle\" \/>\n<meta property=\"og:description\" content=\"La teva botiga d\u2019ecocrian\u00e7a i espai d\u2019acompanyament a la maternitat\" \/>\n<meta property=\"og:url\" content=\"https:\/\/somllavors.com\/es\/producte\/joc-de-7-gots-apilables-de-silicona-malvas-tiny-twinkle\" \/>\n<meta property=\"og:site_name\" content=\"Som Llavors\" \/>\n<meta property=\"article:publisher\" content=\"https:\/\/www.facebook.com\/somllavorsvng\/?locale=ca_ES\" \/>\n<meta property=\"article:modified_time\" content=\"2024-05-30T16:07:29+00:00\" \/>\n<meta property=\"og:image\" content=\"https:\/\/somllavors.com\/wp-content\/uploads\/2024\/05\/Som-Llavors-JUEGO-DE-7-VASOS-APILABLES-MALVAS.webp\" \/>\n\t<meta property=\"og:image:width\" content=\"2400\" \/>\n\t<meta property=\"og:image:height\" content=\"2400\" \/>\n\t<meta property=\"og:image:type\" content=\"image\/webp\" \/>\n<meta name=\"twitter:card\" content=\"summary_large_image\" \/>\n<meta name=\"twitter:label1\" content=\"Precio\" \/>\n\t<meta name=\"twitter:data1\" content=\"17,50&euro; Iva incl\u00f2s\" \/>\n\t<meta name=\"twitter:label2\" content=\"Availability\" \/>\n\t<meta name=\"twitter:data2\" content=\"Out of stock\" \/>\n<script type=\"application\/ld+json\" class=\"yoast-schema-graph\">{\"@context\":\"https:\/\/schema.org\",\"@graph\":[{\"@type\":\"WebPage\",\"@id\":\"https:\/\/somllavors.com\/es\/producte\/joc-de-7-gots-apilables-de-silicona-malvas-tiny-twinkle\",\"url\":\"https:\/\/somllavors.com\/es\/producte\/joc-de-7-gots-apilables-de-silicona-malvas-tiny-twinkle\",\"name\":\"Joc de 7 gots apilables de silicona Malvas - Tiny Twinkle &#8212; Som Llavors\",\"isPartOf\":{\"@id\":\"https:\/\/somllavors.com\/es#website\"},\"primaryImageOfPage\":{\"@id\":\"https:\/\/somllavors.com\/es\/producte\/joc-de-7-gots-apilables-de-silicona-malvas-tiny-twinkle#primaryimage\"},\"image\":{\"@id\":\"https:\/\/somllavors.com\/es\/producte\/joc-de-7-gots-apilables-de-silicona-malvas-tiny-twinkle#primaryimage\"},\"thumbnailUrl\":\"https:\/\/somllavors.com\/wp-content\/uploads\/2024\/05\/Som-Llavors-JUEGO-DE-7-VASOS-APILABLES-MALVAS.webp\",\"datePublished\":\"2024-05-28T15:32:33+00:00\",\"dateModified\":\"2024-05-30T16:07:29+00:00\",\"description\":\"Ideals per apilar, organitzar i aprendre a comptar, aquests gots apilables de silicona s\u00f3n la joguina educativa perfecta per als infants m\u00e9s petits. Fabricat amb silicona de qualitat aliment\u00e0ria que no cont\u00e9 BPA, BPS, PVC, plom ni ftalats. Perforacions a la base per poder utilitzar com un joc a l'aigua.\",\"breadcrumb\":{\"@id\":\"https:\/\/somllavors.com\/es\/producte\/joc-de-7-gots-apilables-de-silicona-malvas-tiny-twinkle#breadcrumb\"},\"inLanguage\":\"es\",\"potentialAction\":[{\"@type\":\"ReadAction\",\"target\":[\"https:\/\/somllavors.com\/es\/producte\/joc-de-7-gots-apilables-de-silicona-malvas-tiny-twinkle\"]}]},{\"@type\":\"ImageObject\",\"inLanguage\":\"es\",\"@id\":\"https:\/\/somllavors.com\/es\/producte\/joc-de-7-gots-apilables-de-silicona-malvas-tiny-twinkle#primaryimage\",\"url\":\"https:\/\/somllavors.com\/wp-content\/uploads\/2024\/05\/Som-Llavors-JUEGO-DE-7-VASOS-APILABLES-MALVAS.webp\",\"contentUrl\":\"https:\/\/somllavors.com\/wp-content\/uploads\/2024\/05\/Som-Llavors-JUEGO-DE-7-VASOS-APILABLES-MALVAS.webp\",\"width\":2400,\"height\":2400,\"caption\":\"vasos apilables ba\u00f1era\"},{\"@type\":\"BreadcrumbList\",\"@id\":\"https:\/\/somllavors.com\/es\/producte\/joc-de-7-gots-apilables-de-silicona-malvas-tiny-twinkle#breadcrumb\",\"itemListElement\":[{\"@type\":\"ListItem\",\"position\":1,\"name\":\"Inici\",\"item\":\"https:\/\/somllavors.com\/es\"},{\"@type\":\"ListItem\",\"position\":2,\"name\":\"Tienda\",\"item\":\"https:\/\/somllavors.com\/es\/botiga-2\"},{\"@type\":\"ListItem\",\"position\":3,\"name\":\"Joc de 7 gots apilables de silicona Malvas &#8211; Tiny Twinkle\"}]},{\"@type\":\"WebSite\",\"@id\":\"https:\/\/somllavors.com\/es#website\",\"url\":\"https:\/\/somllavors.com\/es\",\"name\":\"Som Llavors\",\"description\":\"Botiga de crian\u00e7a natural\",\"publisher\":{\"@id\":\"https:\/\/somllavors.com\/es#organization\"},\"alternateName\":\"Crian\u00e7a Natural i Sostenible\",\"potentialAction\":[{\"@type\":\"SearchAction\",\"target\":{\"@type\":\"EntryPoint\",\"urlTemplate\":\"https:\/\/somllavors.com\/es?s={search_term_string}\"},\"query-input\":{\"@type\":\"PropertyValueSpecification\",\"valueRequired\":true,\"valueName\":\"search_term_string\"}}],\"inLanguage\":\"es\"},{\"@type\":[\"Organization\",\"Place\",\"Store\"],\"@id\":\"https:\/\/somllavors.com\/es#organization\",\"name\":\"Som Llavors\",\"alternateName\":\"Crian\u00e7a Natural i Sostenible\",\"url\":\"https:\/\/somllavors.com\/es\",\"logo\":{\"@id\":\"https:\/\/somllavors.com\/es\/producte\/joc-de-7-gots-apilables-de-silicona-malvas-tiny-twinkle#local-main-organization-logo\"},\"image\":{\"@id\":\"https:\/\/somllavors.com\/es\/producte\/joc-de-7-gots-apilables-de-silicona-malvas-tiny-twinkle#local-main-organization-logo\"},\"sameAs\":[\"https:\/\/www.facebook.com\/somllavorsvng\/?locale=ca_ES\",\"https:\/\/www.instagram.com\/somllavors_vng\/\",\"https:\/\/www.youtube.com\/@somllavors\"],\"address\":{\"@id\":\"https:\/\/somllavors.com\/es\/producte\/joc-de-7-gots-apilables-de-silicona-malvas-tiny-twinkle#local-main-place-address\"},\"geo\":{\"@type\":\"GeoCoordinates\",\"latitude\":\"41.2257737\",\"longitude\":\"1.723258859\"},\"telephone\":[\"623152704\"],\"openingHoursSpecification\":[{\"@type\":\"OpeningHoursSpecification\",\"dayOfWeek\":[\"Monday\",\"Sunday\"],\"opens\":\"00:00\",\"closes\":\"00:00\"},{\"@type\":\"OpeningHoursSpecification\",\"dayOfWeek\":[\"Tuesday\",\"Wednesday\",\"Thursday\",\"Friday\"],\"opens\":\"10:00\",\"closes\":\"20:00\"},{\"@type\":\"OpeningHoursSpecification\",\"dayOfWeek\":[\"Saturday\"],\"opens\":\"10:00\",\"closes\":\"13:30\"}],\"email\":\"info@somllavors.com\"},{\"@type\":\"PostalAddress\",\"@id\":\"https:\/\/somllavors.com\/es\/producte\/joc-de-7-gots-apilables-de-silicona-malvas-tiny-twinkle#local-main-place-address\",\"streetAddress\":\"Carrer de l'aigua, 6\",\"addressLocality\":\"Vilanova i la Geltr\u00fa\",\"postalCode\":\"08800\",\"addressRegion\":\"Barcelona\",\"addressCountry\":\"ES\"},{\"@type\":\"ImageObject\",\"inLanguage\":\"es\",\"@id\":\"https:\/\/somllavors.com\/es\/producte\/joc-de-7-gots-apilables-de-silicona-malvas-tiny-twinkle#local-main-organization-logo\",\"url\":\"https:\/\/somllavors.com\/wp-content\/uploads\/Logotip-Som-Llavors.jpg\",\"contentUrl\":\"https:\/\/somllavors.com\/wp-content\/uploads\/Logotip-Som-Llavors.jpg\",\"width\":1444,\"height\":1323,\"caption\":\"Som Llavors\"}]}<\/script>\n<meta property=\"product:price:amount\" content=\"17.50\" \/>\n<meta property=\"product:price:currency\" content=\"EUR\" \/>\n<meta property=\"og:availability\" content=\"out of stock\" \/>\n<meta property=\"product:availability\" content=\"out of stock\" \/>\n<meta property=\"product:retailer_item_id\" content=\"STCK-1\" \/>\n<meta property=\"product:condition\" content=\"new\" \/>\n<meta name=\"geo.placename\" content=\"Vilanova i la Geltr\u00fa\" \/>\n<meta name=\"geo.position\" content=\"41.2257737;1.723258859\" \/>\n<meta name=\"geo.region\" content=\"Espa\u00f1a\" \/>\n<!-- \/ Yoast SEO Premium plugin. -->","yoast_head_json":{"title":"Joc de 7 gots apilables de silicona Malvas - Tiny Twinkle &#8212; Som Llavors","description":"Ideals per apilar, organitzar i aprendre a comptar, aquests gots apilables de silicona s\u00f3n la joguina educativa perfecta per als infants m\u00e9s petits.   Fabricat amb silicona de qualitat aliment\u00e0ria que no cont\u00e9 BPA, BPS, PVC, plom ni ftalats.  Perforacions a la base per poder utilitzar com un joc a l'aigua.","robots":{"index":"index","follow":"follow","max-snippet":"max-snippet:-1","max-image-preview":"max-image-preview:large","max-video-preview":"max-video-preview:-1"},"canonical":"https:\/\/somllavors.com\/es\/producte\/joc-de-7-gots-apilables-de-silicona-malvas-tiny-twinkle","og_locale":"es_ES","og_type":"article","og_title":"Joc de 7 gots apilables de silicona Malvas - Tiny Twinkle","og_description":"La teva botiga d\u2019ecocrian\u00e7a i espai d\u2019acompanyament a la maternitat","og_url":"https:\/\/somllavors.com\/es\/producte\/joc-de-7-gots-apilables-de-silicona-malvas-tiny-twinkle","og_site_name":"Som Llavors","article_publisher":"https:\/\/www.facebook.com\/somllavorsvng\/?locale=ca_ES","article_modified_time":"2024-05-30T16:07:29+00:00","og_image":[{"width":2400,"height":2400,"url":"https:\/\/somllavors.com\/wp-content\/uploads\/2024\/05\/Som-Llavors-JUEGO-DE-7-VASOS-APILABLES-MALVAS.webp","type":"image\/webp"}],"twitter_card":"summary_large_image","twitter_misc":{"Precio":"17,50&euro; Iva incl\u00f2s","Availability":"Out of stock"},"schema":{"@context":"https:\/\/schema.org","@graph":[{"@type":"WebPage","@id":"https:\/\/somllavors.com\/es\/producte\/joc-de-7-gots-apilables-de-silicona-malvas-tiny-twinkle","url":"https:\/\/somllavors.com\/es\/producte\/joc-de-7-gots-apilables-de-silicona-malvas-tiny-twinkle","name":"Joc de 7 gots apilables de silicona Malvas - Tiny Twinkle &#8212; Som Llavors","isPartOf":{"@id":"https:\/\/somllavors.com\/es#website"},"primaryImageOfPage":{"@id":"https:\/\/somllavors.com\/es\/producte\/joc-de-7-gots-apilables-de-silicona-malvas-tiny-twinkle#primaryimage"},"image":{"@id":"https:\/\/somllavors.com\/es\/producte\/joc-de-7-gots-apilables-de-silicona-malvas-tiny-twinkle#primaryimage"},"thumbnailUrl":"https:\/\/somllavors.com\/wp-content\/uploads\/2024\/05\/Som-Llavors-JUEGO-DE-7-VASOS-APILABLES-MALVAS.webp","datePublished":"2024-05-28T15:32:33+00:00","dateModified":"2024-05-30T16:07:29+00:00","description":"Ideals per apilar, organitzar i aprendre a comptar, aquests gots apilables de silicona s\u00f3n la joguina educativa perfecta per als infants m\u00e9s petits. Fabricat amb silicona de qualitat aliment\u00e0ria que no cont\u00e9 BPA, BPS, PVC, plom ni ftalats. Perforacions a la base per poder utilitzar com un joc a l'aigua.","breadcrumb":{"@id":"https:\/\/somllavors.com\/es\/producte\/joc-de-7-gots-apilables-de-silicona-malvas-tiny-twinkle#breadcrumb"},"inLanguage":"es","potentialAction":[{"@type":"ReadAction","target":["https:\/\/somllavors.com\/es\/producte\/joc-de-7-gots-apilables-de-silicona-malvas-tiny-twinkle"]}]},{"@type":"ImageObject","inLanguage":"es","@id":"https:\/\/somllavors.com\/es\/producte\/joc-de-7-gots-apilables-de-silicona-malvas-tiny-twinkle#primaryimage","url":"https:\/\/somllavors.com\/wp-content\/uploads\/2024\/05\/Som-Llavors-JUEGO-DE-7-VASOS-APILABLES-MALVAS.webp","contentUrl":"https:\/\/somllavors.com\/wp-content\/uploads\/2024\/05\/Som-Llavors-JUEGO-DE-7-VASOS-APILABLES-MALVAS.webp","width":2400,"height":2400,"caption":"vasos apilables ba\u00f1era"},{"@type":"BreadcrumbList","@id":"https:\/\/somllavors.com\/es\/producte\/joc-de-7-gots-apilables-de-silicona-malvas-tiny-twinkle#breadcrumb","itemListElement":[{"@type":"ListItem","position":1,"name":"Inici","item":"https:\/\/somllavors.com\/es"},{"@type":"ListItem","position":2,"name":"Tienda","item":"https:\/\/somllavors.com\/es\/botiga-2"},{"@type":"ListItem","position":3,"name":"Joc de 7 gots apilables de silicona Malvas &#8211; Tiny Twinkle"}]},{"@type":"WebSite","@id":"https:\/\/somllavors.com\/es#website","url":"https:\/\/somllavors.com\/es","name":"Som Llavors","description":"Botiga de crian\u00e7a natural","publisher":{"@id":"https:\/\/somllavors.com\/es#organization"},"alternateName":"Crian\u00e7a Natural i Sostenible","potentialAction":[{"@type":"SearchAction","target":{"@type":"EntryPoint","urlTemplate":"https:\/\/somllavors.com\/es?s={search_term_string}"},"query-input":{"@type":"PropertyValueSpecification","valueRequired":true,"valueName":"search_term_string"}}],"inLanguage":"es"},{"@type":["Organization","Place","Store"],"@id":"https:\/\/somllavors.com\/es#organization","name":"Som Llavors","alternateName":"Crian\u00e7a Natural i Sostenible","url":"https:\/\/somllavors.com\/es","logo":{"@id":"https:\/\/somllavors.com\/es\/producte\/joc-de-7-gots-apilables-de-silicona-malvas-tiny-twinkle#local-main-organization-logo"},"image":{"@id":"https:\/\/somllavors.com\/es\/producte\/joc-de-7-gots-apilables-de-silicona-malvas-tiny-twinkle#local-main-organization-logo"},"sameAs":["https:\/\/www.facebook.com\/somllavorsvng\/?locale=ca_ES","https:\/\/www.instagram.com\/somllavors_vng\/","https:\/\/www.youtube.com\/@somllavors"],"address":{"@id":"https:\/\/somllavors.com\/es\/producte\/joc-de-7-gots-apilables-de-silicona-malvas-tiny-twinkle#local-main-place-address"},"geo":{"@type":"GeoCoordinates","latitude":"41.2257737","longitude":"1.723258859"},"telephone":["623152704","623152704"],"openingHoursSpecification":[{"@type":"OpeningHoursSpecification","dayOfWeek":["Monday","Sunday"],"opens":"00:00","closes":"00:00"},{"@type":"OpeningHoursSpecification","dayOfWeek":["Tuesday","Wednesday","Thursday","Friday"],"opens":"10:00","closes":"20:00"},{"@type":"OpeningHoursSpecification","dayOfWeek":["Saturday"],"opens":"10:00","closes":"13:30"}],"email":"info@somllavors.com"},{"@type":"PostalAddress","@id":"https:\/\/somllavors.com\/es\/producte\/joc-de-7-gots-apilables-de-silicona-malvas-tiny-twinkle#local-main-place-address","streetAddress":"Carrer de l'aigua, 6","addressLocality":"Vilanova i la Geltr\u00fa","postalCode":"08800","addressRegion":"Barcelona","addressCountry":"ES"},{"@type":"ImageObject","inLanguage":"es","@id":"https:\/\/somllavors.com\/es\/producte\/joc-de-7-gots-apilables-de-silicona-malvas-tiny-twinkle#local-main-organization-logo","url":"https:\/\/somllavors.com\/wp-content\/uploads\/Logotip-Som-Llavors.jpg","contentUrl":"https:\/\/somllavors.com\/wp-content\/uploads\/Logotip-Som-Llavors.jpg","width":1444,"height":1323,"caption":"Som Llavors"}]},"product_price_amount":"17.50","product_price_currency":"EUR","og_availability":"out of stock","product_availability":"out of stock","product_retailer_item_id":"STCK-1","product_condition":"new","geo.placename":"Vilanova i la Geltr\u00fa","geo.position":{"lat":"41.2257737","long":"1.723258859"},"geo.region":"Espa\u00f1a"},"brands":[],"_links":{"self":[{"href":"https:\/\/somllavors.com\/es\/wp-json\/wp\/v2\/product\/59854","targetHints":{"allow":["GET"]}}],"collection":[{"href":"https:\/\/somllavors.com\/es\/wp-json\/wp\/v2\/product"}],"about":[{"href":"https:\/\/somllavors.com\/es\/wp-json\/wp\/v2\/types\/product"}],"wp:featuredmedia":[{"embeddable":true,"href":"https:\/\/somllavors.com\/es\/wp-json\/wp\/v2\/media\/59870"}],"wp:attachment":[{"href":"https:\/\/somllavors.com\/es\/wp-json\/wp\/v2\/media?parent=59854"}],"wp:term":[{"taxonomy":"pwb-brand","embeddable":true,"href":"https:\/\/somllavors.com\/es\/wp-json\/wp\/v2\/pwb-brand?post=59854"},{"taxonomy":"product_brand","embeddable":true,"href":"https:\/\/somllavors.com\/es\/wp-json\/wp\/v2\/product_brand?post=59854"},{"taxonomy":"product_cat","embeddable":true,"href":"https:\/\/somllavors.com\/es\/wp-json\/wp\/v2\/product_cat?post=59854"},{"taxonomy":"product_tag","embeddable":true,"href":"https:\/\/somllavors.com\/es\/wp-json\/wp\/v2\/product_tag?post=59854"}],"curies":[{"name":"wp","href":"https:\/\/api.w.org\/{rel}","templated":true}]}}