{"id":59966,"date":"2024-05-30T12:45:15","date_gmt":"2024-05-30T10:45:15","guid":{"rendered":"https:\/\/somllavors.com\/?post_type=product&#038;p=59966"},"modified":"2024-06-06T14:40:35","modified_gmt":"2024-06-06T12:40:35","slug":"pack-bath-time","status":"publish","type":"product","link":"https:\/\/somllavors.com\/es\/producte\/pack-bath-time","title":{"rendered":"Caixa regal L&#8217;hora del bany &#8211; Carelia"},"content":{"rendered":"<p>Caixa Regal Hora del Bany:<\/p>\n<ul>\n<li class=\"li1\">Tovallola Capa de bany Eco 100% cot\u00f3 org\u00e0nic certificat GOTS<\/li>\n<li class=\"li1\"><span class=\"s1\">Xamp\u00fa-Gel de bany 200 ml<\/span><\/li>\n<li class=\"li1\"><span class=\"s1\">Llet Corporal hidratant 200 ml<\/span><\/li>\n<li class=\"li1\"><span class=\"s1\">Raspall Natural Nad\u00f3<\/span><\/li>\n<li class=\"li2\"><span class=\"s1\">Excel\u00b7lent presentaci\u00f3, embalat amb paper de seda<\/span><\/li>\n<li class=\"li2\"><span class=\"s1\">Grand\u00e0ria de la caixa 25 x 25 x 8 cms<\/span><\/li>\n<li class=\"li2\"><span class=\"s1\">Inclou entranyable conte infantil<\/span><\/li>\n<\/ul>\n","protected":false},"excerpt":{"rendered":"<p>Una caixa regal preciosa, ideal per fer un detall a les fam\u00edlies que acaben de tenir un nad\u00f3! Productes eco-friendly, veg\u00e0, de cot\u00f3 org\u00e0nic amb certificat GOTS&#8230; En definitiva un regal preci\u00f3s per a fam\u00edlies modernes i exigents. Tot fet a Barcelona.<\/p>\n","protected":false},"featured_media":60334,"template":"","meta":{"_acf_changed":false,"site-sidebar-layout":"default","site-content-layout":"","ast-site-content-layout":"default","site-content-style":"default","site-sidebar-style":"default","ast-global-header-display":"","ast-banner-title-visibility":"","ast-main-header-display":"","ast-hfb-above-header-display":"","ast-hfb-below-header-display":"","ast-hfb-mobile-header-display":"","site-post-title":"","ast-breadcrumbs-content":"","ast-featured-img":"","footer-sml-layout":"","theme-transparent-header-meta":"default","adv-header-id-meta":"","stick-header-meta":"","header-above-stick-meta":"","header-main-stick-meta":"","header-below-stick-meta":"","astra-migrate-meta-layouts":"set","ast-page-background-enabled":"default","ast-page-background-meta":{"desktop":{"background-color":"","background-image":"","background-repeat":"repeat","background-position":"center center","background-size":"auto","background-attachment":"scroll","background-type":"","background-media":"","overlay-type":"","overlay-color":"","overlay-opacity":"","overlay-gradient":""},"tablet":{"background-color":"","background-image":"","background-repeat":"repeat","background-position":"center center","background-size":"auto","background-attachment":"scroll","background-type":"","background-media":"","overlay-type":"","overlay-color":"","overlay-opacity":"","overlay-gradient":""},"mobile":{"background-color":"","background-image":"","background-repeat":"repeat","background-position":"center center","background-size":"auto","background-attachment":"scroll","background-type":"","background-media":"","overlay-type":"","overlay-color":"","overlay-opacity":"","overlay-gradient":""}},"ast-content-background-meta":{"desktop":{"background-color":"var(--ast-global-color-5)","background-image":"","background-repeat":"repeat","background-position":"center center","background-size":"auto","background-attachment":"scroll","background-type":"","background-media":"","overlay-type":"","overlay-color":"","overlay-opacity":"","overlay-gradient":""},"tablet":{"background-color":"var(--ast-global-color-5)","background-image":"","background-repeat":"repeat","background-position":"center center","background-size":"auto","background-attachment":"scroll","background-type":"","background-media":"","overlay-type":"","overlay-color":"","overlay-opacity":"","overlay-gradient":""},"mobile":{"background-color":"var(--ast-global-color-5)","background-image":"","background-repeat":"repeat","background-position":"center center","background-size":"auto","background-attachment":"scroll","background-type":"","background-media":"","overlay-type":"","overlay-color":"","overlay-opacity":"","overlay-gradient":""}}},"pwb-brand":[4797],"product_brand":[],"product_cat":[579],"product_tag":[],"class_list":{"0":"post-59966","1":"product","2":"type-product","3":"status-publish","4":"has-post-thumbnail","6":"pwb-brand-carelia","7":"product_cat-cosmetica-lhora-del-bany-2","8":"desktop-align-left","9":"tablet-align-left","10":"mobile-align-left","12":"first","13":"instock","14":"taxable","15":"shipping-taxable","16":"purchasable","17":"product-type-simple"},"acf":[],"yoast_head":"<!-- This site is optimized with the Yoast SEO Premium plugin v18.3 (Yoast SEO v26.2) - https:\/\/yoast.com\/wordpress\/plugins\/seo\/ -->\n<title>Caixa regal L&#039;hora del bany - Carelia &#8212; Som Llavors<\/title>\n<meta name=\"description\" content=\"Caixa regal ideal per fer un detall a les fam\u00edlies que acaben de tenir un nad\u00f3! Productes eco-friendly, veg\u00e0, de cot\u00f3 org\u00e0nic amb certificat GOTS\" \/>\n<meta name=\"robots\" content=\"index, follow, max-snippet:-1, max-image-preview:large, max-video-preview:-1\" \/>\n<link rel=\"canonical\" href=\"https:\/\/somllavors.com\/es\/producte\/pack-bath-time\" \/>\n<meta property=\"og:locale\" content=\"es_ES\" \/>\n<meta property=\"og:type\" content=\"article\" \/>\n<meta property=\"og:title\" content=\"Caixa regal L&#039;hora del bany - Carelia\" \/>\n<meta property=\"og:description\" content=\"La teva botiga d\u2019ecocrian\u00e7a i espai d\u2019acompanyament a la maternitat\" \/>\n<meta property=\"og:url\" content=\"https:\/\/somllavors.com\/es\/producte\/pack-bath-time\" \/>\n<meta property=\"og:site_name\" content=\"Som Llavors\" \/>\n<meta property=\"article:publisher\" content=\"https:\/\/www.facebook.com\/somllavorsvng\/?locale=ca_ES\" \/>\n<meta property=\"article:modified_time\" content=\"2024-06-06T12:40:35+00:00\" \/>\n<meta property=\"og:image\" content=\"https:\/\/somllavors.com\/wp-content\/uploads\/2024\/05\/cosmetica-natural-infantil-pack-bath-time.jpg\" \/>\n\t<meta property=\"og:image:width\" content=\"930\" \/>\n\t<meta property=\"og:image:height\" content=\"726\" \/>\n\t<meta property=\"og:image:type\" content=\"image\/jpeg\" \/>\n<meta name=\"twitter:card\" content=\"summary_large_image\" \/>\n<meta name=\"twitter:label1\" content=\"Precio\" \/>\n\t<meta name=\"twitter:data1\" content=\"75,00&euro; Iva incl\u00f2s\" \/>\n\t<meta name=\"twitter:label2\" content=\"Availability\" \/>\n\t<meta name=\"twitter:data2\" content=\"Hay existencias\" \/>\n<script type=\"application\/ld+json\" class=\"yoast-schema-graph\">{\"@context\":\"https:\/\/schema.org\",\"@graph\":[{\"@type\":\"WebPage\",\"@id\":\"https:\/\/somllavors.com\/es\/producte\/pack-bath-time\",\"url\":\"https:\/\/somllavors.com\/es\/producte\/pack-bath-time\",\"name\":\"Caixa regal L'hora del bany - Carelia &#8212; Som Llavors\",\"isPartOf\":{\"@id\":\"https:\/\/somllavors.com\/es#website\"},\"primaryImageOfPage\":{\"@id\":\"https:\/\/somllavors.com\/es\/producte\/pack-bath-time#primaryimage\"},\"image\":{\"@id\":\"https:\/\/somllavors.com\/es\/producte\/pack-bath-time#primaryimage\"},\"thumbnailUrl\":\"https:\/\/somllavors.com\/wp-content\/uploads\/2024\/05\/cosmetica-natural-infantil-pack-bath-time.jpg\",\"datePublished\":\"2024-05-30T10:45:15+00:00\",\"dateModified\":\"2024-06-06T12:40:35+00:00\",\"description\":\"Caixa regal ideal per fer un detall a les fam\u00edlies que acaben de tenir un nad\u00f3! Productes eco-friendly, veg\u00e0, de cot\u00f3 org\u00e0nic amb certificat GOTS\",\"breadcrumb\":{\"@id\":\"https:\/\/somllavors.com\/es\/producte\/pack-bath-time#breadcrumb\"},\"inLanguage\":\"es\",\"potentialAction\":[{\"@type\":\"ReadAction\",\"target\":[\"https:\/\/somllavors.com\/es\/producte\/pack-bath-time\"]}]},{\"@type\":\"ImageObject\",\"inLanguage\":\"es\",\"@id\":\"https:\/\/somllavors.com\/es\/producte\/pack-bath-time#primaryimage\",\"url\":\"https:\/\/somllavors.com\/wp-content\/uploads\/2024\/05\/cosmetica-natural-infantil-pack-bath-time.jpg\",\"contentUrl\":\"https:\/\/somllavors.com\/wp-content\/uploads\/2024\/05\/cosmetica-natural-infantil-pack-bath-time.jpg\",\"width\":930,\"height\":726,\"caption\":\"Caixa regal Bany nadons Carelia\"},{\"@type\":\"BreadcrumbList\",\"@id\":\"https:\/\/somllavors.com\/es\/producte\/pack-bath-time#breadcrumb\",\"itemListElement\":[{\"@type\":\"ListItem\",\"position\":1,\"name\":\"Inici\",\"item\":\"https:\/\/somllavors.com\/es\"},{\"@type\":\"ListItem\",\"position\":2,\"name\":\"Tienda\",\"item\":\"https:\/\/somllavors.com\/es\/botiga-2\"},{\"@type\":\"ListItem\",\"position\":3,\"name\":\"Caixa regal L&#8217;hora del bany &#8211; Carelia\"}]},{\"@type\":\"WebSite\",\"@id\":\"https:\/\/somllavors.com\/es#website\",\"url\":\"https:\/\/somllavors.com\/es\",\"name\":\"Som Llavors\",\"description\":\"Botiga de crian\u00e7a natural\",\"publisher\":{\"@id\":\"https:\/\/somllavors.com\/es#organization\"},\"alternateName\":\"Crian\u00e7a Natural i Sostenible\",\"potentialAction\":[{\"@type\":\"SearchAction\",\"target\":{\"@type\":\"EntryPoint\",\"urlTemplate\":\"https:\/\/somllavors.com\/es?s={search_term_string}\"},\"query-input\":{\"@type\":\"PropertyValueSpecification\",\"valueRequired\":true,\"valueName\":\"search_term_string\"}}],\"inLanguage\":\"es\"},{\"@type\":[\"Organization\",\"Place\",\"Store\"],\"@id\":\"https:\/\/somllavors.com\/es#organization\",\"name\":\"Som Llavors\",\"alternateName\":\"Crian\u00e7a Natural i Sostenible\",\"url\":\"https:\/\/somllavors.com\/es\",\"logo\":{\"@id\":\"https:\/\/somllavors.com\/es\/producte\/pack-bath-time#local-main-organization-logo\"},\"image\":{\"@id\":\"https:\/\/somllavors.com\/es\/producte\/pack-bath-time#local-main-organization-logo\"},\"sameAs\":[\"https:\/\/www.facebook.com\/somllavorsvng\/?locale=ca_ES\",\"https:\/\/www.instagram.com\/somllavors_vng\/\",\"https:\/\/www.youtube.com\/@somllavors\"],\"address\":{\"@id\":\"https:\/\/somllavors.com\/es\/producte\/pack-bath-time#local-main-place-address\"},\"geo\":{\"@type\":\"GeoCoordinates\",\"latitude\":\"41.2257737\",\"longitude\":\"1.723258859\"},\"telephone\":[\"623152704\"],\"openingHoursSpecification\":[{\"@type\":\"OpeningHoursSpecification\",\"dayOfWeek\":[\"Monday\",\"Sunday\"],\"opens\":\"00:00\",\"closes\":\"00:00\"},{\"@type\":\"OpeningHoursSpecification\",\"dayOfWeek\":[\"Tuesday\",\"Wednesday\",\"Thursday\",\"Friday\"],\"opens\":\"10:00\",\"closes\":\"20:00\"},{\"@type\":\"OpeningHoursSpecification\",\"dayOfWeek\":[\"Saturday\"],\"opens\":\"10:00\",\"closes\":\"13:30\"}],\"email\":\"info@somllavors.com\"},{\"@type\":\"PostalAddress\",\"@id\":\"https:\/\/somllavors.com\/es\/producte\/pack-bath-time#local-main-place-address\",\"streetAddress\":\"Carrer de l'aigua, 6\",\"addressLocality\":\"Vilanova i la Geltr\u00fa\",\"postalCode\":\"08800\",\"addressRegion\":\"Barcelona\",\"addressCountry\":\"ES\"},{\"@type\":\"ImageObject\",\"inLanguage\":\"es\",\"@id\":\"https:\/\/somllavors.com\/es\/producte\/pack-bath-time#local-main-organization-logo\",\"url\":\"https:\/\/somllavors.com\/wp-content\/uploads\/Logotip-Som-Llavors.jpg\",\"contentUrl\":\"https:\/\/somllavors.com\/wp-content\/uploads\/Logotip-Som-Llavors.jpg\",\"width\":1444,\"height\":1323,\"caption\":\"Som Llavors\"}]}<\/script>\n<meta property=\"product:price:amount\" content=\"75.00\" \/>\n<meta property=\"product:price:currency\" content=\"EUR\" \/>\n<meta property=\"og:availability\" content=\"instock\" \/>\n<meta property=\"product:availability\" content=\"instock\" \/>\n<meta property=\"product:retailer_item_id\" content=\"712131\" \/>\n<meta property=\"product:condition\" content=\"new\" \/>\n<meta name=\"geo.placename\" content=\"Vilanova i la Geltr\u00fa\" \/>\n<meta name=\"geo.position\" content=\"41.2257737;1.723258859\" \/>\n<meta name=\"geo.region\" content=\"Espa\u00f1a\" \/>\n<!-- \/ Yoast SEO Premium plugin. -->","yoast_head_json":{"title":"Caixa regal L'hora del bany - Carelia &#8212; Som Llavors","description":"Caixa regal ideal per fer un detall a les fam\u00edlies que acaben de tenir un nad\u00f3! Productes eco-friendly, veg\u00e0, de cot\u00f3 org\u00e0nic amb certificat GOTS","robots":{"index":"index","follow":"follow","max-snippet":"max-snippet:-1","max-image-preview":"max-image-preview:large","max-video-preview":"max-video-preview:-1"},"canonical":"https:\/\/somllavors.com\/es\/producte\/pack-bath-time","og_locale":"es_ES","og_type":"article","og_title":"Caixa regal L'hora del bany - Carelia","og_description":"La teva botiga d\u2019ecocrian\u00e7a i espai d\u2019acompanyament a la maternitat","og_url":"https:\/\/somllavors.com\/es\/producte\/pack-bath-time","og_site_name":"Som Llavors","article_publisher":"https:\/\/www.facebook.com\/somllavorsvng\/?locale=ca_ES","article_modified_time":"2024-06-06T12:40:35+00:00","og_image":[{"width":930,"height":726,"url":"https:\/\/somllavors.com\/wp-content\/uploads\/2024\/05\/cosmetica-natural-infantil-pack-bath-time.jpg","type":"image\/jpeg"}],"twitter_card":"summary_large_image","twitter_misc":{"Precio":"75,00&euro; Iva incl\u00f2s","Availability":"Hay existencias"},"schema":{"@context":"https:\/\/schema.org","@graph":[{"@type":"WebPage","@id":"https:\/\/somllavors.com\/es\/producte\/pack-bath-time","url":"https:\/\/somllavors.com\/es\/producte\/pack-bath-time","name":"Caixa regal L'hora del bany - Carelia &#8212; Som Llavors","isPartOf":{"@id":"https:\/\/somllavors.com\/es#website"},"primaryImageOfPage":{"@id":"https:\/\/somllavors.com\/es\/producte\/pack-bath-time#primaryimage"},"image":{"@id":"https:\/\/somllavors.com\/es\/producte\/pack-bath-time#primaryimage"},"thumbnailUrl":"https:\/\/somllavors.com\/wp-content\/uploads\/2024\/05\/cosmetica-natural-infantil-pack-bath-time.jpg","datePublished":"2024-05-30T10:45:15+00:00","dateModified":"2024-06-06T12:40:35+00:00","description":"Caixa regal ideal per fer un detall a les fam\u00edlies que acaben de tenir un nad\u00f3! Productes eco-friendly, veg\u00e0, de cot\u00f3 org\u00e0nic amb certificat GOTS","breadcrumb":{"@id":"https:\/\/somllavors.com\/es\/producte\/pack-bath-time#breadcrumb"},"inLanguage":"es","potentialAction":[{"@type":"ReadAction","target":["https:\/\/somllavors.com\/es\/producte\/pack-bath-time"]}]},{"@type":"ImageObject","inLanguage":"es","@id":"https:\/\/somllavors.com\/es\/producte\/pack-bath-time#primaryimage","url":"https:\/\/somllavors.com\/wp-content\/uploads\/2024\/05\/cosmetica-natural-infantil-pack-bath-time.jpg","contentUrl":"https:\/\/somllavors.com\/wp-content\/uploads\/2024\/05\/cosmetica-natural-infantil-pack-bath-time.jpg","width":930,"height":726,"caption":"Caixa regal Bany nadons Carelia"},{"@type":"BreadcrumbList","@id":"https:\/\/somllavors.com\/es\/producte\/pack-bath-time#breadcrumb","itemListElement":[{"@type":"ListItem","position":1,"name":"Inici","item":"https:\/\/somllavors.com\/es"},{"@type":"ListItem","position":2,"name":"Tienda","item":"https:\/\/somllavors.com\/es\/botiga-2"},{"@type":"ListItem","position":3,"name":"Caixa regal L&#8217;hora del bany &#8211; Carelia"}]},{"@type":"WebSite","@id":"https:\/\/somllavors.com\/es#website","url":"https:\/\/somllavors.com\/es","name":"Som Llavors","description":"Botiga de crian\u00e7a natural","publisher":{"@id":"https:\/\/somllavors.com\/es#organization"},"alternateName":"Crian\u00e7a Natural i Sostenible","potentialAction":[{"@type":"SearchAction","target":{"@type":"EntryPoint","urlTemplate":"https:\/\/somllavors.com\/es?s={search_term_string}"},"query-input":{"@type":"PropertyValueSpecification","valueRequired":true,"valueName":"search_term_string"}}],"inLanguage":"es"},{"@type":["Organization","Place","Store"],"@id":"https:\/\/somllavors.com\/es#organization","name":"Som Llavors","alternateName":"Crian\u00e7a Natural i Sostenible","url":"https:\/\/somllavors.com\/es","logo":{"@id":"https:\/\/somllavors.com\/es\/producte\/pack-bath-time#local-main-organization-logo"},"image":{"@id":"https:\/\/somllavors.com\/es\/producte\/pack-bath-time#local-main-organization-logo"},"sameAs":["https:\/\/www.facebook.com\/somllavorsvng\/?locale=ca_ES","https:\/\/www.instagram.com\/somllavors_vng\/","https:\/\/www.youtube.com\/@somllavors"],"address":{"@id":"https:\/\/somllavors.com\/es\/producte\/pack-bath-time#local-main-place-address"},"geo":{"@type":"GeoCoordinates","latitude":"41.2257737","longitude":"1.723258859"},"telephone":["623152704","623152704"],"openingHoursSpecification":[{"@type":"OpeningHoursSpecification","dayOfWeek":["Monday","Sunday"],"opens":"00:00","closes":"00:00"},{"@type":"OpeningHoursSpecification","dayOfWeek":["Tuesday","Wednesday","Thursday","Friday"],"opens":"10:00","closes":"20:00"},{"@type":"OpeningHoursSpecification","dayOfWeek":["Saturday"],"opens":"10:00","closes":"13:30"}],"email":"info@somllavors.com"},{"@type":"PostalAddress","@id":"https:\/\/somllavors.com\/es\/producte\/pack-bath-time#local-main-place-address","streetAddress":"Carrer de l'aigua, 6","addressLocality":"Vilanova i la Geltr\u00fa","postalCode":"08800","addressRegion":"Barcelona","addressCountry":"ES"},{"@type":"ImageObject","inLanguage":"es","@id":"https:\/\/somllavors.com\/es\/producte\/pack-bath-time#local-main-organization-logo","url":"https:\/\/somllavors.com\/wp-content\/uploads\/Logotip-Som-Llavors.jpg","contentUrl":"https:\/\/somllavors.com\/wp-content\/uploads\/Logotip-Som-Llavors.jpg","width":1444,"height":1323,"caption":"Som Llavors"}]},"product_price_amount":"75.00","product_price_currency":"EUR","og_availability":"instock","product_availability":"instock","product_retailer_item_id":"712131","product_condition":"new","geo.placename":"Vilanova i la Geltr\u00fa","geo.position":{"lat":"41.2257737","long":"1.723258859"},"geo.region":"Espa\u00f1a"},"brands":[{"id":4797,"name":"Carelia","slug":"carelia"}],"_links":{"self":[{"href":"https:\/\/somllavors.com\/es\/wp-json\/wp\/v2\/product\/59966","targetHints":{"allow":["GET"]}}],"collection":[{"href":"https:\/\/somllavors.com\/es\/wp-json\/wp\/v2\/product"}],"about":[{"href":"https:\/\/somllavors.com\/es\/wp-json\/wp\/v2\/types\/product"}],"wp:featuredmedia":[{"embeddable":true,"href":"https:\/\/somllavors.com\/es\/wp-json\/wp\/v2\/media\/60334"}],"wp:attachment":[{"href":"https:\/\/somllavors.com\/es\/wp-json\/wp\/v2\/media?parent=59966"}],"wp:term":[{"taxonomy":"pwb-brand","embeddable":true,"href":"https:\/\/somllavors.com\/es\/wp-json\/wp\/v2\/pwb-brand?post=59966"},{"taxonomy":"product_brand","embeddable":true,"href":"https:\/\/somllavors.com\/es\/wp-json\/wp\/v2\/product_brand?post=59966"},{"taxonomy":"product_cat","embeddable":true,"href":"https:\/\/somllavors.com\/es\/wp-json\/wp\/v2\/product_cat?post=59966"},{"taxonomy":"product_tag","embeddable":true,"href":"https:\/\/somllavors.com\/es\/wp-json\/wp\/v2\/product_tag?post=59966"}],"curies":[{"name":"wp","href":"https:\/\/api.w.org\/{rel}","templated":true}]}}