{"id":59968,"date":"2024-05-30T12:45:26","date_gmt":"2024-05-30T10:45:26","guid":{"rendered":"https:\/\/somllavors.com\/?post_type=product&#038;p=59968"},"modified":"2024-07-16T22:57:51","modified_gmt":"2024-07-16T20:57:51","slug":"antimosquitos-100-ml","status":"publish","type":"product","link":"https:\/\/somllavors.com\/es\/producte\/antimosquitos-100-ml","title":{"rendered":"Antimosquits 100 ml &#8211; Carelia"},"content":{"rendered":"<div class=\"elementor-widget elementor-element elementor-element-pkjqsuc elementor-widget-heading\" data-element_type=\"heading\">\n<div class=\"elementor-widget-container\">\n<h2 class=\"elementor-heading-title elementor-size-default none\"><span style=\"font-size: 16px;\">Estalvia&#8217;t les picades dels mosquits amb una dosi addicional d&#8217;hidrataci\u00f3.<\/span><\/h2>\n<\/div>\n<\/div>\n<div class=\"elementor-widget elementor-element elementor-element-xn87un4 elementor-widget-text-editor\" data-element_type=\"text-editor\">\n<div class=\"elementor-widget-container\">\n<div class=\"elementor-text-editor rte-content\">\n<ul>\n<li>L&#8217;estiu \u00e9s per gaudir sense preocupar-se d&#8217;aquestes molestes bestioles, i per mantenir-les allunyades sense exposar els infants a subst\u00e0ncies qu\u00edmiques perjudicials.<\/li>\n<li>Un c\u00f2ctel refrescant d&#8217;estiu, segur per a tota la fam\u00edlia i el medi ambient.\n<ul>\n<li>Lliure de qu\u00edmics.<\/li>\n<li>Per a nadons (+1 m), infants, embarassades i, en general per a tota la fam\u00edlia.<\/li>\n<li>Textura lleugera, no greixosa.<\/li>\n<li>S&#8217;absorbeix r\u00e0pidament deixant un suau aroma.<\/li>\n<li>Refrescant.<\/li>\n<li>Apte per a pells sensibles i at\u00f2piques<\/li>\n<li>Vegana.<\/li>\n<li>Dermatol\u00f2gicament testada.<\/li>\n<\/ul>\n<\/li>\n<li>Capacitat: 100 ml.<\/li>\n<li>Natural and Organic 98% certified ISO NATURAL 16128<\/li>\n<\/ul>\n<\/div>\n<div class=\"elementor-widget elementor-element elementor-element-rwbk6xp elementor-widget-heading\" data-element_type=\"heading\">\n<div class=\"elementor-widget-container\"><strong>Com utilitzar<\/strong><\/div>\n<\/div>\n<div class=\"elementor-widget elementor-element elementor-element-fyjawac elementor-widget-text-editor\" data-element_type=\"text-editor\">\n<div class=\"elementor-widget-container\">\n<div class=\"elementor-text-editor rte-content\">\n<ul>\n<li>Agitar b\u00e9. Aplicar sobre la pell exposada i fer massatges suaument. Si cal aplicar-lo a la cara, primer aplicar-lo a les mans i despr\u00e9s aplicar-lo.<\/li>\n<\/ul>\n<\/div>\n<div class=\"elementor-widget elementor-element elementor-element-mrr1puo elementor-widget-heading\" data-element_type=\"heading\">\n<div class=\"elementor-widget-container\"><strong>Consells Car\u00e8lia<\/strong><\/div>\n<\/div>\n<div class=\"elementor-widget elementor-element elementor-element-jopf3wz elementor-widget-text-editor\" data-element_type=\"text-editor\">\n<div class=\"elementor-widget-container\">\n<div class=\"elementor-text-editor rte-content\">\n<ul>\n<li>Estiu \u00e9s l&#8217;\u00e8poca de m\u00e0xima dels molestos mosquits, com evitar les seves picades i que els infants no pateixin reaccions no desitjades?<\/li>\n<li>Et deixem algunes senzilles mesures preventives que t&#8217;ajudaran a mantenir-los a ratlla.\n<ul>\n<li>Sempre que les temperatures ho permetin, vestir-los amb m\u00e0niga, pantalons llargs i mitjons.<\/li>\n<li>\u00c9s recomanable utilitzar a la seva roba el color blanc o tons suaus, els mosquits se senten atrets pels colors forts com el groc, el verd o el blau.<\/li>\n<li>Allunyar-los de fonts, rius, estanys o recipients on hi hagi aigua, com ara testos, o jardins amb flors, perqu\u00e8 s\u00f3n els llocs on m\u00e9s possibilitats tenen de rebre picades.<\/li>\n<li>Mantenir una higiene corporal correcta, ja que els mosquits se senten atrets per la suor.<\/li>\n<li>Evitar utilitzar col\u00f2nies amb olors dolces.<\/li>\n<li>Intentar no sortir de casa en certes hores del dia: cap al tard i a la nit.<\/li>\n<li>Utilitzar mosquiteres al bressol o al cotxet, sempre que el nad\u00f3 no arribi mai a assolir la tela (per evitar asf\u00edxia o ofegament si l&#8217;arrossega cap a la cara o el coll).<\/li>\n<li>Posar mosquiteres a les finestres<\/li>\n<li>Protegir-los mitjan\u00e7ant locions totalment naturals, saludables i lliures de subst\u00e0ncies qu\u00edmiques perjudicials que s\u00f3n absorbides per la pell.<\/li>\n<\/ul>\n<\/li>\n<\/ul>\n<\/div>\n<\/div>\n<\/div>\n<\/div>\n<\/div>\n<\/div>\n<\/div>\n","protected":false},"excerpt":{"rendered":"<p>Loci\u00f3 protectora antimosquits per a nadons i fam\u00edlia formulada amb una combinaci\u00f3 d&#8217;olis d&#8217;andiroba, gerani, llimona i nerol\u00ed que protegeix la pell m\u00e9s sensible de manera segura i efica\u00e7 contra les picades, mantenint allunyats els mosquits.<\/p>\n<ul>\n<li>Enriquida amb hamamelis, \u00e0rnica, castanyer d&#8217;\u00edndies i extracte de ra\u00efm amb efecte calmant per refrescar i suavitzar la pell delicadament.<\/li>\n<\/ul>\n","protected":false},"featured_media":60189,"template":"","meta":{"_acf_changed":false,"site-sidebar-layout":"default","site-content-layout":"","ast-site-content-layout":"default","site-content-style":"default","site-sidebar-style":"default","ast-global-header-display":"","ast-banner-title-visibility":"","ast-main-header-display":"","ast-hfb-above-header-display":"","ast-hfb-below-header-display":"","ast-hfb-mobile-header-display":"","site-post-title":"","ast-breadcrumbs-content":"","ast-featured-img":"","footer-sml-layout":"","theme-transparent-header-meta":"default","adv-header-id-meta":"","stick-header-meta":"","header-above-stick-meta":"","header-main-stick-meta":"","header-below-stick-meta":"","astra-migrate-meta-layouts":"set","ast-page-background-enabled":"default","ast-page-background-meta":{"desktop":{"background-color":"","background-image":"","background-repeat":"repeat","background-position":"center center","background-size":"auto","background-attachment":"scroll","background-type":"","background-media":"","overlay-type":"","overlay-color":"","overlay-opacity":"","overlay-gradient":""},"tablet":{"background-color":"","background-image":"","background-repeat":"repeat","background-position":"center center","background-size":"auto","background-attachment":"scroll","background-type":"","background-media":"","overlay-type":"","overlay-color":"","overlay-opacity":"","overlay-gradient":""},"mobile":{"background-color":"","background-image":"","background-repeat":"repeat","background-position":"center center","background-size":"auto","background-attachment":"scroll","background-type":"","background-media":"","overlay-type":"","overlay-color":"","overlay-opacity":"","overlay-gradient":""}},"ast-content-background-meta":{"desktop":{"background-color":"var(--ast-global-color-5)","background-image":"","background-repeat":"repeat","background-position":"center center","background-size":"auto","background-attachment":"scroll","background-type":"","background-media":"","overlay-type":"","overlay-color":"","overlay-opacity":"","overlay-gradient":""},"tablet":{"background-color":"var(--ast-global-color-5)","background-image":"","background-repeat":"repeat","background-position":"center center","background-size":"auto","background-attachment":"scroll","background-type":"","background-media":"","overlay-type":"","overlay-color":"","overlay-opacity":"","overlay-gradient":""},"mobile":{"background-color":"var(--ast-global-color-5)","background-image":"","background-repeat":"repeat","background-position":"center center","background-size":"auto","background-attachment":"scroll","background-type":"","background-media":"","overlay-type":"","overlay-color":"","overlay-opacity":"","overlay-gradient":""}}},"pwb-brand":[4797],"product_brand":[],"product_cat":[4500,1796,1677,579],"product_tag":[],"class_list":{"0":"post-59968","1":"product","2":"type-product","3":"status-publish","4":"has-post-thumbnail","6":"pwb-brand-carelia","7":"product_cat-10-20e","8":"product_cat-anti-mosquits","9":"product_cat-benvingut-estiu","10":"product_cat-cosmetica-lhora-del-bany-2","11":"desktop-align-left","12":"tablet-align-left","13":"mobile-align-left","15":"first","16":"outofstock","17":"taxable","18":"shipping-taxable","19":"purchasable","20":"product-type-simple"},"acf":[],"yoast_head":"<!-- This site is optimized with the Yoast SEO Premium plugin v18.3 (Yoast SEO v26.2) - https:\/\/yoast.com\/wordpress\/plugins\/seo\/ -->\n<title>Antimosquits 100 ml - Carelia &#8212; Som Llavors<\/title>\n<meta name=\"description\" content=\"Loci\u00f3 protectora antimosquits per a nadons i fam\u00edlia formulada amb una combinaci\u00f3 d&#039;olis d&#039;andiroba, gerani, llimona i nerol\u00ed que protegeix la pell m\u00e9s sensible de manera segura i efica\u00e7 contra les picades, mantenint allunyats els mosquits.   Enriquida amb hamamelis, \u00e0rnica, castanyer d&#039;\u00edndies i extracte de ra\u00efm amb efecte calmant per refrescar i suavitzar la pell delicadament.\" \/>\n<meta name=\"robots\" content=\"index, follow, max-snippet:-1, max-image-preview:large, max-video-preview:-1\" \/>\n<link rel=\"canonical\" href=\"https:\/\/somllavors.com\/es\/producte\/antimosquitos-100-ml\" \/>\n<meta property=\"og:locale\" content=\"es_ES\" \/>\n<meta property=\"og:type\" content=\"article\" \/>\n<meta property=\"og:title\" content=\"Antimosquits 100 ml - Carelia\" \/>\n<meta property=\"og:description\" content=\"La teva botiga d\u2019ecocrian\u00e7a i espai d\u2019acompanyament a la maternitat\" \/>\n<meta property=\"og:url\" content=\"https:\/\/somllavors.com\/es\/producte\/antimosquitos-100-ml\" \/>\n<meta property=\"og:site_name\" content=\"Som Llavors\" \/>\n<meta property=\"article:publisher\" content=\"https:\/\/www.facebook.com\/somllavorsvng\/?locale=ca_ES\" \/>\n<meta property=\"article:modified_time\" content=\"2024-07-16T20:57:51+00:00\" \/>\n<meta property=\"og:image\" content=\"https:\/\/somllavors.com\/wp-content\/uploads\/2024\/05\/Som-Llavors-cosmetica-natural-protector-antimosquitos-.jpeg\" \/>\n\t<meta property=\"og:image:width\" content=\"930\" \/>\n\t<meta property=\"og:image:height\" content=\"726\" \/>\n\t<meta property=\"og:image:type\" content=\"image\/jpeg\" \/>\n<meta name=\"twitter:card\" content=\"summary_large_image\" \/>\n<meta name=\"twitter:label1\" content=\"Precio\" \/>\n\t<meta name=\"twitter:data1\" content=\"14,00&euro; Iva incl\u00f2s\" \/>\n\t<meta name=\"twitter:label2\" content=\"Availability\" \/>\n\t<meta name=\"twitter:data2\" content=\"Out of stock\" \/>\n<script type=\"application\/ld+json\" class=\"yoast-schema-graph\">{\"@context\":\"https:\/\/schema.org\",\"@graph\":[{\"@type\":\"WebPage\",\"@id\":\"https:\/\/somllavors.com\/es\/producte\/antimosquitos-100-ml\",\"url\":\"https:\/\/somllavors.com\/es\/producte\/antimosquitos-100-ml\",\"name\":\"Antimosquits 100 ml - Carelia &#8212; Som Llavors\",\"isPartOf\":{\"@id\":\"https:\/\/somllavors.com\/es#website\"},\"primaryImageOfPage\":{\"@id\":\"https:\/\/somllavors.com\/es\/producte\/antimosquitos-100-ml#primaryimage\"},\"image\":{\"@id\":\"https:\/\/somllavors.com\/es\/producte\/antimosquitos-100-ml#primaryimage\"},\"thumbnailUrl\":\"https:\/\/somllavors.com\/wp-content\/uploads\/2024\/05\/Som-Llavors-cosmetica-natural-protector-antimosquitos-.jpeg\",\"datePublished\":\"2024-05-30T10:45:26+00:00\",\"dateModified\":\"2024-07-16T20:57:51+00:00\",\"description\":\"Loci\u00f3 protectora antimosquits per a nadons i fam\u00edlia formulada amb una combinaci\u00f3 d'olis d'andiroba, gerani, llimona i nerol\u00ed que protegeix la pell m\u00e9s sensible de manera segura i efica\u00e7 contra les picades, mantenint allunyats els mosquits. Enriquida amb hamamelis, \u00e0rnica, castanyer d'\u00edndies i extracte de ra\u00efm amb efecte calmant per refrescar i suavitzar la pell delicadament.\",\"breadcrumb\":{\"@id\":\"https:\/\/somllavors.com\/es\/producte\/antimosquitos-100-ml#breadcrumb\"},\"inLanguage\":\"es\",\"potentialAction\":[{\"@type\":\"ReadAction\",\"target\":[\"https:\/\/somllavors.com\/es\/producte\/antimosquitos-100-ml\"]}]},{\"@type\":\"ImageObject\",\"inLanguage\":\"es\",\"@id\":\"https:\/\/somllavors.com\/es\/producte\/antimosquitos-100-ml#primaryimage\",\"url\":\"https:\/\/somllavors.com\/wp-content\/uploads\/2024\/05\/Som-Llavors-cosmetica-natural-protector-antimosquitos-.jpeg\",\"contentUrl\":\"https:\/\/somllavors.com\/wp-content\/uploads\/2024\/05\/Som-Llavors-cosmetica-natural-protector-antimosquitos-.jpeg\",\"width\":930,\"height\":726,\"caption\":\"antimosquits carelia\"},{\"@type\":\"BreadcrumbList\",\"@id\":\"https:\/\/somllavors.com\/es\/producte\/antimosquitos-100-ml#breadcrumb\",\"itemListElement\":[{\"@type\":\"ListItem\",\"position\":1,\"name\":\"Inici\",\"item\":\"https:\/\/somllavors.com\/es\"},{\"@type\":\"ListItem\",\"position\":2,\"name\":\"Tienda\",\"item\":\"https:\/\/somllavors.com\/es\/botiga-2\"},{\"@type\":\"ListItem\",\"position\":3,\"name\":\"Antimosquits 100 ml &#8211; Carelia\"}]},{\"@type\":\"WebSite\",\"@id\":\"https:\/\/somllavors.com\/es#website\",\"url\":\"https:\/\/somllavors.com\/es\",\"name\":\"Som Llavors\",\"description\":\"Botiga de crian\u00e7a natural\",\"publisher\":{\"@id\":\"https:\/\/somllavors.com\/es#organization\"},\"alternateName\":\"Crian\u00e7a Natural i Sostenible\",\"potentialAction\":[{\"@type\":\"SearchAction\",\"target\":{\"@type\":\"EntryPoint\",\"urlTemplate\":\"https:\/\/somllavors.com\/es?s={search_term_string}\"},\"query-input\":{\"@type\":\"PropertyValueSpecification\",\"valueRequired\":true,\"valueName\":\"search_term_string\"}}],\"inLanguage\":\"es\"},{\"@type\":[\"Organization\",\"Place\",\"Store\"],\"@id\":\"https:\/\/somllavors.com\/es#organization\",\"name\":\"Som Llavors\",\"alternateName\":\"Crian\u00e7a Natural i Sostenible\",\"url\":\"https:\/\/somllavors.com\/es\",\"logo\":{\"@id\":\"https:\/\/somllavors.com\/es\/producte\/antimosquitos-100-ml#local-main-organization-logo\"},\"image\":{\"@id\":\"https:\/\/somllavors.com\/es\/producte\/antimosquitos-100-ml#local-main-organization-logo\"},\"sameAs\":[\"https:\/\/www.facebook.com\/somllavorsvng\/?locale=ca_ES\",\"https:\/\/www.instagram.com\/somllavors_vng\/\",\"https:\/\/www.youtube.com\/@somllavors\"],\"address\":{\"@id\":\"https:\/\/somllavors.com\/es\/producte\/antimosquitos-100-ml#local-main-place-address\"},\"geo\":{\"@type\":\"GeoCoordinates\",\"latitude\":\"41.2257737\",\"longitude\":\"1.723258859\"},\"telephone\":[\"623152704\"],\"openingHoursSpecification\":[{\"@type\":\"OpeningHoursSpecification\",\"dayOfWeek\":[\"Monday\",\"Sunday\"],\"opens\":\"00:00\",\"closes\":\"00:00\"},{\"@type\":\"OpeningHoursSpecification\",\"dayOfWeek\":[\"Tuesday\",\"Wednesday\",\"Thursday\",\"Friday\"],\"opens\":\"10:00\",\"closes\":\"20:00\"},{\"@type\":\"OpeningHoursSpecification\",\"dayOfWeek\":[\"Saturday\"],\"opens\":\"10:00\",\"closes\":\"13:30\"}],\"email\":\"info@somllavors.com\"},{\"@type\":\"PostalAddress\",\"@id\":\"https:\/\/somllavors.com\/es\/producte\/antimosquitos-100-ml#local-main-place-address\",\"streetAddress\":\"Carrer de l'aigua, 6\",\"addressLocality\":\"Vilanova i la Geltr\u00fa\",\"postalCode\":\"08800\",\"addressRegion\":\"Barcelona\",\"addressCountry\":\"ES\"},{\"@type\":\"ImageObject\",\"inLanguage\":\"es\",\"@id\":\"https:\/\/somllavors.com\/es\/producte\/antimosquitos-100-ml#local-main-organization-logo\",\"url\":\"https:\/\/somllavors.com\/wp-content\/uploads\/Logotip-Som-Llavors.jpg\",\"contentUrl\":\"https:\/\/somllavors.com\/wp-content\/uploads\/Logotip-Som-Llavors.jpg\",\"width\":1444,\"height\":1323,\"caption\":\"Som Llavors\"}]}<\/script>\n<meta property=\"product:price:amount\" content=\"14.00\" \/>\n<meta property=\"product:price:currency\" content=\"EUR\" \/>\n<meta property=\"og:availability\" content=\"out of stock\" \/>\n<meta property=\"product:availability\" content=\"out of stock\" \/>\n<meta property=\"product:retailer_item_id\" content=\"100002\" \/>\n<meta property=\"product:condition\" content=\"new\" \/>\n<meta name=\"geo.placename\" content=\"Vilanova i la Geltr\u00fa\" \/>\n<meta name=\"geo.position\" content=\"41.2257737;1.723258859\" \/>\n<meta name=\"geo.region\" content=\"Espa\u00f1a\" \/>\n<!-- \/ Yoast SEO Premium plugin. -->","yoast_head_json":{"title":"Antimosquits 100 ml - Carelia &#8212; Som Llavors","description":"Loci\u00f3 protectora antimosquits per a nadons i fam\u00edlia formulada amb una combinaci\u00f3 d'olis d'andiroba, gerani, llimona i nerol\u00ed que protegeix la pell m\u00e9s sensible de manera segura i efica\u00e7 contra les picades, mantenint allunyats els mosquits.   Enriquida amb hamamelis, \u00e0rnica, castanyer d'\u00edndies i extracte de ra\u00efm amb efecte calmant per refrescar i suavitzar la pell delicadament.","robots":{"index":"index","follow":"follow","max-snippet":"max-snippet:-1","max-image-preview":"max-image-preview:large","max-video-preview":"max-video-preview:-1"},"canonical":"https:\/\/somllavors.com\/es\/producte\/antimosquitos-100-ml","og_locale":"es_ES","og_type":"article","og_title":"Antimosquits 100 ml - Carelia","og_description":"La teva botiga d\u2019ecocrian\u00e7a i espai d\u2019acompanyament a la maternitat","og_url":"https:\/\/somllavors.com\/es\/producte\/antimosquitos-100-ml","og_site_name":"Som Llavors","article_publisher":"https:\/\/www.facebook.com\/somllavorsvng\/?locale=ca_ES","article_modified_time":"2024-07-16T20:57:51+00:00","og_image":[{"width":930,"height":726,"url":"https:\/\/somllavors.com\/wp-content\/uploads\/2024\/05\/Som-Llavors-cosmetica-natural-protector-antimosquitos-.jpeg","type":"image\/jpeg"}],"twitter_card":"summary_large_image","twitter_misc":{"Precio":"14,00&euro; Iva incl\u00f2s","Availability":"Out of stock"},"schema":{"@context":"https:\/\/schema.org","@graph":[{"@type":"WebPage","@id":"https:\/\/somllavors.com\/es\/producte\/antimosquitos-100-ml","url":"https:\/\/somllavors.com\/es\/producte\/antimosquitos-100-ml","name":"Antimosquits 100 ml - Carelia &#8212; Som Llavors","isPartOf":{"@id":"https:\/\/somllavors.com\/es#website"},"primaryImageOfPage":{"@id":"https:\/\/somllavors.com\/es\/producte\/antimosquitos-100-ml#primaryimage"},"image":{"@id":"https:\/\/somllavors.com\/es\/producte\/antimosquitos-100-ml#primaryimage"},"thumbnailUrl":"https:\/\/somllavors.com\/wp-content\/uploads\/2024\/05\/Som-Llavors-cosmetica-natural-protector-antimosquitos-.jpeg","datePublished":"2024-05-30T10:45:26+00:00","dateModified":"2024-07-16T20:57:51+00:00","description":"Loci\u00f3 protectora antimosquits per a nadons i fam\u00edlia formulada amb una combinaci\u00f3 d'olis d'andiroba, gerani, llimona i nerol\u00ed que protegeix la pell m\u00e9s sensible de manera segura i efica\u00e7 contra les picades, mantenint allunyats els mosquits. Enriquida amb hamamelis, \u00e0rnica, castanyer d'\u00edndies i extracte de ra\u00efm amb efecte calmant per refrescar i suavitzar la pell delicadament.","breadcrumb":{"@id":"https:\/\/somllavors.com\/es\/producte\/antimosquitos-100-ml#breadcrumb"},"inLanguage":"es","potentialAction":[{"@type":"ReadAction","target":["https:\/\/somllavors.com\/es\/producte\/antimosquitos-100-ml"]}]},{"@type":"ImageObject","inLanguage":"es","@id":"https:\/\/somllavors.com\/es\/producte\/antimosquitos-100-ml#primaryimage","url":"https:\/\/somllavors.com\/wp-content\/uploads\/2024\/05\/Som-Llavors-cosmetica-natural-protector-antimosquitos-.jpeg","contentUrl":"https:\/\/somllavors.com\/wp-content\/uploads\/2024\/05\/Som-Llavors-cosmetica-natural-protector-antimosquitos-.jpeg","width":930,"height":726,"caption":"antimosquits carelia"},{"@type":"BreadcrumbList","@id":"https:\/\/somllavors.com\/es\/producte\/antimosquitos-100-ml#breadcrumb","itemListElement":[{"@type":"ListItem","position":1,"name":"Inici","item":"https:\/\/somllavors.com\/es"},{"@type":"ListItem","position":2,"name":"Tienda","item":"https:\/\/somllavors.com\/es\/botiga-2"},{"@type":"ListItem","position":3,"name":"Antimosquits 100 ml &#8211; Carelia"}]},{"@type":"WebSite","@id":"https:\/\/somllavors.com\/es#website","url":"https:\/\/somllavors.com\/es","name":"Som Llavors","description":"Botiga de crian\u00e7a natural","publisher":{"@id":"https:\/\/somllavors.com\/es#organization"},"alternateName":"Crian\u00e7a Natural i Sostenible","potentialAction":[{"@type":"SearchAction","target":{"@type":"EntryPoint","urlTemplate":"https:\/\/somllavors.com\/es?s={search_term_string}"},"query-input":{"@type":"PropertyValueSpecification","valueRequired":true,"valueName":"search_term_string"}}],"inLanguage":"es"},{"@type":["Organization","Place","Store"],"@id":"https:\/\/somllavors.com\/es#organization","name":"Som Llavors","alternateName":"Crian\u00e7a Natural i Sostenible","url":"https:\/\/somllavors.com\/es","logo":{"@id":"https:\/\/somllavors.com\/es\/producte\/antimosquitos-100-ml#local-main-organization-logo"},"image":{"@id":"https:\/\/somllavors.com\/es\/producte\/antimosquitos-100-ml#local-main-organization-logo"},"sameAs":["https:\/\/www.facebook.com\/somllavorsvng\/?locale=ca_ES","https:\/\/www.instagram.com\/somllavors_vng\/","https:\/\/www.youtube.com\/@somllavors"],"address":{"@id":"https:\/\/somllavors.com\/es\/producte\/antimosquitos-100-ml#local-main-place-address"},"geo":{"@type":"GeoCoordinates","latitude":"41.2257737","longitude":"1.723258859"},"telephone":["623152704","623152704"],"openingHoursSpecification":[{"@type":"OpeningHoursSpecification","dayOfWeek":["Monday","Sunday"],"opens":"00:00","closes":"00:00"},{"@type":"OpeningHoursSpecification","dayOfWeek":["Tuesday","Wednesday","Thursday","Friday"],"opens":"10:00","closes":"20:00"},{"@type":"OpeningHoursSpecification","dayOfWeek":["Saturday"],"opens":"10:00","closes":"13:30"}],"email":"info@somllavors.com"},{"@type":"PostalAddress","@id":"https:\/\/somllavors.com\/es\/producte\/antimosquitos-100-ml#local-main-place-address","streetAddress":"Carrer de l'aigua, 6","addressLocality":"Vilanova i la Geltr\u00fa","postalCode":"08800","addressRegion":"Barcelona","addressCountry":"ES"},{"@type":"ImageObject","inLanguage":"es","@id":"https:\/\/somllavors.com\/es\/producte\/antimosquitos-100-ml#local-main-organization-logo","url":"https:\/\/somllavors.com\/wp-content\/uploads\/Logotip-Som-Llavors.jpg","contentUrl":"https:\/\/somllavors.com\/wp-content\/uploads\/Logotip-Som-Llavors.jpg","width":1444,"height":1323,"caption":"Som Llavors"}]},"product_price_amount":"14.00","product_price_currency":"EUR","og_availability":"out of stock","product_availability":"out of stock","product_retailer_item_id":"100002","product_condition":"new","geo.placename":"Vilanova i la Geltr\u00fa","geo.position":{"lat":"41.2257737","long":"1.723258859"},"geo.region":"Espa\u00f1a"},"brands":[{"id":4797,"name":"Carelia","slug":"carelia"}],"_links":{"self":[{"href":"https:\/\/somllavors.com\/es\/wp-json\/wp\/v2\/product\/59968","targetHints":{"allow":["GET"]}}],"collection":[{"href":"https:\/\/somllavors.com\/es\/wp-json\/wp\/v2\/product"}],"about":[{"href":"https:\/\/somllavors.com\/es\/wp-json\/wp\/v2\/types\/product"}],"wp:featuredmedia":[{"embeddable":true,"href":"https:\/\/somllavors.com\/es\/wp-json\/wp\/v2\/media\/60189"}],"wp:attachment":[{"href":"https:\/\/somllavors.com\/es\/wp-json\/wp\/v2\/media?parent=59968"}],"wp:term":[{"taxonomy":"pwb-brand","embeddable":true,"href":"https:\/\/somllavors.com\/es\/wp-json\/wp\/v2\/pwb-brand?post=59968"},{"taxonomy":"product_brand","embeddable":true,"href":"https:\/\/somllavors.com\/es\/wp-json\/wp\/v2\/product_brand?post=59968"},{"taxonomy":"product_cat","embeddable":true,"href":"https:\/\/somllavors.com\/es\/wp-json\/wp\/v2\/product_cat?post=59968"},{"taxonomy":"product_tag","embeddable":true,"href":"https:\/\/somllavors.com\/es\/wp-json\/wp\/v2\/product_tag?post=59968"}],"curies":[{"name":"wp","href":"https:\/\/api.w.org\/{rel}","templated":true}]}}