{"id":61430,"date":"2024-07-11T10:28:28","date_gmt":"2024-07-11T08:28:28","guid":{"rendered":"https:\/\/somllavors.com\/?post_type=product&#038;p=61430"},"modified":"2026-01-29T17:30:58","modified_gmt":"2026-01-29T16:30:58","slug":"termo-dacer-per-solids-i-liquids-kian-all-together-liewood","status":"publish","type":"product","link":"https:\/\/somllavors.com\/es\/producte\/termo-dacer-per-solids-i-liquids-kian-all-together-liewood","title":{"rendered":"Termo d&#8217;acer per s\u00f2lids i l\u00edquids &#8220;Kian&#8221; All together &#8211; Liewood"},"content":{"rendered":"<ul>\n<li>Pot d&#8217;acer per menjar i begudes.<\/li>\n<li>B\u00e9 per a exteriors i \u00fas frequ\u00fcent.<\/li>\n<li>Durable i vers\u00e0til<\/li>\n<li>Acer inoxidable 18\/8 de primera qualitat<\/li>\n<li>Amb funda de silicona suau amb estampat divertit<\/li>\n<li>Ideal per a cremes o snacks per emportar.<\/li>\n<li>Tapa d&#8217;acer antidegoteig amb anella per subjectar al cotxet o la bossa.<\/li>\n<li>Dimensions: Di\u00e0metre (cm) 8,2, Alt (cm) 11,9<\/li>\n<\/ul>\n","protected":false},"excerpt":{"rendered":"<p>Per a totes les aventures a l&#8217;aire lliure i sortides di\u00e0ries, el termo Kian \u00e9s ideal per cremes o refrigeris mentre viatja.<\/p>\n<ul>\n<li>Igual que el termo de menjar Nadja, el nou model Kian ve amb una tapa estil tassa i una funda de silicona per protegir-la dels cops.<\/li>\n<li>Les parets dobles d&#8217;acer inoxidable el fan ideal per portar cremes o fruita mentre viatja, i la tapa d&#8217;acer a prova de fuites amb anella permet subjectar-lo al cotxet o bossa.<\/li>\n<\/ul>\n","protected":false},"featured_media":61433,"template":"","meta":{"_acf_changed":false,"site-sidebar-layout":"default","site-content-layout":"default","ast-site-content-layout":"default","site-content-style":"default","site-sidebar-style":"default","ast-global-header-display":"","ast-banner-title-visibility":"","ast-main-header-display":"","ast-hfb-above-header-display":"","ast-hfb-below-header-display":"","ast-hfb-mobile-header-display":"","site-post-title":"","ast-breadcrumbs-content":"","ast-featured-img":"","footer-sml-layout":"","theme-transparent-header-meta":"default","adv-header-id-meta":"","stick-header-meta":"","header-above-stick-meta":"","header-main-stick-meta":"","header-below-stick-meta":"","astra-migrate-meta-layouts":"set","ast-page-background-enabled":"default","ast-page-background-meta":{"desktop":{"background-color":"","background-image":"","background-repeat":"repeat","background-position":"center center","background-size":"auto","background-attachment":"scroll","background-type":"","background-media":"","overlay-type":"","overlay-color":"","overlay-opacity":"","overlay-gradient":""},"tablet":{"background-color":"","background-image":"","background-repeat":"repeat","background-position":"center center","background-size":"auto","background-attachment":"scroll","background-type":"","background-media":"","overlay-type":"","overlay-color":"","overlay-opacity":"","overlay-gradient":""},"mobile":{"background-color":"","background-image":"","background-repeat":"repeat","background-position":"center center","background-size":"auto","background-attachment":"scroll","background-type":"","background-media":"","overlay-type":"","overlay-color":"","overlay-opacity":"","overlay-gradient":""}},"ast-content-background-meta":{"desktop":{"background-color":"var(--ast-global-color-5)","background-image":"","background-repeat":"repeat","background-position":"center center","background-size":"auto","background-attachment":"scroll","background-type":"","background-media":"","overlay-type":"","overlay-color":"","overlay-opacity":"","overlay-gradient":""},"tablet":{"background-color":"var(--ast-global-color-5)","background-image":"","background-repeat":"repeat","background-position":"center center","background-size":"auto","background-attachment":"scroll","background-type":"","background-media":"","overlay-type":"","overlay-color":"","overlay-opacity":"","overlay-gradient":""},"mobile":{"background-color":"var(--ast-global-color-5)","background-image":"","background-repeat":"repeat","background-position":"center center","background-size":"auto","background-attachment":"scroll","background-type":"","background-media":"","overlay-type":"","overlay-color":"","overlay-opacity":"","overlay-gradient":""}}},"pwb-brand":[4103],"product_brand":[],"product_cat":[3345],"product_tag":[4604,4605,1985,130,3346],"class_list":{"0":"post-61430","1":"product","2":"type-product","3":"status-publish","4":"has-post-thumbnail","6":"pwb-brand-liewood","7":"product_cat-termos","8":"product_tag-acero","9":"product_tag-kian","10":"product_tag-liewood","11":"product_tag-silicona","12":"product_tag-termo","13":"desktop-align-left","14":"tablet-align-left","15":"mobile-align-left","17":"first","18":"outofstock","19":"taxable","20":"shipping-taxable","21":"purchasable","22":"product-type-simple"},"acf":[],"yoast_head":"<!-- This site is optimized with the Yoast SEO Premium plugin v18.3 (Yoast SEO v26.2) - https:\/\/yoast.com\/wordpress\/plugins\/seo\/ -->\n<title>Termo d&#039;acer per s\u00f2lids i l\u00edquids &quot;Kian&quot; All together - Liewood &#8212; Som Llavors<\/title>\n<meta name=\"description\" content=\"Per a totes les aventures a l&#039;aire lliure i sortides di\u00e0ries, el termo Kian \u00e9s ideal per cremes o refrigeris mentre viatja.   Igual que el termo de menjar Nadja, el nou model Kian ve amb una tapa estil tassa i una funda de silicona per protegir-la dels cops.  Les parets dobles d&#039;acer inoxidable el fan ideal per portar cremes o fruita mentre viatja, i la tapa d&#039;acer a prova de fuites amb anella permet subjectar-lo al cotxet o bossa.\" \/>\n<meta name=\"robots\" content=\"index, follow, max-snippet:-1, max-image-preview:large, max-video-preview:-1\" \/>\n<link rel=\"canonical\" href=\"https:\/\/somllavors.com\/es\/producte\/termo-dacer-per-solids-i-liquids-kian-all-together-liewood\" \/>\n<meta property=\"og:locale\" content=\"es_ES\" \/>\n<meta property=\"og:type\" content=\"article\" \/>\n<meta property=\"og:title\" content=\"Termo d&#039;acer per s\u00f2lids i l\u00edquids &quot;Kian&quot; All together - Liewood\" \/>\n<meta property=\"og:description\" content=\"La teva botiga d\u2019ecocrian\u00e7a i espai d\u2019acompanyament a la maternitat\" \/>\n<meta property=\"og:url\" content=\"https:\/\/somllavors.com\/es\/producte\/termo-dacer-per-solids-i-liquids-kian-all-together-liewood\" \/>\n<meta property=\"og:site_name\" content=\"Som Llavors\" \/>\n<meta property=\"article:publisher\" content=\"https:\/\/www.facebook.com\/somllavorsvng\/?locale=ca_ES\" \/>\n<meta property=\"article:modified_time\" content=\"2026-01-29T16:30:58+00:00\" \/>\n<meta property=\"og:image\" content=\"https:\/\/somllavors.com\/wp-content\/uploads\/2024\/07\/Kian_Food_Jar_LW19619_1499_All_together_Sandy_1.jpg\" \/>\n\t<meta property=\"og:image:width\" content=\"900\" \/>\n\t<meta property=\"og:image:height\" content=\"900\" \/>\n\t<meta property=\"og:image:type\" content=\"image\/jpeg\" \/>\n<meta name=\"twitter:card\" content=\"summary_large_image\" \/>\n<meta name=\"twitter:label1\" content=\"Precio\" \/>\n\t<meta name=\"twitter:data1\" content=\"32,00&euro; Iva incl\u00f2s\" \/>\n\t<meta name=\"twitter:label2\" content=\"Availability\" \/>\n\t<meta name=\"twitter:data2\" content=\"Out of stock\" \/>\n<script type=\"application\/ld+json\" class=\"yoast-schema-graph\">{\"@context\":\"https:\/\/schema.org\",\"@graph\":[{\"@type\":\"WebPage\",\"@id\":\"https:\/\/somllavors.com\/es\/producte\/termo-dacer-per-solids-i-liquids-kian-all-together-liewood\",\"url\":\"https:\/\/somllavors.com\/es\/producte\/termo-dacer-per-solids-i-liquids-kian-all-together-liewood\",\"name\":\"Termo d'acer per s\u00f2lids i l\u00edquids \\\"Kian\\\" All together - Liewood &#8212; Som Llavors\",\"isPartOf\":{\"@id\":\"https:\/\/somllavors.com\/es#website\"},\"primaryImageOfPage\":{\"@id\":\"https:\/\/somllavors.com\/es\/producte\/termo-dacer-per-solids-i-liquids-kian-all-together-liewood#primaryimage\"},\"image\":{\"@id\":\"https:\/\/somllavors.com\/es\/producte\/termo-dacer-per-solids-i-liquids-kian-all-together-liewood#primaryimage\"},\"thumbnailUrl\":\"https:\/\/somllavors.com\/wp-content\/uploads\/2024\/07\/Kian_Food_Jar_LW19619_1499_All_together_Sandy_1.jpg\",\"datePublished\":\"2024-07-11T08:28:28+00:00\",\"dateModified\":\"2026-01-29T16:30:58+00:00\",\"description\":\"Per a totes les aventures a l'aire lliure i sortides di\u00e0ries, el termo Kian \u00e9s ideal per cremes o refrigeris mentre viatja. Igual que el termo de menjar Nadja, el nou model Kian ve amb una tapa estil tassa i una funda de silicona per protegir-la dels cops. Les parets dobles d'acer inoxidable el fan ideal per portar cremes o fruita mentre viatja, i la tapa d'acer a prova de fuites amb anella permet subjectar-lo al cotxet o bossa.\",\"breadcrumb\":{\"@id\":\"https:\/\/somllavors.com\/es\/producte\/termo-dacer-per-solids-i-liquids-kian-all-together-liewood#breadcrumb\"},\"inLanguage\":\"es\",\"potentialAction\":[{\"@type\":\"ReadAction\",\"target\":[\"https:\/\/somllavors.com\/es\/producte\/termo-dacer-per-solids-i-liquids-kian-all-together-liewood\"]}]},{\"@type\":\"ImageObject\",\"inLanguage\":\"es\",\"@id\":\"https:\/\/somllavors.com\/es\/producte\/termo-dacer-per-solids-i-liquids-kian-all-together-liewood#primaryimage\",\"url\":\"https:\/\/somllavors.com\/wp-content\/uploads\/2024\/07\/Kian_Food_Jar_LW19619_1499_All_together_Sandy_1.jpg\",\"contentUrl\":\"https:\/\/somllavors.com\/wp-content\/uploads\/2024\/07\/Kian_Food_Jar_LW19619_1499_All_together_Sandy_1.jpg\",\"width\":900,\"height\":900,\"caption\":\"termo solidos liewood\"},{\"@type\":\"BreadcrumbList\",\"@id\":\"https:\/\/somllavors.com\/es\/producte\/termo-dacer-per-solids-i-liquids-kian-all-together-liewood#breadcrumb\",\"itemListElement\":[{\"@type\":\"ListItem\",\"position\":1,\"name\":\"Inici\",\"item\":\"https:\/\/somllavors.com\/es\"},{\"@type\":\"ListItem\",\"position\":2,\"name\":\"Tienda\",\"item\":\"https:\/\/somllavors.com\/es\/botiga-2\"},{\"@type\":\"ListItem\",\"position\":3,\"name\":\"Termo d&#8217;acer per s\u00f2lids i l\u00edquids &#8220;Kian&#8221; All together &#8211; Liewood\"}]},{\"@type\":\"WebSite\",\"@id\":\"https:\/\/somllavors.com\/es#website\",\"url\":\"https:\/\/somllavors.com\/es\",\"name\":\"Som Llavors\",\"description\":\"Botiga de crian\u00e7a natural\",\"publisher\":{\"@id\":\"https:\/\/somllavors.com\/es#organization\"},\"alternateName\":\"Crian\u00e7a Natural i Sostenible\",\"potentialAction\":[{\"@type\":\"SearchAction\",\"target\":{\"@type\":\"EntryPoint\",\"urlTemplate\":\"https:\/\/somllavors.com\/es?s={search_term_string}\"},\"query-input\":{\"@type\":\"PropertyValueSpecification\",\"valueRequired\":true,\"valueName\":\"search_term_string\"}}],\"inLanguage\":\"es\"},{\"@type\":[\"Organization\",\"Place\",\"Store\"],\"@id\":\"https:\/\/somllavors.com\/es#organization\",\"name\":\"Som Llavors\",\"alternateName\":\"Crian\u00e7a Natural i Sostenible\",\"url\":\"https:\/\/somllavors.com\/es\",\"logo\":{\"@id\":\"https:\/\/somllavors.com\/es\/producte\/termo-dacer-per-solids-i-liquids-kian-all-together-liewood#local-main-organization-logo\"},\"image\":{\"@id\":\"https:\/\/somllavors.com\/es\/producte\/termo-dacer-per-solids-i-liquids-kian-all-together-liewood#local-main-organization-logo\"},\"sameAs\":[\"https:\/\/www.facebook.com\/somllavorsvng\/?locale=ca_ES\",\"https:\/\/www.instagram.com\/somllavors_vng\/\",\"https:\/\/www.youtube.com\/@somllavors\"],\"address\":{\"@id\":\"https:\/\/somllavors.com\/es\/producte\/termo-dacer-per-solids-i-liquids-kian-all-together-liewood#local-main-place-address\"},\"geo\":{\"@type\":\"GeoCoordinates\",\"latitude\":\"41.2257737\",\"longitude\":\"1.723258859\"},\"telephone\":[\"623152704\"],\"openingHoursSpecification\":[{\"@type\":\"OpeningHoursSpecification\",\"dayOfWeek\":[\"Monday\",\"Sunday\"],\"opens\":\"00:00\",\"closes\":\"00:00\"},{\"@type\":\"OpeningHoursSpecification\",\"dayOfWeek\":[\"Tuesday\",\"Wednesday\",\"Thursday\",\"Friday\"],\"opens\":\"10:00\",\"closes\":\"20:00\"},{\"@type\":\"OpeningHoursSpecification\",\"dayOfWeek\":[\"Saturday\"],\"opens\":\"10:00\",\"closes\":\"13:30\"}],\"email\":\"info@somllavors.com\"},{\"@type\":\"PostalAddress\",\"@id\":\"https:\/\/somllavors.com\/es\/producte\/termo-dacer-per-solids-i-liquids-kian-all-together-liewood#local-main-place-address\",\"streetAddress\":\"Carrer de l'aigua, 6\",\"addressLocality\":\"Vilanova i la Geltr\u00fa\",\"postalCode\":\"08800\",\"addressRegion\":\"Barcelona\",\"addressCountry\":\"ES\"},{\"@type\":\"ImageObject\",\"inLanguage\":\"es\",\"@id\":\"https:\/\/somllavors.com\/es\/producte\/termo-dacer-per-solids-i-liquids-kian-all-together-liewood#local-main-organization-logo\",\"url\":\"https:\/\/somllavors.com\/wp-content\/uploads\/Logotip-Som-Llavors.jpg\",\"contentUrl\":\"https:\/\/somllavors.com\/wp-content\/uploads\/Logotip-Som-Llavors.jpg\",\"width\":1444,\"height\":1323,\"caption\":\"Som Llavors\"}]}<\/script>\n<meta property=\"product:price:amount\" content=\"32.00\" \/>\n<meta property=\"product:price:currency\" content=\"EUR\" \/>\n<meta property=\"og:availability\" content=\"out of stock\" \/>\n<meta property=\"product:availability\" content=\"out of stock\" \/>\n<meta property=\"product:retailer_item_id\" content=\"LW196191499\" \/>\n<meta property=\"product:condition\" content=\"new\" \/>\n<meta name=\"geo.placename\" content=\"Vilanova i la Geltr\u00fa\" \/>\n<meta name=\"geo.position\" content=\"41.2257737;1.723258859\" \/>\n<meta name=\"geo.region\" content=\"Espa\u00f1a\" \/>\n<!-- \/ Yoast SEO Premium plugin. -->","yoast_head_json":{"title":"Termo d'acer per s\u00f2lids i l\u00edquids \"Kian\" All together - Liewood &#8212; Som Llavors","description":"Per a totes les aventures a l'aire lliure i sortides di\u00e0ries, el termo Kian \u00e9s ideal per cremes o refrigeris mentre viatja.   Igual que el termo de menjar Nadja, el nou model Kian ve amb una tapa estil tassa i una funda de silicona per protegir-la dels cops.  Les parets dobles d'acer inoxidable el fan ideal per portar cremes o fruita mentre viatja, i la tapa d'acer a prova de fuites amb anella permet subjectar-lo al cotxet o bossa.","robots":{"index":"index","follow":"follow","max-snippet":"max-snippet:-1","max-image-preview":"max-image-preview:large","max-video-preview":"max-video-preview:-1"},"canonical":"https:\/\/somllavors.com\/es\/producte\/termo-dacer-per-solids-i-liquids-kian-all-together-liewood","og_locale":"es_ES","og_type":"article","og_title":"Termo d'acer per s\u00f2lids i l\u00edquids \"Kian\" All together - Liewood","og_description":"La teva botiga d\u2019ecocrian\u00e7a i espai d\u2019acompanyament a la maternitat","og_url":"https:\/\/somllavors.com\/es\/producte\/termo-dacer-per-solids-i-liquids-kian-all-together-liewood","og_site_name":"Som Llavors","article_publisher":"https:\/\/www.facebook.com\/somllavorsvng\/?locale=ca_ES","article_modified_time":"2026-01-29T16:30:58+00:00","og_image":[{"width":900,"height":900,"url":"https:\/\/somllavors.com\/wp-content\/uploads\/2024\/07\/Kian_Food_Jar_LW19619_1499_All_together_Sandy_1.jpg","type":"image\/jpeg"}],"twitter_card":"summary_large_image","twitter_misc":{"Precio":"32,00&euro; Iva incl\u00f2s","Availability":"Out of stock"},"schema":{"@context":"https:\/\/schema.org","@graph":[{"@type":"WebPage","@id":"https:\/\/somllavors.com\/es\/producte\/termo-dacer-per-solids-i-liquids-kian-all-together-liewood","url":"https:\/\/somllavors.com\/es\/producte\/termo-dacer-per-solids-i-liquids-kian-all-together-liewood","name":"Termo d'acer per s\u00f2lids i l\u00edquids \"Kian\" All together - Liewood &#8212; Som Llavors","isPartOf":{"@id":"https:\/\/somllavors.com\/es#website"},"primaryImageOfPage":{"@id":"https:\/\/somllavors.com\/es\/producte\/termo-dacer-per-solids-i-liquids-kian-all-together-liewood#primaryimage"},"image":{"@id":"https:\/\/somllavors.com\/es\/producte\/termo-dacer-per-solids-i-liquids-kian-all-together-liewood#primaryimage"},"thumbnailUrl":"https:\/\/somllavors.com\/wp-content\/uploads\/2024\/07\/Kian_Food_Jar_LW19619_1499_All_together_Sandy_1.jpg","datePublished":"2024-07-11T08:28:28+00:00","dateModified":"2026-01-29T16:30:58+00:00","description":"Per a totes les aventures a l'aire lliure i sortides di\u00e0ries, el termo Kian \u00e9s ideal per cremes o refrigeris mentre viatja. Igual que el termo de menjar Nadja, el nou model Kian ve amb una tapa estil tassa i una funda de silicona per protegir-la dels cops. Les parets dobles d'acer inoxidable el fan ideal per portar cremes o fruita mentre viatja, i la tapa d'acer a prova de fuites amb anella permet subjectar-lo al cotxet o bossa.","breadcrumb":{"@id":"https:\/\/somllavors.com\/es\/producte\/termo-dacer-per-solids-i-liquids-kian-all-together-liewood#breadcrumb"},"inLanguage":"es","potentialAction":[{"@type":"ReadAction","target":["https:\/\/somllavors.com\/es\/producte\/termo-dacer-per-solids-i-liquids-kian-all-together-liewood"]}]},{"@type":"ImageObject","inLanguage":"es","@id":"https:\/\/somllavors.com\/es\/producte\/termo-dacer-per-solids-i-liquids-kian-all-together-liewood#primaryimage","url":"https:\/\/somllavors.com\/wp-content\/uploads\/2024\/07\/Kian_Food_Jar_LW19619_1499_All_together_Sandy_1.jpg","contentUrl":"https:\/\/somllavors.com\/wp-content\/uploads\/2024\/07\/Kian_Food_Jar_LW19619_1499_All_together_Sandy_1.jpg","width":900,"height":900,"caption":"termo solidos liewood"},{"@type":"BreadcrumbList","@id":"https:\/\/somllavors.com\/es\/producte\/termo-dacer-per-solids-i-liquids-kian-all-together-liewood#breadcrumb","itemListElement":[{"@type":"ListItem","position":1,"name":"Inici","item":"https:\/\/somllavors.com\/es"},{"@type":"ListItem","position":2,"name":"Tienda","item":"https:\/\/somllavors.com\/es\/botiga-2"},{"@type":"ListItem","position":3,"name":"Termo d&#8217;acer per s\u00f2lids i l\u00edquids &#8220;Kian&#8221; All together &#8211; Liewood"}]},{"@type":"WebSite","@id":"https:\/\/somllavors.com\/es#website","url":"https:\/\/somllavors.com\/es","name":"Som Llavors","description":"Botiga de crian\u00e7a natural","publisher":{"@id":"https:\/\/somllavors.com\/es#organization"},"alternateName":"Crian\u00e7a Natural i Sostenible","potentialAction":[{"@type":"SearchAction","target":{"@type":"EntryPoint","urlTemplate":"https:\/\/somllavors.com\/es?s={search_term_string}"},"query-input":{"@type":"PropertyValueSpecification","valueRequired":true,"valueName":"search_term_string"}}],"inLanguage":"es"},{"@type":["Organization","Place","Store"],"@id":"https:\/\/somllavors.com\/es#organization","name":"Som Llavors","alternateName":"Crian\u00e7a Natural i Sostenible","url":"https:\/\/somllavors.com\/es","logo":{"@id":"https:\/\/somllavors.com\/es\/producte\/termo-dacer-per-solids-i-liquids-kian-all-together-liewood#local-main-organization-logo"},"image":{"@id":"https:\/\/somllavors.com\/es\/producte\/termo-dacer-per-solids-i-liquids-kian-all-together-liewood#local-main-organization-logo"},"sameAs":["https:\/\/www.facebook.com\/somllavorsvng\/?locale=ca_ES","https:\/\/www.instagram.com\/somllavors_vng\/","https:\/\/www.youtube.com\/@somllavors"],"address":{"@id":"https:\/\/somllavors.com\/es\/producte\/termo-dacer-per-solids-i-liquids-kian-all-together-liewood#local-main-place-address"},"geo":{"@type":"GeoCoordinates","latitude":"41.2257737","longitude":"1.723258859"},"telephone":["623152704","623152704"],"openingHoursSpecification":[{"@type":"OpeningHoursSpecification","dayOfWeek":["Monday","Sunday"],"opens":"00:00","closes":"00:00"},{"@type":"OpeningHoursSpecification","dayOfWeek":["Tuesday","Wednesday","Thursday","Friday"],"opens":"10:00","closes":"20:00"},{"@type":"OpeningHoursSpecification","dayOfWeek":["Saturday"],"opens":"10:00","closes":"13:30"}],"email":"info@somllavors.com"},{"@type":"PostalAddress","@id":"https:\/\/somllavors.com\/es\/producte\/termo-dacer-per-solids-i-liquids-kian-all-together-liewood#local-main-place-address","streetAddress":"Carrer de l'aigua, 6","addressLocality":"Vilanova i la Geltr\u00fa","postalCode":"08800","addressRegion":"Barcelona","addressCountry":"ES"},{"@type":"ImageObject","inLanguage":"es","@id":"https:\/\/somllavors.com\/es\/producte\/termo-dacer-per-solids-i-liquids-kian-all-together-liewood#local-main-organization-logo","url":"https:\/\/somllavors.com\/wp-content\/uploads\/Logotip-Som-Llavors.jpg","contentUrl":"https:\/\/somllavors.com\/wp-content\/uploads\/Logotip-Som-Llavors.jpg","width":1444,"height":1323,"caption":"Som Llavors"}]},"product_price_amount":"32.00","product_price_currency":"EUR","og_availability":"out of stock","product_availability":"out of stock","product_retailer_item_id":"LW196191499","product_condition":"new","geo.placename":"Vilanova i la Geltr\u00fa","geo.position":{"lat":"41.2257737","long":"1.723258859"},"geo.region":"Espa\u00f1a"},"brands":[{"id":4103,"name":"Liewood","slug":"liewood"}],"_links":{"self":[{"href":"https:\/\/somllavors.com\/es\/wp-json\/wp\/v2\/product\/61430","targetHints":{"allow":["GET"]}}],"collection":[{"href":"https:\/\/somllavors.com\/es\/wp-json\/wp\/v2\/product"}],"about":[{"href":"https:\/\/somllavors.com\/es\/wp-json\/wp\/v2\/types\/product"}],"wp:featuredmedia":[{"embeddable":true,"href":"https:\/\/somllavors.com\/es\/wp-json\/wp\/v2\/media\/61433"}],"wp:attachment":[{"href":"https:\/\/somllavors.com\/es\/wp-json\/wp\/v2\/media?parent=61430"}],"wp:term":[{"taxonomy":"pwb-brand","embeddable":true,"href":"https:\/\/somllavors.com\/es\/wp-json\/wp\/v2\/pwb-brand?post=61430"},{"taxonomy":"product_brand","embeddable":true,"href":"https:\/\/somllavors.com\/es\/wp-json\/wp\/v2\/product_brand?post=61430"},{"taxonomy":"product_cat","embeddable":true,"href":"https:\/\/somllavors.com\/es\/wp-json\/wp\/v2\/product_cat?post=61430"},{"taxonomy":"product_tag","embeddable":true,"href":"https:\/\/somllavors.com\/es\/wp-json\/wp\/v2\/product_tag?post=61430"}],"curies":[{"name":"wp","href":"https:\/\/api.w.org\/{rel}","templated":true}]}}