{"id":63698,"date":"2024-08-24T12:37:38","date_gmt":"2024-08-24T10:37:38","guid":{"rendered":"https:\/\/somllavors.com\/?post_type=product&#038;p=63698"},"modified":"2025-09-27T13:17:28","modified_gmt":"2025-09-27T11:17:28","slug":"deportivas-free-baby-taupe-mustang","status":"publish","type":"product","link":"https:\/\/somllavors.com\/es\/producte\/deportivas-free-baby-taupe-mustang","title":{"rendered":"Deportivas Free Baby Taupe &#8211; Mustang"},"content":{"rendered":"<ul>\n<li>Dise\u00f1ada y desarrollada especialmente en colaboraci\u00f3n con el Dr. Juanjo L\u00f3pez, traumat\u00f3logo deportivo e infantil, para respetar el desarrollo natural del pie de la criatura.<\/li>\n<li>Gracias a su puntera ancha permite el libre movimiento de los dedos dentro del zapato.<\/li>\n<li>Su suela tiene 3 mm de grosor y con zero drop (totalmente plana) respeta el natural desarrollo del pie del peque\u00f1o y sus elementos flexibles y torsionables hace que el pie del ni\u00f1o no est\u00e9 encorsetado por la estructura del zapato.<\/li>\n<li>Las plantillas extra\u00edbles y las marcas de los dedos en la misma, facilita comprobar si la talla del calzado es la correcta para tu hijo.<\/li>\n<li>Adem\u00e1s, su f\u00e1cil apertura facilita que el ni\u00f1o pueda descalzarse y calzarse de forma aut\u00f3noma.<\/li>\n<li>Fabricaci\u00f3n espa\u00f1ola.<\/li>\n<\/ul>\n","protected":false},"excerpt":{"rendered":"<p>Deportiva Free de Mustang, dise\u00f1ada en color taupe, incluye cierre de doble velcro para facilitar su autonom\u00eda.<\/p>\n<ul>\n<li>Puntera ancha para permitir el libre movimiento de los dedos.<\/li>\n<li>Sin contrafuertes.<\/li>\n<li>Suela plana y flexible.<\/li>\n<li>Plantilla extra\u00edble.<\/li>\n<\/ul>\n","protected":false},"featured_media":63722,"template":"","meta":{"_acf_changed":false,"site-sidebar-layout":"default","site-content-layout":"","ast-site-content-layout":"default","site-content-style":"default","site-sidebar-style":"default","ast-global-header-display":"","ast-banner-title-visibility":"","ast-main-header-display":"","ast-hfb-above-header-display":"","ast-hfb-below-header-display":"","ast-hfb-mobile-header-display":"","site-post-title":"","ast-breadcrumbs-content":"","ast-featured-img":"","footer-sml-layout":"","theme-transparent-header-meta":"default","adv-header-id-meta":"","stick-header-meta":"","header-above-stick-meta":"","header-main-stick-meta":"","header-below-stick-meta":"","astra-migrate-meta-layouts":"set","ast-page-background-enabled":"default","ast-page-background-meta":{"desktop":{"background-color":"","background-image":"","background-repeat":"repeat","background-position":"center center","background-size":"auto","background-attachment":"scroll","background-type":"","background-media":"","overlay-type":"","overlay-color":"","overlay-opacity":"","overlay-gradient":""},"tablet":{"background-color":"","background-image":"","background-repeat":"repeat","background-position":"center center","background-size":"auto","background-attachment":"scroll","background-type":"","background-media":"","overlay-type":"","overlay-color":"","overlay-opacity":"","overlay-gradient":""},"mobile":{"background-color":"","background-image":"","background-repeat":"repeat","background-position":"center center","background-size":"auto","background-attachment":"scroll","background-type":"","background-media":"","overlay-type":"","overlay-color":"","overlay-opacity":"","overlay-gradient":""}},"ast-content-background-meta":{"desktop":{"background-color":"var(--ast-global-color-5)","background-image":"","background-repeat":"repeat","background-position":"center center","background-size":"auto","background-attachment":"scroll","background-type":"","background-media":"","overlay-type":"","overlay-color":"","overlay-opacity":"","overlay-gradient":""},"tablet":{"background-color":"var(--ast-global-color-5)","background-image":"","background-repeat":"repeat","background-position":"center center","background-size":"auto","background-attachment":"scroll","background-type":"","background-media":"","overlay-type":"","overlay-color":"","overlay-opacity":"","overlay-gradient":""},"mobile":{"background-color":"var(--ast-global-color-5)","background-image":"","background-repeat":"repeat","background-position":"center center","background-size":"auto","background-attachment":"scroll","background-type":"","background-media":"","overlay-type":"","overlay-color":"","overlay-opacity":"","overlay-gradient":""}}},"pwb-brand":[4915],"product_brand":[],"product_cat":[4916,4898],"product_tag":[4921,4919,4918,4920],"class_list":{"0":"post-63698","1":"product","2":"type-product","3":"status-publish","4":"has-post-thumbnail","6":"pwb-brand-mustang","7":"product_cat-mustang","8":"product_cat-tallas-pequenas-18-26-es","9":"product_tag-calzado-respetuoso-mustang","10":"product_tag-mtng-free","11":"product_tag-mustang-free","12":"product_tag-zapatos-respetuosos-mustang","13":"pa_talla-21-2","14":"pa_talla-22-es","15":"pa_talla-23-es","16":"pa_talla-24-es","17":"pa_talla-25-es","18":"pa_talla-26-es","19":"desktop-align-left","20":"tablet-align-left","21":"mobile-align-left","23":"first","24":"instock","25":"taxable","26":"shipping-taxable","27":"purchasable","28":"product-type-variable"},"acf":[],"yoast_head":"<!-- This site is optimized with the Yoast SEO Premium plugin v18.3 (Yoast SEO v27.4) - https:\/\/yoast.com\/product\/yoast-seo-premium-wordpress\/ -->\n<title>Deportivas Free Baby Taupe - Mustang &#8212; Som Llavors<\/title>\n<meta name=\"description\" content=\"Deportiva Free de Mustang, dise\u00f1ada en color taupe, incluye cierre de doble velcro para facilitar su autonom\u00eda.   Puntera ancha para permitir el libre movimiento de los dedos.  Sin contrafuertes.  Suela plana y flexible.  Plantilla extra\u00edble.\" \/>\n<meta name=\"robots\" content=\"index, follow, max-snippet:-1, max-image-preview:large, max-video-preview:-1\" \/>\n<link rel=\"canonical\" href=\"https:\/\/somllavors.com\/es\/producte\/deportivas-free-baby-taupe-mustang\" \/>\n<meta property=\"og:locale\" content=\"es_ES\" \/>\n<meta property=\"og:type\" content=\"article\" \/>\n<meta property=\"og:title\" content=\"Deportivas Free Baby Taupe - Mustang\" \/>\n<meta property=\"og:description\" content=\"La teva botiga d\u2019ecocrian\u00e7a i espai d\u2019acompanyament a la maternitat\" \/>\n<meta property=\"og:url\" content=\"https:\/\/somllavors.com\/es\/producte\/deportivas-free-baby-taupe-mustang\" \/>\n<meta property=\"og:site_name\" content=\"Som Llavors\" \/>\n<meta property=\"article:publisher\" content=\"https:\/\/www.facebook.com\/somllavorsvng\/?locale=ca_ES\" \/>\n<meta property=\"article:modified_time\" content=\"2025-09-27T11:17:28+00:00\" \/>\n<meta property=\"og:image\" content=\"https:\/\/somllavors.com\/wp-content\/uploads\/2024\/08\/Som-Llavors-Zapatillas-Nino-FREE-BABY-marron-57704-C57101-MTNG-01.webp\" \/>\n\t<meta property=\"og:image:width\" content=\"1200\" \/>\n\t<meta property=\"og:image:height\" content=\"1200\" \/>\n\t<meta property=\"og:image:type\" content=\"image\/webp\" \/>\n<meta name=\"twitter:card\" content=\"summary_large_image\" \/>\n<meta name=\"twitter:label1\" content=\"Availability\" \/>\n\t<meta name=\"twitter:data1\" content=\"Hay existencias\" \/>\n<script type=\"application\/ld+json\" class=\"yoast-schema-graph\">{\"@context\":\"https:\\\/\\\/schema.org\",\"@graph\":[{\"@type\":\"WebPage\",\"@id\":\"https:\\\/\\\/somllavors.com\\\/es\\\/producte\\\/deportivas-free-baby-taupe-mustang\",\"url\":\"https:\\\/\\\/somllavors.com\\\/es\\\/producte\\\/deportivas-free-baby-taupe-mustang\",\"name\":\"Deportivas Free Baby Taupe - Mustang &#8212; Som Llavors\",\"isPartOf\":{\"@id\":\"https:\\\/\\\/somllavors.com\\\/es#website\"},\"primaryImageOfPage\":{\"@id\":\"https:\\\/\\\/somllavors.com\\\/es\\\/producte\\\/deportivas-free-baby-taupe-mustang#primaryimage\"},\"image\":{\"@id\":\"https:\\\/\\\/somllavors.com\\\/es\\\/producte\\\/deportivas-free-baby-taupe-mustang#primaryimage\"},\"thumbnailUrl\":\"https:\\\/\\\/somllavors.com\\\/wp-content\\\/uploads\\\/2024\\\/08\\\/Som-Llavors-Zapatillas-Nino-FREE-BABY-marron-57704-C57101-MTNG-01.webp\",\"datePublished\":\"2024-08-24T10:37:38+00:00\",\"dateModified\":\"2025-09-27T11:17:28+00:00\",\"description\":\"Deportiva Free de Mustang, dise\u00f1ada en color taupe, incluye cierre de doble velcro para facilitar su autonom\u00eda. Puntera ancha para permitir el libre movimiento de los dedos. Sin contrafuertes. Suela plana y flexible. Plantilla extra\u00edble.\",\"breadcrumb\":{\"@id\":\"https:\\\/\\\/somllavors.com\\\/es\\\/producte\\\/deportivas-free-baby-taupe-mustang#breadcrumb\"},\"inLanguage\":\"es\",\"potentialAction\":[{\"@type\":\"ReadAction\",\"target\":[\"https:\\\/\\\/somllavors.com\\\/es\\\/producte\\\/deportivas-free-baby-taupe-mustang\"]}]},{\"@type\":\"ImageObject\",\"inLanguage\":\"es\",\"@id\":\"https:\\\/\\\/somllavors.com\\\/es\\\/producte\\\/deportivas-free-baby-taupe-mustang#primaryimage\",\"url\":\"https:\\\/\\\/somllavors.com\\\/wp-content\\\/uploads\\\/2024\\\/08\\\/Som-Llavors-Zapatillas-Nino-FREE-BABY-marron-57704-C57101-MTNG-01.webp\",\"contentUrl\":\"https:\\\/\\\/somllavors.com\\\/wp-content\\\/uploads\\\/2024\\\/08\\\/Som-Llavors-Zapatillas-Nino-FREE-BABY-marron-57704-C57101-MTNG-01.webp\",\"width\":1200,\"height\":1200,\"caption\":\"zapatos respetuosos mustang\"},{\"@type\":\"BreadcrumbList\",\"@id\":\"https:\\\/\\\/somllavors.com\\\/es\\\/producte\\\/deportivas-free-baby-taupe-mustang#breadcrumb\",\"itemListElement\":[{\"@type\":\"ListItem\",\"position\":1,\"name\":\"Inici\",\"item\":\"https:\\\/\\\/somllavors.com\\\/es\"},{\"@type\":\"ListItem\",\"position\":2,\"name\":\"Tienda\",\"item\":\"https:\\\/\\\/somllavors.com\\\/es\\\/botiga-2\"},{\"@type\":\"ListItem\",\"position\":3,\"name\":\"Deportivas Free Baby Taupe &#8211; Mustang\"}]},{\"@type\":\"WebSite\",\"@id\":\"https:\\\/\\\/somllavors.com\\\/es#website\",\"url\":\"https:\\\/\\\/somllavors.com\\\/es\",\"name\":\"Som Llavors\",\"description\":\"Botiga de crian\u00e7a natural\",\"publisher\":{\"@id\":\"https:\\\/\\\/somllavors.com\\\/es#organization\"},\"alternateName\":\"Crian\u00e7a Natural i Sostenible\",\"potentialAction\":[{\"@type\":\"SearchAction\",\"target\":{\"@type\":\"EntryPoint\",\"urlTemplate\":\"https:\\\/\\\/somllavors.com\\\/es?s={search_term_string}\"},\"query-input\":{\"@type\":\"PropertyValueSpecification\",\"valueRequired\":true,\"valueName\":\"search_term_string\"}}],\"inLanguage\":\"es\"},{\"@type\":[\"Organization\",\"Place\",\"Store\"],\"@id\":\"https:\\\/\\\/somllavors.com\\\/es#organization\",\"name\":\"Som Llavors\",\"alternateName\":\"Crian\u00e7a Natural i Sostenible\",\"url\":\"https:\\\/\\\/somllavors.com\\\/es\",\"logo\":{\"@id\":\"https:\\\/\\\/somllavors.com\\\/es\\\/producte\\\/deportivas-free-baby-taupe-mustang#local-main-organization-logo\"},\"image\":{\"@id\":\"https:\\\/\\\/somllavors.com\\\/es\\\/producte\\\/deportivas-free-baby-taupe-mustang#local-main-organization-logo\"},\"sameAs\":[\"https:\\\/\\\/www.facebook.com\\\/somllavorsvng\\\/?locale=ca_ES\",\"https:\\\/\\\/www.instagram.com\\\/somllavors_vng\\\/\",\"https:\\\/\\\/www.youtube.com\\\/@somllavors\"],\"address\":{\"@id\":\"https:\\\/\\\/somllavors.com\\\/es\\\/producte\\\/deportivas-free-baby-taupe-mustang#local-main-place-address\"},\"geo\":{\"@type\":\"GeoCoordinates\",\"latitude\":\"41.2257737\",\"longitude\":\"1.723258859\"},\"telephone\":[\"623152704\"],\"openingHoursSpecification\":[{\"@type\":\"OpeningHoursSpecification\",\"dayOfWeek\":[\"Monday\",\"Sunday\"],\"opens\":\"00:00\",\"closes\":\"00:00\"},{\"@type\":\"OpeningHoursSpecification\",\"dayOfWeek\":[\"Tuesday\",\"Wednesday\",\"Thursday\",\"Friday\"],\"opens\":\"10:00\",\"closes\":\"20:00\"},{\"@type\":\"OpeningHoursSpecification\",\"dayOfWeek\":[\"Saturday\"],\"opens\":\"10:00\",\"closes\":\"13:30\"}],\"email\":\"info@somllavors.com\"},{\"@type\":\"PostalAddress\",\"@id\":\"https:\\\/\\\/somllavors.com\\\/es\\\/producte\\\/deportivas-free-baby-taupe-mustang#local-main-place-address\",\"streetAddress\":\"Carrer de l'aigua, 6\",\"addressLocality\":\"Vilanova i la Geltr\u00fa\",\"postalCode\":\"08800\",\"addressRegion\":\"Barcelona\",\"addressCountry\":\"ES\"},{\"@type\":\"ImageObject\",\"inLanguage\":\"es\",\"@id\":\"https:\\\/\\\/somllavors.com\\\/es\\\/producte\\\/deportivas-free-baby-taupe-mustang#local-main-organization-logo\",\"url\":\"https:\\\/\\\/somllavors.com\\\/wp-content\\\/uploads\\\/Logotip-Som-Llavors.jpg\",\"contentUrl\":\"https:\\\/\\\/somllavors.com\\\/wp-content\\\/uploads\\\/Logotip-Som-Llavors.jpg\",\"width\":1444,\"height\":1323,\"caption\":\"Som Llavors\"}]}<\/script>\n<meta property=\"og:availability\" content=\"instock\" \/>\n<meta property=\"product:availability\" content=\"instock\" \/>\n<meta property=\"product:retailer_item_id\" content=\"48850-C57101\" \/>\n<meta property=\"product:condition\" content=\"new\" \/>\n<meta name=\"geo.placename\" content=\"Vilanova i la Geltr\u00fa\" \/>\n<meta name=\"geo.position\" content=\"41.2257737;1.723258859\" \/>\n<meta name=\"geo.region\" content=\"Espa\u00f1a\" \/>\n<!-- \/ Yoast SEO Premium plugin. -->","yoast_head_json":{"title":"Deportivas Free Baby Taupe - Mustang &#8212; Som Llavors","description":"Deportiva Free de Mustang, dise\u00f1ada en color taupe, incluye cierre de doble velcro para facilitar su autonom\u00eda.   Puntera ancha para permitir el libre movimiento de los dedos.  Sin contrafuertes.  Suela plana y flexible.  Plantilla extra\u00edble.","robots":{"index":"index","follow":"follow","max-snippet":"max-snippet:-1","max-image-preview":"max-image-preview:large","max-video-preview":"max-video-preview:-1"},"canonical":"https:\/\/somllavors.com\/es\/producte\/deportivas-free-baby-taupe-mustang","og_locale":"es_ES","og_type":"article","og_title":"Deportivas Free Baby Taupe - Mustang","og_description":"La teva botiga d\u2019ecocrian\u00e7a i espai d\u2019acompanyament a la maternitat","og_url":"https:\/\/somllavors.com\/es\/producte\/deportivas-free-baby-taupe-mustang","og_site_name":"Som Llavors","article_publisher":"https:\/\/www.facebook.com\/somllavorsvng\/?locale=ca_ES","article_modified_time":"2025-09-27T11:17:28+00:00","og_image":[{"width":1200,"height":1200,"url":"https:\/\/somllavors.com\/wp-content\/uploads\/2024\/08\/Som-Llavors-Zapatillas-Nino-FREE-BABY-marron-57704-C57101-MTNG-01.webp","type":"image\/webp"}],"twitter_card":"summary_large_image","twitter_misc":{"Availability":"Hay existencias"},"schema":{"@context":"https:\/\/schema.org","@graph":[{"@type":"WebPage","@id":"https:\/\/somllavors.com\/es\/producte\/deportivas-free-baby-taupe-mustang","url":"https:\/\/somllavors.com\/es\/producte\/deportivas-free-baby-taupe-mustang","name":"Deportivas Free Baby Taupe - Mustang &#8212; Som Llavors","isPartOf":{"@id":"https:\/\/somllavors.com\/es#website"},"primaryImageOfPage":{"@id":"https:\/\/somllavors.com\/es\/producte\/deportivas-free-baby-taupe-mustang#primaryimage"},"image":{"@id":"https:\/\/somllavors.com\/es\/producte\/deportivas-free-baby-taupe-mustang#primaryimage"},"thumbnailUrl":"https:\/\/somllavors.com\/wp-content\/uploads\/2024\/08\/Som-Llavors-Zapatillas-Nino-FREE-BABY-marron-57704-C57101-MTNG-01.webp","datePublished":"2024-08-24T10:37:38+00:00","dateModified":"2025-09-27T11:17:28+00:00","description":"Deportiva Free de Mustang, dise\u00f1ada en color taupe, incluye cierre de doble velcro para facilitar su autonom\u00eda. Puntera ancha para permitir el libre movimiento de los dedos. Sin contrafuertes. Suela plana y flexible. Plantilla extra\u00edble.","breadcrumb":{"@id":"https:\/\/somllavors.com\/es\/producte\/deportivas-free-baby-taupe-mustang#breadcrumb"},"inLanguage":"es","potentialAction":[{"@type":"ReadAction","target":["https:\/\/somllavors.com\/es\/producte\/deportivas-free-baby-taupe-mustang"]}]},{"@type":"ImageObject","inLanguage":"es","@id":"https:\/\/somllavors.com\/es\/producte\/deportivas-free-baby-taupe-mustang#primaryimage","url":"https:\/\/somllavors.com\/wp-content\/uploads\/2024\/08\/Som-Llavors-Zapatillas-Nino-FREE-BABY-marron-57704-C57101-MTNG-01.webp","contentUrl":"https:\/\/somllavors.com\/wp-content\/uploads\/2024\/08\/Som-Llavors-Zapatillas-Nino-FREE-BABY-marron-57704-C57101-MTNG-01.webp","width":1200,"height":1200,"caption":"zapatos respetuosos mustang"},{"@type":"BreadcrumbList","@id":"https:\/\/somllavors.com\/es\/producte\/deportivas-free-baby-taupe-mustang#breadcrumb","itemListElement":[{"@type":"ListItem","position":1,"name":"Inici","item":"https:\/\/somllavors.com\/es"},{"@type":"ListItem","position":2,"name":"Tienda","item":"https:\/\/somllavors.com\/es\/botiga-2"},{"@type":"ListItem","position":3,"name":"Deportivas Free Baby Taupe &#8211; Mustang"}]},{"@type":"WebSite","@id":"https:\/\/somllavors.com\/es#website","url":"https:\/\/somllavors.com\/es","name":"Som Llavors","description":"Botiga de crian\u00e7a natural","publisher":{"@id":"https:\/\/somllavors.com\/es#organization"},"alternateName":"Crian\u00e7a Natural i Sostenible","potentialAction":[{"@type":"SearchAction","target":{"@type":"EntryPoint","urlTemplate":"https:\/\/somllavors.com\/es?s={search_term_string}"},"query-input":{"@type":"PropertyValueSpecification","valueRequired":true,"valueName":"search_term_string"}}],"inLanguage":"es"},{"@type":["Organization","Place","Store"],"@id":"https:\/\/somllavors.com\/es#organization","name":"Som Llavors","alternateName":"Crian\u00e7a Natural i Sostenible","url":"https:\/\/somllavors.com\/es","logo":{"@id":"https:\/\/somllavors.com\/es\/producte\/deportivas-free-baby-taupe-mustang#local-main-organization-logo"},"image":{"@id":"https:\/\/somllavors.com\/es\/producte\/deportivas-free-baby-taupe-mustang#local-main-organization-logo"},"sameAs":["https:\/\/www.facebook.com\/somllavorsvng\/?locale=ca_ES","https:\/\/www.instagram.com\/somllavors_vng\/","https:\/\/www.youtube.com\/@somllavors"],"address":{"@id":"https:\/\/somllavors.com\/es\/producte\/deportivas-free-baby-taupe-mustang#local-main-place-address"},"geo":{"@type":"GeoCoordinates","latitude":"41.2257737","longitude":"1.723258859"},"telephone":["623152704","623152704"],"openingHoursSpecification":[{"@type":"OpeningHoursSpecification","dayOfWeek":["Monday","Sunday"],"opens":"00:00","closes":"00:00"},{"@type":"OpeningHoursSpecification","dayOfWeek":["Tuesday","Wednesday","Thursday","Friday"],"opens":"10:00","closes":"20:00"},{"@type":"OpeningHoursSpecification","dayOfWeek":["Saturday"],"opens":"10:00","closes":"13:30"}],"email":"info@somllavors.com"},{"@type":"PostalAddress","@id":"https:\/\/somllavors.com\/es\/producte\/deportivas-free-baby-taupe-mustang#local-main-place-address","streetAddress":"Carrer de l'aigua, 6","addressLocality":"Vilanova i la Geltr\u00fa","postalCode":"08800","addressRegion":"Barcelona","addressCountry":"ES"},{"@type":"ImageObject","inLanguage":"es","@id":"https:\/\/somllavors.com\/es\/producte\/deportivas-free-baby-taupe-mustang#local-main-organization-logo","url":"https:\/\/somllavors.com\/wp-content\/uploads\/Logotip-Som-Llavors.jpg","contentUrl":"https:\/\/somllavors.com\/wp-content\/uploads\/Logotip-Som-Llavors.jpg","width":1444,"height":1323,"caption":"Som Llavors"}]},"og_availability":"instock","product_availability":"instock","product_retailer_item_id":"48850-C57101","product_condition":"new","geo.placename":"Vilanova i la Geltr\u00fa","geo.position":{"lat":"41.2257737","long":"1.723258859"},"geo.region":"Espa\u00f1a"},"brands":[{"id":4915,"name":"Mustang","slug":"mustang"}],"_links":{"self":[{"href":"https:\/\/somllavors.com\/es\/wp-json\/wp\/v2\/product\/63698","targetHints":{"allow":["GET"]}}],"collection":[{"href":"https:\/\/somllavors.com\/es\/wp-json\/wp\/v2\/product"}],"about":[{"href":"https:\/\/somllavors.com\/es\/wp-json\/wp\/v2\/types\/product"}],"wp:featuredmedia":[{"embeddable":true,"href":"https:\/\/somllavors.com\/es\/wp-json\/wp\/v2\/media\/63722"}],"wp:attachment":[{"href":"https:\/\/somllavors.com\/es\/wp-json\/wp\/v2\/media?parent=63698"}],"wp:term":[{"taxonomy":"pwb-brand","embeddable":true,"href":"https:\/\/somllavors.com\/es\/wp-json\/wp\/v2\/pwb-brand?post=63698"},{"taxonomy":"product_brand","embeddable":true,"href":"https:\/\/somllavors.com\/es\/wp-json\/wp\/v2\/product_brand?post=63698"},{"taxonomy":"product_cat","embeddable":true,"href":"https:\/\/somllavors.com\/es\/wp-json\/wp\/v2\/product_cat?post=63698"},{"taxonomy":"product_tag","embeddable":true,"href":"https:\/\/somllavors.com\/es\/wp-json\/wp\/v2\/product_tag?post=63698"}],"curies":[{"name":"wp","href":"https:\/\/api.w.org\/{rel}","templated":true}]}}