{"id":63894,"date":"2024-08-19T13:09:24","date_gmt":"2024-08-19T11:09:24","guid":{"rendered":"https:\/\/somllavors.com\/producto\/deportivas-blancas-doble-velcro-coqueflex\/"},"modified":"2025-09-20T10:17:24","modified_gmt":"2025-09-20T08:17:24","slug":"deportivas-blancas-doble-velcro-coqueflex","status":"publish","type":"product","link":"https:\/\/somllavors.com\/es\/producte\/deportivas-blancas-doble-velcro-coqueflex","title":{"rendered":"Deportivas blancas doble velcro &#8211; CoqueFlex"},"content":{"rendered":"<p>La misi\u00f3n de CoqueFlex es cuidar el planeta y andar dejando huella de manera respetuosa all\u00e1 donde vayamos. <\/p>\n<ul>\n<li>Muy flexibles: La suela con las ranuras de flexi\u00f3n y fricci\u00f3n permiten la flexibilidad en la maduraci\u00f3n de la marcha.<\/li>\n<li>Amplia horma: El dise\u00f1o de las CoqueFlex facilita el bienestar del pie y previene que aprieten.<\/li>\n<li>Resistentes: Los materiales de primera calidad que componen los zapatos garantizan una durabilidad \u00f3ptima d\u00eda a d\u00eda.<\/li>\n<li>Ligeras: Los ni\u00f1os y ni\u00f1as sentir\u00e1n que no llevan zapatos y podr\u00e1n disfrutar de cualquier actividad sin que nada les frene.<\/li>\n<li>Antibacterianas: Los zapatos permiten una higiene adecuada y evita la aparici\u00f3n de hongos y bacterias.<\/li>\n<li>Transpirables: El sistema de transpiraci\u00f3n asegura un buen estado de los zapatos y evita los malos olores.<\/li>\n<li>Pies secos y sanos: El sistema transpirable proporciona una ventilaci\u00f3n adecuada para mantener los pies secos y evitar la aparici\u00f3n de bacterias.<\/li>\n<li>Sostenibles: Tecnolog\u00eda y sostenibilidad se unen para mayor comodidad y respeto hacia el medio ambiente.<\/li>\n<\/ul>\n","protected":false},"excerpt":{"rendered":"<p>Deportivas con doble velcro de microfibra, de la mano de CoqueFlex, una marca espa\u00f1ola de gran calidad. <\/p>\n<ul>\n<li>Alta flexibilidad<\/li>\n<li>0 drop<\/li>\n<li>Horma ancha para permitir la libertad de movimiento de los dedos.<\/li>\n<li>Ligeras, transpirables i resistentes.<\/li>\n<\/ul>\n","protected":false},"featured_media":63344,"template":"","meta":{"_acf_changed":false,"site-sidebar-layout":"default","site-content-layout":"","ast-site-content-layout":"default","site-content-style":"default","site-sidebar-style":"default","ast-global-header-display":"","ast-banner-title-visibility":"","ast-main-header-display":"","ast-hfb-above-header-display":"","ast-hfb-below-header-display":"","ast-hfb-mobile-header-display":"","site-post-title":"","ast-breadcrumbs-content":"","ast-featured-img":"","footer-sml-layout":"","ast-disable-related-posts":"","theme-transparent-header-meta":"default","adv-header-id-meta":"","stick-header-meta":"","header-above-stick-meta":"","header-main-stick-meta":"","header-below-stick-meta":"","astra-migrate-meta-layouts":"default","ast-page-background-enabled":"default","ast-page-background-meta":{"desktop":{"background-color":"","background-image":"","background-repeat":"repeat","background-position":"center center","background-size":"auto","background-attachment":"scroll","background-type":"","background-media":"","overlay-type":"","overlay-color":"","overlay-opacity":"","overlay-gradient":""},"tablet":{"background-color":"","background-image":"","background-repeat":"repeat","background-position":"center center","background-size":"auto","background-attachment":"scroll","background-type":"","background-media":"","overlay-type":"","overlay-color":"","overlay-opacity":"","overlay-gradient":""},"mobile":{"background-color":"","background-image":"","background-repeat":"repeat","background-position":"center center","background-size":"auto","background-attachment":"scroll","background-type":"","background-media":"","overlay-type":"","overlay-color":"","overlay-opacity":"","overlay-gradient":""}},"ast-content-background-meta":{"desktop":{"background-color":"var(--ast-global-color-5)","background-image":"","background-repeat":"repeat","background-position":"center center","background-size":"auto","background-attachment":"scroll","background-type":"","background-media":"","overlay-type":"","overlay-color":"","overlay-opacity":"","overlay-gradient":""},"tablet":{"background-color":"var(--ast-global-color-5)","background-image":"","background-repeat":"repeat","background-position":"center center","background-size":"auto","background-attachment":"scroll","background-type":"","background-media":"","overlay-type":"","overlay-color":"","overlay-opacity":"","overlay-gradient":""},"mobile":{"background-color":"var(--ast-global-color-5)","background-image":"","background-repeat":"repeat","background-position":"center center","background-size":"auto","background-attachment":"scroll","background-type":"","background-media":"","overlay-type":"","overlay-color":"","overlay-opacity":"","overlay-gradient":""}}},"pwb-brand":[4890],"product_brand":[],"product_cat":[4897,4899,4898,4901],"product_tag":[2455,4934],"class_list":{"0":"post-63894","1":"product","2":"type-product","3":"status-publish","4":"has-post-thumbnail","6":"pwb-brand-coqueflex","7":"product_cat-coqueflex-es","8":"product_cat-tallas-grandes-25-35","9":"product_cat-tallas-pequenas-18-26-es","10":"product_cat-zapatos-otono-invierno","11":"product_tag-calzado-respetuoso-es-2","12":"product_tag-coqueflex-es","13":"pa_talla-25-es","14":"pa_talla-26-es","15":"pa_talla-27-es","16":"pa_talla-28-es","17":"pa_talla-29-es","18":"pa_talla-30-es","19":"pa_talla-31-es","20":"pa_talla-32-es","21":"pa_talla-33-es","22":"pa_talla-34-es","23":"desktop-align-left","24":"tablet-align-left","25":"mobile-align-left","27":"first","28":"instock","29":"taxable","30":"shipping-taxable","31":"purchasable","32":"product-type-variable"},"acf":[],"yoast_head":"<!-- This site is optimized with the Yoast SEO Premium plugin v18.3 (Yoast SEO v27.4) - https:\/\/yoast.com\/product\/yoast-seo-premium-wordpress\/ -->\n<title>Deportivas blancas doble velcro - CoqueFlex &#8212; Som Llavors<\/title>\n<meta name=\"description\" content=\"Deportivas con doble velcro de microfibra, de la mano de CoqueFlex, una marca espa\u00f1ola de gran calidad.  Alta flexibilidad  0 drop  Horma ancha para permitir la libertad de movimiento de los dedos.  Ligeras, transpirables i resistentes.\" \/>\n<meta name=\"robots\" content=\"index, follow, max-snippet:-1, max-image-preview:large, max-video-preview:-1\" \/>\n<link rel=\"canonical\" href=\"https:\/\/somllavors.com\/es\/producte\/deportivas-blancas-doble-velcro-coqueflex\" \/>\n<meta property=\"og:locale\" content=\"es_ES\" \/>\n<meta property=\"og:type\" content=\"article\" \/>\n<meta property=\"og:title\" content=\"Deportivas blancas doble velcro - CoqueFlex\" \/>\n<meta property=\"og:description\" content=\"La teva botiga d\u2019ecocrian\u00e7a i espai d\u2019acompanyament a la maternitat\" \/>\n<meta property=\"og:url\" content=\"https:\/\/somllavors.com\/es\/producte\/deportivas-blancas-doble-velcro-coqueflex\" \/>\n<meta property=\"og:site_name\" content=\"Som Llavors\" \/>\n<meta property=\"article:publisher\" content=\"https:\/\/www.facebook.com\/somllavorsvng\/?locale=ca_ES\" \/>\n<meta property=\"article:modified_time\" content=\"2025-09-20T08:17:24+00:00\" \/>\n<meta property=\"og:image\" content=\"https:\/\/somllavors.com\/wp-content\/uploads\/2024\/08\/calcat-respectuos-coqueflex-2.jpg\" \/>\n\t<meta property=\"og:image:width\" content=\"1080\" \/>\n\t<meta property=\"og:image:height\" content=\"1080\" \/>\n\t<meta property=\"og:image:type\" content=\"image\/jpeg\" \/>\n<meta name=\"twitter:card\" content=\"summary_large_image\" \/>\n<meta name=\"twitter:label1\" content=\"Availability\" \/>\n\t<meta name=\"twitter:data1\" content=\"Hay existencias\" \/>\n<script type=\"application\/ld+json\" class=\"yoast-schema-graph\">{\"@context\":\"https:\\\/\\\/schema.org\",\"@graph\":[{\"@type\":\"WebPage\",\"@id\":\"https:\\\/\\\/somllavors.com\\\/es\\\/producte\\\/deportivas-blancas-doble-velcro-coqueflex\",\"url\":\"https:\\\/\\\/somllavors.com\\\/es\\\/producte\\\/deportivas-blancas-doble-velcro-coqueflex\",\"name\":\"Deportivas blancas doble velcro - CoqueFlex &#8212; Som Llavors\",\"isPartOf\":{\"@id\":\"https:\\\/\\\/somllavors.com\\\/es#website\"},\"primaryImageOfPage\":{\"@id\":\"https:\\\/\\\/somllavors.com\\\/es\\\/producte\\\/deportivas-blancas-doble-velcro-coqueflex#primaryimage\"},\"image\":{\"@id\":\"https:\\\/\\\/somllavors.com\\\/es\\\/producte\\\/deportivas-blancas-doble-velcro-coqueflex#primaryimage\"},\"thumbnailUrl\":\"https:\\\/\\\/somllavors.com\\\/wp-content\\\/uploads\\\/2024\\\/08\\\/calcat-respectuos-coqueflex-2.jpg\",\"datePublished\":\"2024-08-19T11:09:24+00:00\",\"dateModified\":\"2025-09-20T08:17:24+00:00\",\"description\":\"Deportivas con doble velcro de microfibra, de la mano de CoqueFlex, una marca espa\u00f1ola de gran calidad. Alta flexibilidad 0 drop Horma ancha para permitir la libertad de movimiento de los dedos. Ligeras, transpirables i resistentes.\",\"breadcrumb\":{\"@id\":\"https:\\\/\\\/somllavors.com\\\/es\\\/producte\\\/deportivas-blancas-doble-velcro-coqueflex#breadcrumb\"},\"inLanguage\":\"es\",\"potentialAction\":[{\"@type\":\"ReadAction\",\"target\":[\"https:\\\/\\\/somllavors.com\\\/es\\\/producte\\\/deportivas-blancas-doble-velcro-coqueflex\"]}]},{\"@type\":\"ImageObject\",\"inLanguage\":\"es\",\"@id\":\"https:\\\/\\\/somllavors.com\\\/es\\\/producte\\\/deportivas-blancas-doble-velcro-coqueflex#primaryimage\",\"url\":\"https:\\\/\\\/somllavors.com\\\/wp-content\\\/uploads\\\/2024\\\/08\\\/calcat-respectuos-coqueflex-2.jpg\",\"contentUrl\":\"https:\\\/\\\/somllavors.com\\\/wp-content\\\/uploads\\\/2024\\\/08\\\/calcat-respectuos-coqueflex-2.jpg\",\"width\":1080,\"height\":1080,\"caption\":\"cal\u00e7at respectuos coqueflex\"},{\"@type\":\"BreadcrumbList\",\"@id\":\"https:\\\/\\\/somllavors.com\\\/es\\\/producte\\\/deportivas-blancas-doble-velcro-coqueflex#breadcrumb\",\"itemListElement\":[{\"@type\":\"ListItem\",\"position\":1,\"name\":\"Inici\",\"item\":\"https:\\\/\\\/somllavors.com\\\/es\"},{\"@type\":\"ListItem\",\"position\":2,\"name\":\"Tienda\",\"item\":\"https:\\\/\\\/somllavors.com\\\/es\\\/botiga-2\"},{\"@type\":\"ListItem\",\"position\":3,\"name\":\"Deportivas blancas doble velcro &#8211; CoqueFlex\"}]},{\"@type\":\"WebSite\",\"@id\":\"https:\\\/\\\/somllavors.com\\\/es#website\",\"url\":\"https:\\\/\\\/somllavors.com\\\/es\",\"name\":\"Som Llavors\",\"description\":\"Botiga de crian\u00e7a natural\",\"publisher\":{\"@id\":\"https:\\\/\\\/somllavors.com\\\/es#organization\"},\"alternateName\":\"Crian\u00e7a Natural i Sostenible\",\"potentialAction\":[{\"@type\":\"SearchAction\",\"target\":{\"@type\":\"EntryPoint\",\"urlTemplate\":\"https:\\\/\\\/somllavors.com\\\/es?s={search_term_string}\"},\"query-input\":{\"@type\":\"PropertyValueSpecification\",\"valueRequired\":true,\"valueName\":\"search_term_string\"}}],\"inLanguage\":\"es\"},{\"@type\":[\"Organization\",\"Place\",\"Store\"],\"@id\":\"https:\\\/\\\/somllavors.com\\\/es#organization\",\"name\":\"Som Llavors\",\"alternateName\":\"Crian\u00e7a Natural i Sostenible\",\"url\":\"https:\\\/\\\/somllavors.com\\\/es\",\"logo\":{\"@id\":\"https:\\\/\\\/somllavors.com\\\/es\\\/producte\\\/deportivas-blancas-doble-velcro-coqueflex#local-main-organization-logo\"},\"image\":{\"@id\":\"https:\\\/\\\/somllavors.com\\\/es\\\/producte\\\/deportivas-blancas-doble-velcro-coqueflex#local-main-organization-logo\"},\"sameAs\":[\"https:\\\/\\\/www.facebook.com\\\/somllavorsvng\\\/?locale=ca_ES\",\"https:\\\/\\\/www.instagram.com\\\/somllavors_vng\\\/\",\"https:\\\/\\\/www.youtube.com\\\/@somllavors\"],\"address\":{\"@id\":\"https:\\\/\\\/somllavors.com\\\/es\\\/producte\\\/deportivas-blancas-doble-velcro-coqueflex#local-main-place-address\"},\"geo\":{\"@type\":\"GeoCoordinates\",\"latitude\":\"41.2257737\",\"longitude\":\"1.723258859\"},\"telephone\":[\"623152704\"],\"openingHoursSpecification\":[{\"@type\":\"OpeningHoursSpecification\",\"dayOfWeek\":[\"Monday\",\"Sunday\"],\"opens\":\"00:00\",\"closes\":\"00:00\"},{\"@type\":\"OpeningHoursSpecification\",\"dayOfWeek\":[\"Tuesday\",\"Wednesday\",\"Thursday\",\"Friday\"],\"opens\":\"10:00\",\"closes\":\"20:00\"},{\"@type\":\"OpeningHoursSpecification\",\"dayOfWeek\":[\"Saturday\"],\"opens\":\"10:00\",\"closes\":\"13:30\"}],\"email\":\"info@somllavors.com\"},{\"@type\":\"PostalAddress\",\"@id\":\"https:\\\/\\\/somllavors.com\\\/es\\\/producte\\\/deportivas-blancas-doble-velcro-coqueflex#local-main-place-address\",\"streetAddress\":\"Carrer de l'aigua, 6\",\"addressLocality\":\"Vilanova i la Geltr\u00fa\",\"postalCode\":\"08800\",\"addressRegion\":\"Barcelona\",\"addressCountry\":\"ES\"},{\"@type\":\"ImageObject\",\"inLanguage\":\"es\",\"@id\":\"https:\\\/\\\/somllavors.com\\\/es\\\/producte\\\/deportivas-blancas-doble-velcro-coqueflex#local-main-organization-logo\",\"url\":\"https:\\\/\\\/somllavors.com\\\/wp-content\\\/uploads\\\/Logotip-Som-Llavors.jpg\",\"contentUrl\":\"https:\\\/\\\/somllavors.com\\\/wp-content\\\/uploads\\\/Logotip-Som-Llavors.jpg\",\"width\":1444,\"height\":1323,\"caption\":\"Som Llavors\"}]}<\/script>\n<meta property=\"og:availability\" content=\"instock\" \/>\n<meta property=\"product:availability\" content=\"instock\" \/>\n<meta property=\"product:retailer_item_id\" content=\"15169\" \/>\n<meta property=\"product:condition\" content=\"new\" \/>\n<meta name=\"geo.placename\" content=\"Vilanova i la Geltr\u00fa\" \/>\n<meta name=\"geo.position\" content=\"41.2257737;1.723258859\" \/>\n<meta name=\"geo.region\" content=\"Espa\u00f1a\" \/>\n<!-- \/ Yoast SEO Premium plugin. -->","yoast_head_json":{"title":"Deportivas blancas doble velcro - CoqueFlex &#8212; Som Llavors","description":"Deportivas con doble velcro de microfibra, de la mano de CoqueFlex, una marca espa\u00f1ola de gran calidad.  Alta flexibilidad  0 drop  Horma ancha para permitir la libertad de movimiento de los dedos.  Ligeras, transpirables i resistentes.","robots":{"index":"index","follow":"follow","max-snippet":"max-snippet:-1","max-image-preview":"max-image-preview:large","max-video-preview":"max-video-preview:-1"},"canonical":"https:\/\/somllavors.com\/es\/producte\/deportivas-blancas-doble-velcro-coqueflex","og_locale":"es_ES","og_type":"article","og_title":"Deportivas blancas doble velcro - CoqueFlex","og_description":"La teva botiga d\u2019ecocrian\u00e7a i espai d\u2019acompanyament a la maternitat","og_url":"https:\/\/somllavors.com\/es\/producte\/deportivas-blancas-doble-velcro-coqueflex","og_site_name":"Som Llavors","article_publisher":"https:\/\/www.facebook.com\/somllavorsvng\/?locale=ca_ES","article_modified_time":"2025-09-20T08:17:24+00:00","og_image":[{"width":1080,"height":1080,"url":"https:\/\/somllavors.com\/wp-content\/uploads\/2024\/08\/calcat-respectuos-coqueflex-2.jpg","type":"image\/jpeg"}],"twitter_card":"summary_large_image","twitter_misc":{"Availability":"Hay existencias"},"schema":{"@context":"https:\/\/schema.org","@graph":[{"@type":"WebPage","@id":"https:\/\/somllavors.com\/es\/producte\/deportivas-blancas-doble-velcro-coqueflex","url":"https:\/\/somllavors.com\/es\/producte\/deportivas-blancas-doble-velcro-coqueflex","name":"Deportivas blancas doble velcro - CoqueFlex &#8212; Som Llavors","isPartOf":{"@id":"https:\/\/somllavors.com\/es#website"},"primaryImageOfPage":{"@id":"https:\/\/somllavors.com\/es\/producte\/deportivas-blancas-doble-velcro-coqueflex#primaryimage"},"image":{"@id":"https:\/\/somllavors.com\/es\/producte\/deportivas-blancas-doble-velcro-coqueflex#primaryimage"},"thumbnailUrl":"https:\/\/somllavors.com\/wp-content\/uploads\/2024\/08\/calcat-respectuos-coqueflex-2.jpg","datePublished":"2024-08-19T11:09:24+00:00","dateModified":"2025-09-20T08:17:24+00:00","description":"Deportivas con doble velcro de microfibra, de la mano de CoqueFlex, una marca espa\u00f1ola de gran calidad. Alta flexibilidad 0 drop Horma ancha para permitir la libertad de movimiento de los dedos. Ligeras, transpirables i resistentes.","breadcrumb":{"@id":"https:\/\/somllavors.com\/es\/producte\/deportivas-blancas-doble-velcro-coqueflex#breadcrumb"},"inLanguage":"es","potentialAction":[{"@type":"ReadAction","target":["https:\/\/somllavors.com\/es\/producte\/deportivas-blancas-doble-velcro-coqueflex"]}]},{"@type":"ImageObject","inLanguage":"es","@id":"https:\/\/somllavors.com\/es\/producte\/deportivas-blancas-doble-velcro-coqueflex#primaryimage","url":"https:\/\/somllavors.com\/wp-content\/uploads\/2024\/08\/calcat-respectuos-coqueflex-2.jpg","contentUrl":"https:\/\/somllavors.com\/wp-content\/uploads\/2024\/08\/calcat-respectuos-coqueflex-2.jpg","width":1080,"height":1080,"caption":"cal\u00e7at respectuos coqueflex"},{"@type":"BreadcrumbList","@id":"https:\/\/somllavors.com\/es\/producte\/deportivas-blancas-doble-velcro-coqueflex#breadcrumb","itemListElement":[{"@type":"ListItem","position":1,"name":"Inici","item":"https:\/\/somllavors.com\/es"},{"@type":"ListItem","position":2,"name":"Tienda","item":"https:\/\/somllavors.com\/es\/botiga-2"},{"@type":"ListItem","position":3,"name":"Deportivas blancas doble velcro &#8211; CoqueFlex"}]},{"@type":"WebSite","@id":"https:\/\/somllavors.com\/es#website","url":"https:\/\/somllavors.com\/es","name":"Som Llavors","description":"Botiga de crian\u00e7a natural","publisher":{"@id":"https:\/\/somllavors.com\/es#organization"},"alternateName":"Crian\u00e7a Natural i Sostenible","potentialAction":[{"@type":"SearchAction","target":{"@type":"EntryPoint","urlTemplate":"https:\/\/somllavors.com\/es?s={search_term_string}"},"query-input":{"@type":"PropertyValueSpecification","valueRequired":true,"valueName":"search_term_string"}}],"inLanguage":"es"},{"@type":["Organization","Place","Store"],"@id":"https:\/\/somllavors.com\/es#organization","name":"Som Llavors","alternateName":"Crian\u00e7a Natural i Sostenible","url":"https:\/\/somllavors.com\/es","logo":{"@id":"https:\/\/somllavors.com\/es\/producte\/deportivas-blancas-doble-velcro-coqueflex#local-main-organization-logo"},"image":{"@id":"https:\/\/somllavors.com\/es\/producte\/deportivas-blancas-doble-velcro-coqueflex#local-main-organization-logo"},"sameAs":["https:\/\/www.facebook.com\/somllavorsvng\/?locale=ca_ES","https:\/\/www.instagram.com\/somllavors_vng\/","https:\/\/www.youtube.com\/@somllavors"],"address":{"@id":"https:\/\/somllavors.com\/es\/producte\/deportivas-blancas-doble-velcro-coqueflex#local-main-place-address"},"geo":{"@type":"GeoCoordinates","latitude":"41.2257737","longitude":"1.723258859"},"telephone":["623152704","623152704"],"openingHoursSpecification":[{"@type":"OpeningHoursSpecification","dayOfWeek":["Monday","Sunday"],"opens":"00:00","closes":"00:00"},{"@type":"OpeningHoursSpecification","dayOfWeek":["Tuesday","Wednesday","Thursday","Friday"],"opens":"10:00","closes":"20:00"},{"@type":"OpeningHoursSpecification","dayOfWeek":["Saturday"],"opens":"10:00","closes":"13:30"}],"email":"info@somllavors.com"},{"@type":"PostalAddress","@id":"https:\/\/somllavors.com\/es\/producte\/deportivas-blancas-doble-velcro-coqueflex#local-main-place-address","streetAddress":"Carrer de l'aigua, 6","addressLocality":"Vilanova i la Geltr\u00fa","postalCode":"08800","addressRegion":"Barcelona","addressCountry":"ES"},{"@type":"ImageObject","inLanguage":"es","@id":"https:\/\/somllavors.com\/es\/producte\/deportivas-blancas-doble-velcro-coqueflex#local-main-organization-logo","url":"https:\/\/somllavors.com\/wp-content\/uploads\/Logotip-Som-Llavors.jpg","contentUrl":"https:\/\/somllavors.com\/wp-content\/uploads\/Logotip-Som-Llavors.jpg","width":1444,"height":1323,"caption":"Som Llavors"}]},"og_availability":"instock","product_availability":"instock","product_retailer_item_id":"15169","product_condition":"new","geo.placename":"Vilanova i la Geltr\u00fa","geo.position":{"lat":"41.2257737","long":"1.723258859"},"geo.region":"Espa\u00f1a"},"brands":[{"id":4890,"name":"CoqueFlex","slug":"coqueflex"}],"_links":{"self":[{"href":"https:\/\/somllavors.com\/es\/wp-json\/wp\/v2\/product\/63894","targetHints":{"allow":["GET"]}}],"collection":[{"href":"https:\/\/somllavors.com\/es\/wp-json\/wp\/v2\/product"}],"about":[{"href":"https:\/\/somllavors.com\/es\/wp-json\/wp\/v2\/types\/product"}],"wp:featuredmedia":[{"embeddable":true,"href":"https:\/\/somllavors.com\/es\/wp-json\/wp\/v2\/media\/63344"}],"wp:attachment":[{"href":"https:\/\/somllavors.com\/es\/wp-json\/wp\/v2\/media?parent=63894"}],"wp:term":[{"taxonomy":"pwb-brand","embeddable":true,"href":"https:\/\/somllavors.com\/es\/wp-json\/wp\/v2\/pwb-brand?post=63894"},{"taxonomy":"product_brand","embeddable":true,"href":"https:\/\/somllavors.com\/es\/wp-json\/wp\/v2\/product_brand?post=63894"},{"taxonomy":"product_cat","embeddable":true,"href":"https:\/\/somllavors.com\/es\/wp-json\/wp\/v2\/product_cat?post=63894"},{"taxonomy":"product_tag","embeddable":true,"href":"https:\/\/somllavors.com\/es\/wp-json\/wp\/v2\/product_tag?post=63894"}],"curies":[{"name":"wp","href":"https:\/\/api.w.org\/{rel}","templated":true}]}}