{"id":64438,"date":"2024-08-30T09:28:08","date_gmt":"2024-08-30T07:28:08","guid":{"rendered":"https:\/\/somllavors.com\/?post_type=product&#038;p=64438"},"modified":"2025-07-17T13:19:04","modified_gmt":"2025-07-17T11:19:04","slug":"meichila-limas-floral-beige-stokke","status":"publish","type":"product","link":"https:\/\/somllavors.com\/es\/producte\/meichila-limas-floral-beige-stokke","title":{"rendered":"Meichila Limas Floral Beige- Stokke"},"content":{"rendered":"<ul>\n<li>Fabricado con 50% algod\u00f3n org\u00e1nico i 50% lino<\/li>\n<li>Es un portabeb\u00e9s de media hebilla fabricado con tejidos envolventes y proporciona libertad de movimiento y seguridad en todo momento<\/li>\n<li>Fabricado con algod\u00f3n org\u00e1nico suave y lino, se ampl\u00eda a medida que el beb\u00e9 crece para mantenerlo c\u00f3modo y cerca<\/li>\n<li>Aunque este portabeb\u00e9s est\u00e1 perfectamente dise\u00f1ado para los reci\u00e9n nacidos, gracias a la base ajustable y al panel trasero, se puede ampliar al tama\u00f1o de tu beb\u00e9 para ofrecer una posici\u00f3n de asiento en cuclillas durante esos primeros a\u00f1os hasta los 15 kg<\/li>\n<li>Las opciones de transporte frontal, en la espalda y en la cadera ofrecen a los padres una gran flexibilidad<\/li>\n<li>Los tirantes extensibles, fabricados con tejidos de doble capa, ayudan a distribuir el peso del beb\u00e9 de forma uniforme durante el transporte<\/li>\n<li>El portabeb\u00e9s es f\u00e1cil de usar: solo hay que abrochar el cintur\u00f3n y tras colocarse el portabeb\u00e9s, tirar de las correas y atarlas con un nudo doble<\/li>\n<li>Tirantes anchos y extensibles de tejido de 2 capas para llevar al beb\u00e9. M\u00e1s estrechos hacia los extremos para facilitar el anudado<\/li>\n<li>Acolchado para hombros insertable para mayor flexibilidad (incluido)<\/li>\n<li>La base garantiza que el beb\u00e9 estar\u00e1 sentado correctamente en posici\u00f3n de cuclillas<\/li>\n<li>Base regulable (de 20 a 42 cm) para garantizar una correcta posici\u00f3n de cuclillas<\/li>\n<li>Cintur\u00f3n recto y acolchado con hebilla acolchada (ajustable de 60 a 140 cm)<\/li>\n<li>La altura del panel trasero se puede ajustar doblando el cintur\u00f3n<\/li>\n<li>Incluye una correa para pectoral para llevar el beb\u00e9 a la espalda<\/li>\n<li>Se puede lavar a m\u00e1quina a baja temperatura (40\u00baC) y con poco centrifugado<\/li>\n<\/ul>\n<div class=\"css-1koat50\">\n<div class=\"css-10e2qm9\" data-testid=\"product-details-page_product-usp\">\n<div class=\"styled-content css-fmzwi7\"><\/div>\n<\/div>\n<\/div>\n<div class=\"cms-page-module css-0\">\n<div class=\"cms-page-module\" data-template-id=\"552101051\" data-template-name=\"card-slider-new-vi\" data-page-module-id=\"408460816\">\n<section id=\"\" class=\"sk-component sk-component__card-slider id-408460816\" data-slider-id=\"cards-carousel-limas-relaunch-2024\">\n<div class=\"sk-content-column sk-content-column--card-slider\"><\/div>\n<\/section>\n<\/div>\n<\/div>\n","protected":false},"excerpt":{"rendered":"<div class=\"chakra-stack css-btweb\">\n<h6 class=\"chakra-text css-aqv6gz\"><span style=\"font-size: 1.1em; font-weight: bold;\">Portabeb\u00e9s de media hebilla para disfrutar de una comodidad y un apoyo \u00f3ptimos. Desde reci\u00e9n nacido.<\/span><\/h6>\n<\/div>\n<div class=\"chakra-stack css-btweb\">\n<div class=\"styled-content css-1m14nmw\">\n<ul>\n<li>Ajustable a medida que el beb\u00e9 crece de 3,2 a 15 kg\u200b<\/li>\n<li>Apoyo y comodidad ergon\u00f3micos\u200b<\/li>\n<li>F\u00e1cil de usar con opciones de transporte frontal, en la espalda y en la cadera\u200b<\/li>\n<li>Ligero y porte ajustado\u200b<\/li>\n<\/ul>\n<\/div>\n<\/div>\n","protected":false},"featured_media":64461,"template":"","meta":{"_acf_changed":false,"site-sidebar-layout":"default","site-content-layout":"","ast-site-content-layout":"default","site-content-style":"default","site-sidebar-style":"default","ast-global-header-display":"","ast-banner-title-visibility":"","ast-main-header-display":"","ast-hfb-above-header-display":"","ast-hfb-below-header-display":"","ast-hfb-mobile-header-display":"","site-post-title":"","ast-breadcrumbs-content":"","ast-featured-img":"","footer-sml-layout":"","theme-transparent-header-meta":"default","adv-header-id-meta":"","stick-header-meta":"","header-above-stick-meta":"","header-main-stick-meta":"","header-below-stick-meta":"","astra-migrate-meta-layouts":"set","ast-page-background-enabled":"default","ast-page-background-meta":{"desktop":{"background-color":"","background-image":"","background-repeat":"repeat","background-position":"center center","background-size":"auto","background-attachment":"scroll","background-type":"","background-media":"","overlay-type":"","overlay-color":"","overlay-opacity":"","overlay-gradient":""},"tablet":{"background-color":"","background-image":"","background-repeat":"repeat","background-position":"center center","background-size":"auto","background-attachment":"scroll","background-type":"","background-media":"","overlay-type":"","overlay-color":"","overlay-opacity":"","overlay-gradient":""},"mobile":{"background-color":"","background-image":"","background-repeat":"repeat","background-position":"center center","background-size":"auto","background-attachment":"scroll","background-type":"","background-media":"","overlay-type":"","overlay-color":"","overlay-opacity":"","overlay-gradient":""}},"ast-content-background-meta":{"desktop":{"background-color":"var(--ast-global-color-5)","background-image":"","background-repeat":"repeat","background-position":"center center","background-size":"auto","background-attachment":"scroll","background-type":"","background-media":"","overlay-type":"","overlay-color":"","overlay-opacity":"","overlay-gradient":""},"tablet":{"background-color":"var(--ast-global-color-5)","background-image":"","background-repeat":"repeat","background-position":"center center","background-size":"auto","background-attachment":"scroll","background-type":"","background-media":"","overlay-type":"","overlay-color":"","overlay-opacity":"","overlay-gradient":""},"mobile":{"background-color":"var(--ast-global-color-5)","background-image":"","background-repeat":"repeat","background-position":"center center","background-size":"auto","background-attachment":"scroll","background-type":"","background-media":"","overlay-type":"","overlay-color":"","overlay-opacity":"","overlay-gradient":""}}},"pwb-brand":[],"product_brand":[],"product_cat":[3605,3606],"product_tag":[],"class_list":{"0":"post-64438","1":"product","2":"type-product","3":"status-publish","4":"has-post-thumbnail","6":"product_cat-mei-tais","7":"product_cat-mochilas-ergonomicas","8":"desktop-align-left","9":"tablet-align-left","10":"mobile-align-left","12":"first","13":"outofstock","14":"taxable","15":"shipping-taxable","16":"purchasable","17":"product-type-simple"},"acf":[],"yoast_head":"<!-- This site is optimized with the Yoast SEO Premium plugin v18.3 (Yoast SEO v26.2) - https:\/\/yoast.com\/wordpress\/plugins\/seo\/ -->\n<title>Meichila Limas Floral Beige- Stokke &#8212; Som Llavors<\/title>\n<meta name=\"description\" content=\"Portabeb\u00e9s de media hebilla para disfrutar de una comodidad y un apoyo \u00f3ptimos. Desde reci\u00e9n nacido.      Ajustable a medida que el beb\u00e9 crece de 3,2 a 15 kg\u200b  Apoyo y comodidad ergon\u00f3micos\u200b  F\u00e1cil de usar con opciones de transporte frontal, en la espalda y en la cadera\u200b  Ligero y porte ajustado\u200b\" \/>\n<meta name=\"robots\" content=\"index, follow, max-snippet:-1, max-image-preview:large, max-video-preview:-1\" \/>\n<link rel=\"canonical\" href=\"https:\/\/somllavors.com\/es\/producte\/meichila-limas-floral-beige-stokke\" \/>\n<meta property=\"og:locale\" content=\"es_ES\" \/>\n<meta property=\"og:type\" content=\"article\" \/>\n<meta property=\"og:title\" content=\"Meichila Limas Floral Beige- Stokke\" \/>\n<meta property=\"og:description\" content=\"La teva botiga d\u2019ecocrian\u00e7a i espai d\u2019acompanyament a la maternitat\" \/>\n<meta property=\"og:url\" content=\"https:\/\/somllavors.com\/es\/producte\/meichila-limas-floral-beige-stokke\" \/>\n<meta property=\"og:site_name\" content=\"Som Llavors\" \/>\n<meta property=\"article:publisher\" content=\"https:\/\/www.facebook.com\/somllavorsvng\/?locale=ca_ES\" \/>\n<meta property=\"article:modified_time\" content=\"2025-07-17T11:19:04+00:00\" \/>\n<meta property=\"og:image\" content=\"https:\/\/somllavors.com\/wp-content\/uploads\/2024\/08\/Som-Llavors-StokkeLimasCarrier-FloralBeige-619214.jpg\" \/>\n\t<meta property=\"og:image:width\" content=\"938\" \/>\n\t<meta property=\"og:image:height\" content=\"1072\" \/>\n\t<meta property=\"og:image:type\" content=\"image\/jpeg\" \/>\n<meta name=\"twitter:card\" content=\"summary_large_image\" \/>\n<meta name=\"twitter:label1\" content=\"Precio\" \/>\n\t<meta name=\"twitter:data1\" content=\"139,00&euro; Iva incl\u00f2s\" \/>\n\t<meta name=\"twitter:label2\" content=\"Availability\" \/>\n\t<meta name=\"twitter:data2\" content=\"Out of stock\" \/>\n<script type=\"application\/ld+json\" class=\"yoast-schema-graph\">{\"@context\":\"https:\/\/schema.org\",\"@graph\":[{\"@type\":\"WebPage\",\"@id\":\"https:\/\/somllavors.com\/es\/producte\/meichila-limas-floral-beige-stokke\",\"url\":\"https:\/\/somllavors.com\/es\/producte\/meichila-limas-floral-beige-stokke\",\"name\":\"Meichila Limas Floral Beige- Stokke &#8212; Som Llavors\",\"isPartOf\":{\"@id\":\"https:\/\/somllavors.com\/es#website\"},\"primaryImageOfPage\":{\"@id\":\"https:\/\/somllavors.com\/es\/producte\/meichila-limas-floral-beige-stokke#primaryimage\"},\"image\":{\"@id\":\"https:\/\/somllavors.com\/es\/producte\/meichila-limas-floral-beige-stokke#primaryimage\"},\"thumbnailUrl\":\"https:\/\/somllavors.com\/wp-content\/uploads\/2024\/08\/Som-Llavors-StokkeLimasCarrier-FloralBeige-619214.jpg\",\"datePublished\":\"2024-08-30T07:28:08+00:00\",\"dateModified\":\"2025-07-17T11:19:04+00:00\",\"description\":\"Portabeb\u00e9s de media hebilla para disfrutar de una comodidad y un apoyo \u00f3ptimos. Desde reci\u00e9n nacido. Ajustable a medida que el beb\u00e9 crece de 3,2 a 15 kg\u200b Apoyo y comodidad ergon\u00f3micos\u200b F\u00e1cil de usar con opciones de transporte frontal, en la espalda y en la cadera\u200b Ligero y porte ajustado\u200b\",\"breadcrumb\":{\"@id\":\"https:\/\/somllavors.com\/es\/producte\/meichila-limas-floral-beige-stokke#breadcrumb\"},\"inLanguage\":\"es\",\"potentialAction\":[{\"@type\":\"ReadAction\",\"target\":[\"https:\/\/somllavors.com\/es\/producte\/meichila-limas-floral-beige-stokke\"]}]},{\"@type\":\"ImageObject\",\"inLanguage\":\"es\",\"@id\":\"https:\/\/somllavors.com\/es\/producte\/meichila-limas-floral-beige-stokke#primaryimage\",\"url\":\"https:\/\/somllavors.com\/wp-content\/uploads\/2024\/08\/Som-Llavors-StokkeLimasCarrier-FloralBeige-619214.jpg\",\"contentUrl\":\"https:\/\/somllavors.com\/wp-content\/uploads\/2024\/08\/Som-Llavors-StokkeLimasCarrier-FloralBeige-619214.jpg\",\"width\":938,\"height\":1072,\"caption\":\"meichila stokke\"},{\"@type\":\"BreadcrumbList\",\"@id\":\"https:\/\/somllavors.com\/es\/producte\/meichila-limas-floral-beige-stokke#breadcrumb\",\"itemListElement\":[{\"@type\":\"ListItem\",\"position\":1,\"name\":\"Inici\",\"item\":\"https:\/\/somllavors.com\/es\"},{\"@type\":\"ListItem\",\"position\":2,\"name\":\"Tienda\",\"item\":\"https:\/\/somllavors.com\/es\/botiga-2\"},{\"@type\":\"ListItem\",\"position\":3,\"name\":\"Meichila Limas Floral Beige- Stokke\"}]},{\"@type\":\"WebSite\",\"@id\":\"https:\/\/somllavors.com\/es#website\",\"url\":\"https:\/\/somllavors.com\/es\",\"name\":\"Som Llavors\",\"description\":\"Botiga de crian\u00e7a natural\",\"publisher\":{\"@id\":\"https:\/\/somllavors.com\/es#organization\"},\"alternateName\":\"Crian\u00e7a Natural i Sostenible\",\"potentialAction\":[{\"@type\":\"SearchAction\",\"target\":{\"@type\":\"EntryPoint\",\"urlTemplate\":\"https:\/\/somllavors.com\/es?s={search_term_string}\"},\"query-input\":{\"@type\":\"PropertyValueSpecification\",\"valueRequired\":true,\"valueName\":\"search_term_string\"}}],\"inLanguage\":\"es\"},{\"@type\":[\"Organization\",\"Place\",\"Store\"],\"@id\":\"https:\/\/somllavors.com\/es#organization\",\"name\":\"Som Llavors\",\"alternateName\":\"Crian\u00e7a Natural i Sostenible\",\"url\":\"https:\/\/somllavors.com\/es\",\"logo\":{\"@id\":\"https:\/\/somllavors.com\/es\/producte\/meichila-limas-floral-beige-stokke#local-main-organization-logo\"},\"image\":{\"@id\":\"https:\/\/somllavors.com\/es\/producte\/meichila-limas-floral-beige-stokke#local-main-organization-logo\"},\"sameAs\":[\"https:\/\/www.facebook.com\/somllavorsvng\/?locale=ca_ES\",\"https:\/\/www.instagram.com\/somllavors_vng\/\",\"https:\/\/www.youtube.com\/@somllavors\"],\"address\":{\"@id\":\"https:\/\/somllavors.com\/es\/producte\/meichila-limas-floral-beige-stokke#local-main-place-address\"},\"geo\":{\"@type\":\"GeoCoordinates\",\"latitude\":\"41.2257737\",\"longitude\":\"1.723258859\"},\"telephone\":[\"623152704\"],\"openingHoursSpecification\":[{\"@type\":\"OpeningHoursSpecification\",\"dayOfWeek\":[\"Monday\",\"Sunday\"],\"opens\":\"00:00\",\"closes\":\"00:00\"},{\"@type\":\"OpeningHoursSpecification\",\"dayOfWeek\":[\"Tuesday\",\"Wednesday\",\"Thursday\",\"Friday\"],\"opens\":\"10:00\",\"closes\":\"20:00\"},{\"@type\":\"OpeningHoursSpecification\",\"dayOfWeek\":[\"Saturday\"],\"opens\":\"10:00\",\"closes\":\"13:30\"}],\"email\":\"info@somllavors.com\"},{\"@type\":\"PostalAddress\",\"@id\":\"https:\/\/somllavors.com\/es\/producte\/meichila-limas-floral-beige-stokke#local-main-place-address\",\"streetAddress\":\"Carrer de l'aigua, 6\",\"addressLocality\":\"Vilanova i la Geltr\u00fa\",\"postalCode\":\"08800\",\"addressRegion\":\"Barcelona\",\"addressCountry\":\"ES\"},{\"@type\":\"ImageObject\",\"inLanguage\":\"es\",\"@id\":\"https:\/\/somllavors.com\/es\/producte\/meichila-limas-floral-beige-stokke#local-main-organization-logo\",\"url\":\"https:\/\/somllavors.com\/wp-content\/uploads\/Logotip-Som-Llavors.jpg\",\"contentUrl\":\"https:\/\/somllavors.com\/wp-content\/uploads\/Logotip-Som-Llavors.jpg\",\"width\":1444,\"height\":1323,\"caption\":\"Som Llavors\"}]}<\/script>\n<meta property=\"product:price:amount\" content=\"139.00\" \/>\n<meta property=\"product:price:currency\" content=\"EUR\" \/>\n<meta property=\"og:availability\" content=\"out of stock\" \/>\n<meta property=\"product:availability\" content=\"out of stock\" \/>\n<meta property=\"product:retailer_item_id\" content=\"619214\" \/>\n<meta property=\"product:condition\" content=\"new\" \/>\n<meta name=\"geo.placename\" content=\"Vilanova i la Geltr\u00fa\" \/>\n<meta name=\"geo.position\" content=\"41.2257737;1.723258859\" \/>\n<meta name=\"geo.region\" content=\"Espa\u00f1a\" \/>\n<!-- \/ Yoast SEO Premium plugin. -->","yoast_head_json":{"title":"Meichila Limas Floral Beige- Stokke &#8212; Som Llavors","description":"Portabeb\u00e9s de media hebilla para disfrutar de una comodidad y un apoyo \u00f3ptimos. Desde reci\u00e9n nacido.      Ajustable a medida que el beb\u00e9 crece de 3,2 a 15 kg\u200b  Apoyo y comodidad ergon\u00f3micos\u200b  F\u00e1cil de usar con opciones de transporte frontal, en la espalda y en la cadera\u200b  Ligero y porte ajustado\u200b","robots":{"index":"index","follow":"follow","max-snippet":"max-snippet:-1","max-image-preview":"max-image-preview:large","max-video-preview":"max-video-preview:-1"},"canonical":"https:\/\/somllavors.com\/es\/producte\/meichila-limas-floral-beige-stokke","og_locale":"es_ES","og_type":"article","og_title":"Meichila Limas Floral Beige- Stokke","og_description":"La teva botiga d\u2019ecocrian\u00e7a i espai d\u2019acompanyament a la maternitat","og_url":"https:\/\/somllavors.com\/es\/producte\/meichila-limas-floral-beige-stokke","og_site_name":"Som Llavors","article_publisher":"https:\/\/www.facebook.com\/somllavorsvng\/?locale=ca_ES","article_modified_time":"2025-07-17T11:19:04+00:00","og_image":[{"width":938,"height":1072,"url":"https:\/\/somllavors.com\/wp-content\/uploads\/2024\/08\/Som-Llavors-StokkeLimasCarrier-FloralBeige-619214.jpg","type":"image\/jpeg"}],"twitter_card":"summary_large_image","twitter_misc":{"Precio":"139,00&euro; Iva incl\u00f2s","Availability":"Out of stock"},"schema":{"@context":"https:\/\/schema.org","@graph":[{"@type":"WebPage","@id":"https:\/\/somllavors.com\/es\/producte\/meichila-limas-floral-beige-stokke","url":"https:\/\/somllavors.com\/es\/producte\/meichila-limas-floral-beige-stokke","name":"Meichila Limas Floral Beige- Stokke &#8212; Som Llavors","isPartOf":{"@id":"https:\/\/somllavors.com\/es#website"},"primaryImageOfPage":{"@id":"https:\/\/somllavors.com\/es\/producte\/meichila-limas-floral-beige-stokke#primaryimage"},"image":{"@id":"https:\/\/somllavors.com\/es\/producte\/meichila-limas-floral-beige-stokke#primaryimage"},"thumbnailUrl":"https:\/\/somllavors.com\/wp-content\/uploads\/2024\/08\/Som-Llavors-StokkeLimasCarrier-FloralBeige-619214.jpg","datePublished":"2024-08-30T07:28:08+00:00","dateModified":"2025-07-17T11:19:04+00:00","description":"Portabeb\u00e9s de media hebilla para disfrutar de una comodidad y un apoyo \u00f3ptimos. Desde reci\u00e9n nacido. Ajustable a medida que el beb\u00e9 crece de 3,2 a 15 kg\u200b Apoyo y comodidad ergon\u00f3micos\u200b F\u00e1cil de usar con opciones de transporte frontal, en la espalda y en la cadera\u200b Ligero y porte ajustado\u200b","breadcrumb":{"@id":"https:\/\/somllavors.com\/es\/producte\/meichila-limas-floral-beige-stokke#breadcrumb"},"inLanguage":"es","potentialAction":[{"@type":"ReadAction","target":["https:\/\/somllavors.com\/es\/producte\/meichila-limas-floral-beige-stokke"]}]},{"@type":"ImageObject","inLanguage":"es","@id":"https:\/\/somllavors.com\/es\/producte\/meichila-limas-floral-beige-stokke#primaryimage","url":"https:\/\/somllavors.com\/wp-content\/uploads\/2024\/08\/Som-Llavors-StokkeLimasCarrier-FloralBeige-619214.jpg","contentUrl":"https:\/\/somllavors.com\/wp-content\/uploads\/2024\/08\/Som-Llavors-StokkeLimasCarrier-FloralBeige-619214.jpg","width":938,"height":1072,"caption":"meichila stokke"},{"@type":"BreadcrumbList","@id":"https:\/\/somllavors.com\/es\/producte\/meichila-limas-floral-beige-stokke#breadcrumb","itemListElement":[{"@type":"ListItem","position":1,"name":"Inici","item":"https:\/\/somllavors.com\/es"},{"@type":"ListItem","position":2,"name":"Tienda","item":"https:\/\/somllavors.com\/es\/botiga-2"},{"@type":"ListItem","position":3,"name":"Meichila Limas Floral Beige- Stokke"}]},{"@type":"WebSite","@id":"https:\/\/somllavors.com\/es#website","url":"https:\/\/somllavors.com\/es","name":"Som Llavors","description":"Botiga de crian\u00e7a natural","publisher":{"@id":"https:\/\/somllavors.com\/es#organization"},"alternateName":"Crian\u00e7a Natural i Sostenible","potentialAction":[{"@type":"SearchAction","target":{"@type":"EntryPoint","urlTemplate":"https:\/\/somllavors.com\/es?s={search_term_string}"},"query-input":{"@type":"PropertyValueSpecification","valueRequired":true,"valueName":"search_term_string"}}],"inLanguage":"es"},{"@type":["Organization","Place","Store"],"@id":"https:\/\/somllavors.com\/es#organization","name":"Som Llavors","alternateName":"Crian\u00e7a Natural i Sostenible","url":"https:\/\/somllavors.com\/es","logo":{"@id":"https:\/\/somllavors.com\/es\/producte\/meichila-limas-floral-beige-stokke#local-main-organization-logo"},"image":{"@id":"https:\/\/somllavors.com\/es\/producte\/meichila-limas-floral-beige-stokke#local-main-organization-logo"},"sameAs":["https:\/\/www.facebook.com\/somllavorsvng\/?locale=ca_ES","https:\/\/www.instagram.com\/somllavors_vng\/","https:\/\/www.youtube.com\/@somllavors"],"address":{"@id":"https:\/\/somllavors.com\/es\/producte\/meichila-limas-floral-beige-stokke#local-main-place-address"},"geo":{"@type":"GeoCoordinates","latitude":"41.2257737","longitude":"1.723258859"},"telephone":["623152704","623152704"],"openingHoursSpecification":[{"@type":"OpeningHoursSpecification","dayOfWeek":["Monday","Sunday"],"opens":"00:00","closes":"00:00"},{"@type":"OpeningHoursSpecification","dayOfWeek":["Tuesday","Wednesday","Thursday","Friday"],"opens":"10:00","closes":"20:00"},{"@type":"OpeningHoursSpecification","dayOfWeek":["Saturday"],"opens":"10:00","closes":"13:30"}],"email":"info@somllavors.com"},{"@type":"PostalAddress","@id":"https:\/\/somllavors.com\/es\/producte\/meichila-limas-floral-beige-stokke#local-main-place-address","streetAddress":"Carrer de l'aigua, 6","addressLocality":"Vilanova i la Geltr\u00fa","postalCode":"08800","addressRegion":"Barcelona","addressCountry":"ES"},{"@type":"ImageObject","inLanguage":"es","@id":"https:\/\/somllavors.com\/es\/producte\/meichila-limas-floral-beige-stokke#local-main-organization-logo","url":"https:\/\/somllavors.com\/wp-content\/uploads\/Logotip-Som-Llavors.jpg","contentUrl":"https:\/\/somllavors.com\/wp-content\/uploads\/Logotip-Som-Llavors.jpg","width":1444,"height":1323,"caption":"Som Llavors"}]},"product_price_amount":"139.00","product_price_currency":"EUR","og_availability":"out of stock","product_availability":"out of stock","product_retailer_item_id":"619214","product_condition":"new","geo.placename":"Vilanova i la Geltr\u00fa","geo.position":{"lat":"41.2257737","long":"1.723258859"},"geo.region":"Espa\u00f1a"},"brands":[],"_links":{"self":[{"href":"https:\/\/somllavors.com\/es\/wp-json\/wp\/v2\/product\/64438","targetHints":{"allow":["GET"]}}],"collection":[{"href":"https:\/\/somllavors.com\/es\/wp-json\/wp\/v2\/product"}],"about":[{"href":"https:\/\/somllavors.com\/es\/wp-json\/wp\/v2\/types\/product"}],"wp:featuredmedia":[{"embeddable":true,"href":"https:\/\/somllavors.com\/es\/wp-json\/wp\/v2\/media\/64461"}],"wp:attachment":[{"href":"https:\/\/somllavors.com\/es\/wp-json\/wp\/v2\/media?parent=64438"}],"wp:term":[{"taxonomy":"pwb-brand","embeddable":true,"href":"https:\/\/somllavors.com\/es\/wp-json\/wp\/v2\/pwb-brand?post=64438"},{"taxonomy":"product_brand","embeddable":true,"href":"https:\/\/somllavors.com\/es\/wp-json\/wp\/v2\/product_brand?post=64438"},{"taxonomy":"product_cat","embeddable":true,"href":"https:\/\/somllavors.com\/es\/wp-json\/wp\/v2\/product_cat?post=64438"},{"taxonomy":"product_tag","embeddable":true,"href":"https:\/\/somllavors.com\/es\/wp-json\/wp\/v2\/product_tag?post=64438"}],"curies":[{"name":"wp","href":"https:\/\/api.w.org\/{rel}","templated":true}]}}