{"id":66039,"date":"2024-09-17T13:13:48","date_gmt":"2024-09-17T11:13:48","guid":{"rendered":"https:\/\/somllavors.com\/?post_type=product&#038;p=66039"},"modified":"2024-09-24T14:57:20","modified_gmt":"2024-09-24T12:57:20","slug":"izi-turn-i-size-besafe","status":"publish","type":"product","link":"https:\/\/somllavors.com\/es\/producte\/izi-turn-i-size-besafe","title":{"rendered":"iZi Turn i-size &#8211; BeSafe"},"content":{"rendered":"<h2>Caracter\u00edsticas principales:<\/h2>\n<p><img decoding=\"async\" class=\"alignright\" src=\"https:\/\/www.besafe.com\/4a443c\/globalassets\/inriverimages\/commerce-besafe\/besafe_izi-turn-i-size_usp-picture_productpage-highlight-101.png\" alt=\"BeSafe iZi Turn i Size USP picture Productpage highlight 101\" \/><\/p>\n<ol>\n<li><strong>Gira 360\u00b0<\/strong><br \/>\nEsta silla se puede girar para facilitarle el acceso al ni\u00f1o y ofrece una posici\u00f3n ergon\u00f3mica para que los adultos ayuden al ni\u00f1o a entrar y salir de la silla.\u00a0Esto es ideal si utilizas la silla para viajes cortos y entras y salas con frecuencia del coche. A medida que el ni\u00f1o crezca, se puede girar la silla 360\u00b0.<\/li>\n<li><strong>Dynamic Force Absorber<\/strong><br \/>\nUn reposacabezas innovador y protector, fabricado con materiales especiales, que absorbe de forma \u00f3ptima a las fuerzas de cualquier impacto.<\/li>\n<li><strong>Universal Level Technology<\/strong><br \/>\nPor fin, una tecnolog\u00eda que resuelve el problema de las sillas de coche que se reclinan excesivamente. Nuestra innovadora construcci\u00f3n garantiza el mismo \u00e1ngulo para cualquier silla de coche, independientemente del modelo de coche.<\/li>\n<li><strong>Magnetic Belt Assistants<\/strong><br \/>\nEl uso de estos peque\u00f1os imanes en el lateral de la silla permite evitar f\u00e1cilmente que los cinturones estorben al subir o bajar al ni\u00f1o del coche.<\/li>\n<\/ol>\n<h3 style=\"font-weight: var(--font-weight-regular);\"><b><strong><span style=\"font-weight: var(--font-weight-regular);\">Seguridad<\/span><\/strong><\/b><\/h3>\n<ul style=\"font-weight: var(--font-weight-regular);\">\n<li style=\"font-weight: var(--font-weight-regular);\"><span style=\"font-weight: var(--font-weight-regular);\">Protecci\u00f3n contra impactos laterales (SIP) integrada en la carcasa de la silla<\/span><\/li>\n<li style=\"font-weight: var(--font-weight-regular);\"><span style=\"font-weight: var(--font-weight-regular);\">Protecci\u00f3n adicional contra impactos laterales (SIP+) con una forma especialmente dise\u00f1ada<\/span><\/li>\n<li style=\"font-weight: var(--font-weight-regular);\"><span style=\"font-weight: var(--font-weight-regular);\">Reposacabezas protector pero c\u00f3modo con el innovador Dynamic Force Absorber\u2122<\/span><\/li>\n<li style=\"font-weight: var(--font-weight-regular);\"><span style=\"font-weight: var(--font-weight-regular);\">Homologado conforme a la normativa UN R129 m\u00e1s reciente<\/span><\/li>\n<li style=\"font-weight: var(--font-weight-regular);\"><span style=\"font-weight: var(--font-weight-regular);\">Permite que tu hijo viaje cinco veces m\u00e1s seguro sentado a contramarcha hasta que tenga unos 4 a\u00f1os<\/span><\/li>\n<\/ul>\n<h4 style=\"font-weight: var(--font-weight-regular);\"><b><strong><span style=\"font-weight: var(--font-weight-regular);\">Caracter\u00edsticas pr\u00e1cticas<\/span><\/strong><\/b><\/h4>\n<ul style=\"font-weight: var(--font-weight-regular);\">\n<li style=\"font-weight: var(--font-weight-regular);\"><span style=\"font-weight: var(--font-weight-regular);\">Con los Magnetic Belt Assistants\u2122 introducir\u00e1s y sacar\u00e1s al ni\u00f1o de la silla de una manera m\u00e1s sencilla<\/span><\/li>\n<li style=\"font-weight: var(--font-weight-regular);\"><span style=\"font-weight: var(--font-weight-regular);\">Rotaci\u00f3n completa de 360\u00b0 para un uso flexible<\/span><\/li>\n<li style=\"font-weight: var(--font-weight-regular);\"><span style=\"font-weight: var(--font-weight-regular);\">Posiciones de reclinaci\u00f3n regulables incluso despu\u00e9s de la instalaci\u00f3n<\/span><\/li>\n<li style=\"font-weight: var(--font-weight-regular);\"><span style=\"font-weight: var(--font-weight-regular);\">Indicadores auditivos y visuales de ayuda para la instalaci\u00f3n<\/span><\/li>\n<li style=\"font-weight: var(--font-weight-regular);\"><span style=\"font-weight: var(--font-weight-regular);\">Ajuste del reposacabezas y las correas internas en un solo paso<\/span><\/li>\n<\/ul>\n<h3 style=\"font-weight: var(--font-weight-regular);\"><b><strong><span style=\"font-weight: var(--font-weight-regular);\">Confort<\/span><\/strong><\/b><\/h3>\n<ul style=\"font-weight: var(--font-weight-regular);\">\n<li style=\"font-weight: var(--font-weight-regular);\"><span style=\"font-weight: var(--font-weight-regular);\">La Universal Level Technology\u2122 permite obtener el mejor \u00e1ngulo de asiento en cualquier coche<\/span><\/li>\n<li style=\"font-weight: var(--font-weight-regular);\"><span style=\"font-weight: var(--font-weight-regular);\">Materiales de alta calidad<\/span><\/li>\n<li style=\"font-weight: var(--font-weight-regular);\"><span style=\"font-weight: var(--font-weight-regular);\">Two-Fit Cushions\u2122 para un ajuste individual a cada ni\u00f1o<\/span><\/li>\n<li style=\"font-weight: var(--font-weight-regular);\"><span style=\"font-weight: var(--font-weight-regular);\">Confort excepcional con 4 posiciones de reclinaci\u00f3n<\/span><\/li>\n<li style=\"font-weight: var(--font-weight-regular);\"><span style=\"font-weight: var(--font-weight-regular);\">10 posiciones de ajuste del reposacabezas para que la silla crezca con tu hijo<\/span><\/li>\n<li style=\"font-weight: var(--font-weight-regular);\"><span style=\"font-weight: var(--font-weight-regular);\">Ventilaci\u00f3n \u00f3ptima mediante un sistema de ventilaci\u00f3n en la parte trasera<\/span><\/li>\n<\/ul>\n<h2><\/h2>\n<div class=\"dynamicFieldWrapper--kilBzsy\">\n<h4>Uso<\/h4>\n<table class=\"borderedTable--M9_qEHR\">\n<tbody>\n<tr>\n<td>Edades<\/td>\n<td class=\"htmlDrawerWrapper--j1T9Uo_\">aprox. 6 meses &#8211; 4 a\u00f1os<\/td>\n<\/tr>\n<tr>\n<td>Altura del ni\u00f1o<\/td>\n<td class=\"htmlDrawerWrapper--j1T9Uo_\">61 &#8211; 105 cm.<\/td>\n<\/tr>\n<tr>\n<td>Altura del ni\u00f1o a contramarcha<\/td>\n<td class=\"htmlDrawerWrapper--j1T9Uo_\">61 &#8211; 105 cm.<\/td>\n<\/tr>\n<tr>\n<td>Altura del ni\u00f1o a favor de la marcha<\/td>\n<td class=\"htmlDrawerWrapper--j1T9Uo_\">88 &#8211; 105 cm.<\/td>\n<\/tr>\n<tr>\n<td>Peso del ni\u00f1o (m\u00e1x.)<\/td>\n<td class=\"htmlDrawerWrapper--j1T9Uo_\">18 kg<\/td>\n<\/tr>\n<tr>\n<td>Peso del ni\u00f1o a contramarcha<\/td>\n<td class=\"htmlDrawerWrapper--j1T9Uo_\">18 kg<\/td>\n<\/tr>\n<tr>\n<td>Peso del ni\u00f1o a favor de la marcha<\/td>\n<td class=\"htmlDrawerWrapper--j1T9Uo_\">18 kg<\/td>\n<\/tr>\n<\/tbody>\n<\/table>\n<\/div>\n<div class=\"dynamicFieldWrapper--kilBzsy\">\n<h4>Funciones y ajuste<\/h4>\n<table class=\"borderedTable--M9_qEHR\">\n<tbody>\n<tr>\n<td>Rotaci\u00f3n<\/td>\n<td class=\"htmlDrawerWrapper--j1T9Uo_\">360\u00b0<\/td>\n<\/tr>\n<tr>\n<td>Posiciones de reclinaci\u00f3n<\/td>\n<td class=\"htmlDrawerWrapper--j1T9Uo_\">4<\/td>\n<\/tr>\n<tr>\n<td>Posiciones del reposacabezas<\/td>\n<td class=\"htmlDrawerWrapper--j1T9Uo_\">10<\/td>\n<\/tr>\n<\/tbody>\n<\/table>\n<\/div>\n<div class=\"dynamicFieldWrapper--kilBzsy\">\n<h4>Instalaci\u00f3n<\/h4>\n<table class=\"borderedTable--M9_qEHR\">\n<tbody>\n<tr>\n<td>Direcci\u00f3n<\/td>\n<td class=\"htmlDrawerWrapper--j1T9Uo_\">A contramarcha y a favor de la marcha<\/td>\n<\/tr>\n<tr>\n<td>Instalaci\u00f3n en el coche<\/td>\n<td class=\"htmlDrawerWrapper--j1T9Uo_\">ISOfix<\/td>\n<\/tr>\n<tr>\n<td>Instalaci\u00f3n en el coche a contramarcha<\/td>\n<td class=\"htmlDrawerWrapper--j1T9Uo_\">ISOfix<\/td>\n<\/tr>\n<tr>\n<td>Instalaci\u00f3n en el coche a favor de la marcha<\/td>\n<td class=\"htmlDrawerWrapper--j1T9Uo_\">ISOfix<\/td>\n<\/tr>\n<\/tbody>\n<\/table>\n<\/div>\n<div class=\"dynamicFieldWrapper--kilBzsy\">\n<h4>Certificaciones y pruebas<\/h4>\n<table class=\"borderedTable--M9_qEHR\">\n<tbody>\n<tr>\n<td>Aprobaci\u00f3n<\/td>\n<td class=\"htmlDrawerWrapper--j1T9Uo_\">UN R129 (i-Size)<\/td>\n<\/tr>\n<\/tbody>\n<\/table>\n<\/div>\n<div class=\"dynamicFieldWrapper--kilBzsy\">\n<h4>Tiempo de uso<\/h4>\n<table class=\"borderedTable--M9_qEHR\">\n<tbody>\n<tr>\n<td>Exenci\u00f3n de responsabilidad para cuestiones de edad<\/td>\n<td class=\"htmlDrawerWrapper--j1T9Uo_\">Tenga en cuenta que el intervalo de edad indicado es s\u00f3lo una orientaci\u00f3n basada en valores medios y no limita ni garantiza el tiempo de uso.<\/td>\n<\/tr>\n<\/tbody>\n<\/table>\n<\/div>\n<h2><\/h2>\n<p><strong>SOLO DISPONIBLE EN TIENDA FISICA! <a href=\"https:\/\/somllavors.com\/contact-us\/\">LL\u00c1MANOS O PIDE CITA PREVIA<\/a> Y TE ASESORAREMOS<\/strong><\/p>\n","protected":false},"excerpt":{"rendered":"<h3>Silla de auto giratoria para ni\u00f1os peque\u00f1os, adecuada desde los 6 meses hasta los 4 a\u00f1os aproximadamente. Puede girarse para facilitar que el adulto ayude al ni\u00f1o a entrar y salir de la silla de forma ergon\u00f3mica. Se puede girar 360\u00b0 a medida que el ni\u00f1o crece.<\/h3>\n<p>&nbsp;<\/p>\n<p>&nbsp;<\/p>\n","protected":false},"featured_media":36655,"template":"","meta":{"_acf_changed":false,"site-sidebar-layout":"default","site-content-layout":"default","ast-site-content-layout":"default","site-content-style":"default","site-sidebar-style":"default","ast-global-header-display":"","ast-banner-title-visibility":"","ast-main-header-display":"","ast-hfb-above-header-display":"","ast-hfb-below-header-display":"","ast-hfb-mobile-header-display":"","site-post-title":"","ast-breadcrumbs-content":"","ast-featured-img":"","footer-sml-layout":"","ast-disable-related-posts":"","theme-transparent-header-meta":"default","adv-header-id-meta":"","stick-header-meta":"","header-above-stick-meta":"","header-main-stick-meta":"","header-below-stick-meta":"","astra-migrate-meta-layouts":"set","ast-page-background-enabled":"default","ast-page-background-meta":{"desktop":{"background-color":"","background-image":"","background-repeat":"repeat","background-position":"center center","background-size":"auto","background-attachment":"scroll","background-type":"","background-media":"","overlay-type":"","overlay-color":"","overlay-opacity":"","overlay-gradient":""},"tablet":{"background-color":"","background-image":"","background-repeat":"repeat","background-position":"center center","background-size":"auto","background-attachment":"scroll","background-type":"","background-media":"","overlay-type":"","overlay-color":"","overlay-opacity":"","overlay-gradient":""},"mobile":{"background-color":"","background-image":"","background-repeat":"repeat","background-position":"center center","background-size":"auto","background-attachment":"scroll","background-type":"","background-media":"","overlay-type":"","overlay-color":"","overlay-opacity":"","overlay-gradient":""}},"ast-content-background-meta":{"desktop":{"background-color":"var(--ast-global-color-5)","background-image":"","background-repeat":"repeat","background-position":"center center","background-size":"auto","background-attachment":"scroll","background-type":"","background-media":"","overlay-type":"","overlay-color":"","overlay-opacity":"","overlay-gradient":""},"tablet":{"background-color":"var(--ast-global-color-5)","background-image":"","background-repeat":"repeat","background-position":"center center","background-size":"auto","background-attachment":"scroll","background-type":"","background-media":"","overlay-type":"","overlay-color":"","overlay-opacity":"","overlay-gradient":""},"mobile":{"background-color":"var(--ast-global-color-5)","background-image":"","background-repeat":"repeat","background-position":"center center","background-size":"auto","background-attachment":"scroll","background-type":"","background-media":"","overlay-type":"","overlay-color":"","overlay-opacity":"","overlay-gradient":""}}},"pwb-brand":[4119],"product_brand":[],"product_cat":[3713],"product_tag":[3835,3797,3838,3796],"class_list":{"0":"post-66039","1":"product","2":"type-product","3":"status-publish","4":"has-post-thumbnail","6":"pwb-brand-besafe","7":"product_cat-sillas-de-coche-a-contramarcha","8":"product_tag-be-safe-es","9":"product_tag-besafe-es","10":"product_tag-silla-de-coche-es","11":"product_tag-sistemas-de-retencion-infantil-es","12":"desktop-align-left","13":"tablet-align-left","14":"mobile-align-left","16":"first","17":"onbackorder","18":"taxable","19":"shipping-taxable","20":"purchasable","21":"product-type-variable"},"acf":[],"yoast_head":"<!-- This site is optimized with the Yoast SEO Premium plugin v18.3 (Yoast SEO v27.4) - https:\/\/yoast.com\/product\/yoast-seo-premium-wordpress\/ -->\n<title>iZi Turn i-size - BeSafe &#8212; Som Llavors<\/title>\n<meta name=\"description\" content=\"Silla de auto giratoria para ni\u00f1os peque\u00f1os, adecuada desde los 6 meses hasta los 4 a\u00f1os aproximadamente. Puede girarse para facilitar que el adulto ayude al ni\u00f1o a entrar y salir de la silla de forma ergon\u00f3mica. Se puede girar 360\u00b0 a medida que el ni\u00f1o crece. &nbsp;  &nbsp;\" \/>\n<meta name=\"robots\" content=\"index, follow, max-snippet:-1, max-image-preview:large, max-video-preview:-1\" \/>\n<link rel=\"canonical\" href=\"https:\/\/somllavors.com\/es\/producte\/izi-turn-i-size-besafe\" \/>\n<meta property=\"og:locale\" content=\"es_ES\" \/>\n<meta property=\"og:type\" content=\"article\" \/>\n<meta property=\"og:title\" content=\"iZi Turn i-size - BeSafe\" \/>\n<meta property=\"og:description\" content=\"La teva botiga d\u2019ecocrian\u00e7a i espai d\u2019acompanyament a la maternitat\" \/>\n<meta property=\"og:url\" content=\"https:\/\/somllavors.com\/es\/producte\/izi-turn-i-size-besafe\" \/>\n<meta property=\"og:site_name\" content=\"Som Llavors\" \/>\n<meta property=\"article:publisher\" content=\"https:\/\/www.facebook.com\/somllavorsvng\/?locale=ca_ES\" \/>\n<meta property=\"article:modified_time\" content=\"2024-09-24T12:57:20+00:00\" \/>\n<meta property=\"og:image\" content=\"https:\/\/somllavors.com\/wp-content\/uploads\/2023\/03\/iZi-Twist-i-Size_Fresh-Black-Cab-Som_Llavors.png\" \/>\n\t<meta property=\"og:image:width\" content=\"600\" \/>\n\t<meta property=\"og:image:height\" content=\"600\" \/>\n\t<meta property=\"og:image:type\" content=\"image\/png\" \/>\n<meta name=\"twitter:card\" content=\"summary_large_image\" \/>\n<meta name=\"twitter:label1\" content=\"Availability\" \/>\n\t<meta name=\"twitter:data1\" content=\"On backorder\" \/>\n<script type=\"application\/ld+json\" class=\"yoast-schema-graph\">{\"@context\":\"https:\\\/\\\/schema.org\",\"@graph\":[{\"@type\":\"WebPage\",\"@id\":\"https:\\\/\\\/somllavors.com\\\/es\\\/producte\\\/izi-turn-i-size-besafe\",\"url\":\"https:\\\/\\\/somllavors.com\\\/es\\\/producte\\\/izi-turn-i-size-besafe\",\"name\":\"iZi Turn i-size - BeSafe &#8212; Som Llavors\",\"isPartOf\":{\"@id\":\"https:\\\/\\\/somllavors.com\\\/es#website\"},\"primaryImageOfPage\":{\"@id\":\"https:\\\/\\\/somllavors.com\\\/es\\\/producte\\\/izi-turn-i-size-besafe#primaryimage\"},\"image\":{\"@id\":\"https:\\\/\\\/somllavors.com\\\/es\\\/producte\\\/izi-turn-i-size-besafe#primaryimage\"},\"thumbnailUrl\":\"https:\\\/\\\/somllavors.com\\\/wp-content\\\/uploads\\\/2023\\\/03\\\/iZi-Twist-i-Size_Fresh-Black-Cab-Som_Llavors.png\",\"datePublished\":\"2024-09-17T11:13:48+00:00\",\"dateModified\":\"2024-09-24T12:57:20+00:00\",\"description\":\"Silla de auto giratoria para ni\u00f1os peque\u00f1os, adecuada desde los 6 meses hasta los 4 a\u00f1os aproximadamente. Puede girarse para facilitar que el adulto ayude al ni\u00f1o a entrar y salir de la silla de forma ergon\u00f3mica. Se puede girar 360\u00b0 a medida que el ni\u00f1o crece. &nbsp; &nbsp;\",\"breadcrumb\":{\"@id\":\"https:\\\/\\\/somllavors.com\\\/es\\\/producte\\\/izi-turn-i-size-besafe#breadcrumb\"},\"inLanguage\":\"es\",\"potentialAction\":[{\"@type\":\"ReadAction\",\"target\":[\"https:\\\/\\\/somllavors.com\\\/es\\\/producte\\\/izi-turn-i-size-besafe\"]}]},{\"@type\":\"ImageObject\",\"inLanguage\":\"es\",\"@id\":\"https:\\\/\\\/somllavors.com\\\/es\\\/producte\\\/izi-turn-i-size-besafe#primaryimage\",\"url\":\"https:\\\/\\\/somllavors.com\\\/wp-content\\\/uploads\\\/2023\\\/03\\\/iZi-Twist-i-Size_Fresh-Black-Cab-Som_Llavors.png\",\"contentUrl\":\"https:\\\/\\\/somllavors.com\\\/wp-content\\\/uploads\\\/2023\\\/03\\\/iZi-Twist-i-Size_Fresh-Black-Cab-Som_Llavors.png\",\"width\":600,\"height\":600,\"caption\":\"ACM a contramarcha sillas coche beb\u00e9 des de nacimiento\"},{\"@type\":\"BreadcrumbList\",\"@id\":\"https:\\\/\\\/somllavors.com\\\/es\\\/producte\\\/izi-turn-i-size-besafe#breadcrumb\",\"itemListElement\":[{\"@type\":\"ListItem\",\"position\":1,\"name\":\"Inici\",\"item\":\"https:\\\/\\\/somllavors.com\\\/es\"},{\"@type\":\"ListItem\",\"position\":2,\"name\":\"Tienda\",\"item\":\"https:\\\/\\\/somllavors.com\\\/es\\\/botiga-2\"},{\"@type\":\"ListItem\",\"position\":3,\"name\":\"iZi Turn i-size &#8211; BeSafe\"}]},{\"@type\":\"WebSite\",\"@id\":\"https:\\\/\\\/somllavors.com\\\/es#website\",\"url\":\"https:\\\/\\\/somllavors.com\\\/es\",\"name\":\"Som Llavors\",\"description\":\"Botiga de crian\u00e7a natural\",\"publisher\":{\"@id\":\"https:\\\/\\\/somllavors.com\\\/es#organization\"},\"alternateName\":\"Crian\u00e7a Natural i Sostenible\",\"potentialAction\":[{\"@type\":\"SearchAction\",\"target\":{\"@type\":\"EntryPoint\",\"urlTemplate\":\"https:\\\/\\\/somllavors.com\\\/es?s={search_term_string}\"},\"query-input\":{\"@type\":\"PropertyValueSpecification\",\"valueRequired\":true,\"valueName\":\"search_term_string\"}}],\"inLanguage\":\"es\"},{\"@type\":[\"Organization\",\"Place\",\"Store\"],\"@id\":\"https:\\\/\\\/somllavors.com\\\/es#organization\",\"name\":\"Som Llavors\",\"alternateName\":\"Crian\u00e7a Natural i Sostenible\",\"url\":\"https:\\\/\\\/somllavors.com\\\/es\",\"logo\":{\"@id\":\"https:\\\/\\\/somllavors.com\\\/es\\\/producte\\\/izi-turn-i-size-besafe#local-main-organization-logo\"},\"image\":{\"@id\":\"https:\\\/\\\/somllavors.com\\\/es\\\/producte\\\/izi-turn-i-size-besafe#local-main-organization-logo\"},\"sameAs\":[\"https:\\\/\\\/www.facebook.com\\\/somllavorsvng\\\/?locale=ca_ES\",\"https:\\\/\\\/www.instagram.com\\\/somllavors_vng\\\/\",\"https:\\\/\\\/www.youtube.com\\\/@somllavors\"],\"address\":{\"@id\":\"https:\\\/\\\/somllavors.com\\\/es\\\/producte\\\/izi-turn-i-size-besafe#local-main-place-address\"},\"geo\":{\"@type\":\"GeoCoordinates\",\"latitude\":\"41.2257737\",\"longitude\":\"1.723258859\"},\"telephone\":[\"623152704\"],\"openingHoursSpecification\":[{\"@type\":\"OpeningHoursSpecification\",\"dayOfWeek\":[\"Monday\",\"Sunday\"],\"opens\":\"00:00\",\"closes\":\"00:00\"},{\"@type\":\"OpeningHoursSpecification\",\"dayOfWeek\":[\"Tuesday\",\"Wednesday\",\"Thursday\",\"Friday\"],\"opens\":\"10:00\",\"closes\":\"20:00\"},{\"@type\":\"OpeningHoursSpecification\",\"dayOfWeek\":[\"Saturday\"],\"opens\":\"10:00\",\"closes\":\"13:30\"}],\"email\":\"info@somllavors.com\"},{\"@type\":\"PostalAddress\",\"@id\":\"https:\\\/\\\/somllavors.com\\\/es\\\/producte\\\/izi-turn-i-size-besafe#local-main-place-address\",\"streetAddress\":\"Carrer de l'aigua, 6\",\"addressLocality\":\"Vilanova i la Geltr\u00fa\",\"postalCode\":\"08800\",\"addressRegion\":\"Barcelona\",\"addressCountry\":\"ES\"},{\"@type\":\"ImageObject\",\"inLanguage\":\"es\",\"@id\":\"https:\\\/\\\/somllavors.com\\\/es\\\/producte\\\/izi-turn-i-size-besafe#local-main-organization-logo\",\"url\":\"https:\\\/\\\/somllavors.com\\\/wp-content\\\/uploads\\\/Logotip-Som-Llavors.jpg\",\"contentUrl\":\"https:\\\/\\\/somllavors.com\\\/wp-content\\\/uploads\\\/Logotip-Som-Llavors.jpg\",\"width\":1444,\"height\":1323,\"caption\":\"Som Llavors\"}]}<\/script>\n<meta property=\"og:availability\" content=\"backorder\" \/>\n<meta property=\"product:availability\" content=\"available for order\" \/>\n<meta property=\"product:condition\" content=\"new\" \/>\n<meta name=\"geo.placename\" content=\"Vilanova i la Geltr\u00fa\" \/>\n<meta name=\"geo.position\" content=\"41.2257737;1.723258859\" \/>\n<meta name=\"geo.region\" content=\"Espa\u00f1a\" \/>\n<!-- \/ Yoast SEO Premium plugin. -->","yoast_head_json":{"title":"iZi Turn i-size - BeSafe &#8212; Som Llavors","description":"Silla de auto giratoria para ni\u00f1os peque\u00f1os, adecuada desde los 6 meses hasta los 4 a\u00f1os aproximadamente. Puede girarse para facilitar que el adulto ayude al ni\u00f1o a entrar y salir de la silla de forma ergon\u00f3mica. Se puede girar 360\u00b0 a medida que el ni\u00f1o crece. &nbsp;  &nbsp;","robots":{"index":"index","follow":"follow","max-snippet":"max-snippet:-1","max-image-preview":"max-image-preview:large","max-video-preview":"max-video-preview:-1"},"canonical":"https:\/\/somllavors.com\/es\/producte\/izi-turn-i-size-besafe","og_locale":"es_ES","og_type":"article","og_title":"iZi Turn i-size - BeSafe","og_description":"La teva botiga d\u2019ecocrian\u00e7a i espai d\u2019acompanyament a la maternitat","og_url":"https:\/\/somllavors.com\/es\/producte\/izi-turn-i-size-besafe","og_site_name":"Som Llavors","article_publisher":"https:\/\/www.facebook.com\/somllavorsvng\/?locale=ca_ES","article_modified_time":"2024-09-24T12:57:20+00:00","og_image":[{"width":600,"height":600,"url":"https:\/\/somllavors.com\/wp-content\/uploads\/2023\/03\/iZi-Twist-i-Size_Fresh-Black-Cab-Som_Llavors.png","type":"image\/png"}],"twitter_card":"summary_large_image","twitter_misc":{"Availability":"On backorder"},"schema":{"@context":"https:\/\/schema.org","@graph":[{"@type":"WebPage","@id":"https:\/\/somllavors.com\/es\/producte\/izi-turn-i-size-besafe","url":"https:\/\/somllavors.com\/es\/producte\/izi-turn-i-size-besafe","name":"iZi Turn i-size - BeSafe &#8212; Som Llavors","isPartOf":{"@id":"https:\/\/somllavors.com\/es#website"},"primaryImageOfPage":{"@id":"https:\/\/somllavors.com\/es\/producte\/izi-turn-i-size-besafe#primaryimage"},"image":{"@id":"https:\/\/somllavors.com\/es\/producte\/izi-turn-i-size-besafe#primaryimage"},"thumbnailUrl":"https:\/\/somllavors.com\/wp-content\/uploads\/2023\/03\/iZi-Twist-i-Size_Fresh-Black-Cab-Som_Llavors.png","datePublished":"2024-09-17T11:13:48+00:00","dateModified":"2024-09-24T12:57:20+00:00","description":"Silla de auto giratoria para ni\u00f1os peque\u00f1os, adecuada desde los 6 meses hasta los 4 a\u00f1os aproximadamente. Puede girarse para facilitar que el adulto ayude al ni\u00f1o a entrar y salir de la silla de forma ergon\u00f3mica. Se puede girar 360\u00b0 a medida que el ni\u00f1o crece. &nbsp; &nbsp;","breadcrumb":{"@id":"https:\/\/somllavors.com\/es\/producte\/izi-turn-i-size-besafe#breadcrumb"},"inLanguage":"es","potentialAction":[{"@type":"ReadAction","target":["https:\/\/somllavors.com\/es\/producte\/izi-turn-i-size-besafe"]}]},{"@type":"ImageObject","inLanguage":"es","@id":"https:\/\/somllavors.com\/es\/producte\/izi-turn-i-size-besafe#primaryimage","url":"https:\/\/somllavors.com\/wp-content\/uploads\/2023\/03\/iZi-Twist-i-Size_Fresh-Black-Cab-Som_Llavors.png","contentUrl":"https:\/\/somllavors.com\/wp-content\/uploads\/2023\/03\/iZi-Twist-i-Size_Fresh-Black-Cab-Som_Llavors.png","width":600,"height":600,"caption":"ACM a contramarcha sillas coche beb\u00e9 des de nacimiento"},{"@type":"BreadcrumbList","@id":"https:\/\/somllavors.com\/es\/producte\/izi-turn-i-size-besafe#breadcrumb","itemListElement":[{"@type":"ListItem","position":1,"name":"Inici","item":"https:\/\/somllavors.com\/es"},{"@type":"ListItem","position":2,"name":"Tienda","item":"https:\/\/somllavors.com\/es\/botiga-2"},{"@type":"ListItem","position":3,"name":"iZi Turn i-size &#8211; BeSafe"}]},{"@type":"WebSite","@id":"https:\/\/somllavors.com\/es#website","url":"https:\/\/somllavors.com\/es","name":"Som Llavors","description":"Botiga de crian\u00e7a natural","publisher":{"@id":"https:\/\/somllavors.com\/es#organization"},"alternateName":"Crian\u00e7a Natural i Sostenible","potentialAction":[{"@type":"SearchAction","target":{"@type":"EntryPoint","urlTemplate":"https:\/\/somllavors.com\/es?s={search_term_string}"},"query-input":{"@type":"PropertyValueSpecification","valueRequired":true,"valueName":"search_term_string"}}],"inLanguage":"es"},{"@type":["Organization","Place","Store"],"@id":"https:\/\/somllavors.com\/es#organization","name":"Som Llavors","alternateName":"Crian\u00e7a Natural i Sostenible","url":"https:\/\/somllavors.com\/es","logo":{"@id":"https:\/\/somllavors.com\/es\/producte\/izi-turn-i-size-besafe#local-main-organization-logo"},"image":{"@id":"https:\/\/somllavors.com\/es\/producte\/izi-turn-i-size-besafe#local-main-organization-logo"},"sameAs":["https:\/\/www.facebook.com\/somllavorsvng\/?locale=ca_ES","https:\/\/www.instagram.com\/somllavors_vng\/","https:\/\/www.youtube.com\/@somllavors"],"address":{"@id":"https:\/\/somllavors.com\/es\/producte\/izi-turn-i-size-besafe#local-main-place-address"},"geo":{"@type":"GeoCoordinates","latitude":"41.2257737","longitude":"1.723258859"},"telephone":["623152704","623152704"],"openingHoursSpecification":[{"@type":"OpeningHoursSpecification","dayOfWeek":["Monday","Sunday"],"opens":"00:00","closes":"00:00"},{"@type":"OpeningHoursSpecification","dayOfWeek":["Tuesday","Wednesday","Thursday","Friday"],"opens":"10:00","closes":"20:00"},{"@type":"OpeningHoursSpecification","dayOfWeek":["Saturday"],"opens":"10:00","closes":"13:30"}],"email":"info@somllavors.com"},{"@type":"PostalAddress","@id":"https:\/\/somllavors.com\/es\/producte\/izi-turn-i-size-besafe#local-main-place-address","streetAddress":"Carrer de l'aigua, 6","addressLocality":"Vilanova i la Geltr\u00fa","postalCode":"08800","addressRegion":"Barcelona","addressCountry":"ES"},{"@type":"ImageObject","inLanguage":"es","@id":"https:\/\/somllavors.com\/es\/producte\/izi-turn-i-size-besafe#local-main-organization-logo","url":"https:\/\/somllavors.com\/wp-content\/uploads\/Logotip-Som-Llavors.jpg","contentUrl":"https:\/\/somllavors.com\/wp-content\/uploads\/Logotip-Som-Llavors.jpg","width":1444,"height":1323,"caption":"Som Llavors"}]},"og_availability":"backorder","product_availability":"available for order","product_condition":"new","geo.placename":"Vilanova i la Geltr\u00fa","geo.position":{"lat":"41.2257737","long":"1.723258859"},"geo.region":"Espa\u00f1a"},"brands":[{"id":4119,"name":"BeSafe","slug":"besafe"}],"_links":{"self":[{"href":"https:\/\/somllavors.com\/es\/wp-json\/wp\/v2\/product\/66039","targetHints":{"allow":["GET"]}}],"collection":[{"href":"https:\/\/somllavors.com\/es\/wp-json\/wp\/v2\/product"}],"about":[{"href":"https:\/\/somllavors.com\/es\/wp-json\/wp\/v2\/types\/product"}],"wp:featuredmedia":[{"embeddable":true,"href":"https:\/\/somllavors.com\/es\/wp-json\/wp\/v2\/media\/36655"}],"wp:attachment":[{"href":"https:\/\/somllavors.com\/es\/wp-json\/wp\/v2\/media?parent=66039"}],"wp:term":[{"taxonomy":"pwb-brand","embeddable":true,"href":"https:\/\/somllavors.com\/es\/wp-json\/wp\/v2\/pwb-brand?post=66039"},{"taxonomy":"product_brand","embeddable":true,"href":"https:\/\/somllavors.com\/es\/wp-json\/wp\/v2\/product_brand?post=66039"},{"taxonomy":"product_cat","embeddable":true,"href":"https:\/\/somllavors.com\/es\/wp-json\/wp\/v2\/product_cat?post=66039"},{"taxonomy":"product_tag","embeddable":true,"href":"https:\/\/somllavors.com\/es\/wp-json\/wp\/v2\/product_tag?post=66039"}],"curies":[{"name":"wp","href":"https:\/\/api.w.org\/{rel}","templated":true}]}}