{"id":66072,"date":"2024-09-17T14:37:57","date_gmt":"2024-09-17T12:37:57","guid":{"rendered":"https:\/\/somllavors.com\/?post_type=product&#038;p=66072"},"modified":"2026-03-20T11:03:04","modified_gmt":"2026-03-20T10:03:04","slug":"deportivas-free-arena-mustang","status":"publish","type":"product","link":"https:\/\/somllavors.com\/es\/producte\/deportivas-free-arena-mustang","title":{"rendered":"Deportivas Free Arena &#8211; Mustang"},"content":{"rendered":"<ul>\n<li class=\"col\"><span id=\"shortDescription\">C\u00f3moda suela dentada para una pisada m\u00e1s estable.<\/span><\/li>\n<li><span id=\"shortDescription\">Las plantillas extra\u00edbles y las marcas de los dedos en la misma, facilita comprobar si la talla del calzado es la correcta para tu hijo. Adem\u00e1s, su f\u00e1cil apertura facilita que puedan descalzarse y calzarse de forma aut\u00f3noma.<\/span><\/li>\n<li class=\"col\"><span id=\"shortDescription\">Dise\u00f1ado y desarrollado especialmente en colaboraci\u00f3n con el Dr. Juanjo L\u00f3pez, traumat\u00f3logo deportivo e infantil, para respetar el desarrollo natural del pie del ni\u00f1o y la ni\u00f1a.<\/span><\/li>\n<li><span id=\"shortDescription\">Con certificado VEGANO sellado por INESCOP, el cual garantiza que la naturaleza qu\u00edmica principal del material no se corresponde con fibras de origen animal.<\/span><\/li>\n<\/ul>\n","protected":false},"excerpt":{"rendered":"<div class=\"row\">\n<div class=\"col\"><span id=\"shortDescription\">Zapatilla deportiva Free Mustang Kids, dise\u00f1ada en color arena. <\/span><\/div>\n<ul>\n<li class=\"col\"><span id=\"shortDescription\">Cierre de cordones de colores azul y blanco. <\/span><\/li>\n<li class=\"col\"><span id=\"shortDescription\">Incluye cierre con velcro para una puesta m\u00e1s f\u00e1cil e independiente. Ser\u00e1n sus favoritas para correr en el recreo. <\/span><\/li>\n<li class=\"col\"><span id=\"shortDescription\"> Gracias a su puntera ancha permite el libre movimiento de los dedos dentro del zapato. Sus elementos flexibles y torsionales hace que el pie de la criatura no est\u00e9 encorsetado por la estructura del zapato.<\/span><\/li>\n<\/ul>\n<p>&nbsp;<\/p>\n<\/div>\n","protected":false},"featured_media":66037,"template":"","meta":{"_acf_changed":false,"site-sidebar-layout":"default","site-content-layout":"","ast-site-content-layout":"default","site-content-style":"default","site-sidebar-style":"default","ast-global-header-display":"","ast-banner-title-visibility":"","ast-main-header-display":"","ast-hfb-above-header-display":"","ast-hfb-below-header-display":"","ast-hfb-mobile-header-display":"","site-post-title":"","ast-breadcrumbs-content":"","ast-featured-img":"","footer-sml-layout":"","theme-transparent-header-meta":"default","adv-header-id-meta":"","stick-header-meta":"","header-above-stick-meta":"","header-main-stick-meta":"","header-below-stick-meta":"","astra-migrate-meta-layouts":"set","ast-page-background-enabled":"default","ast-page-background-meta":{"desktop":{"background-color":"","background-image":"","background-repeat":"repeat","background-position":"center center","background-size":"auto","background-attachment":"scroll","background-type":"","background-media":"","overlay-type":"","overlay-color":"","overlay-opacity":"","overlay-gradient":""},"tablet":{"background-color":"","background-image":"","background-repeat":"repeat","background-position":"center center","background-size":"auto","background-attachment":"scroll","background-type":"","background-media":"","overlay-type":"","overlay-color":"","overlay-opacity":"","overlay-gradient":""},"mobile":{"background-color":"","background-image":"","background-repeat":"repeat","background-position":"center center","background-size":"auto","background-attachment":"scroll","background-type":"","background-media":"","overlay-type":"","overlay-color":"","overlay-opacity":"","overlay-gradient":""}},"ast-content-background-meta":{"desktop":{"background-color":"var(--ast-global-color-5)","background-image":"","background-repeat":"repeat","background-position":"center center","background-size":"auto","background-attachment":"scroll","background-type":"","background-media":"","overlay-type":"","overlay-color":"","overlay-opacity":"","overlay-gradient":""},"tablet":{"background-color":"var(--ast-global-color-5)","background-image":"","background-repeat":"repeat","background-position":"center center","background-size":"auto","background-attachment":"scroll","background-type":"","background-media":"","overlay-type":"","overlay-color":"","overlay-opacity":"","overlay-gradient":""},"mobile":{"background-color":"var(--ast-global-color-5)","background-image":"","background-repeat":"repeat","background-position":"center center","background-size":"auto","background-attachment":"scroll","background-type":"","background-media":"","overlay-type":"","overlay-color":"","overlay-opacity":"","overlay-gradient":""}}},"pwb-brand":[4915],"product_brand":[],"product_cat":[4916,4899],"product_tag":[3658,5032],"class_list":{"0":"post-66072","1":"product","2":"type-product","3":"status-publish","4":"has-post-thumbnail","6":"pwb-brand-mustang","7":"product_cat-mustang","8":"product_cat-tallas-grandes-25-35","9":"product_tag-calzado-respetuoso-es-3","10":"product_tag-mustang-kids","11":"pa_talla-27-es","12":"pa_talla-28-es","13":"pa_talla-29-es","14":"pa_talla-30-es","15":"pa_talla-31-es","16":"pa_talla-32-es","17":"pa_talla-33-es","18":"pa_talla-34-es","19":"desktop-align-left","20":"tablet-align-left","21":"mobile-align-left","23":"first","24":"instock","25":"taxable","26":"shipping-taxable","27":"purchasable","28":"product-type-variable"},"acf":[],"yoast_head":"<!-- This site is optimized with the Yoast SEO Premium plugin v18.3 (Yoast SEO v26.2) - https:\/\/yoast.com\/wordpress\/plugins\/seo\/ -->\n<title>Deportivas Free Arena - Mustang &#8212; Som Llavors<\/title>\n<meta name=\"description\" content=\"Zapatilla deportiva Free Mustang Kids, dise\u00f1ada en color arena.    Cierre de cordones de colores azul y blanco.   Incluye cierre con velcro para una puesta m\u00e1s f\u00e1cil e independiente. Ser\u00e1n sus favoritas para correr en el recreo.   Gracias a su puntera ancha permite el libre movimiento de los dedos dentro del zapato. Sus elementos flexibles y torsionales hace que el pie de la criatura no est\u00e9 encorsetado por la estructura del zapato.  &nbsp;\" \/>\n<meta name=\"robots\" content=\"index, follow, max-snippet:-1, max-image-preview:large, max-video-preview:-1\" \/>\n<link rel=\"canonical\" href=\"https:\/\/somllavors.com\/es\/producte\/deportivas-free-arena-mustang\" \/>\n<meta property=\"og:locale\" content=\"es_ES\" \/>\n<meta property=\"og:type\" content=\"article\" \/>\n<meta property=\"og:title\" content=\"Deportivas Free Arena - Mustang\" \/>\n<meta property=\"og:description\" content=\"La teva botiga d\u2019ecocrian\u00e7a i espai d\u2019acompanyament a la maternitat\" \/>\n<meta property=\"og:url\" content=\"https:\/\/somllavors.com\/es\/producte\/deportivas-free-arena-mustang\" \/>\n<meta property=\"og:site_name\" content=\"Som Llavors\" \/>\n<meta property=\"article:publisher\" content=\"https:\/\/www.facebook.com\/somllavorsvng\/?locale=ca_ES\" \/>\n<meta property=\"article:modified_time\" content=\"2026-03-20T10:03:04+00:00\" \/>\n<meta property=\"og:image\" content=\"https:\/\/somllavors.com\/wp-content\/uploads\/2024\/09\/Som-Llavors-mustang-kids.jpg\" \/>\n\t<meta property=\"og:image:width\" content=\"1080\" \/>\n\t<meta property=\"og:image:height\" content=\"1080\" \/>\n\t<meta property=\"og:image:type\" content=\"image\/jpeg\" \/>\n<meta name=\"twitter:card\" content=\"summary_large_image\" \/>\n<meta name=\"twitter:label1\" content=\"Availability\" \/>\n\t<meta name=\"twitter:data1\" content=\"Hay existencias\" \/>\n<script type=\"application\/ld+json\" class=\"yoast-schema-graph\">{\"@context\":\"https:\/\/schema.org\",\"@graph\":[{\"@type\":\"WebPage\",\"@id\":\"https:\/\/somllavors.com\/es\/producte\/deportivas-free-arena-mustang\",\"url\":\"https:\/\/somllavors.com\/es\/producte\/deportivas-free-arena-mustang\",\"name\":\"Deportivas Free Arena - Mustang &#8212; Som Llavors\",\"isPartOf\":{\"@id\":\"https:\/\/somllavors.com\/es#website\"},\"primaryImageOfPage\":{\"@id\":\"https:\/\/somllavors.com\/es\/producte\/deportivas-free-arena-mustang#primaryimage\"},\"image\":{\"@id\":\"https:\/\/somllavors.com\/es\/producte\/deportivas-free-arena-mustang#primaryimage\"},\"thumbnailUrl\":\"https:\/\/somllavors.com\/wp-content\/uploads\/2024\/09\/Som-Llavors-mustang-kids.jpg\",\"datePublished\":\"2024-09-17T12:37:57+00:00\",\"dateModified\":\"2026-03-20T10:03:04+00:00\",\"description\":\"Zapatilla deportiva Free Mustang Kids, dise\u00f1ada en color arena. Cierre de cordones de colores azul y blanco. Incluye cierre con velcro para una puesta m\u00e1s f\u00e1cil e independiente. Ser\u00e1n sus favoritas para correr en el recreo. Gracias a su puntera ancha permite el libre movimiento de los dedos dentro del zapato. Sus elementos flexibles y torsionales hace que el pie de la criatura no est\u00e9 encorsetado por la estructura del zapato. &nbsp;\",\"breadcrumb\":{\"@id\":\"https:\/\/somllavors.com\/es\/producte\/deportivas-free-arena-mustang#breadcrumb\"},\"inLanguage\":\"es\",\"potentialAction\":[{\"@type\":\"ReadAction\",\"target\":[\"https:\/\/somllavors.com\/es\/producte\/deportivas-free-arena-mustang\"]}]},{\"@type\":\"ImageObject\",\"inLanguage\":\"es\",\"@id\":\"https:\/\/somllavors.com\/es\/producte\/deportivas-free-arena-mustang#primaryimage\",\"url\":\"https:\/\/somllavors.com\/wp-content\/uploads\/2024\/09\/Som-Llavors-mustang-kids.jpg\",\"contentUrl\":\"https:\/\/somllavors.com\/wp-content\/uploads\/2024\/09\/Som-Llavors-mustang-kids.jpg\",\"width\":1080,\"height\":1080,\"caption\":\"mustang kids\"},{\"@type\":\"BreadcrumbList\",\"@id\":\"https:\/\/somllavors.com\/es\/producte\/deportivas-free-arena-mustang#breadcrumb\",\"itemListElement\":[{\"@type\":\"ListItem\",\"position\":1,\"name\":\"Inici\",\"item\":\"https:\/\/somllavors.com\/es\"},{\"@type\":\"ListItem\",\"position\":2,\"name\":\"Tienda\",\"item\":\"https:\/\/somllavors.com\/es\/botiga-2\"},{\"@type\":\"ListItem\",\"position\":3,\"name\":\"Deportivas Free Arena &#8211; Mustang\"}]},{\"@type\":\"WebSite\",\"@id\":\"https:\/\/somllavors.com\/es#website\",\"url\":\"https:\/\/somllavors.com\/es\",\"name\":\"Som Llavors\",\"description\":\"Botiga de crian\u00e7a natural\",\"publisher\":{\"@id\":\"https:\/\/somllavors.com\/es#organization\"},\"alternateName\":\"Crian\u00e7a Natural i Sostenible\",\"potentialAction\":[{\"@type\":\"SearchAction\",\"target\":{\"@type\":\"EntryPoint\",\"urlTemplate\":\"https:\/\/somllavors.com\/es?s={search_term_string}\"},\"query-input\":{\"@type\":\"PropertyValueSpecification\",\"valueRequired\":true,\"valueName\":\"search_term_string\"}}],\"inLanguage\":\"es\"},{\"@type\":[\"Organization\",\"Place\",\"Store\"],\"@id\":\"https:\/\/somllavors.com\/es#organization\",\"name\":\"Som Llavors\",\"alternateName\":\"Crian\u00e7a Natural i Sostenible\",\"url\":\"https:\/\/somllavors.com\/es\",\"logo\":{\"@id\":\"https:\/\/somllavors.com\/es\/producte\/deportivas-free-arena-mustang#local-main-organization-logo\"},\"image\":{\"@id\":\"https:\/\/somllavors.com\/es\/producte\/deportivas-free-arena-mustang#local-main-organization-logo\"},\"sameAs\":[\"https:\/\/www.facebook.com\/somllavorsvng\/?locale=ca_ES\",\"https:\/\/www.instagram.com\/somllavors_vng\/\",\"https:\/\/www.youtube.com\/@somllavors\"],\"address\":{\"@id\":\"https:\/\/somllavors.com\/es\/producte\/deportivas-free-arena-mustang#local-main-place-address\"},\"geo\":{\"@type\":\"GeoCoordinates\",\"latitude\":\"41.2257737\",\"longitude\":\"1.723258859\"},\"telephone\":[\"623152704\"],\"openingHoursSpecification\":[{\"@type\":\"OpeningHoursSpecification\",\"dayOfWeek\":[\"Monday\",\"Sunday\"],\"opens\":\"00:00\",\"closes\":\"00:00\"},{\"@type\":\"OpeningHoursSpecification\",\"dayOfWeek\":[\"Tuesday\",\"Wednesday\",\"Thursday\",\"Friday\"],\"opens\":\"10:00\",\"closes\":\"20:00\"},{\"@type\":\"OpeningHoursSpecification\",\"dayOfWeek\":[\"Saturday\"],\"opens\":\"10:00\",\"closes\":\"13:30\"}],\"email\":\"info@somllavors.com\"},{\"@type\":\"PostalAddress\",\"@id\":\"https:\/\/somllavors.com\/es\/producte\/deportivas-free-arena-mustang#local-main-place-address\",\"streetAddress\":\"Carrer de l'aigua, 6\",\"addressLocality\":\"Vilanova i la Geltr\u00fa\",\"postalCode\":\"08800\",\"addressRegion\":\"Barcelona\",\"addressCountry\":\"ES\"},{\"@type\":\"ImageObject\",\"inLanguage\":\"es\",\"@id\":\"https:\/\/somllavors.com\/es\/producte\/deportivas-free-arena-mustang#local-main-organization-logo\",\"url\":\"https:\/\/somllavors.com\/wp-content\/uploads\/Logotip-Som-Llavors.jpg\",\"contentUrl\":\"https:\/\/somllavors.com\/wp-content\/uploads\/Logotip-Som-Llavors.jpg\",\"width\":1444,\"height\":1323,\"caption\":\"Som Llavors\"}]}<\/script>\n<meta property=\"og:availability\" content=\"instock\" \/>\n<meta property=\"product:availability\" content=\"instock\" \/>\n<meta property=\"product:retailer_item_id\" content=\"49045-C57292\" \/>\n<meta property=\"product:condition\" content=\"new\" \/>\n<meta name=\"geo.placename\" content=\"Vilanova i la Geltr\u00fa\" \/>\n<meta name=\"geo.position\" content=\"41.2257737;1.723258859\" \/>\n<meta name=\"geo.region\" content=\"Espa\u00f1a\" \/>\n<!-- \/ Yoast SEO Premium plugin. -->","yoast_head_json":{"title":"Deportivas Free Arena - Mustang &#8212; Som Llavors","description":"Zapatilla deportiva Free Mustang Kids, dise\u00f1ada en color arena.    Cierre de cordones de colores azul y blanco.   Incluye cierre con velcro para una puesta m\u00e1s f\u00e1cil e independiente. Ser\u00e1n sus favoritas para correr en el recreo.   Gracias a su puntera ancha permite el libre movimiento de los dedos dentro del zapato. Sus elementos flexibles y torsionales hace que el pie de la criatura no est\u00e9 encorsetado por la estructura del zapato.  &nbsp;","robots":{"index":"index","follow":"follow","max-snippet":"max-snippet:-1","max-image-preview":"max-image-preview:large","max-video-preview":"max-video-preview:-1"},"canonical":"https:\/\/somllavors.com\/es\/producte\/deportivas-free-arena-mustang","og_locale":"es_ES","og_type":"article","og_title":"Deportivas Free Arena - Mustang","og_description":"La teva botiga d\u2019ecocrian\u00e7a i espai d\u2019acompanyament a la maternitat","og_url":"https:\/\/somllavors.com\/es\/producte\/deportivas-free-arena-mustang","og_site_name":"Som Llavors","article_publisher":"https:\/\/www.facebook.com\/somllavorsvng\/?locale=ca_ES","article_modified_time":"2026-03-20T10:03:04+00:00","og_image":[{"width":1080,"height":1080,"url":"https:\/\/somllavors.com\/wp-content\/uploads\/2024\/09\/Som-Llavors-mustang-kids.jpg","type":"image\/jpeg"}],"twitter_card":"summary_large_image","twitter_misc":{"Availability":"Hay existencias"},"schema":{"@context":"https:\/\/schema.org","@graph":[{"@type":"WebPage","@id":"https:\/\/somllavors.com\/es\/producte\/deportivas-free-arena-mustang","url":"https:\/\/somllavors.com\/es\/producte\/deportivas-free-arena-mustang","name":"Deportivas Free Arena - Mustang &#8212; Som Llavors","isPartOf":{"@id":"https:\/\/somllavors.com\/es#website"},"primaryImageOfPage":{"@id":"https:\/\/somllavors.com\/es\/producte\/deportivas-free-arena-mustang#primaryimage"},"image":{"@id":"https:\/\/somllavors.com\/es\/producte\/deportivas-free-arena-mustang#primaryimage"},"thumbnailUrl":"https:\/\/somllavors.com\/wp-content\/uploads\/2024\/09\/Som-Llavors-mustang-kids.jpg","datePublished":"2024-09-17T12:37:57+00:00","dateModified":"2026-03-20T10:03:04+00:00","description":"Zapatilla deportiva Free Mustang Kids, dise\u00f1ada en color arena. Cierre de cordones de colores azul y blanco. Incluye cierre con velcro para una puesta m\u00e1s f\u00e1cil e independiente. Ser\u00e1n sus favoritas para correr en el recreo. Gracias a su puntera ancha permite el libre movimiento de los dedos dentro del zapato. Sus elementos flexibles y torsionales hace que el pie de la criatura no est\u00e9 encorsetado por la estructura del zapato. &nbsp;","breadcrumb":{"@id":"https:\/\/somllavors.com\/es\/producte\/deportivas-free-arena-mustang#breadcrumb"},"inLanguage":"es","potentialAction":[{"@type":"ReadAction","target":["https:\/\/somllavors.com\/es\/producte\/deportivas-free-arena-mustang"]}]},{"@type":"ImageObject","inLanguage":"es","@id":"https:\/\/somllavors.com\/es\/producte\/deportivas-free-arena-mustang#primaryimage","url":"https:\/\/somllavors.com\/wp-content\/uploads\/2024\/09\/Som-Llavors-mustang-kids.jpg","contentUrl":"https:\/\/somllavors.com\/wp-content\/uploads\/2024\/09\/Som-Llavors-mustang-kids.jpg","width":1080,"height":1080,"caption":"mustang kids"},{"@type":"BreadcrumbList","@id":"https:\/\/somllavors.com\/es\/producte\/deportivas-free-arena-mustang#breadcrumb","itemListElement":[{"@type":"ListItem","position":1,"name":"Inici","item":"https:\/\/somllavors.com\/es"},{"@type":"ListItem","position":2,"name":"Tienda","item":"https:\/\/somllavors.com\/es\/botiga-2"},{"@type":"ListItem","position":3,"name":"Deportivas Free Arena &#8211; Mustang"}]},{"@type":"WebSite","@id":"https:\/\/somllavors.com\/es#website","url":"https:\/\/somllavors.com\/es","name":"Som Llavors","description":"Botiga de crian\u00e7a natural","publisher":{"@id":"https:\/\/somllavors.com\/es#organization"},"alternateName":"Crian\u00e7a Natural i Sostenible","potentialAction":[{"@type":"SearchAction","target":{"@type":"EntryPoint","urlTemplate":"https:\/\/somllavors.com\/es?s={search_term_string}"},"query-input":{"@type":"PropertyValueSpecification","valueRequired":true,"valueName":"search_term_string"}}],"inLanguage":"es"},{"@type":["Organization","Place","Store"],"@id":"https:\/\/somllavors.com\/es#organization","name":"Som Llavors","alternateName":"Crian\u00e7a Natural i Sostenible","url":"https:\/\/somllavors.com\/es","logo":{"@id":"https:\/\/somllavors.com\/es\/producte\/deportivas-free-arena-mustang#local-main-organization-logo"},"image":{"@id":"https:\/\/somllavors.com\/es\/producte\/deportivas-free-arena-mustang#local-main-organization-logo"},"sameAs":["https:\/\/www.facebook.com\/somllavorsvng\/?locale=ca_ES","https:\/\/www.instagram.com\/somllavors_vng\/","https:\/\/www.youtube.com\/@somllavors"],"address":{"@id":"https:\/\/somllavors.com\/es\/producte\/deportivas-free-arena-mustang#local-main-place-address"},"geo":{"@type":"GeoCoordinates","latitude":"41.2257737","longitude":"1.723258859"},"telephone":["623152704","623152704"],"openingHoursSpecification":[{"@type":"OpeningHoursSpecification","dayOfWeek":["Monday","Sunday"],"opens":"00:00","closes":"00:00"},{"@type":"OpeningHoursSpecification","dayOfWeek":["Tuesday","Wednesday","Thursday","Friday"],"opens":"10:00","closes":"20:00"},{"@type":"OpeningHoursSpecification","dayOfWeek":["Saturday"],"opens":"10:00","closes":"13:30"}],"email":"info@somllavors.com"},{"@type":"PostalAddress","@id":"https:\/\/somllavors.com\/es\/producte\/deportivas-free-arena-mustang#local-main-place-address","streetAddress":"Carrer de l'aigua, 6","addressLocality":"Vilanova i la Geltr\u00fa","postalCode":"08800","addressRegion":"Barcelona","addressCountry":"ES"},{"@type":"ImageObject","inLanguage":"es","@id":"https:\/\/somllavors.com\/es\/producte\/deportivas-free-arena-mustang#local-main-organization-logo","url":"https:\/\/somllavors.com\/wp-content\/uploads\/Logotip-Som-Llavors.jpg","contentUrl":"https:\/\/somllavors.com\/wp-content\/uploads\/Logotip-Som-Llavors.jpg","width":1444,"height":1323,"caption":"Som Llavors"}]},"og_availability":"instock","product_availability":"instock","product_retailer_item_id":"49045-C57292","product_condition":"new","geo.placename":"Vilanova i la Geltr\u00fa","geo.position":{"lat":"41.2257737","long":"1.723258859"},"geo.region":"Espa\u00f1a"},"brands":[{"id":4915,"name":"Mustang","slug":"mustang"}],"_links":{"self":[{"href":"https:\/\/somllavors.com\/es\/wp-json\/wp\/v2\/product\/66072","targetHints":{"allow":["GET"]}}],"collection":[{"href":"https:\/\/somllavors.com\/es\/wp-json\/wp\/v2\/product"}],"about":[{"href":"https:\/\/somllavors.com\/es\/wp-json\/wp\/v2\/types\/product"}],"wp:featuredmedia":[{"embeddable":true,"href":"https:\/\/somllavors.com\/es\/wp-json\/wp\/v2\/media\/66037"}],"wp:attachment":[{"href":"https:\/\/somllavors.com\/es\/wp-json\/wp\/v2\/media?parent=66072"}],"wp:term":[{"taxonomy":"pwb-brand","embeddable":true,"href":"https:\/\/somllavors.com\/es\/wp-json\/wp\/v2\/pwb-brand?post=66072"},{"taxonomy":"product_brand","embeddable":true,"href":"https:\/\/somllavors.com\/es\/wp-json\/wp\/v2\/product_brand?post=66072"},{"taxonomy":"product_cat","embeddable":true,"href":"https:\/\/somllavors.com\/es\/wp-json\/wp\/v2\/product_cat?post=66072"},{"taxonomy":"product_tag","embeddable":true,"href":"https:\/\/somllavors.com\/es\/wp-json\/wp\/v2\/product_tag?post=66072"}],"curies":[{"name":"wp","href":"https:\/\/api.w.org\/{rel}","templated":true}]}}