{"id":66561,"date":"2024-09-23T11:53:07","date_gmt":"2024-09-23T09:53:07","guid":{"rendered":"https:\/\/somllavors.com\/?post_type=product&#038;p=66561"},"modified":"2025-10-13T01:27:58","modified_gmt":"2025-10-12T23:27:58","slug":"patinete-para-joolz-hub2","status":"publish","type":"product","link":"https:\/\/somllavors.com\/es\/producte\/patinete-para-joolz-hub2","title":{"rendered":"Patinete para Joolz Hub2"},"content":{"rendered":"<h3 class=\"jlz-key-feature-block-component__header\">Pasea con tu beb\u00e9 y tu peque<\/h3>\n<div class=\"jlz-key-feature-block-component__content-paragraph\">\n<p>Simplemente engancha tu patinete al cochecito para disfrutar del paseo juntos.<\/p>\n<\/div>\n<h3 class=\"jlz-key-feature-block-component__header\">Dise\u00f1o inteligente que mantiene el espacio \u00f3ptimo para caminar c\u00f3modamente<\/h3>\n<div class=\"jlz-key-feature-block-component__content-paragraph\">\n<p>El dise\u00f1o inteligente sit\u00faa el patinete en el lado izquierdo para tener un espacio \u00f3ptimo para caminar. Olv\u00eddate de maniobras complicadas y da la bienvenida a un paseo tranquilo y sin esfuerzos.<\/p>\n<\/div>\n<p>&nbsp;<\/p>\n<h3>Compatible con:<\/h3>\n<ul>\n<li>Joolz Hub2<\/li>\n<\/ul>\n<p>&nbsp;<\/p>\n<p>Informaci\u00f3n de la marca:<\/p>\n<p>&#8211; Marca registrada en el registro de marcas:\u00a0<strong>JOOLZ<\/strong><\/p>\n<p>&#8211; Nombre del fabricante (persona f\u00edsica o jur\u00eddica):\u00a0<strong>Milk Design BV<\/strong><\/p>\n<p>&#8211; Direcci\u00f3n postal del fabricante:\u00a0<strong>Distelweg, 89, 1031 HD Amsterdam (The Nederlands)<\/strong><\/p>\n<p>&#8211; Direcci\u00f3n electr\u00f3nica de contacto del fabricante (una direcci\u00f3n de correo electr\u00f3nico o URL para consultas de los clientes):\u00a0<strong><a href=\"mailto:info@joolz.com\" target=\"_blank\" rel=\"noopener\">info@joolz.com<\/a><\/strong><\/p>\n<p>&#8211; Informaci\u00f3n general sobre la seguridad del producto:\u00a0<strong><a href=\"mailto:info@joolz.com\" target=\"_blank\" rel=\"noopener\">info@joolz.com<\/a><\/strong><\/p>\n<p>&#8211; Informaci\u00f3n de contacto adicional:\u00a0<strong><a href=\"mailto:info@joolz.com\" target=\"_blank\" rel=\"noopener\">info@joolz.com<\/a><\/strong><\/p>\n<p>&nbsp;<\/p>\n<p>&nbsp;<\/p>\n","protected":false},"excerpt":{"rendered":"<h2>\u00bfListo para una aventura en familia?<\/h2>\n<p>\u00a1El patinete Joolz es justo lo que necesitas! El accesorio perfecto para los padres y las madres que salen a pasear con dos ni\u00f1os. Eng\u00e1nchalo a tu Joolz Hub2 con tan solo un clic y tu hijo ya puede ir contigo de pie o sentado. \u00bfHora de volver a ponerse en marcha tras un descanso? Simplemente levanta el patinete y podr\u00e9is caminar uno junto al otro. \u00a1M\u00e1s diversi\u00f3n!<\/p>\n","protected":false},"featured_media":66609,"template":"","meta":{"_acf_changed":false,"site-sidebar-layout":"default","site-content-layout":"","ast-site-content-layout":"default","site-content-style":"default","site-sidebar-style":"default","ast-global-header-display":"","ast-banner-title-visibility":"","ast-main-header-display":"","ast-hfb-above-header-display":"","ast-hfb-below-header-display":"","ast-hfb-mobile-header-display":"","site-post-title":"","ast-breadcrumbs-content":"","ast-featured-img":"","footer-sml-layout":"","ast-disable-related-posts":"","theme-transparent-header-meta":"default","adv-header-id-meta":"","stick-header-meta":"","header-above-stick-meta":"","header-main-stick-meta":"","header-below-stick-meta":"","astra-migrate-meta-layouts":"set","ast-page-background-enabled":"default","ast-page-background-meta":{"desktop":{"background-color":"","background-image":"","background-repeat":"repeat","background-position":"center center","background-size":"auto","background-attachment":"scroll","background-type":"","background-media":"","overlay-type":"","overlay-color":"","overlay-opacity":"","overlay-gradient":""},"tablet":{"background-color":"","background-image":"","background-repeat":"repeat","background-position":"center center","background-size":"auto","background-attachment":"scroll","background-type":"","background-media":"","overlay-type":"","overlay-color":"","overlay-opacity":"","overlay-gradient":""},"mobile":{"background-color":"","background-image":"","background-repeat":"repeat","background-position":"center center","background-size":"auto","background-attachment":"scroll","background-type":"","background-media":"","overlay-type":"","overlay-color":"","overlay-opacity":"","overlay-gradient":""}},"ast-content-background-meta":{"desktop":{"background-color":"var(--ast-global-color-5)","background-image":"","background-repeat":"repeat","background-position":"center center","background-size":"auto","background-attachment":"scroll","background-type":"","background-media":"","overlay-type":"","overlay-color":"","overlay-opacity":"","overlay-gradient":""},"tablet":{"background-color":"var(--ast-global-color-5)","background-image":"","background-repeat":"repeat","background-position":"center center","background-size":"auto","background-attachment":"scroll","background-type":"","background-media":"","overlay-type":"","overlay-color":"","overlay-opacity":"","overlay-gradient":""},"mobile":{"background-color":"var(--ast-global-color-5)","background-image":"","background-repeat":"repeat","background-position":"center center","background-size":"auto","background-attachment":"scroll","background-type":"","background-media":"","overlay-type":"","overlay-color":"","overlay-opacity":"","overlay-gradient":""}}},"pwb-brand":[4305],"product_brand":[],"product_cat":[4616,4615],"product_tag":[5010],"class_list":{"0":"post-66561","1":"product","2":"type-product","3":"status-publish","4":"has-post-thumbnail","6":"pwb-brand-joolz-cotxets","7":"product_cat-accesorios-de-carritos","8":"product_cat-carritos-de-bebe","9":"product_tag-hub2","10":"pa_color-forest-green-es","11":"pa_color-navy-blue-es","12":"pa_color-sage-green-es","13":"pa_color-sandy-taupe-es","14":"pa_color-space-black-es","15":"pa_color-stone-grey-es","16":"desktop-align-left","17":"tablet-align-left","18":"mobile-align-left","20":"first","21":"onbackorder","22":"taxable","23":"shipping-taxable","24":"purchasable","25":"product-type-simple"},"acf":[],"yoast_head":"<!-- This site is optimized with the Yoast SEO Premium plugin v18.3 (Yoast SEO v27.4) - https:\/\/yoast.com\/product\/yoast-seo-premium-wordpress\/ -->\n<title>Patinete para Joolz Hub2 &#8212; Som Llavors<\/title>\n<meta name=\"description\" content=\"\u00bfListo para una aventura en familia? \u00a1El patinete Joolz es justo lo que necesitas! El accesorio perfecto para los padres y las madres que salen a pasear con dos ni\u00f1os. Eng\u00e1nchalo a tu Joolz Hub2 con tan solo un clic y tu hijo ya puede ir contigo de pie o sentado. \u00bfHora de volver a ponerse en marcha tras un descanso? Simplemente levanta el patinete y podr\u00e9is caminar uno junto al otro. \u00a1M\u00e1s diversi\u00f3n!\" \/>\n<meta name=\"robots\" content=\"index, follow, max-snippet:-1, max-image-preview:large, max-video-preview:-1\" \/>\n<link rel=\"canonical\" href=\"https:\/\/somllavors.com\/es\/producte\/patinete-para-joolz-hub2\" \/>\n<meta property=\"og:locale\" content=\"es_ES\" \/>\n<meta property=\"og:type\" content=\"article\" \/>\n<meta property=\"og:title\" content=\"Patinete para Joolz Hub2\" \/>\n<meta property=\"og:description\" content=\"La teva botiga d\u2019ecocrian\u00e7a i espai d\u2019acompanyament a la maternitat\" \/>\n<meta property=\"og:url\" content=\"https:\/\/somllavors.com\/es\/producte\/patinete-para-joolz-hub2\" \/>\n<meta property=\"og:site_name\" content=\"Som Llavors\" \/>\n<meta property=\"article:publisher\" content=\"https:\/\/www.facebook.com\/somllavorsvng\/?locale=ca_ES\" \/>\n<meta property=\"article:modified_time\" content=\"2025-10-12T23:27:58+00:00\" \/>\n<meta property=\"og:image\" content=\"https:\/\/somllavors.com\/wp-content\/uploads\/2024\/09\/Medium-Joolz-Footboard_Hub2.jpg\" \/>\n\t<meta property=\"og:image:width\" content=\"768\" \/>\n\t<meta property=\"og:image:height\" content=\"768\" \/>\n\t<meta property=\"og:image:type\" content=\"image\/jpeg\" \/>\n<meta name=\"twitter:card\" content=\"summary_large_image\" \/>\n<meta name=\"twitter:label1\" content=\"Precio\" \/>\n\t<meta name=\"twitter:data1\" content=\"119,95&euro; Iva incl\u00f2s\" \/>\n\t<meta name=\"twitter:label2\" content=\"Availability\" \/>\n\t<meta name=\"twitter:data2\" content=\"On backorder\" \/>\n<script type=\"application\/ld+json\" class=\"yoast-schema-graph\">{\"@context\":\"https:\\\/\\\/schema.org\",\"@graph\":[{\"@type\":\"WebPage\",\"@id\":\"https:\\\/\\\/somllavors.com\\\/es\\\/producte\\\/patinete-para-joolz-hub2\",\"url\":\"https:\\\/\\\/somllavors.com\\\/es\\\/producte\\\/patinete-para-joolz-hub2\",\"name\":\"Patinete para Joolz Hub2 &#8212; Som Llavors\",\"isPartOf\":{\"@id\":\"https:\\\/\\\/somllavors.com\\\/es#website\"},\"primaryImageOfPage\":{\"@id\":\"https:\\\/\\\/somllavors.com\\\/es\\\/producte\\\/patinete-para-joolz-hub2#primaryimage\"},\"image\":{\"@id\":\"https:\\\/\\\/somllavors.com\\\/es\\\/producte\\\/patinete-para-joolz-hub2#primaryimage\"},\"thumbnailUrl\":\"https:\\\/\\\/somllavors.com\\\/wp-content\\\/uploads\\\/2024\\\/09\\\/Medium-Joolz-Footboard_Hub2.jpg\",\"datePublished\":\"2024-09-23T09:53:07+00:00\",\"dateModified\":\"2025-10-12T23:27:58+00:00\",\"description\":\"\u00bfListo para una aventura en familia? \u00a1El patinete Joolz es justo lo que necesitas! El accesorio perfecto para los padres y las madres que salen a pasear con dos ni\u00f1os. Eng\u00e1nchalo a tu Joolz Hub2 con tan solo un clic y tu hijo ya puede ir contigo de pie o sentado. \u00bfHora de volver a ponerse en marcha tras un descanso? Simplemente levanta el patinete y podr\u00e9is caminar uno junto al otro. \u00a1M\u00e1s diversi\u00f3n!\",\"breadcrumb\":{\"@id\":\"https:\\\/\\\/somllavors.com\\\/es\\\/producte\\\/patinete-para-joolz-hub2#breadcrumb\"},\"inLanguage\":\"es\",\"potentialAction\":[{\"@type\":\"ReadAction\",\"target\":[\"https:\\\/\\\/somllavors.com\\\/es\\\/producte\\\/patinete-para-joolz-hub2\"]}]},{\"@type\":\"ImageObject\",\"inLanguage\":\"es\",\"@id\":\"https:\\\/\\\/somllavors.com\\\/es\\\/producte\\\/patinete-para-joolz-hub2#primaryimage\",\"url\":\"https:\\\/\\\/somllavors.com\\\/wp-content\\\/uploads\\\/2024\\\/09\\\/Medium-Joolz-Footboard_Hub2.jpg\",\"contentUrl\":\"https:\\\/\\\/somllavors.com\\\/wp-content\\\/uploads\\\/2024\\\/09\\\/Medium-Joolz-Footboard_Hub2.jpg\",\"width\":768,\"height\":768},{\"@type\":\"BreadcrumbList\",\"@id\":\"https:\\\/\\\/somllavors.com\\\/es\\\/producte\\\/patinete-para-joolz-hub2#breadcrumb\",\"itemListElement\":[{\"@type\":\"ListItem\",\"position\":1,\"name\":\"Inici\",\"item\":\"https:\\\/\\\/somllavors.com\\\/es\"},{\"@type\":\"ListItem\",\"position\":2,\"name\":\"Tienda\",\"item\":\"https:\\\/\\\/somllavors.com\\\/es\\\/botiga-2\"},{\"@type\":\"ListItem\",\"position\":3,\"name\":\"Patinete para Joolz Hub2\"}]},{\"@type\":\"WebSite\",\"@id\":\"https:\\\/\\\/somllavors.com\\\/es#website\",\"url\":\"https:\\\/\\\/somllavors.com\\\/es\",\"name\":\"Som Llavors\",\"description\":\"Botiga de crian\u00e7a natural\",\"publisher\":{\"@id\":\"https:\\\/\\\/somllavors.com\\\/es#organization\"},\"alternateName\":\"Crian\u00e7a Natural i Sostenible\",\"potentialAction\":[{\"@type\":\"SearchAction\",\"target\":{\"@type\":\"EntryPoint\",\"urlTemplate\":\"https:\\\/\\\/somllavors.com\\\/es?s={search_term_string}\"},\"query-input\":{\"@type\":\"PropertyValueSpecification\",\"valueRequired\":true,\"valueName\":\"search_term_string\"}}],\"inLanguage\":\"es\"},{\"@type\":[\"Organization\",\"Place\",\"Store\"],\"@id\":\"https:\\\/\\\/somllavors.com\\\/es#organization\",\"name\":\"Som Llavors\",\"alternateName\":\"Crian\u00e7a Natural i Sostenible\",\"url\":\"https:\\\/\\\/somllavors.com\\\/es\",\"logo\":{\"@id\":\"https:\\\/\\\/somllavors.com\\\/es\\\/producte\\\/patinete-para-joolz-hub2#local-main-organization-logo\"},\"image\":{\"@id\":\"https:\\\/\\\/somllavors.com\\\/es\\\/producte\\\/patinete-para-joolz-hub2#local-main-organization-logo\"},\"sameAs\":[\"https:\\\/\\\/www.facebook.com\\\/somllavorsvng\\\/?locale=ca_ES\",\"https:\\\/\\\/www.instagram.com\\\/somllavors_vng\\\/\",\"https:\\\/\\\/www.youtube.com\\\/@somllavors\"],\"address\":{\"@id\":\"https:\\\/\\\/somllavors.com\\\/es\\\/producte\\\/patinete-para-joolz-hub2#local-main-place-address\"},\"geo\":{\"@type\":\"GeoCoordinates\",\"latitude\":\"41.2257737\",\"longitude\":\"1.723258859\"},\"telephone\":[\"623152704\"],\"openingHoursSpecification\":[{\"@type\":\"OpeningHoursSpecification\",\"dayOfWeek\":[\"Monday\",\"Sunday\"],\"opens\":\"00:00\",\"closes\":\"00:00\"},{\"@type\":\"OpeningHoursSpecification\",\"dayOfWeek\":[\"Tuesday\",\"Wednesday\",\"Thursday\",\"Friday\"],\"opens\":\"10:00\",\"closes\":\"20:00\"},{\"@type\":\"OpeningHoursSpecification\",\"dayOfWeek\":[\"Saturday\"],\"opens\":\"10:00\",\"closes\":\"13:30\"}],\"email\":\"info@somllavors.com\"},{\"@type\":\"PostalAddress\",\"@id\":\"https:\\\/\\\/somllavors.com\\\/es\\\/producte\\\/patinete-para-joolz-hub2#local-main-place-address\",\"streetAddress\":\"Carrer de l'aigua, 6\",\"addressLocality\":\"Vilanova i la Geltr\u00fa\",\"postalCode\":\"08800\",\"addressRegion\":\"Barcelona\",\"addressCountry\":\"ES\"},{\"@type\":\"ImageObject\",\"inLanguage\":\"es\",\"@id\":\"https:\\\/\\\/somllavors.com\\\/es\\\/producte\\\/patinete-para-joolz-hub2#local-main-organization-logo\",\"url\":\"https:\\\/\\\/somllavors.com\\\/wp-content\\\/uploads\\\/Logotip-Som-Llavors.jpg\",\"contentUrl\":\"https:\\\/\\\/somllavors.com\\\/wp-content\\\/uploads\\\/Logotip-Som-Llavors.jpg\",\"width\":1444,\"height\":1323,\"caption\":\"Som Llavors\"}]}<\/script>\n<meta property=\"product:price:amount\" content=\"119.95\" \/>\n<meta property=\"product:price:currency\" content=\"EUR\" \/>\n<meta property=\"og:availability\" content=\"backorder\" \/>\n<meta property=\"product:availability\" content=\"available for order\" \/>\n<meta property=\"product:condition\" content=\"new\" \/>\n<meta name=\"geo.placename\" content=\"Vilanova i la Geltr\u00fa\" \/>\n<meta name=\"geo.position\" content=\"41.2257737;1.723258859\" \/>\n<meta name=\"geo.region\" content=\"Espa\u00f1a\" \/>\n<!-- \/ Yoast SEO Premium plugin. -->","yoast_head_json":{"title":"Patinete para Joolz Hub2 &#8212; Som Llavors","description":"\u00bfListo para una aventura en familia? \u00a1El patinete Joolz es justo lo que necesitas! El accesorio perfecto para los padres y las madres que salen a pasear con dos ni\u00f1os. Eng\u00e1nchalo a tu Joolz Hub2 con tan solo un clic y tu hijo ya puede ir contigo de pie o sentado. \u00bfHora de volver a ponerse en marcha tras un descanso? Simplemente levanta el patinete y podr\u00e9is caminar uno junto al otro. \u00a1M\u00e1s diversi\u00f3n!","robots":{"index":"index","follow":"follow","max-snippet":"max-snippet:-1","max-image-preview":"max-image-preview:large","max-video-preview":"max-video-preview:-1"},"canonical":"https:\/\/somllavors.com\/es\/producte\/patinete-para-joolz-hub2","og_locale":"es_ES","og_type":"article","og_title":"Patinete para Joolz Hub2","og_description":"La teva botiga d\u2019ecocrian\u00e7a i espai d\u2019acompanyament a la maternitat","og_url":"https:\/\/somllavors.com\/es\/producte\/patinete-para-joolz-hub2","og_site_name":"Som Llavors","article_publisher":"https:\/\/www.facebook.com\/somllavorsvng\/?locale=ca_ES","article_modified_time":"2025-10-12T23:27:58+00:00","og_image":[{"width":768,"height":768,"url":"https:\/\/somllavors.com\/wp-content\/uploads\/2024\/09\/Medium-Joolz-Footboard_Hub2.jpg","type":"image\/jpeg"}],"twitter_card":"summary_large_image","twitter_misc":{"Precio":"119,95&euro; Iva incl\u00f2s","Availability":"On backorder"},"schema":{"@context":"https:\/\/schema.org","@graph":[{"@type":"WebPage","@id":"https:\/\/somllavors.com\/es\/producte\/patinete-para-joolz-hub2","url":"https:\/\/somllavors.com\/es\/producte\/patinete-para-joolz-hub2","name":"Patinete para Joolz Hub2 &#8212; Som Llavors","isPartOf":{"@id":"https:\/\/somllavors.com\/es#website"},"primaryImageOfPage":{"@id":"https:\/\/somllavors.com\/es\/producte\/patinete-para-joolz-hub2#primaryimage"},"image":{"@id":"https:\/\/somllavors.com\/es\/producte\/patinete-para-joolz-hub2#primaryimage"},"thumbnailUrl":"https:\/\/somllavors.com\/wp-content\/uploads\/2024\/09\/Medium-Joolz-Footboard_Hub2.jpg","datePublished":"2024-09-23T09:53:07+00:00","dateModified":"2025-10-12T23:27:58+00:00","description":"\u00bfListo para una aventura en familia? \u00a1El patinete Joolz es justo lo que necesitas! El accesorio perfecto para los padres y las madres que salen a pasear con dos ni\u00f1os. Eng\u00e1nchalo a tu Joolz Hub2 con tan solo un clic y tu hijo ya puede ir contigo de pie o sentado. \u00bfHora de volver a ponerse en marcha tras un descanso? Simplemente levanta el patinete y podr\u00e9is caminar uno junto al otro. \u00a1M\u00e1s diversi\u00f3n!","breadcrumb":{"@id":"https:\/\/somllavors.com\/es\/producte\/patinete-para-joolz-hub2#breadcrumb"},"inLanguage":"es","potentialAction":[{"@type":"ReadAction","target":["https:\/\/somllavors.com\/es\/producte\/patinete-para-joolz-hub2"]}]},{"@type":"ImageObject","inLanguage":"es","@id":"https:\/\/somllavors.com\/es\/producte\/patinete-para-joolz-hub2#primaryimage","url":"https:\/\/somllavors.com\/wp-content\/uploads\/2024\/09\/Medium-Joolz-Footboard_Hub2.jpg","contentUrl":"https:\/\/somllavors.com\/wp-content\/uploads\/2024\/09\/Medium-Joolz-Footboard_Hub2.jpg","width":768,"height":768},{"@type":"BreadcrumbList","@id":"https:\/\/somllavors.com\/es\/producte\/patinete-para-joolz-hub2#breadcrumb","itemListElement":[{"@type":"ListItem","position":1,"name":"Inici","item":"https:\/\/somllavors.com\/es"},{"@type":"ListItem","position":2,"name":"Tienda","item":"https:\/\/somllavors.com\/es\/botiga-2"},{"@type":"ListItem","position":3,"name":"Patinete para Joolz Hub2"}]},{"@type":"WebSite","@id":"https:\/\/somllavors.com\/es#website","url":"https:\/\/somllavors.com\/es","name":"Som Llavors","description":"Botiga de crian\u00e7a natural","publisher":{"@id":"https:\/\/somllavors.com\/es#organization"},"alternateName":"Crian\u00e7a Natural i Sostenible","potentialAction":[{"@type":"SearchAction","target":{"@type":"EntryPoint","urlTemplate":"https:\/\/somllavors.com\/es?s={search_term_string}"},"query-input":{"@type":"PropertyValueSpecification","valueRequired":true,"valueName":"search_term_string"}}],"inLanguage":"es"},{"@type":["Organization","Place","Store"],"@id":"https:\/\/somllavors.com\/es#organization","name":"Som Llavors","alternateName":"Crian\u00e7a Natural i Sostenible","url":"https:\/\/somllavors.com\/es","logo":{"@id":"https:\/\/somllavors.com\/es\/producte\/patinete-para-joolz-hub2#local-main-organization-logo"},"image":{"@id":"https:\/\/somllavors.com\/es\/producte\/patinete-para-joolz-hub2#local-main-organization-logo"},"sameAs":["https:\/\/www.facebook.com\/somllavorsvng\/?locale=ca_ES","https:\/\/www.instagram.com\/somllavors_vng\/","https:\/\/www.youtube.com\/@somllavors"],"address":{"@id":"https:\/\/somllavors.com\/es\/producte\/patinete-para-joolz-hub2#local-main-place-address"},"geo":{"@type":"GeoCoordinates","latitude":"41.2257737","longitude":"1.723258859"},"telephone":["623152704","623152704"],"openingHoursSpecification":[{"@type":"OpeningHoursSpecification","dayOfWeek":["Monday","Sunday"],"opens":"00:00","closes":"00:00"},{"@type":"OpeningHoursSpecification","dayOfWeek":["Tuesday","Wednesday","Thursday","Friday"],"opens":"10:00","closes":"20:00"},{"@type":"OpeningHoursSpecification","dayOfWeek":["Saturday"],"opens":"10:00","closes":"13:30"}],"email":"info@somllavors.com"},{"@type":"PostalAddress","@id":"https:\/\/somllavors.com\/es\/producte\/patinete-para-joolz-hub2#local-main-place-address","streetAddress":"Carrer de l'aigua, 6","addressLocality":"Vilanova i la Geltr\u00fa","postalCode":"08800","addressRegion":"Barcelona","addressCountry":"ES"},{"@type":"ImageObject","inLanguage":"es","@id":"https:\/\/somllavors.com\/es\/producte\/patinete-para-joolz-hub2#local-main-organization-logo","url":"https:\/\/somllavors.com\/wp-content\/uploads\/Logotip-Som-Llavors.jpg","contentUrl":"https:\/\/somllavors.com\/wp-content\/uploads\/Logotip-Som-Llavors.jpg","width":1444,"height":1323,"caption":"Som Llavors"}]},"product_price_amount":"119.95","product_price_currency":"EUR","og_availability":"backorder","product_availability":"available for order","product_condition":"new","geo.placename":"Vilanova i la Geltr\u00fa","geo.position":{"lat":"41.2257737","long":"1.723258859"},"geo.region":"Espa\u00f1a"},"brands":[{"id":4305,"name":"Joolz","slug":"joolz-cotxets"}],"_links":{"self":[{"href":"https:\/\/somllavors.com\/es\/wp-json\/wp\/v2\/product\/66561","targetHints":{"allow":["GET"]}}],"collection":[{"href":"https:\/\/somllavors.com\/es\/wp-json\/wp\/v2\/product"}],"about":[{"href":"https:\/\/somllavors.com\/es\/wp-json\/wp\/v2\/types\/product"}],"wp:featuredmedia":[{"embeddable":true,"href":"https:\/\/somllavors.com\/es\/wp-json\/wp\/v2\/media\/66609"}],"wp:attachment":[{"href":"https:\/\/somllavors.com\/es\/wp-json\/wp\/v2\/media?parent=66561"}],"wp:term":[{"taxonomy":"pwb-brand","embeddable":true,"href":"https:\/\/somllavors.com\/es\/wp-json\/wp\/v2\/pwb-brand?post=66561"},{"taxonomy":"product_brand","embeddable":true,"href":"https:\/\/somllavors.com\/es\/wp-json\/wp\/v2\/product_brand?post=66561"},{"taxonomy":"product_cat","embeddable":true,"href":"https:\/\/somllavors.com\/es\/wp-json\/wp\/v2\/product_cat?post=66561"},{"taxonomy":"product_tag","embeddable":true,"href":"https:\/\/somllavors.com\/es\/wp-json\/wp\/v2\/product_tag?post=66561"}],"curies":[{"name":"wp","href":"https:\/\/api.w.org\/{rel}","templated":true}]}}