{"id":67188,"date":"2024-09-26T17:38:51","date_gmt":"2024-09-26T15:38:51","guid":{"rendered":"https:\/\/somllavors.com\/?post_type=product&#038;p=67188"},"modified":"2026-01-02T19:19:21","modified_gmt":"2026-01-02T18:19:21","slug":"banyera-flexi-bath-xl-disney-stokke","status":"publish","type":"product","link":"https:\/\/somllavors.com\/es\/producte\/banyera-flexi-bath-xl-disney-stokke","title":{"rendered":"Banyera Flexi Bath XL Disney &#8211; Stokke"},"content":{"rendered":"<div class=\"styled-content css-1jcdyo1\">Amplia y espaciosa, la ba\u00f1era Stokke\u00ae Flexi Bath\u00ae Extragrande crece con tu peque\u00f1o. Apta para beb\u00e9s en crecimiento y ni\u00f1os peque\u00f1os hasta aproximadamente los 6 a\u00f1os, tiene todas las magn\u00edficas caracter\u00edsticas de nuestra versi\u00f3n original, solo que cuenta con m\u00e1s amplitud. Su dise\u00f1o exclusivo permite plegarla en plano para transportarla y guardarla f\u00e1cilmente. Aunque lo suficientemente amplia para que los hermanos compartan c\u00f3modamente la ba\u00f1era, puedes estar seguro de que se ajusta a la mayor\u00eda de ba\u00f1eras y platos de ducha. Ideal para usarla en interiores o al aire libre, esta ba\u00f1era fuerte y resistente es perfecta para los ni\u00f1os m\u00e1s mayores a los que les encanta chapotear y jugar. Para mayor seguridad y comodidad, la base de la ba\u00f1era es antideslizante y cuenta con un tap\u00f3n de drenaje termosensible para vaciarla f\u00e1cilmente.<\/div>\n<div class=\"styled-content css-1jcdyo1\">\n<p>&nbsp;<\/p>\n<ul>\n<li>Apta para ni\u00f1os peque\u00f1os hasta los 6 a\u00f1os<\/li>\n<li>Ideal para compartir el ba\u00f1o con hermanos o amigos<\/li>\n<li>Se pliega en plano para poder transportarla f\u00e1cilmente y guardarla en poco espacio<\/li>\n<li>Ligera y resistente<\/li>\n<li>Amplia, pero dise\u00f1ada para que quepa en la mayor\u00eda de ba\u00f1eras y platos de ducha<\/li>\n<li>Se puede usar con Stokke Flexi Bath Newborn Support 3 para asegurar una posici\u00f3n ergon\u00f3mica \u00f3ptima cuando se usa desde el nacimiento<\/li>\n<li>La base es antideslizante y cuenta con un tap\u00f3n de drenaje termosensible para una seguridad a\u00f1adida<\/li>\n<li>Se vac\u00eda f\u00e1cilmente<\/li>\n<\/ul>\n<\/div>\n<div class=\"styled-content css-6eof77\"><\/div>\n","protected":false},"excerpt":{"rendered":"<h2 class=\"chakra-text css-t5spvo\">Compartid la alegr\u00eda de la hora del ba\u00f1o. Para beb\u00e9s en crecimiento<\/h2>\n<div class=\"styled-content css-6eof77\">\n<ul>\n<li>Incluye el patr\u00f3n de Mickey Celebration, un alegre dise\u00f1o de Mickey Mouse con colores vibrantes y divertidos confeti<\/li>\n<li>Una ba\u00f1era ligera y port\u00e1til de plegado compacto<\/li>\n<li>De mayor tama\u00f1o, es una ba\u00f1era espaciosa para poder chapotear y jugar<\/li>\n<li>Apta para ni\u00f1os hasta los seis a\u00f1os y para ba\u00f1arse con los hermanos<\/li>\n<li>La seguridad es lo primero: base antideslizante y tap\u00f3n de drenaje termosensible<\/li>\n<\/ul>\n<p>&nbsp;<\/p>\n<p>&nbsp;<\/p>\n<\/div>\n","protected":false},"featured_media":67210,"template":"","meta":{"_acf_changed":false,"site-sidebar-layout":"default","site-content-layout":"default","ast-site-content-layout":"default","site-content-style":"default","site-sidebar-style":"default","ast-global-header-display":"","ast-banner-title-visibility":"","ast-main-header-display":"","ast-hfb-above-header-display":"","ast-hfb-below-header-display":"","ast-hfb-mobile-header-display":"","site-post-title":"","ast-breadcrumbs-content":"","ast-featured-img":"","footer-sml-layout":"","ast-disable-related-posts":"","theme-transparent-header-meta":"default","adv-header-id-meta":"","stick-header-meta":"","header-above-stick-meta":"","header-main-stick-meta":"","header-below-stick-meta":"","astra-migrate-meta-layouts":"set","ast-page-background-enabled":"default","ast-page-background-meta":{"desktop":{"background-color":"","background-image":"","background-repeat":"repeat","background-position":"center center","background-size":"auto","background-attachment":"scroll","background-type":"","background-media":"","overlay-type":"","overlay-color":"","overlay-opacity":"","overlay-gradient":""},"tablet":{"background-color":"","background-image":"","background-repeat":"repeat","background-position":"center center","background-size":"auto","background-attachment":"scroll","background-type":"","background-media":"","overlay-type":"","overlay-color":"","overlay-opacity":"","overlay-gradient":""},"mobile":{"background-color":"","background-image":"","background-repeat":"repeat","background-position":"center center","background-size":"auto","background-attachment":"scroll","background-type":"","background-media":"","overlay-type":"","overlay-color":"","overlay-opacity":"","overlay-gradient":""}},"ast-content-background-meta":{"desktop":{"background-color":"var(--ast-global-color-5)","background-image":"","background-repeat":"repeat","background-position":"center center","background-size":"auto","background-attachment":"scroll","background-type":"","background-media":"","overlay-type":"","overlay-color":"","overlay-opacity":"","overlay-gradient":""},"tablet":{"background-color":"var(--ast-global-color-5)","background-image":"","background-repeat":"repeat","background-position":"center center","background-size":"auto","background-attachment":"scroll","background-type":"","background-media":"","overlay-type":"","overlay-color":"","overlay-opacity":"","overlay-gradient":""},"mobile":{"background-color":"var(--ast-global-color-5)","background-image":"","background-repeat":"repeat","background-position":"center center","background-size":"auto","background-attachment":"scroll","background-type":"","background-media":"","overlay-type":"","overlay-color":"","overlay-opacity":"","overlay-gradient":""}}},"pwb-brand":[4501],"product_brand":[],"product_cat":[4619],"product_tag":[5014],"class_list":{"0":"post-67188","1":"product","2":"type-product","3":"status-publish","4":"has-post-thumbnail","6":"pwb-brand-stokke","7":"product_cat-baneras-para-bebe","8":"product_tag-stokke-es","9":"desktop-align-left","10":"tablet-align-left","11":"mobile-align-left","13":"first","14":"instock","15":"taxable","16":"shipping-taxable","17":"purchasable","18":"product-type-simple"},"acf":[],"yoast_head":"<!-- This site is optimized with the Yoast SEO Premium plugin v18.3 (Yoast SEO v27.4) - https:\/\/yoast.com\/product\/yoast-seo-premium-wordpress\/ -->\n<title>Banyera Flexi Bath XL Disney - Stokke &#8212; Som Llavors<\/title>\n<meta name=\"description\" content=\"Compartid la alegr\u00eda de la hora del ba\u00f1o. Para beb\u00e9s en crecimiento    Incluye el patr\u00f3n de Mickey Celebration, un alegre dise\u00f1o de Mickey Mouse con colores vibrantes y divertidos confeti  Una ba\u00f1era ligera y port\u00e1til de plegado compacto  De mayor tama\u00f1o, es una ba\u00f1era espaciosa para poder chapotear y jugar  Apta para ni\u00f1os hasta los seis a\u00f1os y para ba\u00f1arse con los hermanos  La seguridad es lo primero: base antideslizante y tap\u00f3n de drenaje termosensible  &nbsp;  &nbsp;\" \/>\n<meta name=\"robots\" content=\"index, follow, max-snippet:-1, max-image-preview:large, max-video-preview:-1\" \/>\n<link rel=\"canonical\" href=\"https:\/\/somllavors.com\/es\/producte\/banyera-flexi-bath-xl-disney-stokke\" \/>\n<meta property=\"og:locale\" content=\"es_ES\" \/>\n<meta property=\"og:type\" content=\"article\" \/>\n<meta property=\"og:title\" content=\"Banyera Flexi Bath XL Disney - Stokke\" \/>\n<meta property=\"og:description\" content=\"La teva botiga d\u2019ecocrian\u00e7a i espai d\u2019acompanyament a la maternitat\" \/>\n<meta property=\"og:url\" content=\"https:\/\/somllavors.com\/es\/producte\/banyera-flexi-bath-xl-disney-stokke\" \/>\n<meta property=\"og:site_name\" content=\"Som Llavors\" \/>\n<meta property=\"article:publisher\" content=\"https:\/\/www.facebook.com\/somllavorsvng\/?locale=ca_ES\" \/>\n<meta property=\"article:modified_time\" content=\"2026-01-02T18:19:21+00:00\" \/>\n<meta property=\"og:image\" content=\"https:\/\/somllavors.com\/wp-content\/uploads\/2024\/09\/FlexiBath_XL_Disney_230627-3095_eCom.webp\" \/>\n\t<meta property=\"og:image:width\" content=\"960\" \/>\n\t<meta property=\"og:image:height\" content=\"1097\" \/>\n\t<meta property=\"og:image:type\" content=\"image\/webp\" \/>\n<meta name=\"twitter:card\" content=\"summary_large_image\" \/>\n<meta name=\"twitter:label1\" content=\"Precio\" \/>\n\t<meta name=\"twitter:data1\" content=\"69,00&euro; Iva incl\u00f2s\" \/>\n\t<meta name=\"twitter:label2\" content=\"Availability\" \/>\n\t<meta name=\"twitter:data2\" content=\"Hay existencias\" \/>\n<script type=\"application\/ld+json\" class=\"yoast-schema-graph\">{\"@context\":\"https:\\\/\\\/schema.org\",\"@graph\":[{\"@type\":\"WebPage\",\"@id\":\"https:\\\/\\\/somllavors.com\\\/es\\\/producte\\\/banyera-flexi-bath-xl-disney-stokke\",\"url\":\"https:\\\/\\\/somllavors.com\\\/es\\\/producte\\\/banyera-flexi-bath-xl-disney-stokke\",\"name\":\"Banyera Flexi Bath XL Disney - Stokke &#8212; Som Llavors\",\"isPartOf\":{\"@id\":\"https:\\\/\\\/somllavors.com\\\/es#website\"},\"primaryImageOfPage\":{\"@id\":\"https:\\\/\\\/somllavors.com\\\/es\\\/producte\\\/banyera-flexi-bath-xl-disney-stokke#primaryimage\"},\"image\":{\"@id\":\"https:\\\/\\\/somllavors.com\\\/es\\\/producte\\\/banyera-flexi-bath-xl-disney-stokke#primaryimage\"},\"thumbnailUrl\":\"https:\\\/\\\/somllavors.com\\\/wp-content\\\/uploads\\\/2024\\\/09\\\/FlexiBath_XL_Disney_230627-3095_eCom.webp\",\"datePublished\":\"2024-09-26T15:38:51+00:00\",\"dateModified\":\"2026-01-02T18:19:21+00:00\",\"description\":\"Compartid la alegr\u00eda de la hora del ba\u00f1o. Para beb\u00e9s en crecimiento Incluye el patr\u00f3n de Mickey Celebration, un alegre dise\u00f1o de Mickey Mouse con colores vibrantes y divertidos confeti Una ba\u00f1era ligera y port\u00e1til de plegado compacto De mayor tama\u00f1o, es una ba\u00f1era espaciosa para poder chapotear y jugar Apta para ni\u00f1os hasta los seis a\u00f1os y para ba\u00f1arse con los hermanos La seguridad es lo primero: base antideslizante y tap\u00f3n de drenaje termosensible &nbsp; &nbsp;\",\"breadcrumb\":{\"@id\":\"https:\\\/\\\/somllavors.com\\\/es\\\/producte\\\/banyera-flexi-bath-xl-disney-stokke#breadcrumb\"},\"inLanguage\":\"es\",\"potentialAction\":[{\"@type\":\"ReadAction\",\"target\":[\"https:\\\/\\\/somllavors.com\\\/es\\\/producte\\\/banyera-flexi-bath-xl-disney-stokke\"]}]},{\"@type\":\"ImageObject\",\"inLanguage\":\"es\",\"@id\":\"https:\\\/\\\/somllavors.com\\\/es\\\/producte\\\/banyera-flexi-bath-xl-disney-stokke#primaryimage\",\"url\":\"https:\\\/\\\/somllavors.com\\\/wp-content\\\/uploads\\\/2024\\\/09\\\/FlexiBath_XL_Disney_230627-3095_eCom.webp\",\"contentUrl\":\"https:\\\/\\\/somllavors.com\\\/wp-content\\\/uploads\\\/2024\\\/09\\\/FlexiBath_XL_Disney_230627-3095_eCom.webp\",\"width\":960,\"height\":1097,\"caption\":\"Flexi bath disney\"},{\"@type\":\"BreadcrumbList\",\"@id\":\"https:\\\/\\\/somllavors.com\\\/es\\\/producte\\\/banyera-flexi-bath-xl-disney-stokke#breadcrumb\",\"itemListElement\":[{\"@type\":\"ListItem\",\"position\":1,\"name\":\"Inici\",\"item\":\"https:\\\/\\\/somllavors.com\\\/es\"},{\"@type\":\"ListItem\",\"position\":2,\"name\":\"Tienda\",\"item\":\"https:\\\/\\\/somllavors.com\\\/es\\\/botiga-2\"},{\"@type\":\"ListItem\",\"position\":3,\"name\":\"Banyera Flexi Bath XL Disney &#8211; Stokke\"}]},{\"@type\":\"WebSite\",\"@id\":\"https:\\\/\\\/somllavors.com\\\/es#website\",\"url\":\"https:\\\/\\\/somllavors.com\\\/es\",\"name\":\"Som Llavors\",\"description\":\"Botiga de crian\u00e7a natural\",\"publisher\":{\"@id\":\"https:\\\/\\\/somllavors.com\\\/es#organization\"},\"alternateName\":\"Crian\u00e7a Natural i Sostenible\",\"potentialAction\":[{\"@type\":\"SearchAction\",\"target\":{\"@type\":\"EntryPoint\",\"urlTemplate\":\"https:\\\/\\\/somllavors.com\\\/es?s={search_term_string}\"},\"query-input\":{\"@type\":\"PropertyValueSpecification\",\"valueRequired\":true,\"valueName\":\"search_term_string\"}}],\"inLanguage\":\"es\"},{\"@type\":[\"Organization\",\"Place\",\"Store\"],\"@id\":\"https:\\\/\\\/somllavors.com\\\/es#organization\",\"name\":\"Som Llavors\",\"alternateName\":\"Crian\u00e7a Natural i Sostenible\",\"url\":\"https:\\\/\\\/somllavors.com\\\/es\",\"logo\":{\"@id\":\"https:\\\/\\\/somllavors.com\\\/es\\\/producte\\\/banyera-flexi-bath-xl-disney-stokke#local-main-organization-logo\"},\"image\":{\"@id\":\"https:\\\/\\\/somllavors.com\\\/es\\\/producte\\\/banyera-flexi-bath-xl-disney-stokke#local-main-organization-logo\"},\"sameAs\":[\"https:\\\/\\\/www.facebook.com\\\/somllavorsvng\\\/?locale=ca_ES\",\"https:\\\/\\\/www.instagram.com\\\/somllavors_vng\\\/\",\"https:\\\/\\\/www.youtube.com\\\/@somllavors\"],\"address\":{\"@id\":\"https:\\\/\\\/somllavors.com\\\/es\\\/producte\\\/banyera-flexi-bath-xl-disney-stokke#local-main-place-address\"},\"geo\":{\"@type\":\"GeoCoordinates\",\"latitude\":\"41.2257737\",\"longitude\":\"1.723258859\"},\"telephone\":[\"623152704\"],\"openingHoursSpecification\":[{\"@type\":\"OpeningHoursSpecification\",\"dayOfWeek\":[\"Monday\",\"Sunday\"],\"opens\":\"00:00\",\"closes\":\"00:00\"},{\"@type\":\"OpeningHoursSpecification\",\"dayOfWeek\":[\"Tuesday\",\"Wednesday\",\"Thursday\",\"Friday\"],\"opens\":\"10:00\",\"closes\":\"20:00\"},{\"@type\":\"OpeningHoursSpecification\",\"dayOfWeek\":[\"Saturday\"],\"opens\":\"10:00\",\"closes\":\"13:30\"}],\"email\":\"info@somllavors.com\"},{\"@type\":\"PostalAddress\",\"@id\":\"https:\\\/\\\/somllavors.com\\\/es\\\/producte\\\/banyera-flexi-bath-xl-disney-stokke#local-main-place-address\",\"streetAddress\":\"Carrer de l'aigua, 6\",\"addressLocality\":\"Vilanova i la Geltr\u00fa\",\"postalCode\":\"08800\",\"addressRegion\":\"Barcelona\",\"addressCountry\":\"ES\"},{\"@type\":\"ImageObject\",\"inLanguage\":\"es\",\"@id\":\"https:\\\/\\\/somllavors.com\\\/es\\\/producte\\\/banyera-flexi-bath-xl-disney-stokke#local-main-organization-logo\",\"url\":\"https:\\\/\\\/somllavors.com\\\/wp-content\\\/uploads\\\/Logotip-Som-Llavors.jpg\",\"contentUrl\":\"https:\\\/\\\/somllavors.com\\\/wp-content\\\/uploads\\\/Logotip-Som-Llavors.jpg\",\"width\":1444,\"height\":1323,\"caption\":\"Som Llavors\"}]}<\/script>\n<meta property=\"product:price:amount\" content=\"69.00\" \/>\n<meta property=\"product:price:currency\" content=\"EUR\" \/>\n<meta property=\"og:availability\" content=\"instock\" \/>\n<meta property=\"product:availability\" content=\"instock\" \/>\n<meta property=\"product:retailer_item_id\" content=\"535902-1-1\" \/>\n<meta property=\"product:condition\" content=\"new\" \/>\n<meta name=\"geo.placename\" content=\"Vilanova i la Geltr\u00fa\" \/>\n<meta name=\"geo.position\" content=\"41.2257737;1.723258859\" \/>\n<meta name=\"geo.region\" content=\"Espa\u00f1a\" \/>\n<!-- \/ Yoast SEO Premium plugin. -->","yoast_head_json":{"title":"Banyera Flexi Bath XL Disney - Stokke &#8212; Som Llavors","description":"Compartid la alegr\u00eda de la hora del ba\u00f1o. Para beb\u00e9s en crecimiento    Incluye el patr\u00f3n de Mickey Celebration, un alegre dise\u00f1o de Mickey Mouse con colores vibrantes y divertidos confeti  Una ba\u00f1era ligera y port\u00e1til de plegado compacto  De mayor tama\u00f1o, es una ba\u00f1era espaciosa para poder chapotear y jugar  Apta para ni\u00f1os hasta los seis a\u00f1os y para ba\u00f1arse con los hermanos  La seguridad es lo primero: base antideslizante y tap\u00f3n de drenaje termosensible  &nbsp;  &nbsp;","robots":{"index":"index","follow":"follow","max-snippet":"max-snippet:-1","max-image-preview":"max-image-preview:large","max-video-preview":"max-video-preview:-1"},"canonical":"https:\/\/somllavors.com\/es\/producte\/banyera-flexi-bath-xl-disney-stokke","og_locale":"es_ES","og_type":"article","og_title":"Banyera Flexi Bath XL Disney - Stokke","og_description":"La teva botiga d\u2019ecocrian\u00e7a i espai d\u2019acompanyament a la maternitat","og_url":"https:\/\/somllavors.com\/es\/producte\/banyera-flexi-bath-xl-disney-stokke","og_site_name":"Som Llavors","article_publisher":"https:\/\/www.facebook.com\/somllavorsvng\/?locale=ca_ES","article_modified_time":"2026-01-02T18:19:21+00:00","og_image":[{"width":960,"height":1097,"url":"https:\/\/somllavors.com\/wp-content\/uploads\/2024\/09\/FlexiBath_XL_Disney_230627-3095_eCom.webp","type":"image\/webp"}],"twitter_card":"summary_large_image","twitter_misc":{"Precio":"69,00&euro; Iva incl\u00f2s","Availability":"Hay existencias"},"schema":{"@context":"https:\/\/schema.org","@graph":[{"@type":"WebPage","@id":"https:\/\/somllavors.com\/es\/producte\/banyera-flexi-bath-xl-disney-stokke","url":"https:\/\/somllavors.com\/es\/producte\/banyera-flexi-bath-xl-disney-stokke","name":"Banyera Flexi Bath XL Disney - Stokke &#8212; Som Llavors","isPartOf":{"@id":"https:\/\/somllavors.com\/es#website"},"primaryImageOfPage":{"@id":"https:\/\/somllavors.com\/es\/producte\/banyera-flexi-bath-xl-disney-stokke#primaryimage"},"image":{"@id":"https:\/\/somllavors.com\/es\/producte\/banyera-flexi-bath-xl-disney-stokke#primaryimage"},"thumbnailUrl":"https:\/\/somllavors.com\/wp-content\/uploads\/2024\/09\/FlexiBath_XL_Disney_230627-3095_eCom.webp","datePublished":"2024-09-26T15:38:51+00:00","dateModified":"2026-01-02T18:19:21+00:00","description":"Compartid la alegr\u00eda de la hora del ba\u00f1o. Para beb\u00e9s en crecimiento Incluye el patr\u00f3n de Mickey Celebration, un alegre dise\u00f1o de Mickey Mouse con colores vibrantes y divertidos confeti Una ba\u00f1era ligera y port\u00e1til de plegado compacto De mayor tama\u00f1o, es una ba\u00f1era espaciosa para poder chapotear y jugar Apta para ni\u00f1os hasta los seis a\u00f1os y para ba\u00f1arse con los hermanos La seguridad es lo primero: base antideslizante y tap\u00f3n de drenaje termosensible &nbsp; &nbsp;","breadcrumb":{"@id":"https:\/\/somllavors.com\/es\/producte\/banyera-flexi-bath-xl-disney-stokke#breadcrumb"},"inLanguage":"es","potentialAction":[{"@type":"ReadAction","target":["https:\/\/somllavors.com\/es\/producte\/banyera-flexi-bath-xl-disney-stokke"]}]},{"@type":"ImageObject","inLanguage":"es","@id":"https:\/\/somllavors.com\/es\/producte\/banyera-flexi-bath-xl-disney-stokke#primaryimage","url":"https:\/\/somllavors.com\/wp-content\/uploads\/2024\/09\/FlexiBath_XL_Disney_230627-3095_eCom.webp","contentUrl":"https:\/\/somllavors.com\/wp-content\/uploads\/2024\/09\/FlexiBath_XL_Disney_230627-3095_eCom.webp","width":960,"height":1097,"caption":"Flexi bath disney"},{"@type":"BreadcrumbList","@id":"https:\/\/somllavors.com\/es\/producte\/banyera-flexi-bath-xl-disney-stokke#breadcrumb","itemListElement":[{"@type":"ListItem","position":1,"name":"Inici","item":"https:\/\/somllavors.com\/es"},{"@type":"ListItem","position":2,"name":"Tienda","item":"https:\/\/somllavors.com\/es\/botiga-2"},{"@type":"ListItem","position":3,"name":"Banyera Flexi Bath XL Disney &#8211; Stokke"}]},{"@type":"WebSite","@id":"https:\/\/somllavors.com\/es#website","url":"https:\/\/somllavors.com\/es","name":"Som Llavors","description":"Botiga de crian\u00e7a natural","publisher":{"@id":"https:\/\/somllavors.com\/es#organization"},"alternateName":"Crian\u00e7a Natural i Sostenible","potentialAction":[{"@type":"SearchAction","target":{"@type":"EntryPoint","urlTemplate":"https:\/\/somllavors.com\/es?s={search_term_string}"},"query-input":{"@type":"PropertyValueSpecification","valueRequired":true,"valueName":"search_term_string"}}],"inLanguage":"es"},{"@type":["Organization","Place","Store"],"@id":"https:\/\/somllavors.com\/es#organization","name":"Som Llavors","alternateName":"Crian\u00e7a Natural i Sostenible","url":"https:\/\/somllavors.com\/es","logo":{"@id":"https:\/\/somllavors.com\/es\/producte\/banyera-flexi-bath-xl-disney-stokke#local-main-organization-logo"},"image":{"@id":"https:\/\/somllavors.com\/es\/producte\/banyera-flexi-bath-xl-disney-stokke#local-main-organization-logo"},"sameAs":["https:\/\/www.facebook.com\/somllavorsvng\/?locale=ca_ES","https:\/\/www.instagram.com\/somllavors_vng\/","https:\/\/www.youtube.com\/@somllavors"],"address":{"@id":"https:\/\/somllavors.com\/es\/producte\/banyera-flexi-bath-xl-disney-stokke#local-main-place-address"},"geo":{"@type":"GeoCoordinates","latitude":"41.2257737","longitude":"1.723258859"},"telephone":["623152704","623152704"],"openingHoursSpecification":[{"@type":"OpeningHoursSpecification","dayOfWeek":["Monday","Sunday"],"opens":"00:00","closes":"00:00"},{"@type":"OpeningHoursSpecification","dayOfWeek":["Tuesday","Wednesday","Thursday","Friday"],"opens":"10:00","closes":"20:00"},{"@type":"OpeningHoursSpecification","dayOfWeek":["Saturday"],"opens":"10:00","closes":"13:30"}],"email":"info@somllavors.com"},{"@type":"PostalAddress","@id":"https:\/\/somllavors.com\/es\/producte\/banyera-flexi-bath-xl-disney-stokke#local-main-place-address","streetAddress":"Carrer de l'aigua, 6","addressLocality":"Vilanova i la Geltr\u00fa","postalCode":"08800","addressRegion":"Barcelona","addressCountry":"ES"},{"@type":"ImageObject","inLanguage":"es","@id":"https:\/\/somllavors.com\/es\/producte\/banyera-flexi-bath-xl-disney-stokke#local-main-organization-logo","url":"https:\/\/somllavors.com\/wp-content\/uploads\/Logotip-Som-Llavors.jpg","contentUrl":"https:\/\/somllavors.com\/wp-content\/uploads\/Logotip-Som-Llavors.jpg","width":1444,"height":1323,"caption":"Som Llavors"}]},"product_price_amount":"69.00","product_price_currency":"EUR","og_availability":"instock","product_availability":"instock","product_retailer_item_id":"535902-1-1","product_condition":"new","geo.placename":"Vilanova i la Geltr\u00fa","geo.position":{"lat":"41.2257737","long":"1.723258859"},"geo.region":"Espa\u00f1a"},"brands":[{"id":4501,"name":"Stokke","slug":"stokke"}],"_links":{"self":[{"href":"https:\/\/somllavors.com\/es\/wp-json\/wp\/v2\/product\/67188","targetHints":{"allow":["GET"]}}],"collection":[{"href":"https:\/\/somllavors.com\/es\/wp-json\/wp\/v2\/product"}],"about":[{"href":"https:\/\/somllavors.com\/es\/wp-json\/wp\/v2\/types\/product"}],"wp:featuredmedia":[{"embeddable":true,"href":"https:\/\/somllavors.com\/es\/wp-json\/wp\/v2\/media\/67210"}],"wp:attachment":[{"href":"https:\/\/somllavors.com\/es\/wp-json\/wp\/v2\/media?parent=67188"}],"wp:term":[{"taxonomy":"pwb-brand","embeddable":true,"href":"https:\/\/somllavors.com\/es\/wp-json\/wp\/v2\/pwb-brand?post=67188"},{"taxonomy":"product_brand","embeddable":true,"href":"https:\/\/somllavors.com\/es\/wp-json\/wp\/v2\/product_brand?post=67188"},{"taxonomy":"product_cat","embeddable":true,"href":"https:\/\/somllavors.com\/es\/wp-json\/wp\/v2\/product_cat?post=67188"},{"taxonomy":"product_tag","embeddable":true,"href":"https:\/\/somllavors.com\/es\/wp-json\/wp\/v2\/product_tag?post=67188"}],"curies":[{"name":"wp","href":"https:\/\/api.w.org\/{rel}","templated":true}]}}