{"id":67365,"date":"2024-09-30T19:30:20","date_gmt":"2024-09-30T17:30:20","guid":{"rendered":"https:\/\/somllavors.com\/?post_type=product&#038;p=67365"},"modified":"2024-10-10T13:07:19","modified_gmt":"2024-10-10T11:07:19","slug":"banera-plegable-flexi-bath-stokke","status":"publish","type":"product","link":"https:\/\/somllavors.com\/es\/producte\/banera-plegable-flexi-bath-stokke","title":{"rendered":"Ba\u00f1era plegable Flexi Bath\u00ae Disney &#8211; Stokke\u00ae"},"content":{"rendered":"<div class=\"css-1koat50\">\n<div class=\"css-10e2qm9\" data-testid=\"product-details-page_product-usp\">\n<div class=\"styled-content css-1jcdyo1\">Stokke\u00ae Flexi Bath\u00ae es una ba\u00f1era plegable de beb\u00e9 que puede usarse desde el nacimiento hasta los cuatro a\u00f1os. Su dise\u00f1o compacto facilita el guardado y permite su uso tanto en casa como cuando se viaja. Comparte el momento del ba\u00f1o donde sea que est\u00e9s. El soporte opcional para reci\u00e9n nacidos de Stokke\u00ae Flexi Bath\u00ae provee confort adicional a los m\u00e1s peque\u00f1os. Stokke siempre se esfuerza por mejorar sus productos. Por ello te ofrece un tap\u00f3n de drenaje termosensible. El tap\u00f3n funciona cambiando de color a medida que el agua se calienta, avisando a los padres visualmente de que la temperatura del agua est\u00e1 ascendiendo y debe verificarse. Ten en cuenta que el tap\u00f3n no es un term\u00f3metro. Comprueba siempre la temperatura del agua con tu mano para asegurarte de que sea la adecuada para la comodidad y seguridad de tu beb\u00e9. Ante la duda, utiliza un term\u00f3metro homologado para medir la temperatura con mayor precisi\u00f3n.<\/div>\n<div class=\"styled-content css-1jcdyo1\">\n<p>&nbsp;<\/p>\n<ul>\n<li>Exclusivo sistema de plegado que facilita su transporte y ahorra espacio.<\/li>\n<li>Ligera.<\/li>\n<li>El premiado dise\u00f1o del soporte para reci\u00e9n nacidos de Stokke\u00ae Flexi Bath\u00ae brinda una ergonom\u00eda \u00f3ptima y permite utilizar la ba\u00f1era desde el nacimiento.<\/li>\n<\/ul>\n<\/div>\n<\/div>\n<\/div>\n<div class=\"cms-page-module css-0\">\n<div class=\"cms-page-module\" data-template-id=\"552100319\" data-template-name=\"pep-features-carousel\" data-page-module-id=\"408459383\">\n<section id=\"pep_features_carousel_flexibath_classic_2024\" class=\"sk-component sk-component--pep-feature-carousel module-408459383-id\" data-slider-id=\"pep_features_carousel_flexibath_classic_2024\">\n<div class=\"sk-content-column sk-content-column--pep-feature-carousel\">\n<div class=\"sk-slider-wrapper sk-slider-wrapper--pep-feature-carousel\">\n<div id=\"tns13-ow\" class=\"tns-outer\">\n<div class=\"tns-nav\" aria-label=\"Carousel Pagination\">\n<p class=\"chakra-text css-1mjv7xt\">Tama\u00f1o del producto:<\/p>\n<ul>\n<li class=\"chakra-text css-1mjv7xt\">Ancho: 24 cm<\/li>\n<li class=\"chakra-text css-1mjv7xt\">Alto: 34 cm<\/li>\n<li class=\"chakra-text css-1mjv7xt\">Profundo: 64 cm<\/li>\n<\/ul>\n<\/div>\n<\/div>\n<\/div>\n<\/div>\n<\/section>\n<\/div>\n<\/div>\n","protected":false},"excerpt":{"rendered":"<h2 class=\"chakra-text css-t5spvo\">La ba\u00f1era plegable para beb\u00e9.<\/h2>\n<div class=\"styled-content css-6eof77\">\n<ul>\n<li>Incluye el patr\u00f3n de Mickey Celebration, un alegre dise\u00f1o de Mickey Mouse con colores vibrantes y divertidos confeti<\/li>\n<li>Ideal desde el nacimiento hasta los 4 a\u00f1os<\/li>\n<li>Una ba\u00f1era ligera y port\u00e1til de plegado compacto<\/li>\n<li>La base es antideslizante y cuenta con un tap\u00f3n de drenaje termosensible<\/li>\n<li>El soporte ergon\u00f3mico opcional para reci\u00e9n nacidos Flexi Bath\u00ae ofrece comodidad adicional<\/li>\n<\/ul>\n<p>&nbsp;<\/p>\n<\/div>\n","protected":false},"featured_media":67372,"template":"","meta":{"_acf_changed":false,"site-sidebar-layout":"default","site-content-layout":"","ast-site-content-layout":"default","site-content-style":"default","site-sidebar-style":"default","ast-global-header-display":"","ast-banner-title-visibility":"","ast-main-header-display":"","ast-hfb-above-header-display":"","ast-hfb-below-header-display":"","ast-hfb-mobile-header-display":"","site-post-title":"","ast-breadcrumbs-content":"","ast-featured-img":"","footer-sml-layout":"","ast-disable-related-posts":"","theme-transparent-header-meta":"default","adv-header-id-meta":"","stick-header-meta":"","header-above-stick-meta":"","header-main-stick-meta":"","header-below-stick-meta":"","astra-migrate-meta-layouts":"set","ast-page-background-enabled":"default","ast-page-background-meta":{"desktop":{"background-color":"","background-image":"","background-repeat":"repeat","background-position":"center center","background-size":"auto","background-attachment":"scroll","background-type":"","background-media":"","overlay-type":"","overlay-color":"","overlay-opacity":"","overlay-gradient":""},"tablet":{"background-color":"","background-image":"","background-repeat":"repeat","background-position":"center center","background-size":"auto","background-attachment":"scroll","background-type":"","background-media":"","overlay-type":"","overlay-color":"","overlay-opacity":"","overlay-gradient":""},"mobile":{"background-color":"","background-image":"","background-repeat":"repeat","background-position":"center center","background-size":"auto","background-attachment":"scroll","background-type":"","background-media":"","overlay-type":"","overlay-color":"","overlay-opacity":"","overlay-gradient":""}},"ast-content-background-meta":{"desktop":{"background-color":"var(--ast-global-color-5)","background-image":"","background-repeat":"repeat","background-position":"center center","background-size":"auto","background-attachment":"scroll","background-type":"","background-media":"","overlay-type":"","overlay-color":"","overlay-opacity":"","overlay-gradient":""},"tablet":{"background-color":"var(--ast-global-color-5)","background-image":"","background-repeat":"repeat","background-position":"center center","background-size":"auto","background-attachment":"scroll","background-type":"","background-media":"","overlay-type":"","overlay-color":"","overlay-opacity":"","overlay-gradient":""},"mobile":{"background-color":"var(--ast-global-color-5)","background-image":"","background-repeat":"repeat","background-position":"center center","background-size":"auto","background-attachment":"scroll","background-type":"","background-media":"","overlay-type":"","overlay-color":"","overlay-opacity":"","overlay-gradient":""}}},"pwb-brand":[4501],"product_brand":[],"product_cat":[4619],"product_tag":[],"class_list":{"0":"post-67365","1":"product","2":"type-product","3":"status-publish","4":"has-post-thumbnail","6":"pwb-brand-stokke","7":"product_cat-baneras-para-bebe","8":"desktop-align-left","9":"tablet-align-left","10":"mobile-align-left","12":"first","13":"instock","14":"taxable","15":"shipping-taxable","16":"purchasable","17":"product-type-simple"},"acf":[],"yoast_head":"<!-- This site is optimized with the Yoast SEO Premium plugin v18.3 (Yoast SEO v27.4) - https:\/\/yoast.com\/product\/yoast-seo-premium-wordpress\/ -->\n<title>Ba\u00f1era plegable Flexi Bath\u00ae Disney - Stokke\u00ae &#8212; Som Llavors<\/title>\n<meta name=\"description\" content=\"La ba\u00f1era plegable para beb\u00e9.    Incluye el patr\u00f3n de Mickey Celebration, un alegre dise\u00f1o de Mickey Mouse con colores vibrantes y divertidos confeti  Ideal desde el nacimiento hasta los 4 a\u00f1os  Una ba\u00f1era ligera y port\u00e1til de plegado compacto  La base es antideslizante y cuenta con un tap\u00f3n de drenaje termosensible  El soporte ergon\u00f3mico opcional para reci\u00e9n nacidos Flexi Bath\u00ae ofrece comodidad adicional  &nbsp;\" \/>\n<meta name=\"robots\" content=\"index, follow, max-snippet:-1, max-image-preview:large, max-video-preview:-1\" \/>\n<link rel=\"canonical\" href=\"https:\/\/somllavors.com\/es\/producte\/banera-plegable-flexi-bath-stokke\" \/>\n<meta property=\"og:locale\" content=\"es_ES\" \/>\n<meta property=\"og:type\" content=\"article\" \/>\n<meta property=\"og:title\" content=\"Ba\u00f1era plegable Flexi Bath\u00ae Disney - Stokke\u00ae\" \/>\n<meta property=\"og:description\" content=\"La teva botiga d\u2019ecocrian\u00e7a i espai d\u2019acompanyament a la maternitat\" \/>\n<meta property=\"og:url\" content=\"https:\/\/somllavors.com\/es\/producte\/banera-plegable-flexi-bath-stokke\" \/>\n<meta property=\"og:site_name\" content=\"Som Llavors\" \/>\n<meta property=\"article:publisher\" content=\"https:\/\/www.facebook.com\/somllavorsvng\/?locale=ca_ES\" \/>\n<meta property=\"article:modified_time\" content=\"2024-10-10T11:07:19+00:00\" \/>\n<meta property=\"og:image\" content=\"https:\/\/somllavors.com\/wp-content\/uploads\/2024\/09\/FlexiBath_Disney_SideView-Nwbn_230627-8I8477_eCom.webp\" \/>\n\t<meta property=\"og:image:width\" content=\"938\" \/>\n\t<meta property=\"og:image:height\" content=\"1072\" \/>\n\t<meta property=\"og:image:type\" content=\"image\/webp\" \/>\n<meta name=\"twitter:card\" content=\"summary_large_image\" \/>\n<meta name=\"twitter:label1\" content=\"Precio\" \/>\n\t<meta name=\"twitter:data1\" content=\"59,00&euro; Iva incl\u00f2s\" \/>\n\t<meta name=\"twitter:label2\" content=\"Availability\" \/>\n\t<meta name=\"twitter:data2\" content=\"Hay existencias\" \/>\n<script type=\"application\/ld+json\" class=\"yoast-schema-graph\">{\"@context\":\"https:\\\/\\\/schema.org\",\"@graph\":[{\"@type\":\"WebPage\",\"@id\":\"https:\\\/\\\/somllavors.com\\\/es\\\/producte\\\/banera-plegable-flexi-bath-stokke\",\"url\":\"https:\\\/\\\/somllavors.com\\\/es\\\/producte\\\/banera-plegable-flexi-bath-stokke\",\"name\":\"Ba\u00f1era plegable Flexi Bath\u00ae Disney - Stokke\u00ae &#8212; Som Llavors\",\"isPartOf\":{\"@id\":\"https:\\\/\\\/somllavors.com\\\/es#website\"},\"primaryImageOfPage\":{\"@id\":\"https:\\\/\\\/somllavors.com\\\/es\\\/producte\\\/banera-plegable-flexi-bath-stokke#primaryimage\"},\"image\":{\"@id\":\"https:\\\/\\\/somllavors.com\\\/es\\\/producte\\\/banera-plegable-flexi-bath-stokke#primaryimage\"},\"thumbnailUrl\":\"https:\\\/\\\/somllavors.com\\\/wp-content\\\/uploads\\\/2024\\\/09\\\/FlexiBath_Disney_SideView-Nwbn_230627-8I8477_eCom.webp\",\"datePublished\":\"2024-09-30T17:30:20+00:00\",\"dateModified\":\"2024-10-10T11:07:19+00:00\",\"description\":\"La ba\u00f1era plegable para beb\u00e9. Incluye el patr\u00f3n de Mickey Celebration, un alegre dise\u00f1o de Mickey Mouse con colores vibrantes y divertidos confeti Ideal desde el nacimiento hasta los 4 a\u00f1os Una ba\u00f1era ligera y port\u00e1til de plegado compacto La base es antideslizante y cuenta con un tap\u00f3n de drenaje termosensible El soporte ergon\u00f3mico opcional para reci\u00e9n nacidos Flexi Bath\u00ae ofrece comodidad adicional &nbsp;\",\"breadcrumb\":{\"@id\":\"https:\\\/\\\/somllavors.com\\\/es\\\/producte\\\/banera-plegable-flexi-bath-stokke#breadcrumb\"},\"inLanguage\":\"es\",\"potentialAction\":[{\"@type\":\"ReadAction\",\"target\":[\"https:\\\/\\\/somllavors.com\\\/es\\\/producte\\\/banera-plegable-flexi-bath-stokke\"]}]},{\"@type\":\"ImageObject\",\"inLanguage\":\"es\",\"@id\":\"https:\\\/\\\/somllavors.com\\\/es\\\/producte\\\/banera-plegable-flexi-bath-stokke#primaryimage\",\"url\":\"https:\\\/\\\/somllavors.com\\\/wp-content\\\/uploads\\\/2024\\\/09\\\/FlexiBath_Disney_SideView-Nwbn_230627-8I8477_eCom.webp\",\"contentUrl\":\"https:\\\/\\\/somllavors.com\\\/wp-content\\\/uploads\\\/2024\\\/09\\\/FlexiBath_Disney_SideView-Nwbn_230627-8I8477_eCom.webp\",\"width\":938,\"height\":1072,\"caption\":\"Flexi bath disney\"},{\"@type\":\"BreadcrumbList\",\"@id\":\"https:\\\/\\\/somllavors.com\\\/es\\\/producte\\\/banera-plegable-flexi-bath-stokke#breadcrumb\",\"itemListElement\":[{\"@type\":\"ListItem\",\"position\":1,\"name\":\"Inici\",\"item\":\"https:\\\/\\\/somllavors.com\\\/es\"},{\"@type\":\"ListItem\",\"position\":2,\"name\":\"Tienda\",\"item\":\"https:\\\/\\\/somllavors.com\\\/es\\\/botiga-2\"},{\"@type\":\"ListItem\",\"position\":3,\"name\":\"Ba\u00f1era plegable Flexi Bath\u00ae Disney &#8211; Stokke\u00ae\"}]},{\"@type\":\"WebSite\",\"@id\":\"https:\\\/\\\/somllavors.com\\\/es#website\",\"url\":\"https:\\\/\\\/somllavors.com\\\/es\",\"name\":\"Som Llavors\",\"description\":\"Botiga de crian\u00e7a natural\",\"publisher\":{\"@id\":\"https:\\\/\\\/somllavors.com\\\/es#organization\"},\"alternateName\":\"Crian\u00e7a Natural i Sostenible\",\"potentialAction\":[{\"@type\":\"SearchAction\",\"target\":{\"@type\":\"EntryPoint\",\"urlTemplate\":\"https:\\\/\\\/somllavors.com\\\/es?s={search_term_string}\"},\"query-input\":{\"@type\":\"PropertyValueSpecification\",\"valueRequired\":true,\"valueName\":\"search_term_string\"}}],\"inLanguage\":\"es\"},{\"@type\":[\"Organization\",\"Place\",\"Store\"],\"@id\":\"https:\\\/\\\/somllavors.com\\\/es#organization\",\"name\":\"Som Llavors\",\"alternateName\":\"Crian\u00e7a Natural i Sostenible\",\"url\":\"https:\\\/\\\/somllavors.com\\\/es\",\"logo\":{\"@id\":\"https:\\\/\\\/somllavors.com\\\/es\\\/producte\\\/banera-plegable-flexi-bath-stokke#local-main-organization-logo\"},\"image\":{\"@id\":\"https:\\\/\\\/somllavors.com\\\/es\\\/producte\\\/banera-plegable-flexi-bath-stokke#local-main-organization-logo\"},\"sameAs\":[\"https:\\\/\\\/www.facebook.com\\\/somllavorsvng\\\/?locale=ca_ES\",\"https:\\\/\\\/www.instagram.com\\\/somllavors_vng\\\/\",\"https:\\\/\\\/www.youtube.com\\\/@somllavors\"],\"address\":{\"@id\":\"https:\\\/\\\/somllavors.com\\\/es\\\/producte\\\/banera-plegable-flexi-bath-stokke#local-main-place-address\"},\"geo\":{\"@type\":\"GeoCoordinates\",\"latitude\":\"41.2257737\",\"longitude\":\"1.723258859\"},\"telephone\":[\"623152704\"],\"openingHoursSpecification\":[{\"@type\":\"OpeningHoursSpecification\",\"dayOfWeek\":[\"Monday\",\"Sunday\"],\"opens\":\"00:00\",\"closes\":\"00:00\"},{\"@type\":\"OpeningHoursSpecification\",\"dayOfWeek\":[\"Tuesday\",\"Wednesday\",\"Thursday\",\"Friday\"],\"opens\":\"10:00\",\"closes\":\"20:00\"},{\"@type\":\"OpeningHoursSpecification\",\"dayOfWeek\":[\"Saturday\"],\"opens\":\"10:00\",\"closes\":\"13:30\"}],\"email\":\"info@somllavors.com\"},{\"@type\":\"PostalAddress\",\"@id\":\"https:\\\/\\\/somllavors.com\\\/es\\\/producte\\\/banera-plegable-flexi-bath-stokke#local-main-place-address\",\"streetAddress\":\"Carrer de l'aigua, 6\",\"addressLocality\":\"Vilanova i la Geltr\u00fa\",\"postalCode\":\"08800\",\"addressRegion\":\"Barcelona\",\"addressCountry\":\"ES\"},{\"@type\":\"ImageObject\",\"inLanguage\":\"es\",\"@id\":\"https:\\\/\\\/somllavors.com\\\/es\\\/producte\\\/banera-plegable-flexi-bath-stokke#local-main-organization-logo\",\"url\":\"https:\\\/\\\/somllavors.com\\\/wp-content\\\/uploads\\\/Logotip-Som-Llavors.jpg\",\"contentUrl\":\"https:\\\/\\\/somllavors.com\\\/wp-content\\\/uploads\\\/Logotip-Som-Llavors.jpg\",\"width\":1444,\"height\":1323,\"caption\":\"Som Llavors\"}]}<\/script>\n<meta property=\"product:price:amount\" content=\"59.00\" \/>\n<meta property=\"product:price:currency\" content=\"EUR\" \/>\n<meta property=\"og:availability\" content=\"instock\" \/>\n<meta property=\"product:availability\" content=\"instock\" \/>\n<meta property=\"product:retailer_item_id\" content=\"531911\" \/>\n<meta property=\"product:condition\" content=\"new\" \/>\n<meta name=\"geo.placename\" content=\"Vilanova i la Geltr\u00fa\" \/>\n<meta name=\"geo.position\" content=\"41.2257737;1.723258859\" \/>\n<meta name=\"geo.region\" content=\"Espa\u00f1a\" \/>\n<!-- \/ Yoast SEO Premium plugin. -->","yoast_head_json":{"title":"Ba\u00f1era plegable Flexi Bath\u00ae Disney - Stokke\u00ae &#8212; Som Llavors","description":"La ba\u00f1era plegable para beb\u00e9.    Incluye el patr\u00f3n de Mickey Celebration, un alegre dise\u00f1o de Mickey Mouse con colores vibrantes y divertidos confeti  Ideal desde el nacimiento hasta los 4 a\u00f1os  Una ba\u00f1era ligera y port\u00e1til de plegado compacto  La base es antideslizante y cuenta con un tap\u00f3n de drenaje termosensible  El soporte ergon\u00f3mico opcional para reci\u00e9n nacidos Flexi Bath\u00ae ofrece comodidad adicional  &nbsp;","robots":{"index":"index","follow":"follow","max-snippet":"max-snippet:-1","max-image-preview":"max-image-preview:large","max-video-preview":"max-video-preview:-1"},"canonical":"https:\/\/somllavors.com\/es\/producte\/banera-plegable-flexi-bath-stokke","og_locale":"es_ES","og_type":"article","og_title":"Ba\u00f1era plegable Flexi Bath\u00ae Disney - Stokke\u00ae","og_description":"La teva botiga d\u2019ecocrian\u00e7a i espai d\u2019acompanyament a la maternitat","og_url":"https:\/\/somllavors.com\/es\/producte\/banera-plegable-flexi-bath-stokke","og_site_name":"Som Llavors","article_publisher":"https:\/\/www.facebook.com\/somllavorsvng\/?locale=ca_ES","article_modified_time":"2024-10-10T11:07:19+00:00","og_image":[{"width":938,"height":1072,"url":"https:\/\/somllavors.com\/wp-content\/uploads\/2024\/09\/FlexiBath_Disney_SideView-Nwbn_230627-8I8477_eCom.webp","type":"image\/webp"}],"twitter_card":"summary_large_image","twitter_misc":{"Precio":"59,00&euro; Iva incl\u00f2s","Availability":"Hay existencias"},"schema":{"@context":"https:\/\/schema.org","@graph":[{"@type":"WebPage","@id":"https:\/\/somllavors.com\/es\/producte\/banera-plegable-flexi-bath-stokke","url":"https:\/\/somllavors.com\/es\/producte\/banera-plegable-flexi-bath-stokke","name":"Ba\u00f1era plegable Flexi Bath\u00ae Disney - Stokke\u00ae &#8212; Som Llavors","isPartOf":{"@id":"https:\/\/somllavors.com\/es#website"},"primaryImageOfPage":{"@id":"https:\/\/somllavors.com\/es\/producte\/banera-plegable-flexi-bath-stokke#primaryimage"},"image":{"@id":"https:\/\/somllavors.com\/es\/producte\/banera-plegable-flexi-bath-stokke#primaryimage"},"thumbnailUrl":"https:\/\/somllavors.com\/wp-content\/uploads\/2024\/09\/FlexiBath_Disney_SideView-Nwbn_230627-8I8477_eCom.webp","datePublished":"2024-09-30T17:30:20+00:00","dateModified":"2024-10-10T11:07:19+00:00","description":"La ba\u00f1era plegable para beb\u00e9. Incluye el patr\u00f3n de Mickey Celebration, un alegre dise\u00f1o de Mickey Mouse con colores vibrantes y divertidos confeti Ideal desde el nacimiento hasta los 4 a\u00f1os Una ba\u00f1era ligera y port\u00e1til de plegado compacto La base es antideslizante y cuenta con un tap\u00f3n de drenaje termosensible El soporte ergon\u00f3mico opcional para reci\u00e9n nacidos Flexi Bath\u00ae ofrece comodidad adicional &nbsp;","breadcrumb":{"@id":"https:\/\/somllavors.com\/es\/producte\/banera-plegable-flexi-bath-stokke#breadcrumb"},"inLanguage":"es","potentialAction":[{"@type":"ReadAction","target":["https:\/\/somllavors.com\/es\/producte\/banera-plegable-flexi-bath-stokke"]}]},{"@type":"ImageObject","inLanguage":"es","@id":"https:\/\/somllavors.com\/es\/producte\/banera-plegable-flexi-bath-stokke#primaryimage","url":"https:\/\/somllavors.com\/wp-content\/uploads\/2024\/09\/FlexiBath_Disney_SideView-Nwbn_230627-8I8477_eCom.webp","contentUrl":"https:\/\/somllavors.com\/wp-content\/uploads\/2024\/09\/FlexiBath_Disney_SideView-Nwbn_230627-8I8477_eCom.webp","width":938,"height":1072,"caption":"Flexi bath disney"},{"@type":"BreadcrumbList","@id":"https:\/\/somllavors.com\/es\/producte\/banera-plegable-flexi-bath-stokke#breadcrumb","itemListElement":[{"@type":"ListItem","position":1,"name":"Inici","item":"https:\/\/somllavors.com\/es"},{"@type":"ListItem","position":2,"name":"Tienda","item":"https:\/\/somllavors.com\/es\/botiga-2"},{"@type":"ListItem","position":3,"name":"Ba\u00f1era plegable Flexi Bath\u00ae Disney &#8211; Stokke\u00ae"}]},{"@type":"WebSite","@id":"https:\/\/somllavors.com\/es#website","url":"https:\/\/somllavors.com\/es","name":"Som Llavors","description":"Botiga de crian\u00e7a natural","publisher":{"@id":"https:\/\/somllavors.com\/es#organization"},"alternateName":"Crian\u00e7a Natural i Sostenible","potentialAction":[{"@type":"SearchAction","target":{"@type":"EntryPoint","urlTemplate":"https:\/\/somllavors.com\/es?s={search_term_string}"},"query-input":{"@type":"PropertyValueSpecification","valueRequired":true,"valueName":"search_term_string"}}],"inLanguage":"es"},{"@type":["Organization","Place","Store"],"@id":"https:\/\/somllavors.com\/es#organization","name":"Som Llavors","alternateName":"Crian\u00e7a Natural i Sostenible","url":"https:\/\/somllavors.com\/es","logo":{"@id":"https:\/\/somllavors.com\/es\/producte\/banera-plegable-flexi-bath-stokke#local-main-organization-logo"},"image":{"@id":"https:\/\/somllavors.com\/es\/producte\/banera-plegable-flexi-bath-stokke#local-main-organization-logo"},"sameAs":["https:\/\/www.facebook.com\/somllavorsvng\/?locale=ca_ES","https:\/\/www.instagram.com\/somllavors_vng\/","https:\/\/www.youtube.com\/@somllavors"],"address":{"@id":"https:\/\/somllavors.com\/es\/producte\/banera-plegable-flexi-bath-stokke#local-main-place-address"},"geo":{"@type":"GeoCoordinates","latitude":"41.2257737","longitude":"1.723258859"},"telephone":["623152704","623152704"],"openingHoursSpecification":[{"@type":"OpeningHoursSpecification","dayOfWeek":["Monday","Sunday"],"opens":"00:00","closes":"00:00"},{"@type":"OpeningHoursSpecification","dayOfWeek":["Tuesday","Wednesday","Thursday","Friday"],"opens":"10:00","closes":"20:00"},{"@type":"OpeningHoursSpecification","dayOfWeek":["Saturday"],"opens":"10:00","closes":"13:30"}],"email":"info@somllavors.com"},{"@type":"PostalAddress","@id":"https:\/\/somllavors.com\/es\/producte\/banera-plegable-flexi-bath-stokke#local-main-place-address","streetAddress":"Carrer de l'aigua, 6","addressLocality":"Vilanova i la Geltr\u00fa","postalCode":"08800","addressRegion":"Barcelona","addressCountry":"ES"},{"@type":"ImageObject","inLanguage":"es","@id":"https:\/\/somllavors.com\/es\/producte\/banera-plegable-flexi-bath-stokke#local-main-organization-logo","url":"https:\/\/somllavors.com\/wp-content\/uploads\/Logotip-Som-Llavors.jpg","contentUrl":"https:\/\/somllavors.com\/wp-content\/uploads\/Logotip-Som-Llavors.jpg","width":1444,"height":1323,"caption":"Som Llavors"}]},"product_price_amount":"59.00","product_price_currency":"EUR","og_availability":"instock","product_availability":"instock","product_retailer_item_id":"531911","product_condition":"new","geo.placename":"Vilanova i la Geltr\u00fa","geo.position":{"lat":"41.2257737","long":"1.723258859"},"geo.region":"Espa\u00f1a"},"brands":[{"id":4501,"name":"Stokke","slug":"stokke"}],"_links":{"self":[{"href":"https:\/\/somllavors.com\/es\/wp-json\/wp\/v2\/product\/67365","targetHints":{"allow":["GET"]}}],"collection":[{"href":"https:\/\/somllavors.com\/es\/wp-json\/wp\/v2\/product"}],"about":[{"href":"https:\/\/somllavors.com\/es\/wp-json\/wp\/v2\/types\/product"}],"wp:featuredmedia":[{"embeddable":true,"href":"https:\/\/somllavors.com\/es\/wp-json\/wp\/v2\/media\/67372"}],"wp:attachment":[{"href":"https:\/\/somllavors.com\/es\/wp-json\/wp\/v2\/media?parent=67365"}],"wp:term":[{"taxonomy":"pwb-brand","embeddable":true,"href":"https:\/\/somllavors.com\/es\/wp-json\/wp\/v2\/pwb-brand?post=67365"},{"taxonomy":"product_brand","embeddable":true,"href":"https:\/\/somllavors.com\/es\/wp-json\/wp\/v2\/product_brand?post=67365"},{"taxonomy":"product_cat","embeddable":true,"href":"https:\/\/somllavors.com\/es\/wp-json\/wp\/v2\/product_cat?post=67365"},{"taxonomy":"product_tag","embeddable":true,"href":"https:\/\/somllavors.com\/es\/wp-json\/wp\/v2\/product_tag?post=67365"}],"curies":[{"name":"wp","href":"https:\/\/api.w.org\/{rel}","templated":true}]}}