{"id":68011,"date":"2024-10-09T11:41:38","date_gmt":"2024-10-09T09:41:38","guid":{"rendered":"https:\/\/somllavors.com\/?post_type=product&#038;p=68011"},"modified":"2025-12-05T11:02:51","modified_gmt":"2025-12-05T10:02:51","slug":"saco-de-dormir-magic-bag-azul-bemini","status":"publish","type":"product","link":"https:\/\/somllavors.com\/es\/producte\/saco-de-dormir-magic-bag-azul-bemini","title":{"rendered":"Saco de dormir Magic Bag 4-12 meses Wonder TOG 3 &#8211; BeMini"},"content":{"rendered":"<ul>\n<li><span style=\"font-size: 16px;\">Medida del beb\u00e9: de 60 a 80 cm<\/span><\/li>\n<\/ul>\n<div id=\"tinymce-fonctionnalites\" class=\"tinymce-admin\" data-type=\"fonctionnalites\" data-title=\"155\">\n<h3 class=\"w-100 border-bottom border-dark pb-1 mb-1 text-uppercase\">Funcionalidades<\/h3>\n<div id=\"tinymce-fonctionnalites\" class=\"tinymce-admin\" data-type=\"fonctionnalites\" data-title=\"155\">\n<p>Estudiado y dise\u00f1ado para garantizar el m\u00e1ximo confort y libertad de movimientos, el saco de dormir es el mejor saco de dormir imprescindible para el bienestar del beb\u00e9 para las siestas y noches tranquilas.<br \/>\nIngenioso y pr\u00e1ctico, sus funciones se adaptan a las necesidades y seguridad del beb\u00e9, ya sea en casa, para cochecitos y viajes en coche.<\/p>\n<p><img decoding=\"async\" class=\"img-fluid\" src=\"https:\/\/www.bemini.be\/img\/Products\/tog\/155%20SIZE%20MB_1.jpg\" alt=\"155 SIZE MB_1.jpg\" \/><\/p>\n<p><strong>1. MANGAS DESMONTABLES<\/strong><br \/>\nPara garantizar el mejor confort t\u00e9rmico, las mangas son desmontables. Una vez que se retiran los manguitos, se modifica la resistencia t\u00e9rmica del saco de dormir.<br \/>\nEl valor TOG se calcula con las mangas.<\/p>\n<p><strong>2. APERTURA LATERAL<\/strong><br \/>\nLa abertura lateral con cremallera en toda la altura del lateral facilita el vestido y el cambio del beb\u00e9.<\/p>\n<p><strong>3. TRANSPORTE SEGURO<\/strong><br \/>\nGracias al sistema de cremallera modular, el fondo de la bolsa puede transformarse r\u00e1pidamente con o sin las patas separadas.<br \/>\nEsta caracter\u00edstica es esencial para pasar los cinturones y cerrar correctamente el arn\u00e9s de seguridad lo m\u00e1s cerca posible del cuerpo del beb\u00e9.<br \/>\nLas piernas unidas contribuyen a su comodidad y tranquilidad.<\/p>\n<p><strong>4. HAPPY FEET<\/strong><br \/>\nEl abertura de la pierna plegable con leng\u00fceta plegable permite al beb\u00e9 dar sus primeros pasos o mantener calientes sus peque\u00f1os pies.<\/p>\n<p><strong>5. COMPATIBILIDAD<\/strong><br \/>\nEl Magic Bag en posici\u00f3n de piernas abiertas es compatible con todos los modelos de sillas de coche, capazos y cochecitos con sistema de fijaci\u00f3n de cinturones de 3 y 5 puntos.<br \/>\nDe este modo, tu beb\u00e9 estar\u00e1 bien sujeto cuando viajes en un cochecito o en el coche.<\/p>\n<p>&nbsp;<\/p>\n<\/div>\n<\/div>\n<h3 class=\"w-100 border-bottom border-dark pb-1 mt-3 mb-1 text-uppercase\">Cualidades<\/h3>\n<div class=\"row\">\n<div id=\"tinymce-composition\" class=\"col-12 tinymce-admin\" data-type=\"composition\" data-title=\"161 CADUM CU\">\n<ul>\n<li>El jersey Tetra acolchado y forrado con algod\u00f3n es ideal para la delicada piel del beb\u00e9. El acolchado proporciona una agradable sensaci\u00f3n de calor y contribuye a la esponjosidad, lo que lo hace tan acogedor y suave. Su bonito efecto y su estructura especial le dan un estilo \u00fanico y a la moda.<\/li>\n<li>Lavado tras lavado, el jersey pady tetra conserva su suavidad, forma y volumen.<\/li>\n<li>Exterior: 96% algod\u00f3n 4% elastano \/ Interior: 100% algod\u00f3n \/ Forro interior: 100% poli\u00e9ster<\/li>\n<li>Lavable a 30\u00b0C, sin blanqueador, sin secadora, no planchar, no lavar en seco<\/li>\n<li>El TOG es el \u00edndice de calor del producto determinado en funci\u00f3n de la temperatura ambiente. El TOG 3 es ideal para una temperatura entre 15 y 18\u00b0 C.<\/li>\n<\/ul>\n<\/div>\n<\/div>\n","protected":false},"excerpt":{"rendered":"<p>Muy c\u00e1lido, el saco de dormir de BeMini es de jersey acolchado y forrado de algod\u00f3n que proporciona un confort t\u00e9rmico.<\/p>\n<ul>\n<li>Esencial desde el nacimiento, el Magic Bag\u00ae garantiza comodidad y seguridad.<\/li>\n<li>Ideal tambi\u00e9n para el coche.<\/li>\n<li>TOG 3.<\/li>\n<\/ul>\n","protected":false},"featured_media":68027,"template":"","meta":{"_acf_changed":false,"site-sidebar-layout":"default","site-content-layout":"","ast-site-content-layout":"default","site-content-style":"default","site-sidebar-style":"default","ast-global-header-display":"","ast-banner-title-visibility":"","ast-main-header-display":"","ast-hfb-above-header-display":"","ast-hfb-below-header-display":"","ast-hfb-mobile-header-display":"","site-post-title":"","ast-breadcrumbs-content":"","ast-featured-img":"","footer-sml-layout":"","theme-transparent-header-meta":"default","adv-header-id-meta":"","stick-header-meta":"","header-above-stick-meta":"","header-main-stick-meta":"","header-below-stick-meta":"","astra-migrate-meta-layouts":"set","ast-page-background-enabled":"default","ast-page-background-meta":{"desktop":{"background-color":"","background-image":"","background-repeat":"repeat","background-position":"center center","background-size":"auto","background-attachment":"scroll","background-type":"","background-media":"","overlay-type":"","overlay-color":"","overlay-opacity":"","overlay-gradient":""},"tablet":{"background-color":"","background-image":"","background-repeat":"repeat","background-position":"center center","background-size":"auto","background-attachment":"scroll","background-type":"","background-media":"","overlay-type":"","overlay-color":"","overlay-opacity":"","overlay-gradient":""},"mobile":{"background-color":"","background-image":"","background-repeat":"repeat","background-position":"center center","background-size":"auto","background-attachment":"scroll","background-type":"","background-media":"","overlay-type":"","overlay-color":"","overlay-opacity":"","overlay-gradient":""}},"ast-content-background-meta":{"desktop":{"background-color":"var(--ast-global-color-5)","background-image":"","background-repeat":"repeat","background-position":"center center","background-size":"auto","background-attachment":"scroll","background-type":"","background-media":"","overlay-type":"","overlay-color":"","overlay-opacity":"","overlay-gradient":""},"tablet":{"background-color":"var(--ast-global-color-5)","background-image":"","background-repeat":"repeat","background-position":"center center","background-size":"auto","background-attachment":"scroll","background-type":"","background-media":"","overlay-type":"","overlay-color":"","overlay-opacity":"","overlay-gradient":""},"mobile":{"background-color":"var(--ast-global-color-5)","background-image":"","background-repeat":"repeat","background-position":"center center","background-size":"auto","background-attachment":"scroll","background-type":"","background-media":"","overlay-type":"","overlay-color":"","overlay-opacity":"","overlay-gradient":""}}},"pwb-brand":[5140],"product_brand":[],"product_cat":[5152,3598,3625,5137,5149],"product_tag":[5141,5146,5143,5142,5144],"class_list":{"0":"post-68011","1":"product","2":"type-product","3":"status-publish","4":"has-post-thumbnail","6":"pwb-brand-bemini","7":"product_cat-4-12-meses","8":"product_cat-sacos","9":"product_cat-sacos-de-dormir","10":"product_cat-sacos-para-dormir","11":"product_cat-tog-3","12":"product_tag-bemini","13":"product_tag-pijama-manta","14":"product_tag-saco-con-piernas","15":"product_tag-saco-con-pies","16":"product_tag-saco-de-dormir-es","17":"desktop-align-left","18":"tablet-align-left","19":"mobile-align-left","21":"first","22":"outofstock","23":"taxable","24":"shipping-taxable","25":"purchasable","26":"product-type-simple"},"acf":[],"yoast_head":"<!-- This site is optimized with the Yoast SEO Premium plugin v18.3 (Yoast SEO v26.2) - https:\/\/yoast.com\/wordpress\/plugins\/seo\/ -->\n<title>Saco de dormir Magic Bag 4-12 meses Wonder TOG 3 - BeMini &#8212; Som Llavors<\/title>\n<meta name=\"description\" content=\"Muy c\u00e1lido, el saco de dormir de BeMini es de jersey acolchado y forrado de algod\u00f3n que proporciona un confort t\u00e9rmico.   Esencial desde el nacimiento, el Magic Bag\u00ae garantiza comodidad y seguridad.  Ideal tambi\u00e9n para el coche.  TOG 3.\" \/>\n<meta name=\"robots\" content=\"index, follow, max-snippet:-1, max-image-preview:large, max-video-preview:-1\" \/>\n<link rel=\"canonical\" href=\"https:\/\/somllavors.com\/es\/producte\/saco-de-dormir-magic-bag-azul-bemini\" \/>\n<meta property=\"og:locale\" content=\"es_ES\" \/>\n<meta property=\"og:type\" content=\"article\" \/>\n<meta property=\"og:title\" content=\"Saco de dormir Magic Bag 4-12 meses Wonder TOG 3 - BeMini\" \/>\n<meta property=\"og:description\" content=\"La teva botiga d\u2019ecocrian\u00e7a i espai d\u2019acompanyament a la maternitat\" \/>\n<meta property=\"og:url\" content=\"https:\/\/somllavors.com\/es\/producte\/saco-de-dormir-magic-bag-azul-bemini\" \/>\n<meta property=\"og:site_name\" content=\"Som Llavors\" \/>\n<meta property=\"article:publisher\" content=\"https:\/\/www.facebook.com\/somllavorsvng\/?locale=ca_ES\" \/>\n<meta property=\"article:modified_time\" content=\"2025-12-05T10:02:51+00:00\" \/>\n<meta property=\"og:image\" content=\"https:\/\/somllavors.com\/wp-content\/uploads\/2024\/10\/Som-Llavors-MAGIC_BAG_Pady_Tetra_Jersey__jersey_4-12m_CADUM_Wonder.webp\" \/>\n\t<meta property=\"og:image:width\" content=\"1140\" \/>\n\t<meta property=\"og:image:height\" content=\"1140\" \/>\n\t<meta property=\"og:image:type\" content=\"image\/webp\" \/>\n<meta name=\"twitter:card\" content=\"summary_large_image\" \/>\n<meta name=\"twitter:label1\" content=\"Precio\" \/>\n\t<meta name=\"twitter:data1\" content=\"74,90&euro; Iva incl\u00f2s\" \/>\n\t<meta name=\"twitter:label2\" content=\"Availability\" \/>\n\t<meta name=\"twitter:data2\" content=\"Out of stock\" \/>\n<script type=\"application\/ld+json\" class=\"yoast-schema-graph\">{\"@context\":\"https:\/\/schema.org\",\"@graph\":[{\"@type\":\"WebPage\",\"@id\":\"https:\/\/somllavors.com\/es\/producte\/saco-de-dormir-magic-bag-azul-bemini\",\"url\":\"https:\/\/somllavors.com\/es\/producte\/saco-de-dormir-magic-bag-azul-bemini\",\"name\":\"Saco de dormir Magic Bag 4-12 meses Wonder TOG 3 - BeMini &#8212; Som Llavors\",\"isPartOf\":{\"@id\":\"https:\/\/somllavors.com\/es#website\"},\"primaryImageOfPage\":{\"@id\":\"https:\/\/somllavors.com\/es\/producte\/saco-de-dormir-magic-bag-azul-bemini#primaryimage\"},\"image\":{\"@id\":\"https:\/\/somllavors.com\/es\/producte\/saco-de-dormir-magic-bag-azul-bemini#primaryimage\"},\"thumbnailUrl\":\"https:\/\/somllavors.com\/wp-content\/uploads\/2024\/10\/Som-Llavors-MAGIC_BAG_Pady_Tetra_Jersey__jersey_4-12m_CADUM_Wonder.webp\",\"datePublished\":\"2024-10-09T09:41:38+00:00\",\"dateModified\":\"2025-12-05T10:02:51+00:00\",\"description\":\"Muy c\u00e1lido, el saco de dormir de BeMini es de jersey acolchado y forrado de algod\u00f3n que proporciona un confort t\u00e9rmico. Esencial desde el nacimiento, el Magic Bag\u00ae garantiza comodidad y seguridad. Ideal tambi\u00e9n para el coche. TOG 3.\",\"breadcrumb\":{\"@id\":\"https:\/\/somllavors.com\/es\/producte\/saco-de-dormir-magic-bag-azul-bemini#breadcrumb\"},\"inLanguage\":\"es\",\"potentialAction\":[{\"@type\":\"ReadAction\",\"target\":[\"https:\/\/somllavors.com\/es\/producte\/saco-de-dormir-magic-bag-azul-bemini\"]}]},{\"@type\":\"ImageObject\",\"inLanguage\":\"es\",\"@id\":\"https:\/\/somllavors.com\/es\/producte\/saco-de-dormir-magic-bag-azul-bemini#primaryimage\",\"url\":\"https:\/\/somllavors.com\/wp-content\/uploads\/2024\/10\/Som-Llavors-MAGIC_BAG_Pady_Tetra_Jersey__jersey_4-12m_CADUM_Wonder.webp\",\"contentUrl\":\"https:\/\/somllavors.com\/wp-content\/uploads\/2024\/10\/Som-Llavors-MAGIC_BAG_Pady_Tetra_Jersey__jersey_4-12m_CADUM_Wonder.webp\",\"width\":1140,\"height\":1140,\"caption\":\"saco de dormir con piernas be mini\"},{\"@type\":\"BreadcrumbList\",\"@id\":\"https:\/\/somllavors.com\/es\/producte\/saco-de-dormir-magic-bag-azul-bemini#breadcrumb\",\"itemListElement\":[{\"@type\":\"ListItem\",\"position\":1,\"name\":\"Inici\",\"item\":\"https:\/\/somllavors.com\/es\"},{\"@type\":\"ListItem\",\"position\":2,\"name\":\"Tienda\",\"item\":\"https:\/\/somllavors.com\/es\/botiga-2\"},{\"@type\":\"ListItem\",\"position\":3,\"name\":\"Saco de dormir Magic Bag 4-12 meses Wonder TOG 3 &#8211; BeMini\"}]},{\"@type\":\"WebSite\",\"@id\":\"https:\/\/somllavors.com\/es#website\",\"url\":\"https:\/\/somllavors.com\/es\",\"name\":\"Som Llavors\",\"description\":\"Botiga de crian\u00e7a natural\",\"publisher\":{\"@id\":\"https:\/\/somllavors.com\/es#organization\"},\"alternateName\":\"Crian\u00e7a Natural i Sostenible\",\"potentialAction\":[{\"@type\":\"SearchAction\",\"target\":{\"@type\":\"EntryPoint\",\"urlTemplate\":\"https:\/\/somllavors.com\/es?s={search_term_string}\"},\"query-input\":{\"@type\":\"PropertyValueSpecification\",\"valueRequired\":true,\"valueName\":\"search_term_string\"}}],\"inLanguage\":\"es\"},{\"@type\":[\"Organization\",\"Place\",\"Store\"],\"@id\":\"https:\/\/somllavors.com\/es#organization\",\"name\":\"Som Llavors\",\"alternateName\":\"Crian\u00e7a Natural i Sostenible\",\"url\":\"https:\/\/somllavors.com\/es\",\"logo\":{\"@id\":\"https:\/\/somllavors.com\/es\/producte\/saco-de-dormir-magic-bag-azul-bemini#local-main-organization-logo\"},\"image\":{\"@id\":\"https:\/\/somllavors.com\/es\/producte\/saco-de-dormir-magic-bag-azul-bemini#local-main-organization-logo\"},\"sameAs\":[\"https:\/\/www.facebook.com\/somllavorsvng\/?locale=ca_ES\",\"https:\/\/www.instagram.com\/somllavors_vng\/\",\"https:\/\/www.youtube.com\/@somllavors\"],\"address\":{\"@id\":\"https:\/\/somllavors.com\/es\/producte\/saco-de-dormir-magic-bag-azul-bemini#local-main-place-address\"},\"geo\":{\"@type\":\"GeoCoordinates\",\"latitude\":\"41.2257737\",\"longitude\":\"1.723258859\"},\"telephone\":[\"623152704\"],\"openingHoursSpecification\":[{\"@type\":\"OpeningHoursSpecification\",\"dayOfWeek\":[\"Monday\",\"Sunday\"],\"opens\":\"00:00\",\"closes\":\"00:00\"},{\"@type\":\"OpeningHoursSpecification\",\"dayOfWeek\":[\"Tuesday\",\"Wednesday\",\"Thursday\",\"Friday\"],\"opens\":\"10:00\",\"closes\":\"20:00\"},{\"@type\":\"OpeningHoursSpecification\",\"dayOfWeek\":[\"Saturday\"],\"opens\":\"10:00\",\"closes\":\"13:30\"}],\"email\":\"info@somllavors.com\"},{\"@type\":\"PostalAddress\",\"@id\":\"https:\/\/somllavors.com\/es\/producte\/saco-de-dormir-magic-bag-azul-bemini#local-main-place-address\",\"streetAddress\":\"Carrer de l'aigua, 6\",\"addressLocality\":\"Vilanova i la Geltr\u00fa\",\"postalCode\":\"08800\",\"addressRegion\":\"Barcelona\",\"addressCountry\":\"ES\"},{\"@type\":\"ImageObject\",\"inLanguage\":\"es\",\"@id\":\"https:\/\/somllavors.com\/es\/producte\/saco-de-dormir-magic-bag-azul-bemini#local-main-organization-logo\",\"url\":\"https:\/\/somllavors.com\/wp-content\/uploads\/Logotip-Som-Llavors.jpg\",\"contentUrl\":\"https:\/\/somllavors.com\/wp-content\/uploads\/Logotip-Som-Llavors.jpg\",\"width\":1444,\"height\":1323,\"caption\":\"Som Llavors\"}]}<\/script>\n<meta property=\"product:price:amount\" content=\"74.90\" \/>\n<meta property=\"product:price:currency\" content=\"EUR\" \/>\n<meta property=\"og:availability\" content=\"out of stock\" \/>\n<meta property=\"product:availability\" content=\"out of stock\" \/>\n<meta property=\"product:retailer_item_id\" content=\"155CADUM65CU\" \/>\n<meta property=\"product:condition\" content=\"new\" \/>\n<meta name=\"geo.placename\" content=\"Vilanova i la Geltr\u00fa\" \/>\n<meta name=\"geo.position\" content=\"41.2257737;1.723258859\" \/>\n<meta name=\"geo.region\" content=\"Espa\u00f1a\" \/>\n<!-- \/ Yoast SEO Premium plugin. -->","yoast_head_json":{"title":"Saco de dormir Magic Bag 4-12 meses Wonder TOG 3 - BeMini &#8212; Som Llavors","description":"Muy c\u00e1lido, el saco de dormir de BeMini es de jersey acolchado y forrado de algod\u00f3n que proporciona un confort t\u00e9rmico.   Esencial desde el nacimiento, el Magic Bag\u00ae garantiza comodidad y seguridad.  Ideal tambi\u00e9n para el coche.  TOG 3.","robots":{"index":"index","follow":"follow","max-snippet":"max-snippet:-1","max-image-preview":"max-image-preview:large","max-video-preview":"max-video-preview:-1"},"canonical":"https:\/\/somllavors.com\/es\/producte\/saco-de-dormir-magic-bag-azul-bemini","og_locale":"es_ES","og_type":"article","og_title":"Saco de dormir Magic Bag 4-12 meses Wonder TOG 3 - BeMini","og_description":"La teva botiga d\u2019ecocrian\u00e7a i espai d\u2019acompanyament a la maternitat","og_url":"https:\/\/somllavors.com\/es\/producte\/saco-de-dormir-magic-bag-azul-bemini","og_site_name":"Som Llavors","article_publisher":"https:\/\/www.facebook.com\/somllavorsvng\/?locale=ca_ES","article_modified_time":"2025-12-05T10:02:51+00:00","og_image":[{"width":1140,"height":1140,"url":"https:\/\/somllavors.com\/wp-content\/uploads\/2024\/10\/Som-Llavors-MAGIC_BAG_Pady_Tetra_Jersey__jersey_4-12m_CADUM_Wonder.webp","type":"image\/webp"}],"twitter_card":"summary_large_image","twitter_misc":{"Precio":"74,90&euro; Iva incl\u00f2s","Availability":"Out of stock"},"schema":{"@context":"https:\/\/schema.org","@graph":[{"@type":"WebPage","@id":"https:\/\/somllavors.com\/es\/producte\/saco-de-dormir-magic-bag-azul-bemini","url":"https:\/\/somllavors.com\/es\/producte\/saco-de-dormir-magic-bag-azul-bemini","name":"Saco de dormir Magic Bag 4-12 meses Wonder TOG 3 - BeMini &#8212; Som Llavors","isPartOf":{"@id":"https:\/\/somllavors.com\/es#website"},"primaryImageOfPage":{"@id":"https:\/\/somllavors.com\/es\/producte\/saco-de-dormir-magic-bag-azul-bemini#primaryimage"},"image":{"@id":"https:\/\/somllavors.com\/es\/producte\/saco-de-dormir-magic-bag-azul-bemini#primaryimage"},"thumbnailUrl":"https:\/\/somllavors.com\/wp-content\/uploads\/2024\/10\/Som-Llavors-MAGIC_BAG_Pady_Tetra_Jersey__jersey_4-12m_CADUM_Wonder.webp","datePublished":"2024-10-09T09:41:38+00:00","dateModified":"2025-12-05T10:02:51+00:00","description":"Muy c\u00e1lido, el saco de dormir de BeMini es de jersey acolchado y forrado de algod\u00f3n que proporciona un confort t\u00e9rmico. Esencial desde el nacimiento, el Magic Bag\u00ae garantiza comodidad y seguridad. Ideal tambi\u00e9n para el coche. TOG 3.","breadcrumb":{"@id":"https:\/\/somllavors.com\/es\/producte\/saco-de-dormir-magic-bag-azul-bemini#breadcrumb"},"inLanguage":"es","potentialAction":[{"@type":"ReadAction","target":["https:\/\/somllavors.com\/es\/producte\/saco-de-dormir-magic-bag-azul-bemini"]}]},{"@type":"ImageObject","inLanguage":"es","@id":"https:\/\/somllavors.com\/es\/producte\/saco-de-dormir-magic-bag-azul-bemini#primaryimage","url":"https:\/\/somllavors.com\/wp-content\/uploads\/2024\/10\/Som-Llavors-MAGIC_BAG_Pady_Tetra_Jersey__jersey_4-12m_CADUM_Wonder.webp","contentUrl":"https:\/\/somllavors.com\/wp-content\/uploads\/2024\/10\/Som-Llavors-MAGIC_BAG_Pady_Tetra_Jersey__jersey_4-12m_CADUM_Wonder.webp","width":1140,"height":1140,"caption":"saco de dormir con piernas be mini"},{"@type":"BreadcrumbList","@id":"https:\/\/somllavors.com\/es\/producte\/saco-de-dormir-magic-bag-azul-bemini#breadcrumb","itemListElement":[{"@type":"ListItem","position":1,"name":"Inici","item":"https:\/\/somllavors.com\/es"},{"@type":"ListItem","position":2,"name":"Tienda","item":"https:\/\/somllavors.com\/es\/botiga-2"},{"@type":"ListItem","position":3,"name":"Saco de dormir Magic Bag 4-12 meses Wonder TOG 3 &#8211; BeMini"}]},{"@type":"WebSite","@id":"https:\/\/somllavors.com\/es#website","url":"https:\/\/somllavors.com\/es","name":"Som Llavors","description":"Botiga de crian\u00e7a natural","publisher":{"@id":"https:\/\/somllavors.com\/es#organization"},"alternateName":"Crian\u00e7a Natural i Sostenible","potentialAction":[{"@type":"SearchAction","target":{"@type":"EntryPoint","urlTemplate":"https:\/\/somllavors.com\/es?s={search_term_string}"},"query-input":{"@type":"PropertyValueSpecification","valueRequired":true,"valueName":"search_term_string"}}],"inLanguage":"es"},{"@type":["Organization","Place","Store"],"@id":"https:\/\/somllavors.com\/es#organization","name":"Som Llavors","alternateName":"Crian\u00e7a Natural i Sostenible","url":"https:\/\/somllavors.com\/es","logo":{"@id":"https:\/\/somllavors.com\/es\/producte\/saco-de-dormir-magic-bag-azul-bemini#local-main-organization-logo"},"image":{"@id":"https:\/\/somllavors.com\/es\/producte\/saco-de-dormir-magic-bag-azul-bemini#local-main-organization-logo"},"sameAs":["https:\/\/www.facebook.com\/somllavorsvng\/?locale=ca_ES","https:\/\/www.instagram.com\/somllavors_vng\/","https:\/\/www.youtube.com\/@somllavors"],"address":{"@id":"https:\/\/somllavors.com\/es\/producte\/saco-de-dormir-magic-bag-azul-bemini#local-main-place-address"},"geo":{"@type":"GeoCoordinates","latitude":"41.2257737","longitude":"1.723258859"},"telephone":["623152704","623152704"],"openingHoursSpecification":[{"@type":"OpeningHoursSpecification","dayOfWeek":["Monday","Sunday"],"opens":"00:00","closes":"00:00"},{"@type":"OpeningHoursSpecification","dayOfWeek":["Tuesday","Wednesday","Thursday","Friday"],"opens":"10:00","closes":"20:00"},{"@type":"OpeningHoursSpecification","dayOfWeek":["Saturday"],"opens":"10:00","closes":"13:30"}],"email":"info@somllavors.com"},{"@type":"PostalAddress","@id":"https:\/\/somllavors.com\/es\/producte\/saco-de-dormir-magic-bag-azul-bemini#local-main-place-address","streetAddress":"Carrer de l'aigua, 6","addressLocality":"Vilanova i la Geltr\u00fa","postalCode":"08800","addressRegion":"Barcelona","addressCountry":"ES"},{"@type":"ImageObject","inLanguage":"es","@id":"https:\/\/somllavors.com\/es\/producte\/saco-de-dormir-magic-bag-azul-bemini#local-main-organization-logo","url":"https:\/\/somllavors.com\/wp-content\/uploads\/Logotip-Som-Llavors.jpg","contentUrl":"https:\/\/somllavors.com\/wp-content\/uploads\/Logotip-Som-Llavors.jpg","width":1444,"height":1323,"caption":"Som Llavors"}]},"product_price_amount":"74.90","product_price_currency":"EUR","og_availability":"out of stock","product_availability":"out of stock","product_retailer_item_id":"155CADUM65CU","product_condition":"new","geo.placename":"Vilanova i la Geltr\u00fa","geo.position":{"lat":"41.2257737","long":"1.723258859"},"geo.region":"Espa\u00f1a"},"brands":[{"id":5140,"name":"BeMini","slug":"bemini"}],"_links":{"self":[{"href":"https:\/\/somllavors.com\/es\/wp-json\/wp\/v2\/product\/68011","targetHints":{"allow":["GET"]}}],"collection":[{"href":"https:\/\/somllavors.com\/es\/wp-json\/wp\/v2\/product"}],"about":[{"href":"https:\/\/somllavors.com\/es\/wp-json\/wp\/v2\/types\/product"}],"wp:featuredmedia":[{"embeddable":true,"href":"https:\/\/somllavors.com\/es\/wp-json\/wp\/v2\/media\/68027"}],"wp:attachment":[{"href":"https:\/\/somllavors.com\/es\/wp-json\/wp\/v2\/media?parent=68011"}],"wp:term":[{"taxonomy":"pwb-brand","embeddable":true,"href":"https:\/\/somllavors.com\/es\/wp-json\/wp\/v2\/pwb-brand?post=68011"},{"taxonomy":"product_brand","embeddable":true,"href":"https:\/\/somllavors.com\/es\/wp-json\/wp\/v2\/product_brand?post=68011"},{"taxonomy":"product_cat","embeddable":true,"href":"https:\/\/somllavors.com\/es\/wp-json\/wp\/v2\/product_cat?post=68011"},{"taxonomy":"product_tag","embeddable":true,"href":"https:\/\/somllavors.com\/es\/wp-json\/wp\/v2\/product_tag?post=68011"}],"curies":[{"name":"wp","href":"https:\/\/api.w.org\/{rel}","templated":true}]}}