{"id":68143,"date":"2024-10-10T11:58:01","date_gmt":"2024-10-10T09:58:01","guid":{"rendered":"https:\/\/somllavors.com\/?post_type=product&#038;p=68143"},"modified":"2024-10-10T12:07:39","modified_gmt":"2024-10-10T10:07:39","slug":"saco-de-dormir-magic-bag-4-12-meses-tog-1-5-bemini","status":"publish","type":"product","link":"https:\/\/somllavors.com\/es\/producte\/saco-de-dormir-magic-bag-4-12-meses-tog-1-5-bemini","title":{"rendered":"Saco de dormir Magic Bag 12-24 meses Vintage TOG 1.5 &#8211; BeMini"},"content":{"rendered":"<ul>\n<li><span style=\"font-size: 16px;\">Medida del beb\u00e9: de 75 a 100 cm<\/span><\/li>\n<\/ul>\n<h3 class=\"w-100 border-bottom border-dark pb-1 mb-1 text-uppercase\">Funcionalidades<\/h3>\n<div id=\"tinymce-fonctionnalites\" class=\"tinymce-admin\" data-type=\"fonctionnalites\" data-title=\"161\">\n<ul>\n<li>Estudiado y dise\u00f1ado para garantizar el m\u00e1ximo confort y libertad de movimientos, el saco de dormir de BeMini es el mejor saco de dormir imprescindible para el bienestar del beb\u00e9 para las siestas y noches tranquilas.<\/li>\n<li>Ingenioso y pr\u00e1ctico, sus funciones se adaptan a las necesidades y seguridad del beb\u00e9, ya sea en casa, para cochecitos y viajes en coche.<\/li>\n<\/ul>\n<p><img decoding=\"async\" class=\"img-fluid aligncenter\" src=\"https:\/\/www.bemini.be\/img\/Products\/tog\/161%20SIZE%20MB_1.jpg\" alt=\"161 SIZE MB_1.jpg\" \/><\/p>\n<p><strong>1. MANGAS DESMONTABLES<\/strong><br \/>\nPara garantizar el mejor confort t\u00e9rmico, las mangas son extra\u00edbles. Las mangas desprendidas, la resistencia t\u00e9rmica inicial se modifica ligeramente.<\/p>\n<p><strong>2. CINTURA EL\u00c1STICADA<\/strong><br \/>\nLa cintura el\u00e1stica proporciona soporte y comodidad ideal.<\/p>\n<p><strong>3. TRANSPORTE SEGURO<br \/>\n<\/strong>Gracias al sistema de cremallera modular, el fondo de la bolsa puede transformarse r\u00e1pidamente con o sin las patas separadas.<br \/>\nEsta caracter\u00edstica es esencial para pasar los cinturones y cerrar correctamente el arn\u00e9s de seguridad lo m\u00e1s cerca posible del cuerpo del beb\u00e9.<br \/>\nLas piernas unidas contribuyen a su comodidad y tranquilidad.<\/p>\n<p><strong>4. HAPPY FEET<br \/>\n<\/strong>Las presillas para los pies dobladas y cerradas evitan que los peque\u00f1os pies del beb\u00e9 se salgan mientras duerme. Equipado con su pierna plegable, los pasos de pie permiten que el beb\u00e9 camine cuando no est\u00e1 durmiendo.<\/p>\n<p><strong>5. COMPATIBILIDAD<\/strong><br \/>\nEl Magic Bag en posici\u00f3n de piernas abiertas es compatible con todos los modelos de sillas de coche, capazos y cochecitos con sistema de fijaci\u00f3n de cinturones de 3 y 5 puntos. De este modo, tu beb\u00e9 estar\u00e1 bien sujeto cuando viajes en un cochecito o en el coche.<\/p>\n<\/div>\n<h3 class=\"w-100 border-bottom border-dark pb-1 mt-3 mb-1 text-uppercase\">Cualidades<\/h3>\n<div class=\"row\">\n<div id=\"tinymce-composition\" class=\"col-12 tinymce-admin\" data-type=\"composition\" data-title=\"161 QUILT QU\">\n<p>Atemporal y elegante, este jersey finamente acolchado con bonitas costuras de diamantes proporcionar\u00e1 un momento puro de comodidad y bienestar ideal para gran parte del a\u00f1o.<br \/>\nAcogedor y muy suave, esta calidad de doble cara conserva toda su flexibilidad y aguanta lavado tras lavado.<\/p>\n<\/div>\n<\/div>\n<div class=\"row\">\n<div class=\"col-12\">\n<p>Exterior : 100% algod\u00f3n \/ Interior : 100% algod\u00f3n \/ Forro interior: 100% poli\u00e9ster<\/p>\n<\/div>\n<\/div>\n<div class=\"row\">\n<div class=\"col-12\">\n<p>Lavable a 30\u00b0C, sin blanqueador, sin secadora, no planchar, no lavar en seco<\/p>\n<\/div>\n<\/div>\n<div class=\"row\">\n<div id=\"tinymce-tog\" class=\"col-12 tinymce-admin tog-1.5\" data-type=\"tog\" data-title=\"1.5\">\n<p>El TOG es el \u00edndice de calor del producto determinado en funci\u00f3n de la temperatura ambiente. El TOG 1.5 es ideal para una temperatura entre 18 y 21\u00b0 C.<\/p>\n<\/div>\n<\/div>\n","protected":false},"excerpt":{"rendered":"<p>Suave y refinada, este saco de dormir finamente acolchado proporciona un confort t\u00e9rmico ideal para temperaturas ambiente entre 18 \u00b0 y 21 \u00b0C.<\/p>\n<ul>\n<li>Esencial desde el nacimiento, el Magic Bag\u00ae garantiza comodidad y seguridad<\/li>\n<li>TOG 1,5<\/li>\n<\/ul>\n<p>&nbsp;<\/p>\n","protected":false},"featured_media":68170,"template":"","meta":{"_acf_changed":false,"site-sidebar-layout":"default","site-content-layout":"","ast-site-content-layout":"default","site-content-style":"default","site-sidebar-style":"default","ast-global-header-display":"","ast-banner-title-visibility":"","ast-main-header-display":"","ast-hfb-above-header-display":"","ast-hfb-below-header-display":"","ast-hfb-mobile-header-display":"","site-post-title":"","ast-breadcrumbs-content":"","ast-featured-img":"","footer-sml-layout":"","ast-disable-related-posts":"","theme-transparent-header-meta":"default","adv-header-id-meta":"","stick-header-meta":"","header-above-stick-meta":"","header-main-stick-meta":"","header-below-stick-meta":"","astra-migrate-meta-layouts":"set","ast-page-background-enabled":"default","ast-page-background-meta":{"desktop":{"background-color":"","background-image":"","background-repeat":"repeat","background-position":"center center","background-size":"auto","background-attachment":"scroll","background-type":"","background-media":"","overlay-type":"","overlay-color":"","overlay-opacity":"","overlay-gradient":""},"tablet":{"background-color":"","background-image":"","background-repeat":"repeat","background-position":"center center","background-size":"auto","background-attachment":"scroll","background-type":"","background-media":"","overlay-type":"","overlay-color":"","overlay-opacity":"","overlay-gradient":""},"mobile":{"background-color":"","background-image":"","background-repeat":"repeat","background-position":"center center","background-size":"auto","background-attachment":"scroll","background-type":"","background-media":"","overlay-type":"","overlay-color":"","overlay-opacity":"","overlay-gradient":""}},"ast-content-background-meta":{"desktop":{"background-color":"var(--ast-global-color-5)","background-image":"","background-repeat":"repeat","background-position":"center center","background-size":"auto","background-attachment":"scroll","background-type":"","background-media":"","overlay-type":"","overlay-color":"","overlay-opacity":"","overlay-gradient":""},"tablet":{"background-color":"var(--ast-global-color-5)","background-image":"","background-repeat":"repeat","background-position":"center center","background-size":"auto","background-attachment":"scroll","background-type":"","background-media":"","overlay-type":"","overlay-color":"","overlay-opacity":"","overlay-gradient":""},"mobile":{"background-color":"var(--ast-global-color-5)","background-image":"","background-repeat":"repeat","background-position":"center center","background-size":"auto","background-attachment":"scroll","background-type":"","background-media":"","overlay-type":"","overlay-color":"","overlay-opacity":"","overlay-gradient":""}}},"pwb-brand":[5140],"product_brand":[],"product_cat":[5153,3598,3625,5148],"product_tag":[5141,5146,5143,5142,5144],"class_list":{"0":"post-68143","1":"product","2":"type-product","3":"status-publish","4":"has-post-thumbnail","6":"pwb-brand-bemini","7":"product_cat-12-24-meses","8":"product_cat-sacos","9":"product_cat-sacos-de-dormir","10":"product_cat-tog-15","11":"product_tag-bemini","12":"product_tag-pijama-manta","13":"product_tag-saco-con-piernas","14":"product_tag-saco-con-pies","15":"product_tag-saco-de-dormir-es","16":"desktop-align-left","17":"tablet-align-left","18":"mobile-align-left","20":"first","21":"instock","22":"taxable","23":"shipping-taxable","24":"purchasable","25":"product-type-simple"},"acf":[],"yoast_head":"<!-- This site is optimized with the Yoast SEO Premium plugin v18.3 (Yoast SEO v27.4) - https:\/\/yoast.com\/product\/yoast-seo-premium-wordpress\/ -->\n<title>Saco de dormir Magic Bag 12-24 meses Vintage TOG 1.5 - BeMini &#8212; Som Llavors<\/title>\n<meta name=\"description\" content=\"Suave y refinada, este saco de dormir finamente acolchado proporciona un confort t\u00e9rmico ideal para temperaturas ambiente entre 18 \u00b0 y 21 \u00b0C.   Esencial desde el nacimiento, el Magic Bag\u00ae garantiza comodidad y seguridad  TOG 1,5  &nbsp;\" \/>\n<meta name=\"robots\" content=\"index, follow, max-snippet:-1, max-image-preview:large, max-video-preview:-1\" \/>\n<link rel=\"canonical\" href=\"https:\/\/somllavors.com\/es\/producte\/saco-de-dormir-magic-bag-4-12-meses-tog-1-5-bemini\" \/>\n<meta property=\"og:locale\" content=\"es_ES\" \/>\n<meta property=\"og:type\" content=\"article\" \/>\n<meta property=\"og:title\" content=\"Saco de dormir Magic Bag 12-24 meses Vintage TOG 1.5 - BeMini\" \/>\n<meta property=\"og:description\" content=\"La teva botiga d\u2019ecocrian\u00e7a i espai d\u2019acompanyament a la maternitat\" \/>\n<meta property=\"og:url\" content=\"https:\/\/somllavors.com\/es\/producte\/saco-de-dormir-magic-bag-4-12-meses-tog-1-5-bemini\" \/>\n<meta property=\"og:site_name\" content=\"Som Llavors\" \/>\n<meta property=\"article:publisher\" content=\"https:\/\/www.facebook.com\/somllavorsvng\/?locale=ca_ES\" \/>\n<meta property=\"article:modified_time\" content=\"2024-10-10T10:07:39+00:00\" \/>\n<meta property=\"og:image\" content=\"https:\/\/somllavors.com\/wp-content\/uploads\/2024\/10\/Som-Llavors-MAGIC_BAG_Pady_quilted_jersey_12-24m_QUILT_Vintage-1.webp\" \/>\n\t<meta property=\"og:image:width\" content=\"1140\" \/>\n\t<meta property=\"og:image:height\" content=\"1140\" \/>\n\t<meta property=\"og:image:type\" content=\"image\/webp\" \/>\n<meta name=\"twitter:card\" content=\"summary_large_image\" \/>\n<meta name=\"twitter:label1\" content=\"Precio\" \/>\n\t<meta name=\"twitter:data1\" content=\"69,90&euro; Iva incl\u00f2s\" \/>\n\t<meta name=\"twitter:label2\" content=\"Availability\" \/>\n\t<meta name=\"twitter:data2\" content=\"Hay existencias\" \/>\n<script type=\"application\/ld+json\" class=\"yoast-schema-graph\">{\"@context\":\"https:\\\/\\\/schema.org\",\"@graph\":[{\"@type\":\"WebPage\",\"@id\":\"https:\\\/\\\/somllavors.com\\\/es\\\/producte\\\/saco-de-dormir-magic-bag-4-12-meses-tog-1-5-bemini\",\"url\":\"https:\\\/\\\/somllavors.com\\\/es\\\/producte\\\/saco-de-dormir-magic-bag-4-12-meses-tog-1-5-bemini\",\"name\":\"Saco de dormir Magic Bag 12-24 meses Vintage TOG 1.5 - BeMini &#8212; Som Llavors\",\"isPartOf\":{\"@id\":\"https:\\\/\\\/somllavors.com\\\/es#website\"},\"primaryImageOfPage\":{\"@id\":\"https:\\\/\\\/somllavors.com\\\/es\\\/producte\\\/saco-de-dormir-magic-bag-4-12-meses-tog-1-5-bemini#primaryimage\"},\"image\":{\"@id\":\"https:\\\/\\\/somllavors.com\\\/es\\\/producte\\\/saco-de-dormir-magic-bag-4-12-meses-tog-1-5-bemini#primaryimage\"},\"thumbnailUrl\":\"https:\\\/\\\/somllavors.com\\\/wp-content\\\/uploads\\\/2024\\\/10\\\/Som-Llavors-MAGIC_BAG_Pady_quilted_jersey_12-24m_QUILT_Vintage-1.webp\",\"datePublished\":\"2024-10-10T09:58:01+00:00\",\"dateModified\":\"2024-10-10T10:07:39+00:00\",\"description\":\"Suave y refinada, este saco de dormir finamente acolchado proporciona un confort t\u00e9rmico ideal para temperaturas ambiente entre 18 \u00b0 y 21 \u00b0C. Esencial desde el nacimiento, el Magic Bag\u00ae garantiza comodidad y seguridad TOG 1,5 &nbsp;\",\"breadcrumb\":{\"@id\":\"https:\\\/\\\/somllavors.com\\\/es\\\/producte\\\/saco-de-dormir-magic-bag-4-12-meses-tog-1-5-bemini#breadcrumb\"},\"inLanguage\":\"es\",\"potentialAction\":[{\"@type\":\"ReadAction\",\"target\":[\"https:\\\/\\\/somllavors.com\\\/es\\\/producte\\\/saco-de-dormir-magic-bag-4-12-meses-tog-1-5-bemini\"]}]},{\"@type\":\"ImageObject\",\"inLanguage\":\"es\",\"@id\":\"https:\\\/\\\/somllavors.com\\\/es\\\/producte\\\/saco-de-dormir-magic-bag-4-12-meses-tog-1-5-bemini#primaryimage\",\"url\":\"https:\\\/\\\/somllavors.com\\\/wp-content\\\/uploads\\\/2024\\\/10\\\/Som-Llavors-MAGIC_BAG_Pady_quilted_jersey_12-24m_QUILT_Vintage-1.webp\",\"contentUrl\":\"https:\\\/\\\/somllavors.com\\\/wp-content\\\/uploads\\\/2024\\\/10\\\/Som-Llavors-MAGIC_BAG_Pady_quilted_jersey_12-24m_QUILT_Vintage-1.webp\",\"width\":1140,\"height\":1140,\"caption\":\"saco de dormir con piernas be mini\"},{\"@type\":\"BreadcrumbList\",\"@id\":\"https:\\\/\\\/somllavors.com\\\/es\\\/producte\\\/saco-de-dormir-magic-bag-4-12-meses-tog-1-5-bemini#breadcrumb\",\"itemListElement\":[{\"@type\":\"ListItem\",\"position\":1,\"name\":\"Inici\",\"item\":\"https:\\\/\\\/somllavors.com\\\/es\"},{\"@type\":\"ListItem\",\"position\":2,\"name\":\"Tienda\",\"item\":\"https:\\\/\\\/somllavors.com\\\/es\\\/botiga-2\"},{\"@type\":\"ListItem\",\"position\":3,\"name\":\"Saco de dormir Magic Bag 12-24 meses Vintage TOG 1.5 &#8211; BeMini\"}]},{\"@type\":\"WebSite\",\"@id\":\"https:\\\/\\\/somllavors.com\\\/es#website\",\"url\":\"https:\\\/\\\/somllavors.com\\\/es\",\"name\":\"Som Llavors\",\"description\":\"Botiga de crian\u00e7a natural\",\"publisher\":{\"@id\":\"https:\\\/\\\/somllavors.com\\\/es#organization\"},\"alternateName\":\"Crian\u00e7a Natural i Sostenible\",\"potentialAction\":[{\"@type\":\"SearchAction\",\"target\":{\"@type\":\"EntryPoint\",\"urlTemplate\":\"https:\\\/\\\/somllavors.com\\\/es?s={search_term_string}\"},\"query-input\":{\"@type\":\"PropertyValueSpecification\",\"valueRequired\":true,\"valueName\":\"search_term_string\"}}],\"inLanguage\":\"es\"},{\"@type\":[\"Organization\",\"Place\",\"Store\"],\"@id\":\"https:\\\/\\\/somllavors.com\\\/es#organization\",\"name\":\"Som Llavors\",\"alternateName\":\"Crian\u00e7a Natural i Sostenible\",\"url\":\"https:\\\/\\\/somllavors.com\\\/es\",\"logo\":{\"@id\":\"https:\\\/\\\/somllavors.com\\\/es\\\/producte\\\/saco-de-dormir-magic-bag-4-12-meses-tog-1-5-bemini#local-main-organization-logo\"},\"image\":{\"@id\":\"https:\\\/\\\/somllavors.com\\\/es\\\/producte\\\/saco-de-dormir-magic-bag-4-12-meses-tog-1-5-bemini#local-main-organization-logo\"},\"sameAs\":[\"https:\\\/\\\/www.facebook.com\\\/somllavorsvng\\\/?locale=ca_ES\",\"https:\\\/\\\/www.instagram.com\\\/somllavors_vng\\\/\",\"https:\\\/\\\/www.youtube.com\\\/@somllavors\"],\"address\":{\"@id\":\"https:\\\/\\\/somllavors.com\\\/es\\\/producte\\\/saco-de-dormir-magic-bag-4-12-meses-tog-1-5-bemini#local-main-place-address\"},\"geo\":{\"@type\":\"GeoCoordinates\",\"latitude\":\"41.2257737\",\"longitude\":\"1.723258859\"},\"telephone\":[\"623152704\"],\"openingHoursSpecification\":[{\"@type\":\"OpeningHoursSpecification\",\"dayOfWeek\":[\"Monday\",\"Sunday\"],\"opens\":\"00:00\",\"closes\":\"00:00\"},{\"@type\":\"OpeningHoursSpecification\",\"dayOfWeek\":[\"Tuesday\",\"Wednesday\",\"Thursday\",\"Friday\"],\"opens\":\"10:00\",\"closes\":\"20:00\"},{\"@type\":\"OpeningHoursSpecification\",\"dayOfWeek\":[\"Saturday\"],\"opens\":\"10:00\",\"closes\":\"13:30\"}],\"email\":\"info@somllavors.com\"},{\"@type\":\"PostalAddress\",\"@id\":\"https:\\\/\\\/somllavors.com\\\/es\\\/producte\\\/saco-de-dormir-magic-bag-4-12-meses-tog-1-5-bemini#local-main-place-address\",\"streetAddress\":\"Carrer de l'aigua, 6\",\"addressLocality\":\"Vilanova i la Geltr\u00fa\",\"postalCode\":\"08800\",\"addressRegion\":\"Barcelona\",\"addressCountry\":\"ES\"},{\"@type\":\"ImageObject\",\"inLanguage\":\"es\",\"@id\":\"https:\\\/\\\/somllavors.com\\\/es\\\/producte\\\/saco-de-dormir-magic-bag-4-12-meses-tog-1-5-bemini#local-main-organization-logo\",\"url\":\"https:\\\/\\\/somllavors.com\\\/wp-content\\\/uploads\\\/Logotip-Som-Llavors.jpg\",\"contentUrl\":\"https:\\\/\\\/somllavors.com\\\/wp-content\\\/uploads\\\/Logotip-Som-Llavors.jpg\",\"width\":1444,\"height\":1323,\"caption\":\"Som Llavors\"}]}<\/script>\n<meta property=\"product:price:amount\" content=\"69.90\" \/>\n<meta property=\"product:price:currency\" content=\"EUR\" \/>\n<meta property=\"og:availability\" content=\"instock\" \/>\n<meta property=\"product:availability\" content=\"instock\" \/>\n<meta property=\"product:retailer_item_id\" content=\"161QUILT43QU\" \/>\n<meta property=\"product:condition\" content=\"new\" \/>\n<meta name=\"geo.placename\" content=\"Vilanova i la Geltr\u00fa\" \/>\n<meta name=\"geo.position\" content=\"41.2257737;1.723258859\" \/>\n<meta name=\"geo.region\" content=\"Espa\u00f1a\" \/>\n<!-- \/ Yoast SEO Premium plugin. -->","yoast_head_json":{"title":"Saco de dormir Magic Bag 12-24 meses Vintage TOG 1.5 - BeMini &#8212; Som Llavors","description":"Suave y refinada, este saco de dormir finamente acolchado proporciona un confort t\u00e9rmico ideal para temperaturas ambiente entre 18 \u00b0 y 21 \u00b0C.   Esencial desde el nacimiento, el Magic Bag\u00ae garantiza comodidad y seguridad  TOG 1,5  &nbsp;","robots":{"index":"index","follow":"follow","max-snippet":"max-snippet:-1","max-image-preview":"max-image-preview:large","max-video-preview":"max-video-preview:-1"},"canonical":"https:\/\/somllavors.com\/es\/producte\/saco-de-dormir-magic-bag-4-12-meses-tog-1-5-bemini","og_locale":"es_ES","og_type":"article","og_title":"Saco de dormir Magic Bag 12-24 meses Vintage TOG 1.5 - BeMini","og_description":"La teva botiga d\u2019ecocrian\u00e7a i espai d\u2019acompanyament a la maternitat","og_url":"https:\/\/somllavors.com\/es\/producte\/saco-de-dormir-magic-bag-4-12-meses-tog-1-5-bemini","og_site_name":"Som Llavors","article_publisher":"https:\/\/www.facebook.com\/somllavorsvng\/?locale=ca_ES","article_modified_time":"2024-10-10T10:07:39+00:00","og_image":[{"width":1140,"height":1140,"url":"https:\/\/somllavors.com\/wp-content\/uploads\/2024\/10\/Som-Llavors-MAGIC_BAG_Pady_quilted_jersey_12-24m_QUILT_Vintage-1.webp","type":"image\/webp"}],"twitter_card":"summary_large_image","twitter_misc":{"Precio":"69,90&euro; Iva incl\u00f2s","Availability":"Hay existencias"},"schema":{"@context":"https:\/\/schema.org","@graph":[{"@type":"WebPage","@id":"https:\/\/somllavors.com\/es\/producte\/saco-de-dormir-magic-bag-4-12-meses-tog-1-5-bemini","url":"https:\/\/somllavors.com\/es\/producte\/saco-de-dormir-magic-bag-4-12-meses-tog-1-5-bemini","name":"Saco de dormir Magic Bag 12-24 meses Vintage TOG 1.5 - BeMini &#8212; Som Llavors","isPartOf":{"@id":"https:\/\/somllavors.com\/es#website"},"primaryImageOfPage":{"@id":"https:\/\/somllavors.com\/es\/producte\/saco-de-dormir-magic-bag-4-12-meses-tog-1-5-bemini#primaryimage"},"image":{"@id":"https:\/\/somllavors.com\/es\/producte\/saco-de-dormir-magic-bag-4-12-meses-tog-1-5-bemini#primaryimage"},"thumbnailUrl":"https:\/\/somllavors.com\/wp-content\/uploads\/2024\/10\/Som-Llavors-MAGIC_BAG_Pady_quilted_jersey_12-24m_QUILT_Vintage-1.webp","datePublished":"2024-10-10T09:58:01+00:00","dateModified":"2024-10-10T10:07:39+00:00","description":"Suave y refinada, este saco de dormir finamente acolchado proporciona un confort t\u00e9rmico ideal para temperaturas ambiente entre 18 \u00b0 y 21 \u00b0C. Esencial desde el nacimiento, el Magic Bag\u00ae garantiza comodidad y seguridad TOG 1,5 &nbsp;","breadcrumb":{"@id":"https:\/\/somllavors.com\/es\/producte\/saco-de-dormir-magic-bag-4-12-meses-tog-1-5-bemini#breadcrumb"},"inLanguage":"es","potentialAction":[{"@type":"ReadAction","target":["https:\/\/somllavors.com\/es\/producte\/saco-de-dormir-magic-bag-4-12-meses-tog-1-5-bemini"]}]},{"@type":"ImageObject","inLanguage":"es","@id":"https:\/\/somllavors.com\/es\/producte\/saco-de-dormir-magic-bag-4-12-meses-tog-1-5-bemini#primaryimage","url":"https:\/\/somllavors.com\/wp-content\/uploads\/2024\/10\/Som-Llavors-MAGIC_BAG_Pady_quilted_jersey_12-24m_QUILT_Vintage-1.webp","contentUrl":"https:\/\/somllavors.com\/wp-content\/uploads\/2024\/10\/Som-Llavors-MAGIC_BAG_Pady_quilted_jersey_12-24m_QUILT_Vintage-1.webp","width":1140,"height":1140,"caption":"saco de dormir con piernas be mini"},{"@type":"BreadcrumbList","@id":"https:\/\/somllavors.com\/es\/producte\/saco-de-dormir-magic-bag-4-12-meses-tog-1-5-bemini#breadcrumb","itemListElement":[{"@type":"ListItem","position":1,"name":"Inici","item":"https:\/\/somllavors.com\/es"},{"@type":"ListItem","position":2,"name":"Tienda","item":"https:\/\/somllavors.com\/es\/botiga-2"},{"@type":"ListItem","position":3,"name":"Saco de dormir Magic Bag 12-24 meses Vintage TOG 1.5 &#8211; BeMini"}]},{"@type":"WebSite","@id":"https:\/\/somllavors.com\/es#website","url":"https:\/\/somllavors.com\/es","name":"Som Llavors","description":"Botiga de crian\u00e7a natural","publisher":{"@id":"https:\/\/somllavors.com\/es#organization"},"alternateName":"Crian\u00e7a Natural i Sostenible","potentialAction":[{"@type":"SearchAction","target":{"@type":"EntryPoint","urlTemplate":"https:\/\/somllavors.com\/es?s={search_term_string}"},"query-input":{"@type":"PropertyValueSpecification","valueRequired":true,"valueName":"search_term_string"}}],"inLanguage":"es"},{"@type":["Organization","Place","Store"],"@id":"https:\/\/somllavors.com\/es#organization","name":"Som Llavors","alternateName":"Crian\u00e7a Natural i Sostenible","url":"https:\/\/somllavors.com\/es","logo":{"@id":"https:\/\/somllavors.com\/es\/producte\/saco-de-dormir-magic-bag-4-12-meses-tog-1-5-bemini#local-main-organization-logo"},"image":{"@id":"https:\/\/somllavors.com\/es\/producte\/saco-de-dormir-magic-bag-4-12-meses-tog-1-5-bemini#local-main-organization-logo"},"sameAs":["https:\/\/www.facebook.com\/somllavorsvng\/?locale=ca_ES","https:\/\/www.instagram.com\/somllavors_vng\/","https:\/\/www.youtube.com\/@somllavors"],"address":{"@id":"https:\/\/somllavors.com\/es\/producte\/saco-de-dormir-magic-bag-4-12-meses-tog-1-5-bemini#local-main-place-address"},"geo":{"@type":"GeoCoordinates","latitude":"41.2257737","longitude":"1.723258859"},"telephone":["623152704","623152704"],"openingHoursSpecification":[{"@type":"OpeningHoursSpecification","dayOfWeek":["Monday","Sunday"],"opens":"00:00","closes":"00:00"},{"@type":"OpeningHoursSpecification","dayOfWeek":["Tuesday","Wednesday","Thursday","Friday"],"opens":"10:00","closes":"20:00"},{"@type":"OpeningHoursSpecification","dayOfWeek":["Saturday"],"opens":"10:00","closes":"13:30"}],"email":"info@somllavors.com"},{"@type":"PostalAddress","@id":"https:\/\/somllavors.com\/es\/producte\/saco-de-dormir-magic-bag-4-12-meses-tog-1-5-bemini#local-main-place-address","streetAddress":"Carrer de l'aigua, 6","addressLocality":"Vilanova i la Geltr\u00fa","postalCode":"08800","addressRegion":"Barcelona","addressCountry":"ES"},{"@type":"ImageObject","inLanguage":"es","@id":"https:\/\/somllavors.com\/es\/producte\/saco-de-dormir-magic-bag-4-12-meses-tog-1-5-bemini#local-main-organization-logo","url":"https:\/\/somllavors.com\/wp-content\/uploads\/Logotip-Som-Llavors.jpg","contentUrl":"https:\/\/somllavors.com\/wp-content\/uploads\/Logotip-Som-Llavors.jpg","width":1444,"height":1323,"caption":"Som Llavors"}]},"product_price_amount":"69.90","product_price_currency":"EUR","og_availability":"instock","product_availability":"instock","product_retailer_item_id":"161QUILT43QU","product_condition":"new","geo.placename":"Vilanova i la Geltr\u00fa","geo.position":{"lat":"41.2257737","long":"1.723258859"},"geo.region":"Espa\u00f1a"},"brands":[{"id":5140,"name":"BeMini","slug":"bemini"}],"_links":{"self":[{"href":"https:\/\/somllavors.com\/es\/wp-json\/wp\/v2\/product\/68143","targetHints":{"allow":["GET"]}}],"collection":[{"href":"https:\/\/somllavors.com\/es\/wp-json\/wp\/v2\/product"}],"about":[{"href":"https:\/\/somllavors.com\/es\/wp-json\/wp\/v2\/types\/product"}],"wp:featuredmedia":[{"embeddable":true,"href":"https:\/\/somllavors.com\/es\/wp-json\/wp\/v2\/media\/68170"}],"wp:attachment":[{"href":"https:\/\/somllavors.com\/es\/wp-json\/wp\/v2\/media?parent=68143"}],"wp:term":[{"taxonomy":"pwb-brand","embeddable":true,"href":"https:\/\/somllavors.com\/es\/wp-json\/wp\/v2\/pwb-brand?post=68143"},{"taxonomy":"product_brand","embeddable":true,"href":"https:\/\/somllavors.com\/es\/wp-json\/wp\/v2\/product_brand?post=68143"},{"taxonomy":"product_cat","embeddable":true,"href":"https:\/\/somllavors.com\/es\/wp-json\/wp\/v2\/product_cat?post=68143"},{"taxonomy":"product_tag","embeddable":true,"href":"https:\/\/somllavors.com\/es\/wp-json\/wp\/v2\/product_tag?post=68143"}],"curies":[{"name":"wp","href":"https:\/\/api.w.org\/{rel}","templated":true}]}}