{"id":68416,"date":"2024-10-11T18:23:50","date_gmt":"2024-10-11T16:23:50","guid":{"rendered":"https:\/\/somllavors.com\/?post_type=product&#038;p=68416"},"modified":"2024-10-31T10:37:14","modified_gmt":"2024-10-31T09:37:14","slug":"tattoos-mundo-del-terror-namaki","status":"publish","type":"product","link":"https:\/\/somllavors.com\/es\/producte\/tattoos-mundo-del-terror-namaki","title":{"rendered":"Tattoos Mundo del terror &#8211; Namaki"},"content":{"rendered":"<ul>\n<li>F\u00e1ciles de aplicar.<\/li>\n<li>Impresas con tintas de origen vegetal.<\/li>\n<li>Probadas por dermat\u00f3logos.<\/li>\n<li>Varios tama\u00f1os de motivos.<\/li>\n<li>Ilustraciones exclusivas de Pascale Constantin.<\/li>\n<li>Contiene dos l\u00e1minas y hay entre 7 y 9 tatuajes por l\u00e1mina, seg\u00fan el modelo.<\/li>\n<li>Certificaci\u00f3n CE Toy Standard.<\/li>\n<li>Vegano.<\/li>\n<li>Ingredientes: copol\u00edmero de VA\/acrilatos, acetato de buteth-2, resinas de colofonia fen\u00f3lica modificadas, aceite de tung (aleurites fordii), resina alqu\u00eddica, aceite de semilla de linum usitatissimum. +\/- : CI 19140 (amarillo 5), CI 15850 (rojo 7), CI 42090 (azul 1 laca), CI 77891 (di\u00f3xido de titanio)<\/li>\n<li>Dimensiones: 85 \u00d7 2 \u00d7 150 mm<\/li>\n<li>Fabricados en Espa\u00f1a<\/li>\n<\/ul>\n","protected":false},"excerpt":{"rendered":"<p>Con los tatuajes infantiles del Mundo del terror, disfruta de una atm\u00f3sfera escalofriante con estos tatuajes infantiles.<\/p>\n<ul>\n<li>Desde discretas estrellitas hasta su majestad la gatita, elige el dise\u00f1o que m\u00e1s te guste y a\u00f1ade un poco de color a un brazo o una pierna.<\/li>\n<li>Dise\u00f1adas por Namaki, dermatol\u00f3gicamente probadas y formuladas con tintas de origen vegetal, estas coloridas calcoman\u00edas a\u00f1aden el toque final al disfraz de cualquier criatura.<\/li>\n<\/ul>\n","protected":false},"featured_media":68411,"template":"","meta":{"_acf_changed":false,"site-sidebar-layout":"default","site-content-layout":"","ast-site-content-layout":"default","site-content-style":"default","site-sidebar-style":"default","ast-global-header-display":"","ast-banner-title-visibility":"","ast-main-header-display":"","ast-hfb-above-header-display":"","ast-hfb-below-header-display":"","ast-hfb-mobile-header-display":"","site-post-title":"","ast-breadcrumbs-content":"","ast-featured-img":"","footer-sml-layout":"","ast-disable-related-posts":"","theme-transparent-header-meta":"default","adv-header-id-meta":"","stick-header-meta":"","header-above-stick-meta":"","header-main-stick-meta":"","header-below-stick-meta":"","astra-migrate-meta-layouts":"set","ast-page-background-enabled":"default","ast-page-background-meta":{"desktop":{"background-color":"","background-image":"","background-repeat":"repeat","background-position":"center center","background-size":"auto","background-attachment":"scroll","background-type":"","background-media":"","overlay-type":"","overlay-color":"","overlay-opacity":"","overlay-gradient":""},"tablet":{"background-color":"","background-image":"","background-repeat":"repeat","background-position":"center center","background-size":"auto","background-attachment":"scroll","background-type":"","background-media":"","overlay-type":"","overlay-color":"","overlay-opacity":"","overlay-gradient":""},"mobile":{"background-color":"","background-image":"","background-repeat":"repeat","background-position":"center center","background-size":"auto","background-attachment":"scroll","background-type":"","background-media":"","overlay-type":"","overlay-color":"","overlay-opacity":"","overlay-gradient":""}},"ast-content-background-meta":{"desktop":{"background-color":"var(--ast-global-color-5)","background-image":"","background-repeat":"repeat","background-position":"center center","background-size":"auto","background-attachment":"scroll","background-type":"","background-media":"","overlay-type":"","overlay-color":"","overlay-opacity":"","overlay-gradient":""},"tablet":{"background-color":"var(--ast-global-color-5)","background-image":"","background-repeat":"repeat","background-position":"center center","background-size":"auto","background-attachment":"scroll","background-type":"","background-media":"","overlay-type":"","overlay-color":"","overlay-opacity":"","overlay-gradient":""},"mobile":{"background-color":"var(--ast-global-color-5)","background-image":"","background-repeat":"repeat","background-position":"center center","background-size":"auto","background-attachment":"scroll","background-type":"","background-media":"","overlay-type":"","overlay-color":"","overlay-opacity":"","overlay-gradient":""}}},"pwb-brand":[4599],"product_brand":[],"product_cat":[4823,3373,3376,3377,3382,3559],"product_tag":[5161],"class_list":{"0":"post-68416","1":"product","2":"type-product","3":"status-publish","4":"has-post-thumbnail","6":"pwb-brand-namaki","7":"product_cat-10-e-es","8":"product_cat-3-anos","9":"product_cat-4-anos","10":"product_cat-6-anos","11":"product_cat-8-anos","12":"product_cat-para-pintar-y-manualidades","13":"product_tag-tatuajes-namaki","14":"desktop-align-left","15":"tablet-align-left","16":"mobile-align-left","18":"first","19":"instock","20":"taxable","21":"shipping-taxable","22":"purchasable","23":"product-type-simple"},"acf":[],"yoast_head":"<!-- This site is optimized with the Yoast SEO Premium plugin v18.3 (Yoast SEO v27.4) - https:\/\/yoast.com\/product\/yoast-seo-premium-wordpress\/ -->\n<title>Tattoos Mundo del terror - Namaki &#8212; Som Llavors<\/title>\n<meta name=\"description\" content=\"Con los tatuajes infantiles del Mundo del terror, disfruta de una atm\u00f3sfera escalofriante con estos tatuajes infantiles.   Desde discretas estrellitas hasta su majestad la gatita, elige el dise\u00f1o que m\u00e1s te guste y a\u00f1ade un poco de color a un brazo o una pierna.  Dise\u00f1adas por Namaki, dermatol\u00f3gicamente probadas y formuladas con tintas de origen vegetal, estas coloridas calcoman\u00edas a\u00f1aden el toque final al disfraz de cualquier criatura.\" \/>\n<meta name=\"robots\" content=\"index, follow, max-snippet:-1, max-image-preview:large, max-video-preview:-1\" \/>\n<link rel=\"canonical\" href=\"https:\/\/somllavors.com\/es\/producte\/tattoos-mundo-del-terror-namaki\" \/>\n<meta property=\"og:locale\" content=\"es_ES\" \/>\n<meta property=\"og:type\" content=\"article\" \/>\n<meta property=\"og:title\" content=\"Tattoos Mundo del terror - Namaki\" \/>\n<meta property=\"og:description\" content=\"La teva botiga d\u2019ecocrian\u00e7a i espai d\u2019acompanyament a la maternitat\" \/>\n<meta property=\"og:url\" content=\"https:\/\/somllavors.com\/es\/producte\/tattoos-mundo-del-terror-namaki\" \/>\n<meta property=\"og:site_name\" content=\"Som Llavors\" \/>\n<meta property=\"article:publisher\" content=\"https:\/\/www.facebook.com\/somllavorsvng\/?locale=ca_ES\" \/>\n<meta property=\"article:modified_time\" content=\"2024-10-31T09:37:14+00:00\" \/>\n<meta property=\"og:image\" content=\"https:\/\/somllavors.com\/wp-content\/uploads\/2024\/10\/Som-Llavors-tatouage-enfant-monde-des-horreurs-110315-1-600x834-1-1.webp\" \/>\n\t<meta property=\"og:image:width\" content=\"600\" \/>\n\t<meta property=\"og:image:height\" content=\"834\" \/>\n\t<meta property=\"og:image:type\" content=\"image\/webp\" \/>\n<meta name=\"twitter:card\" content=\"summary_large_image\" \/>\n<meta name=\"twitter:label1\" content=\"Precio\" \/>\n\t<meta name=\"twitter:data1\" content=\"5,80&euro; Iva incl\u00f2s\" \/>\n\t<meta name=\"twitter:label2\" content=\"Availability\" \/>\n\t<meta name=\"twitter:data2\" content=\"Hay existencias\" \/>\n<script type=\"application\/ld+json\" class=\"yoast-schema-graph\">{\"@context\":\"https:\\\/\\\/schema.org\",\"@graph\":[{\"@type\":\"WebPage\",\"@id\":\"https:\\\/\\\/somllavors.com\\\/es\\\/producte\\\/tattoos-mundo-del-terror-namaki\",\"url\":\"https:\\\/\\\/somllavors.com\\\/es\\\/producte\\\/tattoos-mundo-del-terror-namaki\",\"name\":\"Tattoos Mundo del terror - Namaki &#8212; Som Llavors\",\"isPartOf\":{\"@id\":\"https:\\\/\\\/somllavors.com\\\/es#website\"},\"primaryImageOfPage\":{\"@id\":\"https:\\\/\\\/somllavors.com\\\/es\\\/producte\\\/tattoos-mundo-del-terror-namaki#primaryimage\"},\"image\":{\"@id\":\"https:\\\/\\\/somllavors.com\\\/es\\\/producte\\\/tattoos-mundo-del-terror-namaki#primaryimage\"},\"thumbnailUrl\":\"https:\\\/\\\/somllavors.com\\\/wp-content\\\/uploads\\\/2024\\\/10\\\/Som-Llavors-tatouage-enfant-monde-des-horreurs-110315-1-600x834-1-1.webp\",\"datePublished\":\"2024-10-11T16:23:50+00:00\",\"dateModified\":\"2024-10-31T09:37:14+00:00\",\"description\":\"Con los tatuajes infantiles del Mundo del terror, disfruta de una atm\u00f3sfera escalofriante con estos tatuajes infantiles. Desde discretas estrellitas hasta su majestad la gatita, elige el dise\u00f1o que m\u00e1s te guste y a\u00f1ade un poco de color a un brazo o una pierna. Dise\u00f1adas por Namaki, dermatol\u00f3gicamente probadas y formuladas con tintas de origen vegetal, estas coloridas calcoman\u00edas a\u00f1aden el toque final al disfraz de cualquier criatura.\",\"breadcrumb\":{\"@id\":\"https:\\\/\\\/somllavors.com\\\/es\\\/producte\\\/tattoos-mundo-del-terror-namaki#breadcrumb\"},\"inLanguage\":\"es\",\"potentialAction\":[{\"@type\":\"ReadAction\",\"target\":[\"https:\\\/\\\/somllavors.com\\\/es\\\/producte\\\/tattoos-mundo-del-terror-namaki\"]}]},{\"@type\":\"ImageObject\",\"inLanguage\":\"es\",\"@id\":\"https:\\\/\\\/somllavors.com\\\/es\\\/producte\\\/tattoos-mundo-del-terror-namaki#primaryimage\",\"url\":\"https:\\\/\\\/somllavors.com\\\/wp-content\\\/uploads\\\/2024\\\/10\\\/Som-Llavors-tatouage-enfant-monde-des-horreurs-110315-1-600x834-1-1.webp\",\"contentUrl\":\"https:\\\/\\\/somllavors.com\\\/wp-content\\\/uploads\\\/2024\\\/10\\\/Som-Llavors-tatouage-enfant-monde-des-horreurs-110315-1-600x834-1-1.webp\",\"width\":600,\"height\":834,\"caption\":\"tatuajes namaki\"},{\"@type\":\"BreadcrumbList\",\"@id\":\"https:\\\/\\\/somllavors.com\\\/es\\\/producte\\\/tattoos-mundo-del-terror-namaki#breadcrumb\",\"itemListElement\":[{\"@type\":\"ListItem\",\"position\":1,\"name\":\"Inici\",\"item\":\"https:\\\/\\\/somllavors.com\\\/es\"},{\"@type\":\"ListItem\",\"position\":2,\"name\":\"Tienda\",\"item\":\"https:\\\/\\\/somllavors.com\\\/es\\\/botiga-2\"},{\"@type\":\"ListItem\",\"position\":3,\"name\":\"Tattoos Mundo del terror &#8211; Namaki\"}]},{\"@type\":\"WebSite\",\"@id\":\"https:\\\/\\\/somllavors.com\\\/es#website\",\"url\":\"https:\\\/\\\/somllavors.com\\\/es\",\"name\":\"Som Llavors\",\"description\":\"Botiga de crian\u00e7a natural\",\"publisher\":{\"@id\":\"https:\\\/\\\/somllavors.com\\\/es#organization\"},\"alternateName\":\"Crian\u00e7a Natural i Sostenible\",\"potentialAction\":[{\"@type\":\"SearchAction\",\"target\":{\"@type\":\"EntryPoint\",\"urlTemplate\":\"https:\\\/\\\/somllavors.com\\\/es?s={search_term_string}\"},\"query-input\":{\"@type\":\"PropertyValueSpecification\",\"valueRequired\":true,\"valueName\":\"search_term_string\"}}],\"inLanguage\":\"es\"},{\"@type\":[\"Organization\",\"Place\",\"Store\"],\"@id\":\"https:\\\/\\\/somllavors.com\\\/es#organization\",\"name\":\"Som Llavors\",\"alternateName\":\"Crian\u00e7a Natural i Sostenible\",\"url\":\"https:\\\/\\\/somllavors.com\\\/es\",\"logo\":{\"@id\":\"https:\\\/\\\/somllavors.com\\\/es\\\/producte\\\/tattoos-mundo-del-terror-namaki#local-main-organization-logo\"},\"image\":{\"@id\":\"https:\\\/\\\/somllavors.com\\\/es\\\/producte\\\/tattoos-mundo-del-terror-namaki#local-main-organization-logo\"},\"sameAs\":[\"https:\\\/\\\/www.facebook.com\\\/somllavorsvng\\\/?locale=ca_ES\",\"https:\\\/\\\/www.instagram.com\\\/somllavors_vng\\\/\",\"https:\\\/\\\/www.youtube.com\\\/@somllavors\"],\"address\":{\"@id\":\"https:\\\/\\\/somllavors.com\\\/es\\\/producte\\\/tattoos-mundo-del-terror-namaki#local-main-place-address\"},\"geo\":{\"@type\":\"GeoCoordinates\",\"latitude\":\"41.2257737\",\"longitude\":\"1.723258859\"},\"telephone\":[\"623152704\"],\"openingHoursSpecification\":[{\"@type\":\"OpeningHoursSpecification\",\"dayOfWeek\":[\"Monday\",\"Sunday\"],\"opens\":\"00:00\",\"closes\":\"00:00\"},{\"@type\":\"OpeningHoursSpecification\",\"dayOfWeek\":[\"Tuesday\",\"Wednesday\",\"Thursday\",\"Friday\"],\"opens\":\"10:00\",\"closes\":\"20:00\"},{\"@type\":\"OpeningHoursSpecification\",\"dayOfWeek\":[\"Saturday\"],\"opens\":\"10:00\",\"closes\":\"13:30\"}],\"email\":\"info@somllavors.com\"},{\"@type\":\"PostalAddress\",\"@id\":\"https:\\\/\\\/somllavors.com\\\/es\\\/producte\\\/tattoos-mundo-del-terror-namaki#local-main-place-address\",\"streetAddress\":\"Carrer de l'aigua, 6\",\"addressLocality\":\"Vilanova i la Geltr\u00fa\",\"postalCode\":\"08800\",\"addressRegion\":\"Barcelona\",\"addressCountry\":\"ES\"},{\"@type\":\"ImageObject\",\"inLanguage\":\"es\",\"@id\":\"https:\\\/\\\/somllavors.com\\\/es\\\/producte\\\/tattoos-mundo-del-terror-namaki#local-main-organization-logo\",\"url\":\"https:\\\/\\\/somllavors.com\\\/wp-content\\\/uploads\\\/Logotip-Som-Llavors.jpg\",\"contentUrl\":\"https:\\\/\\\/somllavors.com\\\/wp-content\\\/uploads\\\/Logotip-Som-Llavors.jpg\",\"width\":1444,\"height\":1323,\"caption\":\"Som Llavors\"}]}<\/script>\n<meta property=\"product:price:amount\" content=\"5.80\" \/>\n<meta property=\"product:price:currency\" content=\"EUR\" \/>\n<meta property=\"og:availability\" content=\"instock\" \/>\n<meta property=\"product:availability\" content=\"instock\" \/>\n<meta property=\"product:retailer_item_id\" content=\"110315\" \/>\n<meta property=\"product:condition\" content=\"new\" \/>\n<meta name=\"geo.placename\" content=\"Vilanova i la Geltr\u00fa\" \/>\n<meta name=\"geo.position\" content=\"41.2257737;1.723258859\" \/>\n<meta name=\"geo.region\" content=\"Espa\u00f1a\" \/>\n<!-- \/ Yoast SEO Premium plugin. -->","yoast_head_json":{"title":"Tattoos Mundo del terror - Namaki &#8212; Som Llavors","description":"Con los tatuajes infantiles del Mundo del terror, disfruta de una atm\u00f3sfera escalofriante con estos tatuajes infantiles.   Desde discretas estrellitas hasta su majestad la gatita, elige el dise\u00f1o que m\u00e1s te guste y a\u00f1ade un poco de color a un brazo o una pierna.  Dise\u00f1adas por Namaki, dermatol\u00f3gicamente probadas y formuladas con tintas de origen vegetal, estas coloridas calcoman\u00edas a\u00f1aden el toque final al disfraz de cualquier criatura.","robots":{"index":"index","follow":"follow","max-snippet":"max-snippet:-1","max-image-preview":"max-image-preview:large","max-video-preview":"max-video-preview:-1"},"canonical":"https:\/\/somllavors.com\/es\/producte\/tattoos-mundo-del-terror-namaki","og_locale":"es_ES","og_type":"article","og_title":"Tattoos Mundo del terror - Namaki","og_description":"La teva botiga d\u2019ecocrian\u00e7a i espai d\u2019acompanyament a la maternitat","og_url":"https:\/\/somllavors.com\/es\/producte\/tattoos-mundo-del-terror-namaki","og_site_name":"Som Llavors","article_publisher":"https:\/\/www.facebook.com\/somllavorsvng\/?locale=ca_ES","article_modified_time":"2024-10-31T09:37:14+00:00","og_image":[{"width":600,"height":834,"url":"https:\/\/somllavors.com\/wp-content\/uploads\/2024\/10\/Som-Llavors-tatouage-enfant-monde-des-horreurs-110315-1-600x834-1-1.webp","type":"image\/webp"}],"twitter_card":"summary_large_image","twitter_misc":{"Precio":"5,80&euro; Iva incl\u00f2s","Availability":"Hay existencias"},"schema":{"@context":"https:\/\/schema.org","@graph":[{"@type":"WebPage","@id":"https:\/\/somllavors.com\/es\/producte\/tattoos-mundo-del-terror-namaki","url":"https:\/\/somllavors.com\/es\/producte\/tattoos-mundo-del-terror-namaki","name":"Tattoos Mundo del terror - Namaki &#8212; Som Llavors","isPartOf":{"@id":"https:\/\/somllavors.com\/es#website"},"primaryImageOfPage":{"@id":"https:\/\/somllavors.com\/es\/producte\/tattoos-mundo-del-terror-namaki#primaryimage"},"image":{"@id":"https:\/\/somllavors.com\/es\/producte\/tattoos-mundo-del-terror-namaki#primaryimage"},"thumbnailUrl":"https:\/\/somllavors.com\/wp-content\/uploads\/2024\/10\/Som-Llavors-tatouage-enfant-monde-des-horreurs-110315-1-600x834-1-1.webp","datePublished":"2024-10-11T16:23:50+00:00","dateModified":"2024-10-31T09:37:14+00:00","description":"Con los tatuajes infantiles del Mundo del terror, disfruta de una atm\u00f3sfera escalofriante con estos tatuajes infantiles. Desde discretas estrellitas hasta su majestad la gatita, elige el dise\u00f1o que m\u00e1s te guste y a\u00f1ade un poco de color a un brazo o una pierna. Dise\u00f1adas por Namaki, dermatol\u00f3gicamente probadas y formuladas con tintas de origen vegetal, estas coloridas calcoman\u00edas a\u00f1aden el toque final al disfraz de cualquier criatura.","breadcrumb":{"@id":"https:\/\/somllavors.com\/es\/producte\/tattoos-mundo-del-terror-namaki#breadcrumb"},"inLanguage":"es","potentialAction":[{"@type":"ReadAction","target":["https:\/\/somllavors.com\/es\/producte\/tattoos-mundo-del-terror-namaki"]}]},{"@type":"ImageObject","inLanguage":"es","@id":"https:\/\/somllavors.com\/es\/producte\/tattoos-mundo-del-terror-namaki#primaryimage","url":"https:\/\/somllavors.com\/wp-content\/uploads\/2024\/10\/Som-Llavors-tatouage-enfant-monde-des-horreurs-110315-1-600x834-1-1.webp","contentUrl":"https:\/\/somllavors.com\/wp-content\/uploads\/2024\/10\/Som-Llavors-tatouage-enfant-monde-des-horreurs-110315-1-600x834-1-1.webp","width":600,"height":834,"caption":"tatuajes namaki"},{"@type":"BreadcrumbList","@id":"https:\/\/somllavors.com\/es\/producte\/tattoos-mundo-del-terror-namaki#breadcrumb","itemListElement":[{"@type":"ListItem","position":1,"name":"Inici","item":"https:\/\/somllavors.com\/es"},{"@type":"ListItem","position":2,"name":"Tienda","item":"https:\/\/somllavors.com\/es\/botiga-2"},{"@type":"ListItem","position":3,"name":"Tattoos Mundo del terror &#8211; Namaki"}]},{"@type":"WebSite","@id":"https:\/\/somllavors.com\/es#website","url":"https:\/\/somllavors.com\/es","name":"Som Llavors","description":"Botiga de crian\u00e7a natural","publisher":{"@id":"https:\/\/somllavors.com\/es#organization"},"alternateName":"Crian\u00e7a Natural i Sostenible","potentialAction":[{"@type":"SearchAction","target":{"@type":"EntryPoint","urlTemplate":"https:\/\/somllavors.com\/es?s={search_term_string}"},"query-input":{"@type":"PropertyValueSpecification","valueRequired":true,"valueName":"search_term_string"}}],"inLanguage":"es"},{"@type":["Organization","Place","Store"],"@id":"https:\/\/somllavors.com\/es#organization","name":"Som Llavors","alternateName":"Crian\u00e7a Natural i Sostenible","url":"https:\/\/somllavors.com\/es","logo":{"@id":"https:\/\/somllavors.com\/es\/producte\/tattoos-mundo-del-terror-namaki#local-main-organization-logo"},"image":{"@id":"https:\/\/somllavors.com\/es\/producte\/tattoos-mundo-del-terror-namaki#local-main-organization-logo"},"sameAs":["https:\/\/www.facebook.com\/somllavorsvng\/?locale=ca_ES","https:\/\/www.instagram.com\/somllavors_vng\/","https:\/\/www.youtube.com\/@somllavors"],"address":{"@id":"https:\/\/somllavors.com\/es\/producte\/tattoos-mundo-del-terror-namaki#local-main-place-address"},"geo":{"@type":"GeoCoordinates","latitude":"41.2257737","longitude":"1.723258859"},"telephone":["623152704","623152704"],"openingHoursSpecification":[{"@type":"OpeningHoursSpecification","dayOfWeek":["Monday","Sunday"],"opens":"00:00","closes":"00:00"},{"@type":"OpeningHoursSpecification","dayOfWeek":["Tuesday","Wednesday","Thursday","Friday"],"opens":"10:00","closes":"20:00"},{"@type":"OpeningHoursSpecification","dayOfWeek":["Saturday"],"opens":"10:00","closes":"13:30"}],"email":"info@somllavors.com"},{"@type":"PostalAddress","@id":"https:\/\/somllavors.com\/es\/producte\/tattoos-mundo-del-terror-namaki#local-main-place-address","streetAddress":"Carrer de l'aigua, 6","addressLocality":"Vilanova i la Geltr\u00fa","postalCode":"08800","addressRegion":"Barcelona","addressCountry":"ES"},{"@type":"ImageObject","inLanguage":"es","@id":"https:\/\/somllavors.com\/es\/producte\/tattoos-mundo-del-terror-namaki#local-main-organization-logo","url":"https:\/\/somllavors.com\/wp-content\/uploads\/Logotip-Som-Llavors.jpg","contentUrl":"https:\/\/somllavors.com\/wp-content\/uploads\/Logotip-Som-Llavors.jpg","width":1444,"height":1323,"caption":"Som Llavors"}]},"product_price_amount":"5.80","product_price_currency":"EUR","og_availability":"instock","product_availability":"instock","product_retailer_item_id":"110315","product_condition":"new","geo.placename":"Vilanova i la Geltr\u00fa","geo.position":{"lat":"41.2257737","long":"1.723258859"},"geo.region":"Espa\u00f1a"},"brands":[{"id":4599,"name":"Namaki","slug":"namaki"}],"_links":{"self":[{"href":"https:\/\/somllavors.com\/es\/wp-json\/wp\/v2\/product\/68416","targetHints":{"allow":["GET"]}}],"collection":[{"href":"https:\/\/somllavors.com\/es\/wp-json\/wp\/v2\/product"}],"about":[{"href":"https:\/\/somllavors.com\/es\/wp-json\/wp\/v2\/types\/product"}],"wp:featuredmedia":[{"embeddable":true,"href":"https:\/\/somllavors.com\/es\/wp-json\/wp\/v2\/media\/68411"}],"wp:attachment":[{"href":"https:\/\/somllavors.com\/es\/wp-json\/wp\/v2\/media?parent=68416"}],"wp:term":[{"taxonomy":"pwb-brand","embeddable":true,"href":"https:\/\/somllavors.com\/es\/wp-json\/wp\/v2\/pwb-brand?post=68416"},{"taxonomy":"product_brand","embeddable":true,"href":"https:\/\/somllavors.com\/es\/wp-json\/wp\/v2\/product_brand?post=68416"},{"taxonomy":"product_cat","embeddable":true,"href":"https:\/\/somllavors.com\/es\/wp-json\/wp\/v2\/product_cat?post=68416"},{"taxonomy":"product_tag","embeddable":true,"href":"https:\/\/somllavors.com\/es\/wp-json\/wp\/v2\/product_tag?post=68416"}],"curies":[{"name":"wp","href":"https:\/\/api.w.org\/{rel}","templated":true}]}}