{"id":68516,"date":"2024-10-15T19:44:38","date_gmt":"2024-10-15T17:44:38","guid":{"rendered":"https:\/\/somllavors.com\/?post_type=product&#038;p=68516"},"modified":"2025-06-20T19:45:29","modified_gmt":"2025-06-20T17:45:29","slug":"esmalte-de-unas-al-agua-rosa-glitter-namaki","status":"publish","type":"product","link":"https:\/\/somllavors.com\/es\/producte\/esmalte-de-unas-al-agua-rosa-glitter-namaki","title":{"rendered":"Esmalte de u\u00f1as al agua azul plata &#8211; Namaki"},"content":{"rendered":"<ul>\n<li>Esmalte de u\u00f1as a base de agua dise\u00f1ado, especialmente para criaturas.<\/li>\n<li>F\u00e1cil de usar, se seca r\u00e1pidamente y se puede quitar sin disolvente como una pegatina.<\/li>\n<li>Modo de empleo: Agitar el frasco antes de abrir. Aplicar el esmalte y deje que se seque durante un minuto o dos.<br \/>\nNamaki es una marca que naci\u00f3 con la idea de crear un maquillaje que respete la piel de las criaturas y el medio ambiente, dermatol\u00f3gicamente probados y no testados en animales.<\/li>\n<li>Composici\u00f3n: agua, copol\u00edmero de acrilatos, \u00e9ter met\u00f1ilico de PPG-2, cocoato de glicerilo PEG-7, glutarato de siisobutilo, fluorflogopita, sint\u00e9tica, disiloxano, copol\u00edmero de PEG-150, \u00f3xido de esta\u00f1o, hectorita, adipato dediisobutilo, benotinita, dimeticona PEG-12, fenoxietanol, propilenglicol, mica, copol\u00edmero de estireno, tocoferol, CI 77492, CI 77499, CI 77891<\/li>\n<li>El esmalte se puede conservar durante 12 meses despu\u00e9s de abierto<\/li>\n<li>Para ser usado por un adulto<\/li>\n<li>Sin parabenos, sin formaldeh\u00eddo, sin ftalatos, sin tolueno, sin alcanfor y sin nanopart\u00edculas<\/li>\n<li>Hecho en Francia<\/li>\n<li>Se recomienda usar bajo la supervisi\u00f3n de un adulto<\/li>\n<li>Este producto incluye marcado CE de conformidad con la legislaci\u00f3n de la Uni\u00f3n Europea<\/li>\n<\/ul>\n","protected":false},"excerpt":{"rendered":"<p>Esmalte de u\u00f1as a base de agua dise\u00f1ado, especialmente para criaturas.<\/p>\n<ul>\n<li>F\u00e1cil de usar, se seca r\u00e1pidamente y se puede quitar sin disolvente como una pegatina.<\/li>\n<\/ul>\n","protected":false},"featured_media":68556,"template":"","meta":{"_acf_changed":false,"site-sidebar-layout":"default","site-content-layout":"","ast-site-content-layout":"default","site-content-style":"default","site-sidebar-style":"default","ast-global-header-display":"","ast-banner-title-visibility":"","ast-main-header-display":"","ast-hfb-above-header-display":"","ast-hfb-below-header-display":"","ast-hfb-mobile-header-display":"","site-post-title":"","ast-breadcrumbs-content":"","ast-featured-img":"","footer-sml-layout":"","ast-disable-related-posts":"","theme-transparent-header-meta":"default","adv-header-id-meta":"","stick-header-meta":"","header-above-stick-meta":"","header-main-stick-meta":"","header-below-stick-meta":"","astra-migrate-meta-layouts":"set","ast-page-background-enabled":"default","ast-page-background-meta":{"desktop":{"background-color":"","background-image":"","background-repeat":"repeat","background-position":"center center","background-size":"auto","background-attachment":"scroll","background-type":"","background-media":"","overlay-type":"","overlay-color":"","overlay-opacity":"","overlay-gradient":""},"tablet":{"background-color":"","background-image":"","background-repeat":"repeat","background-position":"center center","background-size":"auto","background-attachment":"scroll","background-type":"","background-media":"","overlay-type":"","overlay-color":"","overlay-opacity":"","overlay-gradient":""},"mobile":{"background-color":"","background-image":"","background-repeat":"repeat","background-position":"center center","background-size":"auto","background-attachment":"scroll","background-type":"","background-media":"","overlay-type":"","overlay-color":"","overlay-opacity":"","overlay-gradient":""}},"ast-content-background-meta":{"desktop":{"background-color":"var(--ast-global-color-5)","background-image":"","background-repeat":"repeat","background-position":"center center","background-size":"auto","background-attachment":"scroll","background-type":"","background-media":"","overlay-type":"","overlay-color":"","overlay-opacity":"","overlay-gradient":""},"tablet":{"background-color":"var(--ast-global-color-5)","background-image":"","background-repeat":"repeat","background-position":"center center","background-size":"auto","background-attachment":"scroll","background-type":"","background-media":"","overlay-type":"","overlay-color":"","overlay-opacity":"","overlay-gradient":""},"mobile":{"background-color":"var(--ast-global-color-5)","background-image":"","background-repeat":"repeat","background-position":"center center","background-size":"auto","background-attachment":"scroll","background-type":"","background-media":"","overlay-type":"","overlay-color":"","overlay-opacity":"","overlay-gradient":""}}},"pwb-brand":[4599],"product_brand":[],"product_cat":[3373,3376,3377,3382,4618],"product_tag":[5170,5162,5168,5174,2092,5169],"class_list":{"0":"post-68516","1":"product","2":"type-product","3":"status-publish","4":"has-post-thumbnail","6":"pwb-brand-namaki","7":"product_cat-3-anos","8":"product_cat-4-anos","9":"product_cat-6-anos","10":"product_cat-8-anos","11":"product_cat-maquillaje-natural","12":"product_tag-cosmetica-natural-es","13":"product_tag-cosmetica-organica","14":"product_tag-esmalte-unas","15":"product_tag-maquillaje-purpurina-brillo","16":"product_tag-namaki-es","17":"product_tag-pinta-unas","18":"desktop-align-left","19":"tablet-align-left","20":"mobile-align-left","22":"first","23":"instock","24":"taxable","25":"shipping-taxable","26":"purchasable","27":"product-type-simple"},"acf":[],"yoast_head":"<!-- This site is optimized with the Yoast SEO Premium plugin v18.3 (Yoast SEO v27.4) - https:\/\/yoast.com\/product\/yoast-seo-premium-wordpress\/ -->\n<title>Esmalte de u\u00f1as al agua azul plata - Namaki &#8212; Som Llavors<\/title>\n<meta name=\"description\" content=\"Esmalte de u\u00f1as a base de agua dise\u00f1ado, especialmente para criaturas.   F\u00e1cil de usar, se seca r\u00e1pidamente y se puede quitar sin disolvente como una pegatina.\" \/>\n<meta name=\"robots\" content=\"index, follow, max-snippet:-1, max-image-preview:large, max-video-preview:-1\" \/>\n<link rel=\"canonical\" href=\"https:\/\/somllavors.com\/es\/producte\/esmalte-de-unas-al-agua-rosa-glitter-namaki\" \/>\n<meta property=\"og:locale\" content=\"es_ES\" \/>\n<meta property=\"og:type\" content=\"article\" \/>\n<meta property=\"og:title\" content=\"Esmalte de u\u00f1as al agua azul plata - Namaki\" \/>\n<meta property=\"og:description\" content=\"La teva botiga d\u2019ecocrian\u00e7a i espai d\u2019acompanyament a la maternitat\" \/>\n<meta property=\"og:url\" content=\"https:\/\/somllavors.com\/es\/producte\/esmalte-de-unas-al-agua-rosa-glitter-namaki\" \/>\n<meta property=\"og:site_name\" content=\"Som Llavors\" \/>\n<meta property=\"article:publisher\" content=\"https:\/\/www.facebook.com\/somllavorsvng\/?locale=ca_ES\" \/>\n<meta property=\"article:modified_time\" content=\"2025-06-20T17:45:29+00:00\" \/>\n<meta property=\"og:image\" content=\"https:\/\/somllavors.com\/wp-content\/uploads\/2024\/10\/Som-Llavors-esmalte-de-una-azul-plata.webp\" \/>\n\t<meta property=\"og:image:width\" content=\"600\" \/>\n\t<meta property=\"og:image:height\" content=\"834\" \/>\n\t<meta property=\"og:image:type\" content=\"image\/webp\" \/>\n<meta name=\"twitter:card\" content=\"summary_large_image\" \/>\n<meta name=\"twitter:label1\" content=\"Precio\" \/>\n\t<meta name=\"twitter:data1\" content=\"6,50&euro; Iva incl\u00f2s\" \/>\n\t<meta name=\"twitter:label2\" content=\"Availability\" \/>\n\t<meta name=\"twitter:data2\" content=\"Hay existencias\" \/>\n<script type=\"application\/ld+json\" class=\"yoast-schema-graph\">{\"@context\":\"https:\\\/\\\/schema.org\",\"@graph\":[{\"@type\":\"WebPage\",\"@id\":\"https:\\\/\\\/somllavors.com\\\/es\\\/producte\\\/esmalte-de-unas-al-agua-rosa-glitter-namaki\",\"url\":\"https:\\\/\\\/somllavors.com\\\/es\\\/producte\\\/esmalte-de-unas-al-agua-rosa-glitter-namaki\",\"name\":\"Esmalte de u\u00f1as al agua azul plata - Namaki &#8212; Som Llavors\",\"isPartOf\":{\"@id\":\"https:\\\/\\\/somllavors.com\\\/es#website\"},\"primaryImageOfPage\":{\"@id\":\"https:\\\/\\\/somllavors.com\\\/es\\\/producte\\\/esmalte-de-unas-al-agua-rosa-glitter-namaki#primaryimage\"},\"image\":{\"@id\":\"https:\\\/\\\/somllavors.com\\\/es\\\/producte\\\/esmalte-de-unas-al-agua-rosa-glitter-namaki#primaryimage\"},\"thumbnailUrl\":\"https:\\\/\\\/somllavors.com\\\/wp-content\\\/uploads\\\/2024\\\/10\\\/Som-Llavors-esmalte-de-una-azul-plata.webp\",\"datePublished\":\"2024-10-15T17:44:38+00:00\",\"dateModified\":\"2025-06-20T17:45:29+00:00\",\"description\":\"Esmalte de u\u00f1as a base de agua dise\u00f1ado, especialmente para criaturas. F\u00e1cil de usar, se seca r\u00e1pidamente y se puede quitar sin disolvente como una pegatina.\",\"breadcrumb\":{\"@id\":\"https:\\\/\\\/somllavors.com\\\/es\\\/producte\\\/esmalte-de-unas-al-agua-rosa-glitter-namaki#breadcrumb\"},\"inLanguage\":\"es\",\"potentialAction\":[{\"@type\":\"ReadAction\",\"target\":[\"https:\\\/\\\/somllavors.com\\\/es\\\/producte\\\/esmalte-de-unas-al-agua-rosa-glitter-namaki\"]}]},{\"@type\":\"ImageObject\",\"inLanguage\":\"es\",\"@id\":\"https:\\\/\\\/somllavors.com\\\/es\\\/producte\\\/esmalte-de-unas-al-agua-rosa-glitter-namaki#primaryimage\",\"url\":\"https:\\\/\\\/somllavors.com\\\/wp-content\\\/uploads\\\/2024\\\/10\\\/Som-Llavors-esmalte-de-una-azul-plata.webp\",\"contentUrl\":\"https:\\\/\\\/somllavors.com\\\/wp-content\\\/uploads\\\/2024\\\/10\\\/Som-Llavors-esmalte-de-una-azul-plata.webp\",\"width\":600,\"height\":834,\"caption\":\"pinta u\u00f1as Namaki\"},{\"@type\":\"BreadcrumbList\",\"@id\":\"https:\\\/\\\/somllavors.com\\\/es\\\/producte\\\/esmalte-de-unas-al-agua-rosa-glitter-namaki#breadcrumb\",\"itemListElement\":[{\"@type\":\"ListItem\",\"position\":1,\"name\":\"Inici\",\"item\":\"https:\\\/\\\/somllavors.com\\\/es\"},{\"@type\":\"ListItem\",\"position\":2,\"name\":\"Tienda\",\"item\":\"https:\\\/\\\/somllavors.com\\\/es\\\/botiga-2\"},{\"@type\":\"ListItem\",\"position\":3,\"name\":\"Esmalte de u\u00f1as al agua azul plata &#8211; Namaki\"}]},{\"@type\":\"WebSite\",\"@id\":\"https:\\\/\\\/somllavors.com\\\/es#website\",\"url\":\"https:\\\/\\\/somllavors.com\\\/es\",\"name\":\"Som Llavors\",\"description\":\"Botiga de crian\u00e7a natural\",\"publisher\":{\"@id\":\"https:\\\/\\\/somllavors.com\\\/es#organization\"},\"alternateName\":\"Crian\u00e7a Natural i Sostenible\",\"potentialAction\":[{\"@type\":\"SearchAction\",\"target\":{\"@type\":\"EntryPoint\",\"urlTemplate\":\"https:\\\/\\\/somllavors.com\\\/es?s={search_term_string}\"},\"query-input\":{\"@type\":\"PropertyValueSpecification\",\"valueRequired\":true,\"valueName\":\"search_term_string\"}}],\"inLanguage\":\"es\"},{\"@type\":[\"Organization\",\"Place\",\"Store\"],\"@id\":\"https:\\\/\\\/somllavors.com\\\/es#organization\",\"name\":\"Som Llavors\",\"alternateName\":\"Crian\u00e7a Natural i Sostenible\",\"url\":\"https:\\\/\\\/somllavors.com\\\/es\",\"logo\":{\"@id\":\"https:\\\/\\\/somllavors.com\\\/es\\\/producte\\\/esmalte-de-unas-al-agua-rosa-glitter-namaki#local-main-organization-logo\"},\"image\":{\"@id\":\"https:\\\/\\\/somllavors.com\\\/es\\\/producte\\\/esmalte-de-unas-al-agua-rosa-glitter-namaki#local-main-organization-logo\"},\"sameAs\":[\"https:\\\/\\\/www.facebook.com\\\/somllavorsvng\\\/?locale=ca_ES\",\"https:\\\/\\\/www.instagram.com\\\/somllavors_vng\\\/\",\"https:\\\/\\\/www.youtube.com\\\/@somllavors\"],\"address\":{\"@id\":\"https:\\\/\\\/somllavors.com\\\/es\\\/producte\\\/esmalte-de-unas-al-agua-rosa-glitter-namaki#local-main-place-address\"},\"geo\":{\"@type\":\"GeoCoordinates\",\"latitude\":\"41.2257737\",\"longitude\":\"1.723258859\"},\"telephone\":[\"623152704\"],\"openingHoursSpecification\":[{\"@type\":\"OpeningHoursSpecification\",\"dayOfWeek\":[\"Monday\",\"Sunday\"],\"opens\":\"00:00\",\"closes\":\"00:00\"},{\"@type\":\"OpeningHoursSpecification\",\"dayOfWeek\":[\"Tuesday\",\"Wednesday\",\"Thursday\",\"Friday\"],\"opens\":\"10:00\",\"closes\":\"20:00\"},{\"@type\":\"OpeningHoursSpecification\",\"dayOfWeek\":[\"Saturday\"],\"opens\":\"10:00\",\"closes\":\"13:30\"}],\"email\":\"info@somllavors.com\"},{\"@type\":\"PostalAddress\",\"@id\":\"https:\\\/\\\/somllavors.com\\\/es\\\/producte\\\/esmalte-de-unas-al-agua-rosa-glitter-namaki#local-main-place-address\",\"streetAddress\":\"Carrer de l'aigua, 6\",\"addressLocality\":\"Vilanova i la Geltr\u00fa\",\"postalCode\":\"08800\",\"addressRegion\":\"Barcelona\",\"addressCountry\":\"ES\"},{\"@type\":\"ImageObject\",\"inLanguage\":\"es\",\"@id\":\"https:\\\/\\\/somllavors.com\\\/es\\\/producte\\\/esmalte-de-unas-al-agua-rosa-glitter-namaki#local-main-organization-logo\",\"url\":\"https:\\\/\\\/somllavors.com\\\/wp-content\\\/uploads\\\/Logotip-Som-Llavors.jpg\",\"contentUrl\":\"https:\\\/\\\/somllavors.com\\\/wp-content\\\/uploads\\\/Logotip-Som-Llavors.jpg\",\"width\":1444,\"height\":1323,\"caption\":\"Som Llavors\"}]}<\/script>\n<meta property=\"product:price:amount\" content=\"6.50\" \/>\n<meta property=\"product:price:currency\" content=\"EUR\" \/>\n<meta property=\"og:availability\" content=\"instock\" \/>\n<meta property=\"product:availability\" content=\"instock\" \/>\n<meta property=\"product:retailer_item_id\" content=\"110226\" \/>\n<meta property=\"product:condition\" content=\"new\" \/>\n<meta name=\"geo.placename\" content=\"Vilanova i la Geltr\u00fa\" \/>\n<meta name=\"geo.position\" content=\"41.2257737;1.723258859\" \/>\n<meta name=\"geo.region\" content=\"Espa\u00f1a\" \/>\n<!-- \/ Yoast SEO Premium plugin. -->","yoast_head_json":{"title":"Esmalte de u\u00f1as al agua azul plata - Namaki &#8212; Som Llavors","description":"Esmalte de u\u00f1as a base de agua dise\u00f1ado, especialmente para criaturas.   F\u00e1cil de usar, se seca r\u00e1pidamente y se puede quitar sin disolvente como una pegatina.","robots":{"index":"index","follow":"follow","max-snippet":"max-snippet:-1","max-image-preview":"max-image-preview:large","max-video-preview":"max-video-preview:-1"},"canonical":"https:\/\/somllavors.com\/es\/producte\/esmalte-de-unas-al-agua-rosa-glitter-namaki","og_locale":"es_ES","og_type":"article","og_title":"Esmalte de u\u00f1as al agua azul plata - Namaki","og_description":"La teva botiga d\u2019ecocrian\u00e7a i espai d\u2019acompanyament a la maternitat","og_url":"https:\/\/somllavors.com\/es\/producte\/esmalte-de-unas-al-agua-rosa-glitter-namaki","og_site_name":"Som Llavors","article_publisher":"https:\/\/www.facebook.com\/somllavorsvng\/?locale=ca_ES","article_modified_time":"2025-06-20T17:45:29+00:00","og_image":[{"width":600,"height":834,"url":"https:\/\/somllavors.com\/wp-content\/uploads\/2024\/10\/Som-Llavors-esmalte-de-una-azul-plata.webp","type":"image\/webp"}],"twitter_card":"summary_large_image","twitter_misc":{"Precio":"6,50&euro; Iva incl\u00f2s","Availability":"Hay existencias"},"schema":{"@context":"https:\/\/schema.org","@graph":[{"@type":"WebPage","@id":"https:\/\/somllavors.com\/es\/producte\/esmalte-de-unas-al-agua-rosa-glitter-namaki","url":"https:\/\/somllavors.com\/es\/producte\/esmalte-de-unas-al-agua-rosa-glitter-namaki","name":"Esmalte de u\u00f1as al agua azul plata - Namaki &#8212; Som Llavors","isPartOf":{"@id":"https:\/\/somllavors.com\/es#website"},"primaryImageOfPage":{"@id":"https:\/\/somllavors.com\/es\/producte\/esmalte-de-unas-al-agua-rosa-glitter-namaki#primaryimage"},"image":{"@id":"https:\/\/somllavors.com\/es\/producte\/esmalte-de-unas-al-agua-rosa-glitter-namaki#primaryimage"},"thumbnailUrl":"https:\/\/somllavors.com\/wp-content\/uploads\/2024\/10\/Som-Llavors-esmalte-de-una-azul-plata.webp","datePublished":"2024-10-15T17:44:38+00:00","dateModified":"2025-06-20T17:45:29+00:00","description":"Esmalte de u\u00f1as a base de agua dise\u00f1ado, especialmente para criaturas. F\u00e1cil de usar, se seca r\u00e1pidamente y se puede quitar sin disolvente como una pegatina.","breadcrumb":{"@id":"https:\/\/somllavors.com\/es\/producte\/esmalte-de-unas-al-agua-rosa-glitter-namaki#breadcrumb"},"inLanguage":"es","potentialAction":[{"@type":"ReadAction","target":["https:\/\/somllavors.com\/es\/producte\/esmalte-de-unas-al-agua-rosa-glitter-namaki"]}]},{"@type":"ImageObject","inLanguage":"es","@id":"https:\/\/somllavors.com\/es\/producte\/esmalte-de-unas-al-agua-rosa-glitter-namaki#primaryimage","url":"https:\/\/somllavors.com\/wp-content\/uploads\/2024\/10\/Som-Llavors-esmalte-de-una-azul-plata.webp","contentUrl":"https:\/\/somllavors.com\/wp-content\/uploads\/2024\/10\/Som-Llavors-esmalte-de-una-azul-plata.webp","width":600,"height":834,"caption":"pinta u\u00f1as Namaki"},{"@type":"BreadcrumbList","@id":"https:\/\/somllavors.com\/es\/producte\/esmalte-de-unas-al-agua-rosa-glitter-namaki#breadcrumb","itemListElement":[{"@type":"ListItem","position":1,"name":"Inici","item":"https:\/\/somllavors.com\/es"},{"@type":"ListItem","position":2,"name":"Tienda","item":"https:\/\/somllavors.com\/es\/botiga-2"},{"@type":"ListItem","position":3,"name":"Esmalte de u\u00f1as al agua azul plata &#8211; Namaki"}]},{"@type":"WebSite","@id":"https:\/\/somllavors.com\/es#website","url":"https:\/\/somllavors.com\/es","name":"Som Llavors","description":"Botiga de crian\u00e7a natural","publisher":{"@id":"https:\/\/somllavors.com\/es#organization"},"alternateName":"Crian\u00e7a Natural i Sostenible","potentialAction":[{"@type":"SearchAction","target":{"@type":"EntryPoint","urlTemplate":"https:\/\/somllavors.com\/es?s={search_term_string}"},"query-input":{"@type":"PropertyValueSpecification","valueRequired":true,"valueName":"search_term_string"}}],"inLanguage":"es"},{"@type":["Organization","Place","Store"],"@id":"https:\/\/somllavors.com\/es#organization","name":"Som Llavors","alternateName":"Crian\u00e7a Natural i Sostenible","url":"https:\/\/somllavors.com\/es","logo":{"@id":"https:\/\/somllavors.com\/es\/producte\/esmalte-de-unas-al-agua-rosa-glitter-namaki#local-main-organization-logo"},"image":{"@id":"https:\/\/somllavors.com\/es\/producte\/esmalte-de-unas-al-agua-rosa-glitter-namaki#local-main-organization-logo"},"sameAs":["https:\/\/www.facebook.com\/somllavorsvng\/?locale=ca_ES","https:\/\/www.instagram.com\/somllavors_vng\/","https:\/\/www.youtube.com\/@somllavors"],"address":{"@id":"https:\/\/somllavors.com\/es\/producte\/esmalte-de-unas-al-agua-rosa-glitter-namaki#local-main-place-address"},"geo":{"@type":"GeoCoordinates","latitude":"41.2257737","longitude":"1.723258859"},"telephone":["623152704","623152704"],"openingHoursSpecification":[{"@type":"OpeningHoursSpecification","dayOfWeek":["Monday","Sunday"],"opens":"00:00","closes":"00:00"},{"@type":"OpeningHoursSpecification","dayOfWeek":["Tuesday","Wednesday","Thursday","Friday"],"opens":"10:00","closes":"20:00"},{"@type":"OpeningHoursSpecification","dayOfWeek":["Saturday"],"opens":"10:00","closes":"13:30"}],"email":"info@somllavors.com"},{"@type":"PostalAddress","@id":"https:\/\/somllavors.com\/es\/producte\/esmalte-de-unas-al-agua-rosa-glitter-namaki#local-main-place-address","streetAddress":"Carrer de l'aigua, 6","addressLocality":"Vilanova i la Geltr\u00fa","postalCode":"08800","addressRegion":"Barcelona","addressCountry":"ES"},{"@type":"ImageObject","inLanguage":"es","@id":"https:\/\/somllavors.com\/es\/producte\/esmalte-de-unas-al-agua-rosa-glitter-namaki#local-main-organization-logo","url":"https:\/\/somllavors.com\/wp-content\/uploads\/Logotip-Som-Llavors.jpg","contentUrl":"https:\/\/somllavors.com\/wp-content\/uploads\/Logotip-Som-Llavors.jpg","width":1444,"height":1323,"caption":"Som Llavors"}]},"product_price_amount":"6.50","product_price_currency":"EUR","og_availability":"instock","product_availability":"instock","product_retailer_item_id":"110226","product_condition":"new","geo.placename":"Vilanova i la Geltr\u00fa","geo.position":{"lat":"41.2257737","long":"1.723258859"},"geo.region":"Espa\u00f1a"},"brands":[{"id":4599,"name":"Namaki","slug":"namaki"}],"_links":{"self":[{"href":"https:\/\/somllavors.com\/es\/wp-json\/wp\/v2\/product\/68516","targetHints":{"allow":["GET"]}}],"collection":[{"href":"https:\/\/somllavors.com\/es\/wp-json\/wp\/v2\/product"}],"about":[{"href":"https:\/\/somllavors.com\/es\/wp-json\/wp\/v2\/types\/product"}],"wp:featuredmedia":[{"embeddable":true,"href":"https:\/\/somllavors.com\/es\/wp-json\/wp\/v2\/media\/68556"}],"wp:attachment":[{"href":"https:\/\/somllavors.com\/es\/wp-json\/wp\/v2\/media?parent=68516"}],"wp:term":[{"taxonomy":"pwb-brand","embeddable":true,"href":"https:\/\/somllavors.com\/es\/wp-json\/wp\/v2\/pwb-brand?post=68516"},{"taxonomy":"product_brand","embeddable":true,"href":"https:\/\/somllavors.com\/es\/wp-json\/wp\/v2\/product_brand?post=68516"},{"taxonomy":"product_cat","embeddable":true,"href":"https:\/\/somllavors.com\/es\/wp-json\/wp\/v2\/product_cat?post=68516"},{"taxonomy":"product_tag","embeddable":true,"href":"https:\/\/somllavors.com\/es\/wp-json\/wp\/v2\/product_tag?post=68516"}],"curies":[{"name":"wp","href":"https:\/\/api.w.org\/{rel}","templated":true}]}}