{"id":68890,"date":"2024-10-28T10:57:05","date_gmt":"2024-10-28T09:57:05","guid":{"rendered":"https:\/\/somllavors.com\/?post_type=product&#038;p=68890"},"modified":"2024-11-26T16:05:00","modified_gmt":"2024-11-26T15:05:00","slug":"dualfix-pro-britax-romer","status":"publish","type":"product","link":"https:\/\/somllavors.com\/es\/producte\/dualfix-pro-britax-romer","title":{"rendered":"DUALFIX Pro &#8211; Britax R\u00f6mer"},"content":{"rendered":"<h1 class=\"product-content-name\" data-pdp-product-heading=\"\">DUALFIX Pro &#8211; Britax R\u00f6mer<\/h1>\n<h3 class=\"product-content-description\">FLEXIBILIDAD Y SEGURIDAD DESDE TODOS LOS \u00c1NGULOS<\/h3>\n<p>&nbsp;<\/p>\n<h3>4 A\u00d1OS DE COMODIDAD Y TRANQUILIDAD<\/h3>\n<p>Los ni\u00f1os crecen r\u00e1pido, pero aunque se les quede peque\u00f1a la ropa, seguir\u00e1n cabiendo en su silla de coche: la\u00a0DUALFIX PRO\u00a0mantiene a tu peque\u00f1o protegido y c\u00f3modo en el coche durante los primeros 4 a\u00f1os de su vida. El asiento tiene 12 posiciones de reclinado y un reposacabezas en forma de V que proporciona apoyo y espacio a medida que tu hijo crece, para que pueda conciliar el sue\u00f1o tranquilamente o explorar el mundo con sus ojitos. Adem\u00e1s, se puede girar sin esfuerzo y desde cualquier posici\u00f3n, para que no tengas que molestar a tu peque\u00f1o a la hora de subirlo o bajarlo del coche.<\/p>\n<h3>PROTECCI\u00d3N INTEGRAL SIN LIMITACIONES<\/h3>\n<p>Haz de la seguridad tu m\u00e1xima prioridad con la silla de coche\u00a0DUALFIX PRO. Fabricada con especificaciones m\u00e1s exigentes que la actual norma del sector (UN R129), tu peque\u00f1o estar\u00e1 protegido en cada viaje, incluso si ocurre lo impensable. La\u00a0DUALFIX PRO\u00a0incluye un sistema optimizado de protecci\u00f3n contra impactos laterales que proporciona una seguridad excepcional en caso de colisi\u00f3n lateral. Adem\u00e1s, cuenta con una innovadora pata de apoyo y una s\u00f3lida barra antivuelco para proteger a tu peque\u00f1o de cualquier impacto. Disfrutar\u00e1s de una absoluta tranquilidad dondequiera que te lleven tus aventuras.<\/p>\n<h3>CALIDAD E INGENIER\u00cdA &#8211; MADE IN GERMANY<\/h3>\n<p>Pon la seguridad de tu hijo en las mejores manos. Desde la idea inicial hasta el producto acabado, todo nuestro proceso de desarrollo transcurre bajo un mismo techo, por lo que est\u00e1is invirtiendo no s\u00f3lo en calidad, sino tambi\u00e9n en la reducci\u00f3n de las emisiones del transporte. Con ensayos de \u00faltima generaci\u00f3n y est\u00e1ndares m\u00e1s estrictos que las normas en vigor, la\u00a0DUALFIX PRO\u00a0garantiza la seguridad de tu hijo.<\/p>\n<p>&nbsp;<\/p>\n<h3>Normativa i-Size (R129)<\/h3>\n<p>Esta silla de coche debe conectarse a los puntos de anclaje ISOFIX de tu veh\u00edculo. ISOFIX es un sistema est\u00e1ndar de puntos de conexi\u00f3n que la mayor\u00eda de coches incluye. Permite establecer una conexi\u00f3n firme y segura entre la silla de coche y el veh\u00edculo. Requisitos espec\u00edficos de DUALFIX PRO. Se utiliza una pata de apoyo para garantizar una instalaci\u00f3n m\u00e1s segura y una estabilidad \u00f3ptima. Nuestras sillas de coche i-Size son compatibles con todos los asientos de coche homologados como i-Size.<\/p>\n<h3 class=\"mb-0 installation-accordion-header\">ISOFIX con pata de apoyo<\/h3>\n<p>Esta silla de coche debe conectarse a los puntos de anclaje ISOFIX de tu veh\u00edculo. ISOFIX es un sistema est\u00e1ndar de puntos de conexi\u00f3n que la mayor\u00eda de coches incluye. Permite establecer una conexi\u00f3n firme y segura entre la silla de coche y el veh\u00edculo. Requisitos espec\u00edficos de DUALFIX PRO. Se utiliza una pata de apoyo para garantizar una instalaci\u00f3n m\u00e1s segura y una estabilidad \u00f3ptima. Consultar nuestra lista de veh\u00edculos o FIT FINDER\u00ae en la p\u00e1gina del producto para asegurarse de que la silla sea compatible con el veh\u00edculo.<\/p>\n<div class=\"row __hline\">\n<div class=\"col-md-6\">\n<div class=\"specifications-facing\">\n<div><\/div>\n<ul>\n<li class=\"specifications-facing-text\">De cara a la marcha: <span class=\"specifications-facing-kilos\">76 &#8211; 105 cm<\/span><\/li>\n<li class=\"specifications-facing-text\">Orientado a contra marcha: <span class=\"specifications-facing-kilos\" style=\"font-size: 16px;\">40 &#8211; 105 cm<\/span><\/li>\n<li class=\"specifications-facing-text\">Dimensiones (Al x An x Pr): 48 &#8211; 60 x 44 x 74 cm<\/li>\n<li class=\"specifications-facing-text\">Peso del producto: 13.7 kg<\/li>\n<\/ul>\n<p>&nbsp;<\/p>\n<\/div>\n<\/div>\n<\/div>\n<div>\n<div class=\"row __hline\">\n<div class=\"row __hline\">\n<div>\n<p>Informaci\u00f3n relativa al cumplimiento del nuevo reglamento 2023\/988 de la UE:<\/p>\n<\/div>\n<\/div>\n<div>\n<p style=\"font-weight: 400;\">&#8211; Marca registrada en el registro de marcas:\u00a0<strong>Britax R\u00f6mer<\/strong><\/p>\n<p style=\"font-weight: 400;\">&#8211; Nombre del fabricante: <strong>Britax R\u00f6mer Kindersicherheit GmbH<\/strong><\/p>\n<p style=\"font-weight: 400;\">&#8211; Direcci\u00f3n postal del fabricante:\u00a0<strong>Theodor-Heuss-Str. 9; 89340 Leipheim; Alemania<\/strong><\/p>\n<p style=\"font-weight: 400;\">&#8211; Direcci\u00f3n electr\u00f3nica de contacto del fabricante: <strong><a href=\"mailto:contact@britax.com\">contact@britax.com<\/a><\/strong><\/p>\n<p style=\"font-weight: 400;\">&#8211; Informaci\u00f3n general sobre la seguridad del producto:\u00a0<strong><a href=\"https:\/\/www.britax-romer.es\/avisos-de-seguridad\" data-saferedirecturl=\"https:\/\/www.google.com\/url?q=https:\/\/www.britax-romer.es\/avisos-de-seguridad&amp;source=gmail&amp;ust=1732717301922000&amp;usg=AOvVaw1LajmyAktPy9MYxZb3WqwZ\">https:\/\/www.britax-romer.es\/avisos-de-seguridad<\/a><\/strong><\/p>\n<p style=\"font-weight: 400;\">&#8211; Informaci\u00f3n de contacto adicional:\u00a0<strong><a href=\"https:\/\/www.britax-romer.es\/imprint\/imprint.html\" data-saferedirecturl=\"https:\/\/www.google.com\/url?q=https:\/\/www.britax-romer.es\/imprint\/imprint.html&amp;source=gmail&amp;ust=1732717301922000&amp;usg=AOvVaw1iJP8V_NPD_fWCaGz-TYs_\">https:\/\/www.britax-romer.es\/imprint\/imprint.html<\/a><\/strong><\/p>\n<\/div>\n<\/div>\n<\/div>\n","protected":false},"excerpt":{"rendered":"<p>\u00bfNecesitas una silla de coche flexible y pr\u00e1ctica? Con la DUALFIX PRO de Britax R\u00f6mer viajar\u00e1s con absoluta tranquilidad, ya que tu hijo siempre ir\u00e1 seguro. Adecuada desde el nacimiento hasta los 4 a\u00f1os (105 cm), puede ir orientada hacia atr\u00e1s o hacia delante. Y cuando llegues a tu destino, la rotaci\u00f3n de 360\u00b0 har\u00e1 que subir y bajar a tu peque\u00f1o del coche sea coser y cantar incluso en los aparcamientos m\u00e1s estrechos.<\/p>\n","protected":false},"featured_media":69251,"template":"","meta":{"_acf_changed":false,"site-sidebar-layout":"default","site-content-layout":"","ast-site-content-layout":"default","site-content-style":"default","site-sidebar-style":"default","ast-global-header-display":"","ast-banner-title-visibility":"","ast-main-header-display":"","ast-hfb-above-header-display":"","ast-hfb-below-header-display":"","ast-hfb-mobile-header-display":"","site-post-title":"","ast-breadcrumbs-content":"","ast-featured-img":"","footer-sml-layout":"","ast-disable-related-posts":"","theme-transparent-header-meta":"default","adv-header-id-meta":"","stick-header-meta":"","header-above-stick-meta":"","header-main-stick-meta":"","header-below-stick-meta":"","astra-migrate-meta-layouts":"set","ast-page-background-enabled":"default","ast-page-background-meta":{"desktop":{"background-color":"","background-image":"","background-repeat":"repeat","background-position":"center center","background-size":"auto","background-attachment":"scroll","background-type":"","background-media":"","overlay-type":"","overlay-color":"","overlay-opacity":"","overlay-gradient":""},"tablet":{"background-color":"","background-image":"","background-repeat":"repeat","background-position":"center center","background-size":"auto","background-attachment":"scroll","background-type":"","background-media":"","overlay-type":"","overlay-color":"","overlay-opacity":"","overlay-gradient":""},"mobile":{"background-color":"","background-image":"","background-repeat":"repeat","background-position":"center center","background-size":"auto","background-attachment":"scroll","background-type":"","background-media":"","overlay-type":"","overlay-color":"","overlay-opacity":"","overlay-gradient":""}},"ast-content-background-meta":{"desktop":{"background-color":"var(--ast-global-color-5)","background-image":"","background-repeat":"repeat","background-position":"center center","background-size":"auto","background-attachment":"scroll","background-type":"","background-media":"","overlay-type":"","overlay-color":"","overlay-opacity":"","overlay-gradient":""},"tablet":{"background-color":"var(--ast-global-color-5)","background-image":"","background-repeat":"repeat","background-position":"center center","background-size":"auto","background-attachment":"scroll","background-type":"","background-media":"","overlay-type":"","overlay-color":"","overlay-opacity":"","overlay-gradient":""},"mobile":{"background-color":"var(--ast-global-color-5)","background-image":"","background-repeat":"repeat","background-position":"center center","background-size":"auto","background-attachment":"scroll","background-type":"","background-media":"","overlay-type":"","overlay-color":"","overlay-opacity":"","overlay-gradient":""}}},"pwb-brand":[5207],"product_brand":[],"product_cat":[5203],"product_tag":[5226,5225],"class_list":{"0":"post-68890","1":"product","2":"type-product","3":"status-publish","4":"has-post-thumbnail","6":"pwb-brand-britax-romer","7":"product_cat-britax-romer","8":"product_tag-5226","9":"product_tag-silla-giratoria","10":"desktop-align-left","11":"tablet-align-left","12":"mobile-align-left","14":"first","15":"instock","16":"taxable","17":"shipping-taxable","18":"purchasable","19":"product-type-variable"},"acf":[],"yoast_head":"<!-- This site is optimized with the Yoast SEO Premium plugin v18.3 (Yoast SEO v27.4) - https:\/\/yoast.com\/product\/yoast-seo-premium-wordpress\/ -->\n<title>DUALFIX Pro - Britax R\u00f6mer &#8212; Som Llavors<\/title>\n<meta name=\"description\" content=\"\u00bfNecesitas una silla de coche flexible y pr\u00e1ctica? Con la DUALFIX PRO de Britax R\u00f6mer viajar\u00e1s con absoluta tranquilidad, ya que tu hijo siempre ir\u00e1 seguro. Adecuada desde el nacimiento hasta los 4 a\u00f1os (105 cm), puede ir orientada hacia atr\u00e1s o hacia delante. Y cuando llegues a tu destino, la rotaci\u00f3n de 360\u00b0 har\u00e1 que subir y bajar a tu peque\u00f1o del coche sea coser y cantar incluso en los aparcamientos m\u00e1s estrechos.\" \/>\n<meta name=\"robots\" content=\"index, follow, max-snippet:-1, max-image-preview:large, max-video-preview:-1\" \/>\n<link rel=\"canonical\" href=\"https:\/\/somllavors.com\/es\/producte\/dualfix-pro-britax-romer\" \/>\n<meta property=\"og:locale\" content=\"es_ES\" \/>\n<meta property=\"og:type\" content=\"article\" \/>\n<meta property=\"og:title\" content=\"DUALFIX Pro - Britax R\u00f6mer\" \/>\n<meta property=\"og:description\" content=\"La teva botiga d\u2019ecocrian\u00e7a i espai d\u2019acompanyament a la maternitat\" \/>\n<meta property=\"og:url\" content=\"https:\/\/somllavors.com\/es\/producte\/dualfix-pro-britax-romer\" \/>\n<meta property=\"og:site_name\" content=\"Som Llavors\" \/>\n<meta property=\"article:publisher\" content=\"https:\/\/www.facebook.com\/somllavorsvng\/?locale=ca_ES\" \/>\n<meta property=\"article:modified_time\" content=\"2024-11-26T15:05:00+00:00\" \/>\n<meta property=\"og:image\" content=\"https:\/\/somllavors.com\/wp-content\/uploads\/2024\/10\/01_DUALFIX_PRO_NightBlue_02_NewbornInsert_2025_72dpi_2000x2000px.png\" \/>\n\t<meta property=\"og:image:width\" content=\"1000\" \/>\n\t<meta property=\"og:image:height\" content=\"1000\" \/>\n\t<meta property=\"og:image:type\" content=\"image\/png\" \/>\n<meta name=\"twitter:card\" content=\"summary_large_image\" \/>\n<meta name=\"twitter:label1\" content=\"Availability\" \/>\n\t<meta name=\"twitter:data1\" content=\"Hay existencias\" \/>\n<script type=\"application\/ld+json\" class=\"yoast-schema-graph\">{\"@context\":\"https:\\\/\\\/schema.org\",\"@graph\":[{\"@type\":\"WebPage\",\"@id\":\"https:\\\/\\\/somllavors.com\\\/es\\\/producte\\\/dualfix-pro-britax-romer\",\"url\":\"https:\\\/\\\/somllavors.com\\\/es\\\/producte\\\/dualfix-pro-britax-romer\",\"name\":\"DUALFIX Pro - Britax R\u00f6mer &#8212; Som Llavors\",\"isPartOf\":{\"@id\":\"https:\\\/\\\/somllavors.com\\\/es#website\"},\"primaryImageOfPage\":{\"@id\":\"https:\\\/\\\/somllavors.com\\\/es\\\/producte\\\/dualfix-pro-britax-romer#primaryimage\"},\"image\":{\"@id\":\"https:\\\/\\\/somllavors.com\\\/es\\\/producte\\\/dualfix-pro-britax-romer#primaryimage\"},\"thumbnailUrl\":\"https:\\\/\\\/somllavors.com\\\/wp-content\\\/uploads\\\/2024\\\/10\\\/01_DUALFIX_PRO_NightBlue_02_NewbornInsert_2025_72dpi_2000x2000px.png\",\"datePublished\":\"2024-10-28T09:57:05+00:00\",\"dateModified\":\"2024-11-26T15:05:00+00:00\",\"description\":\"\u00bfNecesitas una silla de coche flexible y pr\u00e1ctica? Con la DUALFIX PRO de Britax R\u00f6mer viajar\u00e1s con absoluta tranquilidad, ya que tu hijo siempre ir\u00e1 seguro. Adecuada desde el nacimiento hasta los 4 a\u00f1os (105 cm), puede ir orientada hacia atr\u00e1s o hacia delante. Y cuando llegues a tu destino, la rotaci\u00f3n de 360\u00b0 har\u00e1 que subir y bajar a tu peque\u00f1o del coche sea coser y cantar incluso en los aparcamientos m\u00e1s estrechos.\",\"breadcrumb\":{\"@id\":\"https:\\\/\\\/somllavors.com\\\/es\\\/producte\\\/dualfix-pro-britax-romer#breadcrumb\"},\"inLanguage\":\"es\",\"potentialAction\":[{\"@type\":\"ReadAction\",\"target\":[\"https:\\\/\\\/somllavors.com\\\/es\\\/producte\\\/dualfix-pro-britax-romer\"]}]},{\"@type\":\"ImageObject\",\"inLanguage\":\"es\",\"@id\":\"https:\\\/\\\/somllavors.com\\\/es\\\/producte\\\/dualfix-pro-britax-romer#primaryimage\",\"url\":\"https:\\\/\\\/somllavors.com\\\/wp-content\\\/uploads\\\/2024\\\/10\\\/01_DUALFIX_PRO_NightBlue_02_NewbornInsert_2025_72dpi_2000x2000px.png\",\"contentUrl\":\"https:\\\/\\\/somllavors.com\\\/wp-content\\\/uploads\\\/2024\\\/10\\\/01_DUALFIX_PRO_NightBlue_02_NewbornInsert_2025_72dpi_2000x2000px.png\",\"width\":1000,\"height\":1000,\"caption\":\"Dualfix pro britax Romer Vilanova i la Geltr\u00fa Nigth Blue\"},{\"@type\":\"BreadcrumbList\",\"@id\":\"https:\\\/\\\/somllavors.com\\\/es\\\/producte\\\/dualfix-pro-britax-romer#breadcrumb\",\"itemListElement\":[{\"@type\":\"ListItem\",\"position\":1,\"name\":\"Inici\",\"item\":\"https:\\\/\\\/somllavors.com\\\/es\"},{\"@type\":\"ListItem\",\"position\":2,\"name\":\"Tienda\",\"item\":\"https:\\\/\\\/somllavors.com\\\/es\\\/botiga-2\"},{\"@type\":\"ListItem\",\"position\":3,\"name\":\"DUALFIX Pro &#8211; Britax R\u00f6mer\"}]},{\"@type\":\"WebSite\",\"@id\":\"https:\\\/\\\/somllavors.com\\\/es#website\",\"url\":\"https:\\\/\\\/somllavors.com\\\/es\",\"name\":\"Som Llavors\",\"description\":\"Botiga de crian\u00e7a natural\",\"publisher\":{\"@id\":\"https:\\\/\\\/somllavors.com\\\/es#organization\"},\"alternateName\":\"Crian\u00e7a Natural i Sostenible\",\"potentialAction\":[{\"@type\":\"SearchAction\",\"target\":{\"@type\":\"EntryPoint\",\"urlTemplate\":\"https:\\\/\\\/somllavors.com\\\/es?s={search_term_string}\"},\"query-input\":{\"@type\":\"PropertyValueSpecification\",\"valueRequired\":true,\"valueName\":\"search_term_string\"}}],\"inLanguage\":\"es\"},{\"@type\":[\"Organization\",\"Place\",\"Store\"],\"@id\":\"https:\\\/\\\/somllavors.com\\\/es#organization\",\"name\":\"Som Llavors\",\"alternateName\":\"Crian\u00e7a Natural i Sostenible\",\"url\":\"https:\\\/\\\/somllavors.com\\\/es\",\"logo\":{\"@id\":\"https:\\\/\\\/somllavors.com\\\/es\\\/producte\\\/dualfix-pro-britax-romer#local-main-organization-logo\"},\"image\":{\"@id\":\"https:\\\/\\\/somllavors.com\\\/es\\\/producte\\\/dualfix-pro-britax-romer#local-main-organization-logo\"},\"sameAs\":[\"https:\\\/\\\/www.facebook.com\\\/somllavorsvng\\\/?locale=ca_ES\",\"https:\\\/\\\/www.instagram.com\\\/somllavors_vng\\\/\",\"https:\\\/\\\/www.youtube.com\\\/@somllavors\"],\"address\":{\"@id\":\"https:\\\/\\\/somllavors.com\\\/es\\\/producte\\\/dualfix-pro-britax-romer#local-main-place-address\"},\"geo\":{\"@type\":\"GeoCoordinates\",\"latitude\":\"41.2257737\",\"longitude\":\"1.723258859\"},\"telephone\":[\"623152704\"],\"openingHoursSpecification\":[{\"@type\":\"OpeningHoursSpecification\",\"dayOfWeek\":[\"Monday\",\"Sunday\"],\"opens\":\"00:00\",\"closes\":\"00:00\"},{\"@type\":\"OpeningHoursSpecification\",\"dayOfWeek\":[\"Tuesday\",\"Wednesday\",\"Thursday\",\"Friday\"],\"opens\":\"10:00\",\"closes\":\"20:00\"},{\"@type\":\"OpeningHoursSpecification\",\"dayOfWeek\":[\"Saturday\"],\"opens\":\"10:00\",\"closes\":\"13:30\"}],\"email\":\"info@somllavors.com\"},{\"@type\":\"PostalAddress\",\"@id\":\"https:\\\/\\\/somllavors.com\\\/es\\\/producte\\\/dualfix-pro-britax-romer#local-main-place-address\",\"streetAddress\":\"Carrer de l'aigua, 6\",\"addressLocality\":\"Vilanova i la Geltr\u00fa\",\"postalCode\":\"08800\",\"addressRegion\":\"Barcelona\",\"addressCountry\":\"ES\"},{\"@type\":\"ImageObject\",\"inLanguage\":\"es\",\"@id\":\"https:\\\/\\\/somllavors.com\\\/es\\\/producte\\\/dualfix-pro-britax-romer#local-main-organization-logo\",\"url\":\"https:\\\/\\\/somllavors.com\\\/wp-content\\\/uploads\\\/Logotip-Som-Llavors.jpg\",\"contentUrl\":\"https:\\\/\\\/somllavors.com\\\/wp-content\\\/uploads\\\/Logotip-Som-Llavors.jpg\",\"width\":1444,\"height\":1323,\"caption\":\"Som Llavors\"}]}<\/script>\n<meta property=\"og:availability\" content=\"instock\" \/>\n<meta property=\"product:availability\" content=\"instock\" \/>\n<meta property=\"product:condition\" content=\"new\" \/>\n<meta name=\"geo.placename\" content=\"Vilanova i la Geltr\u00fa\" \/>\n<meta name=\"geo.position\" content=\"41.2257737;1.723258859\" \/>\n<meta name=\"geo.region\" content=\"Espa\u00f1a\" \/>\n<!-- \/ Yoast SEO Premium plugin. -->","yoast_head_json":{"title":"DUALFIX Pro - Britax R\u00f6mer &#8212; Som Llavors","description":"\u00bfNecesitas una silla de coche flexible y pr\u00e1ctica? Con la DUALFIX PRO de Britax R\u00f6mer viajar\u00e1s con absoluta tranquilidad, ya que tu hijo siempre ir\u00e1 seguro. Adecuada desde el nacimiento hasta los 4 a\u00f1os (105 cm), puede ir orientada hacia atr\u00e1s o hacia delante. Y cuando llegues a tu destino, la rotaci\u00f3n de 360\u00b0 har\u00e1 que subir y bajar a tu peque\u00f1o del coche sea coser y cantar incluso en los aparcamientos m\u00e1s estrechos.","robots":{"index":"index","follow":"follow","max-snippet":"max-snippet:-1","max-image-preview":"max-image-preview:large","max-video-preview":"max-video-preview:-1"},"canonical":"https:\/\/somllavors.com\/es\/producte\/dualfix-pro-britax-romer","og_locale":"es_ES","og_type":"article","og_title":"DUALFIX Pro - Britax R\u00f6mer","og_description":"La teva botiga d\u2019ecocrian\u00e7a i espai d\u2019acompanyament a la maternitat","og_url":"https:\/\/somllavors.com\/es\/producte\/dualfix-pro-britax-romer","og_site_name":"Som Llavors","article_publisher":"https:\/\/www.facebook.com\/somllavorsvng\/?locale=ca_ES","article_modified_time":"2024-11-26T15:05:00+00:00","og_image":[{"width":1000,"height":1000,"url":"https:\/\/somllavors.com\/wp-content\/uploads\/2024\/10\/01_DUALFIX_PRO_NightBlue_02_NewbornInsert_2025_72dpi_2000x2000px.png","type":"image\/png"}],"twitter_card":"summary_large_image","twitter_misc":{"Availability":"Hay existencias"},"schema":{"@context":"https:\/\/schema.org","@graph":[{"@type":"WebPage","@id":"https:\/\/somllavors.com\/es\/producte\/dualfix-pro-britax-romer","url":"https:\/\/somllavors.com\/es\/producte\/dualfix-pro-britax-romer","name":"DUALFIX Pro - Britax R\u00f6mer &#8212; Som Llavors","isPartOf":{"@id":"https:\/\/somllavors.com\/es#website"},"primaryImageOfPage":{"@id":"https:\/\/somllavors.com\/es\/producte\/dualfix-pro-britax-romer#primaryimage"},"image":{"@id":"https:\/\/somllavors.com\/es\/producte\/dualfix-pro-britax-romer#primaryimage"},"thumbnailUrl":"https:\/\/somllavors.com\/wp-content\/uploads\/2024\/10\/01_DUALFIX_PRO_NightBlue_02_NewbornInsert_2025_72dpi_2000x2000px.png","datePublished":"2024-10-28T09:57:05+00:00","dateModified":"2024-11-26T15:05:00+00:00","description":"\u00bfNecesitas una silla de coche flexible y pr\u00e1ctica? Con la DUALFIX PRO de Britax R\u00f6mer viajar\u00e1s con absoluta tranquilidad, ya que tu hijo siempre ir\u00e1 seguro. Adecuada desde el nacimiento hasta los 4 a\u00f1os (105 cm), puede ir orientada hacia atr\u00e1s o hacia delante. Y cuando llegues a tu destino, la rotaci\u00f3n de 360\u00b0 har\u00e1 que subir y bajar a tu peque\u00f1o del coche sea coser y cantar incluso en los aparcamientos m\u00e1s estrechos.","breadcrumb":{"@id":"https:\/\/somllavors.com\/es\/producte\/dualfix-pro-britax-romer#breadcrumb"},"inLanguage":"es","potentialAction":[{"@type":"ReadAction","target":["https:\/\/somllavors.com\/es\/producte\/dualfix-pro-britax-romer"]}]},{"@type":"ImageObject","inLanguage":"es","@id":"https:\/\/somllavors.com\/es\/producte\/dualfix-pro-britax-romer#primaryimage","url":"https:\/\/somllavors.com\/wp-content\/uploads\/2024\/10\/01_DUALFIX_PRO_NightBlue_02_NewbornInsert_2025_72dpi_2000x2000px.png","contentUrl":"https:\/\/somllavors.com\/wp-content\/uploads\/2024\/10\/01_DUALFIX_PRO_NightBlue_02_NewbornInsert_2025_72dpi_2000x2000px.png","width":1000,"height":1000,"caption":"Dualfix pro britax Romer Vilanova i la Geltr\u00fa Nigth Blue"},{"@type":"BreadcrumbList","@id":"https:\/\/somllavors.com\/es\/producte\/dualfix-pro-britax-romer#breadcrumb","itemListElement":[{"@type":"ListItem","position":1,"name":"Inici","item":"https:\/\/somllavors.com\/es"},{"@type":"ListItem","position":2,"name":"Tienda","item":"https:\/\/somllavors.com\/es\/botiga-2"},{"@type":"ListItem","position":3,"name":"DUALFIX Pro &#8211; Britax R\u00f6mer"}]},{"@type":"WebSite","@id":"https:\/\/somllavors.com\/es#website","url":"https:\/\/somllavors.com\/es","name":"Som Llavors","description":"Botiga de crian\u00e7a natural","publisher":{"@id":"https:\/\/somllavors.com\/es#organization"},"alternateName":"Crian\u00e7a Natural i Sostenible","potentialAction":[{"@type":"SearchAction","target":{"@type":"EntryPoint","urlTemplate":"https:\/\/somllavors.com\/es?s={search_term_string}"},"query-input":{"@type":"PropertyValueSpecification","valueRequired":true,"valueName":"search_term_string"}}],"inLanguage":"es"},{"@type":["Organization","Place","Store"],"@id":"https:\/\/somllavors.com\/es#organization","name":"Som Llavors","alternateName":"Crian\u00e7a Natural i Sostenible","url":"https:\/\/somllavors.com\/es","logo":{"@id":"https:\/\/somllavors.com\/es\/producte\/dualfix-pro-britax-romer#local-main-organization-logo"},"image":{"@id":"https:\/\/somllavors.com\/es\/producte\/dualfix-pro-britax-romer#local-main-organization-logo"},"sameAs":["https:\/\/www.facebook.com\/somllavorsvng\/?locale=ca_ES","https:\/\/www.instagram.com\/somllavors_vng\/","https:\/\/www.youtube.com\/@somllavors"],"address":{"@id":"https:\/\/somllavors.com\/es\/producte\/dualfix-pro-britax-romer#local-main-place-address"},"geo":{"@type":"GeoCoordinates","latitude":"41.2257737","longitude":"1.723258859"},"telephone":["623152704","623152704"],"openingHoursSpecification":[{"@type":"OpeningHoursSpecification","dayOfWeek":["Monday","Sunday"],"opens":"00:00","closes":"00:00"},{"@type":"OpeningHoursSpecification","dayOfWeek":["Tuesday","Wednesday","Thursday","Friday"],"opens":"10:00","closes":"20:00"},{"@type":"OpeningHoursSpecification","dayOfWeek":["Saturday"],"opens":"10:00","closes":"13:30"}],"email":"info@somllavors.com"},{"@type":"PostalAddress","@id":"https:\/\/somllavors.com\/es\/producte\/dualfix-pro-britax-romer#local-main-place-address","streetAddress":"Carrer de l'aigua, 6","addressLocality":"Vilanova i la Geltr\u00fa","postalCode":"08800","addressRegion":"Barcelona","addressCountry":"ES"},{"@type":"ImageObject","inLanguage":"es","@id":"https:\/\/somllavors.com\/es\/producte\/dualfix-pro-britax-romer#local-main-organization-logo","url":"https:\/\/somllavors.com\/wp-content\/uploads\/Logotip-Som-Llavors.jpg","contentUrl":"https:\/\/somllavors.com\/wp-content\/uploads\/Logotip-Som-Llavors.jpg","width":1444,"height":1323,"caption":"Som Llavors"}]},"og_availability":"instock","product_availability":"instock","product_condition":"new","geo.placename":"Vilanova i la Geltr\u00fa","geo.position":{"lat":"41.2257737","long":"1.723258859"},"geo.region":"Espa\u00f1a"},"brands":[{"id":5207,"name":"Britax R\u00f6mer","slug":"britax-romer"}],"_links":{"self":[{"href":"https:\/\/somllavors.com\/es\/wp-json\/wp\/v2\/product\/68890","targetHints":{"allow":["GET"]}}],"collection":[{"href":"https:\/\/somllavors.com\/es\/wp-json\/wp\/v2\/product"}],"about":[{"href":"https:\/\/somllavors.com\/es\/wp-json\/wp\/v2\/types\/product"}],"wp:featuredmedia":[{"embeddable":true,"href":"https:\/\/somllavors.com\/es\/wp-json\/wp\/v2\/media\/69251"}],"wp:attachment":[{"href":"https:\/\/somllavors.com\/es\/wp-json\/wp\/v2\/media?parent=68890"}],"wp:term":[{"taxonomy":"pwb-brand","embeddable":true,"href":"https:\/\/somllavors.com\/es\/wp-json\/wp\/v2\/pwb-brand?post=68890"},{"taxonomy":"product_brand","embeddable":true,"href":"https:\/\/somllavors.com\/es\/wp-json\/wp\/v2\/product_brand?post=68890"},{"taxonomy":"product_cat","embeddable":true,"href":"https:\/\/somllavors.com\/es\/wp-json\/wp\/v2\/product_cat?post=68890"},{"taxonomy":"product_tag","embeddable":true,"href":"https:\/\/somllavors.com\/es\/wp-json\/wp\/v2\/product_tag?post=68890"}],"curies":[{"name":"wp","href":"https:\/\/api.w.org\/{rel}","templated":true}]}}