{"id":69779,"date":"2024-11-05T17:25:42","date_gmt":"2024-11-05T16:25:42","guid":{"rendered":"https:\/\/somllavors.com\/?post_type=product&#038;p=69779"},"modified":"2025-06-25T12:14:41","modified_gmt":"2025-06-25T10:14:41","slug":"portavasos-para-yoyo3","status":"publish","type":"product","link":"https:\/\/somllavors.com\/es\/producte\/portavasos-para-yoyo3","title":{"rendered":"Portavasos para YOYO3"},"content":{"rendered":"<div id=\"prod_col_desc1\" class=\"col_50\">\n<p>En Som Llavors tenemos el portavasos para YOYO!<\/p>\n<p><img loading=\"lazy\" decoding=\"async\" src=\"https:\/\/elultimokoala.com\/img\/cms\/Yoyo\/yoyo-cupholder-440x550.gif\" alt=\"\" width=\"440\" height=\"550\" \/><\/p>\n<\/div>\n<p>&nbsp;<\/p>\n<h2>Ventajas del Portavasos YOYO de Babyzen:<\/h2>\n<p>&nbsp;<\/p>\n<p>Es muy estable y dispone de un gancho exclusivo con &#8220;memoria de forma&#8221; que te permitir\u00e1 fijarlo en 6 sitios diferentes de la estructura del cochecito. Podr\u00e1s colocar tus bebidas y las de tu beb\u00e9 a la altura que elijas.<\/p>\n<p>&nbsp;<\/p>\n<p>Ten tus bebidas a mano instalando un portavasos para ti y uno para tu beb\u00e9. Se pueden acoplar los dos a la vez.<\/p>\n<p>&nbsp;<\/p>\n<p>Compatible con\u00a0<em>BabyZen YOYO\u00b2<\/em>,\u00a0<em>Yoyo+<\/em>\u00a0y\u00a0<em>Yoyo. Tambi\u00e9n para el nuevo YOYO3<\/em><\/p>\n<p>&nbsp;<\/p>\n<h2>Caracter\u00edsticas del Portavaso YOYO de Babyzen:<\/h2>\n<p>&nbsp;<\/p>\n<ul>\n<li>Tipo de producto: Complemento de carritos.<\/li>\n<\/ul>\n<p>&nbsp;<\/p>\n<ul>\n<li>Material:\u00a0Polipropileno.<\/li>\n<\/ul>\n<p>&nbsp;<\/p>\n<ul>\n<li>Peso: 103 g<\/li>\n<\/ul>\n","protected":false},"excerpt":{"rendered":"<p>Coloca el\u00a0<strong>portavasos<\/strong> para el nuevo <strong>YOYO3 <\/strong>de<strong> STOKKE<\/strong>\u00a0en donde sea m\u00e1s c\u00f3modo para ti, incluso lo puedes usar para las bebidas de tu peque ya que lo puedes poner en 6 sitios diferentes del carrito.<\/p>\n<p>Ven a Som Llavors, en Vilanova i la Geltr\u00fa, a conocer la nueva gama de carritos YOYO3 de Stokke.<\/p>\n","protected":false},"featured_media":69787,"template":"","meta":{"_acf_changed":false,"site-sidebar-layout":"default","site-content-layout":"","ast-site-content-layout":"default","site-content-style":"default","site-sidebar-style":"default","ast-global-header-display":"","ast-banner-title-visibility":"","ast-main-header-display":"","ast-hfb-above-header-display":"","ast-hfb-below-header-display":"","ast-hfb-mobile-header-display":"","site-post-title":"","ast-breadcrumbs-content":"","ast-featured-img":"","footer-sml-layout":"","ast-disable-related-posts":"","theme-transparent-header-meta":"default","adv-header-id-meta":"","stick-header-meta":"","header-above-stick-meta":"","header-main-stick-meta":"","header-below-stick-meta":"","astra-migrate-meta-layouts":"set","ast-page-background-enabled":"default","ast-page-background-meta":{"desktop":{"background-color":"","background-image":"","background-repeat":"repeat","background-position":"center center","background-size":"auto","background-attachment":"scroll","background-type":"","background-media":"","overlay-type":"","overlay-color":"","overlay-opacity":"","overlay-gradient":""},"tablet":{"background-color":"","background-image":"","background-repeat":"repeat","background-position":"center center","background-size":"auto","background-attachment":"scroll","background-type":"","background-media":"","overlay-type":"","overlay-color":"","overlay-opacity":"","overlay-gradient":""},"mobile":{"background-color":"","background-image":"","background-repeat":"repeat","background-position":"center center","background-size":"auto","background-attachment":"scroll","background-type":"","background-media":"","overlay-type":"","overlay-color":"","overlay-opacity":"","overlay-gradient":""}},"ast-content-background-meta":{"desktop":{"background-color":"var(--ast-global-color-5)","background-image":"","background-repeat":"repeat","background-position":"center center","background-size":"auto","background-attachment":"scroll","background-type":"","background-media":"","overlay-type":"","overlay-color":"","overlay-opacity":"","overlay-gradient":""},"tablet":{"background-color":"var(--ast-global-color-5)","background-image":"","background-repeat":"repeat","background-position":"center center","background-size":"auto","background-attachment":"scroll","background-type":"","background-media":"","overlay-type":"","overlay-color":"","overlay-opacity":"","overlay-gradient":""},"mobile":{"background-color":"var(--ast-global-color-5)","background-image":"","background-repeat":"repeat","background-position":"center center","background-size":"auto","background-attachment":"scroll","background-type":"","background-media":"","overlay-type":"","overlay-color":"","overlay-opacity":"","overlay-gradient":""}}},"pwb-brand":[4501],"product_brand":[],"product_cat":[4616,5240],"product_tag":[],"class_list":{"0":"post-69779","1":"product","2":"type-product","3":"status-publish","4":"has-post-thumbnail","6":"pwb-brand-stokke","7":"product_cat-accesorios-de-carritos","8":"product_cat-yoyo3-stokke","9":"desktop-align-left","10":"tablet-align-left","11":"mobile-align-left","13":"first","14":"onbackorder","15":"taxable","16":"shipping-taxable","17":"purchasable","18":"product-type-simple"},"acf":[],"yoast_head":"<!-- This site is optimized with the Yoast SEO Premium plugin v18.3 (Yoast SEO v27.4) - https:\/\/yoast.com\/product\/yoast-seo-premium-wordpress\/ -->\n<title>Portavasos para YOYO3 &#8212; Som Llavors<\/title>\n<meta name=\"description\" content=\"Coloca el\u00a0portavasos para el nuevo YOYO3 de STOKKE\u00a0en donde sea m\u00e1s c\u00f3modo para ti, incluso lo puedes usar para las bebidas de tu peque ya que lo puedes poner en 6 sitios diferentes del carrito.  Ven a Som Llavors, en Vilanova i la Geltr\u00fa, a conocer la nueva gama de carritos YOYO3 de Stokke.\" \/>\n<meta name=\"robots\" content=\"index, follow, max-snippet:-1, max-image-preview:large, max-video-preview:-1\" \/>\n<link rel=\"canonical\" href=\"https:\/\/somllavors.com\/es\/producte\/portavasos-para-yoyo3\" \/>\n<meta property=\"og:locale\" content=\"es_ES\" \/>\n<meta property=\"og:type\" content=\"article\" \/>\n<meta property=\"og:title\" content=\"Portavasos para YOYO3\" \/>\n<meta property=\"og:description\" content=\"La teva botiga d\u2019ecocrian\u00e7a i espai d\u2019acompanyament a la maternitat\" \/>\n<meta property=\"og:url\" content=\"https:\/\/somllavors.com\/es\/producte\/portavasos-para-yoyo3\" \/>\n<meta property=\"og:site_name\" content=\"Som Llavors\" \/>\n<meta property=\"article:publisher\" content=\"https:\/\/www.facebook.com\/somllavorsvng\/?locale=ca_ES\" \/>\n<meta property=\"article:modified_time\" content=\"2025-06-25T10:14:41+00:00\" \/>\n<meta property=\"og:image\" content=\"https:\/\/somllavors.com\/wp-content\/uploads\/2024\/11\/YOYO-2-CUP-HOLDER-3-WEB_eCom.jpg\" \/>\n\t<meta property=\"og:image:width\" content=\"938\" \/>\n\t<meta property=\"og:image:height\" content=\"1072\" \/>\n\t<meta property=\"og:image:type\" content=\"image\/jpeg\" \/>\n<meta name=\"twitter:card\" content=\"summary_large_image\" \/>\n<meta name=\"twitter:label1\" content=\"Precio\" \/>\n\t<meta name=\"twitter:data1\" content=\"30,00&euro; Iva incl\u00f2s\" \/>\n\t<meta name=\"twitter:label2\" content=\"Availability\" \/>\n\t<meta name=\"twitter:data2\" content=\"On backorder\" \/>\n<script type=\"application\/ld+json\" class=\"yoast-schema-graph\">{\"@context\":\"https:\\\/\\\/schema.org\",\"@graph\":[{\"@type\":\"WebPage\",\"@id\":\"https:\\\/\\\/somllavors.com\\\/es\\\/producte\\\/portavasos-para-yoyo3\",\"url\":\"https:\\\/\\\/somllavors.com\\\/es\\\/producte\\\/portavasos-para-yoyo3\",\"name\":\"Portavasos para YOYO3 &#8212; Som Llavors\",\"isPartOf\":{\"@id\":\"https:\\\/\\\/somllavors.com\\\/es#website\"},\"primaryImageOfPage\":{\"@id\":\"https:\\\/\\\/somllavors.com\\\/es\\\/producte\\\/portavasos-para-yoyo3#primaryimage\"},\"image\":{\"@id\":\"https:\\\/\\\/somllavors.com\\\/es\\\/producte\\\/portavasos-para-yoyo3#primaryimage\"},\"thumbnailUrl\":\"https:\\\/\\\/somllavors.com\\\/wp-content\\\/uploads\\\/2024\\\/11\\\/YOYO-2-CUP-HOLDER-3-WEB_eCom.jpg\",\"datePublished\":\"2024-11-05T16:25:42+00:00\",\"dateModified\":\"2025-06-25T10:14:41+00:00\",\"description\":\"Coloca el\u00a0portavasos para el nuevo YOYO3 de STOKKE\u00a0en donde sea m\u00e1s c\u00f3modo para ti, incluso lo puedes usar para las bebidas de tu peque ya que lo puedes poner en 6 sitios diferentes del carrito. Ven a Som Llavors, en Vilanova i la Geltr\u00fa, a conocer la nueva gama de carritos YOYO3 de Stokke.\",\"breadcrumb\":{\"@id\":\"https:\\\/\\\/somllavors.com\\\/es\\\/producte\\\/portavasos-para-yoyo3#breadcrumb\"},\"inLanguage\":\"es\",\"potentialAction\":[{\"@type\":\"ReadAction\",\"target\":[\"https:\\\/\\\/somllavors.com\\\/es\\\/producte\\\/portavasos-para-yoyo3\"]}]},{\"@type\":\"ImageObject\",\"inLanguage\":\"es\",\"@id\":\"https:\\\/\\\/somllavors.com\\\/es\\\/producte\\\/portavasos-para-yoyo3#primaryimage\",\"url\":\"https:\\\/\\\/somllavors.com\\\/wp-content\\\/uploads\\\/2024\\\/11\\\/YOYO-2-CUP-HOLDER-3-WEB_eCom.jpg\",\"contentUrl\":\"https:\\\/\\\/somllavors.com\\\/wp-content\\\/uploads\\\/2024\\\/11\\\/YOYO-2-CUP-HOLDER-3-WEB_eCom.jpg\",\"width\":938,\"height\":1072,\"caption\":\"portavasos yoyo3 stokke accesorios\"},{\"@type\":\"BreadcrumbList\",\"@id\":\"https:\\\/\\\/somllavors.com\\\/es\\\/producte\\\/portavasos-para-yoyo3#breadcrumb\",\"itemListElement\":[{\"@type\":\"ListItem\",\"position\":1,\"name\":\"Inici\",\"item\":\"https:\\\/\\\/somllavors.com\\\/es\"},{\"@type\":\"ListItem\",\"position\":2,\"name\":\"Tienda\",\"item\":\"https:\\\/\\\/somllavors.com\\\/es\\\/botiga-2\"},{\"@type\":\"ListItem\",\"position\":3,\"name\":\"Portavasos para YOYO3\"}]},{\"@type\":\"WebSite\",\"@id\":\"https:\\\/\\\/somllavors.com\\\/es#website\",\"url\":\"https:\\\/\\\/somllavors.com\\\/es\",\"name\":\"Som Llavors\",\"description\":\"Botiga de crian\u00e7a natural\",\"publisher\":{\"@id\":\"https:\\\/\\\/somllavors.com\\\/es#organization\"},\"alternateName\":\"Crian\u00e7a Natural i Sostenible\",\"potentialAction\":[{\"@type\":\"SearchAction\",\"target\":{\"@type\":\"EntryPoint\",\"urlTemplate\":\"https:\\\/\\\/somllavors.com\\\/es?s={search_term_string}\"},\"query-input\":{\"@type\":\"PropertyValueSpecification\",\"valueRequired\":true,\"valueName\":\"search_term_string\"}}],\"inLanguage\":\"es\"},{\"@type\":[\"Organization\",\"Place\",\"Store\"],\"@id\":\"https:\\\/\\\/somllavors.com\\\/es#organization\",\"name\":\"Som Llavors\",\"alternateName\":\"Crian\u00e7a Natural i Sostenible\",\"url\":\"https:\\\/\\\/somllavors.com\\\/es\",\"logo\":{\"@id\":\"https:\\\/\\\/somllavors.com\\\/es\\\/producte\\\/portavasos-para-yoyo3#local-main-organization-logo\"},\"image\":{\"@id\":\"https:\\\/\\\/somllavors.com\\\/es\\\/producte\\\/portavasos-para-yoyo3#local-main-organization-logo\"},\"sameAs\":[\"https:\\\/\\\/www.facebook.com\\\/somllavorsvng\\\/?locale=ca_ES\",\"https:\\\/\\\/www.instagram.com\\\/somllavors_vng\\\/\",\"https:\\\/\\\/www.youtube.com\\\/@somllavors\"],\"address\":{\"@id\":\"https:\\\/\\\/somllavors.com\\\/es\\\/producte\\\/portavasos-para-yoyo3#local-main-place-address\"},\"geo\":{\"@type\":\"GeoCoordinates\",\"latitude\":\"41.2257737\",\"longitude\":\"1.723258859\"},\"telephone\":[\"623152704\"],\"openingHoursSpecification\":[{\"@type\":\"OpeningHoursSpecification\",\"dayOfWeek\":[\"Monday\",\"Sunday\"],\"opens\":\"00:00\",\"closes\":\"00:00\"},{\"@type\":\"OpeningHoursSpecification\",\"dayOfWeek\":[\"Tuesday\",\"Wednesday\",\"Thursday\",\"Friday\"],\"opens\":\"10:00\",\"closes\":\"20:00\"},{\"@type\":\"OpeningHoursSpecification\",\"dayOfWeek\":[\"Saturday\"],\"opens\":\"10:00\",\"closes\":\"13:30\"}],\"email\":\"info@somllavors.com\"},{\"@type\":\"PostalAddress\",\"@id\":\"https:\\\/\\\/somllavors.com\\\/es\\\/producte\\\/portavasos-para-yoyo3#local-main-place-address\",\"streetAddress\":\"Carrer de l'aigua, 6\",\"addressLocality\":\"Vilanova i la Geltr\u00fa\",\"postalCode\":\"08800\",\"addressRegion\":\"Barcelona\",\"addressCountry\":\"ES\"},{\"@type\":\"ImageObject\",\"inLanguage\":\"es\",\"@id\":\"https:\\\/\\\/somllavors.com\\\/es\\\/producte\\\/portavasos-para-yoyo3#local-main-organization-logo\",\"url\":\"https:\\\/\\\/somllavors.com\\\/wp-content\\\/uploads\\\/Logotip-Som-Llavors.jpg\",\"contentUrl\":\"https:\\\/\\\/somllavors.com\\\/wp-content\\\/uploads\\\/Logotip-Som-Llavors.jpg\",\"width\":1444,\"height\":1323,\"caption\":\"Som Llavors\"}]}<\/script>\n<meta property=\"product:price:amount\" content=\"30.00\" \/>\n<meta property=\"product:price:currency\" content=\"EUR\" \/>\n<meta property=\"og:availability\" content=\"backorder\" \/>\n<meta property=\"product:availability\" content=\"available for order\" \/>\n<meta property=\"product:retailer_item_id\" content=\"596801\" \/>\n<meta property=\"product:condition\" content=\"new\" \/>\n<meta name=\"geo.placename\" content=\"Vilanova i la Geltr\u00fa\" \/>\n<meta name=\"geo.position\" content=\"41.2257737;1.723258859\" \/>\n<meta name=\"geo.region\" content=\"Espa\u00f1a\" \/>\n<!-- \/ Yoast SEO Premium plugin. -->","yoast_head_json":{"title":"Portavasos para YOYO3 &#8212; Som Llavors","description":"Coloca el\u00a0portavasos para el nuevo YOYO3 de STOKKE\u00a0en donde sea m\u00e1s c\u00f3modo para ti, incluso lo puedes usar para las bebidas de tu peque ya que lo puedes poner en 6 sitios diferentes del carrito.  Ven a Som Llavors, en Vilanova i la Geltr\u00fa, a conocer la nueva gama de carritos YOYO3 de Stokke.","robots":{"index":"index","follow":"follow","max-snippet":"max-snippet:-1","max-image-preview":"max-image-preview:large","max-video-preview":"max-video-preview:-1"},"canonical":"https:\/\/somllavors.com\/es\/producte\/portavasos-para-yoyo3","og_locale":"es_ES","og_type":"article","og_title":"Portavasos para YOYO3","og_description":"La teva botiga d\u2019ecocrian\u00e7a i espai d\u2019acompanyament a la maternitat","og_url":"https:\/\/somllavors.com\/es\/producte\/portavasos-para-yoyo3","og_site_name":"Som Llavors","article_publisher":"https:\/\/www.facebook.com\/somllavorsvng\/?locale=ca_ES","article_modified_time":"2025-06-25T10:14:41+00:00","og_image":[{"width":938,"height":1072,"url":"https:\/\/somllavors.com\/wp-content\/uploads\/2024\/11\/YOYO-2-CUP-HOLDER-3-WEB_eCom.jpg","type":"image\/jpeg"}],"twitter_card":"summary_large_image","twitter_misc":{"Precio":"30,00&euro; Iva incl\u00f2s","Availability":"On backorder"},"schema":{"@context":"https:\/\/schema.org","@graph":[{"@type":"WebPage","@id":"https:\/\/somllavors.com\/es\/producte\/portavasos-para-yoyo3","url":"https:\/\/somllavors.com\/es\/producte\/portavasos-para-yoyo3","name":"Portavasos para YOYO3 &#8212; Som Llavors","isPartOf":{"@id":"https:\/\/somllavors.com\/es#website"},"primaryImageOfPage":{"@id":"https:\/\/somllavors.com\/es\/producte\/portavasos-para-yoyo3#primaryimage"},"image":{"@id":"https:\/\/somllavors.com\/es\/producte\/portavasos-para-yoyo3#primaryimage"},"thumbnailUrl":"https:\/\/somllavors.com\/wp-content\/uploads\/2024\/11\/YOYO-2-CUP-HOLDER-3-WEB_eCom.jpg","datePublished":"2024-11-05T16:25:42+00:00","dateModified":"2025-06-25T10:14:41+00:00","description":"Coloca el\u00a0portavasos para el nuevo YOYO3 de STOKKE\u00a0en donde sea m\u00e1s c\u00f3modo para ti, incluso lo puedes usar para las bebidas de tu peque ya que lo puedes poner en 6 sitios diferentes del carrito. Ven a Som Llavors, en Vilanova i la Geltr\u00fa, a conocer la nueva gama de carritos YOYO3 de Stokke.","breadcrumb":{"@id":"https:\/\/somllavors.com\/es\/producte\/portavasos-para-yoyo3#breadcrumb"},"inLanguage":"es","potentialAction":[{"@type":"ReadAction","target":["https:\/\/somllavors.com\/es\/producte\/portavasos-para-yoyo3"]}]},{"@type":"ImageObject","inLanguage":"es","@id":"https:\/\/somllavors.com\/es\/producte\/portavasos-para-yoyo3#primaryimage","url":"https:\/\/somllavors.com\/wp-content\/uploads\/2024\/11\/YOYO-2-CUP-HOLDER-3-WEB_eCom.jpg","contentUrl":"https:\/\/somllavors.com\/wp-content\/uploads\/2024\/11\/YOYO-2-CUP-HOLDER-3-WEB_eCom.jpg","width":938,"height":1072,"caption":"portavasos yoyo3 stokke accesorios"},{"@type":"BreadcrumbList","@id":"https:\/\/somllavors.com\/es\/producte\/portavasos-para-yoyo3#breadcrumb","itemListElement":[{"@type":"ListItem","position":1,"name":"Inici","item":"https:\/\/somllavors.com\/es"},{"@type":"ListItem","position":2,"name":"Tienda","item":"https:\/\/somllavors.com\/es\/botiga-2"},{"@type":"ListItem","position":3,"name":"Portavasos para YOYO3"}]},{"@type":"WebSite","@id":"https:\/\/somllavors.com\/es#website","url":"https:\/\/somllavors.com\/es","name":"Som Llavors","description":"Botiga de crian\u00e7a natural","publisher":{"@id":"https:\/\/somllavors.com\/es#organization"},"alternateName":"Crian\u00e7a Natural i Sostenible","potentialAction":[{"@type":"SearchAction","target":{"@type":"EntryPoint","urlTemplate":"https:\/\/somllavors.com\/es?s={search_term_string}"},"query-input":{"@type":"PropertyValueSpecification","valueRequired":true,"valueName":"search_term_string"}}],"inLanguage":"es"},{"@type":["Organization","Place","Store"],"@id":"https:\/\/somllavors.com\/es#organization","name":"Som Llavors","alternateName":"Crian\u00e7a Natural i Sostenible","url":"https:\/\/somllavors.com\/es","logo":{"@id":"https:\/\/somllavors.com\/es\/producte\/portavasos-para-yoyo3#local-main-organization-logo"},"image":{"@id":"https:\/\/somllavors.com\/es\/producte\/portavasos-para-yoyo3#local-main-organization-logo"},"sameAs":["https:\/\/www.facebook.com\/somllavorsvng\/?locale=ca_ES","https:\/\/www.instagram.com\/somllavors_vng\/","https:\/\/www.youtube.com\/@somllavors"],"address":{"@id":"https:\/\/somllavors.com\/es\/producte\/portavasos-para-yoyo3#local-main-place-address"},"geo":{"@type":"GeoCoordinates","latitude":"41.2257737","longitude":"1.723258859"},"telephone":["623152704","623152704"],"openingHoursSpecification":[{"@type":"OpeningHoursSpecification","dayOfWeek":["Monday","Sunday"],"opens":"00:00","closes":"00:00"},{"@type":"OpeningHoursSpecification","dayOfWeek":["Tuesday","Wednesday","Thursday","Friday"],"opens":"10:00","closes":"20:00"},{"@type":"OpeningHoursSpecification","dayOfWeek":["Saturday"],"opens":"10:00","closes":"13:30"}],"email":"info@somllavors.com"},{"@type":"PostalAddress","@id":"https:\/\/somllavors.com\/es\/producte\/portavasos-para-yoyo3#local-main-place-address","streetAddress":"Carrer de l'aigua, 6","addressLocality":"Vilanova i la Geltr\u00fa","postalCode":"08800","addressRegion":"Barcelona","addressCountry":"ES"},{"@type":"ImageObject","inLanguage":"es","@id":"https:\/\/somllavors.com\/es\/producte\/portavasos-para-yoyo3#local-main-organization-logo","url":"https:\/\/somllavors.com\/wp-content\/uploads\/Logotip-Som-Llavors.jpg","contentUrl":"https:\/\/somllavors.com\/wp-content\/uploads\/Logotip-Som-Llavors.jpg","width":1444,"height":1323,"caption":"Som Llavors"}]},"product_price_amount":"30.00","product_price_currency":"EUR","og_availability":"backorder","product_availability":"available for order","product_retailer_item_id":"596801","product_condition":"new","geo.placename":"Vilanova i la Geltr\u00fa","geo.position":{"lat":"41.2257737","long":"1.723258859"},"geo.region":"Espa\u00f1a"},"brands":[{"id":4501,"name":"Stokke","slug":"stokke"}],"_links":{"self":[{"href":"https:\/\/somllavors.com\/es\/wp-json\/wp\/v2\/product\/69779","targetHints":{"allow":["GET"]}}],"collection":[{"href":"https:\/\/somllavors.com\/es\/wp-json\/wp\/v2\/product"}],"about":[{"href":"https:\/\/somllavors.com\/es\/wp-json\/wp\/v2\/types\/product"}],"wp:featuredmedia":[{"embeddable":true,"href":"https:\/\/somllavors.com\/es\/wp-json\/wp\/v2\/media\/69787"}],"wp:attachment":[{"href":"https:\/\/somllavors.com\/es\/wp-json\/wp\/v2\/media?parent=69779"}],"wp:term":[{"taxonomy":"pwb-brand","embeddable":true,"href":"https:\/\/somllavors.com\/es\/wp-json\/wp\/v2\/pwb-brand?post=69779"},{"taxonomy":"product_brand","embeddable":true,"href":"https:\/\/somllavors.com\/es\/wp-json\/wp\/v2\/product_brand?post=69779"},{"taxonomy":"product_cat","embeddable":true,"href":"https:\/\/somllavors.com\/es\/wp-json\/wp\/v2\/product_cat?post=69779"},{"taxonomy":"product_tag","embeddable":true,"href":"https:\/\/somllavors.com\/es\/wp-json\/wp\/v2\/product_tag?post=69779"}],"curies":[{"name":"wp","href":"https:\/\/api.w.org\/{rel}","templated":true}]}}