{"id":69962,"date":"2024-11-15T18:23:07","date_gmt":"2024-11-15T17:23:07","guid":{"rendered":"https:\/\/somllavors.com\/?post_type=product&#038;p=69962"},"modified":"2024-11-20T19:04:54","modified_gmt":"2024-11-20T18:04:54","slug":"saco-para-capazo-teddy-latte-powder-baby-shower","status":"publish","type":"product","link":"https:\/\/somllavors.com\/es\/producte\/saco-para-capazo-teddy-latte-powder-baby-shower","title":{"rendered":"Saco para Capazo &#8220;Teddy&#8221; Latte Powder &#8211; Baby Shower"},"content":{"rendered":"<div class=\"feature-value feature-7-value\">\n<p>CARACTER\u00cdSTICAS: Con aperturas para arnes grupo 0 relleno interior espeso<\/p>\n<\/div>\n<div class=\"feature-value feature-16-value\">\n<p>MEDIDAS: 78 x 40 cm<\/p>\n<\/div>\n<div class=\"feature-value feature-5-value\">\n<p>COMPOSICI\u00d3N: 50% algod\u00f3n &#8211; 50% tejido polar<\/p>\n<\/div>\n<div class=\"feature-value feature-9-value\">\n<p>CONSEJOS DE CUIDADO: Lavado m\u00e1quina 30\u00ba. no secadora. planchar a baja temperatura<\/p>\n<\/div>\n","protected":false},"excerpt":{"rendered":"<div id=\"description\" class=\"description\">\n<div class=\"product-description\">\n<p>El saco m\u00e1s calentito de Babyshower.\u00a0Este saquito acolchado est\u00e1 dise\u00f1ado para el interior del capazo. Su relleno\u00a0acolchado de 200g\u00a0mantiene la temperatura del beb\u00e9. Se cierra mediante los lacitos de lino laterales.\u00a0La parte inferior del saco se puede abrir con cremallera para que puedas introducir al beb\u00e9 m\u00e1s c\u00f3modamente. Tejido exterior en algod\u00f3n 100% con certificado org\u00e1nico Gots. Interior en tejido super-polar.<\/p>\n<p>De 0 a 5 meses<\/p>\n<\/div>\n<\/div>\n<div class=\"product-information\">\n<div class=\"product-actions\"><\/div>\n<\/div>\n<p>&nbsp;<\/p>\n<p>&nbsp;<\/p>\n<p>&nbsp;<\/p>\n<p>&nbsp;<\/p>\n","protected":false},"featured_media":69960,"template":"","meta":{"_acf_changed":false,"site-sidebar-layout":"default","site-content-layout":"","ast-site-content-layout":"default","site-content-style":"default","site-sidebar-style":"default","ast-global-header-display":"","ast-banner-title-visibility":"","ast-main-header-display":"","ast-hfb-above-header-display":"","ast-hfb-below-header-display":"","ast-hfb-mobile-header-display":"","site-post-title":"","ast-breadcrumbs-content":"","ast-featured-img":"","footer-sml-layout":"","ast-disable-related-posts":"","theme-transparent-header-meta":"default","adv-header-id-meta":"","stick-header-meta":"","header-above-stick-meta":"","header-main-stick-meta":"","header-below-stick-meta":"","astra-migrate-meta-layouts":"set","ast-page-background-enabled":"default","ast-page-background-meta":{"desktop":{"background-color":"","background-image":"","background-repeat":"repeat","background-position":"center center","background-size":"auto","background-attachment":"scroll","background-type":"","background-media":"","overlay-type":"","overlay-color":"","overlay-opacity":"","overlay-gradient":""},"tablet":{"background-color":"","background-image":"","background-repeat":"repeat","background-position":"center center","background-size":"auto","background-attachment":"scroll","background-type":"","background-media":"","overlay-type":"","overlay-color":"","overlay-opacity":"","overlay-gradient":""},"mobile":{"background-color":"","background-image":"","background-repeat":"repeat","background-position":"center center","background-size":"auto","background-attachment":"scroll","background-type":"","background-media":"","overlay-type":"","overlay-color":"","overlay-opacity":"","overlay-gradient":""}},"ast-content-background-meta":{"desktop":{"background-color":"var(--ast-global-color-5)","background-image":"","background-repeat":"repeat","background-position":"center center","background-size":"auto","background-attachment":"scroll","background-type":"","background-media":"","overlay-type":"","overlay-color":"","overlay-opacity":"","overlay-gradient":""},"tablet":{"background-color":"var(--ast-global-color-5)","background-image":"","background-repeat":"repeat","background-position":"center center","background-size":"auto","background-attachment":"scroll","background-type":"","background-media":"","overlay-type":"","overlay-color":"","overlay-opacity":"","overlay-gradient":""},"mobile":{"background-color":"var(--ast-global-color-5)","background-image":"","background-repeat":"repeat","background-position":"center center","background-size":"auto","background-attachment":"scroll","background-type":"","background-media":"","overlay-type":"","overlay-color":"","overlay-opacity":"","overlay-gradient":""}}},"pwb-brand":[4105],"product_brand":[],"product_cat":[3592,4616,3598],"product_tag":[],"class_list":{"0":"post-69962","1":"product","2":"type-product","3":"status-publish","4":"has-post-thumbnail","6":"pwb-brand-baby-shower","7":"product_cat-accesorios","8":"product_cat-accesorios-de-carritos","9":"product_cat-sacos","10":"desktop-align-left","11":"tablet-align-left","12":"mobile-align-left","14":"first","15":"instock","16":"taxable","17":"shipping-taxable","18":"purchasable","19":"product-type-simple"},"acf":[],"yoast_head":"<!-- This site is optimized with the Yoast SEO Premium plugin v18.3 (Yoast SEO v27.4) - https:\/\/yoast.com\/product\/yoast-seo-premium-wordpress\/ -->\n<title>Saco para Capazo &quot;Teddy&quot; Latte Powder - Baby Shower &#8212; Som Llavors<\/title>\n<meta name=\"description\" content=\"El saco m\u00e1s calentito de Babyshower.\u00a0Este saquito acolchado est\u00e1 dise\u00f1ado para el interior del capazo. Su relleno\u00a0acolchado de 200g\u00a0mantiene la temperatura del beb\u00e9. Se cierra mediante los lacitos de lino laterales.\u00a0La parte inferior del saco se puede abrir con cremallera para que puedas introducir al beb\u00e9 m\u00e1s c\u00f3modamente. Tejido exterior en algod\u00f3n 100% con certificado org\u00e1nico Gots. Interior en tejido super-polar.  De 0 a 5 meses       &nbsp;  &nbsp;  &nbsp;  &nbsp;\" \/>\n<meta name=\"robots\" content=\"index, follow, max-snippet:-1, max-image-preview:large, max-video-preview:-1\" \/>\n<link rel=\"canonical\" href=\"https:\/\/somllavors.com\/es\/producte\/saco-para-capazo-teddy-latte-powder-baby-shower\" \/>\n<meta property=\"og:locale\" content=\"es_ES\" \/>\n<meta property=\"og:type\" content=\"article\" \/>\n<meta property=\"og:title\" content=\"Saco para Capazo &quot;Teddy&quot; Latte Powder - Baby Shower\" \/>\n<meta property=\"og:description\" content=\"La teva botiga d\u2019ecocrian\u00e7a i espai d\u2019acompanyament a la maternitat\" \/>\n<meta property=\"og:url\" content=\"https:\/\/somllavors.com\/es\/producte\/saco-para-capazo-teddy-latte-powder-baby-shower\" \/>\n<meta property=\"og:site_name\" content=\"Som Llavors\" \/>\n<meta property=\"article:publisher\" content=\"https:\/\/www.facebook.com\/somllavorsvng\/?locale=ca_ES\" \/>\n<meta property=\"article:modified_time\" content=\"2024-11-20T18:04:54+00:00\" \/>\n<meta property=\"og:image\" content=\"https:\/\/somllavors.com\/wp-content\/uploads\/2024\/11\/saco-capazo-bambi-waffle-rose.jpg\" \/>\n\t<meta property=\"og:image:width\" content=\"800\" \/>\n\t<meta property=\"og:image:height\" content=\"800\" \/>\n\t<meta property=\"og:image:type\" content=\"image\/jpeg\" \/>\n<meta name=\"twitter:card\" content=\"summary_large_image\" \/>\n<meta name=\"twitter:label1\" content=\"Precio\" \/>\n\t<meta name=\"twitter:data1\" content=\"89,90&euro; Iva incl\u00f2s\" \/>\n\t<meta name=\"twitter:label2\" content=\"Availability\" \/>\n\t<meta name=\"twitter:data2\" content=\"Hay existencias\" \/>\n<script type=\"application\/ld+json\" class=\"yoast-schema-graph\">{\"@context\":\"https:\\\/\\\/schema.org\",\"@graph\":[{\"@type\":\"WebPage\",\"@id\":\"https:\\\/\\\/somllavors.com\\\/es\\\/producte\\\/saco-para-capazo-teddy-latte-powder-baby-shower\",\"url\":\"https:\\\/\\\/somllavors.com\\\/es\\\/producte\\\/saco-para-capazo-teddy-latte-powder-baby-shower\",\"name\":\"Saco para Capazo \\\"Teddy\\\" Latte Powder - Baby Shower &#8212; Som Llavors\",\"isPartOf\":{\"@id\":\"https:\\\/\\\/somllavors.com\\\/es#website\"},\"primaryImageOfPage\":{\"@id\":\"https:\\\/\\\/somllavors.com\\\/es\\\/producte\\\/saco-para-capazo-teddy-latte-powder-baby-shower#primaryimage\"},\"image\":{\"@id\":\"https:\\\/\\\/somllavors.com\\\/es\\\/producte\\\/saco-para-capazo-teddy-latte-powder-baby-shower#primaryimage\"},\"thumbnailUrl\":\"https:\\\/\\\/somllavors.com\\\/wp-content\\\/uploads\\\/2024\\\/11\\\/saco-capazo-bambi-waffle-rose.jpg\",\"datePublished\":\"2024-11-15T17:23:07+00:00\",\"dateModified\":\"2024-11-20T18:04:54+00:00\",\"description\":\"El saco m\u00e1s calentito de Babyshower.\u00a0Este saquito acolchado est\u00e1 dise\u00f1ado para el interior del capazo. Su relleno\u00a0acolchado de 200g\u00a0mantiene la temperatura del beb\u00e9. Se cierra mediante los lacitos de lino laterales.\u00a0La parte inferior del saco se puede abrir con cremallera para que puedas introducir al beb\u00e9 m\u00e1s c\u00f3modamente. Tejido exterior en algod\u00f3n 100% con certificado org\u00e1nico Gots. Interior en tejido super-polar. De 0 a 5 meses &nbsp; &nbsp; &nbsp; &nbsp;\",\"breadcrumb\":{\"@id\":\"https:\\\/\\\/somllavors.com\\\/es\\\/producte\\\/saco-para-capazo-teddy-latte-powder-baby-shower#breadcrumb\"},\"inLanguage\":\"es\",\"potentialAction\":[{\"@type\":\"ReadAction\",\"target\":[\"https:\\\/\\\/somllavors.com\\\/es\\\/producte\\\/saco-para-capazo-teddy-latte-powder-baby-shower\"]}]},{\"@type\":\"ImageObject\",\"inLanguage\":\"es\",\"@id\":\"https:\\\/\\\/somllavors.com\\\/es\\\/producte\\\/saco-para-capazo-teddy-latte-powder-baby-shower#primaryimage\",\"url\":\"https:\\\/\\\/somllavors.com\\\/wp-content\\\/uploads\\\/2024\\\/11\\\/saco-capazo-bambi-waffle-rose.jpg\",\"contentUrl\":\"https:\\\/\\\/somllavors.com\\\/wp-content\\\/uploads\\\/2024\\\/11\\\/saco-capazo-bambi-waffle-rose.jpg\",\"width\":800,\"height\":800,\"caption\":\"saco capazo baby shower\"},{\"@type\":\"BreadcrumbList\",\"@id\":\"https:\\\/\\\/somllavors.com\\\/es\\\/producte\\\/saco-para-capazo-teddy-latte-powder-baby-shower#breadcrumb\",\"itemListElement\":[{\"@type\":\"ListItem\",\"position\":1,\"name\":\"Inici\",\"item\":\"https:\\\/\\\/somllavors.com\\\/es\"},{\"@type\":\"ListItem\",\"position\":2,\"name\":\"Tienda\",\"item\":\"https:\\\/\\\/somllavors.com\\\/es\\\/botiga-2\"},{\"@type\":\"ListItem\",\"position\":3,\"name\":\"Saco para Capazo &#8220;Teddy&#8221; Latte Powder &#8211; Baby Shower\"}]},{\"@type\":\"WebSite\",\"@id\":\"https:\\\/\\\/somllavors.com\\\/es#website\",\"url\":\"https:\\\/\\\/somllavors.com\\\/es\",\"name\":\"Som Llavors\",\"description\":\"Botiga de crian\u00e7a natural\",\"publisher\":{\"@id\":\"https:\\\/\\\/somllavors.com\\\/es#organization\"},\"alternateName\":\"Crian\u00e7a Natural i Sostenible\",\"potentialAction\":[{\"@type\":\"SearchAction\",\"target\":{\"@type\":\"EntryPoint\",\"urlTemplate\":\"https:\\\/\\\/somllavors.com\\\/es?s={search_term_string}\"},\"query-input\":{\"@type\":\"PropertyValueSpecification\",\"valueRequired\":true,\"valueName\":\"search_term_string\"}}],\"inLanguage\":\"es\"},{\"@type\":[\"Organization\",\"Place\",\"Store\"],\"@id\":\"https:\\\/\\\/somllavors.com\\\/es#organization\",\"name\":\"Som Llavors\",\"alternateName\":\"Crian\u00e7a Natural i Sostenible\",\"url\":\"https:\\\/\\\/somllavors.com\\\/es\",\"logo\":{\"@id\":\"https:\\\/\\\/somllavors.com\\\/es\\\/producte\\\/saco-para-capazo-teddy-latte-powder-baby-shower#local-main-organization-logo\"},\"image\":{\"@id\":\"https:\\\/\\\/somllavors.com\\\/es\\\/producte\\\/saco-para-capazo-teddy-latte-powder-baby-shower#local-main-organization-logo\"},\"sameAs\":[\"https:\\\/\\\/www.facebook.com\\\/somllavorsvng\\\/?locale=ca_ES\",\"https:\\\/\\\/www.instagram.com\\\/somllavors_vng\\\/\",\"https:\\\/\\\/www.youtube.com\\\/@somllavors\"],\"address\":{\"@id\":\"https:\\\/\\\/somllavors.com\\\/es\\\/producte\\\/saco-para-capazo-teddy-latte-powder-baby-shower#local-main-place-address\"},\"geo\":{\"@type\":\"GeoCoordinates\",\"latitude\":\"41.2257737\",\"longitude\":\"1.723258859\"},\"telephone\":[\"623152704\"],\"openingHoursSpecification\":[{\"@type\":\"OpeningHoursSpecification\",\"dayOfWeek\":[\"Monday\",\"Sunday\"],\"opens\":\"00:00\",\"closes\":\"00:00\"},{\"@type\":\"OpeningHoursSpecification\",\"dayOfWeek\":[\"Tuesday\",\"Wednesday\",\"Thursday\",\"Friday\"],\"opens\":\"10:00\",\"closes\":\"20:00\"},{\"@type\":\"OpeningHoursSpecification\",\"dayOfWeek\":[\"Saturday\"],\"opens\":\"10:00\",\"closes\":\"13:30\"}],\"email\":\"info@somllavors.com\"},{\"@type\":\"PostalAddress\",\"@id\":\"https:\\\/\\\/somllavors.com\\\/es\\\/producte\\\/saco-para-capazo-teddy-latte-powder-baby-shower#local-main-place-address\",\"streetAddress\":\"Carrer de l'aigua, 6\",\"addressLocality\":\"Vilanova i la Geltr\u00fa\",\"postalCode\":\"08800\",\"addressRegion\":\"Barcelona\",\"addressCountry\":\"ES\"},{\"@type\":\"ImageObject\",\"inLanguage\":\"es\",\"@id\":\"https:\\\/\\\/somllavors.com\\\/es\\\/producte\\\/saco-para-capazo-teddy-latte-powder-baby-shower#local-main-organization-logo\",\"url\":\"https:\\\/\\\/somllavors.com\\\/wp-content\\\/uploads\\\/Logotip-Som-Llavors.jpg\",\"contentUrl\":\"https:\\\/\\\/somllavors.com\\\/wp-content\\\/uploads\\\/Logotip-Som-Llavors.jpg\",\"width\":1444,\"height\":1323,\"caption\":\"Som Llavors\"}]}<\/script>\n<meta property=\"product:price:amount\" content=\"89.90\" \/>\n<meta property=\"product:price:currency\" content=\"EUR\" \/>\n<meta property=\"og:availability\" content=\"instock\" \/>\n<meta property=\"product:availability\" content=\"instock\" \/>\n<meta property=\"product:retailer_item_id\" content=\"steplte\" \/>\n<meta property=\"product:condition\" content=\"new\" \/>\n<meta name=\"geo.placename\" content=\"Vilanova i la Geltr\u00fa\" \/>\n<meta name=\"geo.position\" content=\"41.2257737;1.723258859\" \/>\n<meta name=\"geo.region\" content=\"Espa\u00f1a\" \/>\n<!-- \/ Yoast SEO Premium plugin. -->","yoast_head_json":{"title":"Saco para Capazo \"Teddy\" Latte Powder - Baby Shower &#8212; Som Llavors","description":"El saco m\u00e1s calentito de Babyshower.\u00a0Este saquito acolchado est\u00e1 dise\u00f1ado para el interior del capazo. Su relleno\u00a0acolchado de 200g\u00a0mantiene la temperatura del beb\u00e9. Se cierra mediante los lacitos de lino laterales.\u00a0La parte inferior del saco se puede abrir con cremallera para que puedas introducir al beb\u00e9 m\u00e1s c\u00f3modamente. Tejido exterior en algod\u00f3n 100% con certificado org\u00e1nico Gots. Interior en tejido super-polar.  De 0 a 5 meses       &nbsp;  &nbsp;  &nbsp;  &nbsp;","robots":{"index":"index","follow":"follow","max-snippet":"max-snippet:-1","max-image-preview":"max-image-preview:large","max-video-preview":"max-video-preview:-1"},"canonical":"https:\/\/somllavors.com\/es\/producte\/saco-para-capazo-teddy-latte-powder-baby-shower","og_locale":"es_ES","og_type":"article","og_title":"Saco para Capazo \"Teddy\" Latte Powder - Baby Shower","og_description":"La teva botiga d\u2019ecocrian\u00e7a i espai d\u2019acompanyament a la maternitat","og_url":"https:\/\/somllavors.com\/es\/producte\/saco-para-capazo-teddy-latte-powder-baby-shower","og_site_name":"Som Llavors","article_publisher":"https:\/\/www.facebook.com\/somllavorsvng\/?locale=ca_ES","article_modified_time":"2024-11-20T18:04:54+00:00","og_image":[{"width":800,"height":800,"url":"https:\/\/somllavors.com\/wp-content\/uploads\/2024\/11\/saco-capazo-bambi-waffle-rose.jpg","type":"image\/jpeg"}],"twitter_card":"summary_large_image","twitter_misc":{"Precio":"89,90&euro; Iva incl\u00f2s","Availability":"Hay existencias"},"schema":{"@context":"https:\/\/schema.org","@graph":[{"@type":"WebPage","@id":"https:\/\/somllavors.com\/es\/producte\/saco-para-capazo-teddy-latte-powder-baby-shower","url":"https:\/\/somllavors.com\/es\/producte\/saco-para-capazo-teddy-latte-powder-baby-shower","name":"Saco para Capazo \"Teddy\" Latte Powder - Baby Shower &#8212; Som Llavors","isPartOf":{"@id":"https:\/\/somllavors.com\/es#website"},"primaryImageOfPage":{"@id":"https:\/\/somllavors.com\/es\/producte\/saco-para-capazo-teddy-latte-powder-baby-shower#primaryimage"},"image":{"@id":"https:\/\/somllavors.com\/es\/producte\/saco-para-capazo-teddy-latte-powder-baby-shower#primaryimage"},"thumbnailUrl":"https:\/\/somllavors.com\/wp-content\/uploads\/2024\/11\/saco-capazo-bambi-waffle-rose.jpg","datePublished":"2024-11-15T17:23:07+00:00","dateModified":"2024-11-20T18:04:54+00:00","description":"El saco m\u00e1s calentito de Babyshower.\u00a0Este saquito acolchado est\u00e1 dise\u00f1ado para el interior del capazo. Su relleno\u00a0acolchado de 200g\u00a0mantiene la temperatura del beb\u00e9. Se cierra mediante los lacitos de lino laterales.\u00a0La parte inferior del saco se puede abrir con cremallera para que puedas introducir al beb\u00e9 m\u00e1s c\u00f3modamente. Tejido exterior en algod\u00f3n 100% con certificado org\u00e1nico Gots. Interior en tejido super-polar. De 0 a 5 meses &nbsp; &nbsp; &nbsp; &nbsp;","breadcrumb":{"@id":"https:\/\/somllavors.com\/es\/producte\/saco-para-capazo-teddy-latte-powder-baby-shower#breadcrumb"},"inLanguage":"es","potentialAction":[{"@type":"ReadAction","target":["https:\/\/somllavors.com\/es\/producte\/saco-para-capazo-teddy-latte-powder-baby-shower"]}]},{"@type":"ImageObject","inLanguage":"es","@id":"https:\/\/somllavors.com\/es\/producte\/saco-para-capazo-teddy-latte-powder-baby-shower#primaryimage","url":"https:\/\/somllavors.com\/wp-content\/uploads\/2024\/11\/saco-capazo-bambi-waffle-rose.jpg","contentUrl":"https:\/\/somllavors.com\/wp-content\/uploads\/2024\/11\/saco-capazo-bambi-waffle-rose.jpg","width":800,"height":800,"caption":"saco capazo baby shower"},{"@type":"BreadcrumbList","@id":"https:\/\/somllavors.com\/es\/producte\/saco-para-capazo-teddy-latte-powder-baby-shower#breadcrumb","itemListElement":[{"@type":"ListItem","position":1,"name":"Inici","item":"https:\/\/somllavors.com\/es"},{"@type":"ListItem","position":2,"name":"Tienda","item":"https:\/\/somllavors.com\/es\/botiga-2"},{"@type":"ListItem","position":3,"name":"Saco para Capazo &#8220;Teddy&#8221; Latte Powder &#8211; Baby Shower"}]},{"@type":"WebSite","@id":"https:\/\/somllavors.com\/es#website","url":"https:\/\/somllavors.com\/es","name":"Som Llavors","description":"Botiga de crian\u00e7a natural","publisher":{"@id":"https:\/\/somllavors.com\/es#organization"},"alternateName":"Crian\u00e7a Natural i Sostenible","potentialAction":[{"@type":"SearchAction","target":{"@type":"EntryPoint","urlTemplate":"https:\/\/somllavors.com\/es?s={search_term_string}"},"query-input":{"@type":"PropertyValueSpecification","valueRequired":true,"valueName":"search_term_string"}}],"inLanguage":"es"},{"@type":["Organization","Place","Store"],"@id":"https:\/\/somllavors.com\/es#organization","name":"Som Llavors","alternateName":"Crian\u00e7a Natural i Sostenible","url":"https:\/\/somllavors.com\/es","logo":{"@id":"https:\/\/somllavors.com\/es\/producte\/saco-para-capazo-teddy-latte-powder-baby-shower#local-main-organization-logo"},"image":{"@id":"https:\/\/somllavors.com\/es\/producte\/saco-para-capazo-teddy-latte-powder-baby-shower#local-main-organization-logo"},"sameAs":["https:\/\/www.facebook.com\/somllavorsvng\/?locale=ca_ES","https:\/\/www.instagram.com\/somllavors_vng\/","https:\/\/www.youtube.com\/@somllavors"],"address":{"@id":"https:\/\/somllavors.com\/es\/producte\/saco-para-capazo-teddy-latte-powder-baby-shower#local-main-place-address"},"geo":{"@type":"GeoCoordinates","latitude":"41.2257737","longitude":"1.723258859"},"telephone":["623152704","623152704"],"openingHoursSpecification":[{"@type":"OpeningHoursSpecification","dayOfWeek":["Monday","Sunday"],"opens":"00:00","closes":"00:00"},{"@type":"OpeningHoursSpecification","dayOfWeek":["Tuesday","Wednesday","Thursday","Friday"],"opens":"10:00","closes":"20:00"},{"@type":"OpeningHoursSpecification","dayOfWeek":["Saturday"],"opens":"10:00","closes":"13:30"}],"email":"info@somllavors.com"},{"@type":"PostalAddress","@id":"https:\/\/somllavors.com\/es\/producte\/saco-para-capazo-teddy-latte-powder-baby-shower#local-main-place-address","streetAddress":"Carrer de l'aigua, 6","addressLocality":"Vilanova i la Geltr\u00fa","postalCode":"08800","addressRegion":"Barcelona","addressCountry":"ES"},{"@type":"ImageObject","inLanguage":"es","@id":"https:\/\/somllavors.com\/es\/producte\/saco-para-capazo-teddy-latte-powder-baby-shower#local-main-organization-logo","url":"https:\/\/somllavors.com\/wp-content\/uploads\/Logotip-Som-Llavors.jpg","contentUrl":"https:\/\/somllavors.com\/wp-content\/uploads\/Logotip-Som-Llavors.jpg","width":1444,"height":1323,"caption":"Som Llavors"}]},"product_price_amount":"89.90","product_price_currency":"EUR","og_availability":"instock","product_availability":"instock","product_retailer_item_id":"steplte","product_condition":"new","geo.placename":"Vilanova i la Geltr\u00fa","geo.position":{"lat":"41.2257737","long":"1.723258859"},"geo.region":"Espa\u00f1a"},"brands":[{"id":4105,"name":"Baby Shower","slug":"baby-shower"}],"_links":{"self":[{"href":"https:\/\/somllavors.com\/es\/wp-json\/wp\/v2\/product\/69962","targetHints":{"allow":["GET"]}}],"collection":[{"href":"https:\/\/somllavors.com\/es\/wp-json\/wp\/v2\/product"}],"about":[{"href":"https:\/\/somllavors.com\/es\/wp-json\/wp\/v2\/types\/product"}],"wp:featuredmedia":[{"embeddable":true,"href":"https:\/\/somllavors.com\/es\/wp-json\/wp\/v2\/media\/69960"}],"wp:attachment":[{"href":"https:\/\/somllavors.com\/es\/wp-json\/wp\/v2\/media?parent=69962"}],"wp:term":[{"taxonomy":"pwb-brand","embeddable":true,"href":"https:\/\/somllavors.com\/es\/wp-json\/wp\/v2\/pwb-brand?post=69962"},{"taxonomy":"product_brand","embeddable":true,"href":"https:\/\/somllavors.com\/es\/wp-json\/wp\/v2\/product_brand?post=69962"},{"taxonomy":"product_cat","embeddable":true,"href":"https:\/\/somllavors.com\/es\/wp-json\/wp\/v2\/product_cat?post=69962"},{"taxonomy":"product_tag","embeddable":true,"href":"https:\/\/somllavors.com\/es\/wp-json\/wp\/v2\/product_tag?post=69962"}],"curies":[{"name":"wp","href":"https:\/\/api.w.org\/{rel}","templated":true}]}}