{"id":70108,"date":"2024-11-21T12:59:37","date_gmt":"2024-11-21T11:59:37","guid":{"rendered":"https:\/\/somllavors.com\/?post_type=product&#038;p=70108"},"modified":"2026-03-30T19:21:45","modified_gmt":"2026-03-30T17:21:45","slug":"cama-de-fotos-de-madera","status":"publish","type":"product","link":"https:\/\/somllavors.com\/es\/producte\/cama-de-fotos-de-madera","title":{"rendered":"Camara de fotos de madera &#8211; PolarB"},"content":{"rendered":"<p>&#8211; Fabricada en maderas de alta calidad y tintes seguros NO t\u00f3xicos.<\/p>\n<p>&#8211; Todos los bordes y detalles se lijan cuidadosamente.<\/p>\n<p>&#8211; Edad recomendada: a partir de 18 meses.<\/p>\n<p>&#8211; Medidas: 10.5 x 7.5 x 4.5 cm.<\/p>\n","protected":false},"excerpt":{"rendered":"<div class=\"product_name_wrap flex_container flex_start\">\n<div class=\"flex_child\">\n<div class=\"product_name_wrap flex_container flex_start\">\n<div class=\"flex_child\">\n<h1 class=\"product_name \">Camara de fotos de madera PolarB<\/h1>\n<\/div>\n<section class=\"pro_name_right\">\n<div class=\"flex_box\">\n<div class=\"product_link_nav with_preview\"><\/div>\n<div class=\"product_link_nav with_preview\"><\/div>\n<\/div>\n<\/section>\n<\/div>\n<div class=\"product-information\">\n<div id=\"product-description-short-4564\" class=\"product-description-short mb-3 truncate_block st_showless_block_0 truncate_cate_desc_0\">\n<div class=\"st_read_more_box\">\n<p>Un juguete perfecto para futuros fot\u00f3grafos, prep\u00e1rate para decir \u00a1patata! Este juguete \u00fanico combina la diversi\u00f3n de tomar fotos con la magia de un caleidoscopio. Con su dise\u00f1o de madera resistente y seguro, los peque\u00f1os fot\u00f3grafos podr\u00e1n explorar su creatividad mientras disfrutan de colores y formas fascinantes a trav\u00e9s del visor. Una manera perfecta de fomentar la imaginaci\u00f3n y la exploraci\u00f3n en los m\u00e1s peque\u00f1os.<\/p>\n<\/div>\n<\/div>\n<div class=\"steasy_divider between_short_and_price\"><\/div>\n<div><\/div>\n<\/div>\n<\/div>\n<\/div>\n<div class=\"product-information\">\n<div id=\"product-description-short-4569\" class=\"product-description-short mb-3 truncate_block st_showless_block_0 truncate_cate_desc_0\">\n<p>&nbsp;<\/p>\n<p>&nbsp;<\/p>\n<\/div>\n<\/div>\n","protected":false},"featured_media":70109,"template":"","meta":{"_acf_changed":false,"site-sidebar-layout":"default","site-content-layout":"","ast-site-content-layout":"default","site-content-style":"default","site-sidebar-style":"default","ast-global-header-display":"","ast-banner-title-visibility":"","ast-main-header-display":"","ast-hfb-above-header-display":"","ast-hfb-below-header-display":"","ast-hfb-mobile-header-display":"","site-post-title":"","ast-breadcrumbs-content":"","ast-featured-img":"","footer-sml-layout":"","ast-disable-related-posts":"","theme-transparent-header-meta":"default","adv-header-id-meta":"","stick-header-meta":"","header-above-stick-meta":"","header-main-stick-meta":"","header-below-stick-meta":"","astra-migrate-meta-layouts":"set","ast-page-background-enabled":"default","ast-page-background-meta":{"desktop":{"background-color":"","background-image":"","background-repeat":"repeat","background-position":"center center","background-size":"auto","background-attachment":"scroll","background-type":"","background-media":"","overlay-type":"","overlay-color":"","overlay-opacity":"","overlay-gradient":""},"tablet":{"background-color":"","background-image":"","background-repeat":"repeat","background-position":"center center","background-size":"auto","background-attachment":"scroll","background-type":"","background-media":"","overlay-type":"","overlay-color":"","overlay-opacity":"","overlay-gradient":""},"mobile":{"background-color":"","background-image":"","background-repeat":"repeat","background-position":"center center","background-size":"auto","background-attachment":"scroll","background-type":"","background-media":"","overlay-type":"","overlay-color":"","overlay-opacity":"","overlay-gradient":""}},"ast-content-background-meta":{"desktop":{"background-color":"var(--ast-global-color-5)","background-image":"","background-repeat":"repeat","background-position":"center center","background-size":"auto","background-attachment":"scroll","background-type":"","background-media":"","overlay-type":"","overlay-color":"","overlay-opacity":"","overlay-gradient":""},"tablet":{"background-color":"var(--ast-global-color-5)","background-image":"","background-repeat":"repeat","background-position":"center center","background-size":"auto","background-attachment":"scroll","background-type":"","background-media":"","overlay-type":"","overlay-color":"","overlay-opacity":"","overlay-gradient":""},"mobile":{"background-color":"var(--ast-global-color-5)","background-image":"","background-repeat":"repeat","background-position":"center center","background-size":"auto","background-attachment":"scroll","background-type":"","background-media":"","overlay-type":"","overlay-color":"","overlay-opacity":"","overlay-gradient":""}}},"pwb-brand":[],"product_brand":[],"product_cat":[3367,3546,3542],"product_tag":[5278,3187,5281,5280,5279],"class_list":{"0":"post-70108","1":"product","2":"type-product","3":"status-publish","4":"has-post-thumbnail","6":"product_cat-18-meses","7":"product_cat-juego-simbolico","8":"product_cat-juegos-de-madera","9":"product_tag-fotos","10":"product_tag-juego-simbolico-es","11":"product_tag-juguete-bebe","12":"product_tag-juguete-de-madera","13":"product_tag-mi-primera-camara-de-fotos","14":"desktop-align-left","15":"tablet-align-left","16":"mobile-align-left","18":"first","19":"instock","20":"taxable","21":"shipping-taxable","22":"purchasable","23":"product-type-simple"},"acf":[],"yoast_head":"<!-- This site is optimized with the Yoast SEO Premium plugin v18.3 (Yoast SEO v27.4) - https:\/\/yoast.com\/product\/yoast-seo-premium-wordpress\/ -->\n<title>Camara de fotos de madera - PolarB &#8212; Som Llavors<\/title>\n<meta name=\"description\" content=\"Camara de fotos de madera PolarB            Un juguete perfecto para futuros fot\u00f3grafos, prep\u00e1rate para decir \u00a1patata! Este juguete \u00fanico combina la diversi\u00f3n de tomar fotos con la magia de un caleidoscopio. Con su dise\u00f1o de madera resistente y seguro, los peque\u00f1os fot\u00f3grafos podr\u00e1n explorar su creatividad mientras disfrutan de colores y formas fascinantes a trav\u00e9s del visor. Una manera perfecta de fomentar la imaginaci\u00f3n y la exploraci\u00f3n en los m\u00e1s peque\u00f1os.            &nbsp;  &nbsp;\" \/>\n<meta name=\"robots\" content=\"index, follow, max-snippet:-1, max-image-preview:large, max-video-preview:-1\" \/>\n<link rel=\"canonical\" href=\"https:\/\/somllavors.com\/es\/producte\/cama-de-fotos-de-madera\" \/>\n<meta property=\"og:locale\" content=\"es_ES\" \/>\n<meta property=\"og:type\" content=\"article\" \/>\n<meta property=\"og:title\" content=\"Camara de fotos de madera - PolarB\" \/>\n<meta property=\"og:description\" content=\"La teva botiga d\u2019ecocrian\u00e7a i espai d\u2019acompanyament a la maternitat\" \/>\n<meta property=\"og:url\" content=\"https:\/\/somllavors.com\/es\/producte\/cama-de-fotos-de-madera\" \/>\n<meta property=\"og:site_name\" content=\"Som Llavors\" \/>\n<meta property=\"article:publisher\" content=\"https:\/\/www.facebook.com\/somllavorsvng\/?locale=ca_ES\" \/>\n<meta property=\"article:modified_time\" content=\"2026-03-30T17:21:45+00:00\" \/>\n<meta property=\"og:image\" content=\"https:\/\/somllavors.com\/wp-content\/uploads\/2024\/11\/Som-Lllavors-camara-madera-polar-B.jpg\" \/>\n\t<meta property=\"og:image:width\" content=\"700\" \/>\n\t<meta property=\"og:image:height\" content=\"800\" \/>\n\t<meta property=\"og:image:type\" content=\"image\/jpeg\" \/>\n<meta name=\"twitter:card\" content=\"summary_large_image\" \/>\n<meta name=\"twitter:label1\" content=\"Precio\" \/>\n\t<meta name=\"twitter:data1\" content=\"10,20&euro; Iva incl\u00f2s\" \/>\n\t<meta name=\"twitter:label2\" content=\"Availability\" \/>\n\t<meta name=\"twitter:data2\" content=\"Hay existencias\" \/>\n<script type=\"application\/ld+json\" class=\"yoast-schema-graph\">{\"@context\":\"https:\\\/\\\/schema.org\",\"@graph\":[{\"@type\":\"WebPage\",\"@id\":\"https:\\\/\\\/somllavors.com\\\/es\\\/producte\\\/cama-de-fotos-de-madera\",\"url\":\"https:\\\/\\\/somllavors.com\\\/es\\\/producte\\\/cama-de-fotos-de-madera\",\"name\":\"Camara de fotos de madera - PolarB &#8212; Som Llavors\",\"isPartOf\":{\"@id\":\"https:\\\/\\\/somllavors.com\\\/es#website\"},\"primaryImageOfPage\":{\"@id\":\"https:\\\/\\\/somllavors.com\\\/es\\\/producte\\\/cama-de-fotos-de-madera#primaryimage\"},\"image\":{\"@id\":\"https:\\\/\\\/somllavors.com\\\/es\\\/producte\\\/cama-de-fotos-de-madera#primaryimage\"},\"thumbnailUrl\":\"https:\\\/\\\/somllavors.com\\\/wp-content\\\/uploads\\\/2024\\\/11\\\/Som-Lllavors-camara-madera-polar-B.jpg\",\"datePublished\":\"2024-11-21T11:59:37+00:00\",\"dateModified\":\"2026-03-30T17:21:45+00:00\",\"description\":\"Camara de fotos de madera PolarB Un juguete perfecto para futuros fot\u00f3grafos, prep\u00e1rate para decir \u00a1patata! Este juguete \u00fanico combina la diversi\u00f3n de tomar fotos con la magia de un caleidoscopio. Con su dise\u00f1o de madera resistente y seguro, los peque\u00f1os fot\u00f3grafos podr\u00e1n explorar su creatividad mientras disfrutan de colores y formas fascinantes a trav\u00e9s del visor. Una manera perfecta de fomentar la imaginaci\u00f3n y la exploraci\u00f3n en los m\u00e1s peque\u00f1os. &nbsp; &nbsp;\",\"breadcrumb\":{\"@id\":\"https:\\\/\\\/somllavors.com\\\/es\\\/producte\\\/cama-de-fotos-de-madera#breadcrumb\"},\"inLanguage\":\"es\",\"potentialAction\":[{\"@type\":\"ReadAction\",\"target\":[\"https:\\\/\\\/somllavors.com\\\/es\\\/producte\\\/cama-de-fotos-de-madera\"]}]},{\"@type\":\"ImageObject\",\"inLanguage\":\"es\",\"@id\":\"https:\\\/\\\/somllavors.com\\\/es\\\/producte\\\/cama-de-fotos-de-madera#primaryimage\",\"url\":\"https:\\\/\\\/somllavors.com\\\/wp-content\\\/uploads\\\/2024\\\/11\\\/Som-Lllavors-camara-madera-polar-B.jpg\",\"contentUrl\":\"https:\\\/\\\/somllavors.com\\\/wp-content\\\/uploads\\\/2024\\\/11\\\/Som-Lllavors-camara-madera-polar-B.jpg\",\"width\":700,\"height\":800,\"caption\":\"camara de fotos de madera\"},{\"@type\":\"BreadcrumbList\",\"@id\":\"https:\\\/\\\/somllavors.com\\\/es\\\/producte\\\/cama-de-fotos-de-madera#breadcrumb\",\"itemListElement\":[{\"@type\":\"ListItem\",\"position\":1,\"name\":\"Inici\",\"item\":\"https:\\\/\\\/somllavors.com\\\/es\"},{\"@type\":\"ListItem\",\"position\":2,\"name\":\"Tienda\",\"item\":\"https:\\\/\\\/somllavors.com\\\/es\\\/botiga-2\"},{\"@type\":\"ListItem\",\"position\":3,\"name\":\"Camara de fotos de madera &#8211; PolarB\"}]},{\"@type\":\"WebSite\",\"@id\":\"https:\\\/\\\/somllavors.com\\\/es#website\",\"url\":\"https:\\\/\\\/somllavors.com\\\/es\",\"name\":\"Som Llavors\",\"description\":\"Botiga de crian\u00e7a natural\",\"publisher\":{\"@id\":\"https:\\\/\\\/somllavors.com\\\/es#organization\"},\"alternateName\":\"Crian\u00e7a Natural i Sostenible\",\"potentialAction\":[{\"@type\":\"SearchAction\",\"target\":{\"@type\":\"EntryPoint\",\"urlTemplate\":\"https:\\\/\\\/somllavors.com\\\/es?s={search_term_string}\"},\"query-input\":{\"@type\":\"PropertyValueSpecification\",\"valueRequired\":true,\"valueName\":\"search_term_string\"}}],\"inLanguage\":\"es\"},{\"@type\":[\"Organization\",\"Place\",\"Store\"],\"@id\":\"https:\\\/\\\/somllavors.com\\\/es#organization\",\"name\":\"Som Llavors\",\"alternateName\":\"Crian\u00e7a Natural i Sostenible\",\"url\":\"https:\\\/\\\/somllavors.com\\\/es\",\"logo\":{\"@id\":\"https:\\\/\\\/somllavors.com\\\/es\\\/producte\\\/cama-de-fotos-de-madera#local-main-organization-logo\"},\"image\":{\"@id\":\"https:\\\/\\\/somllavors.com\\\/es\\\/producte\\\/cama-de-fotos-de-madera#local-main-organization-logo\"},\"sameAs\":[\"https:\\\/\\\/www.facebook.com\\\/somllavorsvng\\\/?locale=ca_ES\",\"https:\\\/\\\/www.instagram.com\\\/somllavors_vng\\\/\",\"https:\\\/\\\/www.youtube.com\\\/@somllavors\"],\"address\":{\"@id\":\"https:\\\/\\\/somllavors.com\\\/es\\\/producte\\\/cama-de-fotos-de-madera#local-main-place-address\"},\"geo\":{\"@type\":\"GeoCoordinates\",\"latitude\":\"41.2257737\",\"longitude\":\"1.723258859\"},\"telephone\":[\"623152704\"],\"openingHoursSpecification\":[{\"@type\":\"OpeningHoursSpecification\",\"dayOfWeek\":[\"Monday\",\"Sunday\"],\"opens\":\"00:00\",\"closes\":\"00:00\"},{\"@type\":\"OpeningHoursSpecification\",\"dayOfWeek\":[\"Tuesday\",\"Wednesday\",\"Thursday\",\"Friday\"],\"opens\":\"10:00\",\"closes\":\"20:00\"},{\"@type\":\"OpeningHoursSpecification\",\"dayOfWeek\":[\"Saturday\"],\"opens\":\"10:00\",\"closes\":\"13:30\"}],\"email\":\"info@somllavors.com\"},{\"@type\":\"PostalAddress\",\"@id\":\"https:\\\/\\\/somllavors.com\\\/es\\\/producte\\\/cama-de-fotos-de-madera#local-main-place-address\",\"streetAddress\":\"Carrer de l'aigua, 6\",\"addressLocality\":\"Vilanova i la Geltr\u00fa\",\"postalCode\":\"08800\",\"addressRegion\":\"Barcelona\",\"addressCountry\":\"ES\"},{\"@type\":\"ImageObject\",\"inLanguage\":\"es\",\"@id\":\"https:\\\/\\\/somllavors.com\\\/es\\\/producte\\\/cama-de-fotos-de-madera#local-main-organization-logo\",\"url\":\"https:\\\/\\\/somllavors.com\\\/wp-content\\\/uploads\\\/Logotip-Som-Llavors.jpg\",\"contentUrl\":\"https:\\\/\\\/somllavors.com\\\/wp-content\\\/uploads\\\/Logotip-Som-Llavors.jpg\",\"width\":1444,\"height\":1323,\"caption\":\"Som Llavors\"}]}<\/script>\n<meta property=\"product:price:amount\" content=\"10.20\" \/>\n<meta property=\"product:price:currency\" content=\"EUR\" \/>\n<meta property=\"og:availability\" content=\"instock\" \/>\n<meta property=\"product:availability\" content=\"instock\" \/>\n<meta property=\"product:retailer_item_id\" content=\"44034\" \/>\n<meta property=\"product:condition\" content=\"new\" \/>\n<meta name=\"geo.placename\" content=\"Vilanova i la Geltr\u00fa\" \/>\n<meta name=\"geo.position\" content=\"41.2257737;1.723258859\" \/>\n<meta name=\"geo.region\" content=\"Espa\u00f1a\" \/>\n<!-- \/ Yoast SEO Premium plugin. -->","yoast_head_json":{"title":"Camara de fotos de madera - PolarB &#8212; Som Llavors","description":"Camara de fotos de madera PolarB            Un juguete perfecto para futuros fot\u00f3grafos, prep\u00e1rate para decir \u00a1patata! Este juguete \u00fanico combina la diversi\u00f3n de tomar fotos con la magia de un caleidoscopio. Con su dise\u00f1o de madera resistente y seguro, los peque\u00f1os fot\u00f3grafos podr\u00e1n explorar su creatividad mientras disfrutan de colores y formas fascinantes a trav\u00e9s del visor. Una manera perfecta de fomentar la imaginaci\u00f3n y la exploraci\u00f3n en los m\u00e1s peque\u00f1os.            &nbsp;  &nbsp;","robots":{"index":"index","follow":"follow","max-snippet":"max-snippet:-1","max-image-preview":"max-image-preview:large","max-video-preview":"max-video-preview:-1"},"canonical":"https:\/\/somllavors.com\/es\/producte\/cama-de-fotos-de-madera","og_locale":"es_ES","og_type":"article","og_title":"Camara de fotos de madera - PolarB","og_description":"La teva botiga d\u2019ecocrian\u00e7a i espai d\u2019acompanyament a la maternitat","og_url":"https:\/\/somllavors.com\/es\/producte\/cama-de-fotos-de-madera","og_site_name":"Som Llavors","article_publisher":"https:\/\/www.facebook.com\/somllavorsvng\/?locale=ca_ES","article_modified_time":"2026-03-30T17:21:45+00:00","og_image":[{"width":700,"height":800,"url":"https:\/\/somllavors.com\/wp-content\/uploads\/2024\/11\/Som-Lllavors-camara-madera-polar-B.jpg","type":"image\/jpeg"}],"twitter_card":"summary_large_image","twitter_misc":{"Precio":"10,20&euro; Iva incl\u00f2s","Availability":"Hay existencias"},"schema":{"@context":"https:\/\/schema.org","@graph":[{"@type":"WebPage","@id":"https:\/\/somllavors.com\/es\/producte\/cama-de-fotos-de-madera","url":"https:\/\/somllavors.com\/es\/producte\/cama-de-fotos-de-madera","name":"Camara de fotos de madera - PolarB &#8212; Som Llavors","isPartOf":{"@id":"https:\/\/somllavors.com\/es#website"},"primaryImageOfPage":{"@id":"https:\/\/somllavors.com\/es\/producte\/cama-de-fotos-de-madera#primaryimage"},"image":{"@id":"https:\/\/somllavors.com\/es\/producte\/cama-de-fotos-de-madera#primaryimage"},"thumbnailUrl":"https:\/\/somllavors.com\/wp-content\/uploads\/2024\/11\/Som-Lllavors-camara-madera-polar-B.jpg","datePublished":"2024-11-21T11:59:37+00:00","dateModified":"2026-03-30T17:21:45+00:00","description":"Camara de fotos de madera PolarB Un juguete perfecto para futuros fot\u00f3grafos, prep\u00e1rate para decir \u00a1patata! Este juguete \u00fanico combina la diversi\u00f3n de tomar fotos con la magia de un caleidoscopio. Con su dise\u00f1o de madera resistente y seguro, los peque\u00f1os fot\u00f3grafos podr\u00e1n explorar su creatividad mientras disfrutan de colores y formas fascinantes a trav\u00e9s del visor. Una manera perfecta de fomentar la imaginaci\u00f3n y la exploraci\u00f3n en los m\u00e1s peque\u00f1os. &nbsp; &nbsp;","breadcrumb":{"@id":"https:\/\/somllavors.com\/es\/producte\/cama-de-fotos-de-madera#breadcrumb"},"inLanguage":"es","potentialAction":[{"@type":"ReadAction","target":["https:\/\/somllavors.com\/es\/producte\/cama-de-fotos-de-madera"]}]},{"@type":"ImageObject","inLanguage":"es","@id":"https:\/\/somllavors.com\/es\/producte\/cama-de-fotos-de-madera#primaryimage","url":"https:\/\/somllavors.com\/wp-content\/uploads\/2024\/11\/Som-Lllavors-camara-madera-polar-B.jpg","contentUrl":"https:\/\/somllavors.com\/wp-content\/uploads\/2024\/11\/Som-Lllavors-camara-madera-polar-B.jpg","width":700,"height":800,"caption":"camara de fotos de madera"},{"@type":"BreadcrumbList","@id":"https:\/\/somllavors.com\/es\/producte\/cama-de-fotos-de-madera#breadcrumb","itemListElement":[{"@type":"ListItem","position":1,"name":"Inici","item":"https:\/\/somllavors.com\/es"},{"@type":"ListItem","position":2,"name":"Tienda","item":"https:\/\/somllavors.com\/es\/botiga-2"},{"@type":"ListItem","position":3,"name":"Camara de fotos de madera &#8211; PolarB"}]},{"@type":"WebSite","@id":"https:\/\/somllavors.com\/es#website","url":"https:\/\/somllavors.com\/es","name":"Som Llavors","description":"Botiga de crian\u00e7a natural","publisher":{"@id":"https:\/\/somllavors.com\/es#organization"},"alternateName":"Crian\u00e7a Natural i Sostenible","potentialAction":[{"@type":"SearchAction","target":{"@type":"EntryPoint","urlTemplate":"https:\/\/somllavors.com\/es?s={search_term_string}"},"query-input":{"@type":"PropertyValueSpecification","valueRequired":true,"valueName":"search_term_string"}}],"inLanguage":"es"},{"@type":["Organization","Place","Store"],"@id":"https:\/\/somllavors.com\/es#organization","name":"Som Llavors","alternateName":"Crian\u00e7a Natural i Sostenible","url":"https:\/\/somllavors.com\/es","logo":{"@id":"https:\/\/somllavors.com\/es\/producte\/cama-de-fotos-de-madera#local-main-organization-logo"},"image":{"@id":"https:\/\/somllavors.com\/es\/producte\/cama-de-fotos-de-madera#local-main-organization-logo"},"sameAs":["https:\/\/www.facebook.com\/somllavorsvng\/?locale=ca_ES","https:\/\/www.instagram.com\/somllavors_vng\/","https:\/\/www.youtube.com\/@somllavors"],"address":{"@id":"https:\/\/somllavors.com\/es\/producte\/cama-de-fotos-de-madera#local-main-place-address"},"geo":{"@type":"GeoCoordinates","latitude":"41.2257737","longitude":"1.723258859"},"telephone":["623152704","623152704"],"openingHoursSpecification":[{"@type":"OpeningHoursSpecification","dayOfWeek":["Monday","Sunday"],"opens":"00:00","closes":"00:00"},{"@type":"OpeningHoursSpecification","dayOfWeek":["Tuesday","Wednesday","Thursday","Friday"],"opens":"10:00","closes":"20:00"},{"@type":"OpeningHoursSpecification","dayOfWeek":["Saturday"],"opens":"10:00","closes":"13:30"}],"email":"info@somllavors.com"},{"@type":"PostalAddress","@id":"https:\/\/somllavors.com\/es\/producte\/cama-de-fotos-de-madera#local-main-place-address","streetAddress":"Carrer de l'aigua, 6","addressLocality":"Vilanova i la Geltr\u00fa","postalCode":"08800","addressRegion":"Barcelona","addressCountry":"ES"},{"@type":"ImageObject","inLanguage":"es","@id":"https:\/\/somllavors.com\/es\/producte\/cama-de-fotos-de-madera#local-main-organization-logo","url":"https:\/\/somllavors.com\/wp-content\/uploads\/Logotip-Som-Llavors.jpg","contentUrl":"https:\/\/somllavors.com\/wp-content\/uploads\/Logotip-Som-Llavors.jpg","width":1444,"height":1323,"caption":"Som Llavors"}]},"product_price_amount":"10.20","product_price_currency":"EUR","og_availability":"instock","product_availability":"instock","product_retailer_item_id":"44034","product_condition":"new","geo.placename":"Vilanova i la Geltr\u00fa","geo.position":{"lat":"41.2257737","long":"1.723258859"},"geo.region":"Espa\u00f1a"},"brands":[],"_links":{"self":[{"href":"https:\/\/somllavors.com\/es\/wp-json\/wp\/v2\/product\/70108","targetHints":{"allow":["GET"]}}],"collection":[{"href":"https:\/\/somllavors.com\/es\/wp-json\/wp\/v2\/product"}],"about":[{"href":"https:\/\/somllavors.com\/es\/wp-json\/wp\/v2\/types\/product"}],"wp:featuredmedia":[{"embeddable":true,"href":"https:\/\/somllavors.com\/es\/wp-json\/wp\/v2\/media\/70109"}],"wp:attachment":[{"href":"https:\/\/somllavors.com\/es\/wp-json\/wp\/v2\/media?parent=70108"}],"wp:term":[{"taxonomy":"pwb-brand","embeddable":true,"href":"https:\/\/somllavors.com\/es\/wp-json\/wp\/v2\/pwb-brand?post=70108"},{"taxonomy":"product_brand","embeddable":true,"href":"https:\/\/somllavors.com\/es\/wp-json\/wp\/v2\/product_brand?post=70108"},{"taxonomy":"product_cat","embeddable":true,"href":"https:\/\/somllavors.com\/es\/wp-json\/wp\/v2\/product_cat?post=70108"},{"taxonomy":"product_tag","embeddable":true,"href":"https:\/\/somllavors.com\/es\/wp-json\/wp\/v2\/product_tag?post=70108"}],"curies":[{"name":"wp","href":"https:\/\/api.w.org\/{rel}","templated":true}]}}