{"id":70381,"date":"2024-12-03T17:43:25","date_gmt":"2024-12-03T16:43:25","guid":{"rendered":"https:\/\/somllavors.com\/?post_type=product&#038;p=70381"},"modified":"2025-04-25T18:52:49","modified_gmt":"2025-04-25T16:52:49","slug":"lampara-quitamiedos-conejo-mrs-rabbit-trixie","status":"publish","type":"product","link":"https:\/\/somllavors.com\/es\/producte\/lampara-quitamiedos-conejo-mrs-rabbit-trixie","title":{"rendered":"L\u00e1mpara quitamiedos Conejo Mrs Rabbit- Trixie"},"content":{"rendered":"<p>Lampara de noche, quitamiedos<\/p>\n<p>Animal simp\u00e1tico que estar\u00e1 encantado de acompa\u00f1ar a tu criatura en sus sue\u00f1os una vez que se apaguen las luces.<\/p>\n<p>Acabar\u00e1 con las pesadillas y emitir\u00e1 su suave luz en la habitaci\u00f3n.<\/p>\n","protected":false},"excerpt":{"rendered":"<p>Lampara de noche, quitamiedos<\/p>\n<p>Esta luz nocturna es recargable y est\u00e1 hecha de silicona suave. Simplemente presione su cabeza para ajustar la intensidad de la luz.<\/p>\n<ul class=\"description-list\">\n<li>Desde el nacimiento<\/li>\n<li>F\u00e1cil de apagar con un toque<\/li>\n<li>Bater\u00eda de litio recargable<\/li>\n<li>Incluye cable cargador<\/li>\n<li>Minutero temporizador de 30 minutos<\/li>\n<li>Material: Silicona<\/li>\n<li>F\u00e1cil de limpiar<\/li>\n<li>Dimensiones 17x12x13<\/li>\n<\/ul>\n","protected":false},"featured_media":70386,"template":"","meta":{"_acf_changed":false,"site-sidebar-layout":"default","site-content-layout":"","ast-site-content-layout":"default","site-content-style":"default","site-sidebar-style":"default","ast-global-header-display":"","ast-banner-title-visibility":"","ast-main-header-display":"","ast-hfb-above-header-display":"","ast-hfb-below-header-display":"","ast-hfb-mobile-header-display":"","site-post-title":"","ast-breadcrumbs-content":"","ast-featured-img":"","footer-sml-layout":"","ast-disable-related-posts":"","theme-transparent-header-meta":"default","adv-header-id-meta":"","stick-header-meta":"","header-above-stick-meta":"","header-main-stick-meta":"","header-below-stick-meta":"","astra-migrate-meta-layouts":"set","ast-page-background-enabled":"default","ast-page-background-meta":{"desktop":{"background-color":"","background-image":"","background-repeat":"repeat","background-position":"center center","background-size":"auto","background-attachment":"scroll","background-type":"","background-media":"","overlay-type":"","overlay-color":"","overlay-opacity":"","overlay-gradient":""},"tablet":{"background-color":"","background-image":"","background-repeat":"repeat","background-position":"center center","background-size":"auto","background-attachment":"scroll","background-type":"","background-media":"","overlay-type":"","overlay-color":"","overlay-opacity":"","overlay-gradient":""},"mobile":{"background-color":"","background-image":"","background-repeat":"repeat","background-position":"center center","background-size":"auto","background-attachment":"scroll","background-type":"","background-media":"","overlay-type":"","overlay-color":"","overlay-opacity":"","overlay-gradient":""}},"ast-content-background-meta":{"desktop":{"background-color":"var(--ast-global-color-5)","background-image":"","background-repeat":"repeat","background-position":"center center","background-size":"auto","background-attachment":"scroll","background-type":"","background-media":"","overlay-type":"","overlay-color":"","overlay-opacity":"","overlay-gradient":""},"tablet":{"background-color":"var(--ast-global-color-5)","background-image":"","background-repeat":"repeat","background-position":"center center","background-size":"auto","background-attachment":"scroll","background-type":"","background-media":"","overlay-type":"","overlay-color":"","overlay-opacity":"","overlay-gradient":""},"mobile":{"background-color":"var(--ast-global-color-5)","background-image":"","background-repeat":"repeat","background-position":"center center","background-size":"auto","background-attachment":"scroll","background-type":"","background-media":"","overlay-type":"","overlay-color":"","overlay-opacity":"","overlay-gradient":""}}},"pwb-brand":[4098],"product_brand":[],"product_cat":[3369,3367,3368,3373,3371,3370,3558,3535,3586,3552,3599,4094],"product_tag":[3806,5300,5296,5298,5297,5299,5301,5302],"class_list":{"0":"post-70381","1":"product","2":"type-product","3":"status-publish","4":"has-post-thumbnail","6":"pwb-brand-trixie","7":"product_cat-12-meses","8":"product_cat-18-meses","9":"product_cat-2-anos","10":"product_cat-3-anos","11":"product_cat-3-meses","12":"product_cat-6-meses","13":"product_cat-0-meses","14":"product_cat-decoracion","15":"product_cat-listas-de-nacimiento","16":"product_cat-luces-y-sombras","17":"product_cat-para-dormir","18":"product_cat-trixie-es","19":"product_tag-conejo-es","20":"product_tag-habitacion-infantil","21":"product_tag-luz-noctura","22":"product_tag-luz-para-la-noche","23":"product_tag-quitamiedos","24":"product_tag-regalo-nacimiento","25":"product_tag-regalo-navidad","26":"product_tag-regalo-reyes","27":"desktop-align-left","28":"tablet-align-left","29":"mobile-align-left","31":"first","32":"instock","33":"taxable","34":"shipping-taxable","35":"purchasable","36":"product-type-simple"},"acf":[],"yoast_head":"<!-- This site is optimized with the Yoast SEO Premium plugin v18.3 (Yoast SEO v27.4) - https:\/\/yoast.com\/product\/yoast-seo-premium-wordpress\/ -->\n<title>L\u00e1mpara quitamiedos Conejo Mrs Rabbit- Trixie &#8212; Som Llavors<\/title>\n<meta name=\"description\" content=\"Lampara de noche, quitamiedos  Esta luz nocturna es recargable y est\u00e1 hecha de silicona suave. Simplemente presione su cabeza para ajustar la intensidad de la luz.   Desde el nacimiento  F\u00e1cil de apagar con un toque  Bater\u00eda de litio recargable  Incluye cable cargador  Minutero temporizador de 30 minutos  Material: Silicona  F\u00e1cil de limpiar  Dimensiones 17x12x13\" \/>\n<meta name=\"robots\" content=\"index, follow, max-snippet:-1, max-image-preview:large, max-video-preview:-1\" \/>\n<link rel=\"canonical\" href=\"https:\/\/somllavors.com\/es\/producte\/lampara-quitamiedos-conejo-mrs-rabbit-trixie\" \/>\n<meta property=\"og:locale\" content=\"es_ES\" \/>\n<meta property=\"og:type\" content=\"article\" \/>\n<meta property=\"og:title\" content=\"L\u00e1mpara quitamiedos Conejo Mrs Rabbit- Trixie\" \/>\n<meta property=\"og:description\" content=\"La teva botiga d\u2019ecocrian\u00e7a i espai d\u2019acompanyament a la maternitat\" \/>\n<meta property=\"og:url\" content=\"https:\/\/somllavors.com\/es\/producte\/lampara-quitamiedos-conejo-mrs-rabbit-trixie\" \/>\n<meta property=\"og:site_name\" content=\"Som Llavors\" \/>\n<meta property=\"article:publisher\" content=\"https:\/\/www.facebook.com\/somllavorsvng\/?locale=ca_ES\" \/>\n<meta property=\"article:modified_time\" content=\"2025-04-25T16:52:49+00:00\" \/>\n<meta property=\"og:image\" content=\"https:\/\/somllavors.com\/wp-content\/uploads\/2024\/12\/Som-Llavors-lampara-quitamiedos-mrs-conejo-trixie-3.jpg\" \/>\n\t<meta property=\"og:image:width\" content=\"1080\" \/>\n\t<meta property=\"og:image:height\" content=\"1080\" \/>\n\t<meta property=\"og:image:type\" content=\"image\/jpeg\" \/>\n<meta name=\"twitter:card\" content=\"summary_large_image\" \/>\n<meta name=\"twitter:label1\" content=\"Precio\" \/>\n\t<meta name=\"twitter:data1\" content=\"36,99&euro; Iva incl\u00f2s\" \/>\n\t<meta name=\"twitter:label2\" content=\"Availability\" \/>\n\t<meta name=\"twitter:data2\" content=\"Hay existencias\" \/>\n<script type=\"application\/ld+json\" class=\"yoast-schema-graph\">{\"@context\":\"https:\\\/\\\/schema.org\",\"@graph\":[{\"@type\":\"WebPage\",\"@id\":\"https:\\\/\\\/somllavors.com\\\/es\\\/producte\\\/lampara-quitamiedos-conejo-mrs-rabbit-trixie\",\"url\":\"https:\\\/\\\/somllavors.com\\\/es\\\/producte\\\/lampara-quitamiedos-conejo-mrs-rabbit-trixie\",\"name\":\"L\u00e1mpara quitamiedos Conejo Mrs Rabbit- Trixie &#8212; Som Llavors\",\"isPartOf\":{\"@id\":\"https:\\\/\\\/somllavors.com\\\/es#website\"},\"primaryImageOfPage\":{\"@id\":\"https:\\\/\\\/somllavors.com\\\/es\\\/producte\\\/lampara-quitamiedos-conejo-mrs-rabbit-trixie#primaryimage\"},\"image\":{\"@id\":\"https:\\\/\\\/somllavors.com\\\/es\\\/producte\\\/lampara-quitamiedos-conejo-mrs-rabbit-trixie#primaryimage\"},\"thumbnailUrl\":\"https:\\\/\\\/somllavors.com\\\/wp-content\\\/uploads\\\/2024\\\/12\\\/Som-Llavors-lampara-quitamiedos-mrs-conejo-trixie-3.jpg\",\"datePublished\":\"2024-12-03T16:43:25+00:00\",\"dateModified\":\"2025-04-25T16:52:49+00:00\",\"description\":\"Lampara de noche, quitamiedos Esta luz nocturna es recargable y est\u00e1 hecha de silicona suave. Simplemente presione su cabeza para ajustar la intensidad de la luz. Desde el nacimiento F\u00e1cil de apagar con un toque Bater\u00eda de litio recargable Incluye cable cargador Minutero temporizador de 30 minutos Material: Silicona F\u00e1cil de limpiar Dimensiones 17x12x13\",\"breadcrumb\":{\"@id\":\"https:\\\/\\\/somllavors.com\\\/es\\\/producte\\\/lampara-quitamiedos-conejo-mrs-rabbit-trixie#breadcrumb\"},\"inLanguage\":\"es\",\"potentialAction\":[{\"@type\":\"ReadAction\",\"target\":[\"https:\\\/\\\/somllavors.com\\\/es\\\/producte\\\/lampara-quitamiedos-conejo-mrs-rabbit-trixie\"]}]},{\"@type\":\"ImageObject\",\"inLanguage\":\"es\",\"@id\":\"https:\\\/\\\/somllavors.com\\\/es\\\/producte\\\/lampara-quitamiedos-conejo-mrs-rabbit-trixie#primaryimage\",\"url\":\"https:\\\/\\\/somllavors.com\\\/wp-content\\\/uploads\\\/2024\\\/12\\\/Som-Llavors-lampara-quitamiedos-mrs-conejo-trixie-3.jpg\",\"contentUrl\":\"https:\\\/\\\/somllavors.com\\\/wp-content\\\/uploads\\\/2024\\\/12\\\/Som-Llavors-lampara-quitamiedos-mrs-conejo-trixie-3.jpg\",\"width\":1080,\"height\":1080,\"caption\":\"lampara quitamiedos mrs rabbit conejo trixie\"},{\"@type\":\"BreadcrumbList\",\"@id\":\"https:\\\/\\\/somllavors.com\\\/es\\\/producte\\\/lampara-quitamiedos-conejo-mrs-rabbit-trixie#breadcrumb\",\"itemListElement\":[{\"@type\":\"ListItem\",\"position\":1,\"name\":\"Inici\",\"item\":\"https:\\\/\\\/somllavors.com\\\/es\"},{\"@type\":\"ListItem\",\"position\":2,\"name\":\"Tienda\",\"item\":\"https:\\\/\\\/somllavors.com\\\/es\\\/botiga-2\"},{\"@type\":\"ListItem\",\"position\":3,\"name\":\"L\u00e1mpara quitamiedos Conejo Mrs Rabbit- Trixie\"}]},{\"@type\":\"WebSite\",\"@id\":\"https:\\\/\\\/somllavors.com\\\/es#website\",\"url\":\"https:\\\/\\\/somllavors.com\\\/es\",\"name\":\"Som Llavors\",\"description\":\"Botiga de crian\u00e7a natural\",\"publisher\":{\"@id\":\"https:\\\/\\\/somllavors.com\\\/es#organization\"},\"alternateName\":\"Crian\u00e7a Natural i Sostenible\",\"potentialAction\":[{\"@type\":\"SearchAction\",\"target\":{\"@type\":\"EntryPoint\",\"urlTemplate\":\"https:\\\/\\\/somllavors.com\\\/es?s={search_term_string}\"},\"query-input\":{\"@type\":\"PropertyValueSpecification\",\"valueRequired\":true,\"valueName\":\"search_term_string\"}}],\"inLanguage\":\"es\"},{\"@type\":[\"Organization\",\"Place\",\"Store\"],\"@id\":\"https:\\\/\\\/somllavors.com\\\/es#organization\",\"name\":\"Som Llavors\",\"alternateName\":\"Crian\u00e7a Natural i Sostenible\",\"url\":\"https:\\\/\\\/somllavors.com\\\/es\",\"logo\":{\"@id\":\"https:\\\/\\\/somllavors.com\\\/es\\\/producte\\\/lampara-quitamiedos-conejo-mrs-rabbit-trixie#local-main-organization-logo\"},\"image\":{\"@id\":\"https:\\\/\\\/somllavors.com\\\/es\\\/producte\\\/lampara-quitamiedos-conejo-mrs-rabbit-trixie#local-main-organization-logo\"},\"sameAs\":[\"https:\\\/\\\/www.facebook.com\\\/somllavorsvng\\\/?locale=ca_ES\",\"https:\\\/\\\/www.instagram.com\\\/somllavors_vng\\\/\",\"https:\\\/\\\/www.youtube.com\\\/@somllavors\"],\"address\":{\"@id\":\"https:\\\/\\\/somllavors.com\\\/es\\\/producte\\\/lampara-quitamiedos-conejo-mrs-rabbit-trixie#local-main-place-address\"},\"geo\":{\"@type\":\"GeoCoordinates\",\"latitude\":\"41.2257737\",\"longitude\":\"1.723258859\"},\"telephone\":[\"623152704\"],\"openingHoursSpecification\":[{\"@type\":\"OpeningHoursSpecification\",\"dayOfWeek\":[\"Monday\",\"Sunday\"],\"opens\":\"00:00\",\"closes\":\"00:00\"},{\"@type\":\"OpeningHoursSpecification\",\"dayOfWeek\":[\"Tuesday\",\"Wednesday\",\"Thursday\",\"Friday\"],\"opens\":\"10:00\",\"closes\":\"20:00\"},{\"@type\":\"OpeningHoursSpecification\",\"dayOfWeek\":[\"Saturday\"],\"opens\":\"10:00\",\"closes\":\"13:30\"}],\"email\":\"info@somllavors.com\"},{\"@type\":\"PostalAddress\",\"@id\":\"https:\\\/\\\/somllavors.com\\\/es\\\/producte\\\/lampara-quitamiedos-conejo-mrs-rabbit-trixie#local-main-place-address\",\"streetAddress\":\"Carrer de l'aigua, 6\",\"addressLocality\":\"Vilanova i la Geltr\u00fa\",\"postalCode\":\"08800\",\"addressRegion\":\"Barcelona\",\"addressCountry\":\"ES\"},{\"@type\":\"ImageObject\",\"inLanguage\":\"es\",\"@id\":\"https:\\\/\\\/somllavors.com\\\/es\\\/producte\\\/lampara-quitamiedos-conejo-mrs-rabbit-trixie#local-main-organization-logo\",\"url\":\"https:\\\/\\\/somllavors.com\\\/wp-content\\\/uploads\\\/Logotip-Som-Llavors.jpg\",\"contentUrl\":\"https:\\\/\\\/somllavors.com\\\/wp-content\\\/uploads\\\/Logotip-Som-Llavors.jpg\",\"width\":1444,\"height\":1323,\"caption\":\"Som Llavors\"}]}<\/script>\n<meta property=\"product:price:amount\" content=\"36.99\" \/>\n<meta property=\"product:price:currency\" content=\"EUR\" \/>\n<meta property=\"og:availability\" content=\"instock\" \/>\n<meta property=\"product:availability\" content=\"instock\" \/>\n<meta property=\"product:retailer_item_id\" content=\"18133-1-1\" \/>\n<meta property=\"product:condition\" content=\"new\" \/>\n<meta name=\"geo.placename\" content=\"Vilanova i la Geltr\u00fa\" \/>\n<meta name=\"geo.position\" content=\"41.2257737;1.723258859\" \/>\n<meta name=\"geo.region\" content=\"Espa\u00f1a\" \/>\n<!-- \/ Yoast SEO Premium plugin. -->","yoast_head_json":{"title":"L\u00e1mpara quitamiedos Conejo Mrs Rabbit- Trixie &#8212; Som Llavors","description":"Lampara de noche, quitamiedos  Esta luz nocturna es recargable y est\u00e1 hecha de silicona suave. Simplemente presione su cabeza para ajustar la intensidad de la luz.   Desde el nacimiento  F\u00e1cil de apagar con un toque  Bater\u00eda de litio recargable  Incluye cable cargador  Minutero temporizador de 30 minutos  Material: Silicona  F\u00e1cil de limpiar  Dimensiones 17x12x13","robots":{"index":"index","follow":"follow","max-snippet":"max-snippet:-1","max-image-preview":"max-image-preview:large","max-video-preview":"max-video-preview:-1"},"canonical":"https:\/\/somllavors.com\/es\/producte\/lampara-quitamiedos-conejo-mrs-rabbit-trixie","og_locale":"es_ES","og_type":"article","og_title":"L\u00e1mpara quitamiedos Conejo Mrs Rabbit- Trixie","og_description":"La teva botiga d\u2019ecocrian\u00e7a i espai d\u2019acompanyament a la maternitat","og_url":"https:\/\/somllavors.com\/es\/producte\/lampara-quitamiedos-conejo-mrs-rabbit-trixie","og_site_name":"Som Llavors","article_publisher":"https:\/\/www.facebook.com\/somllavorsvng\/?locale=ca_ES","article_modified_time":"2025-04-25T16:52:49+00:00","og_image":[{"width":1080,"height":1080,"url":"https:\/\/somllavors.com\/wp-content\/uploads\/2024\/12\/Som-Llavors-lampara-quitamiedos-mrs-conejo-trixie-3.jpg","type":"image\/jpeg"}],"twitter_card":"summary_large_image","twitter_misc":{"Precio":"36,99&euro; Iva incl\u00f2s","Availability":"Hay existencias"},"schema":{"@context":"https:\/\/schema.org","@graph":[{"@type":"WebPage","@id":"https:\/\/somllavors.com\/es\/producte\/lampara-quitamiedos-conejo-mrs-rabbit-trixie","url":"https:\/\/somllavors.com\/es\/producte\/lampara-quitamiedos-conejo-mrs-rabbit-trixie","name":"L\u00e1mpara quitamiedos Conejo Mrs Rabbit- Trixie &#8212; Som Llavors","isPartOf":{"@id":"https:\/\/somllavors.com\/es#website"},"primaryImageOfPage":{"@id":"https:\/\/somllavors.com\/es\/producte\/lampara-quitamiedos-conejo-mrs-rabbit-trixie#primaryimage"},"image":{"@id":"https:\/\/somllavors.com\/es\/producte\/lampara-quitamiedos-conejo-mrs-rabbit-trixie#primaryimage"},"thumbnailUrl":"https:\/\/somllavors.com\/wp-content\/uploads\/2024\/12\/Som-Llavors-lampara-quitamiedos-mrs-conejo-trixie-3.jpg","datePublished":"2024-12-03T16:43:25+00:00","dateModified":"2025-04-25T16:52:49+00:00","description":"Lampara de noche, quitamiedos Esta luz nocturna es recargable y est\u00e1 hecha de silicona suave. Simplemente presione su cabeza para ajustar la intensidad de la luz. Desde el nacimiento F\u00e1cil de apagar con un toque Bater\u00eda de litio recargable Incluye cable cargador Minutero temporizador de 30 minutos Material: Silicona F\u00e1cil de limpiar Dimensiones 17x12x13","breadcrumb":{"@id":"https:\/\/somllavors.com\/es\/producte\/lampara-quitamiedos-conejo-mrs-rabbit-trixie#breadcrumb"},"inLanguage":"es","potentialAction":[{"@type":"ReadAction","target":["https:\/\/somllavors.com\/es\/producte\/lampara-quitamiedos-conejo-mrs-rabbit-trixie"]}]},{"@type":"ImageObject","inLanguage":"es","@id":"https:\/\/somllavors.com\/es\/producte\/lampara-quitamiedos-conejo-mrs-rabbit-trixie#primaryimage","url":"https:\/\/somllavors.com\/wp-content\/uploads\/2024\/12\/Som-Llavors-lampara-quitamiedos-mrs-conejo-trixie-3.jpg","contentUrl":"https:\/\/somllavors.com\/wp-content\/uploads\/2024\/12\/Som-Llavors-lampara-quitamiedos-mrs-conejo-trixie-3.jpg","width":1080,"height":1080,"caption":"lampara quitamiedos mrs rabbit conejo trixie"},{"@type":"BreadcrumbList","@id":"https:\/\/somllavors.com\/es\/producte\/lampara-quitamiedos-conejo-mrs-rabbit-trixie#breadcrumb","itemListElement":[{"@type":"ListItem","position":1,"name":"Inici","item":"https:\/\/somllavors.com\/es"},{"@type":"ListItem","position":2,"name":"Tienda","item":"https:\/\/somllavors.com\/es\/botiga-2"},{"@type":"ListItem","position":3,"name":"L\u00e1mpara quitamiedos Conejo Mrs Rabbit- Trixie"}]},{"@type":"WebSite","@id":"https:\/\/somllavors.com\/es#website","url":"https:\/\/somllavors.com\/es","name":"Som Llavors","description":"Botiga de crian\u00e7a natural","publisher":{"@id":"https:\/\/somllavors.com\/es#organization"},"alternateName":"Crian\u00e7a Natural i Sostenible","potentialAction":[{"@type":"SearchAction","target":{"@type":"EntryPoint","urlTemplate":"https:\/\/somllavors.com\/es?s={search_term_string}"},"query-input":{"@type":"PropertyValueSpecification","valueRequired":true,"valueName":"search_term_string"}}],"inLanguage":"es"},{"@type":["Organization","Place","Store"],"@id":"https:\/\/somllavors.com\/es#organization","name":"Som Llavors","alternateName":"Crian\u00e7a Natural i Sostenible","url":"https:\/\/somllavors.com\/es","logo":{"@id":"https:\/\/somllavors.com\/es\/producte\/lampara-quitamiedos-conejo-mrs-rabbit-trixie#local-main-organization-logo"},"image":{"@id":"https:\/\/somllavors.com\/es\/producte\/lampara-quitamiedos-conejo-mrs-rabbit-trixie#local-main-organization-logo"},"sameAs":["https:\/\/www.facebook.com\/somllavorsvng\/?locale=ca_ES","https:\/\/www.instagram.com\/somllavors_vng\/","https:\/\/www.youtube.com\/@somllavors"],"address":{"@id":"https:\/\/somllavors.com\/es\/producte\/lampara-quitamiedos-conejo-mrs-rabbit-trixie#local-main-place-address"},"geo":{"@type":"GeoCoordinates","latitude":"41.2257737","longitude":"1.723258859"},"telephone":["623152704","623152704"],"openingHoursSpecification":[{"@type":"OpeningHoursSpecification","dayOfWeek":["Monday","Sunday"],"opens":"00:00","closes":"00:00"},{"@type":"OpeningHoursSpecification","dayOfWeek":["Tuesday","Wednesday","Thursday","Friday"],"opens":"10:00","closes":"20:00"},{"@type":"OpeningHoursSpecification","dayOfWeek":["Saturday"],"opens":"10:00","closes":"13:30"}],"email":"info@somllavors.com"},{"@type":"PostalAddress","@id":"https:\/\/somllavors.com\/es\/producte\/lampara-quitamiedos-conejo-mrs-rabbit-trixie#local-main-place-address","streetAddress":"Carrer de l'aigua, 6","addressLocality":"Vilanova i la Geltr\u00fa","postalCode":"08800","addressRegion":"Barcelona","addressCountry":"ES"},{"@type":"ImageObject","inLanguage":"es","@id":"https:\/\/somllavors.com\/es\/producte\/lampara-quitamiedos-conejo-mrs-rabbit-trixie#local-main-organization-logo","url":"https:\/\/somllavors.com\/wp-content\/uploads\/Logotip-Som-Llavors.jpg","contentUrl":"https:\/\/somllavors.com\/wp-content\/uploads\/Logotip-Som-Llavors.jpg","width":1444,"height":1323,"caption":"Som Llavors"}]},"product_price_amount":"36.99","product_price_currency":"EUR","og_availability":"instock","product_availability":"instock","product_retailer_item_id":"18133-1-1","product_condition":"new","geo.placename":"Vilanova i la Geltr\u00fa","geo.position":{"lat":"41.2257737","long":"1.723258859"},"geo.region":"Espa\u00f1a"},"brands":[{"id":4098,"name":"Trixie","slug":"trixie"}],"_links":{"self":[{"href":"https:\/\/somllavors.com\/es\/wp-json\/wp\/v2\/product\/70381","targetHints":{"allow":["GET"]}}],"collection":[{"href":"https:\/\/somllavors.com\/es\/wp-json\/wp\/v2\/product"}],"about":[{"href":"https:\/\/somllavors.com\/es\/wp-json\/wp\/v2\/types\/product"}],"wp:featuredmedia":[{"embeddable":true,"href":"https:\/\/somllavors.com\/es\/wp-json\/wp\/v2\/media\/70386"}],"wp:attachment":[{"href":"https:\/\/somllavors.com\/es\/wp-json\/wp\/v2\/media?parent=70381"}],"wp:term":[{"taxonomy":"pwb-brand","embeddable":true,"href":"https:\/\/somllavors.com\/es\/wp-json\/wp\/v2\/pwb-brand?post=70381"},{"taxonomy":"product_brand","embeddable":true,"href":"https:\/\/somllavors.com\/es\/wp-json\/wp\/v2\/product_brand?post=70381"},{"taxonomy":"product_cat","embeddable":true,"href":"https:\/\/somllavors.com\/es\/wp-json\/wp\/v2\/product_cat?post=70381"},{"taxonomy":"product_tag","embeddable":true,"href":"https:\/\/somllavors.com\/es\/wp-json\/wp\/v2\/product_tag?post=70381"}],"curies":[{"name":"wp","href":"https:\/\/api.w.org\/{rel}","templated":true}]}}