{"id":70416,"date":"2024-12-04T10:32:58","date_gmt":"2024-12-04T09:32:58","guid":{"rendered":"https:\/\/somllavors.com\/?post_type=product&#038;p=70416"},"modified":"2024-12-04T10:35:59","modified_gmt":"2024-12-04T09:35:59","slug":"juego-de-equilibrio-trixie","status":"publish","type":"product","link":"https:\/\/somllavors.com\/es\/producte\/juego-de-equilibrio-trixie","title":{"rendered":"Juego de equilibrio &#8211; Trixie"},"content":{"rendered":"<div>Divertido juego de equilibrio sobre la tem\u00e1tica de animales. Las criaturas tendr\u00e1 que apilar las piezas en forma irregular de animales y conseguir que se mantengan en equilibrio.<\/div>\n<div><\/div>\n<p>En Trixie, la principal fuente de inspiraci\u00f3n es la imaginaci\u00f3n sin l\u00edmites. Intentan integrar esa fuente de imaginaci\u00f3n en la creaci\u00f3n de productos y estampados que crean todo un universo de juego. Adem\u00e1s, solo utilizan materiales de alta calidad, producidos con las m\u00e1s altas t\u00e9cnicas, con el fin de asegurar que sus productos duren, a\u00f1o tras a\u00f1o<\/p>\n<div class=\"label_row\">Caracter\u00edsticas<\/div>\n<ul>\n<li>Material: madera de haya FSC<\/li>\n<li>Medidas: 25 x 19 x 2,5cm<\/li>\n<li>A partir de 3 a\u00f1os<\/li>\n<\/ul>\n<p>&nbsp;<\/p>\n<p class=\"marcadoCE\">(*) Este producto incluye marcado CE de conformidad con la legislaci\u00f3n de la Uni\u00f3n Europea<\/p>\n","protected":false},"excerpt":{"rendered":"<div>Juego de equilibrio<\/div>\n<div>Divertido juego de equilibrio sobre la tem\u00e1tica de animales. Las criaturas tendr\u00e1 que apilar las piezas en forma irregular de animales y conseguir que se mantengan en equilibrio.<\/div>\n","protected":false},"featured_media":70419,"template":"","meta":{"_acf_changed":false,"site-sidebar-layout":"default","site-content-layout":"","ast-site-content-layout":"default","site-content-style":"default","site-sidebar-style":"default","ast-global-header-display":"","ast-banner-title-visibility":"","ast-main-header-display":"","ast-hfb-above-header-display":"","ast-hfb-below-header-display":"","ast-hfb-mobile-header-display":"","site-post-title":"","ast-breadcrumbs-content":"","ast-featured-img":"","footer-sml-layout":"","ast-disable-related-posts":"","theme-transparent-header-meta":"default","adv-header-id-meta":"","stick-header-meta":"","header-above-stick-meta":"","header-main-stick-meta":"","header-below-stick-meta":"","astra-migrate-meta-layouts":"set","ast-page-background-enabled":"default","ast-page-background-meta":{"desktop":{"background-color":"","background-image":"","background-repeat":"repeat","background-position":"center center","background-size":"auto","background-attachment":"scroll","background-type":"","background-media":"","overlay-type":"","overlay-color":"","overlay-opacity":"","overlay-gradient":""},"tablet":{"background-color":"","background-image":"","background-repeat":"repeat","background-position":"center center","background-size":"auto","background-attachment":"scroll","background-type":"","background-media":"","overlay-type":"","overlay-color":"","overlay-opacity":"","overlay-gradient":""},"mobile":{"background-color":"","background-image":"","background-repeat":"repeat","background-position":"center center","background-size":"auto","background-attachment":"scroll","background-type":"","background-media":"","overlay-type":"","overlay-color":"","overlay-opacity":"","overlay-gradient":""}},"ast-content-background-meta":{"desktop":{"background-color":"var(--ast-global-color-5)","background-image":"","background-repeat":"repeat","background-position":"center center","background-size":"auto","background-attachment":"scroll","background-type":"","background-media":"","overlay-type":"","overlay-color":"","overlay-opacity":"","overlay-gradient":""},"tablet":{"background-color":"var(--ast-global-color-5)","background-image":"","background-repeat":"repeat","background-position":"center center","background-size":"auto","background-attachment":"scroll","background-type":"","background-media":"","overlay-type":"","overlay-color":"","overlay-opacity":"","overlay-gradient":""},"mobile":{"background-color":"var(--ast-global-color-5)","background-image":"","background-repeat":"repeat","background-position":"center center","background-size":"auto","background-attachment":"scroll","background-type":"","background-media":"","overlay-type":"","overlay-color":"","overlay-opacity":"","overlay-gradient":""}}},"pwb-brand":[4098],"product_brand":[],"product_cat":[3373,3539,3542,3543,3536,4094],"product_tag":[5307,5276,5305,5308,5306,5280,2422,5301,5028],"class_list":{"0":"post-70416","1":"product","2":"type-product","3":"status-publish","4":"has-post-thumbnail","6":"pwb-brand-trixie","7":"product_cat-3-anos","8":"product_cat-encajables-apilables-equilibrio-y-construcciones","9":"product_cat-juegos-de-madera","10":"product_cat-juegos-de-mesa","11":"product_cat-juegos-y-juguetes-educativos","12":"product_cat-trixie-es","13":"product_tag-juego-3-anos","14":"product_tag-juego-de-colores","15":"product_tag-juego-de-equiklibrio","16":"product_tag-juego-de-mesa-es","17":"product_tag-jugar-en-familia","18":"product_tag-juguete-de-madera","19":"product_tag-regalo-es","20":"product_tag-regalo-navidad","21":"product_tag-trixie-es","22":"desktop-align-left","23":"tablet-align-left","24":"mobile-align-left","26":"first","27":"instock","28":"taxable","29":"shipping-taxable","30":"purchasable","31":"product-type-simple"},"acf":[],"yoast_head":"<!-- This site is optimized with the Yoast SEO Premium plugin v18.3 (Yoast SEO v27.4) - https:\/\/yoast.com\/product\/yoast-seo-premium-wordpress\/ -->\n<title>Juego de equilibrio - Trixie &#8212; Som Llavors<\/title>\n<meta name=\"description\" content=\"Juego de equilibrio Divertido juego de equilibrio sobre la tem\u00e1tica de animales. Las criaturas tendr\u00e1 que apilar las piezas en forma irregular de animales y conseguir que se mantengan en equilibrio.\" \/>\n<meta name=\"robots\" content=\"index, follow, max-snippet:-1, max-image-preview:large, max-video-preview:-1\" \/>\n<link rel=\"canonical\" href=\"https:\/\/somllavors.com\/es\/producte\/juego-de-equilibrio-trixie\" \/>\n<meta property=\"og:locale\" content=\"es_ES\" \/>\n<meta property=\"og:type\" content=\"article\" \/>\n<meta property=\"og:title\" content=\"Juego de equilibrio - Trixie\" \/>\n<meta property=\"og:description\" content=\"La teva botiga d\u2019ecocrian\u00e7a i espai d\u2019acompanyament a la maternitat\" \/>\n<meta property=\"og:url\" content=\"https:\/\/somllavors.com\/es\/producte\/juego-de-equilibrio-trixie\" \/>\n<meta property=\"og:site_name\" content=\"Som Llavors\" \/>\n<meta property=\"article:publisher\" content=\"https:\/\/www.facebook.com\/somllavorsvng\/?locale=ca_ES\" \/>\n<meta property=\"article:modified_time\" content=\"2024-12-04T09:35:59+00:00\" \/>\n<meta property=\"og:image\" content=\"https:\/\/somllavors.com\/wp-content\/uploads\/2024\/12\/Som-Llavors-trixie-juego-de-equilibrio.jpg\" \/>\n\t<meta property=\"og:image:width\" content=\"1080\" \/>\n\t<meta property=\"og:image:height\" content=\"1080\" \/>\n\t<meta property=\"og:image:type\" content=\"image\/jpeg\" \/>\n<meta name=\"twitter:card\" content=\"summary_large_image\" \/>\n<meta name=\"twitter:label1\" content=\"Precio\" \/>\n\t<meta name=\"twitter:data1\" content=\"24,95&euro; Iva incl\u00f2s\" \/>\n\t<meta name=\"twitter:label2\" content=\"Availability\" \/>\n\t<meta name=\"twitter:data2\" content=\"Hay existencias\" \/>\n<script type=\"application\/ld+json\" class=\"yoast-schema-graph\">{\"@context\":\"https:\\\/\\\/schema.org\",\"@graph\":[{\"@type\":\"WebPage\",\"@id\":\"https:\\\/\\\/somllavors.com\\\/es\\\/producte\\\/juego-de-equilibrio-trixie\",\"url\":\"https:\\\/\\\/somllavors.com\\\/es\\\/producte\\\/juego-de-equilibrio-trixie\",\"name\":\"Juego de equilibrio - Trixie &#8212; Som Llavors\",\"isPartOf\":{\"@id\":\"https:\\\/\\\/somllavors.com\\\/es#website\"},\"primaryImageOfPage\":{\"@id\":\"https:\\\/\\\/somllavors.com\\\/es\\\/producte\\\/juego-de-equilibrio-trixie#primaryimage\"},\"image\":{\"@id\":\"https:\\\/\\\/somllavors.com\\\/es\\\/producte\\\/juego-de-equilibrio-trixie#primaryimage\"},\"thumbnailUrl\":\"https:\\\/\\\/somllavors.com\\\/wp-content\\\/uploads\\\/2024\\\/12\\\/Som-Llavors-trixie-juego-de-equilibrio.jpg\",\"datePublished\":\"2024-12-04T09:32:58+00:00\",\"dateModified\":\"2024-12-04T09:35:59+00:00\",\"description\":\"Juego de equilibrio Divertido juego de equilibrio sobre la tem\u00e1tica de animales. Las criaturas tendr\u00e1 que apilar las piezas en forma irregular de animales y conseguir que se mantengan en equilibrio.\",\"breadcrumb\":{\"@id\":\"https:\\\/\\\/somllavors.com\\\/es\\\/producte\\\/juego-de-equilibrio-trixie#breadcrumb\"},\"inLanguage\":\"es\",\"potentialAction\":[{\"@type\":\"ReadAction\",\"target\":[\"https:\\\/\\\/somllavors.com\\\/es\\\/producte\\\/juego-de-equilibrio-trixie\"]}]},{\"@type\":\"ImageObject\",\"inLanguage\":\"es\",\"@id\":\"https:\\\/\\\/somllavors.com\\\/es\\\/producte\\\/juego-de-equilibrio-trixie#primaryimage\",\"url\":\"https:\\\/\\\/somllavors.com\\\/wp-content\\\/uploads\\\/2024\\\/12\\\/Som-Llavors-trixie-juego-de-equilibrio.jpg\",\"contentUrl\":\"https:\\\/\\\/somllavors.com\\\/wp-content\\\/uploads\\\/2024\\\/12\\\/Som-Llavors-trixie-juego-de-equilibrio.jpg\",\"width\":1080,\"height\":1080,\"caption\":\"juego de equilibrio trixie juguete madera\"},{\"@type\":\"BreadcrumbList\",\"@id\":\"https:\\\/\\\/somllavors.com\\\/es\\\/producte\\\/juego-de-equilibrio-trixie#breadcrumb\",\"itemListElement\":[{\"@type\":\"ListItem\",\"position\":1,\"name\":\"Inici\",\"item\":\"https:\\\/\\\/somllavors.com\\\/es\"},{\"@type\":\"ListItem\",\"position\":2,\"name\":\"Tienda\",\"item\":\"https:\\\/\\\/somllavors.com\\\/es\\\/botiga-2\"},{\"@type\":\"ListItem\",\"position\":3,\"name\":\"Juego de equilibrio &#8211; Trixie\"}]},{\"@type\":\"WebSite\",\"@id\":\"https:\\\/\\\/somllavors.com\\\/es#website\",\"url\":\"https:\\\/\\\/somllavors.com\\\/es\",\"name\":\"Som Llavors\",\"description\":\"Botiga de crian\u00e7a natural\",\"publisher\":{\"@id\":\"https:\\\/\\\/somllavors.com\\\/es#organization\"},\"alternateName\":\"Crian\u00e7a Natural i Sostenible\",\"potentialAction\":[{\"@type\":\"SearchAction\",\"target\":{\"@type\":\"EntryPoint\",\"urlTemplate\":\"https:\\\/\\\/somllavors.com\\\/es?s={search_term_string}\"},\"query-input\":{\"@type\":\"PropertyValueSpecification\",\"valueRequired\":true,\"valueName\":\"search_term_string\"}}],\"inLanguage\":\"es\"},{\"@type\":[\"Organization\",\"Place\",\"Store\"],\"@id\":\"https:\\\/\\\/somllavors.com\\\/es#organization\",\"name\":\"Som Llavors\",\"alternateName\":\"Crian\u00e7a Natural i Sostenible\",\"url\":\"https:\\\/\\\/somllavors.com\\\/es\",\"logo\":{\"@id\":\"https:\\\/\\\/somllavors.com\\\/es\\\/producte\\\/juego-de-equilibrio-trixie#local-main-organization-logo\"},\"image\":{\"@id\":\"https:\\\/\\\/somllavors.com\\\/es\\\/producte\\\/juego-de-equilibrio-trixie#local-main-organization-logo\"},\"sameAs\":[\"https:\\\/\\\/www.facebook.com\\\/somllavorsvng\\\/?locale=ca_ES\",\"https:\\\/\\\/www.instagram.com\\\/somllavors_vng\\\/\",\"https:\\\/\\\/www.youtube.com\\\/@somllavors\"],\"address\":{\"@id\":\"https:\\\/\\\/somllavors.com\\\/es\\\/producte\\\/juego-de-equilibrio-trixie#local-main-place-address\"},\"geo\":{\"@type\":\"GeoCoordinates\",\"latitude\":\"41.2257737\",\"longitude\":\"1.723258859\"},\"telephone\":[\"623152704\"],\"openingHoursSpecification\":[{\"@type\":\"OpeningHoursSpecification\",\"dayOfWeek\":[\"Monday\",\"Sunday\"],\"opens\":\"00:00\",\"closes\":\"00:00\"},{\"@type\":\"OpeningHoursSpecification\",\"dayOfWeek\":[\"Tuesday\",\"Wednesday\",\"Thursday\",\"Friday\"],\"opens\":\"10:00\",\"closes\":\"20:00\"},{\"@type\":\"OpeningHoursSpecification\",\"dayOfWeek\":[\"Saturday\"],\"opens\":\"10:00\",\"closes\":\"13:30\"}],\"email\":\"info@somllavors.com\"},{\"@type\":\"PostalAddress\",\"@id\":\"https:\\\/\\\/somllavors.com\\\/es\\\/producte\\\/juego-de-equilibrio-trixie#local-main-place-address\",\"streetAddress\":\"Carrer de l'aigua, 6\",\"addressLocality\":\"Vilanova i la Geltr\u00fa\",\"postalCode\":\"08800\",\"addressRegion\":\"Barcelona\",\"addressCountry\":\"ES\"},{\"@type\":\"ImageObject\",\"inLanguage\":\"es\",\"@id\":\"https:\\\/\\\/somllavors.com\\\/es\\\/producte\\\/juego-de-equilibrio-trixie#local-main-organization-logo\",\"url\":\"https:\\\/\\\/somllavors.com\\\/wp-content\\\/uploads\\\/Logotip-Som-Llavors.jpg\",\"contentUrl\":\"https:\\\/\\\/somllavors.com\\\/wp-content\\\/uploads\\\/Logotip-Som-Llavors.jpg\",\"width\":1444,\"height\":1323,\"caption\":\"Som Llavors\"}]}<\/script>\n<meta property=\"product:price:amount\" content=\"24.95\" \/>\n<meta property=\"product:price:currency\" content=\"EUR\" \/>\n<meta property=\"og:availability\" content=\"instock\" \/>\n<meta property=\"product:availability\" content=\"instock\" \/>\n<meta property=\"product:retailer_item_id\" content=\"36186\" \/>\n<meta property=\"product:condition\" content=\"new\" \/>\n<meta name=\"geo.placename\" content=\"Vilanova i la Geltr\u00fa\" \/>\n<meta name=\"geo.position\" content=\"41.2257737;1.723258859\" \/>\n<meta name=\"geo.region\" content=\"Espa\u00f1a\" \/>\n<!-- \/ Yoast SEO Premium plugin. -->","yoast_head_json":{"title":"Juego de equilibrio - Trixie &#8212; Som Llavors","description":"Juego de equilibrio Divertido juego de equilibrio sobre la tem\u00e1tica de animales. Las criaturas tendr\u00e1 que apilar las piezas en forma irregular de animales y conseguir que se mantengan en equilibrio.","robots":{"index":"index","follow":"follow","max-snippet":"max-snippet:-1","max-image-preview":"max-image-preview:large","max-video-preview":"max-video-preview:-1"},"canonical":"https:\/\/somllavors.com\/es\/producte\/juego-de-equilibrio-trixie","og_locale":"es_ES","og_type":"article","og_title":"Juego de equilibrio - Trixie","og_description":"La teva botiga d\u2019ecocrian\u00e7a i espai d\u2019acompanyament a la maternitat","og_url":"https:\/\/somllavors.com\/es\/producte\/juego-de-equilibrio-trixie","og_site_name":"Som Llavors","article_publisher":"https:\/\/www.facebook.com\/somllavorsvng\/?locale=ca_ES","article_modified_time":"2024-12-04T09:35:59+00:00","og_image":[{"width":1080,"height":1080,"url":"https:\/\/somllavors.com\/wp-content\/uploads\/2024\/12\/Som-Llavors-trixie-juego-de-equilibrio.jpg","type":"image\/jpeg"}],"twitter_card":"summary_large_image","twitter_misc":{"Precio":"24,95&euro; Iva incl\u00f2s","Availability":"Hay existencias"},"schema":{"@context":"https:\/\/schema.org","@graph":[{"@type":"WebPage","@id":"https:\/\/somllavors.com\/es\/producte\/juego-de-equilibrio-trixie","url":"https:\/\/somllavors.com\/es\/producte\/juego-de-equilibrio-trixie","name":"Juego de equilibrio - Trixie &#8212; Som Llavors","isPartOf":{"@id":"https:\/\/somllavors.com\/es#website"},"primaryImageOfPage":{"@id":"https:\/\/somllavors.com\/es\/producte\/juego-de-equilibrio-trixie#primaryimage"},"image":{"@id":"https:\/\/somllavors.com\/es\/producte\/juego-de-equilibrio-trixie#primaryimage"},"thumbnailUrl":"https:\/\/somllavors.com\/wp-content\/uploads\/2024\/12\/Som-Llavors-trixie-juego-de-equilibrio.jpg","datePublished":"2024-12-04T09:32:58+00:00","dateModified":"2024-12-04T09:35:59+00:00","description":"Juego de equilibrio Divertido juego de equilibrio sobre la tem\u00e1tica de animales. Las criaturas tendr\u00e1 que apilar las piezas en forma irregular de animales y conseguir que se mantengan en equilibrio.","breadcrumb":{"@id":"https:\/\/somllavors.com\/es\/producte\/juego-de-equilibrio-trixie#breadcrumb"},"inLanguage":"es","potentialAction":[{"@type":"ReadAction","target":["https:\/\/somllavors.com\/es\/producte\/juego-de-equilibrio-trixie"]}]},{"@type":"ImageObject","inLanguage":"es","@id":"https:\/\/somllavors.com\/es\/producte\/juego-de-equilibrio-trixie#primaryimage","url":"https:\/\/somllavors.com\/wp-content\/uploads\/2024\/12\/Som-Llavors-trixie-juego-de-equilibrio.jpg","contentUrl":"https:\/\/somllavors.com\/wp-content\/uploads\/2024\/12\/Som-Llavors-trixie-juego-de-equilibrio.jpg","width":1080,"height":1080,"caption":"juego de equilibrio trixie juguete madera"},{"@type":"BreadcrumbList","@id":"https:\/\/somllavors.com\/es\/producte\/juego-de-equilibrio-trixie#breadcrumb","itemListElement":[{"@type":"ListItem","position":1,"name":"Inici","item":"https:\/\/somllavors.com\/es"},{"@type":"ListItem","position":2,"name":"Tienda","item":"https:\/\/somllavors.com\/es\/botiga-2"},{"@type":"ListItem","position":3,"name":"Juego de equilibrio &#8211; Trixie"}]},{"@type":"WebSite","@id":"https:\/\/somllavors.com\/es#website","url":"https:\/\/somllavors.com\/es","name":"Som Llavors","description":"Botiga de crian\u00e7a natural","publisher":{"@id":"https:\/\/somllavors.com\/es#organization"},"alternateName":"Crian\u00e7a Natural i Sostenible","potentialAction":[{"@type":"SearchAction","target":{"@type":"EntryPoint","urlTemplate":"https:\/\/somllavors.com\/es?s={search_term_string}"},"query-input":{"@type":"PropertyValueSpecification","valueRequired":true,"valueName":"search_term_string"}}],"inLanguage":"es"},{"@type":["Organization","Place","Store"],"@id":"https:\/\/somllavors.com\/es#organization","name":"Som Llavors","alternateName":"Crian\u00e7a Natural i Sostenible","url":"https:\/\/somllavors.com\/es","logo":{"@id":"https:\/\/somllavors.com\/es\/producte\/juego-de-equilibrio-trixie#local-main-organization-logo"},"image":{"@id":"https:\/\/somllavors.com\/es\/producte\/juego-de-equilibrio-trixie#local-main-organization-logo"},"sameAs":["https:\/\/www.facebook.com\/somllavorsvng\/?locale=ca_ES","https:\/\/www.instagram.com\/somllavors_vng\/","https:\/\/www.youtube.com\/@somllavors"],"address":{"@id":"https:\/\/somllavors.com\/es\/producte\/juego-de-equilibrio-trixie#local-main-place-address"},"geo":{"@type":"GeoCoordinates","latitude":"41.2257737","longitude":"1.723258859"},"telephone":["623152704","623152704"],"openingHoursSpecification":[{"@type":"OpeningHoursSpecification","dayOfWeek":["Monday","Sunday"],"opens":"00:00","closes":"00:00"},{"@type":"OpeningHoursSpecification","dayOfWeek":["Tuesday","Wednesday","Thursday","Friday"],"opens":"10:00","closes":"20:00"},{"@type":"OpeningHoursSpecification","dayOfWeek":["Saturday"],"opens":"10:00","closes":"13:30"}],"email":"info@somllavors.com"},{"@type":"PostalAddress","@id":"https:\/\/somllavors.com\/es\/producte\/juego-de-equilibrio-trixie#local-main-place-address","streetAddress":"Carrer de l'aigua, 6","addressLocality":"Vilanova i la Geltr\u00fa","postalCode":"08800","addressRegion":"Barcelona","addressCountry":"ES"},{"@type":"ImageObject","inLanguage":"es","@id":"https:\/\/somllavors.com\/es\/producte\/juego-de-equilibrio-trixie#local-main-organization-logo","url":"https:\/\/somllavors.com\/wp-content\/uploads\/Logotip-Som-Llavors.jpg","contentUrl":"https:\/\/somllavors.com\/wp-content\/uploads\/Logotip-Som-Llavors.jpg","width":1444,"height":1323,"caption":"Som Llavors"}]},"product_price_amount":"24.95","product_price_currency":"EUR","og_availability":"instock","product_availability":"instock","product_retailer_item_id":"36186","product_condition":"new","geo.placename":"Vilanova i la Geltr\u00fa","geo.position":{"lat":"41.2257737","long":"1.723258859"},"geo.region":"Espa\u00f1a"},"brands":[{"id":4098,"name":"Trixie","slug":"trixie"}],"_links":{"self":[{"href":"https:\/\/somllavors.com\/es\/wp-json\/wp\/v2\/product\/70416","targetHints":{"allow":["GET"]}}],"collection":[{"href":"https:\/\/somllavors.com\/es\/wp-json\/wp\/v2\/product"}],"about":[{"href":"https:\/\/somllavors.com\/es\/wp-json\/wp\/v2\/types\/product"}],"wp:featuredmedia":[{"embeddable":true,"href":"https:\/\/somllavors.com\/es\/wp-json\/wp\/v2\/media\/70419"}],"wp:attachment":[{"href":"https:\/\/somllavors.com\/es\/wp-json\/wp\/v2\/media?parent=70416"}],"wp:term":[{"taxonomy":"pwb-brand","embeddable":true,"href":"https:\/\/somllavors.com\/es\/wp-json\/wp\/v2\/pwb-brand?post=70416"},{"taxonomy":"product_brand","embeddable":true,"href":"https:\/\/somllavors.com\/es\/wp-json\/wp\/v2\/product_brand?post=70416"},{"taxonomy":"product_cat","embeddable":true,"href":"https:\/\/somllavors.com\/es\/wp-json\/wp\/v2\/product_cat?post=70416"},{"taxonomy":"product_tag","embeddable":true,"href":"https:\/\/somllavors.com\/es\/wp-json\/wp\/v2\/product_tag?post=70416"}],"curies":[{"name":"wp","href":"https:\/\/api.w.org\/{rel}","templated":true}]}}