{"id":70462,"date":"2024-12-04T18:26:49","date_gmt":"2024-12-04T17:26:49","guid":{"rendered":"https:\/\/somllavors.com\/?post_type=product&#038;p=70462"},"modified":"2026-04-02T17:27:23","modified_gmt":"2026-04-02T15:27:23","slug":"juego-de-coches-de-construccion-de-animales-de-madera-trixie","status":"publish","type":"product","link":"https:\/\/somllavors.com\/es\/producte\/juego-de-coches-de-construccion-de-animales-de-madera-trixie","title":{"rendered":"Juego de coches de construcci\u00f3n de animales de madera &#8211; Trixie"},"content":{"rendered":"<div class=\"flex-fill border-2 border-dark border-top\">\n<p class=\"fw-bold\"><span style=\"font-size: 16px;\">Al beb\u00e9 le encantar\u00e1 el satisfactorio traqueteo de la hormigonera y el movimiento basculante del cami\u00f3n volquete, con Mr. Dino y Mr. Tiger como sus ayudantes. Estos personajes de alegres colores caben en ambos camiones, por lo que se pueden mezclar y combinar a gusto.<\/span><\/p>\n<\/div>\n<dl class=\"grid gap-0 border-2 border-bottom border-dark\">\n<dt class=\"g-col-12 g-col-sm-4 g-col-lg-12 fw-bold m-0\">Materiales<\/dt>\n<dd class=\"g-col-12 g-col-sm-8 g-col-lg-12 mb-3\">FSC\u00ae MDF &#8211; FSC\u00ae madera de haya &#8211; FSC\u00ae madera contrachapada<\/dd>\n<dt class=\"g-col-12 g-col-sm-4 g-col-lg-12 fw-bold m-0\">Recomendaci\u00f3n de edad<\/dt>\n<dd class=\"g-col-12 g-col-sm-8 g-col-lg-12 mb-3\">18m+<\/dd>\n<dt class=\"g-col-12 g-col-sm-4 g-col-lg-12 fw-bold m-0\">Dimensiones (L x A x A)<\/dt>\n<dd class=\"g-col-12 g-col-sm-8 g-col-lg-12 mb-3\">10,5&#215;7,5&#215;7<\/dd>\n<\/dl>\n","protected":false},"excerpt":{"rendered":"<h6>Juego de coches de construcci\u00f3n de animales de madera<\/h6>\n<p><span style=\"font-size: 16px;\">Al beb\u00e9 le encantar\u00e1 el satisfactorio traqueteo de la hormigonera y el movimiento basculante del cami\u00f3n volquete, con Mr. Dino y Mr. Tiger como sus ayudantes. Estos personajes de alegres colores caben en ambos camiones, por lo que se pueden mezclar y combinar a gusto.<\/span><\/p>\n","protected":false},"featured_media":70463,"template":"","meta":{"_acf_changed":false,"site-sidebar-layout":"default","site-content-layout":"","ast-site-content-layout":"default","site-content-style":"default","site-sidebar-style":"default","ast-global-header-display":"","ast-banner-title-visibility":"","ast-main-header-display":"","ast-hfb-above-header-display":"","ast-hfb-below-header-display":"","ast-hfb-mobile-header-display":"","site-post-title":"","ast-breadcrumbs-content":"","ast-featured-img":"","footer-sml-layout":"","theme-transparent-header-meta":"default","adv-header-id-meta":"","stick-header-meta":"","header-above-stick-meta":"","header-main-stick-meta":"","header-below-stick-meta":"","astra-migrate-meta-layouts":"set","ast-page-background-enabled":"default","ast-page-background-meta":{"desktop":{"background-color":"","background-image":"","background-repeat":"repeat","background-position":"center center","background-size":"auto","background-attachment":"scroll","background-type":"","background-media":"","overlay-type":"","overlay-color":"","overlay-opacity":"","overlay-gradient":""},"tablet":{"background-color":"","background-image":"","background-repeat":"repeat","background-position":"center center","background-size":"auto","background-attachment":"scroll","background-type":"","background-media":"","overlay-type":"","overlay-color":"","overlay-opacity":"","overlay-gradient":""},"mobile":{"background-color":"","background-image":"","background-repeat":"repeat","background-position":"center center","background-size":"auto","background-attachment":"scroll","background-type":"","background-media":"","overlay-type":"","overlay-color":"","overlay-opacity":"","overlay-gradient":""}},"ast-content-background-meta":{"desktop":{"background-color":"var(--ast-global-color-5)","background-image":"","background-repeat":"repeat","background-position":"center center","background-size":"auto","background-attachment":"scroll","background-type":"","background-media":"","overlay-type":"","overlay-color":"","overlay-opacity":"","overlay-gradient":""},"tablet":{"background-color":"var(--ast-global-color-5)","background-image":"","background-repeat":"repeat","background-position":"center center","background-size":"auto","background-attachment":"scroll","background-type":"","background-media":"","overlay-type":"","overlay-color":"","overlay-opacity":"","overlay-gradient":""},"mobile":{"background-color":"var(--ast-global-color-5)","background-image":"","background-repeat":"repeat","background-position":"center center","background-size":"auto","background-attachment":"scroll","background-type":"","background-media":"","overlay-type":"","overlay-color":"","overlay-opacity":"","overlay-gradient":""}}},"pwb-brand":[4098],"product_brand":[],"product_cat":[3361,623,893,72],"product_tag":[5313,934,630,5315,5314],"class_list":{"0":"post-70462","1":"product","2":"type-product","3":"status-publish","4":"has-post-thumbnail","6":"pwb-brand-trixie","7":"product_cat-18-mesos","8":"product_cat-joc-simbolic","9":"product_cat-jocs-de-fusta","10":"product_cat-joguines","11":"product_tag-camiones","12":"product_tag-coches","13":"product_tag-construccion","14":"product_tag-juguete-de-madera-2","15":"product_tag-regalo-bebe","16":"desktop-align-left","17":"tablet-align-left","18":"mobile-align-left","20":"first","21":"outofstock","22":"taxable","23":"shipping-taxable","24":"purchasable","25":"product-type-simple"},"acf":[],"yoast_head":"<!-- This site is optimized with the Yoast SEO Premium plugin v18.3 (Yoast SEO v26.2) - https:\/\/yoast.com\/wordpress\/plugins\/seo\/ -->\n<title>Juego de coches de construcci\u00f3n de animales de madera - Trixie &#8212; Som Llavors<\/title>\n<meta name=\"description\" content=\"Juego de coches de construcci\u00f3n de animales de madera Al beb\u00e9 le encantar\u00e1 el satisfactorio traqueteo de la hormigonera y el movimiento basculante del cami\u00f3n volquete, con Mr. Dino y Mr. Tiger como sus ayudantes. Estos personajes de alegres colores caben en ambos camiones, por lo que se pueden mezclar y combinar a gusto.\" \/>\n<meta name=\"robots\" content=\"index, follow, max-snippet:-1, max-image-preview:large, max-video-preview:-1\" \/>\n<link rel=\"canonical\" href=\"https:\/\/somllavors.com\/es\/producte\/juego-de-coches-de-construccion-de-animales-de-madera-trixie\" \/>\n<meta property=\"og:locale\" content=\"es_ES\" \/>\n<meta property=\"og:type\" content=\"article\" \/>\n<meta property=\"og:title\" content=\"Juego de coches de construcci\u00f3n de animales de madera - Trixie\" \/>\n<meta property=\"og:description\" content=\"La teva botiga d\u2019ecocrian\u00e7a i espai d\u2019acompanyament a la maternitat\" \/>\n<meta property=\"og:url\" content=\"https:\/\/somllavors.com\/es\/producte\/juego-de-coches-de-construccion-de-animales-de-madera-trixie\" \/>\n<meta property=\"og:site_name\" content=\"Som Llavors\" \/>\n<meta property=\"article:publisher\" content=\"https:\/\/www.facebook.com\/somllavorsvng\/?locale=ca_ES\" \/>\n<meta property=\"article:modified_time\" content=\"2026-04-02T15:27:23+00:00\" \/>\n<meta property=\"og:image\" content=\"https:\/\/somllavors.com\/wp-content\/uploads\/2024\/12\/Som-llavors-Juego-de-coches-de-construccion-de-animales-de-madera-trixie.jpg\" \/>\n\t<meta property=\"og:image:width\" content=\"1800\" \/>\n\t<meta property=\"og:image:height\" content=\"1800\" \/>\n\t<meta property=\"og:image:type\" content=\"image\/jpeg\" \/>\n<meta name=\"twitter:card\" content=\"summary_large_image\" \/>\n<meta name=\"twitter:label1\" content=\"Precio\" \/>\n\t<meta name=\"twitter:data1\" content=\"24,95&euro; Iva incl\u00f2s\" \/>\n\t<meta name=\"twitter:label2\" content=\"Availability\" \/>\n\t<meta name=\"twitter:data2\" content=\"Out of stock\" \/>\n<script type=\"application\/ld+json\" class=\"yoast-schema-graph\">{\"@context\":\"https:\/\/schema.org\",\"@graph\":[{\"@type\":\"WebPage\",\"@id\":\"https:\/\/somllavors.com\/es\/producte\/juego-de-coches-de-construccion-de-animales-de-madera-trixie\",\"url\":\"https:\/\/somllavors.com\/es\/producte\/juego-de-coches-de-construccion-de-animales-de-madera-trixie\",\"name\":\"Juego de coches de construcci\u00f3n de animales de madera - Trixie &#8212; Som Llavors\",\"isPartOf\":{\"@id\":\"https:\/\/somllavors.com\/es#website\"},\"primaryImageOfPage\":{\"@id\":\"https:\/\/somllavors.com\/es\/producte\/juego-de-coches-de-construccion-de-animales-de-madera-trixie#primaryimage\"},\"image\":{\"@id\":\"https:\/\/somllavors.com\/es\/producte\/juego-de-coches-de-construccion-de-animales-de-madera-trixie#primaryimage\"},\"thumbnailUrl\":\"https:\/\/somllavors.com\/wp-content\/uploads\/2024\/12\/Som-llavors-Juego-de-coches-de-construccion-de-animales-de-madera-trixie.jpg\",\"datePublished\":\"2024-12-04T17:26:49+00:00\",\"dateModified\":\"2026-04-02T15:27:23+00:00\",\"description\":\"Juego de coches de construcci\u00f3n de animales de madera Al beb\u00e9 le encantar\u00e1 el satisfactorio traqueteo de la hormigonera y el movimiento basculante del cami\u00f3n volquete, con Mr. Dino y Mr. Tiger como sus ayudantes. Estos personajes de alegres colores caben en ambos camiones, por lo que se pueden mezclar y combinar a gusto.\",\"breadcrumb\":{\"@id\":\"https:\/\/somllavors.com\/es\/producte\/juego-de-coches-de-construccion-de-animales-de-madera-trixie#breadcrumb\"},\"inLanguage\":\"es\",\"potentialAction\":[{\"@type\":\"ReadAction\",\"target\":[\"https:\/\/somllavors.com\/es\/producte\/juego-de-coches-de-construccion-de-animales-de-madera-trixie\"]}]},{\"@type\":\"ImageObject\",\"inLanguage\":\"es\",\"@id\":\"https:\/\/somllavors.com\/es\/producte\/juego-de-coches-de-construccion-de-animales-de-madera-trixie#primaryimage\",\"url\":\"https:\/\/somllavors.com\/wp-content\/uploads\/2024\/12\/Som-llavors-Juego-de-coches-de-construccion-de-animales-de-madera-trixie.jpg\",\"contentUrl\":\"https:\/\/somllavors.com\/wp-content\/uploads\/2024\/12\/Som-llavors-Juego-de-coches-de-construccion-de-animales-de-madera-trixie.jpg\",\"width\":1800,\"height\":1800,\"caption\":\"coches de construcci\u00f3n cami\u00f3n trixie\"},{\"@type\":\"BreadcrumbList\",\"@id\":\"https:\/\/somllavors.com\/es\/producte\/juego-de-coches-de-construccion-de-animales-de-madera-trixie#breadcrumb\",\"itemListElement\":[{\"@type\":\"ListItem\",\"position\":1,\"name\":\"Inici\",\"item\":\"https:\/\/somllavors.com\/es\"},{\"@type\":\"ListItem\",\"position\":2,\"name\":\"Tienda\",\"item\":\"https:\/\/somllavors.com\/es\/botiga-2\"},{\"@type\":\"ListItem\",\"position\":3,\"name\":\"Juego de coches de construcci\u00f3n de animales de madera &#8211; Trixie\"}]},{\"@type\":\"WebSite\",\"@id\":\"https:\/\/somllavors.com\/es#website\",\"url\":\"https:\/\/somllavors.com\/es\",\"name\":\"Som Llavors\",\"description\":\"Botiga de crian\u00e7a natural\",\"publisher\":{\"@id\":\"https:\/\/somllavors.com\/es#organization\"},\"alternateName\":\"Crian\u00e7a Natural i Sostenible\",\"potentialAction\":[{\"@type\":\"SearchAction\",\"target\":{\"@type\":\"EntryPoint\",\"urlTemplate\":\"https:\/\/somllavors.com\/es?s={search_term_string}\"},\"query-input\":{\"@type\":\"PropertyValueSpecification\",\"valueRequired\":true,\"valueName\":\"search_term_string\"}}],\"inLanguage\":\"es\"},{\"@type\":[\"Organization\",\"Place\",\"Store\"],\"@id\":\"https:\/\/somllavors.com\/es#organization\",\"name\":\"Som Llavors\",\"alternateName\":\"Crian\u00e7a Natural i Sostenible\",\"url\":\"https:\/\/somllavors.com\/es\",\"logo\":{\"@id\":\"https:\/\/somllavors.com\/es\/producte\/juego-de-coches-de-construccion-de-animales-de-madera-trixie#local-main-organization-logo\"},\"image\":{\"@id\":\"https:\/\/somllavors.com\/es\/producte\/juego-de-coches-de-construccion-de-animales-de-madera-trixie#local-main-organization-logo\"},\"sameAs\":[\"https:\/\/www.facebook.com\/somllavorsvng\/?locale=ca_ES\",\"https:\/\/www.instagram.com\/somllavors_vng\/\",\"https:\/\/www.youtube.com\/@somllavors\"],\"address\":{\"@id\":\"https:\/\/somllavors.com\/es\/producte\/juego-de-coches-de-construccion-de-animales-de-madera-trixie#local-main-place-address\"},\"geo\":{\"@type\":\"GeoCoordinates\",\"latitude\":\"41.2257737\",\"longitude\":\"1.723258859\"},\"telephone\":[\"623152704\"],\"openingHoursSpecification\":[{\"@type\":\"OpeningHoursSpecification\",\"dayOfWeek\":[\"Monday\",\"Sunday\"],\"opens\":\"00:00\",\"closes\":\"00:00\"},{\"@type\":\"OpeningHoursSpecification\",\"dayOfWeek\":[\"Tuesday\",\"Wednesday\",\"Thursday\",\"Friday\"],\"opens\":\"10:00\",\"closes\":\"20:00\"},{\"@type\":\"OpeningHoursSpecification\",\"dayOfWeek\":[\"Saturday\"],\"opens\":\"10:00\",\"closes\":\"13:30\"}],\"email\":\"info@somllavors.com\"},{\"@type\":\"PostalAddress\",\"@id\":\"https:\/\/somllavors.com\/es\/producte\/juego-de-coches-de-construccion-de-animales-de-madera-trixie#local-main-place-address\",\"streetAddress\":\"Carrer de l'aigua, 6\",\"addressLocality\":\"Vilanova i la Geltr\u00fa\",\"postalCode\":\"08800\",\"addressRegion\":\"Barcelona\",\"addressCountry\":\"ES\"},{\"@type\":\"ImageObject\",\"inLanguage\":\"es\",\"@id\":\"https:\/\/somllavors.com\/es\/producte\/juego-de-coches-de-construccion-de-animales-de-madera-trixie#local-main-organization-logo\",\"url\":\"https:\/\/somllavors.com\/wp-content\/uploads\/Logotip-Som-Llavors.jpg\",\"contentUrl\":\"https:\/\/somllavors.com\/wp-content\/uploads\/Logotip-Som-Llavors.jpg\",\"width\":1444,\"height\":1323,\"caption\":\"Som Llavors\"}]}<\/script>\n<meta property=\"product:price:amount\" content=\"24.95\" \/>\n<meta property=\"product:price:currency\" content=\"EUR\" \/>\n<meta property=\"og:availability\" content=\"out of stock\" \/>\n<meta property=\"product:availability\" content=\"out of stock\" \/>\n<meta property=\"product:retailer_item_id\" content=\"36270\" \/>\n<meta property=\"product:condition\" content=\"new\" \/>\n<meta name=\"geo.placename\" content=\"Vilanova i la Geltr\u00fa\" \/>\n<meta name=\"geo.position\" content=\"41.2257737;1.723258859\" \/>\n<meta name=\"geo.region\" content=\"Espa\u00f1a\" \/>\n<!-- \/ Yoast SEO Premium plugin. -->","yoast_head_json":{"title":"Juego de coches de construcci\u00f3n de animales de madera - Trixie &#8212; Som Llavors","description":"Juego de coches de construcci\u00f3n de animales de madera Al beb\u00e9 le encantar\u00e1 el satisfactorio traqueteo de la hormigonera y el movimiento basculante del cami\u00f3n volquete, con Mr. Dino y Mr. Tiger como sus ayudantes. Estos personajes de alegres colores caben en ambos camiones, por lo que se pueden mezclar y combinar a gusto.","robots":{"index":"index","follow":"follow","max-snippet":"max-snippet:-1","max-image-preview":"max-image-preview:large","max-video-preview":"max-video-preview:-1"},"canonical":"https:\/\/somllavors.com\/es\/producte\/juego-de-coches-de-construccion-de-animales-de-madera-trixie","og_locale":"es_ES","og_type":"article","og_title":"Juego de coches de construcci\u00f3n de animales de madera - Trixie","og_description":"La teva botiga d\u2019ecocrian\u00e7a i espai d\u2019acompanyament a la maternitat","og_url":"https:\/\/somllavors.com\/es\/producte\/juego-de-coches-de-construccion-de-animales-de-madera-trixie","og_site_name":"Som Llavors","article_publisher":"https:\/\/www.facebook.com\/somllavorsvng\/?locale=ca_ES","article_modified_time":"2026-04-02T15:27:23+00:00","og_image":[{"width":1800,"height":1800,"url":"https:\/\/somllavors.com\/wp-content\/uploads\/2024\/12\/Som-llavors-Juego-de-coches-de-construccion-de-animales-de-madera-trixie.jpg","type":"image\/jpeg"}],"twitter_card":"summary_large_image","twitter_misc":{"Precio":"24,95&euro; Iva incl\u00f2s","Availability":"Out of stock"},"schema":{"@context":"https:\/\/schema.org","@graph":[{"@type":"WebPage","@id":"https:\/\/somllavors.com\/es\/producte\/juego-de-coches-de-construccion-de-animales-de-madera-trixie","url":"https:\/\/somllavors.com\/es\/producte\/juego-de-coches-de-construccion-de-animales-de-madera-trixie","name":"Juego de coches de construcci\u00f3n de animales de madera - Trixie &#8212; Som Llavors","isPartOf":{"@id":"https:\/\/somllavors.com\/es#website"},"primaryImageOfPage":{"@id":"https:\/\/somllavors.com\/es\/producte\/juego-de-coches-de-construccion-de-animales-de-madera-trixie#primaryimage"},"image":{"@id":"https:\/\/somllavors.com\/es\/producte\/juego-de-coches-de-construccion-de-animales-de-madera-trixie#primaryimage"},"thumbnailUrl":"https:\/\/somllavors.com\/wp-content\/uploads\/2024\/12\/Som-llavors-Juego-de-coches-de-construccion-de-animales-de-madera-trixie.jpg","datePublished":"2024-12-04T17:26:49+00:00","dateModified":"2026-04-02T15:27:23+00:00","description":"Juego de coches de construcci\u00f3n de animales de madera Al beb\u00e9 le encantar\u00e1 el satisfactorio traqueteo de la hormigonera y el movimiento basculante del cami\u00f3n volquete, con Mr. Dino y Mr. Tiger como sus ayudantes. Estos personajes de alegres colores caben en ambos camiones, por lo que se pueden mezclar y combinar a gusto.","breadcrumb":{"@id":"https:\/\/somllavors.com\/es\/producte\/juego-de-coches-de-construccion-de-animales-de-madera-trixie#breadcrumb"},"inLanguage":"es","potentialAction":[{"@type":"ReadAction","target":["https:\/\/somllavors.com\/es\/producte\/juego-de-coches-de-construccion-de-animales-de-madera-trixie"]}]},{"@type":"ImageObject","inLanguage":"es","@id":"https:\/\/somllavors.com\/es\/producte\/juego-de-coches-de-construccion-de-animales-de-madera-trixie#primaryimage","url":"https:\/\/somllavors.com\/wp-content\/uploads\/2024\/12\/Som-llavors-Juego-de-coches-de-construccion-de-animales-de-madera-trixie.jpg","contentUrl":"https:\/\/somllavors.com\/wp-content\/uploads\/2024\/12\/Som-llavors-Juego-de-coches-de-construccion-de-animales-de-madera-trixie.jpg","width":1800,"height":1800,"caption":"coches de construcci\u00f3n cami\u00f3n trixie"},{"@type":"BreadcrumbList","@id":"https:\/\/somllavors.com\/es\/producte\/juego-de-coches-de-construccion-de-animales-de-madera-trixie#breadcrumb","itemListElement":[{"@type":"ListItem","position":1,"name":"Inici","item":"https:\/\/somllavors.com\/es"},{"@type":"ListItem","position":2,"name":"Tienda","item":"https:\/\/somllavors.com\/es\/botiga-2"},{"@type":"ListItem","position":3,"name":"Juego de coches de construcci\u00f3n de animales de madera &#8211; Trixie"}]},{"@type":"WebSite","@id":"https:\/\/somllavors.com\/es#website","url":"https:\/\/somllavors.com\/es","name":"Som Llavors","description":"Botiga de crian\u00e7a natural","publisher":{"@id":"https:\/\/somllavors.com\/es#organization"},"alternateName":"Crian\u00e7a Natural i Sostenible","potentialAction":[{"@type":"SearchAction","target":{"@type":"EntryPoint","urlTemplate":"https:\/\/somllavors.com\/es?s={search_term_string}"},"query-input":{"@type":"PropertyValueSpecification","valueRequired":true,"valueName":"search_term_string"}}],"inLanguage":"es"},{"@type":["Organization","Place","Store"],"@id":"https:\/\/somllavors.com\/es#organization","name":"Som Llavors","alternateName":"Crian\u00e7a Natural i Sostenible","url":"https:\/\/somllavors.com\/es","logo":{"@id":"https:\/\/somllavors.com\/es\/producte\/juego-de-coches-de-construccion-de-animales-de-madera-trixie#local-main-organization-logo"},"image":{"@id":"https:\/\/somllavors.com\/es\/producte\/juego-de-coches-de-construccion-de-animales-de-madera-trixie#local-main-organization-logo"},"sameAs":["https:\/\/www.facebook.com\/somllavorsvng\/?locale=ca_ES","https:\/\/www.instagram.com\/somllavors_vng\/","https:\/\/www.youtube.com\/@somllavors"],"address":{"@id":"https:\/\/somllavors.com\/es\/producte\/juego-de-coches-de-construccion-de-animales-de-madera-trixie#local-main-place-address"},"geo":{"@type":"GeoCoordinates","latitude":"41.2257737","longitude":"1.723258859"},"telephone":["623152704","623152704"],"openingHoursSpecification":[{"@type":"OpeningHoursSpecification","dayOfWeek":["Monday","Sunday"],"opens":"00:00","closes":"00:00"},{"@type":"OpeningHoursSpecification","dayOfWeek":["Tuesday","Wednesday","Thursday","Friday"],"opens":"10:00","closes":"20:00"},{"@type":"OpeningHoursSpecification","dayOfWeek":["Saturday"],"opens":"10:00","closes":"13:30"}],"email":"info@somllavors.com"},{"@type":"PostalAddress","@id":"https:\/\/somllavors.com\/es\/producte\/juego-de-coches-de-construccion-de-animales-de-madera-trixie#local-main-place-address","streetAddress":"Carrer de l'aigua, 6","addressLocality":"Vilanova i la Geltr\u00fa","postalCode":"08800","addressRegion":"Barcelona","addressCountry":"ES"},{"@type":"ImageObject","inLanguage":"es","@id":"https:\/\/somllavors.com\/es\/producte\/juego-de-coches-de-construccion-de-animales-de-madera-trixie#local-main-organization-logo","url":"https:\/\/somllavors.com\/wp-content\/uploads\/Logotip-Som-Llavors.jpg","contentUrl":"https:\/\/somllavors.com\/wp-content\/uploads\/Logotip-Som-Llavors.jpg","width":1444,"height":1323,"caption":"Som Llavors"}]},"product_price_amount":"24.95","product_price_currency":"EUR","og_availability":"out of stock","product_availability":"out of stock","product_retailer_item_id":"36270","product_condition":"new","geo.placename":"Vilanova i la Geltr\u00fa","geo.position":{"lat":"41.2257737","long":"1.723258859"},"geo.region":"Espa\u00f1a"},"brands":[{"id":4098,"name":"Trixie","slug":"trixie"}],"_links":{"self":[{"href":"https:\/\/somllavors.com\/es\/wp-json\/wp\/v2\/product\/70462","targetHints":{"allow":["GET"]}}],"collection":[{"href":"https:\/\/somllavors.com\/es\/wp-json\/wp\/v2\/product"}],"about":[{"href":"https:\/\/somllavors.com\/es\/wp-json\/wp\/v2\/types\/product"}],"wp:featuredmedia":[{"embeddable":true,"href":"https:\/\/somllavors.com\/es\/wp-json\/wp\/v2\/media\/70463"}],"wp:attachment":[{"href":"https:\/\/somllavors.com\/es\/wp-json\/wp\/v2\/media?parent=70462"}],"wp:term":[{"taxonomy":"pwb-brand","embeddable":true,"href":"https:\/\/somllavors.com\/es\/wp-json\/wp\/v2\/pwb-brand?post=70462"},{"taxonomy":"product_brand","embeddable":true,"href":"https:\/\/somllavors.com\/es\/wp-json\/wp\/v2\/product_brand?post=70462"},{"taxonomy":"product_cat","embeddable":true,"href":"https:\/\/somllavors.com\/es\/wp-json\/wp\/v2\/product_cat?post=70462"},{"taxonomy":"product_tag","embeddable":true,"href":"https:\/\/somllavors.com\/es\/wp-json\/wp\/v2\/product_tag?post=70462"}],"curies":[{"name":"wp","href":"https:\/\/api.w.org\/{rel}","templated":true}]}}