{"id":70606,"date":"2024-12-09T18:11:46","date_gmt":"2024-12-09T17:11:46","guid":{"rendered":"https:\/\/somllavors.com\/?post_type=product&#038;p=70606"},"modified":"2024-12-19T10:42:36","modified_gmt":"2024-12-19T09:42:36","slug":"en-pinxo-i-hip-hop-llibre-musical","status":"publish","type":"product","link":"https:\/\/somllavors.com\/es\/producte\/en-pinxo-i-hip-hop-llibre-musical","title":{"rendered":"En Pinxo i hip-hop- Llibre musical"},"content":{"rendered":"<ul>\n<li>Recomanat\u00a0<b>a partir de 3 anys<\/b>.<i><\/i><\/li>\n<li>Il\u00b7lustrat per\u00a0<b>Magali Le Huche<\/b>.<\/li>\n<\/ul>\n<p><b>T\u00edtols de la col\u00b7lecci\u00f3 d\u2019<i>En Pinxo<\/i>:<\/b><\/p>\n<ul>\n<li><i>En Pinxo i la m\u00fasica africana<\/i><\/li>\n<li><i>En Pinxo i l\u2019orquestra<\/i><\/li>\n<li><i>En Pinxo i l\u2019\u00f2pera<\/i><\/li>\n<li><i>En Pinxo i Vivaldi<\/i><\/li>\n<li><i>En Pinxo i Mozart<\/i><\/li>\n<li><i>En Pinxo i el rock<\/i><\/li>\n<li><i>En Pinxo i el hip-hop<\/i><\/li>\n<li><i>En Pinxo i la m\u00fasica disco<\/i><\/li>\n<li><i>En Pinxo i el jazz<\/i><\/li>\n<li><i>En Pinxo i el reggae<\/i><\/li>\n<\/ul>\n","protected":false},"excerpt":{"rendered":"<p><strong>En Pinxo segueix ampliant la col\u00b7lecci\u00f3 de llibres musicals! Aquest cop el g\u00e8nere musical que descobreix \u00e9s el\u00a0blues.<\/strong><\/p>\n<p>Una\u00a0<b>hist\u00f2ria<\/b>\u00a0per llegir i\u00a0<b>16 melodies\u00a0<\/b>per escoltar!<\/p>\n<p>Despr\u00e9s d\u2019un llarg viatge en vaixell, en Pinxo arriba a Nova Orleans, el bressol del blues. La ciutat es prepara per al Carnaval, aix\u00ed que l\u2019ocasi\u00f3 \u00e9s perfecta per ajuntar-se amb m\u00fasics i artistes.<\/p>\n<p>Prem les icones, escolta i descobreix\u00a0<b>el blues<\/b>\u00a0amb en Pinxo.<\/p>\n<p>Un\u00a0<b>llibre musical<\/b>\u00a0interactiu ple de sons d\u2019instruments.<\/p>\n","protected":false},"featured_media":70635,"template":"","meta":{"_acf_changed":false,"site-sidebar-layout":"default","site-content-layout":"default","ast-site-content-layout":"default","site-content-style":"default","site-sidebar-style":"default","ast-global-header-display":"","ast-banner-title-visibility":"","ast-main-header-display":"","ast-hfb-above-header-display":"","ast-hfb-below-header-display":"","ast-hfb-mobile-header-display":"","site-post-title":"","ast-breadcrumbs-content":"","ast-featured-img":"","footer-sml-layout":"","ast-disable-related-posts":"","theme-transparent-header-meta":"default","adv-header-id-meta":"","stick-header-meta":"","header-above-stick-meta":"","header-main-stick-meta":"","header-below-stick-meta":"","astra-migrate-meta-layouts":"set","ast-page-background-enabled":"default","ast-page-background-meta":{"desktop":{"background-color":"","background-image":"","background-repeat":"repeat","background-position":"center center","background-size":"auto","background-attachment":"scroll","background-type":"","background-media":"","overlay-type":"","overlay-color":"","overlay-opacity":"","overlay-gradient":""},"tablet":{"background-color":"","background-image":"","background-repeat":"repeat","background-position":"center center","background-size":"auto","background-attachment":"scroll","background-type":"","background-media":"","overlay-type":"","overlay-color":"","overlay-opacity":"","overlay-gradient":""},"mobile":{"background-color":"","background-image":"","background-repeat":"repeat","background-position":"center center","background-size":"auto","background-attachment":"scroll","background-type":"","background-media":"","overlay-type":"","overlay-color":"","overlay-opacity":"","overlay-gradient":""}},"ast-content-background-meta":{"desktop":{"background-color":"var(--ast-global-color-5)","background-image":"","background-repeat":"repeat","background-position":"center center","background-size":"auto","background-attachment":"scroll","background-type":"","background-media":"","overlay-type":"","overlay-color":"","overlay-opacity":"","overlay-gradient":""},"tablet":{"background-color":"var(--ast-global-color-5)","background-image":"","background-repeat":"repeat","background-position":"center center","background-size":"auto","background-attachment":"scroll","background-type":"","background-media":"","overlay-type":"","overlay-color":"","overlay-opacity":"","overlay-gradient":""},"mobile":{"background-color":"var(--ast-global-color-5)","background-image":"","background-repeat":"repeat","background-position":"center center","background-size":"auto","background-attachment":"scroll","background-type":"","background-media":"","overlay-type":"","overlay-color":"","overlay-opacity":"","overlay-gradient":""}}},"pwb-brand":[],"product_brand":[],"product_cat":[1810,567],"product_tag":[741,1892,4057,960,4056],"class_list":{"0":"post-70606","1":"product","2":"type-product","3":"status-publish","4":"has-post-thumbnail","6":"product_cat-llibres-sonors","7":"product_cat-infantils","8":"product_tag-conte","9":"product_tag-conte-musical","10":"product_tag-conte-reggae","11":"product_tag-estrella-polar","12":"product_tag-reggae","13":"desktop-align-left","14":"tablet-align-left","15":"mobile-align-left","17":"first","18":"instock","19":"taxable","20":"shipping-taxable","21":"purchasable","22":"product-type-simple"},"acf":[],"yoast_head":"<!-- This site is optimized with the Yoast SEO Premium plugin v18.3 (Yoast SEO v27.4) - https:\/\/yoast.com\/product\/yoast-seo-premium-wordpress\/ -->\n<title>En Pinxo i hip-hop- Llibre musical &#8212; Som Llavors<\/title>\n<meta name=\"description\" content=\"En Pinxo segueix ampliant la col\u00b7lecci\u00f3 de llibres musicals! Aquest cop el g\u00e8nere musical que descobreix \u00e9s el\u00a0blues.  Una\u00a0hist\u00f2ria\u00a0per llegir i\u00a016 melodies\u00a0per escoltar!  Despr\u00e9s d\u2019un llarg viatge en vaixell, en Pinxo arriba a Nova Orleans, el bressol del blues. La ciutat es prepara per al Carnaval, aix\u00ed que l\u2019ocasi\u00f3 \u00e9s perfecta per ajuntar-se amb m\u00fasics i artistes.  Prem les icones, escolta i descobreix\u00a0el blues\u00a0amb en Pinxo.  Un\u00a0llibre musical\u00a0interactiu ple de sons d\u2019instruments.\" \/>\n<meta name=\"robots\" content=\"index, follow, max-snippet:-1, max-image-preview:large, max-video-preview:-1\" \/>\n<link rel=\"canonical\" href=\"https:\/\/somllavors.com\/es\/producte\/en-pinxo-i-hip-hop-llibre-musical\" \/>\n<meta property=\"og:locale\" content=\"es_ES\" \/>\n<meta property=\"og:type\" content=\"article\" \/>\n<meta property=\"og:title\" content=\"En Pinxo i hip-hop- Llibre musical\" \/>\n<meta property=\"og:description\" content=\"La teva botiga d\u2019ecocrian\u00e7a i espai d\u2019acompanyament a la maternitat\" \/>\n<meta property=\"og:url\" content=\"https:\/\/somllavors.com\/es\/producte\/en-pinxo-i-hip-hop-llibre-musical\" \/>\n<meta property=\"og:site_name\" content=\"Som Llavors\" \/>\n<meta property=\"article:publisher\" content=\"https:\/\/www.facebook.com\/somllavorsvng\/?locale=ca_ES\" \/>\n<meta property=\"article:modified_time\" content=\"2024-12-19T09:42:36+00:00\" \/>\n<meta property=\"og:image\" content=\"https:\/\/somllavors.com\/wp-content\/uploads\/2024\/12\/som-llavors-pinxo-i-el-hip-hop.jpg\" \/>\n\t<meta property=\"og:image:width\" content=\"740\" \/>\n\t<meta property=\"og:image:height\" content=\"833\" \/>\n\t<meta property=\"og:image:type\" content=\"image\/jpeg\" \/>\n<meta name=\"twitter:card\" content=\"summary_large_image\" \/>\n<meta name=\"twitter:label1\" content=\"Precio\" \/>\n\t<meta name=\"twitter:data1\" content=\"13,95&euro; Iva incl\u00f2s\" \/>\n\t<meta name=\"twitter:label2\" content=\"Availability\" \/>\n\t<meta name=\"twitter:data2\" content=\"Hay existencias\" \/>\n<script type=\"application\/ld+json\" class=\"yoast-schema-graph\">{\"@context\":\"https:\\\/\\\/schema.org\",\"@graph\":[{\"@type\":\"WebPage\",\"@id\":\"https:\\\/\\\/somllavors.com\\\/es\\\/producte\\\/en-pinxo-i-hip-hop-llibre-musical\",\"url\":\"https:\\\/\\\/somllavors.com\\\/es\\\/producte\\\/en-pinxo-i-hip-hop-llibre-musical\",\"name\":\"En Pinxo i hip-hop- Llibre musical &#8212; Som Llavors\",\"isPartOf\":{\"@id\":\"https:\\\/\\\/somllavors.com\\\/es#website\"},\"primaryImageOfPage\":{\"@id\":\"https:\\\/\\\/somllavors.com\\\/es\\\/producte\\\/en-pinxo-i-hip-hop-llibre-musical#primaryimage\"},\"image\":{\"@id\":\"https:\\\/\\\/somllavors.com\\\/es\\\/producte\\\/en-pinxo-i-hip-hop-llibre-musical#primaryimage\"},\"thumbnailUrl\":\"https:\\\/\\\/somllavors.com\\\/wp-content\\\/uploads\\\/2024\\\/12\\\/som-llavors-pinxo-i-el-hip-hop.jpg\",\"datePublished\":\"2024-12-09T17:11:46+00:00\",\"dateModified\":\"2024-12-19T09:42:36+00:00\",\"description\":\"En Pinxo segueix ampliant la col\u00b7lecci\u00f3 de llibres musicals! Aquest cop el g\u00e8nere musical que descobreix \u00e9s el\u00a0blues. Una\u00a0hist\u00f2ria\u00a0per llegir i\u00a016 melodies\u00a0per escoltar! Despr\u00e9s d\u2019un llarg viatge en vaixell, en Pinxo arriba a Nova Orleans, el bressol del blues. La ciutat es prepara per al Carnaval, aix\u00ed que l\u2019ocasi\u00f3 \u00e9s perfecta per ajuntar-se amb m\u00fasics i artistes. Prem les icones, escolta i descobreix\u00a0el blues\u00a0amb en Pinxo. Un\u00a0llibre musical\u00a0interactiu ple de sons d\u2019instruments.\",\"breadcrumb\":{\"@id\":\"https:\\\/\\\/somllavors.com\\\/es\\\/producte\\\/en-pinxo-i-hip-hop-llibre-musical#breadcrumb\"},\"inLanguage\":\"es\",\"potentialAction\":[{\"@type\":\"ReadAction\",\"target\":[\"https:\\\/\\\/somllavors.com\\\/es\\\/producte\\\/en-pinxo-i-hip-hop-llibre-musical\"]}]},{\"@type\":\"ImageObject\",\"inLanguage\":\"es\",\"@id\":\"https:\\\/\\\/somllavors.com\\\/es\\\/producte\\\/en-pinxo-i-hip-hop-llibre-musical#primaryimage\",\"url\":\"https:\\\/\\\/somllavors.com\\\/wp-content\\\/uploads\\\/2024\\\/12\\\/som-llavors-pinxo-i-el-hip-hop.jpg\",\"contentUrl\":\"https:\\\/\\\/somllavors.com\\\/wp-content\\\/uploads\\\/2024\\\/12\\\/som-llavors-pinxo-i-el-hip-hop.jpg\",\"width\":740,\"height\":833},{\"@type\":\"BreadcrumbList\",\"@id\":\"https:\\\/\\\/somllavors.com\\\/es\\\/producte\\\/en-pinxo-i-hip-hop-llibre-musical#breadcrumb\",\"itemListElement\":[{\"@type\":\"ListItem\",\"position\":1,\"name\":\"Inici\",\"item\":\"https:\\\/\\\/somllavors.com\\\/es\"},{\"@type\":\"ListItem\",\"position\":2,\"name\":\"Tienda\",\"item\":\"https:\\\/\\\/somllavors.com\\\/es\\\/botiga-2\"},{\"@type\":\"ListItem\",\"position\":3,\"name\":\"En Pinxo i hip-hop- Llibre musical\"}]},{\"@type\":\"WebSite\",\"@id\":\"https:\\\/\\\/somllavors.com\\\/es#website\",\"url\":\"https:\\\/\\\/somllavors.com\\\/es\",\"name\":\"Som Llavors\",\"description\":\"Botiga de crian\u00e7a natural\",\"publisher\":{\"@id\":\"https:\\\/\\\/somllavors.com\\\/es#organization\"},\"alternateName\":\"Crian\u00e7a Natural i Sostenible\",\"potentialAction\":[{\"@type\":\"SearchAction\",\"target\":{\"@type\":\"EntryPoint\",\"urlTemplate\":\"https:\\\/\\\/somllavors.com\\\/es?s={search_term_string}\"},\"query-input\":{\"@type\":\"PropertyValueSpecification\",\"valueRequired\":true,\"valueName\":\"search_term_string\"}}],\"inLanguage\":\"es\"},{\"@type\":[\"Organization\",\"Place\",\"Store\"],\"@id\":\"https:\\\/\\\/somllavors.com\\\/es#organization\",\"name\":\"Som Llavors\",\"alternateName\":\"Crian\u00e7a Natural i Sostenible\",\"url\":\"https:\\\/\\\/somllavors.com\\\/es\",\"logo\":{\"@id\":\"https:\\\/\\\/somllavors.com\\\/es\\\/producte\\\/en-pinxo-i-hip-hop-llibre-musical#local-main-organization-logo\"},\"image\":{\"@id\":\"https:\\\/\\\/somllavors.com\\\/es\\\/producte\\\/en-pinxo-i-hip-hop-llibre-musical#local-main-organization-logo\"},\"sameAs\":[\"https:\\\/\\\/www.facebook.com\\\/somllavorsvng\\\/?locale=ca_ES\",\"https:\\\/\\\/www.instagram.com\\\/somllavors_vng\\\/\",\"https:\\\/\\\/www.youtube.com\\\/@somllavors\"],\"address\":{\"@id\":\"https:\\\/\\\/somllavors.com\\\/es\\\/producte\\\/en-pinxo-i-hip-hop-llibre-musical#local-main-place-address\"},\"geo\":{\"@type\":\"GeoCoordinates\",\"latitude\":\"41.2257737\",\"longitude\":\"1.723258859\"},\"telephone\":[\"623152704\"],\"openingHoursSpecification\":[{\"@type\":\"OpeningHoursSpecification\",\"dayOfWeek\":[\"Monday\",\"Sunday\"],\"opens\":\"00:00\",\"closes\":\"00:00\"},{\"@type\":\"OpeningHoursSpecification\",\"dayOfWeek\":[\"Tuesday\",\"Wednesday\",\"Thursday\",\"Friday\"],\"opens\":\"10:00\",\"closes\":\"20:00\"},{\"@type\":\"OpeningHoursSpecification\",\"dayOfWeek\":[\"Saturday\"],\"opens\":\"10:00\",\"closes\":\"13:30\"}],\"email\":\"info@somllavors.com\"},{\"@type\":\"PostalAddress\",\"@id\":\"https:\\\/\\\/somllavors.com\\\/es\\\/producte\\\/en-pinxo-i-hip-hop-llibre-musical#local-main-place-address\",\"streetAddress\":\"Carrer de l'aigua, 6\",\"addressLocality\":\"Vilanova i la Geltr\u00fa\",\"postalCode\":\"08800\",\"addressRegion\":\"Barcelona\",\"addressCountry\":\"ES\"},{\"@type\":\"ImageObject\",\"inLanguage\":\"es\",\"@id\":\"https:\\\/\\\/somllavors.com\\\/es\\\/producte\\\/en-pinxo-i-hip-hop-llibre-musical#local-main-organization-logo\",\"url\":\"https:\\\/\\\/somllavors.com\\\/wp-content\\\/uploads\\\/Logotip-Som-Llavors.jpg\",\"contentUrl\":\"https:\\\/\\\/somllavors.com\\\/wp-content\\\/uploads\\\/Logotip-Som-Llavors.jpg\",\"width\":1444,\"height\":1323,\"caption\":\"Som Llavors\"}]}<\/script>\n<meta property=\"product:price:amount\" content=\"13.95\" \/>\n<meta property=\"product:price:currency\" content=\"EUR\" \/>\n<meta property=\"og:availability\" content=\"instock\" \/>\n<meta property=\"product:availability\" content=\"instock\" \/>\n<meta property=\"product:retailer_item_id\" content=\"9788491379614\" \/>\n<meta property=\"product:condition\" content=\"new\" \/>\n<meta name=\"geo.placename\" content=\"Vilanova i la Geltr\u00fa\" \/>\n<meta name=\"geo.position\" content=\"41.2257737;1.723258859\" \/>\n<meta name=\"geo.region\" content=\"Espa\u00f1a\" \/>\n<!-- \/ Yoast SEO Premium plugin. -->","yoast_head_json":{"title":"En Pinxo i hip-hop- Llibre musical &#8212; Som Llavors","description":"En Pinxo segueix ampliant la col\u00b7lecci\u00f3 de llibres musicals! Aquest cop el g\u00e8nere musical que descobreix \u00e9s el\u00a0blues.  Una\u00a0hist\u00f2ria\u00a0per llegir i\u00a016 melodies\u00a0per escoltar!  Despr\u00e9s d\u2019un llarg viatge en vaixell, en Pinxo arriba a Nova Orleans, el bressol del blues. La ciutat es prepara per al Carnaval, aix\u00ed que l\u2019ocasi\u00f3 \u00e9s perfecta per ajuntar-se amb m\u00fasics i artistes.  Prem les icones, escolta i descobreix\u00a0el blues\u00a0amb en Pinxo.  Un\u00a0llibre musical\u00a0interactiu ple de sons d\u2019instruments.","robots":{"index":"index","follow":"follow","max-snippet":"max-snippet:-1","max-image-preview":"max-image-preview:large","max-video-preview":"max-video-preview:-1"},"canonical":"https:\/\/somllavors.com\/es\/producte\/en-pinxo-i-hip-hop-llibre-musical","og_locale":"es_ES","og_type":"article","og_title":"En Pinxo i hip-hop- Llibre musical","og_description":"La teva botiga d\u2019ecocrian\u00e7a i espai d\u2019acompanyament a la maternitat","og_url":"https:\/\/somllavors.com\/es\/producte\/en-pinxo-i-hip-hop-llibre-musical","og_site_name":"Som Llavors","article_publisher":"https:\/\/www.facebook.com\/somllavorsvng\/?locale=ca_ES","article_modified_time":"2024-12-19T09:42:36+00:00","og_image":[{"width":740,"height":833,"url":"https:\/\/somllavors.com\/wp-content\/uploads\/2024\/12\/som-llavors-pinxo-i-el-hip-hop.jpg","type":"image\/jpeg"}],"twitter_card":"summary_large_image","twitter_misc":{"Precio":"13,95&euro; Iva incl\u00f2s","Availability":"Hay existencias"},"schema":{"@context":"https:\/\/schema.org","@graph":[{"@type":"WebPage","@id":"https:\/\/somllavors.com\/es\/producte\/en-pinxo-i-hip-hop-llibre-musical","url":"https:\/\/somllavors.com\/es\/producte\/en-pinxo-i-hip-hop-llibre-musical","name":"En Pinxo i hip-hop- Llibre musical &#8212; Som Llavors","isPartOf":{"@id":"https:\/\/somllavors.com\/es#website"},"primaryImageOfPage":{"@id":"https:\/\/somllavors.com\/es\/producte\/en-pinxo-i-hip-hop-llibre-musical#primaryimage"},"image":{"@id":"https:\/\/somllavors.com\/es\/producte\/en-pinxo-i-hip-hop-llibre-musical#primaryimage"},"thumbnailUrl":"https:\/\/somllavors.com\/wp-content\/uploads\/2024\/12\/som-llavors-pinxo-i-el-hip-hop.jpg","datePublished":"2024-12-09T17:11:46+00:00","dateModified":"2024-12-19T09:42:36+00:00","description":"En Pinxo segueix ampliant la col\u00b7lecci\u00f3 de llibres musicals! Aquest cop el g\u00e8nere musical que descobreix \u00e9s el\u00a0blues. Una\u00a0hist\u00f2ria\u00a0per llegir i\u00a016 melodies\u00a0per escoltar! Despr\u00e9s d\u2019un llarg viatge en vaixell, en Pinxo arriba a Nova Orleans, el bressol del blues. La ciutat es prepara per al Carnaval, aix\u00ed que l\u2019ocasi\u00f3 \u00e9s perfecta per ajuntar-se amb m\u00fasics i artistes. Prem les icones, escolta i descobreix\u00a0el blues\u00a0amb en Pinxo. Un\u00a0llibre musical\u00a0interactiu ple de sons d\u2019instruments.","breadcrumb":{"@id":"https:\/\/somllavors.com\/es\/producte\/en-pinxo-i-hip-hop-llibre-musical#breadcrumb"},"inLanguage":"es","potentialAction":[{"@type":"ReadAction","target":["https:\/\/somllavors.com\/es\/producte\/en-pinxo-i-hip-hop-llibre-musical"]}]},{"@type":"ImageObject","inLanguage":"es","@id":"https:\/\/somllavors.com\/es\/producte\/en-pinxo-i-hip-hop-llibre-musical#primaryimage","url":"https:\/\/somllavors.com\/wp-content\/uploads\/2024\/12\/som-llavors-pinxo-i-el-hip-hop.jpg","contentUrl":"https:\/\/somllavors.com\/wp-content\/uploads\/2024\/12\/som-llavors-pinxo-i-el-hip-hop.jpg","width":740,"height":833},{"@type":"BreadcrumbList","@id":"https:\/\/somllavors.com\/es\/producte\/en-pinxo-i-hip-hop-llibre-musical#breadcrumb","itemListElement":[{"@type":"ListItem","position":1,"name":"Inici","item":"https:\/\/somllavors.com\/es"},{"@type":"ListItem","position":2,"name":"Tienda","item":"https:\/\/somllavors.com\/es\/botiga-2"},{"@type":"ListItem","position":3,"name":"En Pinxo i hip-hop- Llibre musical"}]},{"@type":"WebSite","@id":"https:\/\/somllavors.com\/es#website","url":"https:\/\/somllavors.com\/es","name":"Som Llavors","description":"Botiga de crian\u00e7a natural","publisher":{"@id":"https:\/\/somllavors.com\/es#organization"},"alternateName":"Crian\u00e7a Natural i Sostenible","potentialAction":[{"@type":"SearchAction","target":{"@type":"EntryPoint","urlTemplate":"https:\/\/somllavors.com\/es?s={search_term_string}"},"query-input":{"@type":"PropertyValueSpecification","valueRequired":true,"valueName":"search_term_string"}}],"inLanguage":"es"},{"@type":["Organization","Place","Store"],"@id":"https:\/\/somllavors.com\/es#organization","name":"Som Llavors","alternateName":"Crian\u00e7a Natural i Sostenible","url":"https:\/\/somllavors.com\/es","logo":{"@id":"https:\/\/somllavors.com\/es\/producte\/en-pinxo-i-hip-hop-llibre-musical#local-main-organization-logo"},"image":{"@id":"https:\/\/somllavors.com\/es\/producte\/en-pinxo-i-hip-hop-llibre-musical#local-main-organization-logo"},"sameAs":["https:\/\/www.facebook.com\/somllavorsvng\/?locale=ca_ES","https:\/\/www.instagram.com\/somllavors_vng\/","https:\/\/www.youtube.com\/@somllavors"],"address":{"@id":"https:\/\/somllavors.com\/es\/producte\/en-pinxo-i-hip-hop-llibre-musical#local-main-place-address"},"geo":{"@type":"GeoCoordinates","latitude":"41.2257737","longitude":"1.723258859"},"telephone":["623152704","623152704"],"openingHoursSpecification":[{"@type":"OpeningHoursSpecification","dayOfWeek":["Monday","Sunday"],"opens":"00:00","closes":"00:00"},{"@type":"OpeningHoursSpecification","dayOfWeek":["Tuesday","Wednesday","Thursday","Friday"],"opens":"10:00","closes":"20:00"},{"@type":"OpeningHoursSpecification","dayOfWeek":["Saturday"],"opens":"10:00","closes":"13:30"}],"email":"info@somllavors.com"},{"@type":"PostalAddress","@id":"https:\/\/somllavors.com\/es\/producte\/en-pinxo-i-hip-hop-llibre-musical#local-main-place-address","streetAddress":"Carrer de l'aigua, 6","addressLocality":"Vilanova i la Geltr\u00fa","postalCode":"08800","addressRegion":"Barcelona","addressCountry":"ES"},{"@type":"ImageObject","inLanguage":"es","@id":"https:\/\/somllavors.com\/es\/producte\/en-pinxo-i-hip-hop-llibre-musical#local-main-organization-logo","url":"https:\/\/somllavors.com\/wp-content\/uploads\/Logotip-Som-Llavors.jpg","contentUrl":"https:\/\/somllavors.com\/wp-content\/uploads\/Logotip-Som-Llavors.jpg","width":1444,"height":1323,"caption":"Som Llavors"}]},"product_price_amount":"13.95","product_price_currency":"EUR","og_availability":"instock","product_availability":"instock","product_retailer_item_id":"9788491379614","product_condition":"new","geo.placename":"Vilanova i la Geltr\u00fa","geo.position":{"lat":"41.2257737","long":"1.723258859"},"geo.region":"Espa\u00f1a"},"brands":[],"_links":{"self":[{"href":"https:\/\/somllavors.com\/es\/wp-json\/wp\/v2\/product\/70606","targetHints":{"allow":["GET"]}}],"collection":[{"href":"https:\/\/somllavors.com\/es\/wp-json\/wp\/v2\/product"}],"about":[{"href":"https:\/\/somllavors.com\/es\/wp-json\/wp\/v2\/types\/product"}],"wp:featuredmedia":[{"embeddable":true,"href":"https:\/\/somllavors.com\/es\/wp-json\/wp\/v2\/media\/70635"}],"wp:attachment":[{"href":"https:\/\/somllavors.com\/es\/wp-json\/wp\/v2\/media?parent=70606"}],"wp:term":[{"taxonomy":"pwb-brand","embeddable":true,"href":"https:\/\/somllavors.com\/es\/wp-json\/wp\/v2\/pwb-brand?post=70606"},{"taxonomy":"product_brand","embeddable":true,"href":"https:\/\/somllavors.com\/es\/wp-json\/wp\/v2\/product_brand?post=70606"},{"taxonomy":"product_cat","embeddable":true,"href":"https:\/\/somllavors.com\/es\/wp-json\/wp\/v2\/product_cat?post=70606"},{"taxonomy":"product_tag","embeddable":true,"href":"https:\/\/somllavors.com\/es\/wp-json\/wp\/v2\/product_tag?post=70606"}],"curies":[{"name":"wp","href":"https:\/\/api.w.org\/{rel}","templated":true}]}}