{"id":71806,"date":"2025-01-31T14:05:27","date_gmt":"2025-01-31T13:05:27","guid":{"rendered":"https:\/\/somllavors.com\/?post_type=product&#038;p=71806"},"modified":"2025-11-18T15:20:08","modified_gmt":"2025-11-18T14:20:08","slug":"protector-de-lluvia-joolz-day%e2%81%b5-geo%c2%b3","status":"publish","type":"product","link":"https:\/\/somllavors.com\/es\/producte\/protector-de-lluvia-joolz-day%e2%81%b5-geo%c2%b3","title":{"rendered":"Protector de lluvia Joolz Day\u2075\/ Geo\u00b3"},"content":{"rendered":"<h3 class=\"compatiblity-title\">Compatible con:<\/h3>\n<ul>\n<li class=\"jlz-chip--wrapper\"><span class=\"jlz-chip\">Joolz Geo3<\/span><span class=\"jlz-chip\">\u00a0<\/span><\/li>\n<li class=\"jlz-chip--wrapper\"><span class=\"jlz-chip\">Joolz Day5<\/span><\/li>\n<\/ul>\n","protected":false},"excerpt":{"rendered":"<p>Que llueva, que nieve, t\u00fa y tu beb\u00e9 ten\u00e9is sitios a los que ir. El protector de lluvia Joolz Day5\/Geo3 se adapta perfectamente a la silla o al capazo, manteniendo a tu peque\u00f1o y a tu cochecito secos. Su ventana transparente permite que tu beb\u00e9 mire al mundo, y tiene una peque\u00f1a abertura para que puedas darle un juguete o un tentempi\u00e9 para que se entretenga. La funda tiene un revestimiento repelente al agua y se seca incre\u00edblemente r\u00e1pido, para que puedas plegarla y guardarla poco despu\u00e9s de que deje de llover.<\/p>\n","protected":false},"featured_media":71811,"template":"","meta":{"_acf_changed":false,"site-sidebar-layout":"default","site-content-layout":"","ast-site-content-layout":"default","site-content-style":"default","site-sidebar-style":"default","ast-global-header-display":"","ast-banner-title-visibility":"","ast-main-header-display":"","ast-hfb-above-header-display":"","ast-hfb-below-header-display":"","ast-hfb-mobile-header-display":"","site-post-title":"","ast-breadcrumbs-content":"","ast-featured-img":"","footer-sml-layout":"","ast-disable-related-posts":"","theme-transparent-header-meta":"default","adv-header-id-meta":"","stick-header-meta":"","header-above-stick-meta":"","header-main-stick-meta":"","header-below-stick-meta":"","astra-migrate-meta-layouts":"set","ast-page-background-enabled":"default","ast-page-background-meta":{"desktop":{"background-color":"","background-image":"","background-repeat":"repeat","background-position":"center center","background-size":"auto","background-attachment":"scroll","background-type":"","background-media":"","overlay-type":"","overlay-color":"","overlay-opacity":"","overlay-gradient":""},"tablet":{"background-color":"","background-image":"","background-repeat":"repeat","background-position":"center center","background-size":"auto","background-attachment":"scroll","background-type":"","background-media":"","overlay-type":"","overlay-color":"","overlay-opacity":"","overlay-gradient":""},"mobile":{"background-color":"","background-image":"","background-repeat":"repeat","background-position":"center center","background-size":"auto","background-attachment":"scroll","background-type":"","background-media":"","overlay-type":"","overlay-color":"","overlay-opacity":"","overlay-gradient":""}},"ast-content-background-meta":{"desktop":{"background-color":"var(--ast-global-color-5)","background-image":"","background-repeat":"repeat","background-position":"center center","background-size":"auto","background-attachment":"scroll","background-type":"","background-media":"","overlay-type":"","overlay-color":"","overlay-opacity":"","overlay-gradient":""},"tablet":{"background-color":"var(--ast-global-color-5)","background-image":"","background-repeat":"repeat","background-position":"center center","background-size":"auto","background-attachment":"scroll","background-type":"","background-media":"","overlay-type":"","overlay-color":"","overlay-opacity":"","overlay-gradient":""},"mobile":{"background-color":"var(--ast-global-color-5)","background-image":"","background-repeat":"repeat","background-position":"center center","background-size":"auto","background-attachment":"scroll","background-type":"","background-media":"","overlay-type":"","overlay-color":"","overlay-opacity":"","overlay-gradient":""}}},"pwb-brand":[4305],"product_brand":[],"product_cat":[4616,4615],"product_tag":[],"class_list":{"0":"post-71806","1":"product","2":"type-product","3":"status-publish","4":"has-post-thumbnail","6":"pwb-brand-joolz-cotxets","7":"product_cat-accesorios-de-carritos","8":"product_cat-carritos-de-bebe","9":"desktop-align-left","10":"tablet-align-left","11":"mobile-align-left","13":"first","14":"instock","15":"taxable","16":"shipping-taxable","17":"purchasable","18":"product-type-simple"},"acf":[],"yoast_head":"<!-- This site is optimized with the Yoast SEO Premium plugin v18.3 (Yoast SEO v27.4) - https:\/\/yoast.com\/product\/yoast-seo-premium-wordpress\/ -->\n<title>Protector de lluvia Joolz Day\u2075\/ Geo\u00b3 &#8212; Som Llavors<\/title>\n<meta name=\"description\" content=\"Que llueva, que nieve, t\u00fa y tu beb\u00e9 ten\u00e9is sitios a los que ir. El protector de lluvia Joolz Day5\/Geo3 se adapta perfectamente a la silla o al capazo, manteniendo a tu peque\u00f1o y a tu cochecito secos. Su ventana transparente permite que tu beb\u00e9 mire al mundo, y tiene una peque\u00f1a abertura para que puedas darle un juguete o un tentempi\u00e9 para que se entretenga. La funda tiene un revestimiento repelente al agua y se seca incre\u00edblemente r\u00e1pido, para que puedas plegarla y guardarla poco despu\u00e9s de que deje de llover.\" \/>\n<meta name=\"robots\" content=\"index, follow, max-snippet:-1, max-image-preview:large, max-video-preview:-1\" \/>\n<link rel=\"canonical\" href=\"https:\/\/somllavors.com\/es\/producte\/protector-de-lluvia-joolz-day%e2%81%b5-geo%c2%b3\" \/>\n<meta property=\"og:locale\" content=\"es_ES\" \/>\n<meta property=\"og:type\" content=\"article\" \/>\n<meta property=\"og:title\" content=\"Protector de lluvia Joolz Day\u2075\/ Geo\u00b3\" \/>\n<meta property=\"og:description\" content=\"La teva botiga d\u2019ecocrian\u00e7a i espai d\u2019acompanyament a la maternitat\" \/>\n<meta property=\"og:url\" content=\"https:\/\/somllavors.com\/es\/producte\/protector-de-lluvia-joolz-day%e2%81%b5-geo%c2%b3\" \/>\n<meta property=\"og:site_name\" content=\"Som Llavors\" \/>\n<meta property=\"article:publisher\" content=\"https:\/\/www.facebook.com\/somllavorsvng\/?locale=ca_ES\" \/>\n<meta property=\"article:modified_time\" content=\"2025-11-18T14:20:08+00:00\" \/>\n<meta property=\"og:image\" content=\"https:\/\/somllavors.com\/wp-content\/uploads\/2025\/01\/560027_joolz_day5_raincover_01.jpg\" \/>\n\t<meta property=\"og:image:width\" content=\"992\" \/>\n\t<meta property=\"og:image:height\" content=\"992\" \/>\n\t<meta property=\"og:image:type\" content=\"image\/jpeg\" \/>\n<meta name=\"twitter:card\" content=\"summary_large_image\" \/>\n<meta name=\"twitter:label1\" content=\"Precio\" \/>\n\t<meta name=\"twitter:data1\" content=\"49,95&euro; Iva incl\u00f2s\" \/>\n\t<meta name=\"twitter:label2\" content=\"Availability\" \/>\n\t<meta name=\"twitter:data2\" content=\"Hay existencias\" \/>\n<script type=\"application\/ld+json\" class=\"yoast-schema-graph\">{\"@context\":\"https:\\\/\\\/schema.org\",\"@graph\":[{\"@type\":\"WebPage\",\"@id\":\"https:\\\/\\\/somllavors.com\\\/es\\\/producte\\\/protector-de-lluvia-joolz-day%e2%81%b5-geo%c2%b3\",\"url\":\"https:\\\/\\\/somllavors.com\\\/es\\\/producte\\\/protector-de-lluvia-joolz-day%e2%81%b5-geo%c2%b3\",\"name\":\"Protector de lluvia Joolz Day\u2075\\\/ Geo\u00b3 &#8212; Som Llavors\",\"isPartOf\":{\"@id\":\"https:\\\/\\\/somllavors.com\\\/es#website\"},\"primaryImageOfPage\":{\"@id\":\"https:\\\/\\\/somllavors.com\\\/es\\\/producte\\\/protector-de-lluvia-joolz-day%e2%81%b5-geo%c2%b3#primaryimage\"},\"image\":{\"@id\":\"https:\\\/\\\/somllavors.com\\\/es\\\/producte\\\/protector-de-lluvia-joolz-day%e2%81%b5-geo%c2%b3#primaryimage\"},\"thumbnailUrl\":\"https:\\\/\\\/somllavors.com\\\/wp-content\\\/uploads\\\/2025\\\/01\\\/560027_joolz_day5_raincover_01.jpg\",\"datePublished\":\"2025-01-31T13:05:27+00:00\",\"dateModified\":\"2025-11-18T14:20:08+00:00\",\"description\":\"Que llueva, que nieve, t\u00fa y tu beb\u00e9 ten\u00e9is sitios a los que ir. El protector de lluvia Joolz Day5\\\/Geo3 se adapta perfectamente a la silla o al capazo, manteniendo a tu peque\u00f1o y a tu cochecito secos. Su ventana transparente permite que tu beb\u00e9 mire al mundo, y tiene una peque\u00f1a abertura para que puedas darle un juguete o un tentempi\u00e9 para que se entretenga. La funda tiene un revestimiento repelente al agua y se seca incre\u00edblemente r\u00e1pido, para que puedas plegarla y guardarla poco despu\u00e9s de que deje de llover.\",\"breadcrumb\":{\"@id\":\"https:\\\/\\\/somllavors.com\\\/es\\\/producte\\\/protector-de-lluvia-joolz-day%e2%81%b5-geo%c2%b3#breadcrumb\"},\"inLanguage\":\"es\",\"potentialAction\":[{\"@type\":\"ReadAction\",\"target\":[\"https:\\\/\\\/somllavors.com\\\/es\\\/producte\\\/protector-de-lluvia-joolz-day%e2%81%b5-geo%c2%b3\"]}]},{\"@type\":\"ImageObject\",\"inLanguage\":\"es\",\"@id\":\"https:\\\/\\\/somllavors.com\\\/es\\\/producte\\\/protector-de-lluvia-joolz-day%e2%81%b5-geo%c2%b3#primaryimage\",\"url\":\"https:\\\/\\\/somllavors.com\\\/wp-content\\\/uploads\\\/2025\\\/01\\\/560027_joolz_day5_raincover_01.jpg\",\"contentUrl\":\"https:\\\/\\\/somllavors.com\\\/wp-content\\\/uploads\\\/2025\\\/01\\\/560027_joolz_day5_raincover_01.jpg\",\"width\":992,\"height\":992,\"caption\":\"Joolz Day5\"},{\"@type\":\"BreadcrumbList\",\"@id\":\"https:\\\/\\\/somllavors.com\\\/es\\\/producte\\\/protector-de-lluvia-joolz-day%e2%81%b5-geo%c2%b3#breadcrumb\",\"itemListElement\":[{\"@type\":\"ListItem\",\"position\":1,\"name\":\"Inici\",\"item\":\"https:\\\/\\\/somllavors.com\\\/es\"},{\"@type\":\"ListItem\",\"position\":2,\"name\":\"Tienda\",\"item\":\"https:\\\/\\\/somllavors.com\\\/es\\\/botiga-2\"},{\"@type\":\"ListItem\",\"position\":3,\"name\":\"Protector de lluvia Joolz Day\u2075\\\/ Geo\u00b3\"}]},{\"@type\":\"WebSite\",\"@id\":\"https:\\\/\\\/somllavors.com\\\/es#website\",\"url\":\"https:\\\/\\\/somllavors.com\\\/es\",\"name\":\"Som Llavors\",\"description\":\"Botiga de crian\u00e7a natural\",\"publisher\":{\"@id\":\"https:\\\/\\\/somllavors.com\\\/es#organization\"},\"alternateName\":\"Crian\u00e7a Natural i Sostenible\",\"potentialAction\":[{\"@type\":\"SearchAction\",\"target\":{\"@type\":\"EntryPoint\",\"urlTemplate\":\"https:\\\/\\\/somllavors.com\\\/es?s={search_term_string}\"},\"query-input\":{\"@type\":\"PropertyValueSpecification\",\"valueRequired\":true,\"valueName\":\"search_term_string\"}}],\"inLanguage\":\"es\"},{\"@type\":[\"Organization\",\"Place\",\"Store\"],\"@id\":\"https:\\\/\\\/somllavors.com\\\/es#organization\",\"name\":\"Som Llavors\",\"alternateName\":\"Crian\u00e7a Natural i Sostenible\",\"url\":\"https:\\\/\\\/somllavors.com\\\/es\",\"logo\":{\"@id\":\"https:\\\/\\\/somllavors.com\\\/es\\\/producte\\\/protector-de-lluvia-joolz-day%e2%81%b5-geo%c2%b3#local-main-organization-logo\"},\"image\":{\"@id\":\"https:\\\/\\\/somllavors.com\\\/es\\\/producte\\\/protector-de-lluvia-joolz-day%e2%81%b5-geo%c2%b3#local-main-organization-logo\"},\"sameAs\":[\"https:\\\/\\\/www.facebook.com\\\/somllavorsvng\\\/?locale=ca_ES\",\"https:\\\/\\\/www.instagram.com\\\/somllavors_vng\\\/\",\"https:\\\/\\\/www.youtube.com\\\/@somllavors\"],\"address\":{\"@id\":\"https:\\\/\\\/somllavors.com\\\/es\\\/producte\\\/protector-de-lluvia-joolz-day%e2%81%b5-geo%c2%b3#local-main-place-address\"},\"geo\":{\"@type\":\"GeoCoordinates\",\"latitude\":\"41.2257737\",\"longitude\":\"1.723258859\"},\"telephone\":[\"623152704\"],\"openingHoursSpecification\":[{\"@type\":\"OpeningHoursSpecification\",\"dayOfWeek\":[\"Monday\",\"Sunday\"],\"opens\":\"00:00\",\"closes\":\"00:00\"},{\"@type\":\"OpeningHoursSpecification\",\"dayOfWeek\":[\"Tuesday\",\"Wednesday\",\"Thursday\",\"Friday\"],\"opens\":\"10:00\",\"closes\":\"20:00\"},{\"@type\":\"OpeningHoursSpecification\",\"dayOfWeek\":[\"Saturday\"],\"opens\":\"10:00\",\"closes\":\"13:30\"}],\"email\":\"info@somllavors.com\"},{\"@type\":\"PostalAddress\",\"@id\":\"https:\\\/\\\/somllavors.com\\\/es\\\/producte\\\/protector-de-lluvia-joolz-day%e2%81%b5-geo%c2%b3#local-main-place-address\",\"streetAddress\":\"Carrer de l'aigua, 6\",\"addressLocality\":\"Vilanova i la Geltr\u00fa\",\"postalCode\":\"08800\",\"addressRegion\":\"Barcelona\",\"addressCountry\":\"ES\"},{\"@type\":\"ImageObject\",\"inLanguage\":\"es\",\"@id\":\"https:\\\/\\\/somllavors.com\\\/es\\\/producte\\\/protector-de-lluvia-joolz-day%e2%81%b5-geo%c2%b3#local-main-organization-logo\",\"url\":\"https:\\\/\\\/somllavors.com\\\/wp-content\\\/uploads\\\/Logotip-Som-Llavors.jpg\",\"contentUrl\":\"https:\\\/\\\/somllavors.com\\\/wp-content\\\/uploads\\\/Logotip-Som-Llavors.jpg\",\"width\":1444,\"height\":1323,\"caption\":\"Som Llavors\"}]}<\/script>\n<meta property=\"product:price:amount\" content=\"49.95\" \/>\n<meta property=\"product:price:currency\" content=\"EUR\" \/>\n<meta property=\"og:availability\" content=\"instock\" \/>\n<meta property=\"product:availability\" content=\"instock\" \/>\n<meta property=\"product:retailer_item_id\" content=\"560027\" \/>\n<meta property=\"product:condition\" content=\"new\" \/>\n<meta name=\"geo.placename\" content=\"Vilanova i la Geltr\u00fa\" \/>\n<meta name=\"geo.position\" content=\"41.2257737;1.723258859\" \/>\n<meta name=\"geo.region\" content=\"Espa\u00f1a\" \/>\n<!-- \/ Yoast SEO Premium plugin. -->","yoast_head_json":{"title":"Protector de lluvia Joolz Day\u2075\/ Geo\u00b3 &#8212; Som Llavors","description":"Que llueva, que nieve, t\u00fa y tu beb\u00e9 ten\u00e9is sitios a los que ir. El protector de lluvia Joolz Day5\/Geo3 se adapta perfectamente a la silla o al capazo, manteniendo a tu peque\u00f1o y a tu cochecito secos. Su ventana transparente permite que tu beb\u00e9 mire al mundo, y tiene una peque\u00f1a abertura para que puedas darle un juguete o un tentempi\u00e9 para que se entretenga. La funda tiene un revestimiento repelente al agua y se seca incre\u00edblemente r\u00e1pido, para que puedas plegarla y guardarla poco despu\u00e9s de que deje de llover.","robots":{"index":"index","follow":"follow","max-snippet":"max-snippet:-1","max-image-preview":"max-image-preview:large","max-video-preview":"max-video-preview:-1"},"canonical":"https:\/\/somllavors.com\/es\/producte\/protector-de-lluvia-joolz-day%e2%81%b5-geo%c2%b3","og_locale":"es_ES","og_type":"article","og_title":"Protector de lluvia Joolz Day\u2075\/ Geo\u00b3","og_description":"La teva botiga d\u2019ecocrian\u00e7a i espai d\u2019acompanyament a la maternitat","og_url":"https:\/\/somllavors.com\/es\/producte\/protector-de-lluvia-joolz-day%e2%81%b5-geo%c2%b3","og_site_name":"Som Llavors","article_publisher":"https:\/\/www.facebook.com\/somllavorsvng\/?locale=ca_ES","article_modified_time":"2025-11-18T14:20:08+00:00","og_image":[{"width":992,"height":992,"url":"https:\/\/somllavors.com\/wp-content\/uploads\/2025\/01\/560027_joolz_day5_raincover_01.jpg","type":"image\/jpeg"}],"twitter_card":"summary_large_image","twitter_misc":{"Precio":"49,95&euro; Iva incl\u00f2s","Availability":"Hay existencias"},"schema":{"@context":"https:\/\/schema.org","@graph":[{"@type":"WebPage","@id":"https:\/\/somllavors.com\/es\/producte\/protector-de-lluvia-joolz-day%e2%81%b5-geo%c2%b3","url":"https:\/\/somllavors.com\/es\/producte\/protector-de-lluvia-joolz-day%e2%81%b5-geo%c2%b3","name":"Protector de lluvia Joolz Day\u2075\/ Geo\u00b3 &#8212; Som Llavors","isPartOf":{"@id":"https:\/\/somllavors.com\/es#website"},"primaryImageOfPage":{"@id":"https:\/\/somllavors.com\/es\/producte\/protector-de-lluvia-joolz-day%e2%81%b5-geo%c2%b3#primaryimage"},"image":{"@id":"https:\/\/somllavors.com\/es\/producte\/protector-de-lluvia-joolz-day%e2%81%b5-geo%c2%b3#primaryimage"},"thumbnailUrl":"https:\/\/somllavors.com\/wp-content\/uploads\/2025\/01\/560027_joolz_day5_raincover_01.jpg","datePublished":"2025-01-31T13:05:27+00:00","dateModified":"2025-11-18T14:20:08+00:00","description":"Que llueva, que nieve, t\u00fa y tu beb\u00e9 ten\u00e9is sitios a los que ir. El protector de lluvia Joolz Day5\/Geo3 se adapta perfectamente a la silla o al capazo, manteniendo a tu peque\u00f1o y a tu cochecito secos. Su ventana transparente permite que tu beb\u00e9 mire al mundo, y tiene una peque\u00f1a abertura para que puedas darle un juguete o un tentempi\u00e9 para que se entretenga. La funda tiene un revestimiento repelente al agua y se seca incre\u00edblemente r\u00e1pido, para que puedas plegarla y guardarla poco despu\u00e9s de que deje de llover.","breadcrumb":{"@id":"https:\/\/somllavors.com\/es\/producte\/protector-de-lluvia-joolz-day%e2%81%b5-geo%c2%b3#breadcrumb"},"inLanguage":"es","potentialAction":[{"@type":"ReadAction","target":["https:\/\/somllavors.com\/es\/producte\/protector-de-lluvia-joolz-day%e2%81%b5-geo%c2%b3"]}]},{"@type":"ImageObject","inLanguage":"es","@id":"https:\/\/somllavors.com\/es\/producte\/protector-de-lluvia-joolz-day%e2%81%b5-geo%c2%b3#primaryimage","url":"https:\/\/somllavors.com\/wp-content\/uploads\/2025\/01\/560027_joolz_day5_raincover_01.jpg","contentUrl":"https:\/\/somllavors.com\/wp-content\/uploads\/2025\/01\/560027_joolz_day5_raincover_01.jpg","width":992,"height":992,"caption":"Joolz Day5"},{"@type":"BreadcrumbList","@id":"https:\/\/somllavors.com\/es\/producte\/protector-de-lluvia-joolz-day%e2%81%b5-geo%c2%b3#breadcrumb","itemListElement":[{"@type":"ListItem","position":1,"name":"Inici","item":"https:\/\/somllavors.com\/es"},{"@type":"ListItem","position":2,"name":"Tienda","item":"https:\/\/somllavors.com\/es\/botiga-2"},{"@type":"ListItem","position":3,"name":"Protector de lluvia Joolz Day\u2075\/ Geo\u00b3"}]},{"@type":"WebSite","@id":"https:\/\/somllavors.com\/es#website","url":"https:\/\/somllavors.com\/es","name":"Som Llavors","description":"Botiga de crian\u00e7a natural","publisher":{"@id":"https:\/\/somllavors.com\/es#organization"},"alternateName":"Crian\u00e7a Natural i Sostenible","potentialAction":[{"@type":"SearchAction","target":{"@type":"EntryPoint","urlTemplate":"https:\/\/somllavors.com\/es?s={search_term_string}"},"query-input":{"@type":"PropertyValueSpecification","valueRequired":true,"valueName":"search_term_string"}}],"inLanguage":"es"},{"@type":["Organization","Place","Store"],"@id":"https:\/\/somllavors.com\/es#organization","name":"Som Llavors","alternateName":"Crian\u00e7a Natural i Sostenible","url":"https:\/\/somllavors.com\/es","logo":{"@id":"https:\/\/somllavors.com\/es\/producte\/protector-de-lluvia-joolz-day%e2%81%b5-geo%c2%b3#local-main-organization-logo"},"image":{"@id":"https:\/\/somllavors.com\/es\/producte\/protector-de-lluvia-joolz-day%e2%81%b5-geo%c2%b3#local-main-organization-logo"},"sameAs":["https:\/\/www.facebook.com\/somllavorsvng\/?locale=ca_ES","https:\/\/www.instagram.com\/somllavors_vng\/","https:\/\/www.youtube.com\/@somllavors"],"address":{"@id":"https:\/\/somllavors.com\/es\/producte\/protector-de-lluvia-joolz-day%e2%81%b5-geo%c2%b3#local-main-place-address"},"geo":{"@type":"GeoCoordinates","latitude":"41.2257737","longitude":"1.723258859"},"telephone":["623152704","623152704"],"openingHoursSpecification":[{"@type":"OpeningHoursSpecification","dayOfWeek":["Monday","Sunday"],"opens":"00:00","closes":"00:00"},{"@type":"OpeningHoursSpecification","dayOfWeek":["Tuesday","Wednesday","Thursday","Friday"],"opens":"10:00","closes":"20:00"},{"@type":"OpeningHoursSpecification","dayOfWeek":["Saturday"],"opens":"10:00","closes":"13:30"}],"email":"info@somllavors.com"},{"@type":"PostalAddress","@id":"https:\/\/somllavors.com\/es\/producte\/protector-de-lluvia-joolz-day%e2%81%b5-geo%c2%b3#local-main-place-address","streetAddress":"Carrer de l'aigua, 6","addressLocality":"Vilanova i la Geltr\u00fa","postalCode":"08800","addressRegion":"Barcelona","addressCountry":"ES"},{"@type":"ImageObject","inLanguage":"es","@id":"https:\/\/somllavors.com\/es\/producte\/protector-de-lluvia-joolz-day%e2%81%b5-geo%c2%b3#local-main-organization-logo","url":"https:\/\/somllavors.com\/wp-content\/uploads\/Logotip-Som-Llavors.jpg","contentUrl":"https:\/\/somllavors.com\/wp-content\/uploads\/Logotip-Som-Llavors.jpg","width":1444,"height":1323,"caption":"Som Llavors"}]},"product_price_amount":"49.95","product_price_currency":"EUR","og_availability":"instock","product_availability":"instock","product_retailer_item_id":"560027","product_condition":"new","geo.placename":"Vilanova i la Geltr\u00fa","geo.position":{"lat":"41.2257737","long":"1.723258859"},"geo.region":"Espa\u00f1a"},"brands":[{"id":4305,"name":"Joolz","slug":"joolz-cotxets"}],"_links":{"self":[{"href":"https:\/\/somllavors.com\/es\/wp-json\/wp\/v2\/product\/71806","targetHints":{"allow":["GET"]}}],"collection":[{"href":"https:\/\/somllavors.com\/es\/wp-json\/wp\/v2\/product"}],"about":[{"href":"https:\/\/somllavors.com\/es\/wp-json\/wp\/v2\/types\/product"}],"wp:featuredmedia":[{"embeddable":true,"href":"https:\/\/somllavors.com\/es\/wp-json\/wp\/v2\/media\/71811"}],"wp:attachment":[{"href":"https:\/\/somllavors.com\/es\/wp-json\/wp\/v2\/media?parent=71806"}],"wp:term":[{"taxonomy":"pwb-brand","embeddable":true,"href":"https:\/\/somllavors.com\/es\/wp-json\/wp\/v2\/pwb-brand?post=71806"},{"taxonomy":"product_brand","embeddable":true,"href":"https:\/\/somllavors.com\/es\/wp-json\/wp\/v2\/product_brand?post=71806"},{"taxonomy":"product_cat","embeddable":true,"href":"https:\/\/somllavors.com\/es\/wp-json\/wp\/v2\/product_cat?post=71806"},{"taxonomy":"product_tag","embeddable":true,"href":"https:\/\/somllavors.com\/es\/wp-json\/wp\/v2\/product_tag?post=71806"}],"curies":[{"name":"wp","href":"https:\/\/api.w.org\/{rel}","templated":true}]}}