{"id":72114,"date":"2025-02-05T22:50:12","date_gmt":"2025-02-05T21:50:12","guid":{"rendered":"https:\/\/somllavors.com\/?post_type=product&#038;p=72114"},"modified":"2026-04-04T13:09:12","modified_gmt":"2026-04-04T11:09:12","slug":"mochila-ergonomica-portabebes-limas-flex-glacier-green-stokke","status":"publish","type":"product","link":"https:\/\/somllavors.com\/es\/producte\/mochila-ergonomica-portabebes-limas-flex-glacier-green-stokke","title":{"rendered":"Mochila ergon\u00f3mica portabeb\u00e9s Limas Flex Glacier Green &#8211; Stokke"},"content":{"rendered":"<div class=\"css-1koat50\">\n<div class=\"css-10e2qm9\" data-testid=\"product-details-page_product-usp\">\n<h2>\u00a1Incluye\u00a0una\u00a0asesor\u00eda\u00a0del fisioterapeuta de\u00a0<span class=\"hiddenSpellError\">Som<\/span>\u00a0<span class=\"hiddenSpellError\">Llavors<\/span>!<\/h2>\n<h2><\/h2>\n<p>Es muy importante ajustar correctamente el portabeb\u00e9s para garantizar que se practique un porteo ergon\u00f3mico tanto para el beb\u00e9 como para el adulto que portea, por este motivo os incluimos una asesor\u00eda con nuestro fisioterapeuta pedi\u00e1trico especializado en porteo. La asesor\u00eda se puede realizar de forma presencial acudiendo a la tienda con el beb\u00e9, o tambi\u00e9n se ofrece la posibilidad de realizarlo online.<\/p>\n<div class=\"styled-content css-fmzwi7\">El portabeb\u00e9s Stokke\u00ae Limas\u2122 Flex es un portabeb\u00e9s de hebilla completa y se puede utilizar a partir de un mes (4 kg). Se puede usar de forma r\u00e1pida y sencilla sin necesidad de atarlo.\u00a0Proporciona libertad de movimiento y seguridad en todo momento.\u00a0Fabricado con algod\u00f3n org\u00e1nico suave, se ampl\u00eda a medida que el beb\u00e9 crece para mantenerlo c\u00f3modo y cerca. Gracias a la base ajustable y al panel trasero, este portabeb\u00e9s se puede ampliar al tama\u00f1o de tu beb\u00e9. Tambi\u00e9n garantiza una posici\u00f3n de asiento c\u00f3moda y ergon\u00f3mica para tu beb\u00e9, desde unas semanas despu\u00e9s del parto hasta los primeros a\u00f1os de vida y hasta los 20 kg.\u00a0\u200bLas opciones de transporte frontal, en la espalda y en la cadera ofrecen a los padres una gran flexibilidad.\u00a0El cintur\u00f3n abdominal del portabeb\u00e9s Stokke\u00ae Limas\u2122 Flex se puede quitar f\u00e1cilmente, lo que permite usarlo como onbuhimo, un estilo japon\u00e9s tradicional para llevar al beb\u00e9 en la espalda sin el cintur\u00f3n.<\/div>\n<\/div>\n<\/div>\n<div><\/div>\n<div><\/div>\n<h3>Caracter\u00edsticas de la Mochila ergon\u00f3mica portabeb\u00e9s Stokke\u00ae Limas\u2122 Flex<\/h3>\n<div class=\"css-1koat50\">\n<div class=\"css-10e2qm9\" data-testid=\"product-details-page_product-usp\">\n<div class=\"styled-content css-fmzwi7\">\n<p>&nbsp;<\/p>\n<ul>\n<li>Ofrece libertad de movimiento<\/li>\n<li>Adecuado como un onbuhimo sin cintur\u00f3n<\/li>\n<li>Tirantes acolchados con hebillas que se ajustan f\u00e1cilmente\u200b<\/li>\n<li>La base garantiza que el beb\u00e9 estar\u00e1 sentado correctamente en posici\u00f3n de cuclillas<\/li>\n<li>Cintur\u00f3n ancho y ergon\u00f3mico con hebilla acolchada (ajustable de 60 a 140 cm)<\/li>\n<li>Panel trasero ajustable (de 30 a 41 cm)<\/li>\n<li>Ideal para poder llevar al beb\u00e9 cuando sea m\u00e1s grande<\/li>\n<li>Material: 100% algod\u00f3n org\u00e1nico* (*Solo Beige Valeriana: 50% algod\u00f3n org\u00e1nico y 50% lino)<\/li>\n<li>No hay que lavarlo antes de usarlo por primera vez<\/li>\n<li>Se puede lavar a m\u00e1quina a baja temperatura (40 grados Celsius) y con poco centrifugado<\/li>\n<\/ul>\n<\/div>\n<\/div>\n<\/div>\n","protected":false},"excerpt":{"rendered":"<h1 class=\"chakra-text css-aqv6gz\">Mochila ergon\u00f3mica portabeb\u00e9s Stokke\u00ae Limas\u2122 Flex<\/h1>\n<ul>\n<li>Ajustable a medida que el beb\u00e9 crece de 4 a 20 kg<\/li>\n<li>Apoyo y comodidad ergon\u00f3micos\u200b<\/li>\n<li>Muy f\u00e1cil de usar\u200b<\/li>\n<li>Opciones de transporte frontal, en la espalda y onbuhimo\u200b<\/li>\n<li>Fabricado con algod\u00f3n suave 100% org\u00e1nico<\/li>\n<\/ul>\n","protected":false},"featured_media":72117,"template":"","meta":{"_acf_changed":false,"site-sidebar-layout":"default","site-content-layout":"","ast-site-content-layout":"default","site-content-style":"default","site-sidebar-style":"default","ast-global-header-display":"","ast-banner-title-visibility":"","ast-main-header-display":"","ast-hfb-above-header-display":"","ast-hfb-below-header-display":"","ast-hfb-mobile-header-display":"","site-post-title":"","ast-breadcrumbs-content":"","ast-featured-img":"","footer-sml-layout":"","theme-transparent-header-meta":"default","adv-header-id-meta":"","stick-header-meta":"","header-above-stick-meta":"","header-main-stick-meta":"","header-below-stick-meta":"","astra-migrate-meta-layouts":"set","ast-page-background-enabled":"default","ast-page-background-meta":{"desktop":{"background-color":"","background-image":"","background-repeat":"repeat","background-position":"center center","background-size":"auto","background-attachment":"scroll","background-type":"","background-media":"","overlay-type":"","overlay-color":"","overlay-opacity":"","overlay-gradient":""},"tablet":{"background-color":"","background-image":"","background-repeat":"repeat","background-position":"center center","background-size":"auto","background-attachment":"scroll","background-type":"","background-media":"","overlay-type":"","overlay-color":"","overlay-opacity":"","overlay-gradient":""},"mobile":{"background-color":"","background-image":"","background-repeat":"repeat","background-position":"center center","background-size":"auto","background-attachment":"scroll","background-type":"","background-media":"","overlay-type":"","overlay-color":"","overlay-opacity":"","overlay-gradient":""}},"ast-content-background-meta":{"desktop":{"background-color":"var(--ast-global-color-5)","background-image":"","background-repeat":"repeat","background-position":"center center","background-size":"auto","background-attachment":"scroll","background-type":"","background-media":"","overlay-type":"","overlay-color":"","overlay-opacity":"","overlay-gradient":""},"tablet":{"background-color":"var(--ast-global-color-5)","background-image":"","background-repeat":"repeat","background-position":"center center","background-size":"auto","background-attachment":"scroll","background-type":"","background-media":"","overlay-type":"","overlay-color":"","overlay-opacity":"","overlay-gradient":""},"mobile":{"background-color":"var(--ast-global-color-5)","background-image":"","background-repeat":"repeat","background-position":"center center","background-size":"auto","background-attachment":"scroll","background-type":"","background-media":"","overlay-type":"","overlay-color":"","overlay-opacity":"","overlay-gradient":""}}},"pwb-brand":[4501],"product_brand":[],"product_cat":[3606],"product_tag":[3854],"class_list":{"0":"post-72114","1":"product","2":"type-product","3":"status-publish","4":"has-post-thumbnail","6":"pwb-brand-stokke","7":"product_cat-mochilas-ergonomicas","8":"product_tag-porteo-es","9":"desktop-align-left","10":"tablet-align-left","11":"mobile-align-left","13":"first","14":"instock","15":"taxable","16":"shipping-taxable","17":"purchasable","18":"product-type-simple"},"acf":[],"yoast_head":"<!-- This site is optimized with the Yoast SEO Premium plugin v18.3 (Yoast SEO v26.2) - https:\/\/yoast.com\/wordpress\/plugins\/seo\/ -->\n<title>Mochila ergon\u00f3mica portabeb\u00e9s Limas Flex Glacier Green - Stokke &#8212; Som Llavors<\/title>\n<meta name=\"description\" content=\"Mochila ergon\u00f3mica portabeb\u00e9s Stokke\u00ae Limas\u2122 Flex   Ajustable a medida que el beb\u00e9 crece de 4 a 20 kg  Apoyo y comodidad ergon\u00f3micos\u200b  Muy f\u00e1cil de usar\u200b  Opciones de transporte frontal, en la espalda y onbuhimo\u200b  Fabricado con algod\u00f3n suave 100% org\u00e1nico\" \/>\n<meta name=\"robots\" content=\"index, follow, max-snippet:-1, max-image-preview:large, max-video-preview:-1\" \/>\n<link rel=\"canonical\" href=\"https:\/\/somllavors.com\/es\/producte\/mochila-ergonomica-portabebes-limas-flex-glacier-green-stokke\" \/>\n<meta property=\"og:locale\" content=\"es_ES\" \/>\n<meta property=\"og:type\" content=\"article\" \/>\n<meta property=\"og:title\" content=\"Mochila ergon\u00f3mica portabeb\u00e9s Limas Flex Glacier Green - Stokke\" \/>\n<meta property=\"og:description\" content=\"La teva botiga d\u2019ecocrian\u00e7a i espai d\u2019acompanyament a la maternitat\" \/>\n<meta property=\"og:url\" content=\"https:\/\/somllavors.com\/es\/producte\/mochila-ergonomica-portabebes-limas-flex-glacier-green-stokke\" \/>\n<meta property=\"og:site_name\" content=\"Som Llavors\" \/>\n<meta property=\"article:publisher\" content=\"https:\/\/www.facebook.com\/somllavorsvng\/?locale=ca_ES\" \/>\n<meta property=\"article:modified_time\" content=\"2026-04-04T11:09:12+00:00\" \/>\n<meta property=\"og:image\" content=\"https:\/\/somllavors.com\/wp-content\/uploads\/2025\/02\/StokkeLimasFlex-Glacier-green_231010-5064_eCom.jpg\" \/>\n\t<meta property=\"og:image:width\" content=\"938\" \/>\n\t<meta property=\"og:image:height\" content=\"1072\" \/>\n\t<meta property=\"og:image:type\" content=\"image\/jpeg\" \/>\n<meta name=\"twitter:card\" content=\"summary_large_image\" \/>\n<meta name=\"twitter:label1\" content=\"Precio\" \/>\n\t<meta name=\"twitter:data1\" content=\"149,00&euro; Iva incl\u00f2s\" \/>\n\t<meta name=\"twitter:label2\" content=\"Availability\" \/>\n\t<meta name=\"twitter:data2\" content=\"Hay existencias\" \/>\n<script type=\"application\/ld+json\" class=\"yoast-schema-graph\">{\"@context\":\"https:\/\/schema.org\",\"@graph\":[{\"@type\":\"WebPage\",\"@id\":\"https:\/\/somllavors.com\/es\/producte\/mochila-ergonomica-portabebes-limas-flex-glacier-green-stokke\",\"url\":\"https:\/\/somllavors.com\/es\/producte\/mochila-ergonomica-portabebes-limas-flex-glacier-green-stokke\",\"name\":\"Mochila ergon\u00f3mica portabeb\u00e9s Limas Flex Glacier Green - Stokke &#8212; Som Llavors\",\"isPartOf\":{\"@id\":\"https:\/\/somllavors.com\/es#website\"},\"primaryImageOfPage\":{\"@id\":\"https:\/\/somllavors.com\/es\/producte\/mochila-ergonomica-portabebes-limas-flex-glacier-green-stokke#primaryimage\"},\"image\":{\"@id\":\"https:\/\/somllavors.com\/es\/producte\/mochila-ergonomica-portabebes-limas-flex-glacier-green-stokke#primaryimage\"},\"thumbnailUrl\":\"https:\/\/somllavors.com\/wp-content\/uploads\/2025\/02\/StokkeLimasFlex-Glacier-green_231010-5064_eCom.jpg\",\"datePublished\":\"2025-02-05T21:50:12+00:00\",\"dateModified\":\"2026-04-04T11:09:12+00:00\",\"description\":\"Mochila ergon\u00f3mica portabeb\u00e9s Stokke\u00ae Limas\u2122 Flex Ajustable a medida que el beb\u00e9 crece de 4 a 20 kg Apoyo y comodidad ergon\u00f3micos\u200b Muy f\u00e1cil de usar\u200b Opciones de transporte frontal, en la espalda y onbuhimo\u200b Fabricado con algod\u00f3n suave 100% org\u00e1nico\",\"breadcrumb\":{\"@id\":\"https:\/\/somllavors.com\/es\/producte\/mochila-ergonomica-portabebes-limas-flex-glacier-green-stokke#breadcrumb\"},\"inLanguage\":\"es\",\"potentialAction\":[{\"@type\":\"ReadAction\",\"target\":[\"https:\/\/somllavors.com\/es\/producte\/mochila-ergonomica-portabebes-limas-flex-glacier-green-stokke\"]}]},{\"@type\":\"ImageObject\",\"inLanguage\":\"es\",\"@id\":\"https:\/\/somllavors.com\/es\/producte\/mochila-ergonomica-portabebes-limas-flex-glacier-green-stokke#primaryimage\",\"url\":\"https:\/\/somllavors.com\/wp-content\/uploads\/2025\/02\/StokkeLimasFlex-Glacier-green_231010-5064_eCom.jpg\",\"contentUrl\":\"https:\/\/somllavors.com\/wp-content\/uploads\/2025\/02\/StokkeLimasFlex-Glacier-green_231010-5064_eCom.jpg\",\"width\":938,\"height\":1072,\"caption\":\"Stokke\u00ae Limas\u2122 Flex. Terracotta.\"},{\"@type\":\"BreadcrumbList\",\"@id\":\"https:\/\/somllavors.com\/es\/producte\/mochila-ergonomica-portabebes-limas-flex-glacier-green-stokke#breadcrumb\",\"itemListElement\":[{\"@type\":\"ListItem\",\"position\":1,\"name\":\"Inici\",\"item\":\"https:\/\/somllavors.com\/es\"},{\"@type\":\"ListItem\",\"position\":2,\"name\":\"Tienda\",\"item\":\"https:\/\/somllavors.com\/es\/botiga-2\"},{\"@type\":\"ListItem\",\"position\":3,\"name\":\"Mochila ergon\u00f3mica portabeb\u00e9s Limas Flex Glacier Green &#8211; Stokke\"}]},{\"@type\":\"WebSite\",\"@id\":\"https:\/\/somllavors.com\/es#website\",\"url\":\"https:\/\/somllavors.com\/es\",\"name\":\"Som Llavors\",\"description\":\"Botiga de crian\u00e7a natural\",\"publisher\":{\"@id\":\"https:\/\/somllavors.com\/es#organization\"},\"alternateName\":\"Crian\u00e7a Natural i Sostenible\",\"potentialAction\":[{\"@type\":\"SearchAction\",\"target\":{\"@type\":\"EntryPoint\",\"urlTemplate\":\"https:\/\/somllavors.com\/es?s={search_term_string}\"},\"query-input\":{\"@type\":\"PropertyValueSpecification\",\"valueRequired\":true,\"valueName\":\"search_term_string\"}}],\"inLanguage\":\"es\"},{\"@type\":[\"Organization\",\"Place\",\"Store\"],\"@id\":\"https:\/\/somllavors.com\/es#organization\",\"name\":\"Som Llavors\",\"alternateName\":\"Crian\u00e7a Natural i Sostenible\",\"url\":\"https:\/\/somllavors.com\/es\",\"logo\":{\"@id\":\"https:\/\/somllavors.com\/es\/producte\/mochila-ergonomica-portabebes-limas-flex-glacier-green-stokke#local-main-organization-logo\"},\"image\":{\"@id\":\"https:\/\/somllavors.com\/es\/producte\/mochila-ergonomica-portabebes-limas-flex-glacier-green-stokke#local-main-organization-logo\"},\"sameAs\":[\"https:\/\/www.facebook.com\/somllavorsvng\/?locale=ca_ES\",\"https:\/\/www.instagram.com\/somllavors_vng\/\",\"https:\/\/www.youtube.com\/@somllavors\"],\"address\":{\"@id\":\"https:\/\/somllavors.com\/es\/producte\/mochila-ergonomica-portabebes-limas-flex-glacier-green-stokke#local-main-place-address\"},\"geo\":{\"@type\":\"GeoCoordinates\",\"latitude\":\"41.2257737\",\"longitude\":\"1.723258859\"},\"telephone\":[\"623152704\"],\"openingHoursSpecification\":[{\"@type\":\"OpeningHoursSpecification\",\"dayOfWeek\":[\"Monday\",\"Sunday\"],\"opens\":\"00:00\",\"closes\":\"00:00\"},{\"@type\":\"OpeningHoursSpecification\",\"dayOfWeek\":[\"Tuesday\",\"Wednesday\",\"Thursday\",\"Friday\"],\"opens\":\"10:00\",\"closes\":\"20:00\"},{\"@type\":\"OpeningHoursSpecification\",\"dayOfWeek\":[\"Saturday\"],\"opens\":\"10:00\",\"closes\":\"13:30\"}],\"email\":\"info@somllavors.com\"},{\"@type\":\"PostalAddress\",\"@id\":\"https:\/\/somllavors.com\/es\/producte\/mochila-ergonomica-portabebes-limas-flex-glacier-green-stokke#local-main-place-address\",\"streetAddress\":\"Carrer de l'aigua, 6\",\"addressLocality\":\"Vilanova i la Geltr\u00fa\",\"postalCode\":\"08800\",\"addressRegion\":\"Barcelona\",\"addressCountry\":\"ES\"},{\"@type\":\"ImageObject\",\"inLanguage\":\"es\",\"@id\":\"https:\/\/somllavors.com\/es\/producte\/mochila-ergonomica-portabebes-limas-flex-glacier-green-stokke#local-main-organization-logo\",\"url\":\"https:\/\/somllavors.com\/wp-content\/uploads\/Logotip-Som-Llavors.jpg\",\"contentUrl\":\"https:\/\/somllavors.com\/wp-content\/uploads\/Logotip-Som-Llavors.jpg\",\"width\":1444,\"height\":1323,\"caption\":\"Som Llavors\"}]}<\/script>\n<meta property=\"product:price:amount\" content=\"149.00\" \/>\n<meta property=\"product:price:currency\" content=\"EUR\" \/>\n<meta property=\"og:availability\" content=\"instock\" \/>\n<meta property=\"product:availability\" content=\"instock\" \/>\n<meta property=\"product:retailer_item_id\" content=\"625612\" \/>\n<meta property=\"product:condition\" content=\"new\" \/>\n<meta name=\"geo.placename\" content=\"Vilanova i la Geltr\u00fa\" \/>\n<meta name=\"geo.position\" content=\"41.2257737;1.723258859\" \/>\n<meta name=\"geo.region\" content=\"Espa\u00f1a\" \/>\n<!-- \/ Yoast SEO Premium plugin. -->","yoast_head_json":{"title":"Mochila ergon\u00f3mica portabeb\u00e9s Limas Flex Glacier Green - Stokke &#8212; Som Llavors","description":"Mochila ergon\u00f3mica portabeb\u00e9s Stokke\u00ae Limas\u2122 Flex   Ajustable a medida que el beb\u00e9 crece de 4 a 20 kg  Apoyo y comodidad ergon\u00f3micos\u200b  Muy f\u00e1cil de usar\u200b  Opciones de transporte frontal, en la espalda y onbuhimo\u200b  Fabricado con algod\u00f3n suave 100% org\u00e1nico","robots":{"index":"index","follow":"follow","max-snippet":"max-snippet:-1","max-image-preview":"max-image-preview:large","max-video-preview":"max-video-preview:-1"},"canonical":"https:\/\/somllavors.com\/es\/producte\/mochila-ergonomica-portabebes-limas-flex-glacier-green-stokke","og_locale":"es_ES","og_type":"article","og_title":"Mochila ergon\u00f3mica portabeb\u00e9s Limas Flex Glacier Green - Stokke","og_description":"La teva botiga d\u2019ecocrian\u00e7a i espai d\u2019acompanyament a la maternitat","og_url":"https:\/\/somllavors.com\/es\/producte\/mochila-ergonomica-portabebes-limas-flex-glacier-green-stokke","og_site_name":"Som Llavors","article_publisher":"https:\/\/www.facebook.com\/somllavorsvng\/?locale=ca_ES","article_modified_time":"2026-04-04T11:09:12+00:00","og_image":[{"width":938,"height":1072,"url":"https:\/\/somllavors.com\/wp-content\/uploads\/2025\/02\/StokkeLimasFlex-Glacier-green_231010-5064_eCom.jpg","type":"image\/jpeg"}],"twitter_card":"summary_large_image","twitter_misc":{"Precio":"149,00&euro; Iva incl\u00f2s","Availability":"Hay existencias"},"schema":{"@context":"https:\/\/schema.org","@graph":[{"@type":"WebPage","@id":"https:\/\/somllavors.com\/es\/producte\/mochila-ergonomica-portabebes-limas-flex-glacier-green-stokke","url":"https:\/\/somllavors.com\/es\/producte\/mochila-ergonomica-portabebes-limas-flex-glacier-green-stokke","name":"Mochila ergon\u00f3mica portabeb\u00e9s Limas Flex Glacier Green - Stokke &#8212; Som Llavors","isPartOf":{"@id":"https:\/\/somllavors.com\/es#website"},"primaryImageOfPage":{"@id":"https:\/\/somllavors.com\/es\/producte\/mochila-ergonomica-portabebes-limas-flex-glacier-green-stokke#primaryimage"},"image":{"@id":"https:\/\/somllavors.com\/es\/producte\/mochila-ergonomica-portabebes-limas-flex-glacier-green-stokke#primaryimage"},"thumbnailUrl":"https:\/\/somllavors.com\/wp-content\/uploads\/2025\/02\/StokkeLimasFlex-Glacier-green_231010-5064_eCom.jpg","datePublished":"2025-02-05T21:50:12+00:00","dateModified":"2026-04-04T11:09:12+00:00","description":"Mochila ergon\u00f3mica portabeb\u00e9s Stokke\u00ae Limas\u2122 Flex Ajustable a medida que el beb\u00e9 crece de 4 a 20 kg Apoyo y comodidad ergon\u00f3micos\u200b Muy f\u00e1cil de usar\u200b Opciones de transporte frontal, en la espalda y onbuhimo\u200b Fabricado con algod\u00f3n suave 100% org\u00e1nico","breadcrumb":{"@id":"https:\/\/somllavors.com\/es\/producte\/mochila-ergonomica-portabebes-limas-flex-glacier-green-stokke#breadcrumb"},"inLanguage":"es","potentialAction":[{"@type":"ReadAction","target":["https:\/\/somllavors.com\/es\/producte\/mochila-ergonomica-portabebes-limas-flex-glacier-green-stokke"]}]},{"@type":"ImageObject","inLanguage":"es","@id":"https:\/\/somllavors.com\/es\/producte\/mochila-ergonomica-portabebes-limas-flex-glacier-green-stokke#primaryimage","url":"https:\/\/somllavors.com\/wp-content\/uploads\/2025\/02\/StokkeLimasFlex-Glacier-green_231010-5064_eCom.jpg","contentUrl":"https:\/\/somllavors.com\/wp-content\/uploads\/2025\/02\/StokkeLimasFlex-Glacier-green_231010-5064_eCom.jpg","width":938,"height":1072,"caption":"Stokke\u00ae Limas\u2122 Flex. Terracotta."},{"@type":"BreadcrumbList","@id":"https:\/\/somllavors.com\/es\/producte\/mochila-ergonomica-portabebes-limas-flex-glacier-green-stokke#breadcrumb","itemListElement":[{"@type":"ListItem","position":1,"name":"Inici","item":"https:\/\/somllavors.com\/es"},{"@type":"ListItem","position":2,"name":"Tienda","item":"https:\/\/somllavors.com\/es\/botiga-2"},{"@type":"ListItem","position":3,"name":"Mochila ergon\u00f3mica portabeb\u00e9s Limas Flex Glacier Green &#8211; Stokke"}]},{"@type":"WebSite","@id":"https:\/\/somllavors.com\/es#website","url":"https:\/\/somllavors.com\/es","name":"Som Llavors","description":"Botiga de crian\u00e7a natural","publisher":{"@id":"https:\/\/somllavors.com\/es#organization"},"alternateName":"Crian\u00e7a Natural i Sostenible","potentialAction":[{"@type":"SearchAction","target":{"@type":"EntryPoint","urlTemplate":"https:\/\/somllavors.com\/es?s={search_term_string}"},"query-input":{"@type":"PropertyValueSpecification","valueRequired":true,"valueName":"search_term_string"}}],"inLanguage":"es"},{"@type":["Organization","Place","Store"],"@id":"https:\/\/somllavors.com\/es#organization","name":"Som Llavors","alternateName":"Crian\u00e7a Natural i Sostenible","url":"https:\/\/somllavors.com\/es","logo":{"@id":"https:\/\/somllavors.com\/es\/producte\/mochila-ergonomica-portabebes-limas-flex-glacier-green-stokke#local-main-organization-logo"},"image":{"@id":"https:\/\/somllavors.com\/es\/producte\/mochila-ergonomica-portabebes-limas-flex-glacier-green-stokke#local-main-organization-logo"},"sameAs":["https:\/\/www.facebook.com\/somllavorsvng\/?locale=ca_ES","https:\/\/www.instagram.com\/somllavors_vng\/","https:\/\/www.youtube.com\/@somllavors"],"address":{"@id":"https:\/\/somllavors.com\/es\/producte\/mochila-ergonomica-portabebes-limas-flex-glacier-green-stokke#local-main-place-address"},"geo":{"@type":"GeoCoordinates","latitude":"41.2257737","longitude":"1.723258859"},"telephone":["623152704","623152704"],"openingHoursSpecification":[{"@type":"OpeningHoursSpecification","dayOfWeek":["Monday","Sunday"],"opens":"00:00","closes":"00:00"},{"@type":"OpeningHoursSpecification","dayOfWeek":["Tuesday","Wednesday","Thursday","Friday"],"opens":"10:00","closes":"20:00"},{"@type":"OpeningHoursSpecification","dayOfWeek":["Saturday"],"opens":"10:00","closes":"13:30"}],"email":"info@somllavors.com"},{"@type":"PostalAddress","@id":"https:\/\/somllavors.com\/es\/producte\/mochila-ergonomica-portabebes-limas-flex-glacier-green-stokke#local-main-place-address","streetAddress":"Carrer de l'aigua, 6","addressLocality":"Vilanova i la Geltr\u00fa","postalCode":"08800","addressRegion":"Barcelona","addressCountry":"ES"},{"@type":"ImageObject","inLanguage":"es","@id":"https:\/\/somllavors.com\/es\/producte\/mochila-ergonomica-portabebes-limas-flex-glacier-green-stokke#local-main-organization-logo","url":"https:\/\/somllavors.com\/wp-content\/uploads\/Logotip-Som-Llavors.jpg","contentUrl":"https:\/\/somllavors.com\/wp-content\/uploads\/Logotip-Som-Llavors.jpg","width":1444,"height":1323,"caption":"Som Llavors"}]},"product_price_amount":"149.00","product_price_currency":"EUR","og_availability":"instock","product_availability":"instock","product_retailer_item_id":"625612","product_condition":"new","geo.placename":"Vilanova i la Geltr\u00fa","geo.position":{"lat":"41.2257737","long":"1.723258859"},"geo.region":"Espa\u00f1a"},"brands":[{"id":4501,"name":"Stokke","slug":"stokke"}],"_links":{"self":[{"href":"https:\/\/somllavors.com\/es\/wp-json\/wp\/v2\/product\/72114","targetHints":{"allow":["GET"]}}],"collection":[{"href":"https:\/\/somllavors.com\/es\/wp-json\/wp\/v2\/product"}],"about":[{"href":"https:\/\/somllavors.com\/es\/wp-json\/wp\/v2\/types\/product"}],"wp:featuredmedia":[{"embeddable":true,"href":"https:\/\/somllavors.com\/es\/wp-json\/wp\/v2\/media\/72117"}],"wp:attachment":[{"href":"https:\/\/somllavors.com\/es\/wp-json\/wp\/v2\/media?parent=72114"}],"wp:term":[{"taxonomy":"pwb-brand","embeddable":true,"href":"https:\/\/somllavors.com\/es\/wp-json\/wp\/v2\/pwb-brand?post=72114"},{"taxonomy":"product_brand","embeddable":true,"href":"https:\/\/somllavors.com\/es\/wp-json\/wp\/v2\/product_brand?post=72114"},{"taxonomy":"product_cat","embeddable":true,"href":"https:\/\/somllavors.com\/es\/wp-json\/wp\/v2\/product_cat?post=72114"},{"taxonomy":"product_tag","embeddable":true,"href":"https:\/\/somllavors.com\/es\/wp-json\/wp\/v2\/product_tag?post=72114"}],"curies":[{"name":"wp","href":"https:\/\/api.w.org\/{rel}","templated":true}]}}