{"id":72151,"date":"2022-07-05T15:13:11","date_gmt":"2022-07-05T13:13:11","guid":{"rendered":"https:\/\/somllavors.com\/producto\/mochila-bolsa-para-carrito-rolltop-olive-lassig\/"},"modified":"2022-07-05T15:13:11","modified_gmt":"2022-07-05T13:13:11","slug":"mochila-bolsa-para-carrito-rolltop-olive-lassig","status":"publish","type":"product","link":"https:\/\/somllavors.com\/es\/producte\/mochila-bolsa-para-carrito-rolltop-olive-lassig","title":{"rendered":"Mochila \/ Bolsa para carrito Rolltop olive &#8211; Lassig"},"content":{"rendered":"<ul>\n<li>La mochila para pa\u00f1ales y todo lo necesario es vegana y producida de manera sostenible. Proporciona flexibilidad gracias a su apertura de estilo rolltop. Cuando hab\u00e9is acabado de ponerlo todo dentro y veis que necesit\u00e9is poner algo m\u00e1s, simplemente abr\u00ed la parte superior y tendr\u00e1 espacio adicional, especialmente para art\u00edculos largos, as\u00ed que no tendr\u00e9is problemas! Cuando se enrolla, la bolsa se cierra con un simple cierre magn\u00e9tico.<\/li>\n<li>Tiene acceso r\u00e1pido al interior con cremallera a lo largo de todo el lado. Un bolsillo con cremallera en la parte posterior y accesorios pr\u00e1cticos la convierten en el accesorio ideal para las familias.<\/li>\n<li>Equipado con un cambiador que repela el agua, un soporte para botellas aislado, un soporte para jarras extra\u00edble, accesorios para cochecitos y una peque\u00f1a bolsa de utensilios, tendr\u00e9is todo lo que necesit\u00e9is para viajar. Los diferentes compartimentos pr\u00e1cticos a los que se puede acceder tanto desde el interior como desde el exterior, le ayudan a guardar los enseres a vuestro gusto.<\/li>\n<li>Puntos adicionales: la mochila Rolltop es 100% poli\u00e9ster reciclado de la marca textil Waste2Wear. Para hacerla, se han necesitado 38 botellas de PET recicladas para ser procesadas.<\/li>\n<li>Caracter\u00edsticas del producto:\n<ul>\n<li>Capacidad: 14 l.<\/li>\n<li>Revestimiento: 100% poli\u00e9ster (hecho de material reciclado).<\/li>\n<li>Material: 100% poli\u00e9ster (hecho de material reciclado).<\/li>\n<li><span style=\"font-size: 16px;\">Instrucciones de cuidado: Limpie con un pa\u00f1o h\u00famedo.<\/span><\/li>\n<li>Medidas: longitud: 30 cm, ancho: 14,5 cm, altura: 46 cm, peso: 0,96 kg.<\/li>\n<\/ul>\n<\/li>\n<\/ul>\n<div class=\"ast-oembed-container \" style=\"height: 100%;\"><iframe loading=\"lazy\" title=\"Mochila maternal Rolltop Backpack L\u00e4ssig\" width=\"500\" height=\"281\" src=\"https:\/\/www.youtube.com\/embed\/7IV6yddTAfA?feature=oembed\" frameborder=\"0\" allow=\"accelerometer; autoplay; clipboard-write; encrypted-media; gyroscope; picture-in-picture; web-share\" referrerpolicy=\"strict-origin-when-cross-origin\" allowfullscreen><\/iframe><\/div>\n","protected":false},"excerpt":{"rendered":"<p>Esta mochila para las familias m\u00e1s din\u00e1micas est\u00e1 hecha con materiales reciclados y cuenta con un compartimento muy grande para guardar todo lo que tu ni\u00f1o necesita. Si huyes de las t\u00edpicas bolsas maternales, esta mochila es perfecta para lo que quieras. Adem\u00e1s se puede colgar en el cochecito con los ganchos que incluye. Cuenta, adem\u00e1s, con cambiador, portabiberones y varios compartimentos internos que te ayudar\u00e1n en la organizaci\u00f3n de todas las cositas.<\/p>\n","protected":false},"featured_media":25065,"template":"","meta":{"_acf_changed":false,"site-sidebar-layout":"default","site-content-layout":"default","ast-site-content-layout":"default","site-content-style":"default","site-sidebar-style":"default","ast-global-header-display":"","ast-banner-title-visibility":"","ast-main-header-display":"","ast-hfb-above-header-display":"","ast-hfb-below-header-display":"","ast-hfb-mobile-header-display":"","site-post-title":"","ast-breadcrumbs-content":"","ast-featured-img":"","footer-sml-layout":"","ast-disable-related-posts":"","theme-transparent-header-meta":"default","adv-header-id-meta":"","stick-header-meta":"","header-above-stick-meta":"","header-main-stick-meta":"","header-below-stick-meta":"","astra-migrate-meta-layouts":"default","ast-page-background-enabled":"default","ast-page-background-meta":{"desktop":{"background-color":"","background-image":"","background-repeat":"repeat","background-position":"center center","background-size":"auto","background-attachment":"scroll","background-type":"","background-media":"","overlay-type":"","overlay-color":"","overlay-opacity":"","overlay-gradient":""},"tablet":{"background-color":"","background-image":"","background-repeat":"repeat","background-position":"center center","background-size":"auto","background-attachment":"scroll","background-type":"","background-media":"","overlay-type":"","overlay-color":"","overlay-opacity":"","overlay-gradient":""},"mobile":{"background-color":"","background-image":"","background-repeat":"repeat","background-position":"center center","background-size":"auto","background-attachment":"scroll","background-type":"","background-media":"","overlay-type":"","overlay-color":"","overlay-opacity":"","overlay-gradient":""}},"ast-content-background-meta":{"desktop":{"background-color":"var(--ast-global-color-5)","background-image":"","background-repeat":"repeat","background-position":"center center","background-size":"auto","background-attachment":"scroll","background-type":"","background-media":"","overlay-type":"","overlay-color":"","overlay-opacity":"","overlay-gradient":""},"tablet":{"background-color":"var(--ast-global-color-5)","background-image":"","background-repeat":"repeat","background-position":"center center","background-size":"auto","background-attachment":"scroll","background-type":"","background-media":"","overlay-type":"","overlay-color":"","overlay-opacity":"","overlay-gradient":""},"mobile":{"background-color":"var(--ast-global-color-5)","background-image":"","background-repeat":"repeat","background-position":"center center","background-size":"auto","background-attachment":"scroll","background-type":"","background-media":"","overlay-type":"","overlay-color":"","overlay-opacity":"","overlay-gradient":""}}},"pwb-brand":[4108],"product_brand":[],"product_cat":[3593],"product_tag":[2189,2148,2191,5340,2192],"class_list":{"0":"post-72151","1":"product","2":"type-product","3":"status-publish","4":"has-post-thumbnail","6":"pwb-brand-lassig","7":"product_cat-bolsas-de-paseo","8":"product_tag-backpack-es","9":"product_tag-lassig-es","10":"product_tag-mochila-es","11":"product_tag-pet-reciclado-es","12":"product_tag-rolltop-es","13":"desktop-align-left","14":"tablet-align-left","15":"mobile-align-left","17":"first","18":"instock","19":"taxable","20":"shipping-taxable","21":"purchasable","22":"product-type-simple"},"acf":[],"yoast_head":"<!-- This site is optimized with the Yoast SEO Premium plugin v18.3 (Yoast SEO v27.4) - https:\/\/yoast.com\/product\/yoast-seo-premium-wordpress\/ -->\n<title>Mochila \/ Bolsa para carrito Rolltop olive - Lassig &#8212; Som Llavors<\/title>\n<meta name=\"description\" content=\"Esta mochila para las familias m\u00e1s din\u00e1micas est\u00e1 hecha con materiales reciclados y cuenta con un compartimento muy grande para guardar todo lo que tu ni\u00f1o necesita. Si huyes de las t\u00edpicas bolsas maternales, esta mochila es perfecta para lo que quieras. Adem\u00e1s se puede colgar en el cochecito con los ganchos que incluye. Cuenta, adem\u00e1s, con cambiador, portabiberones y varios compartimentos internos que te ayudar\u00e1n en la organizaci\u00f3n de todas las cositas.\" \/>\n<meta name=\"robots\" content=\"index, follow, max-snippet:-1, max-image-preview:large, max-video-preview:-1\" \/>\n<link rel=\"canonical\" href=\"https:\/\/somllavors.com\/es\/producte\/mochila-bolsa-para-carrito-rolltop-olive-lassig\" \/>\n<meta property=\"og:locale\" content=\"es_ES\" \/>\n<meta property=\"og:type\" content=\"article\" \/>\n<meta property=\"og:title\" content=\"Mochila \/ Bolsa para carrito Rolltop olive - Lassig\" \/>\n<meta property=\"og:description\" content=\"La teva botiga d\u2019ecocrian\u00e7a i espai d\u2019acompanyament a la maternitat\" \/>\n<meta property=\"og:url\" content=\"https:\/\/somllavors.com\/es\/producte\/mochila-bolsa-para-carrito-rolltop-olive-lassig\" \/>\n<meta property=\"og:site_name\" content=\"Som Llavors\" \/>\n<meta property=\"article:publisher\" content=\"https:\/\/www.facebook.com\/somllavorsvng\/?locale=ca_ES\" \/>\n<meta property=\"og:image\" content=\"https:\/\/somllavors.com\/wp-content\/uploads\/Som-llavors-MOCHILA-ROLLTOP-olive-backpack.jpeg\" \/>\n\t<meta property=\"og:image:width\" content=\"700\" \/>\n\t<meta property=\"og:image:height\" content=\"800\" \/>\n\t<meta property=\"og:image:type\" content=\"image\/jpeg\" \/>\n<meta name=\"twitter:card\" content=\"summary_large_image\" \/>\n<meta name=\"twitter:label1\" content=\"Precio\" \/>\n\t<meta name=\"twitter:data1\" content=\"136,30&euro; Iva incl\u00f2s\" \/>\n\t<meta name=\"twitter:label2\" content=\"Availability\" \/>\n\t<meta name=\"twitter:data2\" content=\"Hay existencias\" \/>\n<script type=\"application\/ld+json\" class=\"yoast-schema-graph\">{\"@context\":\"https:\\\/\\\/schema.org\",\"@graph\":[{\"@type\":\"WebPage\",\"@id\":\"https:\\\/\\\/somllavors.com\\\/es\\\/producte\\\/mochila-bolsa-para-carrito-rolltop-olive-lassig\",\"url\":\"https:\\\/\\\/somllavors.com\\\/es\\\/producte\\\/mochila-bolsa-para-carrito-rolltop-olive-lassig\",\"name\":\"Mochila \\\/ Bolsa para carrito Rolltop olive - Lassig &#8212; Som Llavors\",\"isPartOf\":{\"@id\":\"https:\\\/\\\/somllavors.com\\\/es#website\"},\"primaryImageOfPage\":{\"@id\":\"https:\\\/\\\/somllavors.com\\\/es\\\/producte\\\/mochila-bolsa-para-carrito-rolltop-olive-lassig#primaryimage\"},\"image\":{\"@id\":\"https:\\\/\\\/somllavors.com\\\/es\\\/producte\\\/mochila-bolsa-para-carrito-rolltop-olive-lassig#primaryimage\"},\"thumbnailUrl\":\"https:\\\/\\\/somllavors.com\\\/wp-content\\\/uploads\\\/Som-llavors-MOCHILA-ROLLTOP-olive-backpack.jpeg\",\"datePublished\":\"2022-07-05T13:13:11+00:00\",\"description\":\"Esta mochila para las familias m\u00e1s din\u00e1micas est\u00e1 hecha con materiales reciclados y cuenta con un compartimento muy grande para guardar todo lo que tu ni\u00f1o necesita. Si huyes de las t\u00edpicas bolsas maternales, esta mochila es perfecta para lo que quieras. Adem\u00e1s se puede colgar en el cochecito con los ganchos que incluye. Cuenta, adem\u00e1s, con cambiador, portabiberones y varios compartimentos internos que te ayudar\u00e1n en la organizaci\u00f3n de todas las cositas.\",\"breadcrumb\":{\"@id\":\"https:\\\/\\\/somllavors.com\\\/es\\\/producte\\\/mochila-bolsa-para-carrito-rolltop-olive-lassig#breadcrumb\"},\"inLanguage\":\"es\",\"potentialAction\":[{\"@type\":\"ReadAction\",\"target\":[\"https:\\\/\\\/somllavors.com\\\/es\\\/producte\\\/mochila-bolsa-para-carrito-rolltop-olive-lassig\"]}]},{\"@type\":\"ImageObject\",\"inLanguage\":\"es\",\"@id\":\"https:\\\/\\\/somllavors.com\\\/es\\\/producte\\\/mochila-bolsa-para-carrito-rolltop-olive-lassig#primaryimage\",\"url\":\"https:\\\/\\\/somllavors.com\\\/wp-content\\\/uploads\\\/Som-llavors-MOCHILA-ROLLTOP-olive-backpack.jpeg\",\"contentUrl\":\"https:\\\/\\\/somllavors.com\\\/wp-content\\\/uploads\\\/Som-llavors-MOCHILA-ROLLTOP-olive-backpack.jpeg\",\"width\":700,\"height\":800,\"caption\":\"MOCHILA ROLLTOP La mochila producida de forma sostenible proporciona flexibilidad gracias a su apertura de estilo rolltop. Una vez que haya terminado de empacar y encuentre algo m\u00e1s que necesita, simplemente abra la parte superior y tendr\u00e1 espacio adicional, especialmente para art\u00edculos largos, \u00a1as\u00ed que no tendr\u00e1 problemas! Cuando se enrolla, la bolsa se cierra con un simple cierre magn\u00e9tico. Tiene acceso r\u00e1pido al interior con la cremallera a lo largo de todo el costado. Una bolsa h\u00fameda en la parte delantera, un bolsillo con cremallera en la parte posterior y accesorios pr\u00e1cticos lo convierten en el accesorio ideal para los padres. Equipado con un cambiador que repele el agua, un soporte para botellas aislado, un soporte para jarras extra\u00edble, accesorios para carriolas y una peque\u00f1a bolsa de utensilios, tiene todo lo que necesita cuando viaja. Los diferentes compartimentos pr\u00e1cticos a los que se puede acceder tanto desde el interior como desde el exterior, lo ayudan a guardar sus utensilios a su gusto. Puntos adicionales: la mochila Rolltop es 100% poli\u00e9ster reciclado de la marca textil Waste2Wear. Esto necesitaba 38 botellas de PET recicladas para ser procesadas. L\u00c4SSIG tom\u00f3 una decisi\u00f3n deliberada para cooperar con la marca textil Waste2Wear al seleccionar el material. Esta empresa se compromete a producir materiales ecol\u00f3gicos a partir de botellas de pl\u00e1stico recicladas usadas en una cadena de valor transparente y totalmente certificada. Adem\u00e1s, su objetivo es utilizar los desechos pl\u00e1sticos de los oc\u00e9anos o recogerlos antes de que caigan all\u00ed en primer lugar. Caracter\u00edsticas del producto capacidad: 14 l revestimiento: 100% poli\u00e9ster (hecho de material reciclado) material: 100% poli\u00e9ster (hecho de material reciclado) colecci\u00f3n: etiqueta verde tipo de producto : mochila instrucciones de cuidado: Limpie con un pa\u00f1o h\u00famedo para limpiar Longitud (cm): 30 Ancho (cm): 14,5 Altura (cm): 46 Peso (kg): 0,96\"},{\"@type\":\"BreadcrumbList\",\"@id\":\"https:\\\/\\\/somllavors.com\\\/es\\\/producte\\\/mochila-bolsa-para-carrito-rolltop-olive-lassig#breadcrumb\",\"itemListElement\":[{\"@type\":\"ListItem\",\"position\":1,\"name\":\"Inici\",\"item\":\"https:\\\/\\\/somllavors.com\\\/es\"},{\"@type\":\"ListItem\",\"position\":2,\"name\":\"Tienda\",\"item\":\"https:\\\/\\\/somllavors.com\\\/es\\\/botiga-2\"},{\"@type\":\"ListItem\",\"position\":3,\"name\":\"Mochila \\\/ Bolsa para carrito Rolltop olive &#8211; Lassig\"}]},{\"@type\":\"WebSite\",\"@id\":\"https:\\\/\\\/somllavors.com\\\/es#website\",\"url\":\"https:\\\/\\\/somllavors.com\\\/es\",\"name\":\"Som Llavors\",\"description\":\"Botiga de crian\u00e7a natural\",\"publisher\":{\"@id\":\"https:\\\/\\\/somllavors.com\\\/es#organization\"},\"alternateName\":\"Crian\u00e7a Natural i Sostenible\",\"potentialAction\":[{\"@type\":\"SearchAction\",\"target\":{\"@type\":\"EntryPoint\",\"urlTemplate\":\"https:\\\/\\\/somllavors.com\\\/es?s={search_term_string}\"},\"query-input\":{\"@type\":\"PropertyValueSpecification\",\"valueRequired\":true,\"valueName\":\"search_term_string\"}}],\"inLanguage\":\"es\"},{\"@type\":[\"Organization\",\"Place\",\"Store\"],\"@id\":\"https:\\\/\\\/somllavors.com\\\/es#organization\",\"name\":\"Som Llavors\",\"alternateName\":\"Crian\u00e7a Natural i Sostenible\",\"url\":\"https:\\\/\\\/somllavors.com\\\/es\",\"logo\":{\"@id\":\"https:\\\/\\\/somllavors.com\\\/es\\\/producte\\\/mochila-bolsa-para-carrito-rolltop-olive-lassig#local-main-organization-logo\"},\"image\":{\"@id\":\"https:\\\/\\\/somllavors.com\\\/es\\\/producte\\\/mochila-bolsa-para-carrito-rolltop-olive-lassig#local-main-organization-logo\"},\"sameAs\":[\"https:\\\/\\\/www.facebook.com\\\/somllavorsvng\\\/?locale=ca_ES\",\"https:\\\/\\\/www.instagram.com\\\/somllavors_vng\\\/\",\"https:\\\/\\\/www.youtube.com\\\/@somllavors\"],\"address\":{\"@id\":\"https:\\\/\\\/somllavors.com\\\/es\\\/producte\\\/mochila-bolsa-para-carrito-rolltop-olive-lassig#local-main-place-address\"},\"geo\":{\"@type\":\"GeoCoordinates\",\"latitude\":\"41.2257737\",\"longitude\":\"1.723258859\"},\"telephone\":[\"623152704\"],\"openingHoursSpecification\":[{\"@type\":\"OpeningHoursSpecification\",\"dayOfWeek\":[\"Monday\",\"Sunday\"],\"opens\":\"00:00\",\"closes\":\"00:00\"},{\"@type\":\"OpeningHoursSpecification\",\"dayOfWeek\":[\"Tuesday\",\"Wednesday\",\"Thursday\",\"Friday\"],\"opens\":\"10:00\",\"closes\":\"20:00\"},{\"@type\":\"OpeningHoursSpecification\",\"dayOfWeek\":[\"Saturday\"],\"opens\":\"10:00\",\"closes\":\"13:30\"}],\"email\":\"info@somllavors.com\"},{\"@type\":\"PostalAddress\",\"@id\":\"https:\\\/\\\/somllavors.com\\\/es\\\/producte\\\/mochila-bolsa-para-carrito-rolltop-olive-lassig#local-main-place-address\",\"streetAddress\":\"Carrer de l'aigua, 6\",\"addressLocality\":\"Vilanova i la Geltr\u00fa\",\"postalCode\":\"08800\",\"addressRegion\":\"Barcelona\",\"addressCountry\":\"ES\"},{\"@type\":\"ImageObject\",\"inLanguage\":\"es\",\"@id\":\"https:\\\/\\\/somllavors.com\\\/es\\\/producte\\\/mochila-bolsa-para-carrito-rolltop-olive-lassig#local-main-organization-logo\",\"url\":\"https:\\\/\\\/somllavors.com\\\/wp-content\\\/uploads\\\/Logotip-Som-Llavors.jpg\",\"contentUrl\":\"https:\\\/\\\/somllavors.com\\\/wp-content\\\/uploads\\\/Logotip-Som-Llavors.jpg\",\"width\":1444,\"height\":1323,\"caption\":\"Som Llavors\"}]}<\/script>\n<meta property=\"product:price:amount\" content=\"136.30\" \/>\n<meta property=\"product:price:currency\" content=\"EUR\" \/>\n<meta property=\"og:availability\" content=\"instock\" \/>\n<meta property=\"product:availability\" content=\"instock\" \/>\n<meta property=\"product:retailer_item_id\" content=\"1103025513\" \/>\n<meta property=\"product:condition\" content=\"new\" \/>\n<meta name=\"geo.placename\" content=\"Vilanova i la Geltr\u00fa\" \/>\n<meta name=\"geo.position\" content=\"41.2257737;1.723258859\" \/>\n<meta name=\"geo.region\" content=\"Espa\u00f1a\" \/>\n<!-- \/ Yoast SEO Premium plugin. -->","yoast_head_json":{"title":"Mochila \/ Bolsa para carrito Rolltop olive - Lassig &#8212; Som Llavors","description":"Esta mochila para las familias m\u00e1s din\u00e1micas est\u00e1 hecha con materiales reciclados y cuenta con un compartimento muy grande para guardar todo lo que tu ni\u00f1o necesita. Si huyes de las t\u00edpicas bolsas maternales, esta mochila es perfecta para lo que quieras. Adem\u00e1s se puede colgar en el cochecito con los ganchos que incluye. Cuenta, adem\u00e1s, con cambiador, portabiberones y varios compartimentos internos que te ayudar\u00e1n en la organizaci\u00f3n de todas las cositas.","robots":{"index":"index","follow":"follow","max-snippet":"max-snippet:-1","max-image-preview":"max-image-preview:large","max-video-preview":"max-video-preview:-1"},"canonical":"https:\/\/somllavors.com\/es\/producte\/mochila-bolsa-para-carrito-rolltop-olive-lassig","og_locale":"es_ES","og_type":"article","og_title":"Mochila \/ Bolsa para carrito Rolltop olive - Lassig","og_description":"La teva botiga d\u2019ecocrian\u00e7a i espai d\u2019acompanyament a la maternitat","og_url":"https:\/\/somllavors.com\/es\/producte\/mochila-bolsa-para-carrito-rolltop-olive-lassig","og_site_name":"Som Llavors","article_publisher":"https:\/\/www.facebook.com\/somllavorsvng\/?locale=ca_ES","og_image":[{"width":700,"height":800,"url":"https:\/\/somllavors.com\/wp-content\/uploads\/Som-llavors-MOCHILA-ROLLTOP-olive-backpack.jpeg","type":"image\/jpeg"}],"twitter_card":"summary_large_image","twitter_misc":{"Precio":"136,30&euro; Iva incl\u00f2s","Availability":"Hay existencias"},"schema":{"@context":"https:\/\/schema.org","@graph":[{"@type":"WebPage","@id":"https:\/\/somllavors.com\/es\/producte\/mochila-bolsa-para-carrito-rolltop-olive-lassig","url":"https:\/\/somllavors.com\/es\/producte\/mochila-bolsa-para-carrito-rolltop-olive-lassig","name":"Mochila \/ Bolsa para carrito Rolltop olive - Lassig &#8212; Som Llavors","isPartOf":{"@id":"https:\/\/somllavors.com\/es#website"},"primaryImageOfPage":{"@id":"https:\/\/somllavors.com\/es\/producte\/mochila-bolsa-para-carrito-rolltop-olive-lassig#primaryimage"},"image":{"@id":"https:\/\/somllavors.com\/es\/producte\/mochila-bolsa-para-carrito-rolltop-olive-lassig#primaryimage"},"thumbnailUrl":"https:\/\/somllavors.com\/wp-content\/uploads\/Som-llavors-MOCHILA-ROLLTOP-olive-backpack.jpeg","datePublished":"2022-07-05T13:13:11+00:00","description":"Esta mochila para las familias m\u00e1s din\u00e1micas est\u00e1 hecha con materiales reciclados y cuenta con un compartimento muy grande para guardar todo lo que tu ni\u00f1o necesita. Si huyes de las t\u00edpicas bolsas maternales, esta mochila es perfecta para lo que quieras. Adem\u00e1s se puede colgar en el cochecito con los ganchos que incluye. Cuenta, adem\u00e1s, con cambiador, portabiberones y varios compartimentos internos que te ayudar\u00e1n en la organizaci\u00f3n de todas las cositas.","breadcrumb":{"@id":"https:\/\/somllavors.com\/es\/producte\/mochila-bolsa-para-carrito-rolltop-olive-lassig#breadcrumb"},"inLanguage":"es","potentialAction":[{"@type":"ReadAction","target":["https:\/\/somllavors.com\/es\/producte\/mochila-bolsa-para-carrito-rolltop-olive-lassig"]}]},{"@type":"ImageObject","inLanguage":"es","@id":"https:\/\/somllavors.com\/es\/producte\/mochila-bolsa-para-carrito-rolltop-olive-lassig#primaryimage","url":"https:\/\/somllavors.com\/wp-content\/uploads\/Som-llavors-MOCHILA-ROLLTOP-olive-backpack.jpeg","contentUrl":"https:\/\/somllavors.com\/wp-content\/uploads\/Som-llavors-MOCHILA-ROLLTOP-olive-backpack.jpeg","width":700,"height":800,"caption":"MOCHILA ROLLTOP La mochila producida de forma sostenible proporciona flexibilidad gracias a su apertura de estilo rolltop. Una vez que haya terminado de empacar y encuentre algo m\u00e1s que necesita, simplemente abra la parte superior y tendr\u00e1 espacio adicional, especialmente para art\u00edculos largos, \u00a1as\u00ed que no tendr\u00e1 problemas! Cuando se enrolla, la bolsa se cierra con un simple cierre magn\u00e9tico. Tiene acceso r\u00e1pido al interior con la cremallera a lo largo de todo el costado. Una bolsa h\u00fameda en la parte delantera, un bolsillo con cremallera en la parte posterior y accesorios pr\u00e1cticos lo convierten en el accesorio ideal para los padres. Equipado con un cambiador que repele el agua, un soporte para botellas aislado, un soporte para jarras extra\u00edble, accesorios para carriolas y una peque\u00f1a bolsa de utensilios, tiene todo lo que necesita cuando viaja. Los diferentes compartimentos pr\u00e1cticos a los que se puede acceder tanto desde el interior como desde el exterior, lo ayudan a guardar sus utensilios a su gusto. Puntos adicionales: la mochila Rolltop es 100% poli\u00e9ster reciclado de la marca textil Waste2Wear. Esto necesitaba 38 botellas de PET recicladas para ser procesadas. L\u00c4SSIG tom\u00f3 una decisi\u00f3n deliberada para cooperar con la marca textil Waste2Wear al seleccionar el material. Esta empresa se compromete a producir materiales ecol\u00f3gicos a partir de botellas de pl\u00e1stico recicladas usadas en una cadena de valor transparente y totalmente certificada. Adem\u00e1s, su objetivo es utilizar los desechos pl\u00e1sticos de los oc\u00e9anos o recogerlos antes de que caigan all\u00ed en primer lugar. Caracter\u00edsticas del producto capacidad: 14 l revestimiento: 100% poli\u00e9ster (hecho de material reciclado) material: 100% poli\u00e9ster (hecho de material reciclado) colecci\u00f3n: etiqueta verde tipo de producto : mochila instrucciones de cuidado: Limpie con un pa\u00f1o h\u00famedo para limpiar Longitud (cm): 30 Ancho (cm): 14,5 Altura (cm): 46 Peso (kg): 0,96"},{"@type":"BreadcrumbList","@id":"https:\/\/somllavors.com\/es\/producte\/mochila-bolsa-para-carrito-rolltop-olive-lassig#breadcrumb","itemListElement":[{"@type":"ListItem","position":1,"name":"Inici","item":"https:\/\/somllavors.com\/es"},{"@type":"ListItem","position":2,"name":"Tienda","item":"https:\/\/somllavors.com\/es\/botiga-2"},{"@type":"ListItem","position":3,"name":"Mochila \/ Bolsa para carrito Rolltop olive &#8211; Lassig"}]},{"@type":"WebSite","@id":"https:\/\/somllavors.com\/es#website","url":"https:\/\/somllavors.com\/es","name":"Som Llavors","description":"Botiga de crian\u00e7a natural","publisher":{"@id":"https:\/\/somllavors.com\/es#organization"},"alternateName":"Crian\u00e7a Natural i Sostenible","potentialAction":[{"@type":"SearchAction","target":{"@type":"EntryPoint","urlTemplate":"https:\/\/somllavors.com\/es?s={search_term_string}"},"query-input":{"@type":"PropertyValueSpecification","valueRequired":true,"valueName":"search_term_string"}}],"inLanguage":"es"},{"@type":["Organization","Place","Store"],"@id":"https:\/\/somllavors.com\/es#organization","name":"Som Llavors","alternateName":"Crian\u00e7a Natural i Sostenible","url":"https:\/\/somllavors.com\/es","logo":{"@id":"https:\/\/somllavors.com\/es\/producte\/mochila-bolsa-para-carrito-rolltop-olive-lassig#local-main-organization-logo"},"image":{"@id":"https:\/\/somllavors.com\/es\/producte\/mochila-bolsa-para-carrito-rolltop-olive-lassig#local-main-organization-logo"},"sameAs":["https:\/\/www.facebook.com\/somllavorsvng\/?locale=ca_ES","https:\/\/www.instagram.com\/somllavors_vng\/","https:\/\/www.youtube.com\/@somllavors"],"address":{"@id":"https:\/\/somllavors.com\/es\/producte\/mochila-bolsa-para-carrito-rolltop-olive-lassig#local-main-place-address"},"geo":{"@type":"GeoCoordinates","latitude":"41.2257737","longitude":"1.723258859"},"telephone":["623152704","623152704"],"openingHoursSpecification":[{"@type":"OpeningHoursSpecification","dayOfWeek":["Monday","Sunday"],"opens":"00:00","closes":"00:00"},{"@type":"OpeningHoursSpecification","dayOfWeek":["Tuesday","Wednesday","Thursday","Friday"],"opens":"10:00","closes":"20:00"},{"@type":"OpeningHoursSpecification","dayOfWeek":["Saturday"],"opens":"10:00","closes":"13:30"}],"email":"info@somllavors.com"},{"@type":"PostalAddress","@id":"https:\/\/somllavors.com\/es\/producte\/mochila-bolsa-para-carrito-rolltop-olive-lassig#local-main-place-address","streetAddress":"Carrer de l'aigua, 6","addressLocality":"Vilanova i la Geltr\u00fa","postalCode":"08800","addressRegion":"Barcelona","addressCountry":"ES"},{"@type":"ImageObject","inLanguage":"es","@id":"https:\/\/somllavors.com\/es\/producte\/mochila-bolsa-para-carrito-rolltop-olive-lassig#local-main-organization-logo","url":"https:\/\/somllavors.com\/wp-content\/uploads\/Logotip-Som-Llavors.jpg","contentUrl":"https:\/\/somllavors.com\/wp-content\/uploads\/Logotip-Som-Llavors.jpg","width":1444,"height":1323,"caption":"Som Llavors"}]},"product_price_amount":"136.30","product_price_currency":"EUR","og_availability":"instock","product_availability":"instock","product_retailer_item_id":"1103025513","product_condition":"new","geo.placename":"Vilanova i la Geltr\u00fa","geo.position":{"lat":"41.2257737","long":"1.723258859"},"geo.region":"Espa\u00f1a"},"brands":[{"id":4108,"name":"Lassig","slug":"lassig"}],"_links":{"self":[{"href":"https:\/\/somllavors.com\/es\/wp-json\/wp\/v2\/product\/72151","targetHints":{"allow":["GET"]}}],"collection":[{"href":"https:\/\/somllavors.com\/es\/wp-json\/wp\/v2\/product"}],"about":[{"href":"https:\/\/somllavors.com\/es\/wp-json\/wp\/v2\/types\/product"}],"wp:featuredmedia":[{"embeddable":true,"href":"https:\/\/somllavors.com\/es\/wp-json\/wp\/v2\/media\/25065"}],"wp:attachment":[{"href":"https:\/\/somllavors.com\/es\/wp-json\/wp\/v2\/media?parent=72151"}],"wp:term":[{"taxonomy":"pwb-brand","embeddable":true,"href":"https:\/\/somllavors.com\/es\/wp-json\/wp\/v2\/pwb-brand?post=72151"},{"taxonomy":"product_brand","embeddable":true,"href":"https:\/\/somllavors.com\/es\/wp-json\/wp\/v2\/product_brand?post=72151"},{"taxonomy":"product_cat","embeddable":true,"href":"https:\/\/somllavors.com\/es\/wp-json\/wp\/v2\/product_cat?post=72151"},{"taxonomy":"product_tag","embeddable":true,"href":"https:\/\/somllavors.com\/es\/wp-json\/wp\/v2\/product_tag?post=72151"}],"curies":[{"name":"wp","href":"https:\/\/api.w.org\/{rel}","templated":true}]}}