{"id":72245,"date":"2025-02-07T19:15:18","date_gmt":"2025-02-07T18:15:18","guid":{"rendered":"https:\/\/somllavors.com\/?post_type=product&#038;p=72245"},"modified":"2025-06-13T20:00:42","modified_gmt":"2025-06-13T18:00:42","slug":"huellas-bebe-pearhead","status":"publish","type":"product","link":"https:\/\/somllavors.com\/es\/producte\/huellas-bebe-pearhead","title":{"rendered":"Huellas beb\u00e9 &#8211; Pearhead"},"content":{"rendered":"<ul>\n<li>Instrucciones de uso:\n<ul>\n<li>Am\u00e1sela y exti\u00e9ndala sobre un papel de aluminio (no incluido).<\/li>\n<li>Presione la mano o el pie del beb\u00e9 suavemente pero lo suficientemente fuerte como para crear una impresi\u00f3n.<\/li>\n<li>Si comete un error, \u00a1no hay problema! Puede rehacerlo tantas veces como sea necesario hasta obtener la impresi\u00f3n perfecta.<\/li>\n<li>Una vez que termine de hacer la impresi\u00f3n, use la lata para crear un c\u00edrculo alrededor de la impresi\u00f3n de su beb\u00e9 y elimine el exceso de masa.<\/li>\n<li>Deje secar durante 1-2 d\u00edas fuera de la lata.<\/li>\n<li>Una vez que est\u00e9 completamente seco, vuelva a colocarlo dentro de la lata.<\/li>\n<\/ul>\n<\/li>\n<li>Dimensiones del producto: 13,97 cm x 13,97 cm x 3,81 cm<\/li>\n<\/ul>\n","protected":false},"excerpt":{"rendered":"<p>\u00a1El beb\u00e9 ha llegado! Este adorable recuerdo es f\u00e1cil de hacer y 100% seguro para el beb\u00e9.<\/p>\n<ul>\n<li>La lata de huellas para beb\u00e9s de color gris claro viene con un paquete de masa, rodillo y caballete para mostrar una vez que hayas terminado.<\/li>\n<li>\u00a1Todo est\u00e1 almacenado dentro de esta preciosa lata gris, lo que lo convierte en un regalo perfecto! \u00a1Lo mejor de todo es que la masa no requiere mezclarse ni hornearse!<\/li>\n<li>El caballete es perfecto para exhibir en la habitaci\u00f3n de su beb\u00e9, o puede usar la cinta para colgarla en su casa.<\/li>\n<li>La adorable lata Babyprints de Pearhead es la decoraci\u00f3n perfecta para tu hogar y el recuerdo perfecto para siempre apreciar las huellas de tu peque\u00f1o.<\/li>\n<\/ul>\n","protected":false},"featured_media":72252,"template":"","meta":{"_acf_changed":false,"site-sidebar-layout":"default","site-content-layout":"","ast-site-content-layout":"default","site-content-style":"default","site-sidebar-style":"default","ast-global-header-display":"","ast-banner-title-visibility":"","ast-main-header-display":"","ast-hfb-above-header-display":"","ast-hfb-below-header-display":"","ast-hfb-mobile-header-display":"","site-post-title":"","ast-breadcrumbs-content":"","ast-featured-img":"","footer-sml-layout":"","theme-transparent-header-meta":"default","adv-header-id-meta":"","stick-header-meta":"","header-above-stick-meta":"","header-main-stick-meta":"","header-below-stick-meta":"","astra-migrate-meta-layouts":"set","ast-page-background-enabled":"default","ast-page-background-meta":{"desktop":{"background-color":"","background-image":"","background-repeat":"repeat","background-position":"center center","background-size":"auto","background-attachment":"scroll","background-type":"","background-media":"","overlay-type":"","overlay-color":"","overlay-opacity":"","overlay-gradient":""},"tablet":{"background-color":"","background-image":"","background-repeat":"repeat","background-position":"center center","background-size":"auto","background-attachment":"scroll","background-type":"","background-media":"","overlay-type":"","overlay-color":"","overlay-opacity":"","overlay-gradient":""},"mobile":{"background-color":"","background-image":"","background-repeat":"repeat","background-position":"center center","background-size":"auto","background-attachment":"scroll","background-type":"","background-media":"","overlay-type":"","overlay-color":"","overlay-opacity":"","overlay-gradient":""}},"ast-content-background-meta":{"desktop":{"background-color":"var(--ast-global-color-5)","background-image":"","background-repeat":"repeat","background-position":"center center","background-size":"auto","background-attachment":"scroll","background-type":"","background-media":"","overlay-type":"","overlay-color":"","overlay-opacity":"","overlay-gradient":""},"tablet":{"background-color":"var(--ast-global-color-5)","background-image":"","background-repeat":"repeat","background-position":"center center","background-size":"auto","background-attachment":"scroll","background-type":"","background-media":"","overlay-type":"","overlay-color":"","overlay-opacity":"","overlay-gradient":""},"mobile":{"background-color":"var(--ast-global-color-5)","background-image":"","background-repeat":"repeat","background-position":"center center","background-size":"auto","background-attachment":"scroll","background-type":"","background-media":"","overlay-type":"","overlay-color":"","overlay-opacity":"","overlay-gradient":""}}},"pwb-brand":[],"product_brand":[],"product_cat":[4823,3608],"product_tag":[5345,5346,1087],"class_list":{"0":"post-72245","1":"product","2":"type-product","3":"status-publish","4":"has-post-thumbnail","6":"product_cat-10-e-es","7":"product_cat-regalos-originales-recien-nacidos","8":"product_tag-huellas-bebe-2","9":"product_tag-huellas-recien-nacido-2","10":"product_tag-regalos-originales-recien-nacido","11":"desktop-align-left","12":"tablet-align-left","13":"mobile-align-left","15":"first","16":"outofstock","17":"taxable","18":"shipping-taxable","19":"purchasable","20":"product-type-simple"},"acf":[],"yoast_head":"<!-- This site is optimized with the Yoast SEO Premium plugin v18.3 (Yoast SEO v26.2) - https:\/\/yoast.com\/wordpress\/plugins\/seo\/ -->\n<title>Huellas beb\u00e9 - Pearhead &#8212; Som Llavors<\/title>\n<meta name=\"description\" content=\"\u00a1El beb\u00e9 ha llegado! Este adorable recuerdo es f\u00e1cil de hacer y 100% seguro para el beb\u00e9.   La lata de huellas para beb\u00e9s de color gris claro viene con un paquete de masa, rodillo y caballete para mostrar una vez que hayas terminado.  \u00a1Todo est\u00e1 almacenado dentro de esta preciosa lata gris, lo que lo convierte en un regalo perfecto! \u00a1Lo mejor de todo es que la masa no requiere mezclarse ni hornearse!  El caballete es perfecto para exhibir en la habitaci\u00f3n de su beb\u00e9, o puede usar la cinta para colgarla en su casa.  La adorable lata Babyprints de Pearhead es la decoraci\u00f3n perfecta para tu hogar y el recuerdo perfecto para siempre apreciar las huellas de tu peque\u00f1o.\" \/>\n<meta name=\"robots\" content=\"index, follow, max-snippet:-1, max-image-preview:large, max-video-preview:-1\" \/>\n<link rel=\"canonical\" href=\"https:\/\/somllavors.com\/es\/producte\/huellas-bebe-pearhead\" \/>\n<meta property=\"og:locale\" content=\"es_ES\" \/>\n<meta property=\"og:type\" content=\"article\" \/>\n<meta property=\"og:title\" content=\"Huellas beb\u00e9 - Pearhead\" \/>\n<meta property=\"og:description\" content=\"La teva botiga d\u2019ecocrian\u00e7a i espai d\u2019acompanyament a la maternitat\" \/>\n<meta property=\"og:url\" content=\"https:\/\/somllavors.com\/es\/producte\/huellas-bebe-pearhead\" \/>\n<meta property=\"og:site_name\" content=\"Som Llavors\" \/>\n<meta property=\"article:publisher\" content=\"https:\/\/www.facebook.com\/somllavorsvng\/?locale=ca_ES\" \/>\n<meta property=\"article:modified_time\" content=\"2025-06-13T18:00:42+00:00\" \/>\n<meta property=\"og:image\" content=\"https:\/\/somllavors.com\/wp-content\/uploads\/2025\/02\/Som-Llavors-LATA-GRIS-PEARHEAD-.jpg\" \/>\n\t<meta property=\"og:image:width\" content=\"1080\" \/>\n\t<meta property=\"og:image:height\" content=\"1080\" \/>\n\t<meta property=\"og:image:type\" content=\"image\/jpeg\" \/>\n<meta name=\"twitter:card\" content=\"summary_large_image\" \/>\n<meta name=\"twitter:label1\" content=\"Precio\" \/>\n\t<meta name=\"twitter:data1\" content=\"9,99&euro; Iva incl\u00f2s\" \/>\n\t<meta name=\"twitter:label2\" content=\"Availability\" \/>\n\t<meta name=\"twitter:data2\" content=\"Out of stock\" \/>\n<script type=\"application\/ld+json\" class=\"yoast-schema-graph\">{\"@context\":\"https:\/\/schema.org\",\"@graph\":[{\"@type\":\"WebPage\",\"@id\":\"https:\/\/somllavors.com\/es\/producte\/huellas-bebe-pearhead\",\"url\":\"https:\/\/somllavors.com\/es\/producte\/huellas-bebe-pearhead\",\"name\":\"Huellas beb\u00e9 - Pearhead &#8212; Som Llavors\",\"isPartOf\":{\"@id\":\"https:\/\/somllavors.com\/es#website\"},\"primaryImageOfPage\":{\"@id\":\"https:\/\/somllavors.com\/es\/producte\/huellas-bebe-pearhead#primaryimage\"},\"image\":{\"@id\":\"https:\/\/somllavors.com\/es\/producte\/huellas-bebe-pearhead#primaryimage\"},\"thumbnailUrl\":\"https:\/\/somllavors.com\/wp-content\/uploads\/2025\/02\/Som-Llavors-LATA-GRIS-PEARHEAD-.jpg\",\"datePublished\":\"2025-02-07T18:15:18+00:00\",\"dateModified\":\"2025-06-13T18:00:42+00:00\",\"description\":\"\u00a1El beb\u00e9 ha llegado! Este adorable recuerdo es f\u00e1cil de hacer y 100% seguro para el beb\u00e9. La lata de huellas para beb\u00e9s de color gris claro viene con un paquete de masa, rodillo y caballete para mostrar una vez que hayas terminado. \u00a1Todo est\u00e1 almacenado dentro de esta preciosa lata gris, lo que lo convierte en un regalo perfecto! \u00a1Lo mejor de todo es que la masa no requiere mezclarse ni hornearse! El caballete es perfecto para exhibir en la habitaci\u00f3n de su beb\u00e9, o puede usar la cinta para colgarla en su casa. La adorable lata Babyprints de Pearhead es la decoraci\u00f3n perfecta para tu hogar y el recuerdo perfecto para siempre apreciar las huellas de tu peque\u00f1o.\",\"breadcrumb\":{\"@id\":\"https:\/\/somllavors.com\/es\/producte\/huellas-bebe-pearhead#breadcrumb\"},\"inLanguage\":\"es\",\"potentialAction\":[{\"@type\":\"ReadAction\",\"target\":[\"https:\/\/somllavors.com\/es\/producte\/huellas-bebe-pearhead\"]}]},{\"@type\":\"ImageObject\",\"inLanguage\":\"es\",\"@id\":\"https:\/\/somllavors.com\/es\/producte\/huellas-bebe-pearhead#primaryimage\",\"url\":\"https:\/\/somllavors.com\/wp-content\/uploads\/2025\/02\/Som-Llavors-LATA-GRIS-PEARHEAD-.jpg\",\"contentUrl\":\"https:\/\/somllavors.com\/wp-content\/uploads\/2025\/02\/Som-Llavors-LATA-GRIS-PEARHEAD-.jpg\",\"width\":1080,\"height\":1080,\"caption\":\"regalos originales recien nacido\"},{\"@type\":\"BreadcrumbList\",\"@id\":\"https:\/\/somllavors.com\/es\/producte\/huellas-bebe-pearhead#breadcrumb\",\"itemListElement\":[{\"@type\":\"ListItem\",\"position\":1,\"name\":\"Inici\",\"item\":\"https:\/\/somllavors.com\/es\"},{\"@type\":\"ListItem\",\"position\":2,\"name\":\"Tienda\",\"item\":\"https:\/\/somllavors.com\/es\/botiga-2\"},{\"@type\":\"ListItem\",\"position\":3,\"name\":\"Huellas beb\u00e9 &#8211; Pearhead\"}]},{\"@type\":\"WebSite\",\"@id\":\"https:\/\/somllavors.com\/es#website\",\"url\":\"https:\/\/somllavors.com\/es\",\"name\":\"Som Llavors\",\"description\":\"Botiga de crian\u00e7a natural\",\"publisher\":{\"@id\":\"https:\/\/somllavors.com\/es#organization\"},\"alternateName\":\"Crian\u00e7a Natural i Sostenible\",\"potentialAction\":[{\"@type\":\"SearchAction\",\"target\":{\"@type\":\"EntryPoint\",\"urlTemplate\":\"https:\/\/somllavors.com\/es?s={search_term_string}\"},\"query-input\":{\"@type\":\"PropertyValueSpecification\",\"valueRequired\":true,\"valueName\":\"search_term_string\"}}],\"inLanguage\":\"es\"},{\"@type\":[\"Organization\",\"Place\",\"Store\"],\"@id\":\"https:\/\/somllavors.com\/es#organization\",\"name\":\"Som Llavors\",\"alternateName\":\"Crian\u00e7a Natural i Sostenible\",\"url\":\"https:\/\/somllavors.com\/es\",\"logo\":{\"@id\":\"https:\/\/somllavors.com\/es\/producte\/huellas-bebe-pearhead#local-main-organization-logo\"},\"image\":{\"@id\":\"https:\/\/somllavors.com\/es\/producte\/huellas-bebe-pearhead#local-main-organization-logo\"},\"sameAs\":[\"https:\/\/www.facebook.com\/somllavorsvng\/?locale=ca_ES\",\"https:\/\/www.instagram.com\/somllavors_vng\/\",\"https:\/\/www.youtube.com\/@somllavors\"],\"address\":{\"@id\":\"https:\/\/somllavors.com\/es\/producte\/huellas-bebe-pearhead#local-main-place-address\"},\"geo\":{\"@type\":\"GeoCoordinates\",\"latitude\":\"41.2257737\",\"longitude\":\"1.723258859\"},\"telephone\":[\"623152704\"],\"openingHoursSpecification\":[{\"@type\":\"OpeningHoursSpecification\",\"dayOfWeek\":[\"Monday\",\"Sunday\"],\"opens\":\"00:00\",\"closes\":\"00:00\"},{\"@type\":\"OpeningHoursSpecification\",\"dayOfWeek\":[\"Tuesday\",\"Wednesday\",\"Thursday\",\"Friday\"],\"opens\":\"10:00\",\"closes\":\"20:00\"},{\"@type\":\"OpeningHoursSpecification\",\"dayOfWeek\":[\"Saturday\"],\"opens\":\"10:00\",\"closes\":\"13:30\"}],\"email\":\"info@somllavors.com\"},{\"@type\":\"PostalAddress\",\"@id\":\"https:\/\/somllavors.com\/es\/producte\/huellas-bebe-pearhead#local-main-place-address\",\"streetAddress\":\"Carrer de l'aigua, 6\",\"addressLocality\":\"Vilanova i la Geltr\u00fa\",\"postalCode\":\"08800\",\"addressRegion\":\"Barcelona\",\"addressCountry\":\"ES\"},{\"@type\":\"ImageObject\",\"inLanguage\":\"es\",\"@id\":\"https:\/\/somllavors.com\/es\/producte\/huellas-bebe-pearhead#local-main-organization-logo\",\"url\":\"https:\/\/somllavors.com\/wp-content\/uploads\/Logotip-Som-Llavors.jpg\",\"contentUrl\":\"https:\/\/somllavors.com\/wp-content\/uploads\/Logotip-Som-Llavors.jpg\",\"width\":1444,\"height\":1323,\"caption\":\"Som Llavors\"}]}<\/script>\n<meta property=\"product:price:amount\" content=\"9.99\" \/>\n<meta property=\"product:price:currency\" content=\"EUR\" \/>\n<meta property=\"og:availability\" content=\"out of stock\" \/>\n<meta property=\"product:availability\" content=\"out of stock\" \/>\n<meta property=\"product:retailer_item_id\" content=\"P82015\" \/>\n<meta property=\"product:condition\" content=\"new\" \/>\n<meta name=\"geo.placename\" content=\"Vilanova i la Geltr\u00fa\" \/>\n<meta name=\"geo.position\" content=\"41.2257737;1.723258859\" \/>\n<meta name=\"geo.region\" content=\"Espa\u00f1a\" \/>\n<!-- \/ Yoast SEO Premium plugin. -->","yoast_head_json":{"title":"Huellas beb\u00e9 - Pearhead &#8212; Som Llavors","description":"\u00a1El beb\u00e9 ha llegado! Este adorable recuerdo es f\u00e1cil de hacer y 100% seguro para el beb\u00e9.   La lata de huellas para beb\u00e9s de color gris claro viene con un paquete de masa, rodillo y caballete para mostrar una vez que hayas terminado.  \u00a1Todo est\u00e1 almacenado dentro de esta preciosa lata gris, lo que lo convierte en un regalo perfecto! \u00a1Lo mejor de todo es que la masa no requiere mezclarse ni hornearse!  El caballete es perfecto para exhibir en la habitaci\u00f3n de su beb\u00e9, o puede usar la cinta para colgarla en su casa.  La adorable lata Babyprints de Pearhead es la decoraci\u00f3n perfecta para tu hogar y el recuerdo perfecto para siempre apreciar las huellas de tu peque\u00f1o.","robots":{"index":"index","follow":"follow","max-snippet":"max-snippet:-1","max-image-preview":"max-image-preview:large","max-video-preview":"max-video-preview:-1"},"canonical":"https:\/\/somllavors.com\/es\/producte\/huellas-bebe-pearhead","og_locale":"es_ES","og_type":"article","og_title":"Huellas beb\u00e9 - Pearhead","og_description":"La teva botiga d\u2019ecocrian\u00e7a i espai d\u2019acompanyament a la maternitat","og_url":"https:\/\/somllavors.com\/es\/producte\/huellas-bebe-pearhead","og_site_name":"Som Llavors","article_publisher":"https:\/\/www.facebook.com\/somllavorsvng\/?locale=ca_ES","article_modified_time":"2025-06-13T18:00:42+00:00","og_image":[{"width":1080,"height":1080,"url":"https:\/\/somllavors.com\/wp-content\/uploads\/2025\/02\/Som-Llavors-LATA-GRIS-PEARHEAD-.jpg","type":"image\/jpeg"}],"twitter_card":"summary_large_image","twitter_misc":{"Precio":"9,99&euro; Iva incl\u00f2s","Availability":"Out of stock"},"schema":{"@context":"https:\/\/schema.org","@graph":[{"@type":"WebPage","@id":"https:\/\/somllavors.com\/es\/producte\/huellas-bebe-pearhead","url":"https:\/\/somllavors.com\/es\/producte\/huellas-bebe-pearhead","name":"Huellas beb\u00e9 - Pearhead &#8212; Som Llavors","isPartOf":{"@id":"https:\/\/somllavors.com\/es#website"},"primaryImageOfPage":{"@id":"https:\/\/somllavors.com\/es\/producte\/huellas-bebe-pearhead#primaryimage"},"image":{"@id":"https:\/\/somllavors.com\/es\/producte\/huellas-bebe-pearhead#primaryimage"},"thumbnailUrl":"https:\/\/somllavors.com\/wp-content\/uploads\/2025\/02\/Som-Llavors-LATA-GRIS-PEARHEAD-.jpg","datePublished":"2025-02-07T18:15:18+00:00","dateModified":"2025-06-13T18:00:42+00:00","description":"\u00a1El beb\u00e9 ha llegado! Este adorable recuerdo es f\u00e1cil de hacer y 100% seguro para el beb\u00e9. La lata de huellas para beb\u00e9s de color gris claro viene con un paquete de masa, rodillo y caballete para mostrar una vez que hayas terminado. \u00a1Todo est\u00e1 almacenado dentro de esta preciosa lata gris, lo que lo convierte en un regalo perfecto! \u00a1Lo mejor de todo es que la masa no requiere mezclarse ni hornearse! El caballete es perfecto para exhibir en la habitaci\u00f3n de su beb\u00e9, o puede usar la cinta para colgarla en su casa. La adorable lata Babyprints de Pearhead es la decoraci\u00f3n perfecta para tu hogar y el recuerdo perfecto para siempre apreciar las huellas de tu peque\u00f1o.","breadcrumb":{"@id":"https:\/\/somllavors.com\/es\/producte\/huellas-bebe-pearhead#breadcrumb"},"inLanguage":"es","potentialAction":[{"@type":"ReadAction","target":["https:\/\/somllavors.com\/es\/producte\/huellas-bebe-pearhead"]}]},{"@type":"ImageObject","inLanguage":"es","@id":"https:\/\/somllavors.com\/es\/producte\/huellas-bebe-pearhead#primaryimage","url":"https:\/\/somllavors.com\/wp-content\/uploads\/2025\/02\/Som-Llavors-LATA-GRIS-PEARHEAD-.jpg","contentUrl":"https:\/\/somllavors.com\/wp-content\/uploads\/2025\/02\/Som-Llavors-LATA-GRIS-PEARHEAD-.jpg","width":1080,"height":1080,"caption":"regalos originales recien nacido"},{"@type":"BreadcrumbList","@id":"https:\/\/somllavors.com\/es\/producte\/huellas-bebe-pearhead#breadcrumb","itemListElement":[{"@type":"ListItem","position":1,"name":"Inici","item":"https:\/\/somllavors.com\/es"},{"@type":"ListItem","position":2,"name":"Tienda","item":"https:\/\/somllavors.com\/es\/botiga-2"},{"@type":"ListItem","position":3,"name":"Huellas beb\u00e9 &#8211; Pearhead"}]},{"@type":"WebSite","@id":"https:\/\/somllavors.com\/es#website","url":"https:\/\/somllavors.com\/es","name":"Som Llavors","description":"Botiga de crian\u00e7a natural","publisher":{"@id":"https:\/\/somllavors.com\/es#organization"},"alternateName":"Crian\u00e7a Natural i Sostenible","potentialAction":[{"@type":"SearchAction","target":{"@type":"EntryPoint","urlTemplate":"https:\/\/somllavors.com\/es?s={search_term_string}"},"query-input":{"@type":"PropertyValueSpecification","valueRequired":true,"valueName":"search_term_string"}}],"inLanguage":"es"},{"@type":["Organization","Place","Store"],"@id":"https:\/\/somllavors.com\/es#organization","name":"Som Llavors","alternateName":"Crian\u00e7a Natural i Sostenible","url":"https:\/\/somllavors.com\/es","logo":{"@id":"https:\/\/somllavors.com\/es\/producte\/huellas-bebe-pearhead#local-main-organization-logo"},"image":{"@id":"https:\/\/somllavors.com\/es\/producte\/huellas-bebe-pearhead#local-main-organization-logo"},"sameAs":["https:\/\/www.facebook.com\/somllavorsvng\/?locale=ca_ES","https:\/\/www.instagram.com\/somllavors_vng\/","https:\/\/www.youtube.com\/@somllavors"],"address":{"@id":"https:\/\/somllavors.com\/es\/producte\/huellas-bebe-pearhead#local-main-place-address"},"geo":{"@type":"GeoCoordinates","latitude":"41.2257737","longitude":"1.723258859"},"telephone":["623152704","623152704"],"openingHoursSpecification":[{"@type":"OpeningHoursSpecification","dayOfWeek":["Monday","Sunday"],"opens":"00:00","closes":"00:00"},{"@type":"OpeningHoursSpecification","dayOfWeek":["Tuesday","Wednesday","Thursday","Friday"],"opens":"10:00","closes":"20:00"},{"@type":"OpeningHoursSpecification","dayOfWeek":["Saturday"],"opens":"10:00","closes":"13:30"}],"email":"info@somllavors.com"},{"@type":"PostalAddress","@id":"https:\/\/somllavors.com\/es\/producte\/huellas-bebe-pearhead#local-main-place-address","streetAddress":"Carrer de l'aigua, 6","addressLocality":"Vilanova i la Geltr\u00fa","postalCode":"08800","addressRegion":"Barcelona","addressCountry":"ES"},{"@type":"ImageObject","inLanguage":"es","@id":"https:\/\/somllavors.com\/es\/producte\/huellas-bebe-pearhead#local-main-organization-logo","url":"https:\/\/somllavors.com\/wp-content\/uploads\/Logotip-Som-Llavors.jpg","contentUrl":"https:\/\/somllavors.com\/wp-content\/uploads\/Logotip-Som-Llavors.jpg","width":1444,"height":1323,"caption":"Som Llavors"}]},"product_price_amount":"9.99","product_price_currency":"EUR","og_availability":"out of stock","product_availability":"out of stock","product_retailer_item_id":"P82015","product_condition":"new","geo.placename":"Vilanova i la Geltr\u00fa","geo.position":{"lat":"41.2257737","long":"1.723258859"},"geo.region":"Espa\u00f1a"},"brands":[],"_links":{"self":[{"href":"https:\/\/somllavors.com\/es\/wp-json\/wp\/v2\/product\/72245","targetHints":{"allow":["GET"]}}],"collection":[{"href":"https:\/\/somllavors.com\/es\/wp-json\/wp\/v2\/product"}],"about":[{"href":"https:\/\/somllavors.com\/es\/wp-json\/wp\/v2\/types\/product"}],"wp:featuredmedia":[{"embeddable":true,"href":"https:\/\/somllavors.com\/es\/wp-json\/wp\/v2\/media\/72252"}],"wp:attachment":[{"href":"https:\/\/somllavors.com\/es\/wp-json\/wp\/v2\/media?parent=72245"}],"wp:term":[{"taxonomy":"pwb-brand","embeddable":true,"href":"https:\/\/somllavors.com\/es\/wp-json\/wp\/v2\/pwb-brand?post=72245"},{"taxonomy":"product_brand","embeddable":true,"href":"https:\/\/somllavors.com\/es\/wp-json\/wp\/v2\/product_brand?post=72245"},{"taxonomy":"product_cat","embeddable":true,"href":"https:\/\/somllavors.com\/es\/wp-json\/wp\/v2\/product_cat?post=72245"},{"taxonomy":"product_tag","embeddable":true,"href":"https:\/\/somllavors.com\/es\/wp-json\/wp\/v2\/product_tag?post=72245"}],"curies":[{"name":"wp","href":"https:\/\/api.w.org\/{rel}","templated":true}]}}