{"id":72506,"date":"2023-09-22T16:49:00","date_gmt":"2023-09-22T14:49:00","guid":{"rendered":"https:\/\/somllavors.com\/producto\/sabana-grey-melange-joolz\/"},"modified":"2023-09-22T16:49:00","modified_gmt":"2023-09-22T14:49:00","slug":"sabana-grey-melange-joolz","status":"publish","type":"product","link":"https:\/\/somllavors.com\/es\/producte\/sabana-grey-melange-joolz","title":{"rendered":"Sabana Grey Melange &#8211; Joolz"},"content":{"rendered":"<ul>\n<li>Algod\u00f3n org\u00e1nico 100%<\/li>\n<li>Ajuste perfecto<\/li>\n<li>Compatible con: <span class=\"jlz-chip\"> <\/span>\n<ul>\n<li><span class=\"jlz-chip\">Joolz Geo3<\/span><span class=\"jlz-chip\"> <\/span><\/li>\n<li><span class=\"jlz-chip\">Joolz Geo2<\/span><span class=\"jlz-chip\"> <\/span><\/li>\n<li><span class=\"jlz-chip\">Joolz Geo<\/span><span class=\"jlz-chip\"> <\/span><\/li>\n<li>Joolz Day 5<\/li>\n<li><span class=\"jlz-chip\">Joolz Day3<\/span><span class=\"jlz-chip\"> <\/span><\/li>\n<li><span class=\"jlz-chip\">Joolz Day2<\/span><span class=\"jlz-chip\"> <\/span><\/li>\n<li><span class=\"jlz-chip\">Joolz Aer<\/span><span class=\"jlz-chip\"> <\/span><\/li>\n<li><span class=\"jlz-chip\">Joolz<\/span> <span class=\"jlz-chip\">Day+<\/span><span class=\"jlz-chip\"> <\/span><\/li>\n<li><span class=\"jlz-chip\">Joolz Aer+<\/span><span class=\"jlz-chip\"> <\/span><\/li>\n<li><span class=\"jlz-chip\">Joolz Hub<\/span><span class=\"jlz-chip\"> 2<\/span><\/li>\n<li>Joolz Hub+<\/li>\n<li><span class=\"jlz-chip\">Joolz Hub<\/span><\/li>\n<\/ul>\n<\/li>\n<\/ul>\n","protected":false},"excerpt":{"rendered":"<p>Quiz\u00e1s ya los notes dando patadas en tu barriga y en breve podr\u00e1s admirarlos en vivo: los pies de tu beb\u00e9. Hemos dise\u00f1ado la s\u00e1bana Joolz Essentials de modo que tu beb\u00e9 no pueda quitarse la s\u00e1bana encimera dando patadas. La s\u00e1bana se ha confeccionado en algod\u00f3n 100% org\u00e1nico que es muy suave para la piel del beb\u00e9 y tiene adem\u00e1s un look fant\u00e1stico. Absorbe la humedad y regula el calor para que tu beb\u00e9 est\u00e9 c\u00f3modo todo el a\u00f1o. Combina esta s\u00e1bana con la s\u00e1bana bajera a juego y a\u00f1ade una manta para que tu beb\u00e9 no coja fr\u00edo. Forma parte de la colecci\u00f3n Joolz Essentials, una manera natural para que tu beb\u00e9 y el planeta sepan que te preocupas.     <\/p>\n","protected":false},"featured_media":72502,"template":"","meta":{"_acf_changed":false,"site-sidebar-layout":"default","site-content-layout":"default","ast-site-content-layout":"default","site-content-style":"default","site-sidebar-style":"default","ast-global-header-display":"","ast-banner-title-visibility":"","ast-main-header-display":"","ast-hfb-above-header-display":"","ast-hfb-below-header-display":"","ast-hfb-mobile-header-display":"","site-post-title":"","ast-breadcrumbs-content":"","ast-featured-img":"","footer-sml-layout":"","theme-transparent-header-meta":"default","adv-header-id-meta":"","stick-header-meta":"","header-above-stick-meta":"","header-main-stick-meta":"","header-below-stick-meta":"","astra-migrate-meta-layouts":"default","ast-page-background-enabled":"default","ast-page-background-meta":{"desktop":{"background-color":"","background-image":"","background-repeat":"repeat","background-position":"center center","background-size":"auto","background-attachment":"scroll","background-type":"","background-media":"","overlay-type":"","overlay-color":"","overlay-opacity":"","overlay-gradient":""},"tablet":{"background-color":"","background-image":"","background-repeat":"repeat","background-position":"center center","background-size":"auto","background-attachment":"scroll","background-type":"","background-media":"","overlay-type":"","overlay-color":"","overlay-opacity":"","overlay-gradient":""},"mobile":{"background-color":"","background-image":"","background-repeat":"repeat","background-position":"center center","background-size":"auto","background-attachment":"scroll","background-type":"","background-media":"","overlay-type":"","overlay-color":"","overlay-opacity":"","overlay-gradient":""}},"ast-content-background-meta":{"desktop":{"background-color":"var(--ast-global-color-5)","background-image":"","background-repeat":"repeat","background-position":"center center","background-size":"auto","background-attachment":"scroll","background-type":"","background-media":"","overlay-type":"","overlay-color":"","overlay-opacity":"","overlay-gradient":""},"tablet":{"background-color":"var(--ast-global-color-5)","background-image":"","background-repeat":"repeat","background-position":"center center","background-size":"auto","background-attachment":"scroll","background-type":"","background-media":"","overlay-type":"","overlay-color":"","overlay-opacity":"","overlay-gradient":""},"mobile":{"background-color":"var(--ast-global-color-5)","background-image":"","background-repeat":"repeat","background-position":"center center","background-size":"auto","background-attachment":"scroll","background-type":"","background-media":"","overlay-type":"","overlay-color":"","overlay-opacity":"","overlay-gradient":""}}},"pwb-brand":[4305],"product_brand":[],"product_cat":[4616],"product_tag":[5404,5049],"class_list":{"0":"post-72506","1":"product","2":"type-product","3":"status-publish","4":"has-post-thumbnail","6":"pwb-brand-joolz-cotxets","7":"product_cat-accesorios-de-carritos","8":"product_tag-accesorios-joolz-es","9":"product_tag-joolz-es","10":"desktop-align-left","11":"tablet-align-left","12":"mobile-align-left","14":"first","15":"instock","16":"taxable","17":"shipping-taxable","18":"purchasable","19":"product-type-simple"},"acf":[],"yoast_head":"<!-- This site is optimized with the Yoast SEO Premium plugin v18.3 (Yoast SEO v27.4) - https:\/\/yoast.com\/product\/yoast-seo-premium-wordpress\/ -->\n<title>Sabana Grey Melange - Joolz &#8212; Som Llavors<\/title>\n<meta name=\"description\" content=\"Quiz\u00e1s ya los notes dando patadas en tu barriga y en breve podr\u00e1s admirarlos en vivo: los pies de tu beb\u00e9. Hemos dise\u00f1ado la s\u00e1bana Joolz Essentials de modo que tu beb\u00e9 no pueda quitarse la s\u00e1bana encimera dando patadas. La s\u00e1bana se ha confeccionado en algod\u00f3n 100% org\u00e1nico que es muy suave para la piel del beb\u00e9 y tiene adem\u00e1s un look fant\u00e1stico. Absorbe la humedad y regula el calor para que tu beb\u00e9 est\u00e9 c\u00f3modo todo el a\u00f1o. Combina esta s\u00e1bana con la s\u00e1bana bajera a juego y a\u00f1ade una manta para que tu beb\u00e9 no coja fr\u00edo. Forma parte de la colecci\u00f3n Joolz Essentials, una manera natural para que tu beb\u00e9 y el planeta sepan que te preocupas.\" \/>\n<meta name=\"robots\" content=\"index, follow, max-snippet:-1, max-image-preview:large, max-video-preview:-1\" \/>\n<link rel=\"canonical\" href=\"https:\/\/somllavors.com\/es\/producte\/sabana-grey-melange-joolz\" \/>\n<meta property=\"og:locale\" content=\"es_ES\" \/>\n<meta property=\"og:type\" content=\"article\" \/>\n<meta property=\"og:title\" content=\"Sabana Grey Melange - Joolz\" \/>\n<meta property=\"og:description\" content=\"La teva botiga d\u2019ecocrian\u00e7a i espai d\u2019acompanyament a la maternitat\" \/>\n<meta property=\"og:url\" content=\"https:\/\/somllavors.com\/es\/producte\/sabana-grey-melange-joolz\" \/>\n<meta property=\"og:site_name\" content=\"Som Llavors\" \/>\n<meta property=\"article:publisher\" content=\"https:\/\/www.facebook.com\/somllavorsvng\/?locale=ca_ES\" \/>\n<meta property=\"og:image\" content=\"https:\/\/somllavors.com\/wp-content\/uploads\/2023\/09\/362013_joolz_generic_greymelange_sheet_01.jpg\" \/>\n\t<meta property=\"og:image:width\" content=\"992\" \/>\n\t<meta property=\"og:image:height\" content=\"992\" \/>\n\t<meta property=\"og:image:type\" content=\"image\/jpeg\" \/>\n<meta name=\"twitter:card\" content=\"summary_large_image\" \/>\n<meta name=\"twitter:label1\" content=\"Precio\" \/>\n\t<meta name=\"twitter:data1\" content=\"19,95&euro; Iva incl\u00f2s\" \/>\n\t<meta name=\"twitter:label2\" content=\"Availability\" \/>\n\t<meta name=\"twitter:data2\" content=\"Hay existencias\" \/>\n<script type=\"application\/ld+json\" class=\"yoast-schema-graph\">{\"@context\":\"https:\\\/\\\/schema.org\",\"@graph\":[{\"@type\":\"WebPage\",\"@id\":\"https:\\\/\\\/somllavors.com\\\/es\\\/producte\\\/sabana-grey-melange-joolz\",\"url\":\"https:\\\/\\\/somllavors.com\\\/es\\\/producte\\\/sabana-grey-melange-joolz\",\"name\":\"Sabana Grey Melange - Joolz &#8212; Som Llavors\",\"isPartOf\":{\"@id\":\"https:\\\/\\\/somllavors.com\\\/es#website\"},\"primaryImageOfPage\":{\"@id\":\"https:\\\/\\\/somllavors.com\\\/es\\\/producte\\\/sabana-grey-melange-joolz#primaryimage\"},\"image\":{\"@id\":\"https:\\\/\\\/somllavors.com\\\/es\\\/producte\\\/sabana-grey-melange-joolz#primaryimage\"},\"thumbnailUrl\":\"https:\\\/\\\/somllavors.com\\\/wp-content\\\/uploads\\\/2023\\\/09\\\/362013_joolz_generic_greymelange_sheet_01.jpg\",\"datePublished\":\"2023-09-22T14:49:00+00:00\",\"description\":\"Quiz\u00e1s ya los notes dando patadas en tu barriga y en breve podr\u00e1s admirarlos en vivo: los pies de tu beb\u00e9. Hemos dise\u00f1ado la s\u00e1bana Joolz Essentials de modo que tu beb\u00e9 no pueda quitarse la s\u00e1bana encimera dando patadas. La s\u00e1bana se ha confeccionado en algod\u00f3n 100% org\u00e1nico que es muy suave para la piel del beb\u00e9 y tiene adem\u00e1s un look fant\u00e1stico. Absorbe la humedad y regula el calor para que tu beb\u00e9 est\u00e9 c\u00f3modo todo el a\u00f1o. Combina esta s\u00e1bana con la s\u00e1bana bajera a juego y a\u00f1ade una manta para que tu beb\u00e9 no coja fr\u00edo. Forma parte de la colecci\u00f3n Joolz Essentials, una manera natural para que tu beb\u00e9 y el planeta sepan que te preocupas.\",\"breadcrumb\":{\"@id\":\"https:\\\/\\\/somllavors.com\\\/es\\\/producte\\\/sabana-grey-melange-joolz#breadcrumb\"},\"inLanguage\":\"es\",\"potentialAction\":[{\"@type\":\"ReadAction\",\"target\":[\"https:\\\/\\\/somllavors.com\\\/es\\\/producte\\\/sabana-grey-melange-joolz\"]}]},{\"@type\":\"ImageObject\",\"inLanguage\":\"es\",\"@id\":\"https:\\\/\\\/somllavors.com\\\/es\\\/producte\\\/sabana-grey-melange-joolz#primaryimage\",\"url\":\"https:\\\/\\\/somllavors.com\\\/wp-content\\\/uploads\\\/2023\\\/09\\\/362013_joolz_generic_greymelange_sheet_01.jpg\",\"contentUrl\":\"https:\\\/\\\/somllavors.com\\\/wp-content\\\/uploads\\\/2023\\\/09\\\/362013_joolz_generic_greymelange_sheet_01.jpg\",\"width\":992,\"height\":992,\"caption\":\"sabana capazo joolz\"},{\"@type\":\"BreadcrumbList\",\"@id\":\"https:\\\/\\\/somllavors.com\\\/es\\\/producte\\\/sabana-grey-melange-joolz#breadcrumb\",\"itemListElement\":[{\"@type\":\"ListItem\",\"position\":1,\"name\":\"Inici\",\"item\":\"https:\\\/\\\/somllavors.com\\\/es\"},{\"@type\":\"ListItem\",\"position\":2,\"name\":\"Tienda\",\"item\":\"https:\\\/\\\/somllavors.com\\\/es\\\/botiga-2\"},{\"@type\":\"ListItem\",\"position\":3,\"name\":\"Sabana Grey Melange &#8211; Joolz\"}]},{\"@type\":\"WebSite\",\"@id\":\"https:\\\/\\\/somllavors.com\\\/es#website\",\"url\":\"https:\\\/\\\/somllavors.com\\\/es\",\"name\":\"Som Llavors\",\"description\":\"Botiga de crian\u00e7a natural\",\"publisher\":{\"@id\":\"https:\\\/\\\/somllavors.com\\\/es#organization\"},\"alternateName\":\"Crian\u00e7a Natural i Sostenible\",\"potentialAction\":[{\"@type\":\"SearchAction\",\"target\":{\"@type\":\"EntryPoint\",\"urlTemplate\":\"https:\\\/\\\/somllavors.com\\\/es?s={search_term_string}\"},\"query-input\":{\"@type\":\"PropertyValueSpecification\",\"valueRequired\":true,\"valueName\":\"search_term_string\"}}],\"inLanguage\":\"es\"},{\"@type\":[\"Organization\",\"Place\",\"Store\"],\"@id\":\"https:\\\/\\\/somllavors.com\\\/es#organization\",\"name\":\"Som Llavors\",\"alternateName\":\"Crian\u00e7a Natural i Sostenible\",\"url\":\"https:\\\/\\\/somllavors.com\\\/es\",\"logo\":{\"@id\":\"https:\\\/\\\/somllavors.com\\\/es\\\/producte\\\/sabana-grey-melange-joolz#local-main-organization-logo\"},\"image\":{\"@id\":\"https:\\\/\\\/somllavors.com\\\/es\\\/producte\\\/sabana-grey-melange-joolz#local-main-organization-logo\"},\"sameAs\":[\"https:\\\/\\\/www.facebook.com\\\/somllavorsvng\\\/?locale=ca_ES\",\"https:\\\/\\\/www.instagram.com\\\/somllavors_vng\\\/\",\"https:\\\/\\\/www.youtube.com\\\/@somllavors\"],\"address\":{\"@id\":\"https:\\\/\\\/somllavors.com\\\/es\\\/producte\\\/sabana-grey-melange-joolz#local-main-place-address\"},\"geo\":{\"@type\":\"GeoCoordinates\",\"latitude\":\"41.2257737\",\"longitude\":\"1.723258859\"},\"telephone\":[\"623152704\"],\"openingHoursSpecification\":[{\"@type\":\"OpeningHoursSpecification\",\"dayOfWeek\":[\"Monday\",\"Sunday\"],\"opens\":\"00:00\",\"closes\":\"00:00\"},{\"@type\":\"OpeningHoursSpecification\",\"dayOfWeek\":[\"Tuesday\",\"Wednesday\",\"Thursday\",\"Friday\"],\"opens\":\"10:00\",\"closes\":\"20:00\"},{\"@type\":\"OpeningHoursSpecification\",\"dayOfWeek\":[\"Saturday\"],\"opens\":\"10:00\",\"closes\":\"13:30\"}],\"email\":\"info@somllavors.com\"},{\"@type\":\"PostalAddress\",\"@id\":\"https:\\\/\\\/somllavors.com\\\/es\\\/producte\\\/sabana-grey-melange-joolz#local-main-place-address\",\"streetAddress\":\"Carrer de l'aigua, 6\",\"addressLocality\":\"Vilanova i la Geltr\u00fa\",\"postalCode\":\"08800\",\"addressRegion\":\"Barcelona\",\"addressCountry\":\"ES\"},{\"@type\":\"ImageObject\",\"inLanguage\":\"es\",\"@id\":\"https:\\\/\\\/somllavors.com\\\/es\\\/producte\\\/sabana-grey-melange-joolz#local-main-organization-logo\",\"url\":\"https:\\\/\\\/somllavors.com\\\/wp-content\\\/uploads\\\/Logotip-Som-Llavors.jpg\",\"contentUrl\":\"https:\\\/\\\/somllavors.com\\\/wp-content\\\/uploads\\\/Logotip-Som-Llavors.jpg\",\"width\":1444,\"height\":1323,\"caption\":\"Som Llavors\"}]}<\/script>\n<meta property=\"product:price:amount\" content=\"19.95\" \/>\n<meta property=\"product:price:currency\" content=\"EUR\" \/>\n<meta property=\"og:availability\" content=\"instock\" \/>\n<meta property=\"product:availability\" content=\"instock\" \/>\n<meta property=\"product:retailer_item_id\" content=\"362013\" \/>\n<meta property=\"product:condition\" content=\"new\" \/>\n<meta name=\"geo.placename\" content=\"Vilanova i la Geltr\u00fa\" \/>\n<meta name=\"geo.position\" content=\"41.2257737;1.723258859\" \/>\n<meta name=\"geo.region\" content=\"Espa\u00f1a\" \/>\n<!-- \/ Yoast SEO Premium plugin. -->","yoast_head_json":{"title":"Sabana Grey Melange - Joolz &#8212; Som Llavors","description":"Quiz\u00e1s ya los notes dando patadas en tu barriga y en breve podr\u00e1s admirarlos en vivo: los pies de tu beb\u00e9. Hemos dise\u00f1ado la s\u00e1bana Joolz Essentials de modo que tu beb\u00e9 no pueda quitarse la s\u00e1bana encimera dando patadas. La s\u00e1bana se ha confeccionado en algod\u00f3n 100% org\u00e1nico que es muy suave para la piel del beb\u00e9 y tiene adem\u00e1s un look fant\u00e1stico. Absorbe la humedad y regula el calor para que tu beb\u00e9 est\u00e9 c\u00f3modo todo el a\u00f1o. Combina esta s\u00e1bana con la s\u00e1bana bajera a juego y a\u00f1ade una manta para que tu beb\u00e9 no coja fr\u00edo. Forma parte de la colecci\u00f3n Joolz Essentials, una manera natural para que tu beb\u00e9 y el planeta sepan que te preocupas.","robots":{"index":"index","follow":"follow","max-snippet":"max-snippet:-1","max-image-preview":"max-image-preview:large","max-video-preview":"max-video-preview:-1"},"canonical":"https:\/\/somllavors.com\/es\/producte\/sabana-grey-melange-joolz","og_locale":"es_ES","og_type":"article","og_title":"Sabana Grey Melange - Joolz","og_description":"La teva botiga d\u2019ecocrian\u00e7a i espai d\u2019acompanyament a la maternitat","og_url":"https:\/\/somllavors.com\/es\/producte\/sabana-grey-melange-joolz","og_site_name":"Som Llavors","article_publisher":"https:\/\/www.facebook.com\/somllavorsvng\/?locale=ca_ES","og_image":[{"width":992,"height":992,"url":"https:\/\/somllavors.com\/wp-content\/uploads\/2023\/09\/362013_joolz_generic_greymelange_sheet_01.jpg","type":"image\/jpeg"}],"twitter_card":"summary_large_image","twitter_misc":{"Precio":"19,95&euro; Iva incl\u00f2s","Availability":"Hay existencias"},"schema":{"@context":"https:\/\/schema.org","@graph":[{"@type":"WebPage","@id":"https:\/\/somllavors.com\/es\/producte\/sabana-grey-melange-joolz","url":"https:\/\/somllavors.com\/es\/producte\/sabana-grey-melange-joolz","name":"Sabana Grey Melange - Joolz &#8212; Som Llavors","isPartOf":{"@id":"https:\/\/somllavors.com\/es#website"},"primaryImageOfPage":{"@id":"https:\/\/somllavors.com\/es\/producte\/sabana-grey-melange-joolz#primaryimage"},"image":{"@id":"https:\/\/somllavors.com\/es\/producte\/sabana-grey-melange-joolz#primaryimage"},"thumbnailUrl":"https:\/\/somllavors.com\/wp-content\/uploads\/2023\/09\/362013_joolz_generic_greymelange_sheet_01.jpg","datePublished":"2023-09-22T14:49:00+00:00","description":"Quiz\u00e1s ya los notes dando patadas en tu barriga y en breve podr\u00e1s admirarlos en vivo: los pies de tu beb\u00e9. Hemos dise\u00f1ado la s\u00e1bana Joolz Essentials de modo que tu beb\u00e9 no pueda quitarse la s\u00e1bana encimera dando patadas. La s\u00e1bana se ha confeccionado en algod\u00f3n 100% org\u00e1nico que es muy suave para la piel del beb\u00e9 y tiene adem\u00e1s un look fant\u00e1stico. Absorbe la humedad y regula el calor para que tu beb\u00e9 est\u00e9 c\u00f3modo todo el a\u00f1o. Combina esta s\u00e1bana con la s\u00e1bana bajera a juego y a\u00f1ade una manta para que tu beb\u00e9 no coja fr\u00edo. Forma parte de la colecci\u00f3n Joolz Essentials, una manera natural para que tu beb\u00e9 y el planeta sepan que te preocupas.","breadcrumb":{"@id":"https:\/\/somllavors.com\/es\/producte\/sabana-grey-melange-joolz#breadcrumb"},"inLanguage":"es","potentialAction":[{"@type":"ReadAction","target":["https:\/\/somllavors.com\/es\/producte\/sabana-grey-melange-joolz"]}]},{"@type":"ImageObject","inLanguage":"es","@id":"https:\/\/somllavors.com\/es\/producte\/sabana-grey-melange-joolz#primaryimage","url":"https:\/\/somllavors.com\/wp-content\/uploads\/2023\/09\/362013_joolz_generic_greymelange_sheet_01.jpg","contentUrl":"https:\/\/somllavors.com\/wp-content\/uploads\/2023\/09\/362013_joolz_generic_greymelange_sheet_01.jpg","width":992,"height":992,"caption":"sabana capazo joolz"},{"@type":"BreadcrumbList","@id":"https:\/\/somllavors.com\/es\/producte\/sabana-grey-melange-joolz#breadcrumb","itemListElement":[{"@type":"ListItem","position":1,"name":"Inici","item":"https:\/\/somllavors.com\/es"},{"@type":"ListItem","position":2,"name":"Tienda","item":"https:\/\/somllavors.com\/es\/botiga-2"},{"@type":"ListItem","position":3,"name":"Sabana Grey Melange &#8211; Joolz"}]},{"@type":"WebSite","@id":"https:\/\/somllavors.com\/es#website","url":"https:\/\/somllavors.com\/es","name":"Som Llavors","description":"Botiga de crian\u00e7a natural","publisher":{"@id":"https:\/\/somllavors.com\/es#organization"},"alternateName":"Crian\u00e7a Natural i Sostenible","potentialAction":[{"@type":"SearchAction","target":{"@type":"EntryPoint","urlTemplate":"https:\/\/somllavors.com\/es?s={search_term_string}"},"query-input":{"@type":"PropertyValueSpecification","valueRequired":true,"valueName":"search_term_string"}}],"inLanguage":"es"},{"@type":["Organization","Place","Store"],"@id":"https:\/\/somllavors.com\/es#organization","name":"Som Llavors","alternateName":"Crian\u00e7a Natural i Sostenible","url":"https:\/\/somllavors.com\/es","logo":{"@id":"https:\/\/somllavors.com\/es\/producte\/sabana-grey-melange-joolz#local-main-organization-logo"},"image":{"@id":"https:\/\/somllavors.com\/es\/producte\/sabana-grey-melange-joolz#local-main-organization-logo"},"sameAs":["https:\/\/www.facebook.com\/somllavorsvng\/?locale=ca_ES","https:\/\/www.instagram.com\/somllavors_vng\/","https:\/\/www.youtube.com\/@somllavors"],"address":{"@id":"https:\/\/somllavors.com\/es\/producte\/sabana-grey-melange-joolz#local-main-place-address"},"geo":{"@type":"GeoCoordinates","latitude":"41.2257737","longitude":"1.723258859"},"telephone":["623152704","623152704"],"openingHoursSpecification":[{"@type":"OpeningHoursSpecification","dayOfWeek":["Monday","Sunday"],"opens":"00:00","closes":"00:00"},{"@type":"OpeningHoursSpecification","dayOfWeek":["Tuesday","Wednesday","Thursday","Friday"],"opens":"10:00","closes":"20:00"},{"@type":"OpeningHoursSpecification","dayOfWeek":["Saturday"],"opens":"10:00","closes":"13:30"}],"email":"info@somllavors.com"},{"@type":"PostalAddress","@id":"https:\/\/somllavors.com\/es\/producte\/sabana-grey-melange-joolz#local-main-place-address","streetAddress":"Carrer de l'aigua, 6","addressLocality":"Vilanova i la Geltr\u00fa","postalCode":"08800","addressRegion":"Barcelona","addressCountry":"ES"},{"@type":"ImageObject","inLanguage":"es","@id":"https:\/\/somllavors.com\/es\/producte\/sabana-grey-melange-joolz#local-main-organization-logo","url":"https:\/\/somllavors.com\/wp-content\/uploads\/Logotip-Som-Llavors.jpg","contentUrl":"https:\/\/somllavors.com\/wp-content\/uploads\/Logotip-Som-Llavors.jpg","width":1444,"height":1323,"caption":"Som Llavors"}]},"product_price_amount":"19.95","product_price_currency":"EUR","og_availability":"instock","product_availability":"instock","product_retailer_item_id":"362013","product_condition":"new","geo.placename":"Vilanova i la Geltr\u00fa","geo.position":{"lat":"41.2257737","long":"1.723258859"},"geo.region":"Espa\u00f1a"},"brands":[{"id":4305,"name":"Joolz","slug":"joolz-cotxets"}],"_links":{"self":[{"href":"https:\/\/somllavors.com\/es\/wp-json\/wp\/v2\/product\/72506","targetHints":{"allow":["GET"]}}],"collection":[{"href":"https:\/\/somllavors.com\/es\/wp-json\/wp\/v2\/product"}],"about":[{"href":"https:\/\/somllavors.com\/es\/wp-json\/wp\/v2\/types\/product"}],"wp:featuredmedia":[{"embeddable":true,"href":"https:\/\/somllavors.com\/es\/wp-json\/wp\/v2\/media\/72502"}],"wp:attachment":[{"href":"https:\/\/somllavors.com\/es\/wp-json\/wp\/v2\/media?parent=72506"}],"wp:term":[{"taxonomy":"pwb-brand","embeddable":true,"href":"https:\/\/somllavors.com\/es\/wp-json\/wp\/v2\/pwb-brand?post=72506"},{"taxonomy":"product_brand","embeddable":true,"href":"https:\/\/somllavors.com\/es\/wp-json\/wp\/v2\/product_brand?post=72506"},{"taxonomy":"product_cat","embeddable":true,"href":"https:\/\/somllavors.com\/es\/wp-json\/wp\/v2\/product_cat?post=72506"},{"taxonomy":"product_tag","embeddable":true,"href":"https:\/\/somllavors.com\/es\/wp-json\/wp\/v2\/product_tag?post=72506"}],"curies":[{"name":"wp","href":"https:\/\/api.w.org\/{rel}","templated":true}]}}