{"id":74247,"date":"2023-09-22T17:11:03","date_gmt":"2023-09-22T15:11:03","guid":{"rendered":"https:\/\/somllavors.com\/producto\/joolz-aer\/"},"modified":"2025-10-31T12:49:34","modified_gmt":"2025-10-31T11:49:34","slug":"joolz-aer","status":"publish","type":"product","link":"https:\/\/somllavors.com\/es\/producte\/joolz-aer","title":{"rendered":"Joolz Aer +"},"content":{"rendered":"<ul>\n<li>Compatible con los aviones<\/li>\n<li>Asiento ergon\u00f3mico<\/li>\n<li>M\u00e1ximo reclinado: 170 cm<\/li>\n<li>Incre\u00edble maniobrabilidad<\/li>\n<li>Gran longitud de respaldo<\/li>\n<li>Compatible con cabina de avi\u00f3n<\/li>\n<li>Dise\u00f1o de alta calidad y tejidos sostenibles<\/li>\n<li>La silla de paseo m\u00e1s ergon\u00f3mica y ventilada<\/li>\n<li>F\u00e1cil de plegar\/desplegar con una sola mano<\/li>\n<li>Plegado r\u00e1pido: una mano, un segundo, un movimiento.<\/li>\n<li>Incluye:\n<ul>\n<li>Silla de paseo<\/li>\n<li>Bolsa de transporte<\/li>\n<\/ul>\n<\/li>\n<li>Embalaje reutilizable: El reciclaje es mejor para el medio ambiente y, qui\u00e9n sabe, el ni\u00f1o tambi\u00e9n podr\u00eda aprender algo. Cajas de cart\u00f3n grandes y peque\u00f1as, desempaquetarlas primero y despu\u00e9s convertirlas en un velero. As\u00ed que no tires el embalaje.  <\/li>\n<li>Materiales sostenibles: Todos los tejidos de Joolz Aer+ se elaboran con botellas de PET recicladas.<\/li>\n<\/ul>\n<p>Informaci\u00f3n de la marca:<\/p>\n<p>&#8211; Marca registrada en el registro de marcas: <strong>JOOLZ<\/strong><\/p>\n<p>&#8211; Nombre del fabricante (persona f\u00edsica o jur\u00eddica): <strong>Milk Design BV<\/strong><\/p>\n<p>&#8211; Direcci\u00f3n postal del fabricante: <strong>Distelweg, 89, 1031 HD Amsterdam (The Nederlands)<\/strong><\/p>\n<p>&#8211; Direcci\u00f3n electr\u00f3nica de contacto del fabricante (una direcci\u00f3n de correo electr\u00f3nico o URL para consultas de los clientes): <strong><a href=\"mailto:info@joolz.com\" target=\"_blank\" rel=\"noopener\">info@joolz.com<\/a><\/strong><\/p>\n<p>&#8211; Informaci\u00f3n general sobre la seguridad del producto: <strong><a href=\"mailto:info@joolz.com\" target=\"_blank\" rel=\"noopener\">info@joolz.com<\/a><\/strong><\/p>\n<p>&#8211; Informaci\u00f3n de contacto adicional: <strong><a href=\"mailto:info@joolz.com\" target=\"_blank\" rel=\"noopener\">info@joolz.com<\/a><\/strong><\/p>\n","protected":false},"excerpt":{"rendered":"<p>El Joolz Aer + \u00e9s una cadira c\u00f2moda, compacta i ultralleugera (6kg) incre\u00efblement f\u00e0cil de manipular i de plegar.<\/p>\n","protected":false},"featured_media":70294,"template":"","meta":{"_acf_changed":false,"site-sidebar-layout":"default","site-content-layout":"default","ast-site-content-layout":"default","site-content-style":"default","site-sidebar-style":"default","ast-global-header-display":"","ast-banner-title-visibility":"","ast-main-header-display":"","ast-hfb-above-header-display":"","ast-hfb-below-header-display":"","ast-hfb-mobile-header-display":"","site-post-title":"","ast-breadcrumbs-content":"","ast-featured-img":"","footer-sml-layout":"","ast-disable-related-posts":"","theme-transparent-header-meta":"default","adv-header-id-meta":"","stick-header-meta":"","header-above-stick-meta":"","header-main-stick-meta":"","header-below-stick-meta":"","astra-migrate-meta-layouts":"default","ast-page-background-enabled":"default","ast-page-background-meta":{"desktop":{"background-color":"","background-image":"","background-repeat":"repeat","background-position":"center center","background-size":"auto","background-attachment":"scroll","background-type":"","background-media":"","overlay-type":"","overlay-color":"","overlay-opacity":"","overlay-gradient":""},"tablet":{"background-color":"","background-image":"","background-repeat":"repeat","background-position":"center center","background-size":"auto","background-attachment":"scroll","background-type":"","background-media":"","overlay-type":"","overlay-color":"","overlay-opacity":"","overlay-gradient":""},"mobile":{"background-color":"","background-image":"","background-repeat":"repeat","background-position":"center center","background-size":"auto","background-attachment":"scroll","background-type":"","background-media":"","overlay-type":"","overlay-color":"","overlay-opacity":"","overlay-gradient":""}},"ast-content-background-meta":{"desktop":{"background-color":"var(--ast-global-color-5)","background-image":"","background-repeat":"repeat","background-position":"center center","background-size":"auto","background-attachment":"scroll","background-type":"","background-media":"","overlay-type":"","overlay-color":"","overlay-opacity":"","overlay-gradient":""},"tablet":{"background-color":"var(--ast-global-color-5)","background-image":"","background-repeat":"repeat","background-position":"center center","background-size":"auto","background-attachment":"scroll","background-type":"","background-media":"","overlay-type":"","overlay-color":"","overlay-opacity":"","overlay-gradient":""},"mobile":{"background-color":"var(--ast-global-color-5)","background-image":"","background-repeat":"repeat","background-position":"center center","background-size":"auto","background-attachment":"scroll","background-type":"","background-media":"","overlay-type":"","overlay-color":"","overlay-opacity":"","overlay-gradient":""}}},"pwb-brand":[4305],"product_brand":[],"product_cat":[4615,4617],"product_tag":[5515,5518,5516,5519,5049,5517],"class_list":{"0":"post-74247","1":"product","2":"type-product","3":"status-publish","4":"has-post-thumbnail","6":"pwb-brand-joolz-cotxets","7":"product_cat-carritos-de-bebe","8":"product_cat-joolz-es","9":"product_tag-aer-es","10":"product_tag-cabina-avion-es","11":"product_tag-cochecito-compacto-es","12":"product_tag-jools-aer-es","13":"product_tag-joolz-es","14":"product_tag-plegable-avion-es","15":"pa_color-forest-green-es","16":"pa_color-navy-blue-es","17":"pa_color-ocean-blue-es","18":"pa_color-sage-green-es","19":"pa_color-sandy-taupe-es","20":"pa_color-space-black-es","21":"pa_color-stone-grey-es","22":"desktop-align-left","23":"tablet-align-left","24":"mobile-align-left","26":"first","27":"outofstock","28":"taxable","29":"shipping-taxable","30":"product-type-variable"},"acf":[],"yoast_head":"<!-- This site is optimized with the Yoast SEO Premium plugin v18.3 (Yoast SEO v27.4) - https:\/\/yoast.com\/product\/yoast-seo-premium-wordpress\/ -->\n<title>Joolz Aer + &#8212; Som Llavors<\/title>\n<meta name=\"description\" content=\"El Joolz Aer + \u00e9s una cadira c\u00f2moda, compacta i ultralleugera (6kg) incre\u00efblement f\u00e0cil de manipular i de plegar.\" \/>\n<meta name=\"robots\" content=\"index, follow, max-snippet:-1, max-image-preview:large, max-video-preview:-1\" \/>\n<link rel=\"canonical\" href=\"https:\/\/somllavors.com\/es\/producte\/joolz-aer\" \/>\n<meta property=\"og:locale\" content=\"es_ES\" \/>\n<meta property=\"og:type\" content=\"article\" \/>\n<meta property=\"og:title\" content=\"Joolz Aer +\" \/>\n<meta property=\"og:description\" content=\"La teva botiga d\u2019ecocrian\u00e7a i espai d\u2019acompanyament a la maternitat\" \/>\n<meta property=\"og:url\" content=\"https:\/\/somllavors.com\/es\/producte\/joolz-aer\" \/>\n<meta property=\"og:site_name\" content=\"Som Llavors\" \/>\n<meta property=\"article:publisher\" content=\"https:\/\/www.facebook.com\/somllavorsvng\/?locale=ca_ES\" \/>\n<meta property=\"article:modified_time\" content=\"2025-10-31T11:49:34+00:00\" \/>\n<meta property=\"og:image\" content=\"https:\/\/somllavors.com\/wp-content\/uploads\/2023\/09\/Medium-Joolz-Aer-Seat_Front_Side-View_Right_Forest-Green-NB.jpg\" \/>\n\t<meta property=\"og:image:width\" content=\"768\" \/>\n\t<meta property=\"og:image:height\" content=\"768\" \/>\n\t<meta property=\"og:image:type\" content=\"image\/jpeg\" \/>\n<meta name=\"twitter:card\" content=\"summary_large_image\" \/>\n<meta name=\"twitter:label1\" content=\"Availability\" \/>\n\t<meta name=\"twitter:data1\" content=\"Out of stock\" \/>\n<script type=\"application\/ld+json\" class=\"yoast-schema-graph\">{\"@context\":\"https:\\\/\\\/schema.org\",\"@graph\":[{\"@type\":\"WebPage\",\"@id\":\"https:\\\/\\\/somllavors.com\\\/es\\\/producte\\\/joolz-aer\",\"url\":\"https:\\\/\\\/somllavors.com\\\/es\\\/producte\\\/joolz-aer\",\"name\":\"Joolz Aer + &#8212; Som Llavors\",\"isPartOf\":{\"@id\":\"https:\\\/\\\/somllavors.com\\\/es#website\"},\"primaryImageOfPage\":{\"@id\":\"https:\\\/\\\/somllavors.com\\\/es\\\/producte\\\/joolz-aer#primaryimage\"},\"image\":{\"@id\":\"https:\\\/\\\/somllavors.com\\\/es\\\/producte\\\/joolz-aer#primaryimage\"},\"thumbnailUrl\":\"https:\\\/\\\/somllavors.com\\\/wp-content\\\/uploads\\\/2023\\\/09\\\/Medium-Joolz-Aer-Seat_Front_Side-View_Right_Forest-Green-NB.jpg\",\"datePublished\":\"2023-09-22T15:11:03+00:00\",\"dateModified\":\"2025-10-31T11:49:34+00:00\",\"description\":\"El Joolz Aer + \u00e9s una cadira c\u00f2moda, compacta i ultralleugera (6kg) incre\u00efblement f\u00e0cil de manipular i de plegar.\",\"breadcrumb\":{\"@id\":\"https:\\\/\\\/somllavors.com\\\/es\\\/producte\\\/joolz-aer#breadcrumb\"},\"inLanguage\":\"es\",\"potentialAction\":[{\"@type\":\"ReadAction\",\"target\":[\"https:\\\/\\\/somllavors.com\\\/es\\\/producte\\\/joolz-aer\"]}]},{\"@type\":\"ImageObject\",\"inLanguage\":\"es\",\"@id\":\"https:\\\/\\\/somllavors.com\\\/es\\\/producte\\\/joolz-aer#primaryimage\",\"url\":\"https:\\\/\\\/somllavors.com\\\/wp-content\\\/uploads\\\/2023\\\/09\\\/Medium-Joolz-Aer-Seat_Front_Side-View_Right_Forest-Green-NB.jpg\",\"contentUrl\":\"https:\\\/\\\/somllavors.com\\\/wp-content\\\/uploads\\\/2023\\\/09\\\/Medium-Joolz-Aer-Seat_Front_Side-View_Right_Forest-Green-NB.jpg\",\"width\":768,\"height\":768,\"caption\":\"joolz aer forest green carrito silla ligera\"},{\"@type\":\"BreadcrumbList\",\"@id\":\"https:\\\/\\\/somllavors.com\\\/es\\\/producte\\\/joolz-aer#breadcrumb\",\"itemListElement\":[{\"@type\":\"ListItem\",\"position\":1,\"name\":\"Inici\",\"item\":\"https:\\\/\\\/somllavors.com\\\/es\"},{\"@type\":\"ListItem\",\"position\":2,\"name\":\"Tienda\",\"item\":\"https:\\\/\\\/somllavors.com\\\/es\\\/botiga-2\"},{\"@type\":\"ListItem\",\"position\":3,\"name\":\"Joolz Aer +\"}]},{\"@type\":\"WebSite\",\"@id\":\"https:\\\/\\\/somllavors.com\\\/es#website\",\"url\":\"https:\\\/\\\/somllavors.com\\\/es\",\"name\":\"Som Llavors\",\"description\":\"Botiga de crian\u00e7a natural\",\"publisher\":{\"@id\":\"https:\\\/\\\/somllavors.com\\\/es#organization\"},\"alternateName\":\"Crian\u00e7a Natural i Sostenible\",\"potentialAction\":[{\"@type\":\"SearchAction\",\"target\":{\"@type\":\"EntryPoint\",\"urlTemplate\":\"https:\\\/\\\/somllavors.com\\\/es?s={search_term_string}\"},\"query-input\":{\"@type\":\"PropertyValueSpecification\",\"valueRequired\":true,\"valueName\":\"search_term_string\"}}],\"inLanguage\":\"es\"},{\"@type\":[\"Organization\",\"Place\",\"Store\"],\"@id\":\"https:\\\/\\\/somllavors.com\\\/es#organization\",\"name\":\"Som Llavors\",\"alternateName\":\"Crian\u00e7a Natural i Sostenible\",\"url\":\"https:\\\/\\\/somllavors.com\\\/es\",\"logo\":{\"@id\":\"https:\\\/\\\/somllavors.com\\\/es\\\/producte\\\/joolz-aer#local-main-organization-logo\"},\"image\":{\"@id\":\"https:\\\/\\\/somllavors.com\\\/es\\\/producte\\\/joolz-aer#local-main-organization-logo\"},\"sameAs\":[\"https:\\\/\\\/www.facebook.com\\\/somllavorsvng\\\/?locale=ca_ES\",\"https:\\\/\\\/www.instagram.com\\\/somllavors_vng\\\/\",\"https:\\\/\\\/www.youtube.com\\\/@somllavors\"],\"address\":{\"@id\":\"https:\\\/\\\/somllavors.com\\\/es\\\/producte\\\/joolz-aer#local-main-place-address\"},\"geo\":{\"@type\":\"GeoCoordinates\",\"latitude\":\"41.2257737\",\"longitude\":\"1.723258859\"},\"telephone\":[\"623152704\"],\"openingHoursSpecification\":[{\"@type\":\"OpeningHoursSpecification\",\"dayOfWeek\":[\"Monday\",\"Sunday\"],\"opens\":\"00:00\",\"closes\":\"00:00\"},{\"@type\":\"OpeningHoursSpecification\",\"dayOfWeek\":[\"Tuesday\",\"Wednesday\",\"Thursday\",\"Friday\"],\"opens\":\"10:00\",\"closes\":\"20:00\"},{\"@type\":\"OpeningHoursSpecification\",\"dayOfWeek\":[\"Saturday\"],\"opens\":\"10:00\",\"closes\":\"13:30\"}],\"email\":\"info@somllavors.com\"},{\"@type\":\"PostalAddress\",\"@id\":\"https:\\\/\\\/somllavors.com\\\/es\\\/producte\\\/joolz-aer#local-main-place-address\",\"streetAddress\":\"Carrer de l'aigua, 6\",\"addressLocality\":\"Vilanova i la Geltr\u00fa\",\"postalCode\":\"08800\",\"addressRegion\":\"Barcelona\",\"addressCountry\":\"ES\"},{\"@type\":\"ImageObject\",\"inLanguage\":\"es\",\"@id\":\"https:\\\/\\\/somllavors.com\\\/es\\\/producte\\\/joolz-aer#local-main-organization-logo\",\"url\":\"https:\\\/\\\/somllavors.com\\\/wp-content\\\/uploads\\\/Logotip-Som-Llavors.jpg\",\"contentUrl\":\"https:\\\/\\\/somllavors.com\\\/wp-content\\\/uploads\\\/Logotip-Som-Llavors.jpg\",\"width\":1444,\"height\":1323,\"caption\":\"Som Llavors\"}]}<\/script>\n<meta property=\"og:availability\" content=\"out of stock\" \/>\n<meta property=\"product:availability\" content=\"out of stock\" \/>\n<meta property=\"product:condition\" content=\"new\" \/>\n<meta name=\"geo.placename\" content=\"Vilanova i la Geltr\u00fa\" \/>\n<meta name=\"geo.position\" content=\"41.2257737;1.723258859\" \/>\n<meta name=\"geo.region\" content=\"Espa\u00f1a\" \/>\n<!-- \/ Yoast SEO Premium plugin. -->","yoast_head_json":{"title":"Joolz Aer + &#8212; Som Llavors","description":"El Joolz Aer + \u00e9s una cadira c\u00f2moda, compacta i ultralleugera (6kg) incre\u00efblement f\u00e0cil de manipular i de plegar.","robots":{"index":"index","follow":"follow","max-snippet":"max-snippet:-1","max-image-preview":"max-image-preview:large","max-video-preview":"max-video-preview:-1"},"canonical":"https:\/\/somllavors.com\/es\/producte\/joolz-aer","og_locale":"es_ES","og_type":"article","og_title":"Joolz Aer +","og_description":"La teva botiga d\u2019ecocrian\u00e7a i espai d\u2019acompanyament a la maternitat","og_url":"https:\/\/somllavors.com\/es\/producte\/joolz-aer","og_site_name":"Som Llavors","article_publisher":"https:\/\/www.facebook.com\/somllavorsvng\/?locale=ca_ES","article_modified_time":"2025-10-31T11:49:34+00:00","og_image":[{"width":768,"height":768,"url":"https:\/\/somllavors.com\/wp-content\/uploads\/2023\/09\/Medium-Joolz-Aer-Seat_Front_Side-View_Right_Forest-Green-NB.jpg","type":"image\/jpeg"}],"twitter_card":"summary_large_image","twitter_misc":{"Availability":"Out of stock"},"schema":{"@context":"https:\/\/schema.org","@graph":[{"@type":"WebPage","@id":"https:\/\/somllavors.com\/es\/producte\/joolz-aer","url":"https:\/\/somllavors.com\/es\/producte\/joolz-aer","name":"Joolz Aer + &#8212; Som Llavors","isPartOf":{"@id":"https:\/\/somllavors.com\/es#website"},"primaryImageOfPage":{"@id":"https:\/\/somllavors.com\/es\/producte\/joolz-aer#primaryimage"},"image":{"@id":"https:\/\/somllavors.com\/es\/producte\/joolz-aer#primaryimage"},"thumbnailUrl":"https:\/\/somllavors.com\/wp-content\/uploads\/2023\/09\/Medium-Joolz-Aer-Seat_Front_Side-View_Right_Forest-Green-NB.jpg","datePublished":"2023-09-22T15:11:03+00:00","dateModified":"2025-10-31T11:49:34+00:00","description":"El Joolz Aer + \u00e9s una cadira c\u00f2moda, compacta i ultralleugera (6kg) incre\u00efblement f\u00e0cil de manipular i de plegar.","breadcrumb":{"@id":"https:\/\/somllavors.com\/es\/producte\/joolz-aer#breadcrumb"},"inLanguage":"es","potentialAction":[{"@type":"ReadAction","target":["https:\/\/somllavors.com\/es\/producte\/joolz-aer"]}]},{"@type":"ImageObject","inLanguage":"es","@id":"https:\/\/somllavors.com\/es\/producte\/joolz-aer#primaryimage","url":"https:\/\/somllavors.com\/wp-content\/uploads\/2023\/09\/Medium-Joolz-Aer-Seat_Front_Side-View_Right_Forest-Green-NB.jpg","contentUrl":"https:\/\/somllavors.com\/wp-content\/uploads\/2023\/09\/Medium-Joolz-Aer-Seat_Front_Side-View_Right_Forest-Green-NB.jpg","width":768,"height":768,"caption":"joolz aer forest green carrito silla ligera"},{"@type":"BreadcrumbList","@id":"https:\/\/somllavors.com\/es\/producte\/joolz-aer#breadcrumb","itemListElement":[{"@type":"ListItem","position":1,"name":"Inici","item":"https:\/\/somllavors.com\/es"},{"@type":"ListItem","position":2,"name":"Tienda","item":"https:\/\/somllavors.com\/es\/botiga-2"},{"@type":"ListItem","position":3,"name":"Joolz Aer +"}]},{"@type":"WebSite","@id":"https:\/\/somllavors.com\/es#website","url":"https:\/\/somllavors.com\/es","name":"Som Llavors","description":"Botiga de crian\u00e7a natural","publisher":{"@id":"https:\/\/somllavors.com\/es#organization"},"alternateName":"Crian\u00e7a Natural i Sostenible","potentialAction":[{"@type":"SearchAction","target":{"@type":"EntryPoint","urlTemplate":"https:\/\/somllavors.com\/es?s={search_term_string}"},"query-input":{"@type":"PropertyValueSpecification","valueRequired":true,"valueName":"search_term_string"}}],"inLanguage":"es"},{"@type":["Organization","Place","Store"],"@id":"https:\/\/somllavors.com\/es#organization","name":"Som Llavors","alternateName":"Crian\u00e7a Natural i Sostenible","url":"https:\/\/somllavors.com\/es","logo":{"@id":"https:\/\/somllavors.com\/es\/producte\/joolz-aer#local-main-organization-logo"},"image":{"@id":"https:\/\/somllavors.com\/es\/producte\/joolz-aer#local-main-organization-logo"},"sameAs":["https:\/\/www.facebook.com\/somllavorsvng\/?locale=ca_ES","https:\/\/www.instagram.com\/somllavors_vng\/","https:\/\/www.youtube.com\/@somllavors"],"address":{"@id":"https:\/\/somllavors.com\/es\/producte\/joolz-aer#local-main-place-address"},"geo":{"@type":"GeoCoordinates","latitude":"41.2257737","longitude":"1.723258859"},"telephone":["623152704","623152704"],"openingHoursSpecification":[{"@type":"OpeningHoursSpecification","dayOfWeek":["Monday","Sunday"],"opens":"00:00","closes":"00:00"},{"@type":"OpeningHoursSpecification","dayOfWeek":["Tuesday","Wednesday","Thursday","Friday"],"opens":"10:00","closes":"20:00"},{"@type":"OpeningHoursSpecification","dayOfWeek":["Saturday"],"opens":"10:00","closes":"13:30"}],"email":"info@somllavors.com"},{"@type":"PostalAddress","@id":"https:\/\/somllavors.com\/es\/producte\/joolz-aer#local-main-place-address","streetAddress":"Carrer de l'aigua, 6","addressLocality":"Vilanova i la Geltr\u00fa","postalCode":"08800","addressRegion":"Barcelona","addressCountry":"ES"},{"@type":"ImageObject","inLanguage":"es","@id":"https:\/\/somllavors.com\/es\/producte\/joolz-aer#local-main-organization-logo","url":"https:\/\/somllavors.com\/wp-content\/uploads\/Logotip-Som-Llavors.jpg","contentUrl":"https:\/\/somllavors.com\/wp-content\/uploads\/Logotip-Som-Llavors.jpg","width":1444,"height":1323,"caption":"Som Llavors"}]},"og_availability":"out of stock","product_availability":"out of stock","product_condition":"new","geo.placename":"Vilanova i la Geltr\u00fa","geo.position":{"lat":"41.2257737","long":"1.723258859"},"geo.region":"Espa\u00f1a"},"brands":[{"id":4305,"name":"Joolz","slug":"joolz-cotxets"}],"_links":{"self":[{"href":"https:\/\/somllavors.com\/es\/wp-json\/wp\/v2\/product\/74247","targetHints":{"allow":["GET"]}}],"collection":[{"href":"https:\/\/somllavors.com\/es\/wp-json\/wp\/v2\/product"}],"about":[{"href":"https:\/\/somllavors.com\/es\/wp-json\/wp\/v2\/types\/product"}],"wp:featuredmedia":[{"embeddable":true,"href":"https:\/\/somllavors.com\/es\/wp-json\/wp\/v2\/media\/70294"}],"wp:attachment":[{"href":"https:\/\/somllavors.com\/es\/wp-json\/wp\/v2\/media?parent=74247"}],"wp:term":[{"taxonomy":"pwb-brand","embeddable":true,"href":"https:\/\/somllavors.com\/es\/wp-json\/wp\/v2\/pwb-brand?post=74247"},{"taxonomy":"product_brand","embeddable":true,"href":"https:\/\/somllavors.com\/es\/wp-json\/wp\/v2\/product_brand?post=74247"},{"taxonomy":"product_cat","embeddable":true,"href":"https:\/\/somllavors.com\/es\/wp-json\/wp\/v2\/product_cat?post=74247"},{"taxonomy":"product_tag","embeddable":true,"href":"https:\/\/somllavors.com\/es\/wp-json\/wp\/v2\/product_tag?post=74247"}],"curies":[{"name":"wp","href":"https:\/\/api.w.org\/{rel}","templated":true}]}}