{"id":74649,"date":"2025-03-24T13:46:59","date_gmt":"2025-03-24T12:46:59","guid":{"rendered":"https:\/\/somllavors.com\/producto\/lonetas-de-primavera-verano-barefoot-surf-froddo\/"},"modified":"2025-03-25T12:45:19","modified_gmt":"2025-03-25T11:45:19","slug":"lonetas-de-primavera-verano-barefoot-surf-froddo","status":"publish","type":"product","link":"https:\/\/somllavors.com\/es\/producte\/lonetas-de-primavera-verano-barefoot-surf-froddo","title":{"rendered":"Lonetas de primavera-verano Barefoot Surf &#8211; Froddo"},"content":{"rendered":"<h3 class=\"\" data-start=\"70\" data-end=\"147\">Zapatos respetuosos de loneta Surf de Froddo: ligereza y confort para el entretiempo<\/h3>\n<p class=\"\" data-start=\"149\" data-end=\"576\">Estos zapatos barefoot han sido dise\u00f1ados para ofrecer la m\u00e1xima comodidad y libertad de movimiento. Gracias a su puntera ancha, proporcionan estabilidad mientras caminas, y su suela flexible de goma natural permite que los pies se muevan de forma natural, favoreciendo un desarrollo saludable. La plantilla extra\u00edble de microfibra antibacteriana aporta una sensaci\u00f3n de suavidad y frescura durante todo el d\u00eda.  <\/p>\n<p class=\"\" data-start=\"578\" data-end=\"792\">Adem\u00e1s, Froddo apuesta por una producci\u00f3n responsable: estas zapatillas est\u00e1n libres de colorantes artificiales y pesticidas, ofreciendo una opci\u00f3n ecol\u00f3gica y biodegradable que cuida tanto la piel como el medio ambiente.<\/p>\n<h3 class=\"\" data-start=\"794\" data-end=\"833\">Detalles que marcan la diferencia<\/h3>\n<p class=\"\" data-start=\"835\" data-end=\"1082\">Los zapatos de loneta de Froddo son ligeros y vers\u00e1tiles, ideales para primavera y oto\u00f1o. Su suela con drop 0 est\u00e1 cosida en el upper para garantizar una mayor durabilidad, mientras que el contrafuerte proporciona el soporte justo sin rigidez. <\/p>\n<p class=\"\" data-start=\"1084\" data-end=\"1275\">\u00bfOtro punto clave? Est\u00e1n completamente libres de cromo VI, un componente que puede resultar perjudicial para la piel. As\u00ed que podr\u00e1s gozar de un calzado de calidad sin comprometer la seguridad.  <\/p>\n<h3 class=\"\" data-start=\"1277\" data-end=\"1314\">\u00bfC\u00f3mo elegir la talla adecuada?<\/h3>\n<ul data-start=\"1316\" data-end=\"1540\">\n<li class=\"\" data-start=\"1316\" data-end=\"1386\">\n<p class=\"\" data-start=\"1318\" data-end=\"1386\"><strong data-start=\"1318\" data-end=\"1335\">Forma del pie:<\/strong> recomendadas por pies de tama\u00f1o medio o estrecho.<\/p>\n<\/li>\n<li class=\"\" data-start=\"1387\" data-end=\"1443\">\n<p class=\"\" data-start=\"1389\" data-end=\"1443\"><strong data-start=\"1389\" data-end=\"1400\">Empeine:<\/strong> ideal para empeines medios o bajos.<\/p>\n<\/li>\n<li class=\"\" data-start=\"1444\" data-end=\"1540\">\n<p class=\"\" data-start=\"1446\" data-end=\"1540\"><strong data-start=\"1446\" data-end=\"1465\">Espacio recomendado:<\/strong> suma entre 8 mm y 1,2 cm a lo largo del pie para asegurar un ajuste \u00f3ptimo.<\/p>\n<\/li>\n<\/ul>\n<h3 class=\"\" data-start=\"1542\" data-end=\"1564\">Materiales y cuidado<\/h3>\n<ul data-start=\"1566\" data-end=\"1694\">\n<li class=\"\" data-start=\"1566\" data-end=\"1615\">\n<p class=\"\" data-start=\"1568\" data-end=\"1615\"><strong data-start=\"1568\" data-end=\"1591\">Exterior e interior:<\/strong> textil transpirable.<\/p>\n<\/li>\n<li class=\"\" data-start=\"1616\" data-end=\"1661\">\n<p class=\"\" data-start=\"1618\" data-end=\"1661\"><strong data-start=\"1618\" data-end=\"1631\">Plantilla<\/strong>: microfibra antibacteriana.<\/p>\n<\/li>\n<li class=\"\" data-start=\"1662\" data-end=\"1694\">\n<p class=\"\" data-start=\"1664\" data-end=\"1694\"><strong data-start=\"1664\" data-end=\"1672\">Suela<\/strong>: goma natural 100%.<\/p>\n<\/li>\n<\/ul>\n<p class=\"\" data-start=\"1696\" data-end=\"1929\">Para mantenerlas en perfectas condiciones, se recomienda airear a diario las plantillas y limpiar las zapatillas en seco con un pa\u00f1o o un cepillo suave. No se pueden lavar en la lavadora, ya que podr\u00edan encogerse o perder el color. <\/p>\n","protected":false},"excerpt":{"rendered":"<p>Divertidas lonetas de entretiempo con motivos de Surf de la nueva temporada de Froddo 2025 ideales para disfrutar de la primavera y el verano.<br \/>\nZapatos 100% Barefoot, producci\u00f3n consciente con unos valores de marca muy respetuosos con el medio ambiente y las personas.<\/p>\n","protected":false},"featured_media":74525,"template":"","meta":{"_acf_changed":false,"site-sidebar-layout":"default","site-content-layout":"","ast-site-content-layout":"default","site-content-style":"default","site-sidebar-style":"default","ast-global-header-display":"","ast-banner-title-visibility":"","ast-main-header-display":"","ast-hfb-above-header-display":"","ast-hfb-below-header-display":"","ast-hfb-mobile-header-display":"","site-post-title":"","ast-breadcrumbs-content":"","ast-featured-img":"","footer-sml-layout":"","ast-disable-related-posts":"","theme-transparent-header-meta":"default","adv-header-id-meta":"","stick-header-meta":"","header-above-stick-meta":"","header-main-stick-meta":"","header-below-stick-meta":"","astra-migrate-meta-layouts":"default","ast-page-background-enabled":"default","ast-page-background-meta":{"desktop":{"background-color":"","background-image":"","background-repeat":"repeat","background-position":"center center","background-size":"auto","background-attachment":"scroll","background-type":"","background-media":"","overlay-type":"","overlay-color":"","overlay-opacity":"","overlay-gradient":""},"tablet":{"background-color":"","background-image":"","background-repeat":"repeat","background-position":"center center","background-size":"auto","background-attachment":"scroll","background-type":"","background-media":"","overlay-type":"","overlay-color":"","overlay-opacity":"","overlay-gradient":""},"mobile":{"background-color":"","background-image":"","background-repeat":"repeat","background-position":"center center","background-size":"auto","background-attachment":"scroll","background-type":"","background-media":"","overlay-type":"","overlay-color":"","overlay-opacity":"","overlay-gradient":""}},"ast-content-background-meta":{"desktop":{"background-color":"var(--ast-global-color-5)","background-image":"","background-repeat":"repeat","background-position":"center center","background-size":"auto","background-attachment":"scroll","background-type":"","background-media":"","overlay-type":"","overlay-color":"","overlay-opacity":"","overlay-gradient":""},"tablet":{"background-color":"var(--ast-global-color-5)","background-image":"","background-repeat":"repeat","background-position":"center center","background-size":"auto","background-attachment":"scroll","background-type":"","background-media":"","overlay-type":"","overlay-color":"","overlay-opacity":"","overlay-gradient":""},"mobile":{"background-color":"var(--ast-global-color-5)","background-image":"","background-repeat":"repeat","background-position":"center center","background-size":"auto","background-attachment":"scroll","background-type":"","background-media":"","overlay-type":"","overlay-color":"","overlay-opacity":"","overlay-gradient":""}}},"pwb-brand":[4096],"product_brand":[],"product_cat":[4091,4790],"product_tag":[2453,5543,5542],"class_list":{"0":"post-74649","1":"product","2":"type-product","3":"status-publish","4":"has-post-thumbnail","6":"pwb-brand-froddo","7":"product_cat-froddo-es","8":"product_cat-tallas-grandes-es","9":"product_tag-barefoot-es","10":"product_tag-froddo-es","11":"product_tag-loneta-es","12":"pa_talla-24-es","13":"pa_talla-25-es","14":"pa_talla-26-es","15":"pa_talla-27-es","16":"pa_talla-28-es","17":"pa_talla-29-es","18":"pa_talla-30-es","19":"pa_talla-31-es","20":"pa_talla-32-es","21":"pa_talla-33-es","22":"pa_talla-34-es","23":"pa_talla-35-es","24":"desktop-align-left","25":"tablet-align-left","26":"mobile-align-left","28":"first","29":"instock","30":"taxable","31":"shipping-taxable","32":"purchasable","33":"product-type-variable"},"acf":[],"yoast_head":"<!-- This site is optimized with the Yoast SEO Premium plugin v18.3 (Yoast SEO v27.4) - https:\/\/yoast.com\/product\/yoast-seo-premium-wordpress\/ -->\n<title>Lonetas de primavera-verano Barefoot Surf - Froddo &#8212; Som Llavors<\/title>\n<meta name=\"description\" content=\"Divertidas lonetas de entretiempo con motivos de Surf de la nueva temporada de Froddo 2025 ideales para disfrutar de la primavera y el verano. Zapatos 100% Barefoot, producci\u00f3n consciente con unos valores de marca muy respetuosos con el medio ambiente y las personas.\" \/>\n<meta name=\"robots\" content=\"index, follow, max-snippet:-1, max-image-preview:large, max-video-preview:-1\" \/>\n<link rel=\"canonical\" href=\"https:\/\/somllavors.com\/es\/producte\/lonetas-de-primavera-verano-barefoot-surf-froddo\" \/>\n<meta property=\"og:locale\" content=\"es_ES\" \/>\n<meta property=\"og:type\" content=\"article\" \/>\n<meta property=\"og:title\" content=\"Lonetas de primavera-verano Barefoot Surf - Froddo\" \/>\n<meta property=\"og:description\" content=\"La teva botiga d\u2019ecocrian\u00e7a i espai d\u2019acompanyament a la maternitat\" \/>\n<meta property=\"og:url\" content=\"https:\/\/somllavors.com\/es\/producte\/lonetas-de-primavera-verano-barefoot-surf-froddo\" \/>\n<meta property=\"og:site_name\" content=\"Som Llavors\" \/>\n<meta property=\"article:publisher\" content=\"https:\/\/www.facebook.com\/somllavorsvng\/?locale=ca_ES\" \/>\n<meta property=\"article:modified_time\" content=\"2025-03-25T11:45:19+00:00\" \/>\n<meta property=\"og:image\" content=\"https:\/\/somllavors.com\/wp-content\/uploads\/2025\/03\/G1700379-12.jpg\" \/>\n\t<meta property=\"og:image:width\" content=\"1000\" \/>\n\t<meta property=\"og:image:height\" content=\"1000\" \/>\n\t<meta property=\"og:image:type\" content=\"image\/jpeg\" \/>\n<meta name=\"twitter:card\" content=\"summary_large_image\" \/>\n<meta name=\"twitter:label1\" content=\"Availability\" \/>\n\t<meta name=\"twitter:data1\" content=\"Hay existencias\" \/>\n<script type=\"application\/ld+json\" class=\"yoast-schema-graph\">{\"@context\":\"https:\\\/\\\/schema.org\",\"@graph\":[{\"@type\":\"WebPage\",\"@id\":\"https:\\\/\\\/somllavors.com\\\/es\\\/producte\\\/lonetas-de-primavera-verano-barefoot-surf-froddo\",\"url\":\"https:\\\/\\\/somllavors.com\\\/es\\\/producte\\\/lonetas-de-primavera-verano-barefoot-surf-froddo\",\"name\":\"Lonetas de primavera-verano Barefoot Surf - Froddo &#8212; Som Llavors\",\"isPartOf\":{\"@id\":\"https:\\\/\\\/somllavors.com\\\/es#website\"},\"primaryImageOfPage\":{\"@id\":\"https:\\\/\\\/somllavors.com\\\/es\\\/producte\\\/lonetas-de-primavera-verano-barefoot-surf-froddo#primaryimage\"},\"image\":{\"@id\":\"https:\\\/\\\/somllavors.com\\\/es\\\/producte\\\/lonetas-de-primavera-verano-barefoot-surf-froddo#primaryimage\"},\"thumbnailUrl\":\"https:\\\/\\\/somllavors.com\\\/wp-content\\\/uploads\\\/2025\\\/03\\\/G1700379-12.jpg\",\"datePublished\":\"2025-03-24T12:46:59+00:00\",\"dateModified\":\"2025-03-25T11:45:19+00:00\",\"description\":\"Divertidas lonetas de entretiempo con motivos de Surf de la nueva temporada de Froddo 2025 ideales para disfrutar de la primavera y el verano. Zapatos 100% Barefoot, producci\u00f3n consciente con unos valores de marca muy respetuosos con el medio ambiente y las personas.\",\"breadcrumb\":{\"@id\":\"https:\\\/\\\/somllavors.com\\\/es\\\/producte\\\/lonetas-de-primavera-verano-barefoot-surf-froddo#breadcrumb\"},\"inLanguage\":\"es\",\"potentialAction\":[{\"@type\":\"ReadAction\",\"target\":[\"https:\\\/\\\/somllavors.com\\\/es\\\/producte\\\/lonetas-de-primavera-verano-barefoot-surf-froddo\"]}]},{\"@type\":\"ImageObject\",\"inLanguage\":\"es\",\"@id\":\"https:\\\/\\\/somllavors.com\\\/es\\\/producte\\\/lonetas-de-primavera-verano-barefoot-surf-froddo#primaryimage\",\"url\":\"https:\\\/\\\/somllavors.com\\\/wp-content\\\/uploads\\\/2025\\\/03\\\/G1700379-12.jpg\",\"contentUrl\":\"https:\\\/\\\/somllavors.com\\\/wp-content\\\/uploads\\\/2025\\\/03\\\/G1700379-12.jpg\",\"width\":1000,\"height\":1000,\"caption\":\"G1700379-12 Froddo loneta\"},{\"@type\":\"BreadcrumbList\",\"@id\":\"https:\\\/\\\/somllavors.com\\\/es\\\/producte\\\/lonetas-de-primavera-verano-barefoot-surf-froddo#breadcrumb\",\"itemListElement\":[{\"@type\":\"ListItem\",\"position\":1,\"name\":\"Inici\",\"item\":\"https:\\\/\\\/somllavors.com\\\/es\"},{\"@type\":\"ListItem\",\"position\":2,\"name\":\"Tienda\",\"item\":\"https:\\\/\\\/somllavors.com\\\/es\\\/botiga-2\"},{\"@type\":\"ListItem\",\"position\":3,\"name\":\"Lonetas de primavera-verano Barefoot Surf &#8211; Froddo\"}]},{\"@type\":\"WebSite\",\"@id\":\"https:\\\/\\\/somllavors.com\\\/es#website\",\"url\":\"https:\\\/\\\/somllavors.com\\\/es\",\"name\":\"Som Llavors\",\"description\":\"Botiga de crian\u00e7a natural\",\"publisher\":{\"@id\":\"https:\\\/\\\/somllavors.com\\\/es#organization\"},\"alternateName\":\"Crian\u00e7a Natural i Sostenible\",\"potentialAction\":[{\"@type\":\"SearchAction\",\"target\":{\"@type\":\"EntryPoint\",\"urlTemplate\":\"https:\\\/\\\/somllavors.com\\\/es?s={search_term_string}\"},\"query-input\":{\"@type\":\"PropertyValueSpecification\",\"valueRequired\":true,\"valueName\":\"search_term_string\"}}],\"inLanguage\":\"es\"},{\"@type\":[\"Organization\",\"Place\",\"Store\"],\"@id\":\"https:\\\/\\\/somllavors.com\\\/es#organization\",\"name\":\"Som Llavors\",\"alternateName\":\"Crian\u00e7a Natural i Sostenible\",\"url\":\"https:\\\/\\\/somllavors.com\\\/es\",\"logo\":{\"@id\":\"https:\\\/\\\/somllavors.com\\\/es\\\/producte\\\/lonetas-de-primavera-verano-barefoot-surf-froddo#local-main-organization-logo\"},\"image\":{\"@id\":\"https:\\\/\\\/somllavors.com\\\/es\\\/producte\\\/lonetas-de-primavera-verano-barefoot-surf-froddo#local-main-organization-logo\"},\"sameAs\":[\"https:\\\/\\\/www.facebook.com\\\/somllavorsvng\\\/?locale=ca_ES\",\"https:\\\/\\\/www.instagram.com\\\/somllavors_vng\\\/\",\"https:\\\/\\\/www.youtube.com\\\/@somllavors\"],\"address\":{\"@id\":\"https:\\\/\\\/somllavors.com\\\/es\\\/producte\\\/lonetas-de-primavera-verano-barefoot-surf-froddo#local-main-place-address\"},\"geo\":{\"@type\":\"GeoCoordinates\",\"latitude\":\"41.2257737\",\"longitude\":\"1.723258859\"},\"telephone\":[\"623152704\"],\"openingHoursSpecification\":[{\"@type\":\"OpeningHoursSpecification\",\"dayOfWeek\":[\"Monday\",\"Sunday\"],\"opens\":\"00:00\",\"closes\":\"00:00\"},{\"@type\":\"OpeningHoursSpecification\",\"dayOfWeek\":[\"Tuesday\",\"Wednesday\",\"Thursday\",\"Friday\"],\"opens\":\"10:00\",\"closes\":\"20:00\"},{\"@type\":\"OpeningHoursSpecification\",\"dayOfWeek\":[\"Saturday\"],\"opens\":\"10:00\",\"closes\":\"13:30\"}],\"email\":\"info@somllavors.com\"},{\"@type\":\"PostalAddress\",\"@id\":\"https:\\\/\\\/somllavors.com\\\/es\\\/producte\\\/lonetas-de-primavera-verano-barefoot-surf-froddo#local-main-place-address\",\"streetAddress\":\"Carrer de l'aigua, 6\",\"addressLocality\":\"Vilanova i la Geltr\u00fa\",\"postalCode\":\"08800\",\"addressRegion\":\"Barcelona\",\"addressCountry\":\"ES\"},{\"@type\":\"ImageObject\",\"inLanguage\":\"es\",\"@id\":\"https:\\\/\\\/somllavors.com\\\/es\\\/producte\\\/lonetas-de-primavera-verano-barefoot-surf-froddo#local-main-organization-logo\",\"url\":\"https:\\\/\\\/somllavors.com\\\/wp-content\\\/uploads\\\/Logotip-Som-Llavors.jpg\",\"contentUrl\":\"https:\\\/\\\/somllavors.com\\\/wp-content\\\/uploads\\\/Logotip-Som-Llavors.jpg\",\"width\":1444,\"height\":1323,\"caption\":\"Som Llavors\"}]}<\/script>\n<meta property=\"og:availability\" content=\"instock\" \/>\n<meta property=\"product:availability\" content=\"instock\" \/>\n<meta property=\"product:retailer_item_id\" content=\"G1700379-12\" \/>\n<meta property=\"product:condition\" content=\"new\" \/>\n<meta name=\"geo.placename\" content=\"Vilanova i la Geltr\u00fa\" \/>\n<meta name=\"geo.position\" content=\"41.2257737;1.723258859\" \/>\n<meta name=\"geo.region\" content=\"Espa\u00f1a\" \/>\n<!-- \/ Yoast SEO Premium plugin. -->","yoast_head_json":{"title":"Lonetas de primavera-verano Barefoot Surf - Froddo &#8212; Som Llavors","description":"Divertidas lonetas de entretiempo con motivos de Surf de la nueva temporada de Froddo 2025 ideales para disfrutar de la primavera y el verano. Zapatos 100% Barefoot, producci\u00f3n consciente con unos valores de marca muy respetuosos con el medio ambiente y las personas.","robots":{"index":"index","follow":"follow","max-snippet":"max-snippet:-1","max-image-preview":"max-image-preview:large","max-video-preview":"max-video-preview:-1"},"canonical":"https:\/\/somllavors.com\/es\/producte\/lonetas-de-primavera-verano-barefoot-surf-froddo","og_locale":"es_ES","og_type":"article","og_title":"Lonetas de primavera-verano Barefoot Surf - Froddo","og_description":"La teva botiga d\u2019ecocrian\u00e7a i espai d\u2019acompanyament a la maternitat","og_url":"https:\/\/somllavors.com\/es\/producte\/lonetas-de-primavera-verano-barefoot-surf-froddo","og_site_name":"Som Llavors","article_publisher":"https:\/\/www.facebook.com\/somllavorsvng\/?locale=ca_ES","article_modified_time":"2025-03-25T11:45:19+00:00","og_image":[{"width":1000,"height":1000,"url":"https:\/\/somllavors.com\/wp-content\/uploads\/2025\/03\/G1700379-12.jpg","type":"image\/jpeg"}],"twitter_card":"summary_large_image","twitter_misc":{"Availability":"Hay existencias"},"schema":{"@context":"https:\/\/schema.org","@graph":[{"@type":"WebPage","@id":"https:\/\/somllavors.com\/es\/producte\/lonetas-de-primavera-verano-barefoot-surf-froddo","url":"https:\/\/somllavors.com\/es\/producte\/lonetas-de-primavera-verano-barefoot-surf-froddo","name":"Lonetas de primavera-verano Barefoot Surf - Froddo &#8212; Som Llavors","isPartOf":{"@id":"https:\/\/somllavors.com\/es#website"},"primaryImageOfPage":{"@id":"https:\/\/somllavors.com\/es\/producte\/lonetas-de-primavera-verano-barefoot-surf-froddo#primaryimage"},"image":{"@id":"https:\/\/somllavors.com\/es\/producte\/lonetas-de-primavera-verano-barefoot-surf-froddo#primaryimage"},"thumbnailUrl":"https:\/\/somllavors.com\/wp-content\/uploads\/2025\/03\/G1700379-12.jpg","datePublished":"2025-03-24T12:46:59+00:00","dateModified":"2025-03-25T11:45:19+00:00","description":"Divertidas lonetas de entretiempo con motivos de Surf de la nueva temporada de Froddo 2025 ideales para disfrutar de la primavera y el verano. Zapatos 100% Barefoot, producci\u00f3n consciente con unos valores de marca muy respetuosos con el medio ambiente y las personas.","breadcrumb":{"@id":"https:\/\/somllavors.com\/es\/producte\/lonetas-de-primavera-verano-barefoot-surf-froddo#breadcrumb"},"inLanguage":"es","potentialAction":[{"@type":"ReadAction","target":["https:\/\/somllavors.com\/es\/producte\/lonetas-de-primavera-verano-barefoot-surf-froddo"]}]},{"@type":"ImageObject","inLanguage":"es","@id":"https:\/\/somllavors.com\/es\/producte\/lonetas-de-primavera-verano-barefoot-surf-froddo#primaryimage","url":"https:\/\/somllavors.com\/wp-content\/uploads\/2025\/03\/G1700379-12.jpg","contentUrl":"https:\/\/somllavors.com\/wp-content\/uploads\/2025\/03\/G1700379-12.jpg","width":1000,"height":1000,"caption":"G1700379-12 Froddo loneta"},{"@type":"BreadcrumbList","@id":"https:\/\/somllavors.com\/es\/producte\/lonetas-de-primavera-verano-barefoot-surf-froddo#breadcrumb","itemListElement":[{"@type":"ListItem","position":1,"name":"Inici","item":"https:\/\/somllavors.com\/es"},{"@type":"ListItem","position":2,"name":"Tienda","item":"https:\/\/somllavors.com\/es\/botiga-2"},{"@type":"ListItem","position":3,"name":"Lonetas de primavera-verano Barefoot Surf &#8211; Froddo"}]},{"@type":"WebSite","@id":"https:\/\/somllavors.com\/es#website","url":"https:\/\/somllavors.com\/es","name":"Som Llavors","description":"Botiga de crian\u00e7a natural","publisher":{"@id":"https:\/\/somllavors.com\/es#organization"},"alternateName":"Crian\u00e7a Natural i Sostenible","potentialAction":[{"@type":"SearchAction","target":{"@type":"EntryPoint","urlTemplate":"https:\/\/somllavors.com\/es?s={search_term_string}"},"query-input":{"@type":"PropertyValueSpecification","valueRequired":true,"valueName":"search_term_string"}}],"inLanguage":"es"},{"@type":["Organization","Place","Store"],"@id":"https:\/\/somllavors.com\/es#organization","name":"Som Llavors","alternateName":"Crian\u00e7a Natural i Sostenible","url":"https:\/\/somllavors.com\/es","logo":{"@id":"https:\/\/somllavors.com\/es\/producte\/lonetas-de-primavera-verano-barefoot-surf-froddo#local-main-organization-logo"},"image":{"@id":"https:\/\/somllavors.com\/es\/producte\/lonetas-de-primavera-verano-barefoot-surf-froddo#local-main-organization-logo"},"sameAs":["https:\/\/www.facebook.com\/somllavorsvng\/?locale=ca_ES","https:\/\/www.instagram.com\/somllavors_vng\/","https:\/\/www.youtube.com\/@somllavors"],"address":{"@id":"https:\/\/somllavors.com\/es\/producte\/lonetas-de-primavera-verano-barefoot-surf-froddo#local-main-place-address"},"geo":{"@type":"GeoCoordinates","latitude":"41.2257737","longitude":"1.723258859"},"telephone":["623152704","623152704"],"openingHoursSpecification":[{"@type":"OpeningHoursSpecification","dayOfWeek":["Monday","Sunday"],"opens":"00:00","closes":"00:00"},{"@type":"OpeningHoursSpecification","dayOfWeek":["Tuesday","Wednesday","Thursday","Friday"],"opens":"10:00","closes":"20:00"},{"@type":"OpeningHoursSpecification","dayOfWeek":["Saturday"],"opens":"10:00","closes":"13:30"}],"email":"info@somllavors.com"},{"@type":"PostalAddress","@id":"https:\/\/somllavors.com\/es\/producte\/lonetas-de-primavera-verano-barefoot-surf-froddo#local-main-place-address","streetAddress":"Carrer de l'aigua, 6","addressLocality":"Vilanova i la Geltr\u00fa","postalCode":"08800","addressRegion":"Barcelona","addressCountry":"ES"},{"@type":"ImageObject","inLanguage":"es","@id":"https:\/\/somllavors.com\/es\/producte\/lonetas-de-primavera-verano-barefoot-surf-froddo#local-main-organization-logo","url":"https:\/\/somllavors.com\/wp-content\/uploads\/Logotip-Som-Llavors.jpg","contentUrl":"https:\/\/somllavors.com\/wp-content\/uploads\/Logotip-Som-Llavors.jpg","width":1444,"height":1323,"caption":"Som Llavors"}]},"og_availability":"instock","product_availability":"instock","product_retailer_item_id":"G1700379-12","product_condition":"new","geo.placename":"Vilanova i la Geltr\u00fa","geo.position":{"lat":"41.2257737","long":"1.723258859"},"geo.region":"Espa\u00f1a"},"brands":[{"id":4096,"name":"Froddo","slug":"froddo"}],"_links":{"self":[{"href":"https:\/\/somllavors.com\/es\/wp-json\/wp\/v2\/product\/74649","targetHints":{"allow":["GET"]}}],"collection":[{"href":"https:\/\/somllavors.com\/es\/wp-json\/wp\/v2\/product"}],"about":[{"href":"https:\/\/somllavors.com\/es\/wp-json\/wp\/v2\/types\/product"}],"wp:featuredmedia":[{"embeddable":true,"href":"https:\/\/somllavors.com\/es\/wp-json\/wp\/v2\/media\/74525"}],"wp:attachment":[{"href":"https:\/\/somllavors.com\/es\/wp-json\/wp\/v2\/media?parent=74649"}],"wp:term":[{"taxonomy":"pwb-brand","embeddable":true,"href":"https:\/\/somllavors.com\/es\/wp-json\/wp\/v2\/pwb-brand?post=74649"},{"taxonomy":"product_brand","embeddable":true,"href":"https:\/\/somllavors.com\/es\/wp-json\/wp\/v2\/product_brand?post=74649"},{"taxonomy":"product_cat","embeddable":true,"href":"https:\/\/somllavors.com\/es\/wp-json\/wp\/v2\/product_cat?post=74649"},{"taxonomy":"product_tag","embeddable":true,"href":"https:\/\/somllavors.com\/es\/wp-json\/wp\/v2\/product_tag?post=74649"}],"curies":[{"name":"wp","href":"https:\/\/api.w.org\/{rel}","templated":true}]}}