{"id":74738,"date":"2025-03-25T15:00:29","date_gmt":"2025-03-25T14:00:29","guid":{"rendered":"https:\/\/somllavors.com\/producto\/cojin-de-lactancia-y-embarazo-big-flopsy-lino-natural-beaba\/"},"modified":"2025-03-25T15:00:29","modified_gmt":"2025-03-25T14:00:29","slug":"cojin-de-lactancia-y-embarazo-big-flopsy-lino-natural-beaba","status":"publish","type":"product","link":"https:\/\/somllavors.com\/es\/producte\/cojin-de-lactancia-y-embarazo-big-flopsy-lino-natural-beaba","title":{"rendered":"Coj\u00edn de lactancia y embarazo &#8211; Big Flopsy lino natural &#8211; B\u00e9aba"},"content":{"rendered":"<h2 class=\"c-description__title\">\u00a1La almohada que proporciona el soporte ideal!<\/h2>\n<div class=\"c-description__text\">Coj\u00edn multifuncional dise\u00f1ado para ofrecer soporte ergon\u00f3mico, esta almohada de maternidad es perfecta para acompa\u00f1ar a las futuras madres durante todo el embarazo y m\u00e1s all\u00e1. Utilizable desde el embarazo, mejora el sue\u00f1o ofreciendo una posici\u00f3n c\u00f3moda en todas las situaciones gracias al gran tama\u00f1o de 170 cm, relajando el est\u00f3mago, las piernas y la espalda. Durante la lactancia garantiza un confort \u00f3ptimo, siendo suave, suave y seguro, ideal para la alimentaci\u00f3n con biber\u00f3n o lactancia. Ayuda a reducir la tensi\u00f3n en cuello y hombros durante la lactancia, para un momento compartido de ternura y relajaci\u00f3n. Confeccionado con textiles certificados OEKOTEX Clase 1, garantiza la ausencia de sustancias nocivas para la piel, asegurando la m\u00e1xima seguridad. La almohada es desenfundable gracias a una pr\u00e1ctica cremallera y est\u00e1 rellena de microperlas ultraligeras, no t\u00f3xicas e inodoras, certificadas Toxproof. F\u00e1cil de mantener, esta almohada es desenfundable y su funda, as\u00ed como la almohada, se pueden lavar a m\u00e1quina a 30 grados, para una higiene impecable. Recargable (la bolsa de microperlas se vende por separado).       <\/div>\n","protected":false},"excerpt":{"rendered":"<h3><strong>Coj\u00edn multifunci\u00f3n:<\/strong><\/h3>\n<p>Un coj\u00edn de maternidad ergon\u00f3mico, utilizable desde el embarazo y despu\u00e9s como almohada de lactancia<\/p>\n<h3>Coj\u00edn de embarazo:<\/h3>\n<p>Mejora el sue\u00f1o proporcionando una posici\u00f3n c\u00f3moda en todas las posiciones gracias a su gran tama\u00f1o (170cm). Relaja el est\u00f3mago, las piernas y la espalda. <\/p>\n<h3>Para el beb\u00e9 lactante:<\/h3>\n<p>\u00d3ptimo confort, suave, suave y seguro, ideal para alimentar con biber\u00f3n o amamantar c\u00f3modamente. Reduce la tensi\u00f3n del cuello y los hombros durante la lactancia. <\/p>\n<h3><strong>Textiles certificados oekotex clase 1:<\/strong><\/h3>\n<p>Garantizando la ausencia de sustancias nocivas<\/p>\n<h3><strong>F\u00e1cil de cuidar:<\/strong><\/h3>\n<p>Funda desenfundable, la funda y la almohada se pueden lavar a m\u00e1quina a 30 grados.<\/p>\n","protected":false},"featured_media":74684,"template":"","meta":{"_acf_changed":false,"site-sidebar-layout":"default","site-content-layout":"","ast-site-content-layout":"default","site-content-style":"default","site-sidebar-style":"default","ast-global-header-display":"","ast-banner-title-visibility":"","ast-main-header-display":"","ast-hfb-above-header-display":"","ast-hfb-below-header-display":"","ast-hfb-mobile-header-display":"","site-post-title":"","ast-breadcrumbs-content":"","ast-featured-img":"","footer-sml-layout":"","ast-disable-related-posts":"","theme-transparent-header-meta":"default","adv-header-id-meta":"","stick-header-meta":"","header-above-stick-meta":"","header-main-stick-meta":"","header-below-stick-meta":"","astra-migrate-meta-layouts":"default","ast-page-background-enabled":"default","ast-page-background-meta":{"desktop":{"background-color":"","background-image":"","background-repeat":"repeat","background-position":"center center","background-size":"auto","background-attachment":"scroll","background-type":"","background-media":"","overlay-type":"","overlay-color":"","overlay-opacity":"","overlay-gradient":""},"tablet":{"background-color":"","background-image":"","background-repeat":"repeat","background-position":"center center","background-size":"auto","background-attachment":"scroll","background-type":"","background-media":"","overlay-type":"","overlay-color":"","overlay-opacity":"","overlay-gradient":""},"mobile":{"background-color":"","background-image":"","background-repeat":"repeat","background-position":"center center","background-size":"auto","background-attachment":"scroll","background-type":"","background-media":"","overlay-type":"","overlay-color":"","overlay-opacity":"","overlay-gradient":""}},"ast-content-background-meta":{"desktop":{"background-color":"var(--ast-global-color-5)","background-image":"","background-repeat":"repeat","background-position":"center center","background-size":"auto","background-attachment":"scroll","background-type":"","background-media":"","overlay-type":"","overlay-color":"","overlay-opacity":"","overlay-gradient":""},"tablet":{"background-color":"var(--ast-global-color-5)","background-image":"","background-repeat":"repeat","background-position":"center center","background-size":"auto","background-attachment":"scroll","background-type":"","background-media":"","overlay-type":"","overlay-color":"","overlay-opacity":"","overlay-gradient":""},"mobile":{"background-color":"var(--ast-global-color-5)","background-image":"","background-repeat":"repeat","background-position":"center center","background-size":"auto","background-attachment":"scroll","background-type":"","background-media":"","overlay-type":"","overlay-color":"","overlay-opacity":"","overlay-gradient":""}}},"pwb-brand":[4285],"product_brand":[],"product_cat":[3614,3600],"product_tag":[],"class_list":{"0":"post-74738","1":"product","2":"type-product","3":"status-publish","4":"has-post-thumbnail","6":"pwb-brand-beaba","7":"product_cat-cojin-de-maternidad","8":"product_cat-para-la-mujer","9":"desktop-align-left","10":"tablet-align-left","11":"mobile-align-left","13":"first","14":"instock","15":"taxable","16":"shipping-taxable","17":"purchasable","18":"product-type-simple"},"acf":[],"yoast_head":"<!-- This site is optimized with the Yoast SEO Premium plugin v18.3 (Yoast SEO v27.4) - https:\/\/yoast.com\/product\/yoast-seo-premium-wordpress\/ -->\n<title>Coj\u00edn de lactancia y embarazo - Big Flopsy lino natural - B\u00e9aba &#8212; Som Llavors<\/title>\n<meta name=\"description\" content=\"Coj\u00edn multifuncional dise\u00f1ado para ofrecer soporte ergon\u00f3mico, perfecto para acompa\u00f1ar a las futuras madres durante todo el embarazo y lactancia, y m\u00e1s all\u00e1\" \/>\n<meta name=\"robots\" content=\"index, follow, max-snippet:-1, max-image-preview:large, max-video-preview:-1\" \/>\n<link rel=\"canonical\" href=\"https:\/\/somllavors.com\/es\/producte\/cojin-de-lactancia-y-embarazo-big-flopsy-lino-natural-beaba\" \/>\n<meta property=\"og:locale\" content=\"es_ES\" \/>\n<meta property=\"og:type\" content=\"article\" \/>\n<meta property=\"og:title\" content=\"Coj\u00edn de lactancia y embarazo - Big Flopsy lino natural - B\u00e9aba\" \/>\n<meta property=\"og:description\" content=\"La teva botiga d\u2019ecocrian\u00e7a i espai d\u2019acompanyament a la maternitat\" \/>\n<meta property=\"og:url\" content=\"https:\/\/somllavors.com\/es\/producte\/cojin-de-lactancia-y-embarazo-big-flopsy-lino-natural-beaba\" \/>\n<meta property=\"og:site_name\" content=\"Som Llavors\" \/>\n<meta property=\"article:publisher\" content=\"https:\/\/www.facebook.com\/somllavorsvng\/?locale=ca_ES\" \/>\n<meta property=\"og:image\" content=\"https:\/\/somllavors.com\/wp-content\/uploads\/2025\/03\/915057_product_face_1-scaled.jpg\" \/>\n\t<meta property=\"og:image:width\" content=\"2560\" \/>\n\t<meta property=\"og:image:height\" content=\"1791\" \/>\n\t<meta property=\"og:image:type\" content=\"image\/jpeg\" \/>\n<meta name=\"twitter:card\" content=\"summary_large_image\" \/>\n<meta name=\"twitter:label1\" content=\"Precio\" \/>\n\t<meta name=\"twitter:data1\" content=\"80,00&euro; Iva incl\u00f2s\" \/>\n\t<meta name=\"twitter:label2\" content=\"Availability\" \/>\n\t<meta name=\"twitter:data2\" content=\"Hay existencias\" \/>\n<script type=\"application\/ld+json\" class=\"yoast-schema-graph\">{\"@context\":\"https:\\\/\\\/schema.org\",\"@graph\":[{\"@type\":\"WebPage\",\"@id\":\"https:\\\/\\\/somllavors.com\\\/es\\\/producte\\\/cojin-de-lactancia-y-embarazo-big-flopsy-lino-natural-beaba\",\"url\":\"https:\\\/\\\/somllavors.com\\\/es\\\/producte\\\/cojin-de-lactancia-y-embarazo-big-flopsy-lino-natural-beaba\",\"name\":\"Coj\u00edn de lactancia y embarazo - Big Flopsy lino natural - B\u00e9aba &#8212; Som Llavors\",\"isPartOf\":{\"@id\":\"https:\\\/\\\/somllavors.com\\\/es#website\"},\"primaryImageOfPage\":{\"@id\":\"https:\\\/\\\/somllavors.com\\\/es\\\/producte\\\/cojin-de-lactancia-y-embarazo-big-flopsy-lino-natural-beaba#primaryimage\"},\"image\":{\"@id\":\"https:\\\/\\\/somllavors.com\\\/es\\\/producte\\\/cojin-de-lactancia-y-embarazo-big-flopsy-lino-natural-beaba#primaryimage\"},\"thumbnailUrl\":\"https:\\\/\\\/somllavors.com\\\/wp-content\\\/uploads\\\/2025\\\/03\\\/915057_product_face_1-scaled.jpg\",\"datePublished\":\"2025-03-25T14:00:29+00:00\",\"description\":\"Coj\u00edn multifuncional dise\u00f1ado para ofrecer soporte ergon\u00f3mico, perfecto para acompa\u00f1ar a las futuras madres durante todo el embarazo y lactancia, y m\u00e1s all\u00e1\",\"breadcrumb\":{\"@id\":\"https:\\\/\\\/somllavors.com\\\/es\\\/producte\\\/cojin-de-lactancia-y-embarazo-big-flopsy-lino-natural-beaba#breadcrumb\"},\"inLanguage\":\"es\",\"potentialAction\":[{\"@type\":\"ReadAction\",\"target\":[\"https:\\\/\\\/somllavors.com\\\/es\\\/producte\\\/cojin-de-lactancia-y-embarazo-big-flopsy-lino-natural-beaba\"]}]},{\"@type\":\"ImageObject\",\"inLanguage\":\"es\",\"@id\":\"https:\\\/\\\/somllavors.com\\\/es\\\/producte\\\/cojin-de-lactancia-y-embarazo-big-flopsy-lino-natural-beaba#primaryimage\",\"url\":\"https:\\\/\\\/somllavors.com\\\/wp-content\\\/uploads\\\/2025\\\/03\\\/915057_product_face_1-scaled.jpg\",\"contentUrl\":\"https:\\\/\\\/somllavors.com\\\/wp-content\\\/uploads\\\/2025\\\/03\\\/915057_product_face_1-scaled.jpg\",\"width\":2560,\"height\":1791,\"caption\":\"coj\u00edn de lactancia embarazo beaba\"},{\"@type\":\"BreadcrumbList\",\"@id\":\"https:\\\/\\\/somllavors.com\\\/es\\\/producte\\\/cojin-de-lactancia-y-embarazo-big-flopsy-lino-natural-beaba#breadcrumb\",\"itemListElement\":[{\"@type\":\"ListItem\",\"position\":1,\"name\":\"Inici\",\"item\":\"https:\\\/\\\/somllavors.com\\\/es\"},{\"@type\":\"ListItem\",\"position\":2,\"name\":\"Tienda\",\"item\":\"https:\\\/\\\/somllavors.com\\\/es\\\/botiga-2\"},{\"@type\":\"ListItem\",\"position\":3,\"name\":\"Coj\u00edn de lactancia y embarazo &#8211; Big Flopsy lino natural &#8211; B\u00e9aba\"}]},{\"@type\":\"WebSite\",\"@id\":\"https:\\\/\\\/somllavors.com\\\/es#website\",\"url\":\"https:\\\/\\\/somllavors.com\\\/es\",\"name\":\"Som Llavors\",\"description\":\"Botiga de crian\u00e7a natural\",\"publisher\":{\"@id\":\"https:\\\/\\\/somllavors.com\\\/es#organization\"},\"alternateName\":\"Crian\u00e7a Natural i Sostenible\",\"potentialAction\":[{\"@type\":\"SearchAction\",\"target\":{\"@type\":\"EntryPoint\",\"urlTemplate\":\"https:\\\/\\\/somllavors.com\\\/es?s={search_term_string}\"},\"query-input\":{\"@type\":\"PropertyValueSpecification\",\"valueRequired\":true,\"valueName\":\"search_term_string\"}}],\"inLanguage\":\"es\"},{\"@type\":[\"Organization\",\"Place\",\"Store\"],\"@id\":\"https:\\\/\\\/somllavors.com\\\/es#organization\",\"name\":\"Som Llavors\",\"alternateName\":\"Crian\u00e7a Natural i Sostenible\",\"url\":\"https:\\\/\\\/somllavors.com\\\/es\",\"logo\":{\"@id\":\"https:\\\/\\\/somllavors.com\\\/es\\\/producte\\\/cojin-de-lactancia-y-embarazo-big-flopsy-lino-natural-beaba#local-main-organization-logo\"},\"image\":{\"@id\":\"https:\\\/\\\/somllavors.com\\\/es\\\/producte\\\/cojin-de-lactancia-y-embarazo-big-flopsy-lino-natural-beaba#local-main-organization-logo\"},\"sameAs\":[\"https:\\\/\\\/www.facebook.com\\\/somllavorsvng\\\/?locale=ca_ES\",\"https:\\\/\\\/www.instagram.com\\\/somllavors_vng\\\/\",\"https:\\\/\\\/www.youtube.com\\\/@somllavors\"],\"address\":{\"@id\":\"https:\\\/\\\/somllavors.com\\\/es\\\/producte\\\/cojin-de-lactancia-y-embarazo-big-flopsy-lino-natural-beaba#local-main-place-address\"},\"geo\":{\"@type\":\"GeoCoordinates\",\"latitude\":\"41.2257737\",\"longitude\":\"1.723258859\"},\"telephone\":[\"623152704\"],\"openingHoursSpecification\":[{\"@type\":\"OpeningHoursSpecification\",\"dayOfWeek\":[\"Monday\",\"Sunday\"],\"opens\":\"00:00\",\"closes\":\"00:00\"},{\"@type\":\"OpeningHoursSpecification\",\"dayOfWeek\":[\"Tuesday\",\"Wednesday\",\"Thursday\",\"Friday\"],\"opens\":\"10:00\",\"closes\":\"20:00\"},{\"@type\":\"OpeningHoursSpecification\",\"dayOfWeek\":[\"Saturday\"],\"opens\":\"10:00\",\"closes\":\"13:30\"}],\"email\":\"info@somllavors.com\"},{\"@type\":\"PostalAddress\",\"@id\":\"https:\\\/\\\/somllavors.com\\\/es\\\/producte\\\/cojin-de-lactancia-y-embarazo-big-flopsy-lino-natural-beaba#local-main-place-address\",\"streetAddress\":\"Carrer de l'aigua, 6\",\"addressLocality\":\"Vilanova i la Geltr\u00fa\",\"postalCode\":\"08800\",\"addressRegion\":\"Barcelona\",\"addressCountry\":\"ES\"},{\"@type\":\"ImageObject\",\"inLanguage\":\"es\",\"@id\":\"https:\\\/\\\/somllavors.com\\\/es\\\/producte\\\/cojin-de-lactancia-y-embarazo-big-flopsy-lino-natural-beaba#local-main-organization-logo\",\"url\":\"https:\\\/\\\/somllavors.com\\\/wp-content\\\/uploads\\\/Logotip-Som-Llavors.jpg\",\"contentUrl\":\"https:\\\/\\\/somllavors.com\\\/wp-content\\\/uploads\\\/Logotip-Som-Llavors.jpg\",\"width\":1444,\"height\":1323,\"caption\":\"Som Llavors\"}]}<\/script>\n<meta property=\"product:price:amount\" content=\"80.00\" \/>\n<meta property=\"product:price:currency\" content=\"EUR\" \/>\n<meta property=\"og:availability\" content=\"instock\" \/>\n<meta property=\"product:availability\" content=\"instock\" \/>\n<meta property=\"product:retailer_item_id\" content=\"915057\" \/>\n<meta property=\"product:condition\" content=\"new\" \/>\n<meta name=\"geo.placename\" content=\"Vilanova i la Geltr\u00fa\" \/>\n<meta name=\"geo.position\" content=\"41.2257737;1.723258859\" \/>\n<meta name=\"geo.region\" content=\"Espa\u00f1a\" \/>\n<!-- \/ Yoast SEO Premium plugin. -->","yoast_head_json":{"title":"Coj\u00edn de lactancia y embarazo - Big Flopsy lino natural - B\u00e9aba &#8212; Som Llavors","description":"Coj\u00edn multifuncional dise\u00f1ado para ofrecer soporte ergon\u00f3mico, perfecto para acompa\u00f1ar a las futuras madres durante todo el embarazo y lactancia, y m\u00e1s all\u00e1","robots":{"index":"index","follow":"follow","max-snippet":"max-snippet:-1","max-image-preview":"max-image-preview:large","max-video-preview":"max-video-preview:-1"},"canonical":"https:\/\/somllavors.com\/es\/producte\/cojin-de-lactancia-y-embarazo-big-flopsy-lino-natural-beaba","og_locale":"es_ES","og_type":"article","og_title":"Coj\u00edn de lactancia y embarazo - Big Flopsy lino natural - B\u00e9aba","og_description":"La teva botiga d\u2019ecocrian\u00e7a i espai d\u2019acompanyament a la maternitat","og_url":"https:\/\/somllavors.com\/es\/producte\/cojin-de-lactancia-y-embarazo-big-flopsy-lino-natural-beaba","og_site_name":"Som Llavors","article_publisher":"https:\/\/www.facebook.com\/somllavorsvng\/?locale=ca_ES","og_image":[{"width":2560,"height":1791,"url":"https:\/\/somllavors.com\/wp-content\/uploads\/2025\/03\/915057_product_face_1-scaled.jpg","type":"image\/jpeg"}],"twitter_card":"summary_large_image","twitter_misc":{"Precio":"80,00&euro; Iva incl\u00f2s","Availability":"Hay existencias"},"schema":{"@context":"https:\/\/schema.org","@graph":[{"@type":"WebPage","@id":"https:\/\/somllavors.com\/es\/producte\/cojin-de-lactancia-y-embarazo-big-flopsy-lino-natural-beaba","url":"https:\/\/somllavors.com\/es\/producte\/cojin-de-lactancia-y-embarazo-big-flopsy-lino-natural-beaba","name":"Coj\u00edn de lactancia y embarazo - Big Flopsy lino natural - B\u00e9aba &#8212; Som Llavors","isPartOf":{"@id":"https:\/\/somllavors.com\/es#website"},"primaryImageOfPage":{"@id":"https:\/\/somllavors.com\/es\/producte\/cojin-de-lactancia-y-embarazo-big-flopsy-lino-natural-beaba#primaryimage"},"image":{"@id":"https:\/\/somllavors.com\/es\/producte\/cojin-de-lactancia-y-embarazo-big-flopsy-lino-natural-beaba#primaryimage"},"thumbnailUrl":"https:\/\/somllavors.com\/wp-content\/uploads\/2025\/03\/915057_product_face_1-scaled.jpg","datePublished":"2025-03-25T14:00:29+00:00","description":"Coj\u00edn multifuncional dise\u00f1ado para ofrecer soporte ergon\u00f3mico, perfecto para acompa\u00f1ar a las futuras madres durante todo el embarazo y lactancia, y m\u00e1s all\u00e1","breadcrumb":{"@id":"https:\/\/somllavors.com\/es\/producte\/cojin-de-lactancia-y-embarazo-big-flopsy-lino-natural-beaba#breadcrumb"},"inLanguage":"es","potentialAction":[{"@type":"ReadAction","target":["https:\/\/somllavors.com\/es\/producte\/cojin-de-lactancia-y-embarazo-big-flopsy-lino-natural-beaba"]}]},{"@type":"ImageObject","inLanguage":"es","@id":"https:\/\/somllavors.com\/es\/producte\/cojin-de-lactancia-y-embarazo-big-flopsy-lino-natural-beaba#primaryimage","url":"https:\/\/somllavors.com\/wp-content\/uploads\/2025\/03\/915057_product_face_1-scaled.jpg","contentUrl":"https:\/\/somllavors.com\/wp-content\/uploads\/2025\/03\/915057_product_face_1-scaled.jpg","width":2560,"height":1791,"caption":"coj\u00edn de lactancia embarazo beaba"},{"@type":"BreadcrumbList","@id":"https:\/\/somllavors.com\/es\/producte\/cojin-de-lactancia-y-embarazo-big-flopsy-lino-natural-beaba#breadcrumb","itemListElement":[{"@type":"ListItem","position":1,"name":"Inici","item":"https:\/\/somllavors.com\/es"},{"@type":"ListItem","position":2,"name":"Tienda","item":"https:\/\/somllavors.com\/es\/botiga-2"},{"@type":"ListItem","position":3,"name":"Coj\u00edn de lactancia y embarazo &#8211; Big Flopsy lino natural &#8211; B\u00e9aba"}]},{"@type":"WebSite","@id":"https:\/\/somllavors.com\/es#website","url":"https:\/\/somllavors.com\/es","name":"Som Llavors","description":"Botiga de crian\u00e7a natural","publisher":{"@id":"https:\/\/somllavors.com\/es#organization"},"alternateName":"Crian\u00e7a Natural i Sostenible","potentialAction":[{"@type":"SearchAction","target":{"@type":"EntryPoint","urlTemplate":"https:\/\/somllavors.com\/es?s={search_term_string}"},"query-input":{"@type":"PropertyValueSpecification","valueRequired":true,"valueName":"search_term_string"}}],"inLanguage":"es"},{"@type":["Organization","Place","Store"],"@id":"https:\/\/somllavors.com\/es#organization","name":"Som Llavors","alternateName":"Crian\u00e7a Natural i Sostenible","url":"https:\/\/somllavors.com\/es","logo":{"@id":"https:\/\/somllavors.com\/es\/producte\/cojin-de-lactancia-y-embarazo-big-flopsy-lino-natural-beaba#local-main-organization-logo"},"image":{"@id":"https:\/\/somllavors.com\/es\/producte\/cojin-de-lactancia-y-embarazo-big-flopsy-lino-natural-beaba#local-main-organization-logo"},"sameAs":["https:\/\/www.facebook.com\/somllavorsvng\/?locale=ca_ES","https:\/\/www.instagram.com\/somllavors_vng\/","https:\/\/www.youtube.com\/@somllavors"],"address":{"@id":"https:\/\/somllavors.com\/es\/producte\/cojin-de-lactancia-y-embarazo-big-flopsy-lino-natural-beaba#local-main-place-address"},"geo":{"@type":"GeoCoordinates","latitude":"41.2257737","longitude":"1.723258859"},"telephone":["623152704","623152704"],"openingHoursSpecification":[{"@type":"OpeningHoursSpecification","dayOfWeek":["Monday","Sunday"],"opens":"00:00","closes":"00:00"},{"@type":"OpeningHoursSpecification","dayOfWeek":["Tuesday","Wednesday","Thursday","Friday"],"opens":"10:00","closes":"20:00"},{"@type":"OpeningHoursSpecification","dayOfWeek":["Saturday"],"opens":"10:00","closes":"13:30"}],"email":"info@somllavors.com"},{"@type":"PostalAddress","@id":"https:\/\/somllavors.com\/es\/producte\/cojin-de-lactancia-y-embarazo-big-flopsy-lino-natural-beaba#local-main-place-address","streetAddress":"Carrer de l'aigua, 6","addressLocality":"Vilanova i la Geltr\u00fa","postalCode":"08800","addressRegion":"Barcelona","addressCountry":"ES"},{"@type":"ImageObject","inLanguage":"es","@id":"https:\/\/somllavors.com\/es\/producte\/cojin-de-lactancia-y-embarazo-big-flopsy-lino-natural-beaba#local-main-organization-logo","url":"https:\/\/somllavors.com\/wp-content\/uploads\/Logotip-Som-Llavors.jpg","contentUrl":"https:\/\/somllavors.com\/wp-content\/uploads\/Logotip-Som-Llavors.jpg","width":1444,"height":1323,"caption":"Som Llavors"}]},"product_price_amount":"80.00","product_price_currency":"EUR","og_availability":"instock","product_availability":"instock","product_retailer_item_id":"915057","product_condition":"new","geo.placename":"Vilanova i la Geltr\u00fa","geo.position":{"lat":"41.2257737","long":"1.723258859"},"geo.region":"Espa\u00f1a"},"brands":[{"id":4285,"name":"B\u00e9aba","slug":"beaba"}],"_links":{"self":[{"href":"https:\/\/somllavors.com\/es\/wp-json\/wp\/v2\/product\/74738","targetHints":{"allow":["GET"]}}],"collection":[{"href":"https:\/\/somllavors.com\/es\/wp-json\/wp\/v2\/product"}],"about":[{"href":"https:\/\/somllavors.com\/es\/wp-json\/wp\/v2\/types\/product"}],"wp:featuredmedia":[{"embeddable":true,"href":"https:\/\/somllavors.com\/es\/wp-json\/wp\/v2\/media\/74684"}],"wp:attachment":[{"href":"https:\/\/somllavors.com\/es\/wp-json\/wp\/v2\/media?parent=74738"}],"wp:term":[{"taxonomy":"pwb-brand","embeddable":true,"href":"https:\/\/somllavors.com\/es\/wp-json\/wp\/v2\/pwb-brand?post=74738"},{"taxonomy":"product_brand","embeddable":true,"href":"https:\/\/somllavors.com\/es\/wp-json\/wp\/v2\/product_brand?post=74738"},{"taxonomy":"product_cat","embeddable":true,"href":"https:\/\/somllavors.com\/es\/wp-json\/wp\/v2\/product_cat?post=74738"},{"taxonomy":"product_tag","embeddable":true,"href":"https:\/\/somllavors.com\/es\/wp-json\/wp\/v2\/product_tag?post=74738"}],"curies":[{"name":"wp","href":"https:\/\/api.w.org\/{rel}","templated":true}]}}