{"id":74776,"date":"2025-03-25T17:16:05","date_gmt":"2025-03-25T16:16:05","guid":{"rendered":"https:\/\/somllavors.com\/producto\/babero-2-en-1-con-mangas-desmontables-savannah-bloom-beaba\/"},"modified":"2025-03-25T17:16:05","modified_gmt":"2025-03-25T16:16:05","slug":"babero-2-en-1-con-mangas-desmontables-savannah-bloom-beaba","status":"publish","type":"product","link":"https:\/\/somllavors.com\/es\/producte\/babero-2-en-1-con-mangas-desmontables-savannah-bloom-beaba","title":{"rendered":"Babero 2 en 1 con mangas desmontables Savannah bloom &#8211; B\u00e9aba"},"content":{"rendered":"<ul>\n<li><strong>PEQUE\u00d1O DE MANGAS COMPLETAS<\/strong>: protege eficazmente la ropa, perfecto para comidas o actividades creativas<\/li>\n<li><strong>2 EN 1:<\/strong> mangas desmontables para utilizar con mangas cortas<\/li>\n<li><strong>AJUSTABLE:<\/strong> uso hasta 5 a\u00f1os (3 posiciones de botones a presi\u00f3n y pu\u00f1os el\u00e1sticos).<\/li>\n<li><strong>BOLSILLO DE RECUPERACI\u00d3N PLEGABLE:<\/strong> recoge eficazmente los alimentos y se puede plegar si es necesario (actividades)<\/li>\n<li><strong>IMPERMEABLE:<\/strong> permite que el ni\u00f1o se mantenga limpio y es muy f\u00e1cil de limpiar con una esponja<\/li>\n<li><strong>MATERIAL FLEXIBLE Y LIGERO:<\/strong> libertad de movimiento para el ni\u00f1o<\/li>\n<\/ul>\n","protected":false},"excerpt":{"rendered":"<h3>\u00a1Sin l\u00edos, sin estr\u00e9s!<\/h3>\n<p>El babero con mangas evolutivas 2 en 1 de B\u00c9ABA\u00ae est\u00e1 dise\u00f1ado para proporcionar una protecci\u00f3n total a la ropa de tu hijo, ya sea durante las comidas o durante actividades creativas como dibujar y pintar. Este babero evolutivo se puede utilizar hasta los 5 a\u00f1os. <\/p>\n<p>Gracias a estas tres posiciones de botones a presi\u00f3n, es f\u00e1cil colocar y ajustar al tama\u00f1o del ni\u00f1o. Equipado con mangas desmontables, se puede utilizar en versi\u00f3n de manga corta seg\u00fan sea necesario. El bolsillo situado en la parte superior del babero recoge eficazmente los alimentos y se puede plegar cuando no sea necesario (para actividades creativas, por ejemplo).  <\/p>\n<p>Fabricado con un material suave y ligero, este babero garantiza total libertad de movimientos a tu hijo, a la vez que le proporciona comodidad gracias a los pu\u00f1os el\u00e1sticos. Para el mantenimiento s\u00f3lo es necesario limpiar el babero impermeable con una esponja h\u00fameda, tambi\u00e9n se puede lavar a m\u00e1quina a 30\u00b0 (sin utilizar secadora). <\/p>\n","protected":false},"featured_media":74772,"template":"","meta":{"_acf_changed":false,"site-sidebar-layout":"default","site-content-layout":"","ast-site-content-layout":"default","site-content-style":"default","site-sidebar-style":"default","ast-global-header-display":"","ast-banner-title-visibility":"","ast-main-header-display":"","ast-hfb-above-header-display":"","ast-hfb-below-header-display":"","ast-hfb-mobile-header-display":"","site-post-title":"","ast-breadcrumbs-content":"","ast-featured-img":"","footer-sml-layout":"","theme-transparent-header-meta":"default","adv-header-id-meta":"","stick-header-meta":"","header-above-stick-meta":"","header-main-stick-meta":"","header-below-stick-meta":"","astra-migrate-meta-layouts":"default","ast-page-background-enabled":"default","ast-page-background-meta":{"desktop":{"background-color":"","background-image":"","background-repeat":"repeat","background-position":"center center","background-size":"auto","background-attachment":"scroll","background-type":"","background-media":"","overlay-type":"","overlay-color":"","overlay-opacity":"","overlay-gradient":""},"tablet":{"background-color":"","background-image":"","background-repeat":"repeat","background-position":"center center","background-size":"auto","background-attachment":"scroll","background-type":"","background-media":"","overlay-type":"","overlay-color":"","overlay-opacity":"","overlay-gradient":""},"mobile":{"background-color":"","background-image":"","background-repeat":"repeat","background-position":"center center","background-size":"auto","background-attachment":"scroll","background-type":"","background-media":"","overlay-type":"","overlay-color":"","overlay-opacity":"","overlay-gradient":""}},"ast-content-background-meta":{"desktop":{"background-color":"var(--ast-global-color-5)","background-image":"","background-repeat":"repeat","background-position":"center center","background-size":"auto","background-attachment":"scroll","background-type":"","background-media":"","overlay-type":"","overlay-color":"","overlay-opacity":"","overlay-gradient":""},"tablet":{"background-color":"var(--ast-global-color-5)","background-image":"","background-repeat":"repeat","background-position":"center center","background-size":"auto","background-attachment":"scroll","background-type":"","background-media":"","overlay-type":"","overlay-color":"","overlay-opacity":"","overlay-gradient":""},"mobile":{"background-color":"var(--ast-global-color-5)","background-image":"","background-repeat":"repeat","background-position":"center center","background-size":"auto","background-attachment":"scroll","background-type":"","background-media":"","overlay-type":"","overlay-color":"","overlay-opacity":"","overlay-gradient":""}}},"pwb-brand":[4285],"product_brand":[],"product_cat":[3460,3457],"product_tag":[],"class_list":{"0":"post-74776","1":"product","2":"type-product","3":"status-publish","4":"has-post-thumbnail","6":"pwb-brand-beaba","7":"product_cat-baberos","8":"product_cat-botellas","9":"desktop-align-left","10":"tablet-align-left","11":"mobile-align-left","13":"first","14":"instock","15":"taxable","16":"shipping-taxable","17":"purchasable","18":"product-type-simple"},"acf":[],"yoast_head":"<!-- This site is optimized with the Yoast SEO Premium plugin v18.3 (Yoast SEO v27.4) - https:\/\/yoast.com\/product\/yoast-seo-premium-wordpress\/ -->\n<title>Babero 2 en 1 con mangas desmontables Savannah bloom - B\u00e9aba &#8212; Som Llavors<\/title>\n<meta name=\"description\" content=\"\u00a1Sin l\u00edos, sin estr\u00e9s! El babero con mangas evolutivas 2 en 1 de B\u00c9ABA\u00ae est\u00e1 dise\u00f1ado para proporcionar una protecci\u00f3n total a la ropa de tu hijo, ya sea durante las comidas o durante actividades creativas como dibujar y pintar. Este babero evolutivo se puede utilizar hasta los 5 a\u00f1os.  Gracias a estas tres posiciones de botones a presi\u00f3n, es f\u00e1cil colocar y ajustar al tama\u00f1o del ni\u00f1o. Equipado con mangas desmontables, se puede utilizar en versi\u00f3n de manga corta seg\u00fan sea necesario. El bolsillo situado en la parte superior del babero recoge eficazmente los alimentos y se puede plegar cuando no sea necesario (para actividades creativas, por ejemplo).  Fabricado con un material suave y ligero, este babero garantiza total libertad de movimientos a tu hijo, a la vez que le proporciona comodidad gracias a los pu\u00f1os el\u00e1sticos. Para el mantenimiento s\u00f3lo es necesario limpiar el babero impermeable con una esponja h\u00fameda, tambi\u00e9n se puede lavar a m\u00e1quina a 30\u00b0 (sin utilizar secadora).\" \/>\n<meta name=\"robots\" content=\"index, follow, max-snippet:-1, max-image-preview:large, max-video-preview:-1\" \/>\n<link rel=\"canonical\" href=\"https:\/\/somllavors.com\/es\/producte\/babero-2-en-1-con-mangas-desmontables-savannah-bloom-beaba\" \/>\n<meta property=\"og:locale\" content=\"es_ES\" \/>\n<meta property=\"og:type\" content=\"article\" \/>\n<meta property=\"og:title\" content=\"Babero 2 en 1 con mangas desmontables Savannah bloom - B\u00e9aba\" \/>\n<meta property=\"og:description\" content=\"La teva botiga d\u2019ecocrian\u00e7a i espai d\u2019acompanyament a la maternitat\" \/>\n<meta property=\"og:url\" content=\"https:\/\/somllavors.com\/es\/producte\/babero-2-en-1-con-mangas-desmontables-savannah-bloom-beaba\" \/>\n<meta property=\"og:site_name\" content=\"Som Llavors\" \/>\n<meta property=\"article:publisher\" content=\"https:\/\/www.facebook.com\/somllavorsvng\/?locale=ca_ES\" \/>\n<meta property=\"og:image\" content=\"https:\/\/somllavors.com\/wp-content\/uploads\/2025\/03\/6.jpg\" \/>\n\t<meta property=\"og:image:width\" content=\"1200\" \/>\n\t<meta property=\"og:image:height\" content=\"1200\" \/>\n\t<meta property=\"og:image:type\" content=\"image\/jpeg\" \/>\n<meta name=\"twitter:card\" content=\"summary_large_image\" \/>\n<meta name=\"twitter:label1\" content=\"Precio\" \/>\n\t<meta name=\"twitter:data1\" content=\"22,00&euro; Iva incl\u00f2s\" \/>\n\t<meta name=\"twitter:label2\" content=\"Availability\" \/>\n\t<meta name=\"twitter:data2\" content=\"Hay existencias\" \/>\n<script type=\"application\/ld+json\" class=\"yoast-schema-graph\">{\"@context\":\"https:\\\/\\\/schema.org\",\"@graph\":[{\"@type\":\"WebPage\",\"@id\":\"https:\\\/\\\/somllavors.com\\\/es\\\/producte\\\/babero-2-en-1-con-mangas-desmontables-savannah-bloom-beaba\",\"url\":\"https:\\\/\\\/somllavors.com\\\/es\\\/producte\\\/babero-2-en-1-con-mangas-desmontables-savannah-bloom-beaba\",\"name\":\"Babero 2 en 1 con mangas desmontables Savannah bloom - B\u00e9aba &#8212; Som Llavors\",\"isPartOf\":{\"@id\":\"https:\\\/\\\/somllavors.com\\\/es#website\"},\"primaryImageOfPage\":{\"@id\":\"https:\\\/\\\/somllavors.com\\\/es\\\/producte\\\/babero-2-en-1-con-mangas-desmontables-savannah-bloom-beaba#primaryimage\"},\"image\":{\"@id\":\"https:\\\/\\\/somllavors.com\\\/es\\\/producte\\\/babero-2-en-1-con-mangas-desmontables-savannah-bloom-beaba#primaryimage\"},\"thumbnailUrl\":\"https:\\\/\\\/somllavors.com\\\/wp-content\\\/uploads\\\/2025\\\/03\\\/6.jpg\",\"datePublished\":\"2025-03-25T16:16:05+00:00\",\"description\":\"\u00a1Sin l\u00edos, sin estr\u00e9s! El babero con mangas evolutivas 2 en 1 de B\u00c9ABA\u00ae est\u00e1 dise\u00f1ado para proporcionar una protecci\u00f3n total a la ropa de tu hijo, ya sea durante las comidas o durante actividades creativas como dibujar y pintar. Este babero evolutivo se puede utilizar hasta los 5 a\u00f1os. Gracias a estas tres posiciones de botones a presi\u00f3n, es f\u00e1cil colocar y ajustar al tama\u00f1o del ni\u00f1o. Equipado con mangas desmontables, se puede utilizar en versi\u00f3n de manga corta seg\u00fan sea necesario. El bolsillo situado en la parte superior del babero recoge eficazmente los alimentos y se puede plegar cuando no sea necesario (para actividades creativas, por ejemplo). Fabricado con un material suave y ligero, este babero garantiza total libertad de movimientos a tu hijo, a la vez que le proporciona comodidad gracias a los pu\u00f1os el\u00e1sticos. Para el mantenimiento s\u00f3lo es necesario limpiar el babero impermeable con una esponja h\u00fameda, tambi\u00e9n se puede lavar a m\u00e1quina a 30\u00b0 (sin utilizar secadora).\",\"breadcrumb\":{\"@id\":\"https:\\\/\\\/somllavors.com\\\/es\\\/producte\\\/babero-2-en-1-con-mangas-desmontables-savannah-bloom-beaba#breadcrumb\"},\"inLanguage\":\"es\",\"potentialAction\":[{\"@type\":\"ReadAction\",\"target\":[\"https:\\\/\\\/somllavors.com\\\/es\\\/producte\\\/babero-2-en-1-con-mangas-desmontables-savannah-bloom-beaba\"]}]},{\"@type\":\"ImageObject\",\"inLanguage\":\"es\",\"@id\":\"https:\\\/\\\/somllavors.com\\\/es\\\/producte\\\/babero-2-en-1-con-mangas-desmontables-savannah-bloom-beaba#primaryimage\",\"url\":\"https:\\\/\\\/somllavors.com\\\/wp-content\\\/uploads\\\/2025\\\/03\\\/6.jpg\",\"contentUrl\":\"https:\\\/\\\/somllavors.com\\\/wp-content\\\/uploads\\\/2025\\\/03\\\/6.jpg\",\"width\":1200,\"height\":1200,\"caption\":\"pitet b\u00e9aba amb m\u00e0nigues i butxaca\"},{\"@type\":\"BreadcrumbList\",\"@id\":\"https:\\\/\\\/somllavors.com\\\/es\\\/producte\\\/babero-2-en-1-con-mangas-desmontables-savannah-bloom-beaba#breadcrumb\",\"itemListElement\":[{\"@type\":\"ListItem\",\"position\":1,\"name\":\"Inici\",\"item\":\"https:\\\/\\\/somllavors.com\\\/es\"},{\"@type\":\"ListItem\",\"position\":2,\"name\":\"Tienda\",\"item\":\"https:\\\/\\\/somllavors.com\\\/es\\\/botiga-2\"},{\"@type\":\"ListItem\",\"position\":3,\"name\":\"Babero 2 en 1 con mangas desmontables Savannah bloom &#8211; B\u00e9aba\"}]},{\"@type\":\"WebSite\",\"@id\":\"https:\\\/\\\/somllavors.com\\\/es#website\",\"url\":\"https:\\\/\\\/somllavors.com\\\/es\",\"name\":\"Som Llavors\",\"description\":\"Botiga de crian\u00e7a natural\",\"publisher\":{\"@id\":\"https:\\\/\\\/somllavors.com\\\/es#organization\"},\"alternateName\":\"Crian\u00e7a Natural i Sostenible\",\"potentialAction\":[{\"@type\":\"SearchAction\",\"target\":{\"@type\":\"EntryPoint\",\"urlTemplate\":\"https:\\\/\\\/somllavors.com\\\/es?s={search_term_string}\"},\"query-input\":{\"@type\":\"PropertyValueSpecification\",\"valueRequired\":true,\"valueName\":\"search_term_string\"}}],\"inLanguage\":\"es\"},{\"@type\":[\"Organization\",\"Place\",\"Store\"],\"@id\":\"https:\\\/\\\/somllavors.com\\\/es#organization\",\"name\":\"Som Llavors\",\"alternateName\":\"Crian\u00e7a Natural i Sostenible\",\"url\":\"https:\\\/\\\/somllavors.com\\\/es\",\"logo\":{\"@id\":\"https:\\\/\\\/somllavors.com\\\/es\\\/producte\\\/babero-2-en-1-con-mangas-desmontables-savannah-bloom-beaba#local-main-organization-logo\"},\"image\":{\"@id\":\"https:\\\/\\\/somllavors.com\\\/es\\\/producte\\\/babero-2-en-1-con-mangas-desmontables-savannah-bloom-beaba#local-main-organization-logo\"},\"sameAs\":[\"https:\\\/\\\/www.facebook.com\\\/somllavorsvng\\\/?locale=ca_ES\",\"https:\\\/\\\/www.instagram.com\\\/somllavors_vng\\\/\",\"https:\\\/\\\/www.youtube.com\\\/@somllavors\"],\"address\":{\"@id\":\"https:\\\/\\\/somllavors.com\\\/es\\\/producte\\\/babero-2-en-1-con-mangas-desmontables-savannah-bloom-beaba#local-main-place-address\"},\"geo\":{\"@type\":\"GeoCoordinates\",\"latitude\":\"41.2257737\",\"longitude\":\"1.723258859\"},\"telephone\":[\"623152704\"],\"openingHoursSpecification\":[{\"@type\":\"OpeningHoursSpecification\",\"dayOfWeek\":[\"Monday\",\"Sunday\"],\"opens\":\"00:00\",\"closes\":\"00:00\"},{\"@type\":\"OpeningHoursSpecification\",\"dayOfWeek\":[\"Tuesday\",\"Wednesday\",\"Thursday\",\"Friday\"],\"opens\":\"10:00\",\"closes\":\"20:00\"},{\"@type\":\"OpeningHoursSpecification\",\"dayOfWeek\":[\"Saturday\"],\"opens\":\"10:00\",\"closes\":\"13:30\"}],\"email\":\"info@somllavors.com\"},{\"@type\":\"PostalAddress\",\"@id\":\"https:\\\/\\\/somllavors.com\\\/es\\\/producte\\\/babero-2-en-1-con-mangas-desmontables-savannah-bloom-beaba#local-main-place-address\",\"streetAddress\":\"Carrer de l'aigua, 6\",\"addressLocality\":\"Vilanova i la Geltr\u00fa\",\"postalCode\":\"08800\",\"addressRegion\":\"Barcelona\",\"addressCountry\":\"ES\"},{\"@type\":\"ImageObject\",\"inLanguage\":\"es\",\"@id\":\"https:\\\/\\\/somllavors.com\\\/es\\\/producte\\\/babero-2-en-1-con-mangas-desmontables-savannah-bloom-beaba#local-main-organization-logo\",\"url\":\"https:\\\/\\\/somllavors.com\\\/wp-content\\\/uploads\\\/Logotip-Som-Llavors.jpg\",\"contentUrl\":\"https:\\\/\\\/somllavors.com\\\/wp-content\\\/uploads\\\/Logotip-Som-Llavors.jpg\",\"width\":1444,\"height\":1323,\"caption\":\"Som Llavors\"}]}<\/script>\n<meta property=\"product:price:amount\" content=\"22.00\" \/>\n<meta property=\"product:price:currency\" content=\"EUR\" \/>\n<meta property=\"og:availability\" content=\"instock\" \/>\n<meta property=\"product:availability\" content=\"instock\" \/>\n<meta property=\"product:retailer_item_id\" content=\"913597\" \/>\n<meta property=\"product:condition\" content=\"new\" \/>\n<meta name=\"geo.placename\" content=\"Vilanova i la Geltr\u00fa\" \/>\n<meta name=\"geo.position\" content=\"41.2257737;1.723258859\" \/>\n<meta name=\"geo.region\" content=\"Espa\u00f1a\" \/>\n<!-- \/ Yoast SEO Premium plugin. -->","yoast_head_json":{"title":"Babero 2 en 1 con mangas desmontables Savannah bloom - B\u00e9aba &#8212; Som Llavors","description":"\u00a1Sin l\u00edos, sin estr\u00e9s! El babero con mangas evolutivas 2 en 1 de B\u00c9ABA\u00ae est\u00e1 dise\u00f1ado para proporcionar una protecci\u00f3n total a la ropa de tu hijo, ya sea durante las comidas o durante actividades creativas como dibujar y pintar. Este babero evolutivo se puede utilizar hasta los 5 a\u00f1os.  Gracias a estas tres posiciones de botones a presi\u00f3n, es f\u00e1cil colocar y ajustar al tama\u00f1o del ni\u00f1o. Equipado con mangas desmontables, se puede utilizar en versi\u00f3n de manga corta seg\u00fan sea necesario. El bolsillo situado en la parte superior del babero recoge eficazmente los alimentos y se puede plegar cuando no sea necesario (para actividades creativas, por ejemplo).  Fabricado con un material suave y ligero, este babero garantiza total libertad de movimientos a tu hijo, a la vez que le proporciona comodidad gracias a los pu\u00f1os el\u00e1sticos. Para el mantenimiento s\u00f3lo es necesario limpiar el babero impermeable con una esponja h\u00fameda, tambi\u00e9n se puede lavar a m\u00e1quina a 30\u00b0 (sin utilizar secadora).","robots":{"index":"index","follow":"follow","max-snippet":"max-snippet:-1","max-image-preview":"max-image-preview:large","max-video-preview":"max-video-preview:-1"},"canonical":"https:\/\/somllavors.com\/es\/producte\/babero-2-en-1-con-mangas-desmontables-savannah-bloom-beaba","og_locale":"es_ES","og_type":"article","og_title":"Babero 2 en 1 con mangas desmontables Savannah bloom - B\u00e9aba","og_description":"La teva botiga d\u2019ecocrian\u00e7a i espai d\u2019acompanyament a la maternitat","og_url":"https:\/\/somllavors.com\/es\/producte\/babero-2-en-1-con-mangas-desmontables-savannah-bloom-beaba","og_site_name":"Som Llavors","article_publisher":"https:\/\/www.facebook.com\/somllavorsvng\/?locale=ca_ES","og_image":[{"width":1200,"height":1200,"url":"https:\/\/somllavors.com\/wp-content\/uploads\/2025\/03\/6.jpg","type":"image\/jpeg"}],"twitter_card":"summary_large_image","twitter_misc":{"Precio":"22,00&euro; Iva incl\u00f2s","Availability":"Hay existencias"},"schema":{"@context":"https:\/\/schema.org","@graph":[{"@type":"WebPage","@id":"https:\/\/somllavors.com\/es\/producte\/babero-2-en-1-con-mangas-desmontables-savannah-bloom-beaba","url":"https:\/\/somllavors.com\/es\/producte\/babero-2-en-1-con-mangas-desmontables-savannah-bloom-beaba","name":"Babero 2 en 1 con mangas desmontables Savannah bloom - B\u00e9aba &#8212; Som Llavors","isPartOf":{"@id":"https:\/\/somllavors.com\/es#website"},"primaryImageOfPage":{"@id":"https:\/\/somllavors.com\/es\/producte\/babero-2-en-1-con-mangas-desmontables-savannah-bloom-beaba#primaryimage"},"image":{"@id":"https:\/\/somllavors.com\/es\/producte\/babero-2-en-1-con-mangas-desmontables-savannah-bloom-beaba#primaryimage"},"thumbnailUrl":"https:\/\/somllavors.com\/wp-content\/uploads\/2025\/03\/6.jpg","datePublished":"2025-03-25T16:16:05+00:00","description":"\u00a1Sin l\u00edos, sin estr\u00e9s! El babero con mangas evolutivas 2 en 1 de B\u00c9ABA\u00ae est\u00e1 dise\u00f1ado para proporcionar una protecci\u00f3n total a la ropa de tu hijo, ya sea durante las comidas o durante actividades creativas como dibujar y pintar. Este babero evolutivo se puede utilizar hasta los 5 a\u00f1os. Gracias a estas tres posiciones de botones a presi\u00f3n, es f\u00e1cil colocar y ajustar al tama\u00f1o del ni\u00f1o. Equipado con mangas desmontables, se puede utilizar en versi\u00f3n de manga corta seg\u00fan sea necesario. El bolsillo situado en la parte superior del babero recoge eficazmente los alimentos y se puede plegar cuando no sea necesario (para actividades creativas, por ejemplo). Fabricado con un material suave y ligero, este babero garantiza total libertad de movimientos a tu hijo, a la vez que le proporciona comodidad gracias a los pu\u00f1os el\u00e1sticos. Para el mantenimiento s\u00f3lo es necesario limpiar el babero impermeable con una esponja h\u00fameda, tambi\u00e9n se puede lavar a m\u00e1quina a 30\u00b0 (sin utilizar secadora).","breadcrumb":{"@id":"https:\/\/somllavors.com\/es\/producte\/babero-2-en-1-con-mangas-desmontables-savannah-bloom-beaba#breadcrumb"},"inLanguage":"es","potentialAction":[{"@type":"ReadAction","target":["https:\/\/somllavors.com\/es\/producte\/babero-2-en-1-con-mangas-desmontables-savannah-bloom-beaba"]}]},{"@type":"ImageObject","inLanguage":"es","@id":"https:\/\/somllavors.com\/es\/producte\/babero-2-en-1-con-mangas-desmontables-savannah-bloom-beaba#primaryimage","url":"https:\/\/somllavors.com\/wp-content\/uploads\/2025\/03\/6.jpg","contentUrl":"https:\/\/somllavors.com\/wp-content\/uploads\/2025\/03\/6.jpg","width":1200,"height":1200,"caption":"pitet b\u00e9aba amb m\u00e0nigues i butxaca"},{"@type":"BreadcrumbList","@id":"https:\/\/somllavors.com\/es\/producte\/babero-2-en-1-con-mangas-desmontables-savannah-bloom-beaba#breadcrumb","itemListElement":[{"@type":"ListItem","position":1,"name":"Inici","item":"https:\/\/somllavors.com\/es"},{"@type":"ListItem","position":2,"name":"Tienda","item":"https:\/\/somllavors.com\/es\/botiga-2"},{"@type":"ListItem","position":3,"name":"Babero 2 en 1 con mangas desmontables Savannah bloom &#8211; B\u00e9aba"}]},{"@type":"WebSite","@id":"https:\/\/somllavors.com\/es#website","url":"https:\/\/somllavors.com\/es","name":"Som Llavors","description":"Botiga de crian\u00e7a natural","publisher":{"@id":"https:\/\/somllavors.com\/es#organization"},"alternateName":"Crian\u00e7a Natural i Sostenible","potentialAction":[{"@type":"SearchAction","target":{"@type":"EntryPoint","urlTemplate":"https:\/\/somllavors.com\/es?s={search_term_string}"},"query-input":{"@type":"PropertyValueSpecification","valueRequired":true,"valueName":"search_term_string"}}],"inLanguage":"es"},{"@type":["Organization","Place","Store"],"@id":"https:\/\/somllavors.com\/es#organization","name":"Som Llavors","alternateName":"Crian\u00e7a Natural i Sostenible","url":"https:\/\/somllavors.com\/es","logo":{"@id":"https:\/\/somllavors.com\/es\/producte\/babero-2-en-1-con-mangas-desmontables-savannah-bloom-beaba#local-main-organization-logo"},"image":{"@id":"https:\/\/somllavors.com\/es\/producte\/babero-2-en-1-con-mangas-desmontables-savannah-bloom-beaba#local-main-organization-logo"},"sameAs":["https:\/\/www.facebook.com\/somllavorsvng\/?locale=ca_ES","https:\/\/www.instagram.com\/somllavors_vng\/","https:\/\/www.youtube.com\/@somllavors"],"address":{"@id":"https:\/\/somllavors.com\/es\/producte\/babero-2-en-1-con-mangas-desmontables-savannah-bloom-beaba#local-main-place-address"},"geo":{"@type":"GeoCoordinates","latitude":"41.2257737","longitude":"1.723258859"},"telephone":["623152704","623152704"],"openingHoursSpecification":[{"@type":"OpeningHoursSpecification","dayOfWeek":["Monday","Sunday"],"opens":"00:00","closes":"00:00"},{"@type":"OpeningHoursSpecification","dayOfWeek":["Tuesday","Wednesday","Thursday","Friday"],"opens":"10:00","closes":"20:00"},{"@type":"OpeningHoursSpecification","dayOfWeek":["Saturday"],"opens":"10:00","closes":"13:30"}],"email":"info@somllavors.com"},{"@type":"PostalAddress","@id":"https:\/\/somllavors.com\/es\/producte\/babero-2-en-1-con-mangas-desmontables-savannah-bloom-beaba#local-main-place-address","streetAddress":"Carrer de l'aigua, 6","addressLocality":"Vilanova i la Geltr\u00fa","postalCode":"08800","addressRegion":"Barcelona","addressCountry":"ES"},{"@type":"ImageObject","inLanguage":"es","@id":"https:\/\/somllavors.com\/es\/producte\/babero-2-en-1-con-mangas-desmontables-savannah-bloom-beaba#local-main-organization-logo","url":"https:\/\/somllavors.com\/wp-content\/uploads\/Logotip-Som-Llavors.jpg","contentUrl":"https:\/\/somllavors.com\/wp-content\/uploads\/Logotip-Som-Llavors.jpg","width":1444,"height":1323,"caption":"Som Llavors"}]},"product_price_amount":"22.00","product_price_currency":"EUR","og_availability":"instock","product_availability":"instock","product_retailer_item_id":"913597","product_condition":"new","geo.placename":"Vilanova i la Geltr\u00fa","geo.position":{"lat":"41.2257737","long":"1.723258859"},"geo.region":"Espa\u00f1a"},"brands":[{"id":4285,"name":"B\u00e9aba","slug":"beaba"}],"_links":{"self":[{"href":"https:\/\/somllavors.com\/es\/wp-json\/wp\/v2\/product\/74776","targetHints":{"allow":["GET"]}}],"collection":[{"href":"https:\/\/somllavors.com\/es\/wp-json\/wp\/v2\/product"}],"about":[{"href":"https:\/\/somllavors.com\/es\/wp-json\/wp\/v2\/types\/product"}],"wp:featuredmedia":[{"embeddable":true,"href":"https:\/\/somllavors.com\/es\/wp-json\/wp\/v2\/media\/74772"}],"wp:attachment":[{"href":"https:\/\/somllavors.com\/es\/wp-json\/wp\/v2\/media?parent=74776"}],"wp:term":[{"taxonomy":"pwb-brand","embeddable":true,"href":"https:\/\/somllavors.com\/es\/wp-json\/wp\/v2\/pwb-brand?post=74776"},{"taxonomy":"product_brand","embeddable":true,"href":"https:\/\/somllavors.com\/es\/wp-json\/wp\/v2\/product_brand?post=74776"},{"taxonomy":"product_cat","embeddable":true,"href":"https:\/\/somllavors.com\/es\/wp-json\/wp\/v2\/product_cat?post=74776"},{"taxonomy":"product_tag","embeddable":true,"href":"https:\/\/somllavors.com\/es\/wp-json\/wp\/v2\/product_tag?post=74776"}],"curies":[{"name":"wp","href":"https:\/\/api.w.org\/{rel}","templated":true}]}}