{"id":75091,"date":"2025-03-29T13:09:25","date_gmt":"2025-03-29T12:09:25","guid":{"rendered":"https:\/\/somllavors.com\/producto\/juego-de-adaptadores-para-silla-de-coche-joolz-day%e2%81%b5\/"},"modified":"2025-10-13T01:27:55","modified_gmt":"2025-10-12T23:27:55","slug":"juego-de-adaptadores-para-silla-de-coche-joolz-day%e2%81%b5","status":"publish","type":"product","link":"https:\/\/somllavors.com\/es\/producte\/juego-de-adaptadores-para-silla-de-coche-joolz-day%e2%81%b5","title":{"rendered":"Juego de adaptadores para silla de coche &#8211; Joolz Day\u2075"},"content":{"rendered":"<h3 class=\"compatiblity-title\">Compatible con:<\/h3>\n<div class=\"jlz-chip--wrapper\"><span class=\"jlz-chip\"> Joolz Day5<\/span><\/div>\n","protected":false},"excerpt":{"rendered":"<p>Regla n\u00famero uno para familias felices: no interrumpir nunca el sue\u00f1o placentero del beb\u00e9. Estos adaptadores para silla de coche Joolz te ofrecen la flexibilidad necesaria para pasar del coche a la cafeter\u00eda mientras tu beb\u00e9 sigue durmiendo tranquilamente. Basta con fijar los adaptadores en el chasis de tu cochecito para transformar tu Joolz Joolz Day5 en un sistema de viaje que funciona pr\u00e1cticamente con todas las sillas de coche. Ahora puedes sacar r\u00e1pida y f\u00e1cilmente la silla de coche con tu beb\u00e9 durmiendo y colocarla en tu cochecito. Basta con fijar tu silla de coche en el chasis y estar\u00e1s listo para seguir recorriendo mundo.    <\/p>\n","protected":false},"featured_media":75027,"template":"","meta":{"_acf_changed":false,"site-sidebar-layout":"default","site-content-layout":"","ast-site-content-layout":"default","site-content-style":"default","site-sidebar-style":"default","ast-global-header-display":"","ast-banner-title-visibility":"","ast-main-header-display":"","ast-hfb-above-header-display":"","ast-hfb-below-header-display":"","ast-hfb-mobile-header-display":"","site-post-title":"","ast-breadcrumbs-content":"","ast-featured-img":"","footer-sml-layout":"","ast-disable-related-posts":"","theme-transparent-header-meta":"default","adv-header-id-meta":"","stick-header-meta":"","header-above-stick-meta":"","header-main-stick-meta":"","header-below-stick-meta":"","astra-migrate-meta-layouts":"default","ast-page-background-enabled":"default","ast-page-background-meta":{"desktop":{"background-color":"","background-image":"","background-repeat":"repeat","background-position":"center center","background-size":"auto","background-attachment":"scroll","background-type":"","background-media":"","overlay-type":"","overlay-color":"","overlay-opacity":"","overlay-gradient":""},"tablet":{"background-color":"","background-image":"","background-repeat":"repeat","background-position":"center center","background-size":"auto","background-attachment":"scroll","background-type":"","background-media":"","overlay-type":"","overlay-color":"","overlay-opacity":"","overlay-gradient":""},"mobile":{"background-color":"","background-image":"","background-repeat":"repeat","background-position":"center center","background-size":"auto","background-attachment":"scroll","background-type":"","background-media":"","overlay-type":"","overlay-color":"","overlay-opacity":"","overlay-gradient":""}},"ast-content-background-meta":{"desktop":{"background-color":"var(--ast-global-color-5)","background-image":"","background-repeat":"repeat","background-position":"center center","background-size":"auto","background-attachment":"scroll","background-type":"","background-media":"","overlay-type":"","overlay-color":"","overlay-opacity":"","overlay-gradient":""},"tablet":{"background-color":"var(--ast-global-color-5)","background-image":"","background-repeat":"repeat","background-position":"center center","background-size":"auto","background-attachment":"scroll","background-type":"","background-media":"","overlay-type":"","overlay-color":"","overlay-opacity":"","overlay-gradient":""},"mobile":{"background-color":"var(--ast-global-color-5)","background-image":"","background-repeat":"repeat","background-position":"center center","background-size":"auto","background-attachment":"scroll","background-type":"","background-media":"","overlay-type":"","overlay-color":"","overlay-opacity":"","overlay-gradient":""}}},"pwb-brand":[4305],"product_brand":[],"product_cat":[3815,4616,4617],"product_tag":[],"class_list":{"0":"post-75091","1":"product","2":"type-product","3":"status-publish","4":"has-post-thumbnail","6":"pwb-brand-joolz-cotxets","7":"product_cat-accesorios-es-2","8":"product_cat-accesorios-de-carritos","9":"product_cat-joolz-es","10":"desktop-align-left","11":"tablet-align-left","12":"mobile-align-left","14":"first","15":"instock","16":"taxable","17":"shipping-taxable","18":"purchasable","19":"product-type-simple"},"acf":[],"yoast_head":"<!-- This site is optimized with the Yoast SEO Premium plugin v18.3 (Yoast SEO v27.4) - https:\/\/yoast.com\/product\/yoast-seo-premium-wordpress\/ -->\n<title>Juego de adaptadores para silla de coche - Joolz Day\u2075 &#8212; Som Llavors<\/title>\n<meta name=\"description\" content=\"No interrumpas el sue\u00f1o de tu ni\u00f1o cuando llegues a tu destino en coche. \u00a1Aprovecha el chasis de tu Joolz para moverte con comodidad!\" \/>\n<meta name=\"robots\" content=\"index, follow, max-snippet:-1, max-image-preview:large, max-video-preview:-1\" \/>\n<link rel=\"canonical\" href=\"https:\/\/somllavors.com\/es\/producte\/juego-de-adaptadores-para-silla-de-coche-joolz-day%e2%81%b5\" \/>\n<meta property=\"og:locale\" content=\"es_ES\" \/>\n<meta property=\"og:type\" content=\"article\" \/>\n<meta property=\"og:title\" content=\"Juego de adaptadores para silla de coche - Joolz Day\u2075\" \/>\n<meta property=\"og:description\" content=\"La teva botiga d\u2019ecocrian\u00e7a i espai d\u2019acompanyament a la maternitat\" \/>\n<meta property=\"og:url\" content=\"https:\/\/somllavors.com\/es\/producte\/juego-de-adaptadores-para-silla-de-coche-joolz-day%e2%81%b5\" \/>\n<meta property=\"og:site_name\" content=\"Som Llavors\" \/>\n<meta property=\"article:publisher\" content=\"https:\/\/www.facebook.com\/somllavorsvng\/?locale=ca_ES\" \/>\n<meta property=\"article:modified_time\" content=\"2025-10-12T23:27:55+00:00\" \/>\n<meta property=\"og:image\" content=\"https:\/\/somllavors.com\/wp-content\/uploads\/2025\/03\/Som-Llavors-560026_joolz_day5_carseatadapters_01.jpg\" \/>\n\t<meta property=\"og:image:width\" content=\"992\" \/>\n\t<meta property=\"og:image:height\" content=\"992\" \/>\n\t<meta property=\"og:image:type\" content=\"image\/jpeg\" \/>\n<meta name=\"twitter:card\" content=\"summary_large_image\" \/>\n<meta name=\"twitter:label1\" content=\"Precio\" \/>\n\t<meta name=\"twitter:data1\" content=\"49,95&euro; Iva incl\u00f2s\" \/>\n\t<meta name=\"twitter:label2\" content=\"Availability\" \/>\n\t<meta name=\"twitter:data2\" content=\"Hay existencias\" \/>\n<script type=\"application\/ld+json\" class=\"yoast-schema-graph\">{\"@context\":\"https:\\\/\\\/schema.org\",\"@graph\":[{\"@type\":\"WebPage\",\"@id\":\"https:\\\/\\\/somllavors.com\\\/es\\\/producte\\\/juego-de-adaptadores-para-silla-de-coche-joolz-day%e2%81%b5\",\"url\":\"https:\\\/\\\/somllavors.com\\\/es\\\/producte\\\/juego-de-adaptadores-para-silla-de-coche-joolz-day%e2%81%b5\",\"name\":\"Juego de adaptadores para silla de coche - Joolz Day\u2075 &#8212; Som Llavors\",\"isPartOf\":{\"@id\":\"https:\\\/\\\/somllavors.com\\\/es#website\"},\"primaryImageOfPage\":{\"@id\":\"https:\\\/\\\/somllavors.com\\\/es\\\/producte\\\/juego-de-adaptadores-para-silla-de-coche-joolz-day%e2%81%b5#primaryimage\"},\"image\":{\"@id\":\"https:\\\/\\\/somllavors.com\\\/es\\\/producte\\\/juego-de-adaptadores-para-silla-de-coche-joolz-day%e2%81%b5#primaryimage\"},\"thumbnailUrl\":\"https:\\\/\\\/somllavors.com\\\/wp-content\\\/uploads\\\/2025\\\/03\\\/Som-Llavors-560026_joolz_day5_carseatadapters_01.jpg\",\"datePublished\":\"2025-03-29T12:09:25+00:00\",\"dateModified\":\"2025-10-12T23:27:55+00:00\",\"description\":\"No interrumpas el sue\u00f1o de tu ni\u00f1o cuando llegues a tu destino en coche. \u00a1Aprovecha el chasis de tu Joolz para moverte con comodidad!\",\"breadcrumb\":{\"@id\":\"https:\\\/\\\/somllavors.com\\\/es\\\/producte\\\/juego-de-adaptadores-para-silla-de-coche-joolz-day%e2%81%b5#breadcrumb\"},\"inLanguage\":\"es\",\"potentialAction\":[{\"@type\":\"ReadAction\",\"target\":[\"https:\\\/\\\/somllavors.com\\\/es\\\/producte\\\/juego-de-adaptadores-para-silla-de-coche-joolz-day%e2%81%b5\"]}]},{\"@type\":\"ImageObject\",\"inLanguage\":\"es\",\"@id\":\"https:\\\/\\\/somllavors.com\\\/es\\\/producte\\\/juego-de-adaptadores-para-silla-de-coche-joolz-day%e2%81%b5#primaryimage\",\"url\":\"https:\\\/\\\/somllavors.com\\\/wp-content\\\/uploads\\\/2025\\\/03\\\/Som-Llavors-560026_joolz_day5_carseatadapters_01.jpg\",\"contentUrl\":\"https:\\\/\\\/somllavors.com\\\/wp-content\\\/uploads\\\/2025\\\/03\\\/Som-Llavors-560026_joolz_day5_carseatadapters_01.jpg\",\"width\":992,\"height\":992,\"caption\":\"adaptadores silla coche joolz day 5\"},{\"@type\":\"BreadcrumbList\",\"@id\":\"https:\\\/\\\/somllavors.com\\\/es\\\/producte\\\/juego-de-adaptadores-para-silla-de-coche-joolz-day%e2%81%b5#breadcrumb\",\"itemListElement\":[{\"@type\":\"ListItem\",\"position\":1,\"name\":\"Inici\",\"item\":\"https:\\\/\\\/somllavors.com\\\/es\"},{\"@type\":\"ListItem\",\"position\":2,\"name\":\"Tienda\",\"item\":\"https:\\\/\\\/somllavors.com\\\/es\\\/botiga-2\"},{\"@type\":\"ListItem\",\"position\":3,\"name\":\"Juego de adaptadores para silla de coche &#8211; Joolz Day\u2075\"}]},{\"@type\":\"WebSite\",\"@id\":\"https:\\\/\\\/somllavors.com\\\/es#website\",\"url\":\"https:\\\/\\\/somllavors.com\\\/es\",\"name\":\"Som Llavors\",\"description\":\"Botiga de crian\u00e7a natural\",\"publisher\":{\"@id\":\"https:\\\/\\\/somllavors.com\\\/es#organization\"},\"alternateName\":\"Crian\u00e7a Natural i Sostenible\",\"potentialAction\":[{\"@type\":\"SearchAction\",\"target\":{\"@type\":\"EntryPoint\",\"urlTemplate\":\"https:\\\/\\\/somllavors.com\\\/es?s={search_term_string}\"},\"query-input\":{\"@type\":\"PropertyValueSpecification\",\"valueRequired\":true,\"valueName\":\"search_term_string\"}}],\"inLanguage\":\"es\"},{\"@type\":[\"Organization\",\"Place\",\"Store\"],\"@id\":\"https:\\\/\\\/somllavors.com\\\/es#organization\",\"name\":\"Som Llavors\",\"alternateName\":\"Crian\u00e7a Natural i Sostenible\",\"url\":\"https:\\\/\\\/somllavors.com\\\/es\",\"logo\":{\"@id\":\"https:\\\/\\\/somllavors.com\\\/es\\\/producte\\\/juego-de-adaptadores-para-silla-de-coche-joolz-day%e2%81%b5#local-main-organization-logo\"},\"image\":{\"@id\":\"https:\\\/\\\/somllavors.com\\\/es\\\/producte\\\/juego-de-adaptadores-para-silla-de-coche-joolz-day%e2%81%b5#local-main-organization-logo\"},\"sameAs\":[\"https:\\\/\\\/www.facebook.com\\\/somllavorsvng\\\/?locale=ca_ES\",\"https:\\\/\\\/www.instagram.com\\\/somllavors_vng\\\/\",\"https:\\\/\\\/www.youtube.com\\\/@somllavors\"],\"address\":{\"@id\":\"https:\\\/\\\/somllavors.com\\\/es\\\/producte\\\/juego-de-adaptadores-para-silla-de-coche-joolz-day%e2%81%b5#local-main-place-address\"},\"geo\":{\"@type\":\"GeoCoordinates\",\"latitude\":\"41.2257737\",\"longitude\":\"1.723258859\"},\"telephone\":[\"623152704\"],\"openingHoursSpecification\":[{\"@type\":\"OpeningHoursSpecification\",\"dayOfWeek\":[\"Monday\",\"Sunday\"],\"opens\":\"00:00\",\"closes\":\"00:00\"},{\"@type\":\"OpeningHoursSpecification\",\"dayOfWeek\":[\"Tuesday\",\"Wednesday\",\"Thursday\",\"Friday\"],\"opens\":\"10:00\",\"closes\":\"20:00\"},{\"@type\":\"OpeningHoursSpecification\",\"dayOfWeek\":[\"Saturday\"],\"opens\":\"10:00\",\"closes\":\"13:30\"}],\"email\":\"info@somllavors.com\"},{\"@type\":\"PostalAddress\",\"@id\":\"https:\\\/\\\/somllavors.com\\\/es\\\/producte\\\/juego-de-adaptadores-para-silla-de-coche-joolz-day%e2%81%b5#local-main-place-address\",\"streetAddress\":\"Carrer de l'aigua, 6\",\"addressLocality\":\"Vilanova i la Geltr\u00fa\",\"postalCode\":\"08800\",\"addressRegion\":\"Barcelona\",\"addressCountry\":\"ES\"},{\"@type\":\"ImageObject\",\"inLanguage\":\"es\",\"@id\":\"https:\\\/\\\/somllavors.com\\\/es\\\/producte\\\/juego-de-adaptadores-para-silla-de-coche-joolz-day%e2%81%b5#local-main-organization-logo\",\"url\":\"https:\\\/\\\/somllavors.com\\\/wp-content\\\/uploads\\\/Logotip-Som-Llavors.jpg\",\"contentUrl\":\"https:\\\/\\\/somllavors.com\\\/wp-content\\\/uploads\\\/Logotip-Som-Llavors.jpg\",\"width\":1444,\"height\":1323,\"caption\":\"Som Llavors\"}]}<\/script>\n<meta property=\"product:price:amount\" content=\"49.95\" \/>\n<meta property=\"product:price:currency\" content=\"EUR\" \/>\n<meta property=\"og:availability\" content=\"instock\" \/>\n<meta property=\"product:availability\" content=\"instock\" \/>\n<meta property=\"product:retailer_item_id\" content=\"560026\" \/>\n<meta property=\"product:condition\" content=\"new\" \/>\n<meta name=\"geo.placename\" content=\"Vilanova i la Geltr\u00fa\" \/>\n<meta name=\"geo.position\" content=\"41.2257737;1.723258859\" \/>\n<meta name=\"geo.region\" content=\"Espa\u00f1a\" \/>\n<!-- \/ Yoast SEO Premium plugin. -->","yoast_head_json":{"title":"Juego de adaptadores para silla de coche - Joolz Day\u2075 &#8212; Som Llavors","description":"No interrumpas el sue\u00f1o de tu ni\u00f1o cuando llegues a tu destino en coche. \u00a1Aprovecha el chasis de tu Joolz para moverte con comodidad!","robots":{"index":"index","follow":"follow","max-snippet":"max-snippet:-1","max-image-preview":"max-image-preview:large","max-video-preview":"max-video-preview:-1"},"canonical":"https:\/\/somllavors.com\/es\/producte\/juego-de-adaptadores-para-silla-de-coche-joolz-day%e2%81%b5","og_locale":"es_ES","og_type":"article","og_title":"Juego de adaptadores para silla de coche - Joolz Day\u2075","og_description":"La teva botiga d\u2019ecocrian\u00e7a i espai d\u2019acompanyament a la maternitat","og_url":"https:\/\/somllavors.com\/es\/producte\/juego-de-adaptadores-para-silla-de-coche-joolz-day%e2%81%b5","og_site_name":"Som Llavors","article_publisher":"https:\/\/www.facebook.com\/somllavorsvng\/?locale=ca_ES","article_modified_time":"2025-10-12T23:27:55+00:00","og_image":[{"width":992,"height":992,"url":"https:\/\/somllavors.com\/wp-content\/uploads\/2025\/03\/Som-Llavors-560026_joolz_day5_carseatadapters_01.jpg","type":"image\/jpeg"}],"twitter_card":"summary_large_image","twitter_misc":{"Precio":"49,95&euro; Iva incl\u00f2s","Availability":"Hay existencias"},"schema":{"@context":"https:\/\/schema.org","@graph":[{"@type":"WebPage","@id":"https:\/\/somllavors.com\/es\/producte\/juego-de-adaptadores-para-silla-de-coche-joolz-day%e2%81%b5","url":"https:\/\/somllavors.com\/es\/producte\/juego-de-adaptadores-para-silla-de-coche-joolz-day%e2%81%b5","name":"Juego de adaptadores para silla de coche - Joolz Day\u2075 &#8212; Som Llavors","isPartOf":{"@id":"https:\/\/somllavors.com\/es#website"},"primaryImageOfPage":{"@id":"https:\/\/somllavors.com\/es\/producte\/juego-de-adaptadores-para-silla-de-coche-joolz-day%e2%81%b5#primaryimage"},"image":{"@id":"https:\/\/somllavors.com\/es\/producte\/juego-de-adaptadores-para-silla-de-coche-joolz-day%e2%81%b5#primaryimage"},"thumbnailUrl":"https:\/\/somllavors.com\/wp-content\/uploads\/2025\/03\/Som-Llavors-560026_joolz_day5_carseatadapters_01.jpg","datePublished":"2025-03-29T12:09:25+00:00","dateModified":"2025-10-12T23:27:55+00:00","description":"No interrumpas el sue\u00f1o de tu ni\u00f1o cuando llegues a tu destino en coche. \u00a1Aprovecha el chasis de tu Joolz para moverte con comodidad!","breadcrumb":{"@id":"https:\/\/somllavors.com\/es\/producte\/juego-de-adaptadores-para-silla-de-coche-joolz-day%e2%81%b5#breadcrumb"},"inLanguage":"es","potentialAction":[{"@type":"ReadAction","target":["https:\/\/somllavors.com\/es\/producte\/juego-de-adaptadores-para-silla-de-coche-joolz-day%e2%81%b5"]}]},{"@type":"ImageObject","inLanguage":"es","@id":"https:\/\/somllavors.com\/es\/producte\/juego-de-adaptadores-para-silla-de-coche-joolz-day%e2%81%b5#primaryimage","url":"https:\/\/somllavors.com\/wp-content\/uploads\/2025\/03\/Som-Llavors-560026_joolz_day5_carseatadapters_01.jpg","contentUrl":"https:\/\/somllavors.com\/wp-content\/uploads\/2025\/03\/Som-Llavors-560026_joolz_day5_carseatadapters_01.jpg","width":992,"height":992,"caption":"adaptadores silla coche joolz day 5"},{"@type":"BreadcrumbList","@id":"https:\/\/somllavors.com\/es\/producte\/juego-de-adaptadores-para-silla-de-coche-joolz-day%e2%81%b5#breadcrumb","itemListElement":[{"@type":"ListItem","position":1,"name":"Inici","item":"https:\/\/somllavors.com\/es"},{"@type":"ListItem","position":2,"name":"Tienda","item":"https:\/\/somllavors.com\/es\/botiga-2"},{"@type":"ListItem","position":3,"name":"Juego de adaptadores para silla de coche &#8211; Joolz Day\u2075"}]},{"@type":"WebSite","@id":"https:\/\/somllavors.com\/es#website","url":"https:\/\/somllavors.com\/es","name":"Som Llavors","description":"Botiga de crian\u00e7a natural","publisher":{"@id":"https:\/\/somllavors.com\/es#organization"},"alternateName":"Crian\u00e7a Natural i Sostenible","potentialAction":[{"@type":"SearchAction","target":{"@type":"EntryPoint","urlTemplate":"https:\/\/somllavors.com\/es?s={search_term_string}"},"query-input":{"@type":"PropertyValueSpecification","valueRequired":true,"valueName":"search_term_string"}}],"inLanguage":"es"},{"@type":["Organization","Place","Store"],"@id":"https:\/\/somllavors.com\/es#organization","name":"Som Llavors","alternateName":"Crian\u00e7a Natural i Sostenible","url":"https:\/\/somllavors.com\/es","logo":{"@id":"https:\/\/somllavors.com\/es\/producte\/juego-de-adaptadores-para-silla-de-coche-joolz-day%e2%81%b5#local-main-organization-logo"},"image":{"@id":"https:\/\/somllavors.com\/es\/producte\/juego-de-adaptadores-para-silla-de-coche-joolz-day%e2%81%b5#local-main-organization-logo"},"sameAs":["https:\/\/www.facebook.com\/somllavorsvng\/?locale=ca_ES","https:\/\/www.instagram.com\/somllavors_vng\/","https:\/\/www.youtube.com\/@somllavors"],"address":{"@id":"https:\/\/somllavors.com\/es\/producte\/juego-de-adaptadores-para-silla-de-coche-joolz-day%e2%81%b5#local-main-place-address"},"geo":{"@type":"GeoCoordinates","latitude":"41.2257737","longitude":"1.723258859"},"telephone":["623152704","623152704"],"openingHoursSpecification":[{"@type":"OpeningHoursSpecification","dayOfWeek":["Monday","Sunday"],"opens":"00:00","closes":"00:00"},{"@type":"OpeningHoursSpecification","dayOfWeek":["Tuesday","Wednesday","Thursday","Friday"],"opens":"10:00","closes":"20:00"},{"@type":"OpeningHoursSpecification","dayOfWeek":["Saturday"],"opens":"10:00","closes":"13:30"}],"email":"info@somllavors.com"},{"@type":"PostalAddress","@id":"https:\/\/somllavors.com\/es\/producte\/juego-de-adaptadores-para-silla-de-coche-joolz-day%e2%81%b5#local-main-place-address","streetAddress":"Carrer de l'aigua, 6","addressLocality":"Vilanova i la Geltr\u00fa","postalCode":"08800","addressRegion":"Barcelona","addressCountry":"ES"},{"@type":"ImageObject","inLanguage":"es","@id":"https:\/\/somllavors.com\/es\/producte\/juego-de-adaptadores-para-silla-de-coche-joolz-day%e2%81%b5#local-main-organization-logo","url":"https:\/\/somllavors.com\/wp-content\/uploads\/Logotip-Som-Llavors.jpg","contentUrl":"https:\/\/somllavors.com\/wp-content\/uploads\/Logotip-Som-Llavors.jpg","width":1444,"height":1323,"caption":"Som Llavors"}]},"product_price_amount":"49.95","product_price_currency":"EUR","og_availability":"instock","product_availability":"instock","product_retailer_item_id":"560026","product_condition":"new","geo.placename":"Vilanova i la Geltr\u00fa","geo.position":{"lat":"41.2257737","long":"1.723258859"},"geo.region":"Espa\u00f1a"},"brands":[{"id":4305,"name":"Joolz","slug":"joolz-cotxets"}],"_links":{"self":[{"href":"https:\/\/somllavors.com\/es\/wp-json\/wp\/v2\/product\/75091","targetHints":{"allow":["GET"]}}],"collection":[{"href":"https:\/\/somllavors.com\/es\/wp-json\/wp\/v2\/product"}],"about":[{"href":"https:\/\/somllavors.com\/es\/wp-json\/wp\/v2\/types\/product"}],"wp:featuredmedia":[{"embeddable":true,"href":"https:\/\/somllavors.com\/es\/wp-json\/wp\/v2\/media\/75027"}],"wp:attachment":[{"href":"https:\/\/somllavors.com\/es\/wp-json\/wp\/v2\/media?parent=75091"}],"wp:term":[{"taxonomy":"pwb-brand","embeddable":true,"href":"https:\/\/somllavors.com\/es\/wp-json\/wp\/v2\/pwb-brand?post=75091"},{"taxonomy":"product_brand","embeddable":true,"href":"https:\/\/somllavors.com\/es\/wp-json\/wp\/v2\/product_brand?post=75091"},{"taxonomy":"product_cat","embeddable":true,"href":"https:\/\/somllavors.com\/es\/wp-json\/wp\/v2\/product_cat?post=75091"},{"taxonomy":"product_tag","embeddable":true,"href":"https:\/\/somllavors.com\/es\/wp-json\/wp\/v2\/product_tag?post=75091"}],"curies":[{"name":"wp","href":"https:\/\/api.w.org\/{rel}","templated":true}]}}