{"id":75194,"date":"2025-03-28T10:54:34","date_gmt":"2025-03-28T09:54:34","guid":{"rendered":"https:\/\/somllavors.com\/producto\/gafas-para-4-6-anos-sunrise-misty-rose-beaba\/"},"modified":"2025-03-28T10:54:34","modified_gmt":"2025-03-28T09:54:34","slug":"gafas-para-4-6-anos-sunrise-misty-rose-beaba","status":"publish","type":"product","link":"https:\/\/somllavors.com\/es\/producte\/gafas-para-4-6-anos-sunrise-misty-rose-beaba","title":{"rendered":"Gafas para 4-6 a\u00f1os Sunrise Misty Rose &#8211; B\u00e9aba"},"content":{"rendered":"<ul>\n<li>COLABORACI\u00d3N CON ESPECIALISTAS: Dise\u00f1ado en colaboraci\u00f3n con \u00f3pticos, oftalm\u00f3logos y oste\u00f3patas.<\/li>\n<li>M\u00c1XIMA PROTECCI\u00d3N: Escudos laterales para m\u00e1xima protecci\u00f3n contra los rayos del sol.<\/li>\n<li>COMODIDAD DE USO: Diadema el\u00e1stica ajustable soporte \u00f3ptimo al estar de pie y acostado, dentro del bisel en material Fit Tech,<\/li>\n<li>LENTES SOLARES DE ALTA CALIDAD: Categor\u00eda 3 que filtran el 100% de los rayos UV, aptos para el mar y la monta\u00f1a, certificadas UV 400<\/li>\n<li>COMODIDAD \u00d3PTIMA: Nariz, templos y \u00e1reas internas de las sienes en material Fit Tech, puntas de las sienes ajustables 360\u00b0<\/li>\n<li>MIRA MONTABLE: Gafas que se pueden montar a la vista del ni\u00f1o en una \u00f3ptica.<\/li>\n<\/ul>\n","protected":false},"excerpt":{"rendered":"<h3>\u00a1Querr\u00e1n ir siempre con las gafas de sol!<\/h3>\n<p>Las gafas de sol B\u00e9aba son el resultado de una colaboraci\u00f3n con especialistas, entre ellos \u00f3pticos, oftalm\u00f3logos y oste\u00f3patas, para ofrecer una protecci\u00f3n y confort \u00f3ptimos a los ni\u00f1os. Dise\u00f1adas para garantizar la m\u00e1xima protecci\u00f3n contra los rayos del sol, estas gafas est\u00e1n equipadas con protectores laterales que bloquean los rayos da\u00f1inos que llegan desde los lados. Las lentes solares de categor\u00eda 3 filtran el 100% de los rayos UV, lo que hace que estas gafas sean ideales para la exposici\u00f3n al sol, ya sea en el mar o en la monta\u00f1a.<br \/>La bisagra flexible garantiza comodidad al evitar la compresi\u00f3n de las sienes y permite a los ni\u00f1os utilizar las gafas durante largos per\u00edodos de tiempo sin molestias. Las zonas de nariz, templos y el interior de las sienes est\u00e1n fabricados con material Fit Tech, un material suave y confortable que se adapta perfectamente a la morfolog\u00eda de la cara de los ni\u00f1os, eliminando as\u00ed cualquier punto de compresi\u00f3n. Las puntas de las ramas son ajustables 360\u00b0, lo que permite curvarlas para adaptarse a los contornos de la oreja del ni\u00f1o y garantizar un soporte \u00f3ptimo en todas las circunstancias. Por seguridad, las gafas est\u00e1n equipadas con un cord\u00f3n el\u00e1stico ajustable con sistema clip&amp;play; para garantizar un ajuste perfecto incluso durante actividades din\u00e1micas. Las gafas B\u00e9aba se entregan con un estuche r\u00edgido y una bolsa de microfibra para la limpieza de las lentes. El mantenimiento del marco es sencillo y s\u00f3lo requiere un pa\u00f1o h\u00famedo y agua con jab\u00f3n.        <\/p>\n","protected":false},"featured_media":75173,"template":"","meta":{"_acf_changed":false,"site-sidebar-layout":"default","site-content-layout":"","ast-site-content-layout":"default","site-content-style":"default","site-sidebar-style":"default","ast-global-header-display":"","ast-banner-title-visibility":"","ast-main-header-display":"","ast-hfb-above-header-display":"","ast-hfb-below-header-display":"","ast-hfb-mobile-header-display":"","site-post-title":"","ast-breadcrumbs-content":"","ast-featured-img":"","footer-sml-layout":"","theme-transparent-header-meta":"default","adv-header-id-meta":"","stick-header-meta":"","header-above-stick-meta":"","header-main-stick-meta":"","header-below-stick-meta":"","astra-migrate-meta-layouts":"default","ast-page-background-enabled":"default","ast-page-background-meta":{"desktop":{"background-color":"","background-image":"","background-repeat":"repeat","background-position":"center center","background-size":"auto","background-attachment":"scroll","background-type":"","background-media":"","overlay-type":"","overlay-color":"","overlay-opacity":"","overlay-gradient":""},"tablet":{"background-color":"","background-image":"","background-repeat":"repeat","background-position":"center center","background-size":"auto","background-attachment":"scroll","background-type":"","background-media":"","overlay-type":"","overlay-color":"","overlay-opacity":"","overlay-gradient":""},"mobile":{"background-color":"","background-image":"","background-repeat":"repeat","background-position":"center center","background-size":"auto","background-attachment":"scroll","background-type":"","background-media":"","overlay-type":"","overlay-color":"","overlay-opacity":"","overlay-gradient":""}},"ast-content-background-meta":{"desktop":{"background-color":"var(--ast-global-color-5)","background-image":"","background-repeat":"repeat","background-position":"center center","background-size":"auto","background-attachment":"scroll","background-type":"","background-media":"","overlay-type":"","overlay-color":"","overlay-opacity":"","overlay-gradient":""},"tablet":{"background-color":"var(--ast-global-color-5)","background-image":"","background-repeat":"repeat","background-position":"center center","background-size":"auto","background-attachment":"scroll","background-type":"","background-media":"","overlay-type":"","overlay-color":"","overlay-opacity":"","overlay-gradient":""},"mobile":{"background-color":"var(--ast-global-color-5)","background-image":"","background-repeat":"repeat","background-position":"center center","background-size":"auto","background-attachment":"scroll","background-type":"","background-media":"","overlay-type":"","overlay-color":"","overlay-opacity":"","overlay-gradient":""}}},"pwb-brand":[4285],"product_brand":[],"product_cat":[3627],"product_tag":[],"class_list":{"0":"post-75194","1":"product","2":"type-product","3":"status-publish","4":"has-post-thumbnail","6":"pwb-brand-beaba","7":"product_cat-gafas-de-sol","8":"desktop-align-left","9":"tablet-align-left","10":"mobile-align-left","12":"first","13":"outofstock","14":"taxable","15":"shipping-taxable","16":"purchasable","17":"product-type-simple"},"acf":[],"yoast_head":"<!-- This site is optimized with the Yoast SEO Premium plugin v18.3 (Yoast SEO v27.4) - https:\/\/yoast.com\/product\/yoast-seo-premium-wordpress\/ -->\n<title>Gafas para 4-6 a\u00f1os Sunrise Misty Rose - B\u00e9aba &#8212; Som Llavors<\/title>\n<meta name=\"description\" content=\"\u00a1Querr\u00e1n ir siempre con las gafas de sol! Las gafas de sol B\u00e9aba son el resultado de una colaboraci\u00f3n con especialistas, entre ellos \u00f3pticos, oftalm\u00f3logos y oste\u00f3patas, para ofrecer una protecci\u00f3n y confort \u00f3ptimos a los ni\u00f1os. Dise\u00f1adas para garantizar la m\u00e1xima protecci\u00f3n contra los rayos del sol, estas gafas est\u00e1n equipadas con protectores laterales que bloquean los rayos da\u00f1inos que llegan desde los lados. Las lentes solares de categor\u00eda 3 filtran el 100% de los rayos UV, lo que hace que estas gafas sean ideales para la exposici\u00f3n al sol, ya sea en el mar o en la monta\u00f1a.La bisagra flexible garantiza comodidad al evitar la compresi\u00f3n de las sienes y permite a los ni\u00f1os utilizar las gafas durante largos per\u00edodos de tiempo sin molestias. Las zonas de nariz, templos y el interior de las sienes est\u00e1n fabricados con material Fit Tech, un material suave y confortable que se adapta perfectamente a la morfolog\u00eda de la cara de los ni\u00f1os, eliminando as\u00ed cualquier punto de compresi\u00f3n. Las puntas de las ramas son ajustables 360\u00b0, lo que permite curvarlas para adaptarse a los contornos de la oreja del ni\u00f1o y garantizar un soporte \u00f3ptimo en todas las circunstancias. Por seguridad, las gafas est\u00e1n equipadas con un cord\u00f3n el\u00e1stico ajustable con sistema clip&amp;play; para garantizar un ajuste perfecto incluso durante actividades din\u00e1micas. Las gafas B\u00e9aba se entregan con un estuche r\u00edgido y una bolsa de microfibra para la limpieza de las lentes. El mantenimiento del marco es sencillo y s\u00f3lo requiere un pa\u00f1o h\u00famedo y agua con jab\u00f3n.\" \/>\n<meta name=\"robots\" content=\"index, follow, max-snippet:-1, max-image-preview:large, max-video-preview:-1\" \/>\n<link rel=\"canonical\" href=\"https:\/\/somllavors.com\/es\/producte\/gafas-para-4-6-anos-sunrise-misty-rose-beaba\" \/>\n<meta property=\"og:locale\" content=\"es_ES\" \/>\n<meta property=\"og:type\" content=\"article\" \/>\n<meta property=\"og:title\" content=\"Gafas para 4-6 a\u00f1os Sunrise Misty Rose - B\u00e9aba\" \/>\n<meta property=\"og:description\" content=\"La teva botiga d\u2019ecocrian\u00e7a i espai d\u2019acompanyament a la maternitat\" \/>\n<meta property=\"og:url\" content=\"https:\/\/somllavors.com\/es\/producte\/gafas-para-4-6-anos-sunrise-misty-rose-beaba\" \/>\n<meta property=\"og:site_name\" content=\"Som Llavors\" \/>\n<meta property=\"article:publisher\" content=\"https:\/\/www.facebook.com\/somllavorsvng\/?locale=ca_ES\" \/>\n<meta property=\"og:image\" content=\"https:\/\/somllavors.com\/wp-content\/uploads\/2025\/03\/Som-Llavors-930315.png\" \/>\n\t<meta property=\"og:image:width\" content=\"1080\" \/>\n\t<meta property=\"og:image:height\" content=\"1080\" \/>\n\t<meta property=\"og:image:type\" content=\"image\/png\" \/>\n<meta name=\"twitter:card\" content=\"summary_large_image\" \/>\n<meta name=\"twitter:label1\" content=\"Precio\" \/>\n\t<meta name=\"twitter:data1\" content=\"35,00&euro; Iva incl\u00f2s\" \/>\n\t<meta name=\"twitter:label2\" content=\"Availability\" \/>\n\t<meta name=\"twitter:data2\" content=\"Out of stock\" \/>\n<script type=\"application\/ld+json\" class=\"yoast-schema-graph\">{\"@context\":\"https:\\\/\\\/schema.org\",\"@graph\":[{\"@type\":\"WebPage\",\"@id\":\"https:\\\/\\\/somllavors.com\\\/es\\\/producte\\\/gafas-para-4-6-anos-sunrise-misty-rose-beaba\",\"url\":\"https:\\\/\\\/somllavors.com\\\/es\\\/producte\\\/gafas-para-4-6-anos-sunrise-misty-rose-beaba\",\"name\":\"Gafas para 4-6 a\u00f1os Sunrise Misty Rose - B\u00e9aba &#8212; Som Llavors\",\"isPartOf\":{\"@id\":\"https:\\\/\\\/somllavors.com\\\/es#website\"},\"primaryImageOfPage\":{\"@id\":\"https:\\\/\\\/somllavors.com\\\/es\\\/producte\\\/gafas-para-4-6-anos-sunrise-misty-rose-beaba#primaryimage\"},\"image\":{\"@id\":\"https:\\\/\\\/somllavors.com\\\/es\\\/producte\\\/gafas-para-4-6-anos-sunrise-misty-rose-beaba#primaryimage\"},\"thumbnailUrl\":\"https:\\\/\\\/somllavors.com\\\/wp-content\\\/uploads\\\/2025\\\/03\\\/Som-Llavors-930315.png\",\"datePublished\":\"2025-03-28T09:54:34+00:00\",\"description\":\"\u00a1Querr\u00e1n ir siempre con las gafas de sol! Las gafas de sol B\u00e9aba son el resultado de una colaboraci\u00f3n con especialistas, entre ellos \u00f3pticos, oftalm\u00f3logos y oste\u00f3patas, para ofrecer una protecci\u00f3n y confort \u00f3ptimos a los ni\u00f1os. Dise\u00f1adas para garantizar la m\u00e1xima protecci\u00f3n contra los rayos del sol, estas gafas est\u00e1n equipadas con protectores laterales que bloquean los rayos da\u00f1inos que llegan desde los lados. Las lentes solares de categor\u00eda 3 filtran el 100% de los rayos UV, lo que hace que estas gafas sean ideales para la exposici\u00f3n al sol, ya sea en el mar o en la monta\u00f1a.La bisagra flexible garantiza comodidad al evitar la compresi\u00f3n de las sienes y permite a los ni\u00f1os utilizar las gafas durante largos per\u00edodos de tiempo sin molestias. Las zonas de nariz, templos y el interior de las sienes est\u00e1n fabricados con material Fit Tech, un material suave y confortable que se adapta perfectamente a la morfolog\u00eda de la cara de los ni\u00f1os, eliminando as\u00ed cualquier punto de compresi\u00f3n. Las puntas de las ramas son ajustables 360\u00b0, lo que permite curvarlas para adaptarse a los contornos de la oreja del ni\u00f1o y garantizar un soporte \u00f3ptimo en todas las circunstancias. Por seguridad, las gafas est\u00e1n equipadas con un cord\u00f3n el\u00e1stico ajustable con sistema clip&amp;play; para garantizar un ajuste perfecto incluso durante actividades din\u00e1micas. Las gafas B\u00e9aba se entregan con un estuche r\u00edgido y una bolsa de microfibra para la limpieza de las lentes. El mantenimiento del marco es sencillo y s\u00f3lo requiere un pa\u00f1o h\u00famedo y agua con jab\u00f3n.\",\"breadcrumb\":{\"@id\":\"https:\\\/\\\/somllavors.com\\\/es\\\/producte\\\/gafas-para-4-6-anos-sunrise-misty-rose-beaba#breadcrumb\"},\"inLanguage\":\"es\",\"potentialAction\":[{\"@type\":\"ReadAction\",\"target\":[\"https:\\\/\\\/somllavors.com\\\/es\\\/producte\\\/gafas-para-4-6-anos-sunrise-misty-rose-beaba\"]}]},{\"@type\":\"ImageObject\",\"inLanguage\":\"es\",\"@id\":\"https:\\\/\\\/somllavors.com\\\/es\\\/producte\\\/gafas-para-4-6-anos-sunrise-misty-rose-beaba#primaryimage\",\"url\":\"https:\\\/\\\/somllavors.com\\\/wp-content\\\/uploads\\\/2025\\\/03\\\/Som-Llavors-930315.png\",\"contentUrl\":\"https:\\\/\\\/somllavors.com\\\/wp-content\\\/uploads\\\/2025\\\/03\\\/Som-Llavors-930315.png\",\"width\":1080,\"height\":1080,\"caption\":\"gafas sol 4-6 a\u00f1os categoria 3 UV\"},{\"@type\":\"BreadcrumbList\",\"@id\":\"https:\\\/\\\/somllavors.com\\\/es\\\/producte\\\/gafas-para-4-6-anos-sunrise-misty-rose-beaba#breadcrumb\",\"itemListElement\":[{\"@type\":\"ListItem\",\"position\":1,\"name\":\"Inici\",\"item\":\"https:\\\/\\\/somllavors.com\\\/es\"},{\"@type\":\"ListItem\",\"position\":2,\"name\":\"Tienda\",\"item\":\"https:\\\/\\\/somllavors.com\\\/es\\\/botiga-2\"},{\"@type\":\"ListItem\",\"position\":3,\"name\":\"Gafas para 4-6 a\u00f1os Sunrise Misty Rose &#8211; B\u00e9aba\"}]},{\"@type\":\"WebSite\",\"@id\":\"https:\\\/\\\/somllavors.com\\\/es#website\",\"url\":\"https:\\\/\\\/somllavors.com\\\/es\",\"name\":\"Som Llavors\",\"description\":\"Botiga de crian\u00e7a natural\",\"publisher\":{\"@id\":\"https:\\\/\\\/somllavors.com\\\/es#organization\"},\"alternateName\":\"Crian\u00e7a Natural i Sostenible\",\"potentialAction\":[{\"@type\":\"SearchAction\",\"target\":{\"@type\":\"EntryPoint\",\"urlTemplate\":\"https:\\\/\\\/somllavors.com\\\/es?s={search_term_string}\"},\"query-input\":{\"@type\":\"PropertyValueSpecification\",\"valueRequired\":true,\"valueName\":\"search_term_string\"}}],\"inLanguage\":\"es\"},{\"@type\":[\"Organization\",\"Place\",\"Store\"],\"@id\":\"https:\\\/\\\/somllavors.com\\\/es#organization\",\"name\":\"Som Llavors\",\"alternateName\":\"Crian\u00e7a Natural i Sostenible\",\"url\":\"https:\\\/\\\/somllavors.com\\\/es\",\"logo\":{\"@id\":\"https:\\\/\\\/somllavors.com\\\/es\\\/producte\\\/gafas-para-4-6-anos-sunrise-misty-rose-beaba#local-main-organization-logo\"},\"image\":{\"@id\":\"https:\\\/\\\/somllavors.com\\\/es\\\/producte\\\/gafas-para-4-6-anos-sunrise-misty-rose-beaba#local-main-organization-logo\"},\"sameAs\":[\"https:\\\/\\\/www.facebook.com\\\/somllavorsvng\\\/?locale=ca_ES\",\"https:\\\/\\\/www.instagram.com\\\/somllavors_vng\\\/\",\"https:\\\/\\\/www.youtube.com\\\/@somllavors\"],\"address\":{\"@id\":\"https:\\\/\\\/somllavors.com\\\/es\\\/producte\\\/gafas-para-4-6-anos-sunrise-misty-rose-beaba#local-main-place-address\"},\"geo\":{\"@type\":\"GeoCoordinates\",\"latitude\":\"41.2257737\",\"longitude\":\"1.723258859\"},\"telephone\":[\"623152704\"],\"openingHoursSpecification\":[{\"@type\":\"OpeningHoursSpecification\",\"dayOfWeek\":[\"Monday\",\"Sunday\"],\"opens\":\"00:00\",\"closes\":\"00:00\"},{\"@type\":\"OpeningHoursSpecification\",\"dayOfWeek\":[\"Tuesday\",\"Wednesday\",\"Thursday\",\"Friday\"],\"opens\":\"10:00\",\"closes\":\"20:00\"},{\"@type\":\"OpeningHoursSpecification\",\"dayOfWeek\":[\"Saturday\"],\"opens\":\"10:00\",\"closes\":\"13:30\"}],\"email\":\"info@somllavors.com\"},{\"@type\":\"PostalAddress\",\"@id\":\"https:\\\/\\\/somllavors.com\\\/es\\\/producte\\\/gafas-para-4-6-anos-sunrise-misty-rose-beaba#local-main-place-address\",\"streetAddress\":\"Carrer de l'aigua, 6\",\"addressLocality\":\"Vilanova i la Geltr\u00fa\",\"postalCode\":\"08800\",\"addressRegion\":\"Barcelona\",\"addressCountry\":\"ES\"},{\"@type\":\"ImageObject\",\"inLanguage\":\"es\",\"@id\":\"https:\\\/\\\/somllavors.com\\\/es\\\/producte\\\/gafas-para-4-6-anos-sunrise-misty-rose-beaba#local-main-organization-logo\",\"url\":\"https:\\\/\\\/somllavors.com\\\/wp-content\\\/uploads\\\/Logotip-Som-Llavors.jpg\",\"contentUrl\":\"https:\\\/\\\/somllavors.com\\\/wp-content\\\/uploads\\\/Logotip-Som-Llavors.jpg\",\"width\":1444,\"height\":1323,\"caption\":\"Som Llavors\"}]}<\/script>\n<meta property=\"product:price:amount\" content=\"35.00\" \/>\n<meta property=\"product:price:currency\" content=\"EUR\" \/>\n<meta property=\"og:availability\" content=\"out of stock\" \/>\n<meta property=\"product:availability\" content=\"out of stock\" \/>\n<meta property=\"product:retailer_item_id\" content=\"930315\" \/>\n<meta property=\"product:condition\" content=\"new\" \/>\n<meta name=\"geo.placename\" content=\"Vilanova i la Geltr\u00fa\" \/>\n<meta name=\"geo.position\" content=\"41.2257737;1.723258859\" \/>\n<meta name=\"geo.region\" content=\"Espa\u00f1a\" \/>\n<!-- \/ Yoast SEO Premium plugin. -->","yoast_head_json":{"title":"Gafas para 4-6 a\u00f1os Sunrise Misty Rose - B\u00e9aba &#8212; Som Llavors","description":"\u00a1Querr\u00e1n ir siempre con las gafas de sol! Las gafas de sol B\u00e9aba son el resultado de una colaboraci\u00f3n con especialistas, entre ellos \u00f3pticos, oftalm\u00f3logos y oste\u00f3patas, para ofrecer una protecci\u00f3n y confort \u00f3ptimos a los ni\u00f1os. Dise\u00f1adas para garantizar la m\u00e1xima protecci\u00f3n contra los rayos del sol, estas gafas est\u00e1n equipadas con protectores laterales que bloquean los rayos da\u00f1inos que llegan desde los lados. Las lentes solares de categor\u00eda 3 filtran el 100% de los rayos UV, lo que hace que estas gafas sean ideales para la exposici\u00f3n al sol, ya sea en el mar o en la monta\u00f1a.La bisagra flexible garantiza comodidad al evitar la compresi\u00f3n de las sienes y permite a los ni\u00f1os utilizar las gafas durante largos per\u00edodos de tiempo sin molestias. Las zonas de nariz, templos y el interior de las sienes est\u00e1n fabricados con material Fit Tech, un material suave y confortable que se adapta perfectamente a la morfolog\u00eda de la cara de los ni\u00f1os, eliminando as\u00ed cualquier punto de compresi\u00f3n. Las puntas de las ramas son ajustables 360\u00b0, lo que permite curvarlas para adaptarse a los contornos de la oreja del ni\u00f1o y garantizar un soporte \u00f3ptimo en todas las circunstancias. Por seguridad, las gafas est\u00e1n equipadas con un cord\u00f3n el\u00e1stico ajustable con sistema clip&amp;play; para garantizar un ajuste perfecto incluso durante actividades din\u00e1micas. Las gafas B\u00e9aba se entregan con un estuche r\u00edgido y una bolsa de microfibra para la limpieza de las lentes. El mantenimiento del marco es sencillo y s\u00f3lo requiere un pa\u00f1o h\u00famedo y agua con jab\u00f3n.","robots":{"index":"index","follow":"follow","max-snippet":"max-snippet:-1","max-image-preview":"max-image-preview:large","max-video-preview":"max-video-preview:-1"},"canonical":"https:\/\/somllavors.com\/es\/producte\/gafas-para-4-6-anos-sunrise-misty-rose-beaba","og_locale":"es_ES","og_type":"article","og_title":"Gafas para 4-6 a\u00f1os Sunrise Misty Rose - B\u00e9aba","og_description":"La teva botiga d\u2019ecocrian\u00e7a i espai d\u2019acompanyament a la maternitat","og_url":"https:\/\/somllavors.com\/es\/producte\/gafas-para-4-6-anos-sunrise-misty-rose-beaba","og_site_name":"Som Llavors","article_publisher":"https:\/\/www.facebook.com\/somllavorsvng\/?locale=ca_ES","og_image":[{"width":1080,"height":1080,"url":"https:\/\/somllavors.com\/wp-content\/uploads\/2025\/03\/Som-Llavors-930315.png","type":"image\/png"}],"twitter_card":"summary_large_image","twitter_misc":{"Precio":"35,00&euro; Iva incl\u00f2s","Availability":"Out of stock"},"schema":{"@context":"https:\/\/schema.org","@graph":[{"@type":"WebPage","@id":"https:\/\/somllavors.com\/es\/producte\/gafas-para-4-6-anos-sunrise-misty-rose-beaba","url":"https:\/\/somllavors.com\/es\/producte\/gafas-para-4-6-anos-sunrise-misty-rose-beaba","name":"Gafas para 4-6 a\u00f1os Sunrise Misty Rose - B\u00e9aba &#8212; Som Llavors","isPartOf":{"@id":"https:\/\/somllavors.com\/es#website"},"primaryImageOfPage":{"@id":"https:\/\/somllavors.com\/es\/producte\/gafas-para-4-6-anos-sunrise-misty-rose-beaba#primaryimage"},"image":{"@id":"https:\/\/somllavors.com\/es\/producte\/gafas-para-4-6-anos-sunrise-misty-rose-beaba#primaryimage"},"thumbnailUrl":"https:\/\/somllavors.com\/wp-content\/uploads\/2025\/03\/Som-Llavors-930315.png","datePublished":"2025-03-28T09:54:34+00:00","description":"\u00a1Querr\u00e1n ir siempre con las gafas de sol! Las gafas de sol B\u00e9aba son el resultado de una colaboraci\u00f3n con especialistas, entre ellos \u00f3pticos, oftalm\u00f3logos y oste\u00f3patas, para ofrecer una protecci\u00f3n y confort \u00f3ptimos a los ni\u00f1os. Dise\u00f1adas para garantizar la m\u00e1xima protecci\u00f3n contra los rayos del sol, estas gafas est\u00e1n equipadas con protectores laterales que bloquean los rayos da\u00f1inos que llegan desde los lados. Las lentes solares de categor\u00eda 3 filtran el 100% de los rayos UV, lo que hace que estas gafas sean ideales para la exposici\u00f3n al sol, ya sea en el mar o en la monta\u00f1a.La bisagra flexible garantiza comodidad al evitar la compresi\u00f3n de las sienes y permite a los ni\u00f1os utilizar las gafas durante largos per\u00edodos de tiempo sin molestias. Las zonas de nariz, templos y el interior de las sienes est\u00e1n fabricados con material Fit Tech, un material suave y confortable que se adapta perfectamente a la morfolog\u00eda de la cara de los ni\u00f1os, eliminando as\u00ed cualquier punto de compresi\u00f3n. Las puntas de las ramas son ajustables 360\u00b0, lo que permite curvarlas para adaptarse a los contornos de la oreja del ni\u00f1o y garantizar un soporte \u00f3ptimo en todas las circunstancias. Por seguridad, las gafas est\u00e1n equipadas con un cord\u00f3n el\u00e1stico ajustable con sistema clip&amp;play; para garantizar un ajuste perfecto incluso durante actividades din\u00e1micas. Las gafas B\u00e9aba se entregan con un estuche r\u00edgido y una bolsa de microfibra para la limpieza de las lentes. El mantenimiento del marco es sencillo y s\u00f3lo requiere un pa\u00f1o h\u00famedo y agua con jab\u00f3n.","breadcrumb":{"@id":"https:\/\/somllavors.com\/es\/producte\/gafas-para-4-6-anos-sunrise-misty-rose-beaba#breadcrumb"},"inLanguage":"es","potentialAction":[{"@type":"ReadAction","target":["https:\/\/somllavors.com\/es\/producte\/gafas-para-4-6-anos-sunrise-misty-rose-beaba"]}]},{"@type":"ImageObject","inLanguage":"es","@id":"https:\/\/somllavors.com\/es\/producte\/gafas-para-4-6-anos-sunrise-misty-rose-beaba#primaryimage","url":"https:\/\/somllavors.com\/wp-content\/uploads\/2025\/03\/Som-Llavors-930315.png","contentUrl":"https:\/\/somllavors.com\/wp-content\/uploads\/2025\/03\/Som-Llavors-930315.png","width":1080,"height":1080,"caption":"gafas sol 4-6 a\u00f1os categoria 3 UV"},{"@type":"BreadcrumbList","@id":"https:\/\/somllavors.com\/es\/producte\/gafas-para-4-6-anos-sunrise-misty-rose-beaba#breadcrumb","itemListElement":[{"@type":"ListItem","position":1,"name":"Inici","item":"https:\/\/somllavors.com\/es"},{"@type":"ListItem","position":2,"name":"Tienda","item":"https:\/\/somllavors.com\/es\/botiga-2"},{"@type":"ListItem","position":3,"name":"Gafas para 4-6 a\u00f1os Sunrise Misty Rose &#8211; B\u00e9aba"}]},{"@type":"WebSite","@id":"https:\/\/somllavors.com\/es#website","url":"https:\/\/somllavors.com\/es","name":"Som Llavors","description":"Botiga de crian\u00e7a natural","publisher":{"@id":"https:\/\/somllavors.com\/es#organization"},"alternateName":"Crian\u00e7a Natural i Sostenible","potentialAction":[{"@type":"SearchAction","target":{"@type":"EntryPoint","urlTemplate":"https:\/\/somllavors.com\/es?s={search_term_string}"},"query-input":{"@type":"PropertyValueSpecification","valueRequired":true,"valueName":"search_term_string"}}],"inLanguage":"es"},{"@type":["Organization","Place","Store"],"@id":"https:\/\/somllavors.com\/es#organization","name":"Som Llavors","alternateName":"Crian\u00e7a Natural i Sostenible","url":"https:\/\/somllavors.com\/es","logo":{"@id":"https:\/\/somllavors.com\/es\/producte\/gafas-para-4-6-anos-sunrise-misty-rose-beaba#local-main-organization-logo"},"image":{"@id":"https:\/\/somllavors.com\/es\/producte\/gafas-para-4-6-anos-sunrise-misty-rose-beaba#local-main-organization-logo"},"sameAs":["https:\/\/www.facebook.com\/somllavorsvng\/?locale=ca_ES","https:\/\/www.instagram.com\/somllavors_vng\/","https:\/\/www.youtube.com\/@somllavors"],"address":{"@id":"https:\/\/somllavors.com\/es\/producte\/gafas-para-4-6-anos-sunrise-misty-rose-beaba#local-main-place-address"},"geo":{"@type":"GeoCoordinates","latitude":"41.2257737","longitude":"1.723258859"},"telephone":["623152704","623152704"],"openingHoursSpecification":[{"@type":"OpeningHoursSpecification","dayOfWeek":["Monday","Sunday"],"opens":"00:00","closes":"00:00"},{"@type":"OpeningHoursSpecification","dayOfWeek":["Tuesday","Wednesday","Thursday","Friday"],"opens":"10:00","closes":"20:00"},{"@type":"OpeningHoursSpecification","dayOfWeek":["Saturday"],"opens":"10:00","closes":"13:30"}],"email":"info@somllavors.com"},{"@type":"PostalAddress","@id":"https:\/\/somllavors.com\/es\/producte\/gafas-para-4-6-anos-sunrise-misty-rose-beaba#local-main-place-address","streetAddress":"Carrer de l'aigua, 6","addressLocality":"Vilanova i la Geltr\u00fa","postalCode":"08800","addressRegion":"Barcelona","addressCountry":"ES"},{"@type":"ImageObject","inLanguage":"es","@id":"https:\/\/somllavors.com\/es\/producte\/gafas-para-4-6-anos-sunrise-misty-rose-beaba#local-main-organization-logo","url":"https:\/\/somllavors.com\/wp-content\/uploads\/Logotip-Som-Llavors.jpg","contentUrl":"https:\/\/somllavors.com\/wp-content\/uploads\/Logotip-Som-Llavors.jpg","width":1444,"height":1323,"caption":"Som Llavors"}]},"product_price_amount":"35.00","product_price_currency":"EUR","og_availability":"out of stock","product_availability":"out of stock","product_retailer_item_id":"930315","product_condition":"new","geo.placename":"Vilanova i la Geltr\u00fa","geo.position":{"lat":"41.2257737","long":"1.723258859"},"geo.region":"Espa\u00f1a"},"brands":[{"id":4285,"name":"B\u00e9aba","slug":"beaba"}],"_links":{"self":[{"href":"https:\/\/somllavors.com\/es\/wp-json\/wp\/v2\/product\/75194","targetHints":{"allow":["GET"]}}],"collection":[{"href":"https:\/\/somllavors.com\/es\/wp-json\/wp\/v2\/product"}],"about":[{"href":"https:\/\/somllavors.com\/es\/wp-json\/wp\/v2\/types\/product"}],"wp:featuredmedia":[{"embeddable":true,"href":"https:\/\/somllavors.com\/es\/wp-json\/wp\/v2\/media\/75173"}],"wp:attachment":[{"href":"https:\/\/somllavors.com\/es\/wp-json\/wp\/v2\/media?parent=75194"}],"wp:term":[{"taxonomy":"pwb-brand","embeddable":true,"href":"https:\/\/somllavors.com\/es\/wp-json\/wp\/v2\/pwb-brand?post=75194"},{"taxonomy":"product_brand","embeddable":true,"href":"https:\/\/somllavors.com\/es\/wp-json\/wp\/v2\/product_brand?post=75194"},{"taxonomy":"product_cat","embeddable":true,"href":"https:\/\/somllavors.com\/es\/wp-json\/wp\/v2\/product_cat?post=75194"},{"taxonomy":"product_tag","embeddable":true,"href":"https:\/\/somllavors.com\/es\/wp-json\/wp\/v2\/product_tag?post=75194"}],"curies":[{"name":"wp","href":"https:\/\/api.w.org\/{rel}","templated":true}]}}