{"id":75200,"date":"2025-03-27T14:22:44","date_gmt":"2025-03-27T13:22:44","guid":{"rendered":"https:\/\/somllavors.com\/producto\/gafas-de-sol-9-24-meses-casual-joy-gris-beaba\/"},"modified":"2025-03-27T14:22:44","modified_gmt":"2025-03-27T13:22:44","slug":"gafas-de-sol-9-24-meses-casual-joy-gris-beaba","status":"publish","type":"product","link":"https:\/\/somllavors.com\/es\/producte\/gafas-de-sol-9-24-meses-casual-joy-gris-beaba","title":{"rendered":"Gafas de sol 9-24 meses Casual Joy Gris &#8211; B\u00e9aba"},"content":{"rendered":"<h3>Gafas de sol ideales para beb\u00e9s de 9 a 24 meses!<\/h3>\n<ul>\n<li>Confort \u00f3ptimo: nariz, patillas e interior de las patillas de material Fit Tech. Material suave y c\u00f3modo que se adapta a la forma del rostro de los ni\u00f1os y evita cualquier punto de compresi\u00f3n. <\/li>\n<li>Puntas de las orejas ajustables a 360\u00b0: las puntas de las orejas se doblan para adaptarse a los contornos de la oreja del ni\u00f1o para un soporte \u00f3ptimo.<\/li>\n<li>Cord\u00f3n el\u00e1stico ajustable con sistema clip &amp; play: sujeci\u00f3n y seguridad.<\/li>\n<li>Accesorios: se entrega en un estuche r\u00edgido con una bolsa de microfibra<\/li>\n<li>Mantenimiento: limpieza de las lentes con una bolsa de microfibra y de la montura con un pa\u00f1o h\u00famedo y agua jabonosa.<\/li>\n<\/ul>\n","protected":false},"excerpt":{"rendered":"<h3>\u00a1Las gafas que nunca te querr\u00e1s sacar!<\/h3>\n<p>Las gafas de sol B\u00e9aba son el resultado de una colaboraci\u00f3n con especialistas, incluidos \u00f3pticos, oftalm\u00f3logos y oste\u00f3patas, para ofrecer una protecci\u00f3n y comodidad \u00f3ptimas para los ni\u00f1os. Dise\u00f1adas para garantizar una m\u00e1xima protecci\u00f3n contra los rayos del sol, estas gafas est\u00e1n equipadas con protectores laterales que bloquean los rayos nocivos provenientes de los lados. <\/p>\n<p>Las lentes solares de categor\u00eda 3 filtran el 100% de los rayos UV, lo que hace que estas gafas sean ideales para la exposici\u00f3n al sol, ya sea en el mar o en la monta\u00f1a. La bisagra flexible asegura comodidad al evitar la compresi\u00f3n de las sienes, permitiendo que los ni\u00f1os lleven las gafas durante largos per\u00edodos sin incomodidad. <\/p>\n<p>Las zonas de la nariz, las sienes y el interior de las patillas est\u00e1n fabricadas con material Fit Tech, material suave y c\u00f3modo que se adapta perfectamente a la morfolog\u00eda facial de los ni\u00f1os, eliminando cualquier punto de presi\u00f3n. Los extremos de las patillas son ajustables a 360\u00b0, permitiendo que se curven para adaptarse a los contornos de la oreja del ni\u00f1o, garantizando as\u00ed un ajuste \u00f3ptimo en todas las circunstancias. <\/p>\n<p>Para mayor seguridad, las gafas est\u00e1n equipadas con un cord\u00f3n el\u00e1stico ajustable con sistema clip&amp;play para asegurar una sujeci\u00f3n perfecta incluso durante actividades din\u00e1micas. Las gafas de sol B\u00e9aba vienen con un estuche r\u00edgido y una funda de microfibra para la limpieza de las lentes. El mantenimiento del marco es sencillo y s\u00f3lo requiere un pa\u00f1o h\u00famedo y agua jabonosa.  <\/p>\n","protected":false},"featured_media":75187,"template":"","meta":{"_acf_changed":false,"site-sidebar-layout":"default","site-content-layout":"","ast-site-content-layout":"default","site-content-style":"default","site-sidebar-style":"default","ast-global-header-display":"","ast-banner-title-visibility":"","ast-main-header-display":"","ast-hfb-above-header-display":"","ast-hfb-below-header-display":"","ast-hfb-mobile-header-display":"","site-post-title":"","ast-breadcrumbs-content":"","ast-featured-img":"","footer-sml-layout":"","ast-disable-related-posts":"","theme-transparent-header-meta":"default","adv-header-id-meta":"","stick-header-meta":"","header-above-stick-meta":"","header-main-stick-meta":"","header-below-stick-meta":"","astra-migrate-meta-layouts":"default","ast-page-background-enabled":"default","ast-page-background-meta":{"desktop":{"background-color":"","background-image":"","background-repeat":"repeat","background-position":"center center","background-size":"auto","background-attachment":"scroll","background-type":"","background-media":"","overlay-type":"","overlay-color":"","overlay-opacity":"","overlay-gradient":""},"tablet":{"background-color":"","background-image":"","background-repeat":"repeat","background-position":"center center","background-size":"auto","background-attachment":"scroll","background-type":"","background-media":"","overlay-type":"","overlay-color":"","overlay-opacity":"","overlay-gradient":""},"mobile":{"background-color":"","background-image":"","background-repeat":"repeat","background-position":"center center","background-size":"auto","background-attachment":"scroll","background-type":"","background-media":"","overlay-type":"","overlay-color":"","overlay-opacity":"","overlay-gradient":""}},"ast-content-background-meta":{"desktop":{"background-color":"var(--ast-global-color-5)","background-image":"","background-repeat":"repeat","background-position":"center center","background-size":"auto","background-attachment":"scroll","background-type":"","background-media":"","overlay-type":"","overlay-color":"","overlay-opacity":"","overlay-gradient":""},"tablet":{"background-color":"var(--ast-global-color-5)","background-image":"","background-repeat":"repeat","background-position":"center center","background-size":"auto","background-attachment":"scroll","background-type":"","background-media":"","overlay-type":"","overlay-color":"","overlay-opacity":"","overlay-gradient":""},"mobile":{"background-color":"var(--ast-global-color-5)","background-image":"","background-repeat":"repeat","background-position":"center center","background-size":"auto","background-attachment":"scroll","background-type":"","background-media":"","overlay-type":"","overlay-color":"","overlay-opacity":"","overlay-gradient":""}}},"pwb-brand":[4285],"product_brand":[],"product_cat":[3627],"product_tag":[5885,5559],"class_list":{"0":"post-75200","1":"product","2":"type-product","3":"status-publish","4":"has-post-thumbnail","6":"pwb-brand-beaba","7":"product_cat-gafas-de-sol","8":"product_tag-beaba","9":"product_tag-gafas-de-sol-es-2","10":"desktop-align-left","11":"tablet-align-left","12":"mobile-align-left","14":"first","15":"instock","16":"taxable","17":"shipping-taxable","18":"purchasable","19":"product-type-simple"},"acf":[],"yoast_head":"<!-- This site is optimized with the Yoast SEO Premium plugin v18.3 (Yoast SEO v27.4) - https:\/\/yoast.com\/product\/yoast-seo-premium-wordpress\/ -->\n<title>Gafas de sol 9-24 meses Casual Joy Gris - B\u00e9aba &#8212; Som Llavors<\/title>\n<meta name=\"description\" content=\"Gafas de sol ideales para beb\u00e9s de 9 a 24 meses! Material suave y c\u00f3modo que se adapta a la forma del rostro de los ni\u00f1os y evita cualquier punto de compresi\u00f3n.\" \/>\n<meta name=\"robots\" content=\"index, follow, max-snippet:-1, max-image-preview:large, max-video-preview:-1\" \/>\n<link rel=\"canonical\" href=\"https:\/\/somllavors.com\/es\/producte\/gafas-de-sol-9-24-meses-casual-joy-gris-beaba\" \/>\n<meta property=\"og:locale\" content=\"es_ES\" \/>\n<meta property=\"og:type\" content=\"article\" \/>\n<meta property=\"og:title\" content=\"Gafas de sol 9-24 meses Casual Joy Gris - B\u00e9aba\" \/>\n<meta property=\"og:description\" content=\"La teva botiga d\u2019ecocrian\u00e7a i espai d\u2019acompanyament a la maternitat\" \/>\n<meta property=\"og:url\" content=\"https:\/\/somllavors.com\/es\/producte\/gafas-de-sol-9-24-meses-casual-joy-gris-beaba\" \/>\n<meta property=\"og:site_name\" content=\"Som Llavors\" \/>\n<meta property=\"article:publisher\" content=\"https:\/\/www.facebook.com\/somllavorsvng\/?locale=ca_ES\" \/>\n<meta property=\"og:image\" content=\"https:\/\/somllavors.com\/wp-content\/uploads\/2025\/03\/Som-Llavors-930391.png\" \/>\n\t<meta property=\"og:image:width\" content=\"1080\" \/>\n\t<meta property=\"og:image:height\" content=\"1080\" \/>\n\t<meta property=\"og:image:type\" content=\"image\/png\" \/>\n<meta name=\"twitter:card\" content=\"summary_large_image\" \/>\n<meta name=\"twitter:label1\" content=\"Precio\" \/>\n\t<meta name=\"twitter:data1\" content=\"35,00&euro; Iva incl\u00f2s\" \/>\n\t<meta name=\"twitter:label2\" content=\"Availability\" \/>\n\t<meta name=\"twitter:data2\" content=\"Hay existencias\" \/>\n<script type=\"application\/ld+json\" class=\"yoast-schema-graph\">{\"@context\":\"https:\\\/\\\/schema.org\",\"@graph\":[{\"@type\":\"WebPage\",\"@id\":\"https:\\\/\\\/somllavors.com\\\/es\\\/producte\\\/gafas-de-sol-9-24-meses-casual-joy-gris-beaba\",\"url\":\"https:\\\/\\\/somllavors.com\\\/es\\\/producte\\\/gafas-de-sol-9-24-meses-casual-joy-gris-beaba\",\"name\":\"Gafas de sol 9-24 meses Casual Joy Gris - B\u00e9aba &#8212; Som Llavors\",\"isPartOf\":{\"@id\":\"https:\\\/\\\/somllavors.com\\\/es#website\"},\"primaryImageOfPage\":{\"@id\":\"https:\\\/\\\/somllavors.com\\\/es\\\/producte\\\/gafas-de-sol-9-24-meses-casual-joy-gris-beaba#primaryimage\"},\"image\":{\"@id\":\"https:\\\/\\\/somllavors.com\\\/es\\\/producte\\\/gafas-de-sol-9-24-meses-casual-joy-gris-beaba#primaryimage\"},\"thumbnailUrl\":\"https:\\\/\\\/somllavors.com\\\/wp-content\\\/uploads\\\/2025\\\/03\\\/Som-Llavors-930391.png\",\"datePublished\":\"2025-03-27T13:22:44+00:00\",\"description\":\"Gafas de sol ideales para beb\u00e9s de 9 a 24 meses! Material suave y c\u00f3modo que se adapta a la forma del rostro de los ni\u00f1os y evita cualquier punto de compresi\u00f3n.\",\"breadcrumb\":{\"@id\":\"https:\\\/\\\/somllavors.com\\\/es\\\/producte\\\/gafas-de-sol-9-24-meses-casual-joy-gris-beaba#breadcrumb\"},\"inLanguage\":\"es\",\"potentialAction\":[{\"@type\":\"ReadAction\",\"target\":[\"https:\\\/\\\/somllavors.com\\\/es\\\/producte\\\/gafas-de-sol-9-24-meses-casual-joy-gris-beaba\"]}]},{\"@type\":\"ImageObject\",\"inLanguage\":\"es\",\"@id\":\"https:\\\/\\\/somllavors.com\\\/es\\\/producte\\\/gafas-de-sol-9-24-meses-casual-joy-gris-beaba#primaryimage\",\"url\":\"https:\\\/\\\/somllavors.com\\\/wp-content\\\/uploads\\\/2025\\\/03\\\/Som-Llavors-930391.png\",\"contentUrl\":\"https:\\\/\\\/somllavors.com\\\/wp-content\\\/uploads\\\/2025\\\/03\\\/Som-Llavors-930391.png\",\"width\":1080,\"height\":1080,\"caption\":\"gafas sol bebes categoria 3 UV\"},{\"@type\":\"BreadcrumbList\",\"@id\":\"https:\\\/\\\/somllavors.com\\\/es\\\/producte\\\/gafas-de-sol-9-24-meses-casual-joy-gris-beaba#breadcrumb\",\"itemListElement\":[{\"@type\":\"ListItem\",\"position\":1,\"name\":\"Inici\",\"item\":\"https:\\\/\\\/somllavors.com\\\/es\"},{\"@type\":\"ListItem\",\"position\":2,\"name\":\"Tienda\",\"item\":\"https:\\\/\\\/somllavors.com\\\/es\\\/botiga-2\"},{\"@type\":\"ListItem\",\"position\":3,\"name\":\"Gafas de sol 9-24 meses Casual Joy Gris &#8211; B\u00e9aba\"}]},{\"@type\":\"WebSite\",\"@id\":\"https:\\\/\\\/somllavors.com\\\/es#website\",\"url\":\"https:\\\/\\\/somllavors.com\\\/es\",\"name\":\"Som Llavors\",\"description\":\"Botiga de crian\u00e7a natural\",\"publisher\":{\"@id\":\"https:\\\/\\\/somllavors.com\\\/es#organization\"},\"alternateName\":\"Crian\u00e7a Natural i Sostenible\",\"potentialAction\":[{\"@type\":\"SearchAction\",\"target\":{\"@type\":\"EntryPoint\",\"urlTemplate\":\"https:\\\/\\\/somllavors.com\\\/es?s={search_term_string}\"},\"query-input\":{\"@type\":\"PropertyValueSpecification\",\"valueRequired\":true,\"valueName\":\"search_term_string\"}}],\"inLanguage\":\"es\"},{\"@type\":[\"Organization\",\"Place\",\"Store\"],\"@id\":\"https:\\\/\\\/somllavors.com\\\/es#organization\",\"name\":\"Som Llavors\",\"alternateName\":\"Crian\u00e7a Natural i Sostenible\",\"url\":\"https:\\\/\\\/somllavors.com\\\/es\",\"logo\":{\"@id\":\"https:\\\/\\\/somllavors.com\\\/es\\\/producte\\\/gafas-de-sol-9-24-meses-casual-joy-gris-beaba#local-main-organization-logo\"},\"image\":{\"@id\":\"https:\\\/\\\/somllavors.com\\\/es\\\/producte\\\/gafas-de-sol-9-24-meses-casual-joy-gris-beaba#local-main-organization-logo\"},\"sameAs\":[\"https:\\\/\\\/www.facebook.com\\\/somllavorsvng\\\/?locale=ca_ES\",\"https:\\\/\\\/www.instagram.com\\\/somllavors_vng\\\/\",\"https:\\\/\\\/www.youtube.com\\\/@somllavors\"],\"address\":{\"@id\":\"https:\\\/\\\/somllavors.com\\\/es\\\/producte\\\/gafas-de-sol-9-24-meses-casual-joy-gris-beaba#local-main-place-address\"},\"geo\":{\"@type\":\"GeoCoordinates\",\"latitude\":\"41.2257737\",\"longitude\":\"1.723258859\"},\"telephone\":[\"623152704\"],\"openingHoursSpecification\":[{\"@type\":\"OpeningHoursSpecification\",\"dayOfWeek\":[\"Monday\",\"Sunday\"],\"opens\":\"00:00\",\"closes\":\"00:00\"},{\"@type\":\"OpeningHoursSpecification\",\"dayOfWeek\":[\"Tuesday\",\"Wednesday\",\"Thursday\",\"Friday\"],\"opens\":\"10:00\",\"closes\":\"20:00\"},{\"@type\":\"OpeningHoursSpecification\",\"dayOfWeek\":[\"Saturday\"],\"opens\":\"10:00\",\"closes\":\"13:30\"}],\"email\":\"info@somllavors.com\"},{\"@type\":\"PostalAddress\",\"@id\":\"https:\\\/\\\/somllavors.com\\\/es\\\/producte\\\/gafas-de-sol-9-24-meses-casual-joy-gris-beaba#local-main-place-address\",\"streetAddress\":\"Carrer de l'aigua, 6\",\"addressLocality\":\"Vilanova i la Geltr\u00fa\",\"postalCode\":\"08800\",\"addressRegion\":\"Barcelona\",\"addressCountry\":\"ES\"},{\"@type\":\"ImageObject\",\"inLanguage\":\"es\",\"@id\":\"https:\\\/\\\/somllavors.com\\\/es\\\/producte\\\/gafas-de-sol-9-24-meses-casual-joy-gris-beaba#local-main-organization-logo\",\"url\":\"https:\\\/\\\/somllavors.com\\\/wp-content\\\/uploads\\\/Logotip-Som-Llavors.jpg\",\"contentUrl\":\"https:\\\/\\\/somllavors.com\\\/wp-content\\\/uploads\\\/Logotip-Som-Llavors.jpg\",\"width\":1444,\"height\":1323,\"caption\":\"Som Llavors\"}]}<\/script>\n<meta property=\"product:price:amount\" content=\"35.00\" \/>\n<meta property=\"product:price:currency\" content=\"EUR\" \/>\n<meta property=\"og:availability\" content=\"instock\" \/>\n<meta property=\"product:availability\" content=\"instock\" \/>\n<meta property=\"product:retailer_item_id\" content=\"930391\" \/>\n<meta property=\"product:condition\" content=\"new\" \/>\n<meta name=\"geo.placename\" content=\"Vilanova i la Geltr\u00fa\" \/>\n<meta name=\"geo.position\" content=\"41.2257737;1.723258859\" \/>\n<meta name=\"geo.region\" content=\"Espa\u00f1a\" \/>\n<!-- \/ Yoast SEO Premium plugin. -->","yoast_head_json":{"title":"Gafas de sol 9-24 meses Casual Joy Gris - B\u00e9aba &#8212; Som Llavors","description":"Gafas de sol ideales para beb\u00e9s de 9 a 24 meses! Material suave y c\u00f3modo que se adapta a la forma del rostro de los ni\u00f1os y evita cualquier punto de compresi\u00f3n.","robots":{"index":"index","follow":"follow","max-snippet":"max-snippet:-1","max-image-preview":"max-image-preview:large","max-video-preview":"max-video-preview:-1"},"canonical":"https:\/\/somllavors.com\/es\/producte\/gafas-de-sol-9-24-meses-casual-joy-gris-beaba","og_locale":"es_ES","og_type":"article","og_title":"Gafas de sol 9-24 meses Casual Joy Gris - B\u00e9aba","og_description":"La teva botiga d\u2019ecocrian\u00e7a i espai d\u2019acompanyament a la maternitat","og_url":"https:\/\/somllavors.com\/es\/producte\/gafas-de-sol-9-24-meses-casual-joy-gris-beaba","og_site_name":"Som Llavors","article_publisher":"https:\/\/www.facebook.com\/somllavorsvng\/?locale=ca_ES","og_image":[{"width":1080,"height":1080,"url":"https:\/\/somllavors.com\/wp-content\/uploads\/2025\/03\/Som-Llavors-930391.png","type":"image\/png"}],"twitter_card":"summary_large_image","twitter_misc":{"Precio":"35,00&euro; Iva incl\u00f2s","Availability":"Hay existencias"},"schema":{"@context":"https:\/\/schema.org","@graph":[{"@type":"WebPage","@id":"https:\/\/somllavors.com\/es\/producte\/gafas-de-sol-9-24-meses-casual-joy-gris-beaba","url":"https:\/\/somllavors.com\/es\/producte\/gafas-de-sol-9-24-meses-casual-joy-gris-beaba","name":"Gafas de sol 9-24 meses Casual Joy Gris - B\u00e9aba &#8212; Som Llavors","isPartOf":{"@id":"https:\/\/somllavors.com\/es#website"},"primaryImageOfPage":{"@id":"https:\/\/somllavors.com\/es\/producte\/gafas-de-sol-9-24-meses-casual-joy-gris-beaba#primaryimage"},"image":{"@id":"https:\/\/somllavors.com\/es\/producte\/gafas-de-sol-9-24-meses-casual-joy-gris-beaba#primaryimage"},"thumbnailUrl":"https:\/\/somllavors.com\/wp-content\/uploads\/2025\/03\/Som-Llavors-930391.png","datePublished":"2025-03-27T13:22:44+00:00","description":"Gafas de sol ideales para beb\u00e9s de 9 a 24 meses! Material suave y c\u00f3modo que se adapta a la forma del rostro de los ni\u00f1os y evita cualquier punto de compresi\u00f3n.","breadcrumb":{"@id":"https:\/\/somllavors.com\/es\/producte\/gafas-de-sol-9-24-meses-casual-joy-gris-beaba#breadcrumb"},"inLanguage":"es","potentialAction":[{"@type":"ReadAction","target":["https:\/\/somllavors.com\/es\/producte\/gafas-de-sol-9-24-meses-casual-joy-gris-beaba"]}]},{"@type":"ImageObject","inLanguage":"es","@id":"https:\/\/somllavors.com\/es\/producte\/gafas-de-sol-9-24-meses-casual-joy-gris-beaba#primaryimage","url":"https:\/\/somllavors.com\/wp-content\/uploads\/2025\/03\/Som-Llavors-930391.png","contentUrl":"https:\/\/somllavors.com\/wp-content\/uploads\/2025\/03\/Som-Llavors-930391.png","width":1080,"height":1080,"caption":"gafas sol bebes categoria 3 UV"},{"@type":"BreadcrumbList","@id":"https:\/\/somllavors.com\/es\/producte\/gafas-de-sol-9-24-meses-casual-joy-gris-beaba#breadcrumb","itemListElement":[{"@type":"ListItem","position":1,"name":"Inici","item":"https:\/\/somllavors.com\/es"},{"@type":"ListItem","position":2,"name":"Tienda","item":"https:\/\/somllavors.com\/es\/botiga-2"},{"@type":"ListItem","position":3,"name":"Gafas de sol 9-24 meses Casual Joy Gris &#8211; B\u00e9aba"}]},{"@type":"WebSite","@id":"https:\/\/somllavors.com\/es#website","url":"https:\/\/somllavors.com\/es","name":"Som Llavors","description":"Botiga de crian\u00e7a natural","publisher":{"@id":"https:\/\/somllavors.com\/es#organization"},"alternateName":"Crian\u00e7a Natural i Sostenible","potentialAction":[{"@type":"SearchAction","target":{"@type":"EntryPoint","urlTemplate":"https:\/\/somllavors.com\/es?s={search_term_string}"},"query-input":{"@type":"PropertyValueSpecification","valueRequired":true,"valueName":"search_term_string"}}],"inLanguage":"es"},{"@type":["Organization","Place","Store"],"@id":"https:\/\/somllavors.com\/es#organization","name":"Som Llavors","alternateName":"Crian\u00e7a Natural i Sostenible","url":"https:\/\/somllavors.com\/es","logo":{"@id":"https:\/\/somllavors.com\/es\/producte\/gafas-de-sol-9-24-meses-casual-joy-gris-beaba#local-main-organization-logo"},"image":{"@id":"https:\/\/somllavors.com\/es\/producte\/gafas-de-sol-9-24-meses-casual-joy-gris-beaba#local-main-organization-logo"},"sameAs":["https:\/\/www.facebook.com\/somllavorsvng\/?locale=ca_ES","https:\/\/www.instagram.com\/somllavors_vng\/","https:\/\/www.youtube.com\/@somllavors"],"address":{"@id":"https:\/\/somllavors.com\/es\/producte\/gafas-de-sol-9-24-meses-casual-joy-gris-beaba#local-main-place-address"},"geo":{"@type":"GeoCoordinates","latitude":"41.2257737","longitude":"1.723258859"},"telephone":["623152704","623152704"],"openingHoursSpecification":[{"@type":"OpeningHoursSpecification","dayOfWeek":["Monday","Sunday"],"opens":"00:00","closes":"00:00"},{"@type":"OpeningHoursSpecification","dayOfWeek":["Tuesday","Wednesday","Thursday","Friday"],"opens":"10:00","closes":"20:00"},{"@type":"OpeningHoursSpecification","dayOfWeek":["Saturday"],"opens":"10:00","closes":"13:30"}],"email":"info@somllavors.com"},{"@type":"PostalAddress","@id":"https:\/\/somllavors.com\/es\/producte\/gafas-de-sol-9-24-meses-casual-joy-gris-beaba#local-main-place-address","streetAddress":"Carrer de l'aigua, 6","addressLocality":"Vilanova i la Geltr\u00fa","postalCode":"08800","addressRegion":"Barcelona","addressCountry":"ES"},{"@type":"ImageObject","inLanguage":"es","@id":"https:\/\/somllavors.com\/es\/producte\/gafas-de-sol-9-24-meses-casual-joy-gris-beaba#local-main-organization-logo","url":"https:\/\/somllavors.com\/wp-content\/uploads\/Logotip-Som-Llavors.jpg","contentUrl":"https:\/\/somllavors.com\/wp-content\/uploads\/Logotip-Som-Llavors.jpg","width":1444,"height":1323,"caption":"Som Llavors"}]},"product_price_amount":"35.00","product_price_currency":"EUR","og_availability":"instock","product_availability":"instock","product_retailer_item_id":"930391","product_condition":"new","geo.placename":"Vilanova i la Geltr\u00fa","geo.position":{"lat":"41.2257737","long":"1.723258859"},"geo.region":"Espa\u00f1a"},"brands":[{"id":4285,"name":"B\u00e9aba","slug":"beaba"}],"_links":{"self":[{"href":"https:\/\/somllavors.com\/es\/wp-json\/wp\/v2\/product\/75200","targetHints":{"allow":["GET"]}}],"collection":[{"href":"https:\/\/somllavors.com\/es\/wp-json\/wp\/v2\/product"}],"about":[{"href":"https:\/\/somllavors.com\/es\/wp-json\/wp\/v2\/types\/product"}],"wp:featuredmedia":[{"embeddable":true,"href":"https:\/\/somllavors.com\/es\/wp-json\/wp\/v2\/media\/75187"}],"wp:attachment":[{"href":"https:\/\/somllavors.com\/es\/wp-json\/wp\/v2\/media?parent=75200"}],"wp:term":[{"taxonomy":"pwb-brand","embeddable":true,"href":"https:\/\/somllavors.com\/es\/wp-json\/wp\/v2\/pwb-brand?post=75200"},{"taxonomy":"product_brand","embeddable":true,"href":"https:\/\/somllavors.com\/es\/wp-json\/wp\/v2\/product_brand?post=75200"},{"taxonomy":"product_cat","embeddable":true,"href":"https:\/\/somllavors.com\/es\/wp-json\/wp\/v2\/product_cat?post=75200"},{"taxonomy":"product_tag","embeddable":true,"href":"https:\/\/somllavors.com\/es\/wp-json\/wp\/v2\/product_tag?post=75200"}],"curies":[{"name":"wp","href":"https:\/\/api.w.org\/{rel}","templated":true}]}}